{"id":114056,"date":"2018-02-10T19:23:03","date_gmt":"2018-02-10T18:23:03","guid":{"rendered":"https:\/\/dutchhealthstore.com\/product\/roseglow-poetic-pits-royal-nature\/"},"modified":"2026-02-23T14:36:06","modified_gmt":"2026-02-23T13:36:06","slug":"roseglow-poetic-pits-royal-nature","status":"publish","type":"product","link":"https:\/\/dutchhealthstore.com\/fr\/product\/roseglow-poetic-pits-royal-nature\/","title":{"rendered":"Poetic Pits &#8211; Rose Glow"},"content":{"rendered":"<p><img decoding=\"async\" class=\"size-full wp-image-37041 alignright\" src=\"https:\/\/dutchhealthstore.com\/wp-content\/uploads\/2018\/04\/Living_Libations-1.png\" alt=\"Organic &amp; Natural Beautyproducts - Living Libations\" width=\"175\" height=\"82\">Saturez vos sens et faites \u00e9maner l&rsquo;\u00e9clat aromatique de votre nature royale avec ce d\u00e9odorant resplendissant.<br \/>\nLa royale rose otto brille dans ce d\u00e9odorant d\u00e9lectable et divin qui combine un somptueux bois de santal, une somptueuse lavande et le doux jus des roses sur le g\u00e9ranium.<br \/>\nQuoi de plus rafra\u00eechissant, de plus luxueux, que de consacrer les aisselles \u00e0 la caresse de p\u00e9tales de rose purs dans Living Libations <strong>Rose Glow Poetic Pits<\/strong>?<\/p>\n<h3>Utiliser<\/h3>\n<p>Passez une fois pour charmer chaque aisselle.<br \/>\nAssociez-le \u00e0 nos eaux de Cologne Ever Moss, Vanilla Velvet, Secret Land of Is ou \u00e0 nos parfums Fawn Lily, Lilac Lady, Roses Shining Everywhere ou Lavish Abundance Petal.<\/p>\n<h3>Veuillez noter<\/h3>\n<p>Poetic Pits sont des huiles essentielles concentr\u00e9es \u00e0 100%, il est donc pr\u00e9f\u00e9rable d&rsquo;\u00e9viter les peaux endommag\u00e9es, enflamm\u00e9es et allergiques.<br \/>\nLes ingr\u00e9dients sont s\u00e9lectionn\u00e9s parmi les huiles essentielles reconnues comme s\u00fbres pour la peau.<br \/>\nComme chaque personne a une peau qui r\u00e9agit de mani\u00e8re unique, nous conseillons aux utilisateurs de faire un test \u00e9picutan\u00e9 \u00e0 l&rsquo;int\u00e9rieur du coude avant de l&rsquo;utiliser.<br \/>\nTenir hors de port\u00e9e des enfants. Pour une utilisation sur une peau sensible, diluez avec de l&rsquo;huile de jojoba ou essayez nos Cr\u00e8me Underarm Charms.<\/p>\n<h3 class=\"yikes-custom-woo-tab-title yikes-custom-woo-tab-title-natural-organic-ingredients\">Ingr\u00e9dients Naturels\/Biologiques<\/h3>\n<p><strong> huile essentielle huile Bois de Santal <\/strong><em>(Santalum album)<\/em> &#8211; Le bois de santal est riche et cr\u00e9meux, offrant un parfum de r\u00eave qui s&rsquo;harmonise avec votre parfum personnel tout en \u00e9quilibrant la production d&rsquo;huile. Des aisselles plus s\u00e8ches et un niveau d&rsquo;hydratation parfait vous permettent d&rsquo;avoir confiance en votre charme sous les bras. Notre essence de bois de santal au parfum divin, r\u00e9colt\u00e9e de mani\u00e8re \u00e9thique, est distill\u00e9e \u00e0 partir du c\u0153ur de l&rsquo;arbre aromatique. Il p\u00e9tille d&rsquo;une hydratation magnifique et de pouvoirs biotiques botaniques. Cette huile chaude, riche et sensuelle est un produit de base dans nos Poetic Pits et dans les soins naturel de la peau et des cheveux dans le monde entier.<\/p>\n<p><strong> huile essentielle huile Rose Otto <\/strong><em>(Rosa damascena)<\/em> &#8211; Regal rose otto est une divination distill\u00e9e \u00e0 la vapeur de la Vall\u00e9e des Roses en Bulgarie et a \u00e9t\u00e9 un ingr\u00e9dient int\u00e9gral dans les pr\u00e9parations de soins de la peau depuis des si\u00e8cles. Au-del\u00e0 de son ar\u00f4me ang\u00e9lique et de ses vibrations \u00e9th\u00e9r\u00e9es, la rose otto est l&rsquo;huile la plus pr\u00e9cieuse, la plus recherch\u00e9e et la plus b\u00e9n\u00e9fique de toutes les vari\u00e9t\u00e9s de roses. Il apaise le c\u0153ur et charme les aisselles avec son ar\u00f4me \u00e9l\u00e9gant. Les po\u00e8tes, les \u00e9crivains et les mystiques ont vant\u00e9 les r\u00e9sultats r\u00e9confortants de l&rsquo;otto rose, qui ouvre le c\u0153ur \u00e0 l&rsquo;amour.<\/p>\n<p><strong>Roses sur G\u00e9ranium huile Essentielle <\/strong><em>(Rosa damascena avec Pelargonium graveolens)<\/em> &#8211; Notre chor\u00e9graphie unique co-distillation combine les avantages reconstituant de l&rsquo;huile essentielle de rose et de g\u00e9ranium, cr\u00e9ant un cocktail consomm\u00e9 de la puissance rajeunissante avec un verdoyant, parfum rose.<\/p>\n<p><strong> huile essentielle huile lavande <\/strong><em>(Lavendula angustifolia)<\/em> &#8211; La belle huile de lavande est plus qu&rsquo;un produit de base de l&rsquo;aromath\u00e9rapie; c&rsquo;est la muse parfaite pour charmer vos aisselles! La lavande est un calmant \u00e9motionnel et un apaisant, mais elle est aussi merveilleuse pour la peau. Sous les bras, la lavande apaise la peau sensible apr\u00e8s le rasage. La lavande, dont le nom vient du latin \u00ab\u00a0laver\u00a0\u00bb, est un liniment adorable qui conf\u00e8re \u00e0 notre charme des aisselles un p\u00e9tale de calme d\u00e9tendu.<\/p>\n<p><iframe title=\"Natural Deodorant that Works Wonders\" width=\"1020\" height=\"574\" src=\"https:\/\/www.youtube.com\/embed\/yWbLk-gGkrM?feature=oembed\" frameborder=\"0\" allow=\"accelerometer; autoplay; encrypted-media; gyroscope; picture-in-picture\" allowfullscreen><\/iframe><\/p>\n<p><img fetchpriority=\"high\" decoding=\"async\" class=\"size-full wp-image-31577 aligncenter\" src=\"https:\/\/dutchhealthstore.com\/wp-content\/uploads\/2018\/03\/organic_big.png\" alt=\"Organic and Natural - Living Libations\" width=\"623\" height=\"103\" srcset=\"https:\/\/dutchhealthstore.com\/wp-content\/uploads\/2018\/03\/organic_big.png 623w, https:\/\/dutchhealthstore.com\/wp-content\/uploads\/2018\/03\/organic_big-510x84.png 510w, https:\/\/dutchhealthstore.com\/wp-content\/uploads\/2018\/03\/organic_big-600x99.png 600w, https:\/\/dutchhealthstore.com\/wp-content\/uploads\/2018\/03\/organic_big-350x58.png 350w\" sizes=\"(max-width: 623px) 100vw, 623px\" \/><\/p>\n<p>&nbsp;<\/p>\n","protected":false},"excerpt":{"rendered":"<p>Saturez vos sens et faites \u00e9maner l&rsquo;\u00e9clat aromatique de votre nature royale avec ce d\u00e9odorant resplendissant.<br \/>\nLa royale rose otto brille dans ce d\u00e9odorant d\u00e9lectable et divin qui combine un somptueux bois de santal, une somptueuse lavande et le doux jus des roses sur le g\u00e9ranium.<br \/>\nQuoi de plus rafra\u00eechissant, de plus luxueux, que de consacrer les aisselles \u00e0 la caresse de p\u00e9tales de rose purs dans Living Libations<strong> Rose Glow Poetic Pits<\/strong>?<\/p>\n<p>&nbsp;<\/p>\n","protected":false},"featured_media":299111,"comment_status":"open","ping_status":"closed","template":"","meta":[],"product_brand":[],"product_cat":[3566,1097,1211,1209,1030,1010,1501,1033],"product_tag":[4233,4234],"class_list":{"0":"post-114056","1":"product","2":"type-product","3":"status-publish","4":"has-post-thumbnail","6":"product_cat-living-libations-deodorants-living-libations","7":"product_cat-deodorants","8":"product_cat-living-libations-france","9":"product_cat-par-marques","10":"product_cat-par-produits","11":"product_cat-notre-boutique","12":"product_cat-corps-living-libations","13":"product_cat-body-care-fr","14":"product_tag-body-care-fr","15":"product_tag-deodorants-fr","16":"pa_bestsellers-goed-fr","17":"pa_brand-livinglibations-fr","18":"pa_gtin-7439657334375-fr","19":"pa_size-1-25-ml-sample-fr","20":"pa_size-10-ml-fr","21":"pa_size-30-ml-fr","22":"pa_size-5-ml-fr","24":"first","25":"instock","26":"taxable","27":"shipping-taxable","28":"purchasable","29":"product-type-variable"},"bundled_by":[],"bundle_stock_status":"instock","bundle_stock_quantity":null,"bundle_virtual":false,"bundle_layout":"","bundle_add_to_cart_form_location":"","bundle_editable_in_cart":false,"bundle_sold_individually_context":"","bundle_item_grouping":"","bundle_min_size":"","bundle_max_size":"","bundle_price":[],"bundled_items":[],"bundle_sell_ids":[107695],"atum_controlled":true,"out_stock_date":null,"out_stock_threshold":null,"inheritable":true,"stock_on_hold":1,"sold_today":0,"sales_last_days":1,"out_stock_days":0,"lost_sales":0,"update_date":"2026-04-28T11:16:22","atum_locations":[],"atum_stock_status":"instock","restock_status":false,"low_stock_amount":"","sales_update_date":"2026-04-26T00:12:43","calc_backorders":null,"group_of_quantity":0,"min_quantity":0,"max_quantity":"","exclude_order_quantity_value_rules":"no","exclude_category_quantity_rules":"no","combine_variations":"no","yoast_head":"<!-- This site is optimized with the Yoast SEO Premium plugin v26.5 (Yoast SEO v26.5) - https:\/\/yoast.com\/wordpress\/plugins\/seo\/ -->\n<title>Poetic Pits - Rose | Living Libations<\/title>\n<meta name=\"description\" content=\"Rose Glow Underarm Charm fait \u00e9maner un rayon de beaut\u00e9 de vos aisselles toute la journ\u00e9e.\" \/>\n<meta name=\"robots\" content=\"index, follow, max-snippet:-1, max-image-preview:large, max-video-preview:-1\" \/>\n<link rel=\"canonical\" href=\"https:\/\/dutchhealthstore.com\/fr\/product\/roseglow-poetic-pits-royal-nature\/\" \/>\n<meta property=\"og:locale\" content=\"fr_FR\" \/>\n<meta property=\"og:type\" content=\"article\" \/>\n<meta property=\"og:title\" content=\"Poetic Pits - Rose Glow - Dutch Health Store\" \/>\n<meta property=\"og:description\" content=\"Rose Glow Underarm Charm fait \u00e9maner un rayon de beaut\u00e9 de vos aisselles toute la journ\u00e9e.\" \/>\n<meta property=\"og:url\" content=\"https:\/\/dutchhealthstore.com\/fr\/product\/roseglow-poetic-pits-royal-nature\/\" \/>\n<meta property=\"og:site_name\" content=\"Dutch Health Store\" \/>\n<meta property=\"article:publisher\" content=\"https:\/\/www.instagram.com\/dutchhealthstore\/\" \/>\n<meta property=\"article:modified_time\" content=\"2026-02-23T13:36:06+00:00\" \/>\n<meta property=\"og:image\" content=\"https:\/\/dutchhealthstore.com\/wp-content\/uploads\/2018\/02\/Poetic-Pits-Rose-Glow-5ml-e1598003031579.jpg\" \/>\n\t<meta property=\"og:image:width\" content=\"500\" \/>\n\t<meta property=\"og:image:height\" content=\"500\" \/>\n\t<meta property=\"og:image:type\" content=\"image\/jpeg\" \/>\n<meta name=\"twitter:card\" content=\"summary_large_image\" \/>\n<meta name=\"twitter:label1\" content=\"Disponibilit\u00e9\" \/>\n\t<meta name=\"twitter:data1\" content=\"En stock\" \/>\n<script type=\"application\/ld+json\" class=\"yoast-schema-graph\">{\"@context\":\"https:\/\/schema.org\",\"@graph\":[{\"@type\":\"WebPage\",\"@id\":\"https:\/\/dutchhealthstore.com\/fr\/product\/roseglow-poetic-pits-royal-nature\/\",\"url\":\"https:\/\/dutchhealthstore.com\/fr\/product\/roseglow-poetic-pits-royal-nature\/\",\"name\":\"Poetic Pits - Rose | Living Libations\",\"isPartOf\":{\"@id\":\"https:\/\/dutchhealthstore.com\/fr\/#website\"},\"primaryImageOfPage\":{\"@id\":\"https:\/\/dutchhealthstore.com\/fr\/product\/roseglow-poetic-pits-royal-nature\/#primaryimage\"},\"image\":{\"@id\":\"https:\/\/dutchhealthstore.com\/fr\/product\/roseglow-poetic-pits-royal-nature\/#primaryimage\"},\"thumbnailUrl\":\"https:\/\/dutchhealthstore.com\/wp-content\/uploads\/2018\/02\/ll-poetic-pits-roseglow-10ml.jpg\",\"datePublished\":\"2018-02-10T18:23:03+00:00\",\"dateModified\":\"2026-02-23T13:36:06+00:00\",\"description\":\"Rose Glow Underarm Charm fait \u00e9maner un rayon de beaut\u00e9 de vos aisselles toute la journ\u00e9e.\",\"breadcrumb\":{\"@id\":\"https:\/\/dutchhealthstore.com\/fr\/product\/roseglow-poetic-pits-royal-nature\/#breadcrumb\"},\"inLanguage\":\"fr-FR\",\"potentialAction\":[{\"@type\":\"ReadAction\",\"target\":[\"https:\/\/dutchhealthstore.com\/fr\/product\/roseglow-poetic-pits-royal-nature\/\"]}]},{\"@type\":\"ImageObject\",\"inLanguage\":\"fr-FR\",\"@id\":\"https:\/\/dutchhealthstore.com\/fr\/product\/roseglow-poetic-pits-royal-nature\/#primaryimage\",\"url\":\"https:\/\/dutchhealthstore.com\/wp-content\/uploads\/2018\/02\/ll-poetic-pits-roseglow-10ml.jpg\",\"contentUrl\":\"https:\/\/dutchhealthstore.com\/wp-content\/uploads\/2018\/02\/ll-poetic-pits-roseglow-10ml.jpg\",\"width\":530,\"height\":530,\"caption\":\"ll-poetic-pits-roseglow-10ml\"},{\"@type\":\"BreadcrumbList\",\"@id\":\"https:\/\/dutchhealthstore.com\/fr\/product\/roseglow-poetic-pits-royal-nature\/#breadcrumb\",\"itemListElement\":[{\"@type\":\"ListItem\",\"position\":1,\"name\":\"Home\",\"item\":\"https:\/\/dutchhealthstore.com\/fr\/\"},{\"@type\":\"ListItem\",\"position\":2,\"name\":\"Shop\",\"item\":\"https:\/\/dutchhealthstore.com\/fr\/shop\/\"},{\"@type\":\"ListItem\",\"position\":3,\"name\":\"Poetic Pits &#8211; Rose Glow\"}]},{\"@type\":\"WebSite\",\"@id\":\"https:\/\/dutchhealthstore.com\/fr\/#website\",\"url\":\"https:\/\/dutchhealthstore.com\/fr\/\",\"name\":\"Dutch Health Store\",\"description\":\"Enhance Your Beauty with Organic &amp; Natural Skincare\",\"publisher\":{\"@id\":\"https:\/\/dutchhealthstore.com\/fr\/#organization\"},\"potentialAction\":[{\"@type\":\"SearchAction\",\"target\":{\"@type\":\"EntryPoint\",\"urlTemplate\":\"https:\/\/dutchhealthstore.com\/fr\/?s={search_term_string}\"},\"query-input\":{\"@type\":\"PropertyValueSpecification\",\"valueRequired\":true,\"valueName\":\"search_term_string\"}}],\"inLanguage\":\"fr-FR\"},{\"@type\":\"Organization\",\"@id\":\"https:\/\/dutchhealthstore.com\/fr\/#organization\",\"name\":\"Dutch Health Store\",\"url\":\"https:\/\/dutchhealthstore.com\/fr\/\",\"logo\":{\"@type\":\"ImageObject\",\"inLanguage\":\"fr-FR\",\"@id\":\"https:\/\/dutchhealthstore.com\/fr\/#\/schema\/logo\/image\/\",\"url\":\"https:\/\/dutchhealthstore.com\/wp-content\/uploads\/2020\/08\/logo-dutchhealthstore-jpg-e1599484957574.jpg\",\"contentUrl\":\"https:\/\/dutchhealthstore.com\/wp-content\/uploads\/2020\/08\/logo-dutchhealthstore-jpg-e1599484957574.jpg\",\"width\":400,\"height\":62,\"caption\":\"Dutch Health Store\"},\"image\":{\"@id\":\"https:\/\/dutchhealthstore.com\/fr\/#\/schema\/logo\/image\/\"},\"sameAs\":[\"https:\/\/www.instagram.com\/dutchhealthstore\/\",\"https:\/\/www.facebook.com\/dutchhealthstore\"]}]}<\/script>\n<meta property=\"product:brand\" content=\"Living Libations\" \/>\n<meta property=\"og:availability\" content=\"instock\" \/>\n<meta property=\"product:availability\" content=\"instock\" \/>\n<meta property=\"product:condition\" content=\"new\" \/>\n<!-- \/ Yoast SEO Premium plugin. -->","yoast_head_json":{"title":"Poetic Pits - Rose | Living Libations","description":"Rose Glow Underarm Charm fait \u00e9maner un rayon de beaut\u00e9 de vos aisselles toute la journ\u00e9e.","robots":{"index":"index","follow":"follow","max-snippet":"max-snippet:-1","max-image-preview":"max-image-preview:large","max-video-preview":"max-video-preview:-1"},"canonical":"https:\/\/dutchhealthstore.com\/fr\/product\/roseglow-poetic-pits-royal-nature\/","og_locale":"fr_FR","og_type":"article","og_title":"Poetic Pits - Rose Glow - Dutch Health Store","og_description":"Rose Glow Underarm Charm fait \u00e9maner un rayon de beaut\u00e9 de vos aisselles toute la journ\u00e9e.","og_url":"https:\/\/dutchhealthstore.com\/fr\/product\/roseglow-poetic-pits-royal-nature\/","og_site_name":"Dutch Health Store","article_publisher":"https:\/\/www.instagram.com\/dutchhealthstore\/","article_modified_time":"2026-02-23T13:36:06+00:00","og_image":[{"width":500,"height":500,"url":"https:\/\/dutchhealthstore.com\/wp-content\/uploads\/2018\/02\/Poetic-Pits-Rose-Glow-5ml-e1598003031579.jpg","type":"image\/jpeg"}],"twitter_card":"summary_large_image","twitter_misc":{"Disponibilit\u00e9":"En stock"},"schema":{"@context":"https:\/\/schema.org","@graph":[{"@type":"WebPage","@id":"https:\/\/dutchhealthstore.com\/fr\/product\/roseglow-poetic-pits-royal-nature\/","url":"https:\/\/dutchhealthstore.com\/fr\/product\/roseglow-poetic-pits-royal-nature\/","name":"Poetic Pits - Rose | Living Libations","isPartOf":{"@id":"https:\/\/dutchhealthstore.com\/fr\/#website"},"primaryImageOfPage":{"@id":"https:\/\/dutchhealthstore.com\/fr\/product\/roseglow-poetic-pits-royal-nature\/#primaryimage"},"image":{"@id":"https:\/\/dutchhealthstore.com\/fr\/product\/roseglow-poetic-pits-royal-nature\/#primaryimage"},"thumbnailUrl":"https:\/\/dutchhealthstore.com\/wp-content\/uploads\/2018\/02\/ll-poetic-pits-roseglow-10ml.jpg","datePublished":"2018-02-10T18:23:03+00:00","dateModified":"2026-02-23T13:36:06+00:00","description":"Rose Glow Underarm Charm fait \u00e9maner un rayon de beaut\u00e9 de vos aisselles toute la journ\u00e9e.","breadcrumb":{"@id":"https:\/\/dutchhealthstore.com\/fr\/product\/roseglow-poetic-pits-royal-nature\/#breadcrumb"},"inLanguage":"fr-FR","potentialAction":[{"@type":"ReadAction","target":["https:\/\/dutchhealthstore.com\/fr\/product\/roseglow-poetic-pits-royal-nature\/"]}]},{"@type":"ImageObject","inLanguage":"fr-FR","@id":"https:\/\/dutchhealthstore.com\/fr\/product\/roseglow-poetic-pits-royal-nature\/#primaryimage","url":"https:\/\/dutchhealthstore.com\/wp-content\/uploads\/2018\/02\/ll-poetic-pits-roseglow-10ml.jpg","contentUrl":"https:\/\/dutchhealthstore.com\/wp-content\/uploads\/2018\/02\/ll-poetic-pits-roseglow-10ml.jpg","width":530,"height":530,"caption":"ll-poetic-pits-roseglow-10ml"},{"@type":"BreadcrumbList","@id":"https:\/\/dutchhealthstore.com\/fr\/product\/roseglow-poetic-pits-royal-nature\/#breadcrumb","itemListElement":[{"@type":"ListItem","position":1,"name":"Home","item":"https:\/\/dutchhealthstore.com\/fr\/"},{"@type":"ListItem","position":2,"name":"Shop","item":"https:\/\/dutchhealthstore.com\/fr\/shop\/"},{"@type":"ListItem","position":3,"name":"Poetic Pits &#8211; Rose Glow"}]},{"@type":"WebSite","@id":"https:\/\/dutchhealthstore.com\/fr\/#website","url":"https:\/\/dutchhealthstore.com\/fr\/","name":"Dutch Health Store","description":"Enhance Your Beauty with Organic &amp; Natural Skincare","publisher":{"@id":"https:\/\/dutchhealthstore.com\/fr\/#organization"},"potentialAction":[{"@type":"SearchAction","target":{"@type":"EntryPoint","urlTemplate":"https:\/\/dutchhealthstore.com\/fr\/?s={search_term_string}"},"query-input":{"@type":"PropertyValueSpecification","valueRequired":true,"valueName":"search_term_string"}}],"inLanguage":"fr-FR"},{"@type":"Organization","@id":"https:\/\/dutchhealthstore.com\/fr\/#organization","name":"Dutch Health Store","url":"https:\/\/dutchhealthstore.com\/fr\/","logo":{"@type":"ImageObject","inLanguage":"fr-FR","@id":"https:\/\/dutchhealthstore.com\/fr\/#\/schema\/logo\/image\/","url":"https:\/\/dutchhealthstore.com\/wp-content\/uploads\/2020\/08\/logo-dutchhealthstore-jpg-e1599484957574.jpg","contentUrl":"https:\/\/dutchhealthstore.com\/wp-content\/uploads\/2020\/08\/logo-dutchhealthstore-jpg-e1599484957574.jpg","width":400,"height":62,"caption":"Dutch Health Store"},"image":{"@id":"https:\/\/dutchhealthstore.com\/fr\/#\/schema\/logo\/image\/"},"sameAs":["https:\/\/www.instagram.com\/dutchhealthstore\/","https:\/\/www.facebook.com\/dutchhealthstore"]}]},"product_brand":"Living Libations","og_availability":"instock","product_availability":"instock","product_condition":"new"},"_links":{"self":[{"href":"https:\/\/dutchhealthstore.com\/fr\/wp-json\/wp\/v2\/product\/114056","targetHints":{"allow":["GET"]}}],"collection":[{"href":"https:\/\/dutchhealthstore.com\/fr\/wp-json\/wp\/v2\/product"}],"about":[{"href":"https:\/\/dutchhealthstore.com\/fr\/wp-json\/wp\/v2\/types\/product"}],"replies":[{"embeddable":true,"href":"https:\/\/dutchhealthstore.com\/fr\/wp-json\/wp\/v2\/comments?post=114056"}],"wp:featuredmedia":[{"embeddable":true,"href":"https:\/\/dutchhealthstore.com\/fr\/wp-json\/wp\/v2\/media\/299111"}],"wp:attachment":[{"href":"https:\/\/dutchhealthstore.com\/fr\/wp-json\/wp\/v2\/media?parent=114056"}],"wp:term":[{"taxonomy":"product_brand","embeddable":true,"href":"https:\/\/dutchhealthstore.com\/fr\/wp-json\/wp\/v2\/product_brand?post=114056"},{"taxonomy":"product_cat","embeddable":true,"href":"https:\/\/dutchhealthstore.com\/fr\/wp-json\/wp\/v2\/product_cat?post=114056"},{"taxonomy":"product_tag","embeddable":true,"href":"https:\/\/dutchhealthstore.com\/fr\/wp-json\/wp\/v2\/product_tag?post=114056"}],"curies":[{"name":"wp","href":"https:\/\/api.w.org\/{rel}","templated":true}]}}