{"id":113824,"date":"2018-02-10T20:35:09","date_gmt":"2018-02-10T20:35:09","guid":{"rendered":"https:\/\/dutchhealthstore.com\/product\/petal-poetic-pits\/"},"modified":"2025-12-23T09:52:01","modified_gmt":"2025-12-23T08:52:01","slug":"petal-poetic-pits","status":"publish","type":"product","link":"https:\/\/dutchhealthstore.com\/fr\/product\/petal-poetic-pits\/","title":{"rendered":"Poetic Pits &#8211; Petal"},"content":{"rendered":"<p><img decoding=\"async\" class=\"size-full wp-image-37041 alignright\" src=\"https:\/\/dutchhealthstore.com\/wp-content\/uploads\/2018\/04\/Living_Libations-1.png\" alt=\"Organic &amp; Natural Beautyproducts - Living Libations\" width=\"175\" height=\"82\">Le pouvoir des fleurs fra\u00eeches agr\u00e9mente vos fosses avec ce bouquet po\u00e9tique que vous pouvez utiliser tous les jours. Living Libations <strong>Petal Poetic Pits<\/strong> est formul\u00e9 avec des huiles essentielles de bois de santal, de lavande, d&rsquo;ylang et de camomille. Chaque essence de p\u00e9tale fr\u00e9mit dans un \u00e9quilibre parfait, cr\u00e9ant un po\u00e8me-jardin poignant de charme nourrissant pour les aisselles! Aliment\u00e9 par des p\u00e9tales, au lieu de parab\u00e8nes et d&rsquo;aluminium, ce d\u00e9odorant naturel efficace vous fera chanter en \u00e9mettant une b\u00e9n\u00e9diction de fleurs \u00e0 partir de vos aisselles. Aliment\u00e9 par des p\u00e9tales, au lieu de parab\u00e8nes et de m\u00e9taux d&rsquo;aluminium, ce d\u00e9odorant naturel efficace vous fera \u00e9piloguer en \u00e9mettant une b\u00e9n\u00e9diction de fleurs \u00e0 partir de vos aisselles.  <\/p>\n<h3 style=\"font-size: 20.16px;\">Utiliser<\/h3>\n<p>  Passez une fois pour charmer chaque aisselle. Associez Petal Poetic Pits \u00e0 Vanilla Velvet, Secret Land of Is Colognes, Fawn Lily, Lilac Lady, Night Flight to Venus, Moccasin Flower, Gardenia, Being Free is Lots of Fun, Fire Lily, Lei Lady Lei ou Lavish Abundance Petal Perfumes.  <\/p>\n<h3>Veuillez noter<\/h3>\n<p>  Les huiles po\u00e9tiques sont des huiles essentielles concentr\u00e9es \u00e0 100 %, il est donc pr\u00e9f\u00e9rable d&rsquo;esquiver les peaux ab\u00eem\u00e9es, enflamm\u00e9es et allergiques. Les ingr\u00e9dients sont s\u00e9lectionn\u00e9s parmi les huiles essentielles reconnues comme s\u00fbres pour la peau. Comme chaque personne a une peau qui r\u00e9agit de mani\u00e8re unique, nous conseillons aux utilisateurs de faire un test \u00e9picutan\u00e9 \u00e0 l&rsquo;int\u00e9rieur du coude avant de l&rsquo;utiliser. Tenir hors de port\u00e9e des enfants. Pour une utilisation sur les peaux extra-sensibles, diluez avec de l&rsquo;huile de jojoba ou essayez nos breloques Cr\u00e8me pour les aisselles.  <\/p>\n<h3 class=\"yikes-custom-woo-tab-title yikes-custom-woo-tab-title-natural-organic-ingredients\">Ingr\u00e9dients Naturels\/Biologiques<\/h3>\n<p><strong>huile essentielle huile Bois de Santal<\/strong> <em>(Santalum album)<\/em> <strong>&#8211;<\/strong> Le bois de santal est riche et cr\u00e9meux, offrant un parfum de r\u00eave qui s&rsquo;harmonise avec votre parfum personnel tout en \u00e9quilibrant la production d&rsquo;huile. Des aisselles plus s\u00e8ches et un niveau d&rsquo;hydratation parfait vous permettent d&rsquo;avoir confiance en votre charme sous les bras. Notre essence de bois de santal au parfum divin, r\u00e9colt\u00e9e de mani\u00e8re \u00e9thique, est distill\u00e9e \u00e0 partir du c\u0153ur de l&rsquo;arbre aromatique. Il regorge d&rsquo;une magnifique hydratation et de pouvoirs biotiques botaniques. Cette huile chaude, riche et sensuelle est un aliment de base dans nos fosses po\u00e9tiques et dans les soins naturels des cheveux et de la peau dans le monde entier. <strong>Huile essentielle de lavande <\/strong><em>(Lavandula officinalis) &#8211; <\/em>La lavande est plus qu&rsquo;un simple produit d&rsquo;aromath\u00e9rapie ; c&rsquo;est la muse parfaite pour charmer vos aisselles ! La lavande est un calmant \u00e9motionnel et un apaisant, mais elle est aussi merveilleuse pour la peau. Sous les bras, la lavande apaise la peau sensible apr\u00e8s le rasage. La lavande, dont le nom vient du latin \u00ab\u00a0laver\u00a0\u00bb, est un adorable liniment qui conf\u00e8re au charme de nos aisselles un po\u00e8me de p\u00e9tales d&rsquo;un calme d\u00e9tendu. <strong>Huile essentielle d&rsquo;ylang <\/strong><em>(Cananga odorata)<\/em><strong> &#8211; <\/strong>Pendant que d&rsquo;autres dorment, cette fleur des fleurs exhale son parfum exotique \u00e0 travers les brises tropicales. Notre ylang est distill\u00e9 \u00e0 la vapeur dans la luxuriance verdoyante de Nossi-B\u00e8, \u00e0 Madagascar. Cette fleur f\u00e9minine est le plus joli p\u00e9tale de notre m\u00e9lange po\u00e9tique. Son ar\u00f4me amoureux ouvre le c\u0153ur \u00e0 l&rsquo;amour et charme les aisselles d\u00e9licates. L&rsquo;huile d&rsquo;ylang est une essence charmante et langoureuse qui fait office d&rsquo;antiperspirant naturel. L&rsquo;ar\u00f4me doux et capiteux est durable et inspirant, \u00e9voquant des exp\u00e9riences d&rsquo;\u00e9quilibre et de beaut\u00e9. <strong>Huile essentielle de camomille <\/strong><em>(Anthemis nobilis)<\/em><strong> &#8211; <\/strong>La camomille a un parfum doux, \u00e9th\u00e9r\u00e9, l\u00e9g\u00e8rement herbac\u00e9 et foin qui rappelle une pomme m\u00fbre dansant sur une brise d&rsquo;\u00e9t\u00e9. Cette essence est riche en esters apaisants, ce qui en fait l&rsquo;huile la plus douce pour entrer sereinement dans des \u00e9tats d&rsquo;\u00eatre sup\u00e9rieurs. La camomille r\u00e9confortante nous gratifie de ses pouvoirs s\u00e9datifs, floraux et hypnotiques, qui apaisent les appr\u00e9hensions, adoucissent les tensions et apaisent les nerfs.  <img fetchpriority=\"high\" decoding=\"async\" class=\"size-full wp-image-31577 aligncenter\" src=\"https:\/\/dutchhealthstore.com\/wp-content\/uploads\/2018\/03\/organic_big.png\" alt=\"Organic and Natural - Living Libations\" width=\"623\" height=\"103\" srcset=\"https:\/\/dutchhealthstore.com\/wp-content\/uploads\/2018\/03\/organic_big.png 623w, https:\/\/dutchhealthstore.com\/wp-content\/uploads\/2018\/03\/organic_big-510x84.png 510w, https:\/\/dutchhealthstore.com\/wp-content\/uploads\/2018\/03\/organic_big-600x99.png 600w, https:\/\/dutchhealthstore.com\/wp-content\/uploads\/2018\/03\/organic_big-350x58.png 350w\" sizes=\"(max-width: 623px) 100vw, 623px\" \/><\/p>\n","protected":false},"excerpt":{"rendered":"<p>Le pouvoir des fleurs fra\u00eeches agr\u00e9mente vos fosses avec ce bouquet po\u00e9tique que vous pouvez utiliser tous les jours. Living Libations<strong> Petal Poetic Pits<\/strong> est formul\u00e9 avec des huiles essentielles de bois de santal, de lavande, d&rsquo;ylang et de camomille. Chaque essence de p\u00e9tale fr\u00e9mit dans un \u00e9quilibre parfait, cr\u00e9ant un po\u00e8me-jardin poignant de charme nourrissant pour les aisselles! Aliment\u00e9 par des p\u00e9tales, au lieu de parab\u00e8nes et de m\u00e9taux d&rsquo;aluminium, ce d\u00e9odorant naturel efficace vous fera \u00e9piloguer en \u00e9mettant une b\u00e9n\u00e9diction de fleurs \u00e0 partir de vos aisselles.  &nbsp;<\/p>\n","protected":false},"featured_media":299565,"comment_status":"open","ping_status":"closed","template":"","meta":[],"product_brand":[],"product_cat":[3566,1097,1211,1209,1030,1010,1501,1033],"product_tag":[4233,6644],"class_list":{"0":"post-113824","1":"product","2":"type-product","3":"status-publish","4":"has-post-thumbnail","6":"product_cat-living-libations-deodorants-living-libations","7":"product_cat-deodorants","8":"product_cat-living-libations-france","9":"product_cat-par-marques","10":"product_cat-par-produits","11":"product_cat-notre-boutique","12":"product_cat-corps-living-libations","13":"product_cat-body-care-fr","14":"product_tag-body-care-fr","15":"product_tag-deodorant-fr","16":"pa_brand-livinglibations-fr","17":"pa_size-1-25-ml-sample-fr","18":"pa_size-10-ml-fr","19":"pa_size-5-ml-fr","21":"first","22":"instock","23":"taxable","24":"shipping-taxable","25":"purchasable","26":"product-type-variable"},"bundled_by":[],"bundle_stock_status":"instock","bundle_stock_quantity":null,"bundle_virtual":false,"bundle_layout":"","bundle_add_to_cart_form_location":"","bundle_editable_in_cart":false,"bundle_sold_individually_context":"","bundle_item_grouping":"","bundle_min_size":"","bundle_max_size":"","bundle_price":[],"bundled_items":[],"bundle_sell_ids":[107695],"atum_controlled":true,"out_stock_date":null,"out_stock_threshold":null,"inheritable":true,"stock_on_hold":0,"sold_today":0,"sales_last_days":0,"out_stock_days":0,"lost_sales":0,"update_date":"2026-04-27T00:13:02","atum_locations":[],"atum_stock_status":"instock","restock_status":false,"low_stock_amount":"","sales_update_date":"2026-04-27T00:13:02","calc_backorders":null,"group_of_quantity":0,"min_quantity":0,"max_quantity":"","exclude_order_quantity_value_rules":"no","exclude_category_quantity_rules":"no","combine_variations":"no","yoast_head":"<!-- This site is optimized with the Yoast SEO Premium plugin v26.5 (Yoast SEO v26.5) - https:\/\/yoast.com\/wordpress\/plugins\/seo\/ -->\n<title>Poetic Pits - Petal | Living Libations<\/title>\n<meta name=\"description\" content=\"Le pouvoir des fleurs fra\u00eeches agr\u00e9mente vos fosses avec ce bouquet po\u00e9tique que vous pouvez utiliser tous les jours.\" \/>\n<meta name=\"robots\" content=\"index, follow, max-snippet:-1, max-image-preview:large, max-video-preview:-1\" \/>\n<link rel=\"canonical\" href=\"https:\/\/dutchhealthstore.com\/fr\/product\/petal-poetic-pits\/\" \/>\n<meta property=\"og:locale\" content=\"fr_FR\" \/>\n<meta property=\"og:type\" content=\"article\" \/>\n<meta property=\"og:title\" content=\"Poetic Pits - Petal - Dutch Health Store\" \/>\n<meta property=\"og:description\" content=\"Le pouvoir des fleurs fra\u00eeches agr\u00e9mente vos fosses avec ce bouquet po\u00e9tique que vous pouvez utiliser tous les jours.\" \/>\n<meta property=\"og:url\" content=\"https:\/\/dutchhealthstore.com\/fr\/product\/petal-poetic-pits\/\" \/>\n<meta property=\"og:site_name\" content=\"Dutch Health Store\" \/>\n<meta property=\"article:publisher\" content=\"https:\/\/www.instagram.com\/dutchhealthstore\/\" \/>\n<meta property=\"article:modified_time\" content=\"2025-12-23T08:52:01+00:00\" \/>\n<meta property=\"og:image\" content=\"https:\/\/dutchhealthstore.com\/wp-content\/uploads\/2018\/02\/ll-poetic-pits-petal-beide.jpg\" \/>\n\t<meta property=\"og:image:width\" content=\"530\" \/>\n\t<meta property=\"og:image:height\" content=\"530\" \/>\n\t<meta property=\"og:image:type\" content=\"image\/jpeg\" \/>\n<meta name=\"twitter:card\" content=\"summary_large_image\" \/>\n<meta name=\"twitter:label1\" content=\"Disponibilit\u00e9\" \/>\n\t<meta name=\"twitter:data1\" content=\"En stock\" \/>\n<script type=\"application\/ld+json\" class=\"yoast-schema-graph\">{\"@context\":\"https:\/\/schema.org\",\"@graph\":[{\"@type\":\"WebPage\",\"@id\":\"https:\/\/dutchhealthstore.com\/fr\/product\/petal-poetic-pits\/\",\"url\":\"https:\/\/dutchhealthstore.com\/fr\/product\/petal-poetic-pits\/\",\"name\":\"Poetic Pits - Petal | Living Libations\",\"isPartOf\":{\"@id\":\"https:\/\/dutchhealthstore.com\/fr\/#website\"},\"primaryImageOfPage\":{\"@id\":\"https:\/\/dutchhealthstore.com\/fr\/product\/petal-poetic-pits\/#primaryimage\"},\"image\":{\"@id\":\"https:\/\/dutchhealthstore.com\/fr\/product\/petal-poetic-pits\/#primaryimage\"},\"thumbnailUrl\":\"https:\/\/dutchhealthstore.com\/wp-content\/uploads\/2018\/02\/ll-poetic-pits-petal-beide.jpg\",\"datePublished\":\"2018-02-10T20:35:09+00:00\",\"dateModified\":\"2025-12-23T08:52:01+00:00\",\"description\":\"Le pouvoir des fleurs fra\u00eeches agr\u00e9mente vos fosses avec ce bouquet po\u00e9tique que vous pouvez utiliser tous les jours.\",\"breadcrumb\":{\"@id\":\"https:\/\/dutchhealthstore.com\/fr\/product\/petal-poetic-pits\/#breadcrumb\"},\"inLanguage\":\"fr-FR\",\"potentialAction\":[{\"@type\":\"ReadAction\",\"target\":[\"https:\/\/dutchhealthstore.com\/fr\/product\/petal-poetic-pits\/\"]}]},{\"@type\":\"ImageObject\",\"inLanguage\":\"fr-FR\",\"@id\":\"https:\/\/dutchhealthstore.com\/fr\/product\/petal-poetic-pits\/#primaryimage\",\"url\":\"https:\/\/dutchhealthstore.com\/wp-content\/uploads\/2018\/02\/ll-poetic-pits-petal-beide.jpg\",\"contentUrl\":\"https:\/\/dutchhealthstore.com\/wp-content\/uploads\/2018\/02\/ll-poetic-pits-petal-beide.jpg\",\"width\":530,\"height\":530,\"caption\":\"ll-poetic-pits-petal-beide\"},{\"@type\":\"BreadcrumbList\",\"@id\":\"https:\/\/dutchhealthstore.com\/fr\/product\/petal-poetic-pits\/#breadcrumb\",\"itemListElement\":[{\"@type\":\"ListItem\",\"position\":1,\"name\":\"Home\",\"item\":\"https:\/\/dutchhealthstore.com\/fr\/\"},{\"@type\":\"ListItem\",\"position\":2,\"name\":\"Shop\",\"item\":\"https:\/\/dutchhealthstore.com\/fr\/shop\/\"},{\"@type\":\"ListItem\",\"position\":3,\"name\":\"Poetic Pits &#8211; Petal\"}]},{\"@type\":\"WebSite\",\"@id\":\"https:\/\/dutchhealthstore.com\/fr\/#website\",\"url\":\"https:\/\/dutchhealthstore.com\/fr\/\",\"name\":\"Dutch Health Store\",\"description\":\"Enhance Your Beauty with Organic &amp; Natural Skincare\",\"publisher\":{\"@id\":\"https:\/\/dutchhealthstore.com\/fr\/#organization\"},\"potentialAction\":[{\"@type\":\"SearchAction\",\"target\":{\"@type\":\"EntryPoint\",\"urlTemplate\":\"https:\/\/dutchhealthstore.com\/fr\/?s={search_term_string}\"},\"query-input\":{\"@type\":\"PropertyValueSpecification\",\"valueRequired\":true,\"valueName\":\"search_term_string\"}}],\"inLanguage\":\"fr-FR\"},{\"@type\":\"Organization\",\"@id\":\"https:\/\/dutchhealthstore.com\/fr\/#organization\",\"name\":\"Dutch Health Store\",\"url\":\"https:\/\/dutchhealthstore.com\/fr\/\",\"logo\":{\"@type\":\"ImageObject\",\"inLanguage\":\"fr-FR\",\"@id\":\"https:\/\/dutchhealthstore.com\/fr\/#\/schema\/logo\/image\/\",\"url\":\"https:\/\/dutchhealthstore.com\/wp-content\/uploads\/2020\/08\/logo-dutchhealthstore-jpg-e1599484957574.jpg\",\"contentUrl\":\"https:\/\/dutchhealthstore.com\/wp-content\/uploads\/2020\/08\/logo-dutchhealthstore-jpg-e1599484957574.jpg\",\"width\":400,\"height\":62,\"caption\":\"Dutch Health Store\"},\"image\":{\"@id\":\"https:\/\/dutchhealthstore.com\/fr\/#\/schema\/logo\/image\/\"},\"sameAs\":[\"https:\/\/www.instagram.com\/dutchhealthstore\/\",\"https:\/\/www.facebook.com\/dutchhealthstore\"]}]}<\/script>\n<meta property=\"product:brand\" content=\"Living Libations\" \/>\n<meta property=\"og:availability\" content=\"instock\" \/>\n<meta property=\"product:availability\" content=\"instock\" \/>\n<meta property=\"product:condition\" content=\"new\" \/>\n<!-- \/ Yoast SEO Premium plugin. -->","yoast_head_json":{"title":"Poetic Pits - Petal | Living Libations","description":"Le pouvoir des fleurs fra\u00eeches agr\u00e9mente vos fosses avec ce bouquet po\u00e9tique que vous pouvez utiliser tous les jours.","robots":{"index":"index","follow":"follow","max-snippet":"max-snippet:-1","max-image-preview":"max-image-preview:large","max-video-preview":"max-video-preview:-1"},"canonical":"https:\/\/dutchhealthstore.com\/fr\/product\/petal-poetic-pits\/","og_locale":"fr_FR","og_type":"article","og_title":"Poetic Pits - Petal - Dutch Health Store","og_description":"Le pouvoir des fleurs fra\u00eeches agr\u00e9mente vos fosses avec ce bouquet po\u00e9tique que vous pouvez utiliser tous les jours.","og_url":"https:\/\/dutchhealthstore.com\/fr\/product\/petal-poetic-pits\/","og_site_name":"Dutch Health Store","article_publisher":"https:\/\/www.instagram.com\/dutchhealthstore\/","article_modified_time":"2025-12-23T08:52:01+00:00","og_image":[{"width":530,"height":530,"url":"https:\/\/dutchhealthstore.com\/wp-content\/uploads\/2018\/02\/ll-poetic-pits-petal-beide.jpg","type":"image\/jpeg"}],"twitter_card":"summary_large_image","twitter_misc":{"Disponibilit\u00e9":"En stock"},"schema":{"@context":"https:\/\/schema.org","@graph":[{"@type":"WebPage","@id":"https:\/\/dutchhealthstore.com\/fr\/product\/petal-poetic-pits\/","url":"https:\/\/dutchhealthstore.com\/fr\/product\/petal-poetic-pits\/","name":"Poetic Pits - Petal | Living Libations","isPartOf":{"@id":"https:\/\/dutchhealthstore.com\/fr\/#website"},"primaryImageOfPage":{"@id":"https:\/\/dutchhealthstore.com\/fr\/product\/petal-poetic-pits\/#primaryimage"},"image":{"@id":"https:\/\/dutchhealthstore.com\/fr\/product\/petal-poetic-pits\/#primaryimage"},"thumbnailUrl":"https:\/\/dutchhealthstore.com\/wp-content\/uploads\/2018\/02\/ll-poetic-pits-petal-beide.jpg","datePublished":"2018-02-10T20:35:09+00:00","dateModified":"2025-12-23T08:52:01+00:00","description":"Le pouvoir des fleurs fra\u00eeches agr\u00e9mente vos fosses avec ce bouquet po\u00e9tique que vous pouvez utiliser tous les jours.","breadcrumb":{"@id":"https:\/\/dutchhealthstore.com\/fr\/product\/petal-poetic-pits\/#breadcrumb"},"inLanguage":"fr-FR","potentialAction":[{"@type":"ReadAction","target":["https:\/\/dutchhealthstore.com\/fr\/product\/petal-poetic-pits\/"]}]},{"@type":"ImageObject","inLanguage":"fr-FR","@id":"https:\/\/dutchhealthstore.com\/fr\/product\/petal-poetic-pits\/#primaryimage","url":"https:\/\/dutchhealthstore.com\/wp-content\/uploads\/2018\/02\/ll-poetic-pits-petal-beide.jpg","contentUrl":"https:\/\/dutchhealthstore.com\/wp-content\/uploads\/2018\/02\/ll-poetic-pits-petal-beide.jpg","width":530,"height":530,"caption":"ll-poetic-pits-petal-beide"},{"@type":"BreadcrumbList","@id":"https:\/\/dutchhealthstore.com\/fr\/product\/petal-poetic-pits\/#breadcrumb","itemListElement":[{"@type":"ListItem","position":1,"name":"Home","item":"https:\/\/dutchhealthstore.com\/fr\/"},{"@type":"ListItem","position":2,"name":"Shop","item":"https:\/\/dutchhealthstore.com\/fr\/shop\/"},{"@type":"ListItem","position":3,"name":"Poetic Pits &#8211; Petal"}]},{"@type":"WebSite","@id":"https:\/\/dutchhealthstore.com\/fr\/#website","url":"https:\/\/dutchhealthstore.com\/fr\/","name":"Dutch Health Store","description":"Enhance Your Beauty with Organic &amp; Natural Skincare","publisher":{"@id":"https:\/\/dutchhealthstore.com\/fr\/#organization"},"potentialAction":[{"@type":"SearchAction","target":{"@type":"EntryPoint","urlTemplate":"https:\/\/dutchhealthstore.com\/fr\/?s={search_term_string}"},"query-input":{"@type":"PropertyValueSpecification","valueRequired":true,"valueName":"search_term_string"}}],"inLanguage":"fr-FR"},{"@type":"Organization","@id":"https:\/\/dutchhealthstore.com\/fr\/#organization","name":"Dutch Health Store","url":"https:\/\/dutchhealthstore.com\/fr\/","logo":{"@type":"ImageObject","inLanguage":"fr-FR","@id":"https:\/\/dutchhealthstore.com\/fr\/#\/schema\/logo\/image\/","url":"https:\/\/dutchhealthstore.com\/wp-content\/uploads\/2020\/08\/logo-dutchhealthstore-jpg-e1599484957574.jpg","contentUrl":"https:\/\/dutchhealthstore.com\/wp-content\/uploads\/2020\/08\/logo-dutchhealthstore-jpg-e1599484957574.jpg","width":400,"height":62,"caption":"Dutch Health Store"},"image":{"@id":"https:\/\/dutchhealthstore.com\/fr\/#\/schema\/logo\/image\/"},"sameAs":["https:\/\/www.instagram.com\/dutchhealthstore\/","https:\/\/www.facebook.com\/dutchhealthstore"]}]},"product_brand":"Living Libations","og_availability":"instock","product_availability":"instock","product_condition":"new"},"_links":{"self":[{"href":"https:\/\/dutchhealthstore.com\/fr\/wp-json\/wp\/v2\/product\/113824","targetHints":{"allow":["GET"]}}],"collection":[{"href":"https:\/\/dutchhealthstore.com\/fr\/wp-json\/wp\/v2\/product"}],"about":[{"href":"https:\/\/dutchhealthstore.com\/fr\/wp-json\/wp\/v2\/types\/product"}],"replies":[{"embeddable":true,"href":"https:\/\/dutchhealthstore.com\/fr\/wp-json\/wp\/v2\/comments?post=113824"}],"wp:featuredmedia":[{"embeddable":true,"href":"https:\/\/dutchhealthstore.com\/fr\/wp-json\/wp\/v2\/media\/299565"}],"wp:attachment":[{"href":"https:\/\/dutchhealthstore.com\/fr\/wp-json\/wp\/v2\/media?parent=113824"}],"wp:term":[{"taxonomy":"product_brand","embeddable":true,"href":"https:\/\/dutchhealthstore.com\/fr\/wp-json\/wp\/v2\/product_brand?post=113824"},{"taxonomy":"product_cat","embeddable":true,"href":"https:\/\/dutchhealthstore.com\/fr\/wp-json\/wp\/v2\/product_cat?post=113824"},{"taxonomy":"product_tag","embeddable":true,"href":"https:\/\/dutchhealthstore.com\/fr\/wp-json\/wp\/v2\/product_tag?post=113824"}],"curies":[{"name":"wp","href":"https:\/\/api.w.org\/{rel}","templated":true}]}}