{"id":113548,"date":"2020-05-01T18:47:45","date_gmt":"2020-05-01T18:47:45","guid":{"rendered":"https:\/\/dutchhealthstore.com\/product\/poetic-pits-musk-mallow\/"},"modified":"2026-04-13T13:17:56","modified_gmt":"2026-04-13T11:17:56","slug":"poetic-pits-musk-mallow","status":"publish","type":"product","link":"https:\/\/dutchhealthstore.com\/fr\/product\/poetic-pits-musk-mallow\/","title":{"rendered":"Poetic Pits &#8211; Musk Mallow"},"content":{"rendered":"<p><img decoding=\"async\" class=\"alignright size-full wp-image-69549\" src=\"https:\/\/dutchhealthstore.com\/wp-content\/uploads\/2019\/08\/NEW-Living-Libations-Logo.jpg\" alt=\"NEW - Living Libations - Logo\" width=\"175\" height=\"82\">Living Libations <strong>Musk Mallow Poetic Pits<\/strong> a \u00e9t\u00e9 cr\u00e9\u00e9 pour \u00e9veiller vos aisselles avec des ar\u00f4mes po\u00e9tiques d&rsquo;amour et de f\u00e9licit\u00e9.<br \/>\n\u00c9mettez un chant sensuel de pure po\u00e9sie v\u00e9g\u00e9tale de vos aisselles !<br \/>\nAvec ses essences de copal, de bois de santal et de mauve musqu\u00e9e, Musk Mallow Poetic Pits cr\u00e9e une spirale tantrique-triple-menace d&rsquo;euphorie excitante.<br \/>\nIl contient des propri\u00e9t\u00e9s apaisantes pour la peau et des propri\u00e9t\u00e9s d&rsquo;attraction sensuelle pour garder vos aisselles lisses, fra\u00eeches et fabuleusement parfum\u00e9es.<\/p>\n<p>Si vous \u00eates un fan de nos d\u00e9odorants Copal Musk, voici la m\u00eame formule fantastique avec du Balsam Amyris au lieu du Copal (car l&rsquo;huile essentielle de copal ne sera pas disponible avant quelques ann\u00e9es). L&rsquo;ar\u00f4me principal de musc est en pleine floraison, ainsi que le baume pour une p\u00e2moison sensuelle.<\/p>\n<p><strong>Taille : 5 ml<\/strong><\/p>\n<h3>Utiliser<\/h3>\n<p>Passez une fois pour charmer chaque aisselle. Associez-le \u00e0 nos eaux de Cologne Ever Moss, Vanilla Velvet, Secret Land of Is ou \u00e0 nos parfums Fawn Lily, Lilac Lady, Moccasin Flower, Lei Lady Lei ou Lavish Abundance Petal.<\/p>\n<h3 style=\"font-weight: 400;\"><strong>Veuillez noter<\/strong><\/h3>\n<p style=\"font-weight: 400;\">Poetic Pits sont des huiles essentielles concentr\u00e9es \u00e0 100%, il est donc pr\u00e9f\u00e9rable d&rsquo;\u00e9viter les peaux endommag\u00e9es, enflamm\u00e9es et allergiques. Les ingr\u00e9dients sont s\u00e9lectionn\u00e9s parmi les huiles essentielles reconnues comme s\u00fbres pour la peau. Comme chaque personne a une peau qui r\u00e9agit de mani\u00e8re unique, nous conseillons aux utilisateurs de faire un test \u00e9picutan\u00e9 \u00e0 l&rsquo;int\u00e9rieur du coude avant de l&rsquo;utiliser. Tenir hors de port\u00e9e des enfants. Pour une utilisation sur une peau sensible, diluez avec de l&rsquo;huile de jojoba ou essayez nos Cr\u00e8me Underarm Charms.<\/p>\n<h3 class=\"yikes-custom-woo-tab-title yikes-custom-woo-tab-title-natural-organic-ingredients\">Ingr\u00e9dients naturels\/biologiques<\/h3>\n<p><strong>Bois de santal<\/strong> <em>(Santalum album<\/em>) &#8211; Le bois de santal est riche et cr\u00e9meux, offrant un parfum de r\u00eave qui s&rsquo;harmonise avec votre parfum personnel tout en \u00e9quilibrant la production d&rsquo;huile. Des aisselles plus s\u00e8ches et un niveau d&rsquo;hydratation parfait vous permettent d&rsquo;avoir confiance en votre charme sous les bras. Notre essence de bois de santal au parfum divin, r\u00e9colt\u00e9e de mani\u00e8re \u00e9thique, est distill\u00e9e \u00e0 partir du c\u0153ur de l&rsquo;arbre aromatique. Il regorge d&rsquo;humidit\u00e9 et de pouvoirs botaniques et biotiques. Cette huile chaude, riche et sensuelle est un produit de base dans nos Poetic Pits et dans les soins naturel de la peau et des cheveux dans le monde entier.<\/p>\n<p><strong>Balsam Amyris<\/strong> <em>(Amyris balsamifera)<\/em> &#8211; All\u00e9gez votre humeur et illuminez vos puits avec Balsam Amyris, un ar\u00f4me charmant et durable qui est doucement balsamique, l\u00e9g\u00e8rement sucr\u00e9 avec un soup\u00e7on de vanille. La chaleur subtile de cette essence nimbe les nerfs et calme les temp\u00e9raments.<\/p>\n<p><strong>Musk Mallow <\/strong><em>(Hibiscus abelmoschus<\/em>) &#8211; L&rsquo;envo\u00fbtante Musk Mallow r\u00e9veille vos noyaux avec des notes aromatiques-amoureuses, musqu\u00e9es, de pure po\u00e9sie v\u00e9g\u00e9tale! Extraite des graines piquantes de cette fleur tropicale, ce type particulier d&rsquo;huile de musc est la seule huile botanique de ce type qui n&rsquo;est ni synth\u00e9tique, ni d\u00e9riv\u00e9e de sources animales. Ses graines renferment d&rsquo;anciens secrets ayurv\u00e9diques de bien-\u00eatre pour la peau et l&rsquo;\u00e2me. Son ar\u00f4me riche et doux de terre annonce ses arts attrayants, qui sont cens\u00e9s \u00e9quilibrer et rajeunir la peau. Traditionnellement, les graines ont \u00e9t\u00e9 utilis\u00e9es pour aromatiser le caf\u00e9, parfumer les cheveux et parfumer la peau.<\/p>\n<p><strong>Encens <\/strong><em>(Boswellia carterii)<\/em> &#8211; L&rsquo;encens est l&rsquo;essence par excellence pour cultiver la r\u00e9v\u00e9rence. Perles liquides de l&rsquo;arbre de vie, l&rsquo;encens est distill\u00e9 \u00e0 partir de la s\u00e8ve r\u00e9sineuse de l&rsquo;arbre. L&rsquo;encens exsude la force, renfor\u00e7ant la peau et l&rsquo;esprit avec la nourriture des \u00e2ges. Cette huile ancienne est utilis\u00e9e depuis des mill\u00e9naires pour clarifier et calmer les peaux sensibles. Il offre \u00e9galement un ar\u00f4me riche, complexe et d&rsquo;un autre monde.<\/p>\n<p><strong>Honey Myrtle <\/strong><em>(Melaleuca uncinata)<\/em> &#8211; Les notes vives de citron sont prises au lasso et dompt\u00e9es par des notes apaisantes et chaudes de miel sur la gamme. La libert\u00e9 citronn\u00e9e du jour d&rsquo;\u00e9t\u00e9 qui se l\u00e8ve pourrait s&rsquo;enfuir s&rsquo;il n&rsquo;y avait pas la chaleur rassurante du myrte.<\/p>\n<p><strong>Marjolaine <\/strong><em>(Origanum marjorana)<\/em> &#8211; La marjolaine, herbac\u00e9e et douce, est utilis\u00e9e pour purifier le corps, l&rsquo;esprit et l&rsquo;\u00e2me depuis les temps bibliques. Distill\u00e9e \u00e0 la vapeur pour capturer les bienfaits botaniques de cette herbe parfum\u00e9e, notre Marjolaine.<\/p>\n<p><img fetchpriority=\"high\" decoding=\"async\" class=\"size-medium wp-image-68103 aligncenter\" src=\"https:\/\/dutchhealthstore.com\/wp-content\/uploads\/2018\/02\/Living-Libations-Organic-Logo-800x89.png\" alt=\"Living Libations - Organic Logo\" width=\"800\" height=\"89\" srcset=\"https:\/\/dutchhealthstore.com\/wp-content\/uploads\/2018\/02\/Living-Libations-Organic-Logo-800x89.png 800w, https:\/\/dutchhealthstore.com\/wp-content\/uploads\/2018\/02\/Living-Libations-Organic-Logo-510x57.png 510w, https:\/\/dutchhealthstore.com\/wp-content\/uploads\/2018\/02\/Living-Libations-Organic-Logo-768x85.png 768w, https:\/\/dutchhealthstore.com\/wp-content\/uploads\/2018\/02\/Living-Libations-Organic-Logo.png 1400w\" sizes=\"(max-width: 800px) 100vw, 800px\" \/><\/p>\n<p>&nbsp;<\/p>\n","protected":false},"excerpt":{"rendered":"<p>Living Libations <strong>Musk Mallow Poetic Pits<\/strong> a \u00e9t\u00e9 cr\u00e9\u00e9 pour \u00e9veiller vos aisselles avec des ar\u00f4mes po\u00e9tiques d&rsquo;amour et de f\u00e9licit\u00e9.<br \/>\n\u00c9mettez un chant sensuel de pure po\u00e9sie v\u00e9g\u00e9tale de vos aisselles !<br \/>\nAvec ses essences de copal, de bois de santal et de mauve musqu\u00e9e, Musk Mallow Poetic Pits cr\u00e9e une spirale tantrique-triple-menace d&rsquo;euphorie excitante.<br \/>\nIl contient des propri\u00e9t\u00e9s apaisantes pour la peau et des propri\u00e9t\u00e9s d&rsquo;attraction sensuelle pour garder vos aisselles lisses, fra\u00eeches et fabuleusement parfum\u00e9es.<\/p>\n","protected":false},"featured_media":299088,"comment_status":"open","ping_status":"closed","template":"","meta":[],"product_brand":[],"product_cat":[3566,1097,1211,1209,1030,1010,1501,1033],"product_tag":[21668,21392,6644,21811,21812],"class_list":{"0":"post-113548","1":"product","2":"type-product","3":"status-publish","4":"has-post-thumbnail","6":"product_cat-living-libations-deodorants-living-libations","7":"product_cat-deodorants","8":"product_cat-living-libations-france","9":"product_cat-par-marques","10":"product_cat-par-produits","11":"product_cat-notre-boutique","12":"product_cat-corps-living-libations","13":"product_cat-body-care-fr","14":"product_tag-arome","15":"product_tag-corps","16":"product_tag-deodorant-fr","17":"product_tag-natural-fr","18":"product_tag-rafraichissant","19":"pa_brand-livinglibations-fr","20":"pa_gtin-7439657366390-fr","21":"pa_size-5-ml-fr","23":"first","24":"instock","25":"taxable","26":"shipping-taxable","27":"purchasable","28":"product-type-simple"},"bundled_by":[],"bundle_stock_status":"instock","bundle_stock_quantity":3,"bundle_virtual":false,"bundle_layout":"","bundle_add_to_cart_form_location":"","bundle_editable_in_cart":false,"bundle_sold_individually_context":"","bundle_item_grouping":"","bundle_min_size":"","bundle_max_size":"","bundle_price":[],"bundled_items":[],"bundle_sell_ids":[107695],"atum_controlled":true,"out_stock_date":null,"out_stock_threshold":null,"inheritable":false,"stock_on_hold":0,"sold_today":0,"sales_last_days":0,"out_stock_days":12,"lost_sales":0,"update_date":"2026-04-13T11:18:03","atum_locations":[],"atum_stock_status":"instock","restock_status":false,"low_stock_amount":"","sales_update_date":"2026-04-13T11:17:37","calc_backorders":null,"group_of_quantity":0,"min_quantity":0,"max_quantity":"","exclude_order_quantity_value_rules":"no","exclude_category_quantity_rules":"no","combine_variations":"no","yoast_head":"<!-- This site is optimized with the Yoast SEO Premium plugin v26.5 (Yoast SEO v26.5) - https:\/\/yoast.com\/wordpress\/plugins\/seo\/ -->\n<title>Poetic Pits - Musk Mallow | Living Libations<\/title>\n<meta name=\"description\" content=\"Living Libations Musk Mallow Poetic Pits a \u00e9t\u00e9 cr\u00e9\u00e9 pour \u00e9veiller vos aisselles avec des ar\u00f4mes po\u00e9tiques d&#039;amour et de f\u00e9licit\u00e9.\" \/>\n<meta name=\"robots\" content=\"index, follow, max-snippet:-1, max-image-preview:large, max-video-preview:-1\" \/>\n<link rel=\"canonical\" href=\"https:\/\/dutchhealthstore.com\/fr\/product\/poetic-pits-musk-mallow\/\" \/>\n<meta property=\"og:locale\" content=\"fr_FR\" \/>\n<meta property=\"og:type\" content=\"article\" \/>\n<meta property=\"og:title\" content=\"Poetic Pits - Musk Mallow - Dutch Health Store\" \/>\n<meta property=\"og:description\" content=\"Living Libations Musk Mallow Poetic Pits a \u00e9t\u00e9 cr\u00e9\u00e9 pour \u00e9veiller vos aisselles avec des ar\u00f4mes po\u00e9tiques d&#039;amour et de f\u00e9licit\u00e9.\" \/>\n<meta property=\"og:url\" content=\"https:\/\/dutchhealthstore.com\/fr\/product\/poetic-pits-musk-mallow\/\" \/>\n<meta property=\"og:site_name\" content=\"Dutch Health Store\" \/>\n<meta property=\"article:publisher\" content=\"https:\/\/www.instagram.com\/dutchhealthstore\/\" \/>\n<meta property=\"article:modified_time\" content=\"2026-04-13T11:17:56+00:00\" \/>\n<meta property=\"og:image\" content=\"https:\/\/dutchhealthstore.com\/wp-content\/uploads\/2020\/05\/Living-libations-Poetic-Pits-Musk-Mallow.jpg\" \/>\n\t<meta property=\"og:image:width\" content=\"699\" \/>\n\t<meta property=\"og:image:height\" content=\"700\" \/>\n\t<meta property=\"og:image:type\" content=\"image\/jpeg\" \/>\n<meta name=\"twitter:card\" content=\"summary_large_image\" \/>\n<meta name=\"twitter:label1\" content=\"Prix\" \/>\n\t<meta name=\"twitter:data1\" content=\"&euro;55,00\" \/>\n\t<meta name=\"twitter:label2\" content=\"Disponibilit\u00e9\" \/>\n\t<meta name=\"twitter:data2\" content=\"En stock\" \/>\n<script type=\"application\/ld+json\" class=\"yoast-schema-graph\">{\"@context\":\"https:\/\/schema.org\",\"@graph\":[{\"@type\":\"WebPage\",\"@id\":\"https:\/\/dutchhealthstore.com\/fr\/product\/poetic-pits-musk-mallow\/\",\"url\":\"https:\/\/dutchhealthstore.com\/fr\/product\/poetic-pits-musk-mallow\/\",\"name\":\"Poetic Pits - Musk Mallow | Living Libations\",\"isPartOf\":{\"@id\":\"https:\/\/dutchhealthstore.com\/fr\/#website\"},\"primaryImageOfPage\":{\"@id\":\"https:\/\/dutchhealthstore.com\/fr\/product\/poetic-pits-musk-mallow\/#primaryimage\"},\"image\":{\"@id\":\"https:\/\/dutchhealthstore.com\/fr\/product\/poetic-pits-musk-mallow\/#primaryimage\"},\"thumbnailUrl\":\"https:\/\/dutchhealthstore.com\/wp-content\/uploads\/2020\/05\/ll-poetic-pits-musk-mallow-beide.jpg\",\"datePublished\":\"2020-05-01T18:47:45+00:00\",\"dateModified\":\"2026-04-13T11:17:56+00:00\",\"description\":\"Living Libations Musk Mallow Poetic Pits a \u00e9t\u00e9 cr\u00e9\u00e9 pour \u00e9veiller vos aisselles avec des ar\u00f4mes po\u00e9tiques d'amour et de f\u00e9licit\u00e9.\",\"breadcrumb\":{\"@id\":\"https:\/\/dutchhealthstore.com\/fr\/product\/poetic-pits-musk-mallow\/#breadcrumb\"},\"inLanguage\":\"fr-FR\",\"potentialAction\":[{\"@type\":\"ReadAction\",\"target\":[\"https:\/\/dutchhealthstore.com\/fr\/product\/poetic-pits-musk-mallow\/\"]}]},{\"@type\":\"ImageObject\",\"inLanguage\":\"fr-FR\",\"@id\":\"https:\/\/dutchhealthstore.com\/fr\/product\/poetic-pits-musk-mallow\/#primaryimage\",\"url\":\"https:\/\/dutchhealthstore.com\/wp-content\/uploads\/2020\/05\/ll-poetic-pits-musk-mallow-beide.jpg\",\"contentUrl\":\"https:\/\/dutchhealthstore.com\/wp-content\/uploads\/2020\/05\/ll-poetic-pits-musk-mallow-beide.jpg\",\"width\":530,\"height\":530,\"caption\":\"ll-poetic-pits-musk-mallow-beide\"},{\"@type\":\"BreadcrumbList\",\"@id\":\"https:\/\/dutchhealthstore.com\/fr\/product\/poetic-pits-musk-mallow\/#breadcrumb\",\"itemListElement\":[{\"@type\":\"ListItem\",\"position\":1,\"name\":\"Home\",\"item\":\"https:\/\/dutchhealthstore.com\/fr\/\"},{\"@type\":\"ListItem\",\"position\":2,\"name\":\"Shop\",\"item\":\"https:\/\/dutchhealthstore.com\/fr\/shop\/\"},{\"@type\":\"ListItem\",\"position\":3,\"name\":\"Poetic Pits &#8211; Musk Mallow\"}]},{\"@type\":\"WebSite\",\"@id\":\"https:\/\/dutchhealthstore.com\/fr\/#website\",\"url\":\"https:\/\/dutchhealthstore.com\/fr\/\",\"name\":\"Dutch Health Store\",\"description\":\"Enhance Your Beauty with Organic &amp; Natural Skincare\",\"publisher\":{\"@id\":\"https:\/\/dutchhealthstore.com\/fr\/#organization\"},\"potentialAction\":[{\"@type\":\"SearchAction\",\"target\":{\"@type\":\"EntryPoint\",\"urlTemplate\":\"https:\/\/dutchhealthstore.com\/fr\/?s={search_term_string}\"},\"query-input\":{\"@type\":\"PropertyValueSpecification\",\"valueRequired\":true,\"valueName\":\"search_term_string\"}}],\"inLanguage\":\"fr-FR\"},{\"@type\":\"Organization\",\"@id\":\"https:\/\/dutchhealthstore.com\/fr\/#organization\",\"name\":\"Dutch Health Store\",\"url\":\"https:\/\/dutchhealthstore.com\/fr\/\",\"logo\":{\"@type\":\"ImageObject\",\"inLanguage\":\"fr-FR\",\"@id\":\"https:\/\/dutchhealthstore.com\/fr\/#\/schema\/logo\/image\/\",\"url\":\"https:\/\/dutchhealthstore.com\/wp-content\/uploads\/2020\/08\/logo-dutchhealthstore-jpg-e1599484957574.jpg\",\"contentUrl\":\"https:\/\/dutchhealthstore.com\/wp-content\/uploads\/2020\/08\/logo-dutchhealthstore-jpg-e1599484957574.jpg\",\"width\":400,\"height\":62,\"caption\":\"Dutch Health Store\"},\"image\":{\"@id\":\"https:\/\/dutchhealthstore.com\/fr\/#\/schema\/logo\/image\/\"},\"sameAs\":[\"https:\/\/www.instagram.com\/dutchhealthstore\/\",\"https:\/\/www.facebook.com\/dutchhealthstore\"]}]}<\/script>\n<meta property=\"product:brand\" content=\"Living Libations\" \/>\n<meta property=\"product:price:amount\" content=\"55.00\" \/>\n<meta property=\"product:price:currency\" content=\"EUR\" \/>\n<meta property=\"og:availability\" content=\"instock\" \/>\n<meta property=\"product:availability\" content=\"instock\" \/>\n<meta property=\"product:condition\" content=\"new\" \/>\n<!-- \/ Yoast SEO Premium plugin. -->","yoast_head_json":{"title":"Poetic Pits - Musk Mallow | Living Libations","description":"Living Libations Musk Mallow Poetic Pits a \u00e9t\u00e9 cr\u00e9\u00e9 pour \u00e9veiller vos aisselles avec des ar\u00f4mes po\u00e9tiques d'amour et de f\u00e9licit\u00e9.","robots":{"index":"index","follow":"follow","max-snippet":"max-snippet:-1","max-image-preview":"max-image-preview:large","max-video-preview":"max-video-preview:-1"},"canonical":"https:\/\/dutchhealthstore.com\/fr\/product\/poetic-pits-musk-mallow\/","og_locale":"fr_FR","og_type":"article","og_title":"Poetic Pits - Musk Mallow - Dutch Health Store","og_description":"Living Libations Musk Mallow Poetic Pits a \u00e9t\u00e9 cr\u00e9\u00e9 pour \u00e9veiller vos aisselles avec des ar\u00f4mes po\u00e9tiques d'amour et de f\u00e9licit\u00e9.","og_url":"https:\/\/dutchhealthstore.com\/fr\/product\/poetic-pits-musk-mallow\/","og_site_name":"Dutch Health Store","article_publisher":"https:\/\/www.instagram.com\/dutchhealthstore\/","article_modified_time":"2026-04-13T11:17:56+00:00","og_image":[{"width":699,"height":700,"url":"https:\/\/dutchhealthstore.com\/wp-content\/uploads\/2020\/05\/Living-libations-Poetic-Pits-Musk-Mallow.jpg","type":"image\/jpeg"}],"twitter_card":"summary_large_image","twitter_misc":{"Prix":"&euro;55,00","Disponibilit\u00e9":"En stock"},"schema":{"@context":"https:\/\/schema.org","@graph":[{"@type":"WebPage","@id":"https:\/\/dutchhealthstore.com\/fr\/product\/poetic-pits-musk-mallow\/","url":"https:\/\/dutchhealthstore.com\/fr\/product\/poetic-pits-musk-mallow\/","name":"Poetic Pits - Musk Mallow | Living Libations","isPartOf":{"@id":"https:\/\/dutchhealthstore.com\/fr\/#website"},"primaryImageOfPage":{"@id":"https:\/\/dutchhealthstore.com\/fr\/product\/poetic-pits-musk-mallow\/#primaryimage"},"image":{"@id":"https:\/\/dutchhealthstore.com\/fr\/product\/poetic-pits-musk-mallow\/#primaryimage"},"thumbnailUrl":"https:\/\/dutchhealthstore.com\/wp-content\/uploads\/2020\/05\/ll-poetic-pits-musk-mallow-beide.jpg","datePublished":"2020-05-01T18:47:45+00:00","dateModified":"2026-04-13T11:17:56+00:00","description":"Living Libations Musk Mallow Poetic Pits a \u00e9t\u00e9 cr\u00e9\u00e9 pour \u00e9veiller vos aisselles avec des ar\u00f4mes po\u00e9tiques d'amour et de f\u00e9licit\u00e9.","breadcrumb":{"@id":"https:\/\/dutchhealthstore.com\/fr\/product\/poetic-pits-musk-mallow\/#breadcrumb"},"inLanguage":"fr-FR","potentialAction":[{"@type":"ReadAction","target":["https:\/\/dutchhealthstore.com\/fr\/product\/poetic-pits-musk-mallow\/"]}]},{"@type":"ImageObject","inLanguage":"fr-FR","@id":"https:\/\/dutchhealthstore.com\/fr\/product\/poetic-pits-musk-mallow\/#primaryimage","url":"https:\/\/dutchhealthstore.com\/wp-content\/uploads\/2020\/05\/ll-poetic-pits-musk-mallow-beide.jpg","contentUrl":"https:\/\/dutchhealthstore.com\/wp-content\/uploads\/2020\/05\/ll-poetic-pits-musk-mallow-beide.jpg","width":530,"height":530,"caption":"ll-poetic-pits-musk-mallow-beide"},{"@type":"BreadcrumbList","@id":"https:\/\/dutchhealthstore.com\/fr\/product\/poetic-pits-musk-mallow\/#breadcrumb","itemListElement":[{"@type":"ListItem","position":1,"name":"Home","item":"https:\/\/dutchhealthstore.com\/fr\/"},{"@type":"ListItem","position":2,"name":"Shop","item":"https:\/\/dutchhealthstore.com\/fr\/shop\/"},{"@type":"ListItem","position":3,"name":"Poetic Pits &#8211; Musk Mallow"}]},{"@type":"WebSite","@id":"https:\/\/dutchhealthstore.com\/fr\/#website","url":"https:\/\/dutchhealthstore.com\/fr\/","name":"Dutch Health Store","description":"Enhance Your Beauty with Organic &amp; Natural Skincare","publisher":{"@id":"https:\/\/dutchhealthstore.com\/fr\/#organization"},"potentialAction":[{"@type":"SearchAction","target":{"@type":"EntryPoint","urlTemplate":"https:\/\/dutchhealthstore.com\/fr\/?s={search_term_string}"},"query-input":{"@type":"PropertyValueSpecification","valueRequired":true,"valueName":"search_term_string"}}],"inLanguage":"fr-FR"},{"@type":"Organization","@id":"https:\/\/dutchhealthstore.com\/fr\/#organization","name":"Dutch Health Store","url":"https:\/\/dutchhealthstore.com\/fr\/","logo":{"@type":"ImageObject","inLanguage":"fr-FR","@id":"https:\/\/dutchhealthstore.com\/fr\/#\/schema\/logo\/image\/","url":"https:\/\/dutchhealthstore.com\/wp-content\/uploads\/2020\/08\/logo-dutchhealthstore-jpg-e1599484957574.jpg","contentUrl":"https:\/\/dutchhealthstore.com\/wp-content\/uploads\/2020\/08\/logo-dutchhealthstore-jpg-e1599484957574.jpg","width":400,"height":62,"caption":"Dutch Health Store"},"image":{"@id":"https:\/\/dutchhealthstore.com\/fr\/#\/schema\/logo\/image\/"},"sameAs":["https:\/\/www.instagram.com\/dutchhealthstore\/","https:\/\/www.facebook.com\/dutchhealthstore"]}]},"product_brand":"Living Libations","product_price_amount":"55.00","product_price_currency":"EUR","og_availability":"instock","product_availability":"instock","product_condition":"new"},"_links":{"self":[{"href":"https:\/\/dutchhealthstore.com\/fr\/wp-json\/wp\/v2\/product\/113548","targetHints":{"allow":["GET"]}}],"collection":[{"href":"https:\/\/dutchhealthstore.com\/fr\/wp-json\/wp\/v2\/product"}],"about":[{"href":"https:\/\/dutchhealthstore.com\/fr\/wp-json\/wp\/v2\/types\/product"}],"replies":[{"embeddable":true,"href":"https:\/\/dutchhealthstore.com\/fr\/wp-json\/wp\/v2\/comments?post=113548"}],"wp:featuredmedia":[{"embeddable":true,"href":"https:\/\/dutchhealthstore.com\/fr\/wp-json\/wp\/v2\/media\/299088"}],"wp:attachment":[{"href":"https:\/\/dutchhealthstore.com\/fr\/wp-json\/wp\/v2\/media?parent=113548"}],"wp:term":[{"taxonomy":"product_brand","embeddable":true,"href":"https:\/\/dutchhealthstore.com\/fr\/wp-json\/wp\/v2\/product_brand?post=113548"},{"taxonomy":"product_cat","embeddable":true,"href":"https:\/\/dutchhealthstore.com\/fr\/wp-json\/wp\/v2\/product_cat?post=113548"},{"taxonomy":"product_tag","embeddable":true,"href":"https:\/\/dutchhealthstore.com\/fr\/wp-json\/wp\/v2\/product_tag?post=113548"}],"curies":[{"name":"wp","href":"https:\/\/api.w.org\/{rel}","templated":true}]}}