{"id":113519,"date":"2018-02-10T19:22:46","date_gmt":"2018-02-10T19:22:46","guid":{"rendered":"https:\/\/dutchhealthstore.com\/product\/poetic-pits-gingerlily\/"},"modified":"2025-09-23T15:28:58","modified_gmt":"2025-09-23T13:28:58","slug":"poetic-pits-gingerlily","status":"publish","type":"product","link":"https:\/\/dutchhealthstore.com\/fr\/product\/poetic-pits-gingerlily\/","title":{"rendered":"Poetic Pits &#8211; Ginger Lily"},"content":{"rendered":"<p><img decoding=\"async\" class=\"size-full wp-image-37041 alignright\" src=\"https:\/\/dutchhealthstore.com\/wp-content\/uploads\/2018\/04\/Living_Libations-1.png\" alt=\"Organic &amp; Natural Beautyproducts - Living Libations\" width=\"175\" height=\"82\">Sulfureux, musqu\u00e9, <span style=\"font-size: 14.4px;\"><b>Lys gingembre<\/b><\/span><b> Poetic Pits<\/b> met en sc\u00e8ne la chaleur bois\u00e9e du lys gingembre gorg\u00e9 de miel qui danse avec les vibrations beurr\u00e9es et terreuses du v\u00e9tiver. Alors que le lys gingembre culbute le v\u00e9tiver, ils luttent et roulent vers une rivi\u00e8re o\u00f9 coulent le bois de santal parfum\u00e9 et la lavande langoureuse. Passez une fois pour charmer chaque aisselle avec ce d\u00e9odorant naturel super sensuel et efficace. Living Libations Ginger Lily Poetic Pits pr\u00e9pare vos aisselles \u00e0 un charme durable !  <\/p>\n<h3>Utiliser<\/h3>\n<p>  Passez une fois pour charmer chaque aisselle. Associez cette fosse po\u00e9tique aux parfums Vanilla Velvet, Ever Moss, Radiant Earth Forest, Lei Lady Lei, Lilac Lady, Being Free is Lots of Fun, Night Flight to Venus ou Lavish Abundance Petal.  <\/p>\n<h3>Veuillez noter<\/h3>\n<p>  Les huiles po\u00e9tiques sont des huiles essentielles concentr\u00e9es \u00e0 100 %, il est donc pr\u00e9f\u00e9rable d&rsquo;esquiver les peaux ab\u00eem\u00e9es, enflamm\u00e9es et allergiques. Les ingr\u00e9dients sont s\u00e9lectionn\u00e9s parmi les huiles essentielles reconnues comme s\u00fbres pour la peau. Comme chaque personne a une peau qui r\u00e9agit de mani\u00e8re unique, nous conseillons aux utilisateurs de faire un test \u00e9picutan\u00e9 \u00e0 l&rsquo;int\u00e9rieur du coude avant de l&rsquo;utiliser. Tenir hors de port\u00e9e des enfants. Pour une utilisation sur les peaux extra-sensibles, diluez avec de l&rsquo;huile de jojoba ou essayez nos breloques Cr\u00e8me pour les aisselles.  <\/p>\n<h3 class=\"yikes-custom-woo-tab-title yikes-custom-woo-tab-title-natural-organic-ingredients\">Ingr\u00e9dients Naturels\/Biologiques<\/h3>\n<p><strong> huile essentielle huile Bois de Santal <\/strong><em>(Santalum album)<\/em> &#8211; Le bois de santal est riche et cr\u00e9meux, offrant un parfum de r\u00eave qui s&rsquo;harmonise avec votre parfum personnel tout en \u00e9quilibrant la production d&rsquo;huile. Des aisselles plus s\u00e8ches et un niveau d&rsquo;hydratation parfait vous permettent d&rsquo;avoir confiance en votre charme sous les bras. Notre essence de bois de santal au parfum divin, r\u00e9colt\u00e9e de mani\u00e8re \u00e9thique, est distill\u00e9e \u00e0 partir du c\u0153ur de l&rsquo;arbre aromatique. Il regorge d&rsquo;une magnifique hydratation et de pouvoirs biotiques botaniques. Cette huile chaude, riche et sensuelle est un incontournable de nos Poetic Pits et des soins naturels pour la peau et les cheveux dans le monde entier. <strong>Huile essentielle de gingembre et de v\u00e9tiver <\/strong><em>(Hedychium coronarium co-distill\u00e9 avec Chrysopogon zizanioides) <\/em>&#8211; Le gingembre est distill\u00e9 avec du v\u00e9tiver pour une synergie de senteurs vraiment unique qui charmera vos aisselles avec des merveilles aromatiques.<br \/>\nFrais-floral, chaud et bois\u00e9, les notes \u00e9pic\u00e9es du gingembre prennent vie sous le musc riche et agr\u00e9able des racines de v\u00e9tiver. <strong>Huile essentielle de v\u00e9tiver <\/strong><em>(Chrysopogon zizanioides)<\/em> &#8211; Le v\u00e9tiver est un ar\u00f4me vivace pour la peau et l&rsquo;esprit.<br \/>\nDistill\u00e9e \u00e0 partir d&rsquo;herbes d\u00e9licates fouett\u00e9es par le vent, l&rsquo;huile de v\u00e9tiver \u00e0 l&rsquo;ar\u00f4me de racine-rogue est r\u00e9put\u00e9e neutraliser les bact\u00e9ries responsables des mauvaises odeurs. <strong>Huile essentielle de lavande <\/strong><em>(Lavandula officinalis) <\/em>&#8211; La lavande est plus qu&rsquo;un simple produit d&rsquo;aromath\u00e9rapie ; c&rsquo;est la muse parfaite pour charmer vos aisselles !   La lavande est un calmant \u00e9motionnel et un apaisant, mais elle est aussi merveilleuse pour la peau. Sous les bras, la lavande apaise la peau sensible apr\u00e8s le rasage. La lavande, dont le nom vient du latin \u00ab\u00a0laver\u00a0\u00bb, est un liniment adorable qui conf\u00e8re \u00e0 nos aisselles un charme de p\u00e9tales et un calme d\u00e9contract\u00e9. <strong>Balsam<\/strong> Amyris <em>(Amyris balsamifera)<\/em> &#8211; All\u00e9gez votre humeur et illuminez vos aisselles avec le Balsam Amyris, un ar\u00f4me charmant et durable qui est doucement balsamique, l\u00e9g\u00e8rement sucr\u00e9 avec un soup\u00e7on de vanille. La chaleur subtile de cette essence apaise les nerfs et calme les tensions.  <img fetchpriority=\"high\" decoding=\"async\" class=\"size-full wp-image-31577 aligncenter\" src=\"https:\/\/dutchhealthstore.com\/wp-content\/uploads\/2018\/03\/organic_big.png\" alt=\"Organic and Natural - Living Libations\" width=\"623\" height=\"103\" srcset=\"https:\/\/dutchhealthstore.com\/wp-content\/uploads\/2018\/03\/organic_big.png 623w, https:\/\/dutchhealthstore.com\/wp-content\/uploads\/2018\/03\/organic_big-510x84.png 510w, https:\/\/dutchhealthstore.com\/wp-content\/uploads\/2018\/03\/organic_big-600x99.png 600w, https:\/\/dutchhealthstore.com\/wp-content\/uploads\/2018\/03\/organic_big-350x58.png 350w\" sizes=\"(max-width: 623px) 100vw, 623px\" \/><\/p>\n","protected":false},"excerpt":{"rendered":"<p>Sulfureux, musqu\u00e9, <strong>Ginger Lily Poetic Pits<\/strong> met en vedette la chaleur bois\u00e9e du lys gingembre gorg\u00e9 de miel qui danse avec les vibrations beurr\u00e9es et terreuses du v\u00e9tiver. Alors que le lys gingembre culbute le v\u00e9tiver, ils luttent et roulent vers une rivi\u00e8re o\u00f9 coulent le bois de santal parfum\u00e9 et la lavande langoureuse. Passez une fois pour charmer chaque aisselle avec ce d\u00e9odorant naturel super sensuel et efficace. Living Libations Ginger Lily Poetic Pits pr\u00e9pare vos aisselles \u00e0 un charme durable !  &nbsp;<\/p>\n","protected":false},"featured_media":359614,"comment_status":"open","ping_status":"closed","template":"","meta":[],"product_brand":[],"product_cat":[3566,1097,1211,1209,1030,1010,1501,1033],"product_tag":[4233,6644],"class_list":{"0":"post-113519","1":"product","2":"type-product","3":"status-publish","4":"has-post-thumbnail","6":"product_cat-living-libations-deodorants-living-libations","7":"product_cat-deodorants","8":"product_cat-living-libations-france","9":"product_cat-par-marques","10":"product_cat-par-produits","11":"product_cat-notre-boutique","12":"product_cat-corps-living-libations","13":"product_cat-body-care-fr","14":"product_tag-body-care-fr","15":"product_tag-deodorant-fr","16":"pa_brand-livinglibations-fr","17":"pa_size-1-25-ml-sample-fr","18":"pa_size-5-ml-fr","19":"pa_size-10-ml-fr","21":"first","22":"instock","23":"taxable","24":"shipping-taxable","25":"purchasable","26":"product-type-variable"},"bundled_by":[],"bundle_stock_status":"instock","bundle_stock_quantity":null,"bundle_virtual":false,"bundle_layout":"","bundle_add_to_cart_form_location":"","bundle_editable_in_cart":false,"bundle_sold_individually_context":"","bundle_item_grouping":"","bundle_min_size":"","bundle_max_size":"","bundle_price":[],"bundled_items":[],"bundle_sell_ids":[],"atum_controlled":true,"out_stock_date":null,"out_stock_threshold":null,"inheritable":true,"stock_on_hold":0,"sold_today":0,"sales_last_days":0,"out_stock_days":0,"lost_sales":0,"update_date":"2026-04-09T01:47:28","atum_locations":[],"atum_stock_status":"instock","restock_status":false,"low_stock_amount":"","sales_update_date":"2026-04-09T01:47:28","calc_backorders":null,"group_of_quantity":0,"min_quantity":0,"max_quantity":"","exclude_order_quantity_value_rules":"no","exclude_category_quantity_rules":"no","combine_variations":"no","yoast_head":"<!-- This site is optimized with the Yoast SEO Premium plugin v26.5 (Yoast SEO v26.5) - https:\/\/yoast.com\/wordpress\/plugins\/seo\/ -->\n<title>Poetic Pits Ginger Lily | Living Libations<\/title>\n<meta name=\"description\" content=\"Des fleurs de lys au gingembre sulfureux distill\u00e9es avec des gouttes de v\u00e9tiver cr\u00e9ent des fosses divines pendant des jours!\" \/>\n<meta name=\"robots\" content=\"index, follow, max-snippet:-1, max-image-preview:large, max-video-preview:-1\" \/>\n<link rel=\"canonical\" href=\"https:\/\/dutchhealthstore.com\/fr\/product\/poetic-pits-gingerlily\/\" \/>\n<meta property=\"og:locale\" content=\"fr_FR\" \/>\n<meta property=\"og:type\" content=\"article\" \/>\n<meta property=\"og:title\" content=\"Poetic Pits - Ginger Lily - Dutch Health Store\" \/>\n<meta property=\"og:description\" content=\"Des fleurs de lys au gingembre sulfureux distill\u00e9es avec des gouttes de v\u00e9tiver cr\u00e9ent des fosses divines pendant des jours!\" \/>\n<meta property=\"og:url\" content=\"https:\/\/dutchhealthstore.com\/fr\/product\/poetic-pits-gingerlily\/\" \/>\n<meta property=\"og:site_name\" content=\"Dutch Health Store\" \/>\n<meta property=\"article:publisher\" content=\"https:\/\/www.instagram.com\/dutchhealthstore\/\" \/>\n<meta property=\"article:modified_time\" content=\"2025-09-23T13:28:58+00:00\" \/>\n<meta property=\"og:image\" content=\"https:\/\/dutchhealthstore.com\/wp-content\/uploads\/2018\/02\/ll-poetic-pits-gingerlily-10ml.jpg\" \/>\n\t<meta property=\"og:image:width\" content=\"530\" \/>\n\t<meta property=\"og:image:height\" content=\"530\" \/>\n\t<meta property=\"og:image:type\" content=\"image\/jpeg\" \/>\n<meta name=\"twitter:card\" content=\"summary_large_image\" \/>\n<meta name=\"twitter:label1\" content=\"Disponibilit\u00e9\" \/>\n\t<meta name=\"twitter:data1\" content=\"En stock\" \/>\n<script type=\"application\/ld+json\" class=\"yoast-schema-graph\">{\"@context\":\"https:\/\/schema.org\",\"@graph\":[{\"@type\":\"WebPage\",\"@id\":\"https:\/\/dutchhealthstore.com\/fr\/product\/poetic-pits-gingerlily\/\",\"url\":\"https:\/\/dutchhealthstore.com\/fr\/product\/poetic-pits-gingerlily\/\",\"name\":\"Poetic Pits Ginger Lily | Living Libations\",\"isPartOf\":{\"@id\":\"https:\/\/dutchhealthstore.com\/fr\/#website\"},\"primaryImageOfPage\":{\"@id\":\"https:\/\/dutchhealthstore.com\/fr\/product\/poetic-pits-gingerlily\/#primaryimage\"},\"image\":{\"@id\":\"https:\/\/dutchhealthstore.com\/fr\/product\/poetic-pits-gingerlily\/#primaryimage\"},\"thumbnailUrl\":\"https:\/\/dutchhealthstore.com\/wp-content\/uploads\/2018\/02\/ll-poetic-pits-ginger-lily.jpg\",\"datePublished\":\"2018-02-10T19:22:46+00:00\",\"dateModified\":\"2025-09-23T13:28:58+00:00\",\"description\":\"Des fleurs de lys au gingembre sulfureux distill\u00e9es avec des gouttes de v\u00e9tiver cr\u00e9ent des fosses divines pendant des jours!\",\"breadcrumb\":{\"@id\":\"https:\/\/dutchhealthstore.com\/fr\/product\/poetic-pits-gingerlily\/#breadcrumb\"},\"inLanguage\":\"fr-FR\",\"potentialAction\":[{\"@type\":\"ReadAction\",\"target\":[\"https:\/\/dutchhealthstore.com\/fr\/product\/poetic-pits-gingerlily\/\"]}]},{\"@type\":\"ImageObject\",\"inLanguage\":\"fr-FR\",\"@id\":\"https:\/\/dutchhealthstore.com\/fr\/product\/poetic-pits-gingerlily\/#primaryimage\",\"url\":\"https:\/\/dutchhealthstore.com\/wp-content\/uploads\/2018\/02\/ll-poetic-pits-ginger-lily.jpg\",\"contentUrl\":\"https:\/\/dutchhealthstore.com\/wp-content\/uploads\/2018\/02\/ll-poetic-pits-ginger-lily.jpg\",\"width\":530,\"height\":530,\"caption\":\"ll-poetic-pits-ginger-lily\"},{\"@type\":\"BreadcrumbList\",\"@id\":\"https:\/\/dutchhealthstore.com\/fr\/product\/poetic-pits-gingerlily\/#breadcrumb\",\"itemListElement\":[{\"@type\":\"ListItem\",\"position\":1,\"name\":\"Home\",\"item\":\"https:\/\/dutchhealthstore.com\/fr\/\"},{\"@type\":\"ListItem\",\"position\":2,\"name\":\"Shop\",\"item\":\"https:\/\/dutchhealthstore.com\/fr\/shop\/\"},{\"@type\":\"ListItem\",\"position\":3,\"name\":\"Poetic Pits &#8211; Ginger Lily\"}]},{\"@type\":\"WebSite\",\"@id\":\"https:\/\/dutchhealthstore.com\/fr\/#website\",\"url\":\"https:\/\/dutchhealthstore.com\/fr\/\",\"name\":\"Dutch Health Store\",\"description\":\"Enhance Your Beauty with Organic &amp; Natural Skincare\",\"publisher\":{\"@id\":\"https:\/\/dutchhealthstore.com\/fr\/#organization\"},\"potentialAction\":[{\"@type\":\"SearchAction\",\"target\":{\"@type\":\"EntryPoint\",\"urlTemplate\":\"https:\/\/dutchhealthstore.com\/fr\/?s={search_term_string}\"},\"query-input\":{\"@type\":\"PropertyValueSpecification\",\"valueRequired\":true,\"valueName\":\"search_term_string\"}}],\"inLanguage\":\"fr-FR\"},{\"@type\":\"Organization\",\"@id\":\"https:\/\/dutchhealthstore.com\/fr\/#organization\",\"name\":\"Dutch Health Store\",\"url\":\"https:\/\/dutchhealthstore.com\/fr\/\",\"logo\":{\"@type\":\"ImageObject\",\"inLanguage\":\"fr-FR\",\"@id\":\"https:\/\/dutchhealthstore.com\/fr\/#\/schema\/logo\/image\/\",\"url\":\"https:\/\/dutchhealthstore.com\/wp-content\/uploads\/2020\/08\/logo-dutchhealthstore-jpg-e1599484957574.jpg\",\"contentUrl\":\"https:\/\/dutchhealthstore.com\/wp-content\/uploads\/2020\/08\/logo-dutchhealthstore-jpg-e1599484957574.jpg\",\"width\":400,\"height\":62,\"caption\":\"Dutch Health Store\"},\"image\":{\"@id\":\"https:\/\/dutchhealthstore.com\/fr\/#\/schema\/logo\/image\/\"},\"sameAs\":[\"https:\/\/www.instagram.com\/dutchhealthstore\/\",\"https:\/\/www.facebook.com\/dutchhealthstore\"]}]}<\/script>\n<meta property=\"product:brand\" content=\"Living Libations\" \/>\n<meta property=\"og:availability\" content=\"instock\" \/>\n<meta property=\"product:availability\" content=\"instock\" \/>\n<meta property=\"product:condition\" content=\"new\" \/>\n<!-- \/ Yoast SEO Premium plugin. -->","yoast_head_json":{"title":"Poetic Pits Ginger Lily | Living Libations","description":"Des fleurs de lys au gingembre sulfureux distill\u00e9es avec des gouttes de v\u00e9tiver cr\u00e9ent des fosses divines pendant des jours!","robots":{"index":"index","follow":"follow","max-snippet":"max-snippet:-1","max-image-preview":"max-image-preview:large","max-video-preview":"max-video-preview:-1"},"canonical":"https:\/\/dutchhealthstore.com\/fr\/product\/poetic-pits-gingerlily\/","og_locale":"fr_FR","og_type":"article","og_title":"Poetic Pits - Ginger Lily - Dutch Health Store","og_description":"Des fleurs de lys au gingembre sulfureux distill\u00e9es avec des gouttes de v\u00e9tiver cr\u00e9ent des fosses divines pendant des jours!","og_url":"https:\/\/dutchhealthstore.com\/fr\/product\/poetic-pits-gingerlily\/","og_site_name":"Dutch Health Store","article_publisher":"https:\/\/www.instagram.com\/dutchhealthstore\/","article_modified_time":"2025-09-23T13:28:58+00:00","og_image":[{"width":530,"height":530,"url":"https:\/\/dutchhealthstore.com\/wp-content\/uploads\/2018\/02\/ll-poetic-pits-gingerlily-10ml.jpg","type":"image\/jpeg"}],"twitter_card":"summary_large_image","twitter_misc":{"Disponibilit\u00e9":"En stock"},"schema":{"@context":"https:\/\/schema.org","@graph":[{"@type":"WebPage","@id":"https:\/\/dutchhealthstore.com\/fr\/product\/poetic-pits-gingerlily\/","url":"https:\/\/dutchhealthstore.com\/fr\/product\/poetic-pits-gingerlily\/","name":"Poetic Pits Ginger Lily | Living Libations","isPartOf":{"@id":"https:\/\/dutchhealthstore.com\/fr\/#website"},"primaryImageOfPage":{"@id":"https:\/\/dutchhealthstore.com\/fr\/product\/poetic-pits-gingerlily\/#primaryimage"},"image":{"@id":"https:\/\/dutchhealthstore.com\/fr\/product\/poetic-pits-gingerlily\/#primaryimage"},"thumbnailUrl":"https:\/\/dutchhealthstore.com\/wp-content\/uploads\/2018\/02\/ll-poetic-pits-ginger-lily.jpg","datePublished":"2018-02-10T19:22:46+00:00","dateModified":"2025-09-23T13:28:58+00:00","description":"Des fleurs de lys au gingembre sulfureux distill\u00e9es avec des gouttes de v\u00e9tiver cr\u00e9ent des fosses divines pendant des jours!","breadcrumb":{"@id":"https:\/\/dutchhealthstore.com\/fr\/product\/poetic-pits-gingerlily\/#breadcrumb"},"inLanguage":"fr-FR","potentialAction":[{"@type":"ReadAction","target":["https:\/\/dutchhealthstore.com\/fr\/product\/poetic-pits-gingerlily\/"]}]},{"@type":"ImageObject","inLanguage":"fr-FR","@id":"https:\/\/dutchhealthstore.com\/fr\/product\/poetic-pits-gingerlily\/#primaryimage","url":"https:\/\/dutchhealthstore.com\/wp-content\/uploads\/2018\/02\/ll-poetic-pits-ginger-lily.jpg","contentUrl":"https:\/\/dutchhealthstore.com\/wp-content\/uploads\/2018\/02\/ll-poetic-pits-ginger-lily.jpg","width":530,"height":530,"caption":"ll-poetic-pits-ginger-lily"},{"@type":"BreadcrumbList","@id":"https:\/\/dutchhealthstore.com\/fr\/product\/poetic-pits-gingerlily\/#breadcrumb","itemListElement":[{"@type":"ListItem","position":1,"name":"Home","item":"https:\/\/dutchhealthstore.com\/fr\/"},{"@type":"ListItem","position":2,"name":"Shop","item":"https:\/\/dutchhealthstore.com\/fr\/shop\/"},{"@type":"ListItem","position":3,"name":"Poetic Pits &#8211; Ginger Lily"}]},{"@type":"WebSite","@id":"https:\/\/dutchhealthstore.com\/fr\/#website","url":"https:\/\/dutchhealthstore.com\/fr\/","name":"Dutch Health Store","description":"Enhance Your Beauty with Organic &amp; Natural Skincare","publisher":{"@id":"https:\/\/dutchhealthstore.com\/fr\/#organization"},"potentialAction":[{"@type":"SearchAction","target":{"@type":"EntryPoint","urlTemplate":"https:\/\/dutchhealthstore.com\/fr\/?s={search_term_string}"},"query-input":{"@type":"PropertyValueSpecification","valueRequired":true,"valueName":"search_term_string"}}],"inLanguage":"fr-FR"},{"@type":"Organization","@id":"https:\/\/dutchhealthstore.com\/fr\/#organization","name":"Dutch Health Store","url":"https:\/\/dutchhealthstore.com\/fr\/","logo":{"@type":"ImageObject","inLanguage":"fr-FR","@id":"https:\/\/dutchhealthstore.com\/fr\/#\/schema\/logo\/image\/","url":"https:\/\/dutchhealthstore.com\/wp-content\/uploads\/2020\/08\/logo-dutchhealthstore-jpg-e1599484957574.jpg","contentUrl":"https:\/\/dutchhealthstore.com\/wp-content\/uploads\/2020\/08\/logo-dutchhealthstore-jpg-e1599484957574.jpg","width":400,"height":62,"caption":"Dutch Health Store"},"image":{"@id":"https:\/\/dutchhealthstore.com\/fr\/#\/schema\/logo\/image\/"},"sameAs":["https:\/\/www.instagram.com\/dutchhealthstore\/","https:\/\/www.facebook.com\/dutchhealthstore"]}]},"product_brand":"Living Libations","og_availability":"instock","product_availability":"instock","product_condition":"new"},"_links":{"self":[{"href":"https:\/\/dutchhealthstore.com\/fr\/wp-json\/wp\/v2\/product\/113519","targetHints":{"allow":["GET"]}}],"collection":[{"href":"https:\/\/dutchhealthstore.com\/fr\/wp-json\/wp\/v2\/product"}],"about":[{"href":"https:\/\/dutchhealthstore.com\/fr\/wp-json\/wp\/v2\/types\/product"}],"replies":[{"embeddable":true,"href":"https:\/\/dutchhealthstore.com\/fr\/wp-json\/wp\/v2\/comments?post=113519"}],"wp:featuredmedia":[{"embeddable":true,"href":"https:\/\/dutchhealthstore.com\/fr\/wp-json\/wp\/v2\/media\/359614"}],"wp:attachment":[{"href":"https:\/\/dutchhealthstore.com\/fr\/wp-json\/wp\/v2\/media?parent=113519"}],"wp:term":[{"taxonomy":"product_brand","embeddable":true,"href":"https:\/\/dutchhealthstore.com\/fr\/wp-json\/wp\/v2\/product_brand?post=113519"},{"taxonomy":"product_cat","embeddable":true,"href":"https:\/\/dutchhealthstore.com\/fr\/wp-json\/wp\/v2\/product_cat?post=113519"},{"taxonomy":"product_tag","embeddable":true,"href":"https:\/\/dutchhealthstore.com\/fr\/wp-json\/wp\/v2\/product_tag?post=113519"}],"curies":[{"name":"wp","href":"https:\/\/api.w.org\/{rel}","templated":true}]}}