{"id":113500,"date":"2018-02-10T19:49:42","date_gmt":"2018-02-10T19:49:42","guid":{"rendered":"https:\/\/dutchhealthstore.com\/product\/lavender-poetic-pits-petal-fresh\/"},"modified":"2026-03-04T22:07:58","modified_gmt":"2026-03-04T21:07:58","slug":"lavender-poetic-pits-petal-fresh","status":"publish","type":"product","link":"https:\/\/dutchhealthstore.com\/fr\/product\/lavender-poetic-pits-petal-fresh\/","title":{"rendered":"Poetic Pits &#8211; Lavender"},"content":{"rendered":"<p><img decoding=\"async\" class=\"size-full wp-image-37041 alignright\" src=\"https:\/\/dutchhealthstore.com\/wp-content\/uploads\/2018\/04\/Living_Libations-1.png\" alt=\"Organic &amp; Natural Beautyproducts - Living Libations\" width=\"175\" height=\"82\"><\/p>\n<h3>Utiliser<\/h3>\n<p>Passez une fois pour charmer chaque aisselle. Associez ce puits po\u00e9tique avec les parfums Sacred Sage, Ever Moss, Radiant Earth Forest, Fawn Lily, Lilac Lady, Being Free is Lots of Fun, Fire Lily ou Lavish Abundance Petal.<\/p>\n<h3>Veuillez noter<\/h3>\n<p>Les fosses po\u00e9tiques sont des huiles essentielles concentr\u00e9es \u00e0 100%, il est donc pr\u00e9f\u00e9rable d&rsquo;\u00e9viter les peaux endommag\u00e9es, enflamm\u00e9es et allergiques. Les ingr\u00e9dients sont s\u00e9lectionn\u00e9s parmi les huiles essentielles reconnues comme s\u00fbres pour la peau. Comme chaque personne a une peau qui r\u00e9agit de mani\u00e8re unique, nous conseillons aux utilisateurs de faire un test \u00e9picutan\u00e9 \u00e0 l&rsquo;int\u00e9rieur du coude avant de l&rsquo;utiliser. Tenir hors de port\u00e9e des enfants. Pour une utilisation sur une peau extra-sensible, diluez avec de l&rsquo;huile de jojoba ou essayez nos Cr\u00e8me Underarm Charms.<\/p>\n<h3 class=\"yikes-custom-woo-tab-title yikes-custom-woo-tab-title-natural-organic-ingredients\">Natural\/Organic Ingredients<\/h3>\n<p><strong>huile essentielle de Bois de Santal<\/strong> <em>(Santalum album) &#8211;<\/em> Le bois de santal est riche et cr\u00e9meux, offrant un parfum de r\u00eave qui s&rsquo;harmonise avec votre parfum personnel tout en \u00e9quilibrant la production d&rsquo;huile. Des aisselles plus s\u00e8ches et un niveau d&rsquo;hydratation parfait vous permettent d&rsquo;avoir confiance en votre charme sous les bras. Notre essence de bois de santal au parfum divin, r\u00e9colt\u00e9e de mani\u00e8re \u00e9thique, est distill\u00e9e \u00e0 partir du c\u0153ur de l&rsquo;arbre aromatique. Il regorge d&rsquo;une magnifique hydratation et de pouvoirs biotiques botaniques. Cette huile chaude, riche et sensuelle est un produit de base dans nos Poetic Pits et dans les soins naturel de la peau et des cheveux dans le monde entier.<\/p>\n<p><strong> huile essentielle de lavande <\/strong><em>(Lavandula officinalis) &#8211; <\/em>La belle huile de lavande est plus qu&rsquo;un produit de base de l&rsquo;aromath\u00e9rapie; c&rsquo;est la muse parfaite pour charmer vos aisselles! La lavande est un calmant \u00e9motionnel et un apaisant, mais elle est aussi merveilleuse pour la peau. Sous les bras, la lavande apaise la peau sensible apr\u00e8s le rasage. La lavande, dont le nom vient du latin \u00ab\u00a0laver\u00a0\u00bb, est un liniment adorable qui conf\u00e8re \u00e0 notre charme des aisselles un p\u00e9tale de calme d\u00e9tendu.<\/p>\n<p><strong>Spikenard huile Essentielle <\/strong><em>(Nardostachys jatamansi) &#8211; <\/em>Spikenard sent la terre et l&rsquo;antiquit\u00e9; il est compos\u00e9 de milliers d&rsquo;ann\u00e9es d&rsquo;histoire c\u00e9leste. Cette racine aromatique est le summum du luxe naturel. Apr\u00e8s tout, c&rsquo;est le nard qui est mentionn\u00e9 dans le Cantique des Cantiques et utilis\u00e9 par Marie-Madeleine pour oindre les pieds du Christ, et c&rsquo;est ce m\u00eame onguent qui a fait reculer Judas devant l&rsquo;extravagance de Marie, le nard \u00e9tant plus pr\u00e9cieux que l&rsquo;or. Cette essence racine profond\u00e9ment rassurante d\u00e9tend les r\u00e9sistances et \u00e9largit les \u00e9tats r\u00e9ceptifs.<\/p>\n<p><strong>Balsam Amyris<\/strong> <em>(Amyris balsamifera<\/em> ) &#8211; All\u00e9gez votre humeur et illuminez vos puits avec Balsam Amyris, un ar\u00f4me charmant et durable qui est doucement balsamique, l\u00e9g\u00e8rement sucr\u00e9 avec un soup\u00e7on de vanille. La chaleur subtile de cette essence nimbe les nerfs et calme les temp\u00e9raments.<\/p>\n<p><img fetchpriority=\"high\" decoding=\"async\" class=\"size-full wp-image-31577 aligncenter\" src=\"https:\/\/dutchhealthstore.com\/wp-content\/uploads\/2018\/03\/organic_big.png\" alt=\"Organic and Natural - Living Libations\" width=\"623\" height=\"103\" srcset=\"https:\/\/dutchhealthstore.com\/wp-content\/uploads\/2018\/03\/organic_big.png 623w, https:\/\/dutchhealthstore.com\/wp-content\/uploads\/2018\/03\/organic_big-510x84.png 510w, https:\/\/dutchhealthstore.com\/wp-content\/uploads\/2018\/03\/organic_big-600x99.png 600w, https:\/\/dutchhealthstore.com\/wp-content\/uploads\/2018\/03\/organic_big-350x58.png 350w\" sizes=\"(max-width: 623px) 100vw, 623px\" \/><\/p>\n<p>PoeticPits_Pair_Lavnder.webp<\/p>\n","protected":false},"excerpt":{"rendered":"<p>Levez les bras avec assurance car il n&rsquo;y a pas besoin de s&rsquo;inqui\u00e9ter et de transpirer les petites choses avec Living Libations <strong>Lavender Poetic Pits<\/strong>. Lib\u00e9rez votre po\u00e8me aromatique unique avec aplomb en \u00e9mettant un magnifique m\u00e9lange de lavande langoureuse fusionn\u00e9e avec le sublime bois de santal et le nard dans un d\u00e9odorant de r\u00eave. Cette c\u00e9l\u00e9bration sensuelle de la relaxation d\u00e9gouline de fleurs chaudes et invitantes, infus\u00e9es de bois de c\u0153ur et de racines terreuses, pour louer chaque aisselle avec un charme captivant.<\/p>\n","protected":false},"featured_media":299535,"comment_status":"open","ping_status":"closed","template":"","meta":[],"product_brand":[],"product_cat":[3566,1097,1211,1209,1030,1010,1501,1033],"product_tag":[4233,6644],"class_list":{"0":"post-113500","1":"product","2":"type-product","3":"status-publish","4":"has-post-thumbnail","6":"product_cat-living-libations-deodorants-living-libations","7":"product_cat-deodorants","8":"product_cat-living-libations-france","9":"product_cat-par-marques","10":"product_cat-par-produits","11":"product_cat-notre-boutique","12":"product_cat-corps-living-libations","13":"product_cat-body-care-fr","14":"product_tag-body-care-fr","15":"product_tag-deodorant-fr","16":"pa_brand-livinglibations-fr","17":"pa_size-1-25-ml-sample-fr","18":"pa_size-5-ml-fr","19":"pa_size-10-ml-fr","21":"first","22":"instock","23":"taxable","24":"shipping-taxable","25":"purchasable","26":"product-type-variable"},"bundled_by":[],"bundle_stock_status":"instock","bundle_stock_quantity":null,"bundle_virtual":false,"bundle_layout":"","bundle_add_to_cart_form_location":"","bundle_editable_in_cart":false,"bundle_sold_individually_context":"","bundle_item_grouping":"","bundle_min_size":"","bundle_max_size":"","bundle_price":[],"bundled_items":[],"bundle_sell_ids":[107695],"atum_controlled":true,"out_stock_date":null,"out_stock_threshold":null,"inheritable":true,"stock_on_hold":0,"sold_today":0,"sales_last_days":0,"out_stock_days":0,"lost_sales":0,"update_date":"2026-04-02T09:38:16","atum_locations":[],"atum_stock_status":"instock","restock_status":false,"low_stock_amount":"","sales_update_date":"2026-04-02T09:38:16","calc_backorders":null,"group_of_quantity":0,"min_quantity":0,"max_quantity":"","exclude_order_quantity_value_rules":"no","exclude_category_quantity_rules":"no","combine_variations":"no","yoast_head":"<!-- This site is optimized with the Yoast SEO Premium plugin v26.5 (Yoast SEO v26.5) - https:\/\/yoast.com\/wordpress\/plugins\/seo\/ -->\n<title>Poetic Pits Lavender | Living Libations<\/title>\n<meta name=\"description\" content=\"Lavender Poetic Pits est un beau d\u00e9odorant sublime, qui chuchote - ne transpire pas les petites choses!\" \/>\n<meta name=\"robots\" content=\"index, follow, max-snippet:-1, max-image-preview:large, max-video-preview:-1\" \/>\n<link rel=\"canonical\" href=\"https:\/\/dutchhealthstore.com\/fr\/product\/lavender-poetic-pits-petal-fresh\/\" \/>\n<meta property=\"og:locale\" content=\"fr_FR\" \/>\n<meta property=\"og:type\" content=\"article\" \/>\n<meta property=\"og:title\" content=\"Poetic Pits - Lavender - Dutch Health Store\" \/>\n<meta property=\"og:description\" content=\"Lavender Poetic Pits est un beau d\u00e9odorant sublime, qui chuchote - ne transpire pas les petites choses!\" \/>\n<meta property=\"og:url\" content=\"https:\/\/dutchhealthstore.com\/fr\/product\/lavender-poetic-pits-petal-fresh\/\" \/>\n<meta property=\"og:site_name\" content=\"Dutch Health Store\" \/>\n<meta property=\"article:publisher\" content=\"https:\/\/www.instagram.com\/dutchhealthstore\/\" \/>\n<meta property=\"article:modified_time\" content=\"2026-03-04T21:07:58+00:00\" \/>\n<meta property=\"og:image\" content=\"https:\/\/dutchhealthstore.com\/wp-content\/uploads\/2018\/02\/ll-poetic-pits-lavender-beide.jpg\" \/>\n\t<meta property=\"og:image:width\" content=\"530\" \/>\n\t<meta property=\"og:image:height\" content=\"530\" \/>\n\t<meta property=\"og:image:type\" content=\"image\/jpeg\" \/>\n<meta name=\"twitter:card\" content=\"summary_large_image\" \/>\n<meta name=\"twitter:label1\" content=\"Disponibilit\u00e9\" \/>\n\t<meta name=\"twitter:data1\" content=\"En stock\" \/>\n<script type=\"application\/ld+json\" class=\"yoast-schema-graph\">{\"@context\":\"https:\/\/schema.org\",\"@graph\":[{\"@type\":\"WebPage\",\"@id\":\"https:\/\/dutchhealthstore.com\/fr\/product\/lavender-poetic-pits-petal-fresh\/\",\"url\":\"https:\/\/dutchhealthstore.com\/fr\/product\/lavender-poetic-pits-petal-fresh\/\",\"name\":\"Poetic Pits Lavender | Living Libations\",\"isPartOf\":{\"@id\":\"https:\/\/dutchhealthstore.com\/fr\/#website\"},\"primaryImageOfPage\":{\"@id\":\"https:\/\/dutchhealthstore.com\/fr\/product\/lavender-poetic-pits-petal-fresh\/#primaryimage\"},\"image\":{\"@id\":\"https:\/\/dutchhealthstore.com\/fr\/product\/lavender-poetic-pits-petal-fresh\/#primaryimage\"},\"thumbnailUrl\":\"https:\/\/dutchhealthstore.com\/wp-content\/uploads\/2018\/02\/ll-poetic-pits-lavender-beide.jpg\",\"datePublished\":\"2018-02-10T19:49:42+00:00\",\"dateModified\":\"2026-03-04T21:07:58+00:00\",\"description\":\"Lavender Poetic Pits est un beau d\u00e9odorant sublime, qui chuchote - ne transpire pas les petites choses!\",\"breadcrumb\":{\"@id\":\"https:\/\/dutchhealthstore.com\/fr\/product\/lavender-poetic-pits-petal-fresh\/#breadcrumb\"},\"inLanguage\":\"fr-FR\",\"potentialAction\":[{\"@type\":\"ReadAction\",\"target\":[\"https:\/\/dutchhealthstore.com\/fr\/product\/lavender-poetic-pits-petal-fresh\/\"]}]},{\"@type\":\"ImageObject\",\"inLanguage\":\"fr-FR\",\"@id\":\"https:\/\/dutchhealthstore.com\/fr\/product\/lavender-poetic-pits-petal-fresh\/#primaryimage\",\"url\":\"https:\/\/dutchhealthstore.com\/wp-content\/uploads\/2018\/02\/ll-poetic-pits-lavender-beide.jpg\",\"contentUrl\":\"https:\/\/dutchhealthstore.com\/wp-content\/uploads\/2018\/02\/ll-poetic-pits-lavender-beide.jpg\",\"width\":530,\"height\":530,\"caption\":\"ll-poetic-pits-lavender-beide\"},{\"@type\":\"BreadcrumbList\",\"@id\":\"https:\/\/dutchhealthstore.com\/fr\/product\/lavender-poetic-pits-petal-fresh\/#breadcrumb\",\"itemListElement\":[{\"@type\":\"ListItem\",\"position\":1,\"name\":\"Home\",\"item\":\"https:\/\/dutchhealthstore.com\/fr\/\"},{\"@type\":\"ListItem\",\"position\":2,\"name\":\"Shop\",\"item\":\"https:\/\/dutchhealthstore.com\/fr\/shop\/\"},{\"@type\":\"ListItem\",\"position\":3,\"name\":\"Poetic Pits &#8211; Lavender\"}]},{\"@type\":\"WebSite\",\"@id\":\"https:\/\/dutchhealthstore.com\/fr\/#website\",\"url\":\"https:\/\/dutchhealthstore.com\/fr\/\",\"name\":\"Dutch Health Store\",\"description\":\"Enhance Your Beauty with Organic &amp; Natural Skincare\",\"publisher\":{\"@id\":\"https:\/\/dutchhealthstore.com\/fr\/#organization\"},\"potentialAction\":[{\"@type\":\"SearchAction\",\"target\":{\"@type\":\"EntryPoint\",\"urlTemplate\":\"https:\/\/dutchhealthstore.com\/fr\/?s={search_term_string}\"},\"query-input\":{\"@type\":\"PropertyValueSpecification\",\"valueRequired\":true,\"valueName\":\"search_term_string\"}}],\"inLanguage\":\"fr-FR\"},{\"@type\":\"Organization\",\"@id\":\"https:\/\/dutchhealthstore.com\/fr\/#organization\",\"name\":\"Dutch Health Store\",\"url\":\"https:\/\/dutchhealthstore.com\/fr\/\",\"logo\":{\"@type\":\"ImageObject\",\"inLanguage\":\"fr-FR\",\"@id\":\"https:\/\/dutchhealthstore.com\/fr\/#\/schema\/logo\/image\/\",\"url\":\"https:\/\/dutchhealthstore.com\/wp-content\/uploads\/2020\/08\/logo-dutchhealthstore-jpg-e1599484957574.jpg\",\"contentUrl\":\"https:\/\/dutchhealthstore.com\/wp-content\/uploads\/2020\/08\/logo-dutchhealthstore-jpg-e1599484957574.jpg\",\"width\":400,\"height\":62,\"caption\":\"Dutch Health Store\"},\"image\":{\"@id\":\"https:\/\/dutchhealthstore.com\/fr\/#\/schema\/logo\/image\/\"},\"sameAs\":[\"https:\/\/www.instagram.com\/dutchhealthstore\/\",\"https:\/\/www.facebook.com\/dutchhealthstore\"]}]}<\/script>\n<meta property=\"product:brand\" content=\"Living Libations\" \/>\n<meta property=\"og:availability\" content=\"instock\" \/>\n<meta property=\"product:availability\" content=\"instock\" \/>\n<meta property=\"product:condition\" content=\"new\" \/>\n<!-- \/ Yoast SEO Premium plugin. -->","yoast_head_json":{"title":"Poetic Pits Lavender | Living Libations","description":"Lavender Poetic Pits est un beau d\u00e9odorant sublime, qui chuchote - ne transpire pas les petites choses!","robots":{"index":"index","follow":"follow","max-snippet":"max-snippet:-1","max-image-preview":"max-image-preview:large","max-video-preview":"max-video-preview:-1"},"canonical":"https:\/\/dutchhealthstore.com\/fr\/product\/lavender-poetic-pits-petal-fresh\/","og_locale":"fr_FR","og_type":"article","og_title":"Poetic Pits - Lavender - Dutch Health Store","og_description":"Lavender Poetic Pits est un beau d\u00e9odorant sublime, qui chuchote - ne transpire pas les petites choses!","og_url":"https:\/\/dutchhealthstore.com\/fr\/product\/lavender-poetic-pits-petal-fresh\/","og_site_name":"Dutch Health Store","article_publisher":"https:\/\/www.instagram.com\/dutchhealthstore\/","article_modified_time":"2026-03-04T21:07:58+00:00","og_image":[{"width":530,"height":530,"url":"https:\/\/dutchhealthstore.com\/wp-content\/uploads\/2018\/02\/ll-poetic-pits-lavender-beide.jpg","type":"image\/jpeg"}],"twitter_card":"summary_large_image","twitter_misc":{"Disponibilit\u00e9":"En stock"},"schema":{"@context":"https:\/\/schema.org","@graph":[{"@type":"WebPage","@id":"https:\/\/dutchhealthstore.com\/fr\/product\/lavender-poetic-pits-petal-fresh\/","url":"https:\/\/dutchhealthstore.com\/fr\/product\/lavender-poetic-pits-petal-fresh\/","name":"Poetic Pits Lavender | Living Libations","isPartOf":{"@id":"https:\/\/dutchhealthstore.com\/fr\/#website"},"primaryImageOfPage":{"@id":"https:\/\/dutchhealthstore.com\/fr\/product\/lavender-poetic-pits-petal-fresh\/#primaryimage"},"image":{"@id":"https:\/\/dutchhealthstore.com\/fr\/product\/lavender-poetic-pits-petal-fresh\/#primaryimage"},"thumbnailUrl":"https:\/\/dutchhealthstore.com\/wp-content\/uploads\/2018\/02\/ll-poetic-pits-lavender-beide.jpg","datePublished":"2018-02-10T19:49:42+00:00","dateModified":"2026-03-04T21:07:58+00:00","description":"Lavender Poetic Pits est un beau d\u00e9odorant sublime, qui chuchote - ne transpire pas les petites choses!","breadcrumb":{"@id":"https:\/\/dutchhealthstore.com\/fr\/product\/lavender-poetic-pits-petal-fresh\/#breadcrumb"},"inLanguage":"fr-FR","potentialAction":[{"@type":"ReadAction","target":["https:\/\/dutchhealthstore.com\/fr\/product\/lavender-poetic-pits-petal-fresh\/"]}]},{"@type":"ImageObject","inLanguage":"fr-FR","@id":"https:\/\/dutchhealthstore.com\/fr\/product\/lavender-poetic-pits-petal-fresh\/#primaryimage","url":"https:\/\/dutchhealthstore.com\/wp-content\/uploads\/2018\/02\/ll-poetic-pits-lavender-beide.jpg","contentUrl":"https:\/\/dutchhealthstore.com\/wp-content\/uploads\/2018\/02\/ll-poetic-pits-lavender-beide.jpg","width":530,"height":530,"caption":"ll-poetic-pits-lavender-beide"},{"@type":"BreadcrumbList","@id":"https:\/\/dutchhealthstore.com\/fr\/product\/lavender-poetic-pits-petal-fresh\/#breadcrumb","itemListElement":[{"@type":"ListItem","position":1,"name":"Home","item":"https:\/\/dutchhealthstore.com\/fr\/"},{"@type":"ListItem","position":2,"name":"Shop","item":"https:\/\/dutchhealthstore.com\/fr\/shop\/"},{"@type":"ListItem","position":3,"name":"Poetic Pits &#8211; Lavender"}]},{"@type":"WebSite","@id":"https:\/\/dutchhealthstore.com\/fr\/#website","url":"https:\/\/dutchhealthstore.com\/fr\/","name":"Dutch Health Store","description":"Enhance Your Beauty with Organic &amp; Natural Skincare","publisher":{"@id":"https:\/\/dutchhealthstore.com\/fr\/#organization"},"potentialAction":[{"@type":"SearchAction","target":{"@type":"EntryPoint","urlTemplate":"https:\/\/dutchhealthstore.com\/fr\/?s={search_term_string}"},"query-input":{"@type":"PropertyValueSpecification","valueRequired":true,"valueName":"search_term_string"}}],"inLanguage":"fr-FR"},{"@type":"Organization","@id":"https:\/\/dutchhealthstore.com\/fr\/#organization","name":"Dutch Health Store","url":"https:\/\/dutchhealthstore.com\/fr\/","logo":{"@type":"ImageObject","inLanguage":"fr-FR","@id":"https:\/\/dutchhealthstore.com\/fr\/#\/schema\/logo\/image\/","url":"https:\/\/dutchhealthstore.com\/wp-content\/uploads\/2020\/08\/logo-dutchhealthstore-jpg-e1599484957574.jpg","contentUrl":"https:\/\/dutchhealthstore.com\/wp-content\/uploads\/2020\/08\/logo-dutchhealthstore-jpg-e1599484957574.jpg","width":400,"height":62,"caption":"Dutch Health Store"},"image":{"@id":"https:\/\/dutchhealthstore.com\/fr\/#\/schema\/logo\/image\/"},"sameAs":["https:\/\/www.instagram.com\/dutchhealthstore\/","https:\/\/www.facebook.com\/dutchhealthstore"]}]},"product_brand":"Living Libations","og_availability":"instock","product_availability":"instock","product_condition":"new"},"_links":{"self":[{"href":"https:\/\/dutchhealthstore.com\/fr\/wp-json\/wp\/v2\/product\/113500","targetHints":{"allow":["GET"]}}],"collection":[{"href":"https:\/\/dutchhealthstore.com\/fr\/wp-json\/wp\/v2\/product"}],"about":[{"href":"https:\/\/dutchhealthstore.com\/fr\/wp-json\/wp\/v2\/types\/product"}],"replies":[{"embeddable":true,"href":"https:\/\/dutchhealthstore.com\/fr\/wp-json\/wp\/v2\/comments?post=113500"}],"wp:featuredmedia":[{"embeddable":true,"href":"https:\/\/dutchhealthstore.com\/fr\/wp-json\/wp\/v2\/media\/299535"}],"wp:attachment":[{"href":"https:\/\/dutchhealthstore.com\/fr\/wp-json\/wp\/v2\/media?parent=113500"}],"wp:term":[{"taxonomy":"product_brand","embeddable":true,"href":"https:\/\/dutchhealthstore.com\/fr\/wp-json\/wp\/v2\/product_brand?post=113500"},{"taxonomy":"product_cat","embeddable":true,"href":"https:\/\/dutchhealthstore.com\/fr\/wp-json\/wp\/v2\/product_cat?post=113500"},{"taxonomy":"product_tag","embeddable":true,"href":"https:\/\/dutchhealthstore.com\/fr\/wp-json\/wp\/v2\/product_tag?post=113500"}],"curies":[{"name":"wp","href":"https:\/\/api.w.org\/{rel}","templated":true}]}}