{"id":113472,"date":"2020-07-13T12:58:55","date_gmt":"2020-07-13T12:58:55","guid":{"rendered":"https:\/\/dutchhealthstore.com\/product\/poetic-pits-classic\/"},"modified":"2025-12-23T09:52:11","modified_gmt":"2025-12-23T08:52:11","slug":"poetic-pits-classic","status":"publish","type":"product","link":"https:\/\/dutchhealthstore.com\/fr\/product\/poetic-pits-classic\/","title":{"rendered":"Poetic Pits &#8211; Classic"},"content":{"rendered":"<p><img decoding=\"async\" class=\"size-full wp-image-69549 alignright\" src=\"https:\/\/dutchhealthstore.com\/wp-content\/uploads\/2019\/08\/NEW-Living-Libations-Logo.jpg\" alt=\"NEW - Living Libations - Logo\" width=\"175\" height=\"82\">Ce d\u00e9odorant naturel est compos\u00e9 d&rsquo;un triumvirat d&rsquo;huiles all\u00e9chantes pour mettre en valeur votre essence personnelle, \u00e9liminer les bact\u00e9ries responsables des odeurs et enflammer vos sens d\u00e8s que vous l&rsquo;appliquez.<\/p>\n<p>Notre charme original pour les aisselles est un d\u00e9odorant \u00e9blouissant et d\u00e9sarmant, rempli de la majest\u00e9 des arbres, pr\u00eat \u00e0 r\u00e9pandre son ar\u00f4me sur votre peau.<\/p>\n<h3>Utiliser<\/h3>\n<p>Passez une fois pour charmer chaque aisselle. Associez ce puits po\u00e9tique aux parfums Trees Please, Ever Moss, Radiant Earth Forest Colognes, Fawn Lily, Fire Lily, Lilac Lady ou Lavish Abundance Petal.<\/p>\n<p><strong>Taille: 5 ml, 10 ml et 30 ml<\/strong><\/p>\n<h3>Veuillez noter<\/h3>\n<p>Poetic Pits sont des huiles essentielles concentr\u00e9es \u00e0 100%, il est donc pr\u00e9f\u00e9rable d&rsquo;\u00e9viter les peaux endommag\u00e9es, enflamm\u00e9es et allergiques. Les ingr\u00e9dients sont s\u00e9lectionn\u00e9s parmi les huiles essentielles reconnues comme s\u00fbres pour la peau. Comme chaque personne a une peau qui r\u00e9agit de mani\u00e8re unique, nous conseillons aux utilisateurs de faire un test \u00e9picutan\u00e9 \u00e0 l&rsquo;int\u00e9rieur du coude avant de l&rsquo;utiliser. Tenir hors de port\u00e9e des enfants. Pour une utilisation sur une peau extra-sensible, diluez avec de l&rsquo;huile de jojoba ou essayez nos Cr\u00e8me Underarm Charms<\/p>\n<h3 class=\"yikes-custom-woo-tab-title yikes-custom-woo-tab-title-natural-organic-ingredients\">Ingr\u00e9dients Naturels\/Biologiques<\/h3>\n<p><strong> huile bois de santal<\/strong> <em>(Santalum album)<\/em> &#8211; Le bois de santal est riche et cr\u00e9meux, offrant un parfum de r\u00eave qui s&rsquo;harmonise avec votre parfum personnel tout en \u00e9quilibrant la production d&rsquo;huile. Des aisselles plus s\u00e8ches et un niveau d&rsquo;hydratation parfait vous permettent d&rsquo;avoir confiance en votre charme sous les bras. Notre essence de bois de santal au parfum divin, r\u00e9colt\u00e9e de mani\u00e8re \u00e9thique, est distill\u00e9e \u00e0 partir du c\u0153ur de l&rsquo;arbre aromatique. Il regorge d&rsquo;une magnifique hydratation et de pouvoirs biotiques botaniques. Cette huile chaude, riche et sensuelle est un produit de base dans nos Poetic Pits et dans les soins naturel de la peau et des cheveux dans le monde entier.<\/p>\n<p><strong> huile Douglas<\/strong> <em>(Pseudotsugamenziesi)<\/em> &#8211; Crisp et vert, rafra\u00eechissant et propre, le Douglas infuse chaque aisselle d&rsquo;un souffle de for\u00eat frais et parfum\u00e9. Cet aromatique majestueux fusionne avec votre propre parfum naturel, mettant en valeur vos ph\u00e9romones personnelles d&rsquo;une mani\u00e8re qui vous est propre. Le Douglas est un tonique, son ar\u00f4me est r\u00e9put\u00e9 \u00e9lever la force vitale, dynamiser l&rsquo;esprit et fortifier l&rsquo;\u00e2me plus profond\u00e9ment dans le moment pr\u00e9sent.<\/p>\n<p><strong> huile cardamome<\/strong> <em>(Elettaria cardamomum)<\/em> &#8211; La cardamome charismatique est une essence excitante qui est aussi un luminaire \u00e0 base de plantes avec plus de 4 000 ans d&rsquo;utilisation et de plaisir. Le parfum de la cardamome est chaud, vert et \u00e9pic\u00e9, avec un air rafra\u00eechissant et vivifiant. Renforcez l&rsquo;esprit et sanctifiez vos aisselles avec le charme intemporel de la cardamome pure.<\/p>\n<p><img fetchpriority=\"high\" decoding=\"async\" class=\"size-medium wp-image-68103 aligncenter\" src=\"https:\/\/dutchhealthstore.com\/wp-content\/uploads\/2018\/02\/Living-Libations-Organic-Logo-800x89.png\" alt=\"Living Libations - Organic Logo\" width=\"800\" height=\"89\" srcset=\"https:\/\/dutchhealthstore.com\/wp-content\/uploads\/2018\/02\/Living-Libations-Organic-Logo-800x89.png 800w, https:\/\/dutchhealthstore.com\/wp-content\/uploads\/2018\/02\/Living-Libations-Organic-Logo-510x57.png 510w, https:\/\/dutchhealthstore.com\/wp-content\/uploads\/2018\/02\/Living-Libations-Organic-Logo-768x85.png 768w, https:\/\/dutchhealthstore.com\/wp-content\/uploads\/2018\/02\/Living-Libations-Organic-Logo.png 1400w\" sizes=\"(max-width: 800px) 100vw, 800px\" \/><\/p>\n","protected":false},"excerpt":{"rendered":"<p>\u00c9tait-ce le po\u00e8me aromatique qui a lanc\u00e9 un millier de fosses? C&rsquo;est \u00e0 partir de <strong>Living Libations Classic Poetic Pits<\/strong> que sont n\u00e9es nos autres formulations de Poetic Pits, qui sont autant de parfums et de parfums d\u00e9riv\u00e9s de ce produit, le v\u00e9ritable original!<br \/>\nD\u00e9fiant tous les d\u00e9odorants commerciaux, Poetic Pits est un d\u00e9odorant 100% naturel et biologique fabriqu\u00e9 \u00e0 partir d&rsquo;huiles essentielles d&rsquo;\u00e9lixir, dont le bois de santal, le sapin de Douglas et la cardamome. Rafra\u00eechissant et chaud avec des notes vertes d&rsquo;\u00e9pices, et tout ce qui est agr\u00e9able. Poetic Pits travaille avec votre parfum personnel unique pour lib\u00e9rer un ar\u00f4me de charme sous les bras qui vous est propre.<\/p>\n","protected":false},"featured_media":359605,"comment_status":"open","ping_status":"closed","template":"","meta":[],"product_brand":[],"product_cat":[3566,1097,1211,1209,1030,1010,1033,1501],"product_tag":[21668,21392,6644,21811,21812],"class_list":{"0":"post-113472","1":"product","2":"type-product","3":"status-publish","4":"has-post-thumbnail","6":"product_cat-living-libations-deodorants-living-libations","7":"product_cat-deodorants","8":"product_cat-living-libations-france","9":"product_cat-par-marques","10":"product_cat-par-produits","11":"product_cat-notre-boutique","12":"product_cat-body-care-fr","13":"product_cat-corps-living-libations","14":"product_tag-arome","15":"product_tag-corps","16":"product_tag-deodorant-fr","17":"product_tag-natural-fr","18":"product_tag-rafraichissant","19":"pa_bestsellers-goed-fr","20":"pa_brand-livinglibations-fr","21":"pa_gtin-7439657388361-fr","22":"pa_size-1-25-ml-sample-fr","23":"pa_size-10-ml-fr","24":"pa_size-30-ml-fr","25":"pa_size-5-ml-fr","27":"first","28":"instock","29":"taxable","30":"shipping-taxable","31":"purchasable","32":"product-type-variable"},"bundled_by":[],"bundle_stock_status":"instock","bundle_stock_quantity":null,"bundle_virtual":false,"bundle_layout":"","bundle_add_to_cart_form_location":"","bundle_editable_in_cart":false,"bundle_sold_individually_context":"","bundle_item_grouping":"","bundle_min_size":"","bundle_max_size":"","bundle_price":[],"bundled_items":[],"bundle_sell_ids":[107695],"atum_controlled":true,"out_stock_date":null,"out_stock_threshold":null,"inheritable":true,"stock_on_hold":0,"sold_today":0,"sales_last_days":0,"out_stock_days":0,"lost_sales":0,"update_date":"2026-04-26T00:11:59","atum_locations":[],"atum_stock_status":"instock","restock_status":false,"low_stock_amount":"","sales_update_date":"2026-04-26T00:11:59","calc_backorders":null,"group_of_quantity":0,"min_quantity":0,"max_quantity":"","exclude_order_quantity_value_rules":"no","exclude_category_quantity_rules":"no","combine_variations":"no","yoast_head":"<!-- This site is optimized with the Yoast SEO Premium plugin v26.5 (Yoast SEO v26.5) - https:\/\/yoast.com\/wordpress\/plugins\/seo\/ -->\n<title>Poetic Pits - Classic | Living Libations<\/title>\n<meta name=\"description\" content=\"Poetic Pits travaille avec votre parfum personnel unique pour lib\u00e9rer un ar\u00f4me de charme sous les bras qui vous est propre.\" \/>\n<meta name=\"robots\" content=\"index, follow, max-snippet:-1, max-image-preview:large, max-video-preview:-1\" \/>\n<link rel=\"canonical\" href=\"https:\/\/dutchhealthstore.com\/fr\/product\/poetic-pits-classic\/\" \/>\n<meta property=\"og:locale\" content=\"fr_FR\" \/>\n<meta property=\"og:type\" content=\"article\" \/>\n<meta property=\"og:title\" content=\"Poetic Pits - Classic - Dutch Health Store\" \/>\n<meta property=\"og:description\" content=\"Poetic Pits travaille avec votre parfum personnel unique pour lib\u00e9rer un ar\u00f4me de charme sous les bras qui vous est propre.\" \/>\n<meta property=\"og:url\" content=\"https:\/\/dutchhealthstore.com\/fr\/product\/poetic-pits-classic\/\" \/>\n<meta property=\"og:site_name\" content=\"Dutch Health Store\" \/>\n<meta property=\"article:publisher\" content=\"https:\/\/www.instagram.com\/dutchhealthstore\/\" \/>\n<meta property=\"article:modified_time\" content=\"2025-12-23T08:52:11+00:00\" \/>\n<meta property=\"og:image\" content=\"https:\/\/dutchhealthstore.com\/wp-content\/uploads\/2020\/07\/Living-Libations-Poetic-Pits-Classic-e1594644607807.jpg\" \/>\n\t<meta property=\"og:image:width\" content=\"500\" \/>\n\t<meta property=\"og:image:height\" content=\"500\" \/>\n\t<meta property=\"og:image:type\" content=\"image\/jpeg\" \/>\n<meta name=\"twitter:card\" content=\"summary_large_image\" \/>\n<meta name=\"twitter:label1\" content=\"Disponibilit\u00e9\" \/>\n\t<meta name=\"twitter:data1\" content=\"En stock\" \/>\n<script type=\"application\/ld+json\" class=\"yoast-schema-graph\">{\"@context\":\"https:\/\/schema.org\",\"@graph\":[{\"@type\":\"WebPage\",\"@id\":\"https:\/\/dutchhealthstore.com\/fr\/product\/poetic-pits-classic\/\",\"url\":\"https:\/\/dutchhealthstore.com\/fr\/product\/poetic-pits-classic\/\",\"name\":\"Poetic Pits - Classic | Living Libations\",\"isPartOf\":{\"@id\":\"https:\/\/dutchhealthstore.com\/fr\/#website\"},\"primaryImageOfPage\":{\"@id\":\"https:\/\/dutchhealthstore.com\/fr\/product\/poetic-pits-classic\/#primaryimage\"},\"image\":{\"@id\":\"https:\/\/dutchhealthstore.com\/fr\/product\/poetic-pits-classic\/#primaryimage\"},\"thumbnailUrl\":\"https:\/\/dutchhealthstore.com\/wp-content\/uploads\/2020\/07\/ll-poetic-pits-classic-2sizes.jpg\",\"datePublished\":\"2020-07-13T12:58:55+00:00\",\"dateModified\":\"2025-12-23T08:52:11+00:00\",\"description\":\"Poetic Pits travaille avec votre parfum personnel unique pour lib\u00e9rer un ar\u00f4me de charme sous les bras qui vous est propre.\",\"breadcrumb\":{\"@id\":\"https:\/\/dutchhealthstore.com\/fr\/product\/poetic-pits-classic\/#breadcrumb\"},\"inLanguage\":\"fr-FR\",\"potentialAction\":[{\"@type\":\"ReadAction\",\"target\":[\"https:\/\/dutchhealthstore.com\/fr\/product\/poetic-pits-classic\/\"]}]},{\"@type\":\"ImageObject\",\"inLanguage\":\"fr-FR\",\"@id\":\"https:\/\/dutchhealthstore.com\/fr\/product\/poetic-pits-classic\/#primaryimage\",\"url\":\"https:\/\/dutchhealthstore.com\/wp-content\/uploads\/2020\/07\/ll-poetic-pits-classic-2sizes.jpg\",\"contentUrl\":\"https:\/\/dutchhealthstore.com\/wp-content\/uploads\/2020\/07\/ll-poetic-pits-classic-2sizes.jpg\",\"width\":530,\"height\":530,\"caption\":\"ll-poetic-pits-classic-2sizes\"},{\"@type\":\"BreadcrumbList\",\"@id\":\"https:\/\/dutchhealthstore.com\/fr\/product\/poetic-pits-classic\/#breadcrumb\",\"itemListElement\":[{\"@type\":\"ListItem\",\"position\":1,\"name\":\"Home\",\"item\":\"https:\/\/dutchhealthstore.com\/fr\/\"},{\"@type\":\"ListItem\",\"position\":2,\"name\":\"Shop\",\"item\":\"https:\/\/dutchhealthstore.com\/fr\/shop\/\"},{\"@type\":\"ListItem\",\"position\":3,\"name\":\"Poetic Pits &#8211; Classic\"}]},{\"@type\":\"WebSite\",\"@id\":\"https:\/\/dutchhealthstore.com\/fr\/#website\",\"url\":\"https:\/\/dutchhealthstore.com\/fr\/\",\"name\":\"Dutch Health Store\",\"description\":\"Enhance Your Beauty with Organic &amp; Natural Skincare\",\"publisher\":{\"@id\":\"https:\/\/dutchhealthstore.com\/fr\/#organization\"},\"potentialAction\":[{\"@type\":\"SearchAction\",\"target\":{\"@type\":\"EntryPoint\",\"urlTemplate\":\"https:\/\/dutchhealthstore.com\/fr\/?s={search_term_string}\"},\"query-input\":{\"@type\":\"PropertyValueSpecification\",\"valueRequired\":true,\"valueName\":\"search_term_string\"}}],\"inLanguage\":\"fr-FR\"},{\"@type\":\"Organization\",\"@id\":\"https:\/\/dutchhealthstore.com\/fr\/#organization\",\"name\":\"Dutch Health Store\",\"url\":\"https:\/\/dutchhealthstore.com\/fr\/\",\"logo\":{\"@type\":\"ImageObject\",\"inLanguage\":\"fr-FR\",\"@id\":\"https:\/\/dutchhealthstore.com\/fr\/#\/schema\/logo\/image\/\",\"url\":\"https:\/\/dutchhealthstore.com\/wp-content\/uploads\/2020\/08\/logo-dutchhealthstore-jpg-e1599484957574.jpg\",\"contentUrl\":\"https:\/\/dutchhealthstore.com\/wp-content\/uploads\/2020\/08\/logo-dutchhealthstore-jpg-e1599484957574.jpg\",\"width\":400,\"height\":62,\"caption\":\"Dutch Health Store\"},\"image\":{\"@id\":\"https:\/\/dutchhealthstore.com\/fr\/#\/schema\/logo\/image\/\"},\"sameAs\":[\"https:\/\/www.instagram.com\/dutchhealthstore\/\",\"https:\/\/www.facebook.com\/dutchhealthstore\"]}]}<\/script>\n<meta property=\"product:brand\" content=\"Living Libations\" \/>\n<meta property=\"og:availability\" content=\"instock\" \/>\n<meta property=\"product:availability\" content=\"instock\" \/>\n<meta property=\"product:condition\" content=\"new\" \/>\n<!-- \/ Yoast SEO Premium plugin. -->","yoast_head_json":{"title":"Poetic Pits - Classic | Living Libations","description":"Poetic Pits travaille avec votre parfum personnel unique pour lib\u00e9rer un ar\u00f4me de charme sous les bras qui vous est propre.","robots":{"index":"index","follow":"follow","max-snippet":"max-snippet:-1","max-image-preview":"max-image-preview:large","max-video-preview":"max-video-preview:-1"},"canonical":"https:\/\/dutchhealthstore.com\/fr\/product\/poetic-pits-classic\/","og_locale":"fr_FR","og_type":"article","og_title":"Poetic Pits - Classic - Dutch Health Store","og_description":"Poetic Pits travaille avec votre parfum personnel unique pour lib\u00e9rer un ar\u00f4me de charme sous les bras qui vous est propre.","og_url":"https:\/\/dutchhealthstore.com\/fr\/product\/poetic-pits-classic\/","og_site_name":"Dutch Health Store","article_publisher":"https:\/\/www.instagram.com\/dutchhealthstore\/","article_modified_time":"2025-12-23T08:52:11+00:00","og_image":[{"width":500,"height":500,"url":"https:\/\/dutchhealthstore.com\/wp-content\/uploads\/2020\/07\/Living-Libations-Poetic-Pits-Classic-e1594644607807.jpg","type":"image\/jpeg"}],"twitter_card":"summary_large_image","twitter_misc":{"Disponibilit\u00e9":"En stock"},"schema":{"@context":"https:\/\/schema.org","@graph":[{"@type":"WebPage","@id":"https:\/\/dutchhealthstore.com\/fr\/product\/poetic-pits-classic\/","url":"https:\/\/dutchhealthstore.com\/fr\/product\/poetic-pits-classic\/","name":"Poetic Pits - Classic | Living Libations","isPartOf":{"@id":"https:\/\/dutchhealthstore.com\/fr\/#website"},"primaryImageOfPage":{"@id":"https:\/\/dutchhealthstore.com\/fr\/product\/poetic-pits-classic\/#primaryimage"},"image":{"@id":"https:\/\/dutchhealthstore.com\/fr\/product\/poetic-pits-classic\/#primaryimage"},"thumbnailUrl":"https:\/\/dutchhealthstore.com\/wp-content\/uploads\/2020\/07\/ll-poetic-pits-classic-2sizes.jpg","datePublished":"2020-07-13T12:58:55+00:00","dateModified":"2025-12-23T08:52:11+00:00","description":"Poetic Pits travaille avec votre parfum personnel unique pour lib\u00e9rer un ar\u00f4me de charme sous les bras qui vous est propre.","breadcrumb":{"@id":"https:\/\/dutchhealthstore.com\/fr\/product\/poetic-pits-classic\/#breadcrumb"},"inLanguage":"fr-FR","potentialAction":[{"@type":"ReadAction","target":["https:\/\/dutchhealthstore.com\/fr\/product\/poetic-pits-classic\/"]}]},{"@type":"ImageObject","inLanguage":"fr-FR","@id":"https:\/\/dutchhealthstore.com\/fr\/product\/poetic-pits-classic\/#primaryimage","url":"https:\/\/dutchhealthstore.com\/wp-content\/uploads\/2020\/07\/ll-poetic-pits-classic-2sizes.jpg","contentUrl":"https:\/\/dutchhealthstore.com\/wp-content\/uploads\/2020\/07\/ll-poetic-pits-classic-2sizes.jpg","width":530,"height":530,"caption":"ll-poetic-pits-classic-2sizes"},{"@type":"BreadcrumbList","@id":"https:\/\/dutchhealthstore.com\/fr\/product\/poetic-pits-classic\/#breadcrumb","itemListElement":[{"@type":"ListItem","position":1,"name":"Home","item":"https:\/\/dutchhealthstore.com\/fr\/"},{"@type":"ListItem","position":2,"name":"Shop","item":"https:\/\/dutchhealthstore.com\/fr\/shop\/"},{"@type":"ListItem","position":3,"name":"Poetic Pits &#8211; Classic"}]},{"@type":"WebSite","@id":"https:\/\/dutchhealthstore.com\/fr\/#website","url":"https:\/\/dutchhealthstore.com\/fr\/","name":"Dutch Health Store","description":"Enhance Your Beauty with Organic &amp; Natural Skincare","publisher":{"@id":"https:\/\/dutchhealthstore.com\/fr\/#organization"},"potentialAction":[{"@type":"SearchAction","target":{"@type":"EntryPoint","urlTemplate":"https:\/\/dutchhealthstore.com\/fr\/?s={search_term_string}"},"query-input":{"@type":"PropertyValueSpecification","valueRequired":true,"valueName":"search_term_string"}}],"inLanguage":"fr-FR"},{"@type":"Organization","@id":"https:\/\/dutchhealthstore.com\/fr\/#organization","name":"Dutch Health Store","url":"https:\/\/dutchhealthstore.com\/fr\/","logo":{"@type":"ImageObject","inLanguage":"fr-FR","@id":"https:\/\/dutchhealthstore.com\/fr\/#\/schema\/logo\/image\/","url":"https:\/\/dutchhealthstore.com\/wp-content\/uploads\/2020\/08\/logo-dutchhealthstore-jpg-e1599484957574.jpg","contentUrl":"https:\/\/dutchhealthstore.com\/wp-content\/uploads\/2020\/08\/logo-dutchhealthstore-jpg-e1599484957574.jpg","width":400,"height":62,"caption":"Dutch Health Store"},"image":{"@id":"https:\/\/dutchhealthstore.com\/fr\/#\/schema\/logo\/image\/"},"sameAs":["https:\/\/www.instagram.com\/dutchhealthstore\/","https:\/\/www.facebook.com\/dutchhealthstore"]}]},"product_brand":"Living Libations","og_availability":"instock","product_availability":"instock","product_condition":"new"},"_links":{"self":[{"href":"https:\/\/dutchhealthstore.com\/fr\/wp-json\/wp\/v2\/product\/113472","targetHints":{"allow":["GET"]}}],"collection":[{"href":"https:\/\/dutchhealthstore.com\/fr\/wp-json\/wp\/v2\/product"}],"about":[{"href":"https:\/\/dutchhealthstore.com\/fr\/wp-json\/wp\/v2\/types\/product"}],"replies":[{"embeddable":true,"href":"https:\/\/dutchhealthstore.com\/fr\/wp-json\/wp\/v2\/comments?post=113472"}],"wp:featuredmedia":[{"embeddable":true,"href":"https:\/\/dutchhealthstore.com\/fr\/wp-json\/wp\/v2\/media\/359605"}],"wp:attachment":[{"href":"https:\/\/dutchhealthstore.com\/fr\/wp-json\/wp\/v2\/media?parent=113472"}],"wp:term":[{"taxonomy":"product_brand","embeddable":true,"href":"https:\/\/dutchhealthstore.com\/fr\/wp-json\/wp\/v2\/product_brand?post=113472"},{"taxonomy":"product_cat","embeddable":true,"href":"https:\/\/dutchhealthstore.com\/fr\/wp-json\/wp\/v2\/product_cat?post=113472"},{"taxonomy":"product_tag","embeddable":true,"href":"https:\/\/dutchhealthstore.com\/fr\/wp-json\/wp\/v2\/product_tag?post=113472"}],"curies":[{"name":"wp","href":"https:\/\/api.w.org\/{rel}","templated":true}]}}