{"id":112741,"date":"2020-02-10T12:10:03","date_gmt":"2020-02-10T12:10:03","guid":{"rendered":"https:\/\/dutchhealthstore.com\/product\/foragers-balm\/"},"modified":"2025-08-12T10:02:09","modified_gmt":"2025-08-12T08:02:09","slug":"foragers-balm","status":"publish","type":"product","link":"https:\/\/dutchhealthstore.com\/fr\/product\/foragers-balm\/","title":{"rendered":"Forager&rsquo;s Balm"},"content":{"rendered":"<p><img decoding=\"async\" class=\"alignright size-full wp-image-37041\" src=\"https:\/\/dutchhealthstore.com\/wp-content\/uploads\/2018\/04\/Living_Libations-1.png\" alt=\"Organic &amp; Natural Beautyproducts - Living Libations\" width=\"175\" height=\"82\">Notre <strong>Forager&rsquo;s Balm<\/strong> prot\u00e8ge la peau tandis que ces alli\u00e9s aromatiques garantissent la tranquillit\u00e9 de votre promenade dans les bois: le c\u00e8dre et la menthe poivr\u00e9e pour apaiser, l&rsquo;eucalyptus pour activer, la sauge blanche pour consacrer et le g\u00e9ranium pour revigorer.<br \/>\nLe jojoba sain et la cire d&rsquo;abeille prot\u00e8gent la peau et cr\u00e9ent la texture succulente de ce baume.<\/p>\n<p>Un voyage dans la for\u00eat est l&rsquo;un des luxes de la vie, car dans l&rsquo;espace entre les arbres se trouvent les secrets les plus intimes de l&rsquo;\u00e2me. L&rsquo;objectif est de se promener dans la for\u00eat sans \u00eatre d\u00e9rang\u00e9 par les mouches. Notre <strong>baume du bucheron<\/strong> est formul\u00e9 avec des notes de citron, de camphre et de conif\u00e8re qui vous permettent de profiter de la nature au lieu de la chasser et de l&rsquo;\u00e9craser.<\/p>\n<h3>Comment utiliser<\/h3>\n<p><strong>Forager&rsquo;s Balm<\/strong> est plus efficace lorsqu&rsquo;il est utilis\u00e9 en combinaison avec notre Forager&rsquo;s Cologne. Utilisez le baume sur la peau expos\u00e9e, derri\u00e8re les oreilles, sur le visage, sur les mains et sur la nuque. \u00c9vitez de l&rsquo;utiliser sur les yeux. Ce magnifique baume glisse sur la peau, d\u00e9salt\u00e8re les peaux s\u00e8ches et att\u00e9nue l&rsquo;apparence des plaques rugueuses et des rougeurs.<\/p>\n<p><strong>Taille: 30 ml et 50 ml<\/strong><\/p>\n<p><span style=\"font-size: 20.16px; color: #333333;\">Ingr\u00e9dients Naturels\/Biologiques<\/span><\/p>\n<p><strong>huile de leleshwa<\/strong><em>(Tarchonanthus camphoratus)<\/em> &#8211; Leleshwa lumineux est une huile essentielle illuminante et purifiante \u00e9galement connue sous le nom de sauge sauvage africaine, de camphrier sauvage, de tabac hottentot et de Mikalambati en swahili. Cet arbuste de sauge sagace est cultiv\u00e9 \u00e0 l&rsquo;\u00e9tat sauvage au Kenya et est traditionnellement utilis\u00e9 comme rem\u00e8de populaire pour d\u00e9sodoriser et purifier. Son ar\u00f4me propre et camphr\u00e9 clarifie la pens\u00e9e en un instant, ouvre la respiration et d\u00e9barrasse le corps de la l\u00e9thargie. Les animaux sauvages comme les \u00e9l\u00e9phants et les rhinoc\u00e9ros se frottent la peau sur cet arbuste pour se prot\u00e9ger des parasites volants et rampants.<\/p>\n<p><strong> huile de sauge blanche <\/strong><em>(Salvia apiana) &#8211;<\/em> La merveilleuse sauge blanche brille avec de magnifiques feuilles vertes argent\u00e9es qui ont \u00e9t\u00e9 traditionnellement br\u00fbl\u00e9es pour les pouvoirs purificateurs de sa fum\u00e9e piquante. L&rsquo;essence est un alli\u00e9 pour sanctifier l&rsquo;air, d\u00e9gager la congestion mentale et infuser les pens\u00e9es de paix.<\/p>\n<p><strong> huile de g\u00e9ranium<\/strong><em> (Pelargonium graveolens) &#8211; <\/em>Le g\u00e9ranium contient des compos\u00e9s botaniques puissants, le g\u00e9raniol et le citral, qui sont les composants comp\u00e9tents qui ont fait du g\u00e9ranium un insecticide efficace \u00e0 travers l&rsquo;histoire.<\/p>\n<p><strong> huile de arbre \u00e0 th\u00e9 au citron<\/strong><em> (Leptospermum petersonii) &#8211; <\/em>L&rsquo;arbre \u00e0 th\u00e9 au citron contient trois compos\u00e9s puissants qui sont la r\u00e9ponse la plus efficace de la nature aux mouches et aux rampants :le citral, le citronellal et le pin\u00e8ne. L&rsquo;arbre \u00e0 th\u00e9 au citron a l&rsquo;avantage suppl\u00e9mentaire d&rsquo;avoir un parfum merveilleusement \u00e9difiant et ensoleill\u00e9.<\/p>\n<p><strong> huile de eucalyptus<\/strong><em> (Eucalyptus globulus) &#8211; <\/em>Cette souche particuli\u00e8re d&rsquo;eucalyptus contient des quantit\u00e9s \u00e9lev\u00e9es de cin\u00e9ol, qui a un effet dissuasif sur les parasites.<\/p>\n<p><strong> huile de eucalyptus citronn\u00e9 <\/strong><em>(Eucalyptus staigeriana) &#8211;<\/em> Eucalyptus d&rsquo;\u00e9corce de fer au parfum de citron contient les compos\u00e9s de citronellol, citral, geraniol, et limon\u00e8ne.<\/p>\n<p><strong> huile de c\u00e8dre <\/strong><em>(Cedrus atlantica) &#8211;<\/em> L&rsquo;huile de c\u00e8dre riche et bois\u00e9e est l&rsquo;ingr\u00e9dient qui fait passer notre eau de Cologne Forager&rsquo;s d&rsquo;un spray antiparasitaire naturel \u00e0 un parfum autonome. Vous pourriez vous surprendre \u00e0 faire le plein d&rsquo;essence m\u00eame si vous n&rsquo;\u00eates pas pr\u00e8s de la for\u00eat! Un ar\u00f4me profond et durable avec des notes subtiles de douceur, le c\u00e8dre est connu pour aider au processus de prise de d\u00e9cision, encourager une disposition calme et inspirer la clart\u00e9 d&rsquo;esprit.<\/p>\n<p><strong>huile de menthe poivr\u00e9e <\/strong><em>(Mentha peperita) &#8211; <\/em>La menthe poivr\u00e9e est merveilleusement rafra\u00eechissante, mais elle n&rsquo;est pas du go\u00fbt des voleurs inamicaux qui trouvent son ar\u00f4me trop puissant.<\/p>\n<p><strong>huile de jojoba<\/strong> <em>(Simmondsia chinensis)<\/em> &#8211; Riche en compos\u00e9s ph\u00e9noliques, en tocoph\u00e9rols et en toute forme soluble de vitamine E, le jojoba est l&rsquo;hydratant le plus efficace de la nature. Comme sa composition est tr\u00e8s proche de celle des huiles naturel de la peau, il est facilement absorb\u00e9 et capable de fournir une hydratation sans fin aux tissus assoiff\u00e9s.<\/p>\n<p><strong>Cire d&rsquo;abeille<\/strong> <em>(Cera alba) &#8211;<\/em> Les abeilles bourdonnent avec une cire protectrice et poreuse qui retient l&rsquo;humidit\u00e9 et emp\u00eache les toxines d&rsquo;entrer. La cire d&rsquo;abeille forme un rev\u00eatement lisse et invisible sur vos l\u00e8vres, constituant une barri\u00e8re nourrissante contre les \u00e9l\u00e9ments agressifs.<\/p>\n<p><img fetchpriority=\"high\" decoding=\"async\" class=\"size-medium wp-image-68103 aligncenter\" src=\"https:\/\/dutchhealthstore.com\/wp-content\/uploads\/2018\/02\/Living-Libations-Organic-Logo-800x89.png\" alt=\"Living Libations - Organic Logo\" width=\"800\" height=\"89\" srcset=\"https:\/\/dutchhealthstore.com\/wp-content\/uploads\/2018\/02\/Living-Libations-Organic-Logo-800x89.png 800w, https:\/\/dutchhealthstore.com\/wp-content\/uploads\/2018\/02\/Living-Libations-Organic-Logo-510x57.png 510w, https:\/\/dutchhealthstore.com\/wp-content\/uploads\/2018\/02\/Living-Libations-Organic-Logo-768x85.png 768w, https:\/\/dutchhealthstore.com\/wp-content\/uploads\/2018\/02\/Living-Libations-Organic-Logo.png 1400w\" sizes=\"(max-width: 800px) 100vw, 800px\" \/><\/p>\n","protected":false},"excerpt":{"rendered":"<p>Notre <strong>Forager&rsquo;s Balm<\/strong> prot\u00e8ge la peau tandis que ces alli\u00e9s aromatiques garantissent la tranquillit\u00e9 de votre promenade dans les bois: le c\u00e8dre et la menthe poivr\u00e9e pour apaiser, l&rsquo;eucalyptus pour activer, la sauge blanche pour consacrer et le g\u00e9ranium pour revigorer.<br \/>\nLe jojoba sain et la cire d&rsquo;abeille prot\u00e8gent la peau et cr\u00e9ent la texture succulente de ce baume.<\/p>\n","protected":false},"featured_media":26914,"comment_status":"open","ping_status":"closed","template":"","meta":[],"product_brand":[],"product_cat":[2987,10499,1211,1088,1047,1209,1030,6759,1010,14733,1033,1501,1516,5866,6733],"product_tag":[6235,21392,21811,21506,4864],"class_list":{"0":"post-112741","1":"product","2":"type-product","3":"status-publish","4":"has-post-thumbnail","6":"product_cat-huiles-lotions","7":"product_cat-insect-repellent-fr","8":"product_cat-living-libations-france","9":"product_cat-lotions-cremes-hydratantes","10":"product_cat-nos-collections","11":"product_cat-par-marques","12":"product_cat-par-produits","13":"product_cat-remedies-fr","14":"product_cat-notre-boutique","15":"product_cat-soins-de-la-peau","16":"product_cat-body-care-fr","17":"product_cat-corps-living-libations","18":"product_cat-hommes-living-libations","19":"product_cat-sun-outdoor-care","20":"product_cat-wellness-fr-2","21":"product_tag-balm-fr","22":"product_tag-corps","23":"product_tag-natural-fr","24":"product_tag-secours","25":"product_tag-skin-fr","26":"pa_brand-livinglibations-fr","27":"pa_gtin-7439657333330-fr","28":"pa_remedies-insect-repellent-fr","29":"pa_size-30-ml-fr","30":"pa_size-50-ml-fr","31":"pa_skincare-type-suncare-fr","33":"first","34":"instock","35":"taxable","36":"shipping-taxable","37":"purchasable","38":"product-type-variable"},"bundled_by":[],"bundle_stock_status":"instock","bundle_stock_quantity":null,"bundle_virtual":false,"bundle_layout":"","bundle_add_to_cart_form_location":"","bundle_editable_in_cart":false,"bundle_sold_individually_context":"","bundle_item_grouping":"","bundle_min_size":"","bundle_max_size":"","bundle_price":[],"bundled_items":[],"bundle_sell_ids":[107695],"atum_controlled":true,"out_stock_date":null,"out_stock_threshold":null,"inheritable":true,"stock_on_hold":1,"sold_today":0,"sales_last_days":1,"out_stock_days":0,"lost_sales":0,"update_date":"2026-04-30T12:09:06","atum_locations":[],"atum_stock_status":"instock","restock_status":false,"low_stock_amount":"","sales_update_date":"2026-04-30T12:09:06","calc_backorders":null,"group_of_quantity":0,"min_quantity":0,"max_quantity":"","exclude_order_quantity_value_rules":"no","exclude_category_quantity_rules":"no","combine_variations":"no","yoast_head":"<!-- This site is optimized with the Yoast SEO Premium plugin v26.5 (Yoast SEO v26.5) - https:\/\/yoast.com\/wordpress\/plugins\/seo\/ -->\n<title>Forager&#039;s Balm | Living Libations<\/title>\n<meta name=\"description\" content=\"Notre Forager&#039;s Balm prot\u00e8ge la peau tandis que ces alli\u00e9s aromatiques garantissent la tranquillit\u00e9 de votre promenade dans les bois: le c\u00e8dre et la menthe poivr\u00e9e pour apaiser, l&#039;eucalyptus pour activer, la sauge blanche pour consacrer et le g\u00e9ranium pour revigorer.\" \/>\n<meta name=\"robots\" content=\"index, follow, max-snippet:-1, max-image-preview:large, max-video-preview:-1\" \/>\n<link rel=\"canonical\" href=\"https:\/\/dutchhealthstore.com\/fr\/product\/foragers-balm\/\" \/>\n<meta property=\"og:locale\" content=\"fr_FR\" \/>\n<meta property=\"og:type\" content=\"article\" \/>\n<meta property=\"og:title\" content=\"Forager&#039;s Balm - Dutch Health Store\" \/>\n<meta property=\"og:description\" content=\"Notre Forager&#039;s Balm prot\u00e8ge la peau tandis que ces alli\u00e9s aromatiques garantissent la tranquillit\u00e9 de votre promenade dans les bois: le c\u00e8dre et la menthe poivr\u00e9e pour apaiser, l&#039;eucalyptus pour activer, la sauge blanche pour consacrer et le g\u00e9ranium pour revigorer.\" \/>\n<meta property=\"og:url\" content=\"https:\/\/dutchhealthstore.com\/fr\/product\/foragers-balm\/\" \/>\n<meta property=\"og:site_name\" content=\"Dutch Health Store\" \/>\n<meta property=\"article:publisher\" content=\"https:\/\/www.instagram.com\/dutchhealthstore\/\" \/>\n<meta property=\"article:modified_time\" content=\"2025-08-12T08:02:09+00:00\" \/>\n<meta property=\"og:image\" content=\"https:\/\/dutchhealthstore.com\/wp-content\/uploads\/2018\/02\/foragers_balm.png\" \/>\n\t<meta property=\"og:image:width\" content=\"500\" \/>\n\t<meta property=\"og:image:height\" content=\"500\" \/>\n\t<meta property=\"og:image:type\" content=\"image\/jpeg\" \/>\n<meta name=\"twitter:card\" content=\"summary_large_image\" \/>\n<meta name=\"twitter:label1\" content=\"Disponibilit\u00e9\" \/>\n\t<meta name=\"twitter:data1\" content=\"En stock\" \/>\n<script type=\"application\/ld+json\" class=\"yoast-schema-graph\">{\"@context\":\"https:\/\/schema.org\",\"@graph\":[{\"@type\":\"WebPage\",\"@id\":\"https:\/\/dutchhealthstore.com\/fr\/product\/foragers-balm\/\",\"url\":\"https:\/\/dutchhealthstore.com\/fr\/product\/foragers-balm\/\",\"name\":\"Forager's Balm | Living Libations\",\"isPartOf\":{\"@id\":\"https:\/\/dutchhealthstore.com\/fr\/#website\"},\"primaryImageOfPage\":{\"@id\":\"https:\/\/dutchhealthstore.com\/fr\/product\/foragers-balm\/#primaryimage\"},\"image\":{\"@id\":\"https:\/\/dutchhealthstore.com\/fr\/product\/foragers-balm\/#primaryimage\"},\"thumbnailUrl\":\"https:\/\/dutchhealthstore.com\/wp-content\/uploads\/2018\/02\/foragers_balm.png\",\"datePublished\":\"2020-02-10T12:10:03+00:00\",\"dateModified\":\"2025-08-12T08:02:09+00:00\",\"description\":\"Notre Forager's Balm prot\u00e8ge la peau tandis que ces alli\u00e9s aromatiques garantissent la tranquillit\u00e9 de votre promenade dans les bois: le c\u00e8dre et la menthe poivr\u00e9e pour apaiser, l'eucalyptus pour activer, la sauge blanche pour consacrer et le g\u00e9ranium pour revigorer.\",\"breadcrumb\":{\"@id\":\"https:\/\/dutchhealthstore.com\/fr\/product\/foragers-balm\/#breadcrumb\"},\"inLanguage\":\"fr-FR\",\"potentialAction\":[{\"@type\":\"ReadAction\",\"target\":[\"https:\/\/dutchhealthstore.com\/fr\/product\/foragers-balm\/\"]}]},{\"@type\":\"ImageObject\",\"inLanguage\":\"fr-FR\",\"@id\":\"https:\/\/dutchhealthstore.com\/fr\/product\/foragers-balm\/#primaryimage\",\"url\":\"https:\/\/dutchhealthstore.com\/wp-content\/uploads\/2018\/02\/foragers_balm.png\",\"contentUrl\":\"https:\/\/dutchhealthstore.com\/wp-content\/uploads\/2018\/02\/foragers_balm.png\",\"width\":500,\"height\":500,\"caption\":\"Living Libations - foragers_balm\"},{\"@type\":\"BreadcrumbList\",\"@id\":\"https:\/\/dutchhealthstore.com\/fr\/product\/foragers-balm\/#breadcrumb\",\"itemListElement\":[{\"@type\":\"ListItem\",\"position\":1,\"name\":\"Home\",\"item\":\"https:\/\/dutchhealthstore.com\/fr\/\"},{\"@type\":\"ListItem\",\"position\":2,\"name\":\"Shop\",\"item\":\"https:\/\/dutchhealthstore.com\/fr\/shop\/\"},{\"@type\":\"ListItem\",\"position\":3,\"name\":\"Forager&#8217;s Balm\"}]},{\"@type\":\"WebSite\",\"@id\":\"https:\/\/dutchhealthstore.com\/fr\/#website\",\"url\":\"https:\/\/dutchhealthstore.com\/fr\/\",\"name\":\"Dutch Health Store\",\"description\":\"Enhance Your Beauty with Organic &amp; Natural Skincare\",\"publisher\":{\"@id\":\"https:\/\/dutchhealthstore.com\/fr\/#organization\"},\"potentialAction\":[{\"@type\":\"SearchAction\",\"target\":{\"@type\":\"EntryPoint\",\"urlTemplate\":\"https:\/\/dutchhealthstore.com\/fr\/?s={search_term_string}\"},\"query-input\":{\"@type\":\"PropertyValueSpecification\",\"valueRequired\":true,\"valueName\":\"search_term_string\"}}],\"inLanguage\":\"fr-FR\"},{\"@type\":\"Organization\",\"@id\":\"https:\/\/dutchhealthstore.com\/fr\/#organization\",\"name\":\"Dutch Health Store\",\"url\":\"https:\/\/dutchhealthstore.com\/fr\/\",\"logo\":{\"@type\":\"ImageObject\",\"inLanguage\":\"fr-FR\",\"@id\":\"https:\/\/dutchhealthstore.com\/fr\/#\/schema\/logo\/image\/\",\"url\":\"https:\/\/dutchhealthstore.com\/wp-content\/uploads\/2020\/08\/logo-dutchhealthstore-jpg-e1599484957574.jpg\",\"contentUrl\":\"https:\/\/dutchhealthstore.com\/wp-content\/uploads\/2020\/08\/logo-dutchhealthstore-jpg-e1599484957574.jpg\",\"width\":400,\"height\":62,\"caption\":\"Dutch Health Store\"},\"image\":{\"@id\":\"https:\/\/dutchhealthstore.com\/fr\/#\/schema\/logo\/image\/\"},\"sameAs\":[\"https:\/\/www.instagram.com\/dutchhealthstore\/\",\"https:\/\/www.facebook.com\/dutchhealthstore\"]}]}<\/script>\n<meta property=\"product:brand\" content=\"Living Libations\" \/>\n<meta property=\"og:availability\" content=\"instock\" \/>\n<meta property=\"product:availability\" content=\"instock\" \/>\n<meta property=\"product:condition\" content=\"new\" \/>\n<!-- \/ Yoast SEO Premium plugin. -->","yoast_head_json":{"title":"Forager's Balm | Living Libations","description":"Notre Forager's Balm prot\u00e8ge la peau tandis que ces alli\u00e9s aromatiques garantissent la tranquillit\u00e9 de votre promenade dans les bois: le c\u00e8dre et la menthe poivr\u00e9e pour apaiser, l'eucalyptus pour activer, la sauge blanche pour consacrer et le g\u00e9ranium pour revigorer.","robots":{"index":"index","follow":"follow","max-snippet":"max-snippet:-1","max-image-preview":"max-image-preview:large","max-video-preview":"max-video-preview:-1"},"canonical":"https:\/\/dutchhealthstore.com\/fr\/product\/foragers-balm\/","og_locale":"fr_FR","og_type":"article","og_title":"Forager's Balm - Dutch Health Store","og_description":"Notre Forager's Balm prot\u00e8ge la peau tandis que ces alli\u00e9s aromatiques garantissent la tranquillit\u00e9 de votre promenade dans les bois: le c\u00e8dre et la menthe poivr\u00e9e pour apaiser, l'eucalyptus pour activer, la sauge blanche pour consacrer et le g\u00e9ranium pour revigorer.","og_url":"https:\/\/dutchhealthstore.com\/fr\/product\/foragers-balm\/","og_site_name":"Dutch Health Store","article_publisher":"https:\/\/www.instagram.com\/dutchhealthstore\/","article_modified_time":"2025-08-12T08:02:09+00:00","og_image":[{"width":500,"height":500,"url":"https:\/\/dutchhealthstore.com\/wp-content\/uploads\/2018\/02\/foragers_balm.png","type":"image\/jpeg"}],"twitter_card":"summary_large_image","twitter_misc":{"Disponibilit\u00e9":"En stock"},"schema":{"@context":"https:\/\/schema.org","@graph":[{"@type":"WebPage","@id":"https:\/\/dutchhealthstore.com\/fr\/product\/foragers-balm\/","url":"https:\/\/dutchhealthstore.com\/fr\/product\/foragers-balm\/","name":"Forager's Balm | Living Libations","isPartOf":{"@id":"https:\/\/dutchhealthstore.com\/fr\/#website"},"primaryImageOfPage":{"@id":"https:\/\/dutchhealthstore.com\/fr\/product\/foragers-balm\/#primaryimage"},"image":{"@id":"https:\/\/dutchhealthstore.com\/fr\/product\/foragers-balm\/#primaryimage"},"thumbnailUrl":"https:\/\/dutchhealthstore.com\/wp-content\/uploads\/2018\/02\/foragers_balm.png","datePublished":"2020-02-10T12:10:03+00:00","dateModified":"2025-08-12T08:02:09+00:00","description":"Notre Forager's Balm prot\u00e8ge la peau tandis que ces alli\u00e9s aromatiques garantissent la tranquillit\u00e9 de votre promenade dans les bois: le c\u00e8dre et la menthe poivr\u00e9e pour apaiser, l'eucalyptus pour activer, la sauge blanche pour consacrer et le g\u00e9ranium pour revigorer.","breadcrumb":{"@id":"https:\/\/dutchhealthstore.com\/fr\/product\/foragers-balm\/#breadcrumb"},"inLanguage":"fr-FR","potentialAction":[{"@type":"ReadAction","target":["https:\/\/dutchhealthstore.com\/fr\/product\/foragers-balm\/"]}]},{"@type":"ImageObject","inLanguage":"fr-FR","@id":"https:\/\/dutchhealthstore.com\/fr\/product\/foragers-balm\/#primaryimage","url":"https:\/\/dutchhealthstore.com\/wp-content\/uploads\/2018\/02\/foragers_balm.png","contentUrl":"https:\/\/dutchhealthstore.com\/wp-content\/uploads\/2018\/02\/foragers_balm.png","width":500,"height":500,"caption":"Living Libations - foragers_balm"},{"@type":"BreadcrumbList","@id":"https:\/\/dutchhealthstore.com\/fr\/product\/foragers-balm\/#breadcrumb","itemListElement":[{"@type":"ListItem","position":1,"name":"Home","item":"https:\/\/dutchhealthstore.com\/fr\/"},{"@type":"ListItem","position":2,"name":"Shop","item":"https:\/\/dutchhealthstore.com\/fr\/shop\/"},{"@type":"ListItem","position":3,"name":"Forager&#8217;s Balm"}]},{"@type":"WebSite","@id":"https:\/\/dutchhealthstore.com\/fr\/#website","url":"https:\/\/dutchhealthstore.com\/fr\/","name":"Dutch Health Store","description":"Enhance Your Beauty with Organic &amp; Natural Skincare","publisher":{"@id":"https:\/\/dutchhealthstore.com\/fr\/#organization"},"potentialAction":[{"@type":"SearchAction","target":{"@type":"EntryPoint","urlTemplate":"https:\/\/dutchhealthstore.com\/fr\/?s={search_term_string}"},"query-input":{"@type":"PropertyValueSpecification","valueRequired":true,"valueName":"search_term_string"}}],"inLanguage":"fr-FR"},{"@type":"Organization","@id":"https:\/\/dutchhealthstore.com\/fr\/#organization","name":"Dutch Health Store","url":"https:\/\/dutchhealthstore.com\/fr\/","logo":{"@type":"ImageObject","inLanguage":"fr-FR","@id":"https:\/\/dutchhealthstore.com\/fr\/#\/schema\/logo\/image\/","url":"https:\/\/dutchhealthstore.com\/wp-content\/uploads\/2020\/08\/logo-dutchhealthstore-jpg-e1599484957574.jpg","contentUrl":"https:\/\/dutchhealthstore.com\/wp-content\/uploads\/2020\/08\/logo-dutchhealthstore-jpg-e1599484957574.jpg","width":400,"height":62,"caption":"Dutch Health Store"},"image":{"@id":"https:\/\/dutchhealthstore.com\/fr\/#\/schema\/logo\/image\/"},"sameAs":["https:\/\/www.instagram.com\/dutchhealthstore\/","https:\/\/www.facebook.com\/dutchhealthstore"]}]},"product_brand":"Living Libations","og_availability":"instock","product_availability":"instock","product_condition":"new"},"_links":{"self":[{"href":"https:\/\/dutchhealthstore.com\/fr\/wp-json\/wp\/v2\/product\/112741","targetHints":{"allow":["GET"]}}],"collection":[{"href":"https:\/\/dutchhealthstore.com\/fr\/wp-json\/wp\/v2\/product"}],"about":[{"href":"https:\/\/dutchhealthstore.com\/fr\/wp-json\/wp\/v2\/types\/product"}],"replies":[{"embeddable":true,"href":"https:\/\/dutchhealthstore.com\/fr\/wp-json\/wp\/v2\/comments?post=112741"}],"wp:featuredmedia":[{"embeddable":true,"href":"https:\/\/dutchhealthstore.com\/fr\/wp-json\/wp\/v2\/media\/26914"}],"wp:attachment":[{"href":"https:\/\/dutchhealthstore.com\/fr\/wp-json\/wp\/v2\/media?parent=112741"}],"wp:term":[{"taxonomy":"product_brand","embeddable":true,"href":"https:\/\/dutchhealthstore.com\/fr\/wp-json\/wp\/v2\/product_brand?post=112741"},{"taxonomy":"product_cat","embeddable":true,"href":"https:\/\/dutchhealthstore.com\/fr\/wp-json\/wp\/v2\/product_cat?post=112741"},{"taxonomy":"product_tag","embeddable":true,"href":"https:\/\/dutchhealthstore.com\/fr\/wp-json\/wp\/v2\/product_tag?post=112741"}],"curies":[{"name":"wp","href":"https:\/\/api.w.org\/{rel}","templated":true}]}}