{"id":111700,"date":"2020-07-06T12:43:10","date_gmt":"2020-07-06T12:43:10","guid":{"rendered":"https:\/\/dutchhealthstore.com\/product\/fortifying-frankincense-dry-shampoo\/"},"modified":"2025-02-07T14:05:32","modified_gmt":"2025-02-07T13:05:32","slug":"fortifying-frankincense-dry-shampoo","status":"publish","type":"product","link":"https:\/\/dutchhealthstore.com\/fr\/product\/fortifying-frankincense-dry-shampoo\/","title":{"rendered":"Fortifying Frankincense Dry Shampoo"},"content":{"rendered":"<p><strong><img decoding=\"async\" class=\"size-full wp-image-69549 alignright\" src=\"https:\/\/dutchhealthstore.com\/wp-content\/uploads\/2019\/08\/NEW-Living-Libations-Logo.jpg\" alt=\"NEW - Living Libations - Logo\" width=\"175\" height=\"82\">Fortifying Frankincense Dry Shampoo<\/strong> fonctionne sur toutes les couleurs et tous les types de cheveux, et il peut prolonger la dur\u00e9e de vie des cheveux color\u00e9s (car il n\u00e9cessite moins de shampooings). La commodit\u00e9 du nettoyage \u00e0 sec de vos cheveux n&rsquo;est que le d\u00e9but des bienfaits botaniques de ce m\u00e9lange de poudre pure. Obtenez des cheveux propres et brillants tout en nourrissant la peau et le cuir chevelu avec les \u00e9l\u00e9ments nutritifs de la nature.<\/p>\n<p>De nombreux shampooings secs sont bourr\u00e9s de polym\u00e8res, de parab\u00e8nes, d&rsquo;amidons de ma\u00efs, de riz et d&rsquo;aluminium, de talc toxique et d&rsquo;isobut\u00e8ne, de propane et d&rsquo;alcools inflammables qui emp\u00eachent la croissance saine des cheveux, les ass\u00e8chent, attirent les r\u00e9sidus et emp\u00eachent la respiration du cuir chevelu.<br \/>\nChaque ingr\u00e9dient de notre <strong>Fortifying Frankincense Dry Shampoo<\/strong> optimise naturella sant\u00e9 et la beaut\u00e9 des cheveux.<br \/>\nLa r\u00e9sine d&rsquo;encens sacr\u00e9 nourrit et parfume le cuir chevelu. Le bicarbonate de soude \u00e9quilibrant absorbe l&rsquo;exc\u00e8s de s\u00e9bum. L&rsquo;argile kaolin fonctionne comme un aimant pour attirer les r\u00e9sidus et nettoyer les huiles. Les huiles essentielles \u00e9l\u00e9gantes stimulent les cheveux forts, dissipent les flocons secs et nettoient la ligne des cheveux. La poudre de racine de fl\u00e8che favorise l&rsquo;absorption, tandis que notre extrait concentr\u00e9 supercritique de romarin fournit naturelune puissance v\u00e9g\u00e9tale optimisante.<\/p>\n<h3>Comment utiliser<\/h3>\n<p>Saupoudrez une quantit\u00e9 de la taille d&rsquo;une pi\u00e8ce de monnaie dans la paume de votre main et massez-la \u00e0 la racine des cheveux en partant de la partie naturel. Allez des racines aux pointes. Laissez la poudre reposer dans vos cheveux pendant quelques minutes pour absorber et activer tous les \u00e9l\u00e9ments v\u00e9g\u00e9taux nourrissants.<br \/>\nAvec un peigne en bois ou une brosse en poils naturel, peignez les cheveux pour r\u00e9partir uniform\u00e9ment le shampooing et stimuler le cuir chevelu. Coiffez vos cheveux comme d&rsquo;habitude. Utilisez-le au besoin tout au long de la journ\u00e9e ou de la semaine.<br \/>\nSi vous en utilisez trop et que vos cheveux ont l&rsquo;air poudreux ou touffus, passez simplement le bout des doigts mouill\u00e9s dans vos cheveux.<\/p>\n<h3 class=\"yikes-custom-woo-tab-title yikes-custom-woo-tab-title-natural-organic-ingredients\">Ingr\u00e9dients Naturels\/Biologiques<\/h3>\n<p><strong>Racine de fl\u00e8che<\/strong> <em>(Maranta arundinacea)<\/em> &#8211; La poudre de racine de fl\u00e8che est fabriqu\u00e9e \u00e0 partir des rhizomes de cette plante tropicale, elle absorbe la sueur, cr\u00e9e une peau douce et lisse entre les follicules pileux et des m\u00e8ches soyeuses.<\/p>\n<p><strong>Argile kaolin<\/strong> <em>(kaolinite, argile blanche)<\/em> &#8211; Cette argile riche en silice est une pr\u00e9paration ancienne pour les cheveux et la peau, utilis\u00e9e pour \u00e9liminer les r\u00e9sidus et les impuret\u00e9s. Il est \u00e9quilibrant et nourrissant pour les peaux s\u00e8ches et aide le cuir chevelu \u00e0 maintenir un niveau optimal d&rsquo;huiles tout en absorbant l&rsquo;exc\u00e8s d&rsquo;huile des cheveux.<\/p>\n<p><strong>Encens<\/strong> <em>(Boswellia carterii)<\/em> &#8211; L&rsquo;encens est une offrande \u00e9ternelle de clart\u00e9 cristalline provenant de la s\u00e8ve de l&rsquo;arbre d&rsquo;encens. L&rsquo;ar\u00f4me opulent de cette riche r\u00e9sine \u00e9quilibre le cuir chevelu et les huiles capillaires tout en oignant votre couronne d&rsquo;une verve volumisante.<\/p>\n<p><strong>Romarin <\/strong><em>(Rosmarinus officinalis, CO2<\/em>) &#8211; L&rsquo;extrait de romarin est un conservateur naturel qui regorge de bienfaits botaniques pour votre crini\u00e8re. Cr\u00e9\u00e9 par une extraction sp\u00e9ciale supercritique, le romarin ravive les m\u00e8ches molles, rafra\u00eechit le cuir chevelu et donne du volume.<\/p>\n<p><strong>Bicarbonate de soude<\/strong> <em>(Sodium bicarbonate)<\/em> &#8211; Le bicarbonate de soude est un agent nettoyant naturel qui aide \u00e0 \u00e9liminer la salet\u00e9, les impuret\u00e9s et les produits accumul\u00e9s sur les cheveux et le cuir chevelu. Il emp\u00eache les cheveux d&rsquo;avoir l&rsquo;air gras en absorbant l&rsquo;exc\u00e8s de s\u00e9bum au niveau du follicule pileux et dans toute la chevelure.<\/p>\n<p><strong>Probiotiques<\/strong> <em>(L. plantarum, B. bifidum, B.)<\/em> &#8211; Les probiotiques, lorsqu&rsquo;ils sont pris par voie interne et appliqu\u00e9s localement, peuvent am\u00e9liorer la s\u00e9cheresse du cuir chevelu. Cette souche probiotique a une dur\u00e9e de conservation prouv\u00e9e de deux ans sans r\u00e9frig\u00e9ration, et est v\u00e9g\u00e9talienne, sans gluten et sans produits laitiers.<\/p>\n<p><strong>Frankincense carterii<\/strong> <em>(Boswellia carterii)<\/em> &#8211; Captur\u00e9e sur les m\u00eames arbres d&rsquo;encens africains que notre r\u00e9sine d&rsquo;encens, cette huile essentielle est hydrodistill\u00e9e \u00e0 partir de l&rsquo;ol\u00e9o-gomme fra\u00eeche de l&rsquo;encens Carterii pur. Avec un parfum chaud et balsamique et une essence de force, l&rsquo;huile essentielle nourrit la peau et le cuir chevelu.<\/p>\n<p><strong>Bergamote<\/strong> <em>(Citrus bergamia)<\/em> &#8211; La belle bergamote est une huile d&rsquo;agrumes fra\u00eeche qui aide \u00e0 nettoyer le contour des cheveux. Son ar\u00f4me joyeux oint les cheveux tout en \u00e9quilibrant l&rsquo;huile.<\/p>\n<p><strong>Thym doux<\/strong> <em>(Thyme vulgaris linalool)<\/em> &#8211; Ce genre de thym doux est non sensibilisant et non irritant pour les peaux les plus sensibles. C&rsquo;est l&rsquo;outil parfait pour une clarification douce et des ovations \u00e9nergisantes des cheveux.<\/p>\n<p><strong>V\u00e9tiver<\/strong> <em>(Vetiveria zizanioides)<\/em> &#8211; L&rsquo;huile de v\u00e9tiver, riche et terreuse, est fondatrice et apaisante pour la peau. Elle oint les racines de chaque m\u00e8che de cheveux comme la pluie oint l&rsquo;herbe. Le v\u00e9tiver est un humectant qui aide la peau et les cheveux \u00e0 retenir l&rsquo;humidit\u00e9.<\/p>\n<p><strong>Romarin Verbenone<\/strong> <em>(Rosmarinus officinalis verbenone)<\/em> &#8211; Plus doux pour la peau et plus hydratant que le romarin ordinaire, le romarin Verbenone diffuse son ar\u00f4me vivifiant dans vos cheveux tout en nettoyant votre cuir chevelu et vos cheveux.<\/p>\n<p><img fetchpriority=\"high\" decoding=\"async\" class=\"size-medium wp-image-68103 aligncenter\" src=\"https:\/\/dutchhealthstore.com\/wp-content\/uploads\/2018\/02\/Living-Libations-Organic-Logo-800x89.png\" alt=\"Living Libations - Organic Logo\" width=\"800\" height=\"89\" srcset=\"https:\/\/dutchhealthstore.com\/wp-content\/uploads\/2018\/02\/Living-Libations-Organic-Logo-800x89.png 800w, https:\/\/dutchhealthstore.com\/wp-content\/uploads\/2018\/02\/Living-Libations-Organic-Logo-510x57.png 510w, https:\/\/dutchhealthstore.com\/wp-content\/uploads\/2018\/02\/Living-Libations-Organic-Logo-768x85.png 768w, https:\/\/dutchhealthstore.com\/wp-content\/uploads\/2018\/02\/Living-Libations-Organic-Logo.png 1400w\" sizes=\"(max-width: 800px) 100vw, 800px\" \/><\/p>\n","protected":false},"excerpt":{"rendered":"<p><strong>Fortifying Frankincense Dry Shampoo<\/strong> fonctionne sur toutes les couleurs et tous les types de cheveux, et il peut prolonger la dur\u00e9e de vie des cheveux color\u00e9s (car il n\u00e9cessite moins de shampooings).<br \/>\nLa commodit\u00e9 du nettoyage \u00e0 sec de vos cheveux n&rsquo;est que le d\u00e9but des bienfaits botaniques de ce m\u00e9lange de poudre pure. Obtenez des cheveux propres et brillants tout en nourrissant la peau et le cuir chevelu avec les \u00e9l\u00e9ments nutritifs de la nature).<\/p>\n","protected":false},"featured_media":300574,"comment_status":"open","ping_status":"closed","template":"","meta":[],"product_brand":[],"product_cat":[8575,1211,1209,1030,8576,4069,1010,1512],"product_tag":[21676,10170,21811,10094,21513],"class_list":{"0":"post-111700","1":"product","2":"type-product","3":"status-publish","4":"has-post-thumbnail","6":"product_cat-hair-fr","7":"product_cat-living-libations-france","8":"product_cat-par-marques","9":"product_cat-par-produits","10":"product_cat-shampoo-fr","11":"product_cat-shampooing-et-revitalisant","12":"product_cat-notre-boutique","13":"product_cat-cheveux-living-libations","14":"product_tag-fortifiant","15":"product_tag-hair-fr","16":"product_tag-natural-fr","17":"product_tag-shampoo-fr","18":"product_tag-soins-du-cuir-chevelu","19":"pa_brand-livinglibations-fr","20":"pa_gtin-7439657385377-fr","21":"pa_haircare-productype-shampoo-fr","22":"pa_size-30-ml-fr","23":"pa_size-50-ml-fr","25":"first","26":"instock","27":"taxable","28":"shipping-taxable","29":"purchasable","30":"product-type-variable"},"bundled_by":[],"bundle_stock_status":"instock","bundle_stock_quantity":null,"bundle_virtual":false,"bundle_layout":"","bundle_add_to_cart_form_location":"","bundle_editable_in_cart":false,"bundle_sold_individually_context":"","bundle_item_grouping":"","bundle_min_size":"","bundle_max_size":"","bundle_price":[],"bundled_items":[],"bundle_sell_ids":[230725],"atum_controlled":true,"out_stock_date":null,"out_stock_threshold":null,"inheritable":true,"stock_on_hold":0,"sold_today":0,"sales_last_days":0,"out_stock_days":0,"lost_sales":0,"update_date":"2026-04-08T01:47:18","atum_locations":[],"atum_stock_status":"instock","restock_status":false,"low_stock_amount":"","sales_update_date":"2026-04-08T01:47:18","calc_backorders":null,"group_of_quantity":0,"min_quantity":0,"max_quantity":"","exclude_order_quantity_value_rules":"no","exclude_category_quantity_rules":"no","combine_variations":"no","yoast_head":"<!-- This site is optimized with the Yoast SEO Premium plugin v26.5 (Yoast SEO v26.5) - https:\/\/yoast.com\/wordpress\/plugins\/seo\/ -->\n<title>Fortifying Frankincense Dry Shampoo | Living Libations<\/title>\n<meta name=\"description\" content=\"Le shampooing sec fortifiant \u00e0 l&#039;encens fonctionne sur toutes les couleurs et tous les types de cheveux, et il peut prolonger la dur\u00e9e de vie des cheveux color\u00e9s.\" \/>\n<meta name=\"robots\" content=\"index, follow, max-snippet:-1, max-image-preview:large, max-video-preview:-1\" \/>\n<link rel=\"canonical\" href=\"https:\/\/dutchhealthstore.com\/fr\/product\/fortifying-frankincense-dry-shampoo\/\" \/>\n<meta property=\"og:locale\" content=\"fr_FR\" \/>\n<meta property=\"og:type\" content=\"article\" \/>\n<meta property=\"og:title\" content=\"Fortifying Frankincense Dry Shampoo - Dutch Health Store\" \/>\n<meta property=\"og:description\" content=\"Le shampooing sec fortifiant \u00e0 l&#039;encens fonctionne sur toutes les couleurs et tous les types de cheveux, et il peut prolonger la dur\u00e9e de vie des cheveux color\u00e9s.\" \/>\n<meta property=\"og:url\" content=\"https:\/\/dutchhealthstore.com\/fr\/product\/fortifying-frankincense-dry-shampoo\/\" \/>\n<meta property=\"og:site_name\" content=\"Dutch Health Store\" \/>\n<meta property=\"article:publisher\" content=\"https:\/\/www.instagram.com\/dutchhealthstore\/\" \/>\n<meta property=\"article:modified_time\" content=\"2025-02-07T13:05:32+00:00\" \/>\n<meta property=\"og:image\" content=\"https:\/\/dutchhealthstore.com\/wp-content\/uploads\/2020\/07\/Living-Libations-Flowers-in-Her-Hair-Dry-Shampoo-e1594036395610.jpg\" \/>\n\t<meta property=\"og:image:width\" content=\"500\" \/>\n\t<meta property=\"og:image:height\" content=\"499\" \/>\n\t<meta property=\"og:image:type\" content=\"image\/jpeg\" \/>\n<meta name=\"twitter:card\" content=\"summary_large_image\" \/>\n<meta name=\"twitter:label1\" content=\"Disponibilit\u00e9\" \/>\n\t<meta name=\"twitter:data1\" content=\"En stock\" \/>\n<script type=\"application\/ld+json\" class=\"yoast-schema-graph\">{\"@context\":\"https:\/\/schema.org\",\"@graph\":[{\"@type\":\"WebPage\",\"@id\":\"https:\/\/dutchhealthstore.com\/fr\/product\/fortifying-frankincense-dry-shampoo\/\",\"url\":\"https:\/\/dutchhealthstore.com\/fr\/product\/fortifying-frankincense-dry-shampoo\/\",\"name\":\"Fortifying Frankincense Dry Shampoo | Living Libations\",\"isPartOf\":{\"@id\":\"https:\/\/dutchhealthstore.com\/fr\/#website\"},\"primaryImageOfPage\":{\"@id\":\"https:\/\/dutchhealthstore.com\/fr\/product\/fortifying-frankincense-dry-shampoo\/#primaryimage\"},\"image\":{\"@id\":\"https:\/\/dutchhealthstore.com\/fr\/product\/fortifying-frankincense-dry-shampoo\/#primaryimage\"},\"thumbnailUrl\":\"https:\/\/dutchhealthstore.com\/wp-content\/uploads\/2020\/07\/ll-fortifying-frankincense-dry-shampoo-beide.jpg\",\"datePublished\":\"2020-07-06T12:43:10+00:00\",\"dateModified\":\"2025-02-07T13:05:32+00:00\",\"description\":\"Le shampooing sec fortifiant \u00e0 l'encens fonctionne sur toutes les couleurs et tous les types de cheveux, et il peut prolonger la dur\u00e9e de vie des cheveux color\u00e9s.\",\"breadcrumb\":{\"@id\":\"https:\/\/dutchhealthstore.com\/fr\/product\/fortifying-frankincense-dry-shampoo\/#breadcrumb\"},\"inLanguage\":\"fr-FR\",\"potentialAction\":[{\"@type\":\"ReadAction\",\"target\":[\"https:\/\/dutchhealthstore.com\/fr\/product\/fortifying-frankincense-dry-shampoo\/\"]}]},{\"@type\":\"ImageObject\",\"inLanguage\":\"fr-FR\",\"@id\":\"https:\/\/dutchhealthstore.com\/fr\/product\/fortifying-frankincense-dry-shampoo\/#primaryimage\",\"url\":\"https:\/\/dutchhealthstore.com\/wp-content\/uploads\/2020\/07\/ll-fortifying-frankincense-dry-shampoo-beide.jpg\",\"contentUrl\":\"https:\/\/dutchhealthstore.com\/wp-content\/uploads\/2020\/07\/ll-fortifying-frankincense-dry-shampoo-beide.jpg\",\"width\":530,\"height\":530,\"caption\":\"ll-fortifying-frankincense-dry-shampoo-beide\"},{\"@type\":\"BreadcrumbList\",\"@id\":\"https:\/\/dutchhealthstore.com\/fr\/product\/fortifying-frankincense-dry-shampoo\/#breadcrumb\",\"itemListElement\":[{\"@type\":\"ListItem\",\"position\":1,\"name\":\"Home\",\"item\":\"https:\/\/dutchhealthstore.com\/fr\/\"},{\"@type\":\"ListItem\",\"position\":2,\"name\":\"Shop\",\"item\":\"https:\/\/dutchhealthstore.com\/fr\/shop\/\"},{\"@type\":\"ListItem\",\"position\":3,\"name\":\"Fortifying Frankincense Dry Shampoo\"}]},{\"@type\":\"WebSite\",\"@id\":\"https:\/\/dutchhealthstore.com\/fr\/#website\",\"url\":\"https:\/\/dutchhealthstore.com\/fr\/\",\"name\":\"Dutch Health Store\",\"description\":\"Enhance Your Beauty with Organic &amp; Natural Skincare\",\"publisher\":{\"@id\":\"https:\/\/dutchhealthstore.com\/fr\/#organization\"},\"potentialAction\":[{\"@type\":\"SearchAction\",\"target\":{\"@type\":\"EntryPoint\",\"urlTemplate\":\"https:\/\/dutchhealthstore.com\/fr\/?s={search_term_string}\"},\"query-input\":{\"@type\":\"PropertyValueSpecification\",\"valueRequired\":true,\"valueName\":\"search_term_string\"}}],\"inLanguage\":\"fr-FR\"},{\"@type\":\"Organization\",\"@id\":\"https:\/\/dutchhealthstore.com\/fr\/#organization\",\"name\":\"Dutch Health Store\",\"url\":\"https:\/\/dutchhealthstore.com\/fr\/\",\"logo\":{\"@type\":\"ImageObject\",\"inLanguage\":\"fr-FR\",\"@id\":\"https:\/\/dutchhealthstore.com\/fr\/#\/schema\/logo\/image\/\",\"url\":\"https:\/\/dutchhealthstore.com\/wp-content\/uploads\/2020\/08\/logo-dutchhealthstore-jpg-e1599484957574.jpg\",\"contentUrl\":\"https:\/\/dutchhealthstore.com\/wp-content\/uploads\/2020\/08\/logo-dutchhealthstore-jpg-e1599484957574.jpg\",\"width\":400,\"height\":62,\"caption\":\"Dutch Health Store\"},\"image\":{\"@id\":\"https:\/\/dutchhealthstore.com\/fr\/#\/schema\/logo\/image\/\"},\"sameAs\":[\"https:\/\/www.instagram.com\/dutchhealthstore\/\",\"https:\/\/www.facebook.com\/dutchhealthstore\"]}]}<\/script>\n<meta property=\"product:brand\" content=\"Living Libations\" \/>\n<meta property=\"og:availability\" content=\"instock\" \/>\n<meta property=\"product:availability\" content=\"instock\" \/>\n<meta property=\"product:condition\" content=\"new\" \/>\n<!-- \/ Yoast SEO Premium plugin. -->","yoast_head_json":{"title":"Fortifying Frankincense Dry Shampoo | Living Libations","description":"Le shampooing sec fortifiant \u00e0 l'encens fonctionne sur toutes les couleurs et tous les types de cheveux, et il peut prolonger la dur\u00e9e de vie des cheveux color\u00e9s.","robots":{"index":"index","follow":"follow","max-snippet":"max-snippet:-1","max-image-preview":"max-image-preview:large","max-video-preview":"max-video-preview:-1"},"canonical":"https:\/\/dutchhealthstore.com\/fr\/product\/fortifying-frankincense-dry-shampoo\/","og_locale":"fr_FR","og_type":"article","og_title":"Fortifying Frankincense Dry Shampoo - Dutch Health Store","og_description":"Le shampooing sec fortifiant \u00e0 l'encens fonctionne sur toutes les couleurs et tous les types de cheveux, et il peut prolonger la dur\u00e9e de vie des cheveux color\u00e9s.","og_url":"https:\/\/dutchhealthstore.com\/fr\/product\/fortifying-frankincense-dry-shampoo\/","og_site_name":"Dutch Health Store","article_publisher":"https:\/\/www.instagram.com\/dutchhealthstore\/","article_modified_time":"2025-02-07T13:05:32+00:00","og_image":[{"width":500,"height":499,"url":"https:\/\/dutchhealthstore.com\/wp-content\/uploads\/2020\/07\/Living-Libations-Flowers-in-Her-Hair-Dry-Shampoo-e1594036395610.jpg","type":"image\/jpeg"}],"twitter_card":"summary_large_image","twitter_misc":{"Disponibilit\u00e9":"En stock"},"schema":{"@context":"https:\/\/schema.org","@graph":[{"@type":"WebPage","@id":"https:\/\/dutchhealthstore.com\/fr\/product\/fortifying-frankincense-dry-shampoo\/","url":"https:\/\/dutchhealthstore.com\/fr\/product\/fortifying-frankincense-dry-shampoo\/","name":"Fortifying Frankincense Dry Shampoo | Living Libations","isPartOf":{"@id":"https:\/\/dutchhealthstore.com\/fr\/#website"},"primaryImageOfPage":{"@id":"https:\/\/dutchhealthstore.com\/fr\/product\/fortifying-frankincense-dry-shampoo\/#primaryimage"},"image":{"@id":"https:\/\/dutchhealthstore.com\/fr\/product\/fortifying-frankincense-dry-shampoo\/#primaryimage"},"thumbnailUrl":"https:\/\/dutchhealthstore.com\/wp-content\/uploads\/2020\/07\/ll-fortifying-frankincense-dry-shampoo-beide.jpg","datePublished":"2020-07-06T12:43:10+00:00","dateModified":"2025-02-07T13:05:32+00:00","description":"Le shampooing sec fortifiant \u00e0 l'encens fonctionne sur toutes les couleurs et tous les types de cheveux, et il peut prolonger la dur\u00e9e de vie des cheveux color\u00e9s.","breadcrumb":{"@id":"https:\/\/dutchhealthstore.com\/fr\/product\/fortifying-frankincense-dry-shampoo\/#breadcrumb"},"inLanguage":"fr-FR","potentialAction":[{"@type":"ReadAction","target":["https:\/\/dutchhealthstore.com\/fr\/product\/fortifying-frankincense-dry-shampoo\/"]}]},{"@type":"ImageObject","inLanguage":"fr-FR","@id":"https:\/\/dutchhealthstore.com\/fr\/product\/fortifying-frankincense-dry-shampoo\/#primaryimage","url":"https:\/\/dutchhealthstore.com\/wp-content\/uploads\/2020\/07\/ll-fortifying-frankincense-dry-shampoo-beide.jpg","contentUrl":"https:\/\/dutchhealthstore.com\/wp-content\/uploads\/2020\/07\/ll-fortifying-frankincense-dry-shampoo-beide.jpg","width":530,"height":530,"caption":"ll-fortifying-frankincense-dry-shampoo-beide"},{"@type":"BreadcrumbList","@id":"https:\/\/dutchhealthstore.com\/fr\/product\/fortifying-frankincense-dry-shampoo\/#breadcrumb","itemListElement":[{"@type":"ListItem","position":1,"name":"Home","item":"https:\/\/dutchhealthstore.com\/fr\/"},{"@type":"ListItem","position":2,"name":"Shop","item":"https:\/\/dutchhealthstore.com\/fr\/shop\/"},{"@type":"ListItem","position":3,"name":"Fortifying Frankincense Dry Shampoo"}]},{"@type":"WebSite","@id":"https:\/\/dutchhealthstore.com\/fr\/#website","url":"https:\/\/dutchhealthstore.com\/fr\/","name":"Dutch Health Store","description":"Enhance Your Beauty with Organic &amp; Natural Skincare","publisher":{"@id":"https:\/\/dutchhealthstore.com\/fr\/#organization"},"potentialAction":[{"@type":"SearchAction","target":{"@type":"EntryPoint","urlTemplate":"https:\/\/dutchhealthstore.com\/fr\/?s={search_term_string}"},"query-input":{"@type":"PropertyValueSpecification","valueRequired":true,"valueName":"search_term_string"}}],"inLanguage":"fr-FR"},{"@type":"Organization","@id":"https:\/\/dutchhealthstore.com\/fr\/#organization","name":"Dutch Health Store","url":"https:\/\/dutchhealthstore.com\/fr\/","logo":{"@type":"ImageObject","inLanguage":"fr-FR","@id":"https:\/\/dutchhealthstore.com\/fr\/#\/schema\/logo\/image\/","url":"https:\/\/dutchhealthstore.com\/wp-content\/uploads\/2020\/08\/logo-dutchhealthstore-jpg-e1599484957574.jpg","contentUrl":"https:\/\/dutchhealthstore.com\/wp-content\/uploads\/2020\/08\/logo-dutchhealthstore-jpg-e1599484957574.jpg","width":400,"height":62,"caption":"Dutch Health Store"},"image":{"@id":"https:\/\/dutchhealthstore.com\/fr\/#\/schema\/logo\/image\/"},"sameAs":["https:\/\/www.instagram.com\/dutchhealthstore\/","https:\/\/www.facebook.com\/dutchhealthstore"]}]},"product_brand":"Living Libations","og_availability":"instock","product_availability":"instock","product_condition":"new"},"_links":{"self":[{"href":"https:\/\/dutchhealthstore.com\/fr\/wp-json\/wp\/v2\/product\/111700","targetHints":{"allow":["GET"]}}],"collection":[{"href":"https:\/\/dutchhealthstore.com\/fr\/wp-json\/wp\/v2\/product"}],"about":[{"href":"https:\/\/dutchhealthstore.com\/fr\/wp-json\/wp\/v2\/types\/product"}],"replies":[{"embeddable":true,"href":"https:\/\/dutchhealthstore.com\/fr\/wp-json\/wp\/v2\/comments?post=111700"}],"wp:featuredmedia":[{"embeddable":true,"href":"https:\/\/dutchhealthstore.com\/fr\/wp-json\/wp\/v2\/media\/300574"}],"wp:attachment":[{"href":"https:\/\/dutchhealthstore.com\/fr\/wp-json\/wp\/v2\/media?parent=111700"}],"wp:term":[{"taxonomy":"product_brand","embeddable":true,"href":"https:\/\/dutchhealthstore.com\/fr\/wp-json\/wp\/v2\/product_brand?post=111700"},{"taxonomy":"product_cat","embeddable":true,"href":"https:\/\/dutchhealthstore.com\/fr\/wp-json\/wp\/v2\/product_cat?post=111700"},{"taxonomy":"product_tag","embeddable":true,"href":"https:\/\/dutchhealthstore.com\/fr\/wp-json\/wp\/v2\/product_tag?post=111700"}],"curies":[{"name":"wp","href":"https:\/\/api.w.org\/{rel}","templated":true}]}}