{"id":111688,"date":"2020-07-06T11:57:09","date_gmt":"2020-07-06T11:57:09","guid":{"rendered":"https:\/\/dutchhealthstore.com\/product\/flowers-in-her-hair-dry-shampoo\/"},"modified":"2026-01-26T16:04:39","modified_gmt":"2026-01-26T15:04:39","slug":"flowers-in-her-hair-dry-shampoo","status":"publish","type":"product","link":"https:\/\/dutchhealthstore.com\/fr\/product\/flowers-in-her-hair-dry-shampoo\/","title":{"rendered":"Flowers in Her Hair Dry Shampoo"},"content":{"rendered":"<p><img decoding=\"async\" class=\"size-full wp-image-69549 alignright\" src=\"https:\/\/dutchhealthstore.com\/wp-content\/uploads\/2019\/08\/NEW-Living-Libations-Logo.jpg\" alt=\"NEW - Living Libations - Logo\" width=\"175\" height=\"82\">Invitez les p\u00e9tales immacul\u00e9s \u00e0 nettoyer et \u00e0 restaurer le pertuis naturel de vos cheveux. Nous avons tiss\u00e9 des guirlandes de plantes dans un shampooing sec qui absorbe l&rsquo;exc\u00e8s de s\u00e9bum, dissipe les squames, apaise le cuir chevelu, augmente la brillance et vous fait gagner du temps. Il n&rsquo;est pas n\u00e9cessaire de recourir \u00e0 un shampooing-douche lorsque vous avez le pouvoir floral de tous les min\u00e9raux naturel, des plantes et des huiles essentielles dans la paume de votre main. Allez-y! Prolongez votre coiffure, faites des kilom\u00e8tres suppl\u00e9mentaires, faites de l&rsquo;exercice, faites la grasse matin\u00e9e et approfondissez votre pratique du yoga. Flowers in Her Hair Dry Shampoo ajoute du temps \u00e0 votre journ\u00e9e pour vous reposer et vous amuser. Il s&rsquo;agit d&rsquo;une pri\u00e8re \u00e0 base de poudre pour des cheveux lustr\u00e9s partout dans le monde!<\/p>\n<p style=\"text-align: center;\"><em>\u00ab\u00a0Quelqu&rsquo;un m&rsquo;a dit qu&rsquo;il y a une fille dehors avec de l&rsquo;amour dans les yeux et des fleurs dans les cheveux\u00a0\u00bb.<\/em><br \/>\n~ Led Zeppelin<\/p>\n<p><strong>Flowers in Her Hair<\/strong> fonctionne sur toutes les couleurs et tous les types de cheveux, et peut prolonger la dur\u00e9e de vie des cheveux color\u00e9s (car il faut moins de shampooing).<\/p>\n<p>De nombreux shampooings secs sont bourr\u00e9s de polym\u00e8res, de parab\u00e8nes, d&rsquo;amidons de ma\u00efs, de riz et d&rsquo;aluminium, de talc toxique et d&rsquo;isobut\u00e8ne, de propane et d&rsquo;alcools inflammables qui inhibent la croissance saine des cheveux, les dess\u00e8chent, attirent les r\u00e9sidus et emp\u00eachent la respiration du cuir chevelu.<\/p>\n<p>Chaque ingr\u00e9dient du <strong>Flowers in Her Hair Dry Shampoo<\/strong> est m\u00e9lang\u00e9 de fa\u00e7on magistrale pour optimiser la sant\u00e9 et la beaut\u00e9 des cheveux.<br \/>\nLe bicarbonate de soude \u00e9quilibrant absorbe l&rsquo;exc\u00e8s de s\u00e9bum. L&rsquo;argile kaolin fonctionne comme un aimant pour attirer les r\u00e9sidus et nettoyer les huiles. Les peptides de soie cr\u00e9ent une gaine soyeuse autour de chaque follicule pileux pour retenir l&rsquo;humidit\u00e9 et d\u00e9m\u00ealer les m\u00e8ches. Gorg\u00e9 de plantes en fleurs, Flowers in Her Hair comprend \u00e9galement une couronne florale parfum\u00e9e de fleurs de camomille enti\u00e8res, de fleurs de lavande enti\u00e8res, d&rsquo;huile essentielle de camomille romaine, d&rsquo;huile essentielle de lavande, de jasmin sambac, d&rsquo;ylang-ylang et de fleur de magnolia pour apaiser le cuir chevelu, relever les cheveux secs et saturer les m\u00e8ches d&rsquo;une douce sensualit\u00e9. La poudre de racine de fl\u00e8che favorise l&rsquo;absorption, tandis que notre extrait concentr\u00e9 supercritique de romarin fournit naturelune puissance v\u00e9g\u00e9tale optimisante.<\/p>\n<h3>Comment utiliser<\/h3>\n<p>Saupoudrez une quantit\u00e9 de la taille d&rsquo;une pi\u00e8ce de monnaie dans la paume de votre main et massez-la \u00e0 la racine des cheveux en partant de la partie naturel. Allez des racines aux pointes. Laissez la poudre reposer dans vos cheveux pendant quelques minutes pour absorber et activer tous les \u00e9l\u00e9ments v\u00e9g\u00e9taux nourrissants.<br \/>\nAvec un peigne en bois ou une brosse en poils naturel, peignez les cheveux pour r\u00e9partir uniform\u00e9ment le shampooing et stimuler le cuir chevelu. Coiffez vos cheveux comme d&rsquo;habitude. Utilisez-le au besoin tout au long de la journ\u00e9e ou de la semaine. Si vous en utilisez trop et que vos cheveux ont l&rsquo;air poudreux ou touffus, passez simplement le bout des doigts mouill\u00e9s dans vos cheveux.<\/p>\n<h3 class=\"yikes-custom-woo-tab-title yikes-custom-woo-tab-title-natural-organic-ingredients\">Ingr\u00e9dients Naturels\/Biologiques<\/h3>\n<p><strong>Racine de fl\u00e8che <\/strong><em>(<\/em><em>Maranta arundinacea)<\/em> &#8211; La poudre de racine de fl\u00e8che est fabriqu\u00e9e \u00e0 partir des rhizomes de cette plante tropicale, elle absorbe la sueur, cr\u00e9e une peau douce et lisse entre les follicules pileux et des m\u00e8ches soyeuses.<\/p>\n<p><strong>Argile kaolinique <\/strong><em>(Kaolinite<\/em>)<strong> <\/strong>&#8211; Cette argile riche en silice est une pr\u00e9paration ancienne pour les cheveux et la peau, utilis\u00e9e pour \u00e9liminer les r\u00e9sidus et les impuret\u00e9s. Il est \u00e9quilibrant et nourrissant pour les peaux s\u00e8ches et aide le cuir chevelu \u00e0 maintenir un niveau optimal d&rsquo;huiles tout en absorbant l&rsquo;exc\u00e8s d&rsquo;huile des cheveux.<\/p>\n<p><strong>Peptides de soie &#8211; <\/strong>Les peptides de soie sont des prot\u00e9ines de soie pure sous forme de poudre. Les peptides de soie l\u00e9gers forment une couche \u00e9lastique autour de chaque m\u00e8che de cheveux, offrant une protection et une brillance exceptionnelle. Les peptides de soie renforcent \u00e9galement l&rsquo;\u00e9lasticit\u00e9 et le d\u00e9m\u00ealage.<\/p>\n<p><strong>Extrait de romarin antioxydant <\/strong><em>(<\/em><em>Rosmarinus<\/em><em>officinalis, CO2) &#8211; <\/em>L&rsquo;extrait de romarin est un conservateur naturel qui regorge de bienfaits botaniques pour votre crini\u00e8re. Cr\u00e9\u00e9 par une extraction sp\u00e9ciale supercritique, le romarin ravive les m\u00e8ches molles, rafra\u00eechit le cuir chevelu et donne du volume.<\/p>\n<p><strong>Bicarbonate de soude <\/strong><em>(Sodium bicarbonate)<\/em> &#8211; Le bicarbonate de soude est un agent nettoyant naturel qui aide \u00e0 \u00e9liminer la salet\u00e9, les impuret\u00e9s et les produits accumul\u00e9s sur les cheveux et le cuir chevelu. Il emp\u00eache les cheveux d&rsquo;avoir l&rsquo;air gras en absorbant l&rsquo;exc\u00e8s de s\u00e9bum au niveau du follicule pileux et dans toute la chevelure.<\/p>\n<p><strong>Probiotiques<\/strong><em> (L. Plantarum, B. bifidum, B. longum)<\/em> &#8211; Les probiotiques, lorsqu&rsquo;ils sont pris par voie interne et appliqu\u00e9s localement, peuvent am\u00e9liorer la s\u00e9cheresse du cuir chevelu. Cette souche probiotique a une dur\u00e9e de conservation prouv\u00e9e de deux ans sans r\u00e9frig\u00e9ration, et est v\u00e9g\u00e9talienne, sans gluten et sans produits laitiers.<\/p>\n<p><strong>Fleurs de camomille <\/strong><em>(<\/em><em>Anthemis nobilis) &#8211; <\/em>Les p\u00e9tales des fleurs de camomille apaisantes parfument les follicules et \u00e9liminent l&rsquo;exc\u00e8s d&rsquo;humidit\u00e9.<\/p>\n<p><strong>Fleurs de lavande <\/strong><em>(<\/em><em>Lavendula officinalis) &#8211;<strong> <\/strong><\/em>Ces p\u00e9tales violets parfum\u00e9s, press\u00e9s en poudre, oignent vos cheveux de l&rsquo;essence calmante et apaisante de la pure lavande fran\u00e7aise.<\/p>\n<p><strong>Jasmine Sambac <\/strong><em>(Jasmine sambac)<\/em> &#8211; Ouvrez votre c\u0153ur et votre t\u00eate au parfum sulfureux du cr\u00e9puscule tropical de la fleur de jasmin qui se d\u00e9ploie dans la nuit. Juteuses de joie, les merveilles aromatiques du jasmin sambac sont un parfum s\u00e9duisant qui augmente la confiance et les sentiments de sensualit\u00e9.<\/p>\n<p><strong>Ylang <\/strong><em>(<\/em><em>Cananga odorata)<\/em> <em>&#8211; <\/em>Lovely Ylang est une huile amoureuse et \u00e9quilibrante qui soutient la peau dans sa qu\u00eate de la quantit\u00e9 parfaite d&rsquo;humidit\u00e9. Les m\u00e8ches huileet les cuirs chevelus secs b\u00e9n\u00e9ficieront tous deux de l&rsquo;impact harmonieux de l&rsquo;ylang ylang sur les niveaux d&rsquo;huile. Lorsque la quantit\u00e9 parfaite d&rsquo;huile est produite sur le cuir chevelu, les cheveux sont brillants et hydrat\u00e9s &#8211; jamais gras.<\/p>\n<p><strong>Magnolia Blossom <\/strong><em>(Michelia champaca)<\/em> &#8211; Les fleurs de magnolia d\u00e9gagent le doux parfum de l&rsquo;arbre indien Magnolia avec ses magnifiques boutons floraux blancs. Par\u00e9es dans les cheveux par les femmes de l&rsquo;Inde depuis des milliers d&rsquo;ann\u00e9es, les fleurs de magnolia, \u00e9galement connues sous le nom de Champa blanc, ont un ar\u00f4me euphorique et d\u00e9gagent un parfum de f\u00e9minit\u00e9.<\/p>\n<p><strong>Camomille <\/strong><em>(Anthemis nobilis<\/em>) &#8211;<strong> <\/strong>Ce genre de camomille est un baume de calme pour vos soins capillaires. Les cheveux soumis \u00e0 un stress synth\u00e9tique et les cuirs chevelus souffrant de s\u00e9cheresse appr\u00e9cieront l&rsquo;attention apaisante de la camomille.<\/p>\n<p><strong>Lavande des Alpes <\/strong><em>(<\/em><em>Lavandula angustifolia)<\/em> &#8211; Cette lavande de haute altitude offre une jolie berceuse \u00e0 la t\u00eate, aux cheveux et au cuir chevelu. La lavande alpine, relaxante et aromatique, est un calmant et un adoucissant efficace pour la peau, le cuir chevelu et les cheveux.<\/p>\n<p><img fetchpriority=\"high\" decoding=\"async\" class=\"size-medium wp-image-68103 aligncenter\" src=\"https:\/\/dutchhealthstore.com\/wp-content\/uploads\/2018\/02\/Living-Libations-Organic-Logo-800x89.png\" alt=\"Living Libations - Organic Logo\" width=\"800\" height=\"89\" srcset=\"https:\/\/dutchhealthstore.com\/wp-content\/uploads\/2018\/02\/Living-Libations-Organic-Logo-800x89.png 800w, https:\/\/dutchhealthstore.com\/wp-content\/uploads\/2018\/02\/Living-Libations-Organic-Logo-510x57.png 510w, https:\/\/dutchhealthstore.com\/wp-content\/uploads\/2018\/02\/Living-Libations-Organic-Logo-768x85.png 768w, https:\/\/dutchhealthstore.com\/wp-content\/uploads\/2018\/02\/Living-Libations-Organic-Logo.png 1400w\" sizes=\"(max-width: 800px) 100vw, 800px\" \/><\/p>\n","protected":false},"excerpt":{"rendered":"<p>Lorsque des boucles lumineuses ont besoin d&rsquo;\u00eatre relev\u00e9es, Living Libations <strong>Flowers<\/strong> <strong>in Her Hair<\/strong> <strong>Dry<\/strong> <strong>Shampoo<\/strong> offre un cadeau de parfum et de gr\u00e2ce! Oubliez les cheveux mouill\u00e9s et adoptez la facilit\u00e9 du shampooing sec, o\u00f9 que vous soyez<b>.<\/b><\/p>\n","protected":false},"featured_media":49273,"comment_status":"open","ping_status":"closed","template":"","meta":[],"product_brand":[],"product_cat":[8575,1211,1209,1030,8576,4069,1010,1512],"product_tag":[10170,21811,10094,21513],"class_list":{"0":"post-111688","1":"product","2":"type-product","3":"status-publish","4":"has-post-thumbnail","6":"product_cat-hair-fr","7":"product_cat-living-libations-france","8":"product_cat-par-marques","9":"product_cat-par-produits","10":"product_cat-shampoo-fr","11":"product_cat-shampooing-et-revitalisant","12":"product_cat-notre-boutique","13":"product_cat-cheveux-living-libations","14":"product_tag-hair-fr","15":"product_tag-natural-fr","16":"product_tag-shampoo-fr","17":"product_tag-soins-du-cuir-chevelu","18":"pa_brand-livinglibations-fr","19":"pa_gtin-7439657385360-fr","20":"pa_haircare-productype-shampoo-fr","21":"pa_size-30-ml-fr","22":"pa_size-50-ml-fr","24":"first","25":"instock","26":"taxable","27":"shipping-taxable","28":"purchasable","29":"product-type-variable"},"bundled_by":[],"bundle_stock_status":"instock","bundle_stock_quantity":null,"bundle_virtual":false,"bundle_layout":"","bundle_add_to_cart_form_location":"","bundle_editable_in_cart":false,"bundle_sold_individually_context":"","bundle_item_grouping":"","bundle_min_size":"","bundle_max_size":"","bundle_price":[],"bundled_items":[],"bundle_sell_ids":[226550],"atum_controlled":true,"out_stock_date":null,"out_stock_threshold":null,"inheritable":true,"stock_on_hold":0,"sold_today":0,"sales_last_days":0,"out_stock_days":0,"lost_sales":0,"update_date":"2026-04-10T00:01:38","atum_locations":[],"atum_stock_status":"instock","restock_status":false,"low_stock_amount":"","sales_update_date":"2026-04-10T00:01:38","calc_backorders":null,"group_of_quantity":0,"min_quantity":0,"max_quantity":"","exclude_order_quantity_value_rules":"no","exclude_category_quantity_rules":"no","combine_variations":"no","yoast_head":"<!-- This site is optimized with the Yoast SEO Premium plugin v26.5 (Yoast SEO v26.5) - https:\/\/yoast.com\/wordpress\/plugins\/seo\/ -->\n<title>Flowers in Her Hair Dry Shampoo | Living Libations<\/title>\n<meta name=\"description\" content=\"Lorsque des boucles lumineuses ont besoin d&#039;\u00eatre relev\u00e9es, Living Libations Flowers in Her Hair Dry Shampoo offre un cadeau de parfum et de gr\u00e2ce!\" \/>\n<meta name=\"robots\" content=\"index, follow, max-snippet:-1, max-image-preview:large, max-video-preview:-1\" \/>\n<link rel=\"canonical\" href=\"https:\/\/dutchhealthstore.com\/fr\/product\/flowers-in-her-hair-dry-shampoo\/\" \/>\n<meta property=\"og:locale\" content=\"fr_FR\" \/>\n<meta property=\"og:type\" content=\"article\" \/>\n<meta property=\"og:title\" content=\"Flowers in Her Hair Dry Shampoo - Dutch Health Store\" \/>\n<meta property=\"og:description\" content=\"Lorsque des boucles lumineuses ont besoin d&#039;\u00eatre relev\u00e9es, Living Libations Flowers in Her Hair Dry Shampoo offre un cadeau de parfum et de gr\u00e2ce!\" \/>\n<meta property=\"og:url\" content=\"https:\/\/dutchhealthstore.com\/fr\/product\/flowers-in-her-hair-dry-shampoo\/\" \/>\n<meta property=\"og:site_name\" content=\"Dutch Health Store\" \/>\n<meta property=\"article:publisher\" content=\"https:\/\/www.instagram.com\/dutchhealthstore\/\" \/>\n<meta property=\"article:modified_time\" content=\"2026-01-26T15:04:39+00:00\" \/>\n<meta property=\"og:image\" content=\"https:\/\/dutchhealthstore.com\/wp-content\/uploads\/2020\/07\/Living-Libations-Flowers-in-Her-Hair-Dry-Shampoo..-e1594036368948.jpg\" \/>\n\t<meta property=\"og:image:width\" content=\"500\" \/>\n\t<meta property=\"og:image:height\" content=\"501\" \/>\n\t<meta property=\"og:image:type\" content=\"image\/jpeg\" \/>\n<meta name=\"twitter:card\" content=\"summary_large_image\" \/>\n<meta name=\"twitter:label1\" content=\"Disponibilit\u00e9\" \/>\n\t<meta name=\"twitter:data1\" content=\"En stock\" \/>\n<script type=\"application\/ld+json\" class=\"yoast-schema-graph\">{\"@context\":\"https:\/\/schema.org\",\"@graph\":[{\"@type\":\"WebPage\",\"@id\":\"https:\/\/dutchhealthstore.com\/fr\/product\/flowers-in-her-hair-dry-shampoo\/\",\"url\":\"https:\/\/dutchhealthstore.com\/fr\/product\/flowers-in-her-hair-dry-shampoo\/\",\"name\":\"Flowers in Her Hair Dry Shampoo | Living Libations\",\"isPartOf\":{\"@id\":\"https:\/\/dutchhealthstore.com\/fr\/#website\"},\"primaryImageOfPage\":{\"@id\":\"https:\/\/dutchhealthstore.com\/fr\/product\/flowers-in-her-hair-dry-shampoo\/#primaryimage\"},\"image\":{\"@id\":\"https:\/\/dutchhealthstore.com\/fr\/product\/flowers-in-her-hair-dry-shampoo\/#primaryimage\"},\"thumbnailUrl\":\"https:\/\/dutchhealthstore.com\/wp-content\/uploads\/2018\/02\/Living-Libations-Flowers-In-Her-Hair-Dry-Shampoo-001.jpg\",\"datePublished\":\"2020-07-06T11:57:09+00:00\",\"dateModified\":\"2026-01-26T15:04:39+00:00\",\"description\":\"Lorsque des boucles lumineuses ont besoin d'\u00eatre relev\u00e9es, Living Libations Flowers in Her Hair Dry Shampoo offre un cadeau de parfum et de gr\u00e2ce!\",\"breadcrumb\":{\"@id\":\"https:\/\/dutchhealthstore.com\/fr\/product\/flowers-in-her-hair-dry-shampoo\/#breadcrumb\"},\"inLanguage\":\"fr-FR\",\"potentialAction\":[{\"@type\":\"ReadAction\",\"target\":[\"https:\/\/dutchhealthstore.com\/fr\/product\/flowers-in-her-hair-dry-shampoo\/\"]}]},{\"@type\":\"ImageObject\",\"inLanguage\":\"fr-FR\",\"@id\":\"https:\/\/dutchhealthstore.com\/fr\/product\/flowers-in-her-hair-dry-shampoo\/#primaryimage\",\"url\":\"https:\/\/dutchhealthstore.com\/wp-content\/uploads\/2018\/02\/Living-Libations-Flowers-In-Her-Hair-Dry-Shampoo-001.jpg\",\"contentUrl\":\"https:\/\/dutchhealthstore.com\/wp-content\/uploads\/2018\/02\/Living-Libations-Flowers-In-Her-Hair-Dry-Shampoo-001.jpg\",\"width\":1199,\"height\":1200,\"caption\":\"Living Libations - Flowers In Her Hair Dry Shampoo\"},{\"@type\":\"BreadcrumbList\",\"@id\":\"https:\/\/dutchhealthstore.com\/fr\/product\/flowers-in-her-hair-dry-shampoo\/#breadcrumb\",\"itemListElement\":[{\"@type\":\"ListItem\",\"position\":1,\"name\":\"Home\",\"item\":\"https:\/\/dutchhealthstore.com\/fr\/\"},{\"@type\":\"ListItem\",\"position\":2,\"name\":\"Shop\",\"item\":\"https:\/\/dutchhealthstore.com\/fr\/shop\/\"},{\"@type\":\"ListItem\",\"position\":3,\"name\":\"Flowers in Her Hair Dry Shampoo\"}]},{\"@type\":\"WebSite\",\"@id\":\"https:\/\/dutchhealthstore.com\/fr\/#website\",\"url\":\"https:\/\/dutchhealthstore.com\/fr\/\",\"name\":\"Dutch Health Store\",\"description\":\"Enhance Your Beauty with Organic &amp; Natural Skincare\",\"publisher\":{\"@id\":\"https:\/\/dutchhealthstore.com\/fr\/#organization\"},\"potentialAction\":[{\"@type\":\"SearchAction\",\"target\":{\"@type\":\"EntryPoint\",\"urlTemplate\":\"https:\/\/dutchhealthstore.com\/fr\/?s={search_term_string}\"},\"query-input\":{\"@type\":\"PropertyValueSpecification\",\"valueRequired\":true,\"valueName\":\"search_term_string\"}}],\"inLanguage\":\"fr-FR\"},{\"@type\":\"Organization\",\"@id\":\"https:\/\/dutchhealthstore.com\/fr\/#organization\",\"name\":\"Dutch Health Store\",\"url\":\"https:\/\/dutchhealthstore.com\/fr\/\",\"logo\":{\"@type\":\"ImageObject\",\"inLanguage\":\"fr-FR\",\"@id\":\"https:\/\/dutchhealthstore.com\/fr\/#\/schema\/logo\/image\/\",\"url\":\"https:\/\/dutchhealthstore.com\/wp-content\/uploads\/2020\/08\/logo-dutchhealthstore-jpg-e1599484957574.jpg\",\"contentUrl\":\"https:\/\/dutchhealthstore.com\/wp-content\/uploads\/2020\/08\/logo-dutchhealthstore-jpg-e1599484957574.jpg\",\"width\":400,\"height\":62,\"caption\":\"Dutch Health Store\"},\"image\":{\"@id\":\"https:\/\/dutchhealthstore.com\/fr\/#\/schema\/logo\/image\/\"},\"sameAs\":[\"https:\/\/www.instagram.com\/dutchhealthstore\/\",\"https:\/\/www.facebook.com\/dutchhealthstore\"]}]}<\/script>\n<meta property=\"product:brand\" content=\"Living Libations\" \/>\n<meta property=\"og:availability\" content=\"instock\" \/>\n<meta property=\"product:availability\" content=\"instock\" \/>\n<meta property=\"product:condition\" content=\"new\" \/>\n<!-- \/ Yoast SEO Premium plugin. -->","yoast_head_json":{"title":"Flowers in Her Hair Dry Shampoo | Living Libations","description":"Lorsque des boucles lumineuses ont besoin d'\u00eatre relev\u00e9es, Living Libations Flowers in Her Hair Dry Shampoo offre un cadeau de parfum et de gr\u00e2ce!","robots":{"index":"index","follow":"follow","max-snippet":"max-snippet:-1","max-image-preview":"max-image-preview:large","max-video-preview":"max-video-preview:-1"},"canonical":"https:\/\/dutchhealthstore.com\/fr\/product\/flowers-in-her-hair-dry-shampoo\/","og_locale":"fr_FR","og_type":"article","og_title":"Flowers in Her Hair Dry Shampoo - Dutch Health Store","og_description":"Lorsque des boucles lumineuses ont besoin d'\u00eatre relev\u00e9es, Living Libations Flowers in Her Hair Dry Shampoo offre un cadeau de parfum et de gr\u00e2ce!","og_url":"https:\/\/dutchhealthstore.com\/fr\/product\/flowers-in-her-hair-dry-shampoo\/","og_site_name":"Dutch Health Store","article_publisher":"https:\/\/www.instagram.com\/dutchhealthstore\/","article_modified_time":"2026-01-26T15:04:39+00:00","og_image":[{"width":500,"height":501,"url":"https:\/\/dutchhealthstore.com\/wp-content\/uploads\/2020\/07\/Living-Libations-Flowers-in-Her-Hair-Dry-Shampoo..-e1594036368948.jpg","type":"image\/jpeg"}],"twitter_card":"summary_large_image","twitter_misc":{"Disponibilit\u00e9":"En stock"},"schema":{"@context":"https:\/\/schema.org","@graph":[{"@type":"WebPage","@id":"https:\/\/dutchhealthstore.com\/fr\/product\/flowers-in-her-hair-dry-shampoo\/","url":"https:\/\/dutchhealthstore.com\/fr\/product\/flowers-in-her-hair-dry-shampoo\/","name":"Flowers in Her Hair Dry Shampoo | Living Libations","isPartOf":{"@id":"https:\/\/dutchhealthstore.com\/fr\/#website"},"primaryImageOfPage":{"@id":"https:\/\/dutchhealthstore.com\/fr\/product\/flowers-in-her-hair-dry-shampoo\/#primaryimage"},"image":{"@id":"https:\/\/dutchhealthstore.com\/fr\/product\/flowers-in-her-hair-dry-shampoo\/#primaryimage"},"thumbnailUrl":"https:\/\/dutchhealthstore.com\/wp-content\/uploads\/2018\/02\/Living-Libations-Flowers-In-Her-Hair-Dry-Shampoo-001.jpg","datePublished":"2020-07-06T11:57:09+00:00","dateModified":"2026-01-26T15:04:39+00:00","description":"Lorsque des boucles lumineuses ont besoin d'\u00eatre relev\u00e9es, Living Libations Flowers in Her Hair Dry Shampoo offre un cadeau de parfum et de gr\u00e2ce!","breadcrumb":{"@id":"https:\/\/dutchhealthstore.com\/fr\/product\/flowers-in-her-hair-dry-shampoo\/#breadcrumb"},"inLanguage":"fr-FR","potentialAction":[{"@type":"ReadAction","target":["https:\/\/dutchhealthstore.com\/fr\/product\/flowers-in-her-hair-dry-shampoo\/"]}]},{"@type":"ImageObject","inLanguage":"fr-FR","@id":"https:\/\/dutchhealthstore.com\/fr\/product\/flowers-in-her-hair-dry-shampoo\/#primaryimage","url":"https:\/\/dutchhealthstore.com\/wp-content\/uploads\/2018\/02\/Living-Libations-Flowers-In-Her-Hair-Dry-Shampoo-001.jpg","contentUrl":"https:\/\/dutchhealthstore.com\/wp-content\/uploads\/2018\/02\/Living-Libations-Flowers-In-Her-Hair-Dry-Shampoo-001.jpg","width":1199,"height":1200,"caption":"Living Libations - Flowers In Her Hair Dry Shampoo"},{"@type":"BreadcrumbList","@id":"https:\/\/dutchhealthstore.com\/fr\/product\/flowers-in-her-hair-dry-shampoo\/#breadcrumb","itemListElement":[{"@type":"ListItem","position":1,"name":"Home","item":"https:\/\/dutchhealthstore.com\/fr\/"},{"@type":"ListItem","position":2,"name":"Shop","item":"https:\/\/dutchhealthstore.com\/fr\/shop\/"},{"@type":"ListItem","position":3,"name":"Flowers in Her Hair Dry Shampoo"}]},{"@type":"WebSite","@id":"https:\/\/dutchhealthstore.com\/fr\/#website","url":"https:\/\/dutchhealthstore.com\/fr\/","name":"Dutch Health Store","description":"Enhance Your Beauty with Organic &amp; Natural Skincare","publisher":{"@id":"https:\/\/dutchhealthstore.com\/fr\/#organization"},"potentialAction":[{"@type":"SearchAction","target":{"@type":"EntryPoint","urlTemplate":"https:\/\/dutchhealthstore.com\/fr\/?s={search_term_string}"},"query-input":{"@type":"PropertyValueSpecification","valueRequired":true,"valueName":"search_term_string"}}],"inLanguage":"fr-FR"},{"@type":"Organization","@id":"https:\/\/dutchhealthstore.com\/fr\/#organization","name":"Dutch Health Store","url":"https:\/\/dutchhealthstore.com\/fr\/","logo":{"@type":"ImageObject","inLanguage":"fr-FR","@id":"https:\/\/dutchhealthstore.com\/fr\/#\/schema\/logo\/image\/","url":"https:\/\/dutchhealthstore.com\/wp-content\/uploads\/2020\/08\/logo-dutchhealthstore-jpg-e1599484957574.jpg","contentUrl":"https:\/\/dutchhealthstore.com\/wp-content\/uploads\/2020\/08\/logo-dutchhealthstore-jpg-e1599484957574.jpg","width":400,"height":62,"caption":"Dutch Health Store"},"image":{"@id":"https:\/\/dutchhealthstore.com\/fr\/#\/schema\/logo\/image\/"},"sameAs":["https:\/\/www.instagram.com\/dutchhealthstore\/","https:\/\/www.facebook.com\/dutchhealthstore"]}]},"product_brand":"Living Libations","og_availability":"instock","product_availability":"instock","product_condition":"new"},"_links":{"self":[{"href":"https:\/\/dutchhealthstore.com\/fr\/wp-json\/wp\/v2\/product\/111688","targetHints":{"allow":["GET"]}}],"collection":[{"href":"https:\/\/dutchhealthstore.com\/fr\/wp-json\/wp\/v2\/product"}],"about":[{"href":"https:\/\/dutchhealthstore.com\/fr\/wp-json\/wp\/v2\/types\/product"}],"replies":[{"embeddable":true,"href":"https:\/\/dutchhealthstore.com\/fr\/wp-json\/wp\/v2\/comments?post=111688"}],"wp:featuredmedia":[{"embeddable":true,"href":"https:\/\/dutchhealthstore.com\/fr\/wp-json\/wp\/v2\/media\/49273"}],"wp:attachment":[{"href":"https:\/\/dutchhealthstore.com\/fr\/wp-json\/wp\/v2\/media?parent=111688"}],"wp:term":[{"taxonomy":"product_brand","embeddable":true,"href":"https:\/\/dutchhealthstore.com\/fr\/wp-json\/wp\/v2\/product_brand?post=111688"},{"taxonomy":"product_cat","embeddable":true,"href":"https:\/\/dutchhealthstore.com\/fr\/wp-json\/wp\/v2\/product_cat?post=111688"},{"taxonomy":"product_tag","embeddable":true,"href":"https:\/\/dutchhealthstore.com\/fr\/wp-json\/wp\/v2\/product_tag?post=111688"}],"curies":[{"name":"wp","href":"https:\/\/api.w.org\/{rel}","templated":true}]}}