{"id":111473,"date":"2020-07-06T11:11:06","date_gmt":"2020-07-06T11:11:06","guid":{"rendered":"https:\/\/dutchhealthstore.com\/product\/honey-myrtle-deep-conditioning-mask\/"},"modified":"2026-03-26T13:58:07","modified_gmt":"2026-03-26T12:58:07","slug":"honey-myrtle-deep-conditioning-mask","status":"publish","type":"product","link":"https:\/\/dutchhealthstore.com\/fr\/product\/honey-myrtle-deep-conditioning-mask\/","title":{"rendered":"Honey Myrtle Deep Conditioning Mask"},"content":{"rendered":"<p><img decoding=\"async\" class=\"size-full wp-image-69549 alignright\" src=\"https:\/\/dutchhealthstore.com\/wp-content\/uploads\/2019\/08\/NEW-Living-Libations-Logo.jpg\" alt=\"NEW - Living Libations - Logo\" width=\"175\" height=\"82\">Oignez l&rsquo;aur\u00e9ole de vos cheveux avec cet apr\u00e8s-shampooing profond divin et d\u00e9couvrez une \u00e9lasticit\u00e9, une r\u00e9silience et une brillance renouvel\u00e9es.<\/p>\n<h3>Comment utiliser<\/h3>\n<p>Apr\u00e8s-shampooing rapide: appliquer apr\u00e8s le shampooing, en laissant agir le plus longtemps possible. Masque capillaire sans rin\u00e7age: appliquer apr\u00e8s le shampoing et laisser agir pendant 15 minutes en couvrant avec un bonnet de douche ou une serviette, ou laisser agir toute la nuit et rincer le matin. Appliquer en masque une fois par semaine, ou une fois par mois. Agent de coiffage; appliquer sur les m\u00e8ches et les pointes des cheveux \u00e0 tout moment pour des m\u00e8ches langoureuses parfum\u00e9es.<\/p>\n<p>Notre <strong>Honey Myrtle Deep Conditioning Mask<\/strong> est une \u00e9treinte \u00e9paisse et \u00e9molliente pour vos cheveux qui deviendront bient\u00f4t succulents. Cr\u00e9\u00e9e avec amour \u00e0 partir d&rsquo;ingr\u00e9dients enti\u00e8rement naturels, biologiques et \u00e9quilibrants, cette recette pour vos tresses aide vos cheveux \u00e0 retrouver leur \u00e9tat naturel: fortifi\u00e9s, nourris et prot\u00e9g\u00e9s des agressions ext\u00e9rieures.<\/p>\n<h3 class=\"yikes-custom-woo-tab-title yikes-custom-woo-tab-title-natural-organic-ingredients\">Ingr\u00e9dients Naturels\/Biologiques<\/h3>\n<p><strong>Noix de coco<\/strong><em> (Cocos nucifera)<\/em> &#8211; Notre huile de noix de coco vierge, pure et immacul\u00e9e, rassasie la peau, lui offrant une hydratation et une r\u00e9silience magnifiques. L&rsquo;huile de noix de coco lisse les rides et les ridules et prot\u00e8ge la barri\u00e8re d&rsquo;hydratation de la peau.<\/p>\n<p><strong>Jojoba<\/strong> <em>(Simmondsia chinensis)<\/em> &#8211; Le jojoba dor\u00e9 et glorieux nourrit et conditionne les cheveux assoiff\u00e9s. Le jojoba a une capacit\u00e9 in\u00e9gal\u00e9e \u00e0 hydrater les cheveux et \u00e0 \u00e9quilibrer la production d&rsquo;huile. Elle regorge de peptides et de lipides et contient les plus hauts niveaux de compos\u00e9s ph\u00e9noliques trouv\u00e9s dans la nature ainsi que des antioxydants et toutes les formes solubles de vitamine E!<\/p>\n<p><strong>Aloe Vera<\/strong><em> (Aloe barbadenis)<\/em> &#8211; L&rsquo;alo\u00e8s est un joyau botanique du d\u00e9sert qui assure un bon \u00e9quilibre de l&rsquo;hydratation et favorise la sant\u00e9 des cheveux. Il est si facilement absorb\u00e9 par les cheveux et la peau qu&rsquo;il harmonise les cheveux gras et hydrate les cheveux secs. Il lisse la cuticule du cheveu et cr\u00e9e une couche luxuriante invisible \u00e0 la surface de chaque m\u00e8che, ce qui permet d&#8217;emprisonner l&rsquo;humidit\u00e9 et les nutriments.<\/p>\n<p><strong>Olivate de sorbitan<\/strong> &#8211; Cet \u00e9mulsifiant naturel fabriqu\u00e9 \u00e0 partir d&rsquo;huile d&rsquo;olive est utilis\u00e9 pour pr\u00e9venir la perte d&rsquo;eau, aidant ainsi les cheveux \u00e0 conserver leur niveau d&rsquo;hydratation naturel. Il est hypoallerg\u00e9nique, ne contient pas de PEG et est cens\u00e9 imiter la fa\u00e7on dont les cheveux conservent naturelleur hydratation.<\/p>\n<p><strong>Argousier<\/strong><em> (Hippophae rhamnoides)<\/em> &#8211; Le nom latin de l&rsquo;arbuste produisant les baies de l&rsquo;argousier signifie \u00ab\u00a0arbre qui fait briller les chevaux\u00a0\u00bb, en r\u00e9f\u00e9rence aux bienfaits des baies sur la sant\u00e9 et la brillance du poil des cheveux. Notre huile de baies d&rsquo;argousier est un extrait super-critique qui a une affinit\u00e9 pour les m\u00e8ches fortes, brillantes et lustr\u00e9es.<\/p>\n<p><strong>Fucus v\u00e9siculeux<\/strong><em> (Fucus vesiculosus)<\/em> &#8211; Les cheveux secs et assoiff\u00e9s appr\u00e9cieront les vitamines, les min\u00e9raux et les acides gras contenus dans notre extrait d&rsquo;algues sauvages. Les algues sont r\u00e9put\u00e9es am\u00e9liorer la min\u00e9ralisation, renforcer l&rsquo;\u00e9paisseur des cheveux et aider les cheveux endommag\u00e9s \u00e0 se r\u00e9parer.<\/p>\n<p><strong>Tussilage<\/strong> <em>(Tussilago farfara)<\/em> &#8211; Le tussilage contient des niveaux \u00e9lev\u00e9s de min\u00e9raux et d&rsquo;acides amin\u00e9s pour nourrir les cheveux et le cuir chevelu, notamment de la silice, du soufre et de la cyst\u00e9ine. Ces \u00e9l\u00e9ments sont cens\u00e9s favoriser une croissance saine des cheveux, les renforcer, \u00e9viter les cassures, renforcer leur \u00e9lasticit\u00e9 et pr\u00e9venir les d\u00e9p\u00f4ts.<\/p>\n<p><strong>Marron d&rsquo;Inde<\/strong> <em>(Aesculus hippocastanum)<\/em> &#8211; Le marron d&rsquo;Inde est un excellent calmant pour les rougeurs et les d\u00e9mangeaisons du cuir chevelu.<\/p>\n<p><strong>Avoine<\/strong> <em>(Avena sativa<\/em> ) &#8211; L&rsquo;avoine contient natureldu b\u00eata-glucane, un compos\u00e9 qui aide \u00e0 maintenir l&rsquo;hydratation des cheveux et du cuir chevelu. Le gruau est sans gluten.<\/p>\n<p><strong>Pr\u00eale<\/strong> <em>(Equisetum arvense)<\/em> &#8211; La pr\u00eale favorise la sant\u00e9 des cheveux.<\/p>\n<p><strong>Ortie piquante<\/strong><em> (Urtica dioica)<\/em> &#8211; L&rsquo;ortie est une plante ancienne pour les cheveux \u00e9pais.<\/p>\n<p><strong>\u00c9glantier sauvage<\/strong><em> (Rosa Canina)<\/em> &#8211; L&rsquo;\u00e9glantier est hydratant pour les cheveux et le cuir chevelu, et peut \u00eatre utilis\u00e9 pour \u00e9liminer les squames s\u00e8ches. Gr\u00e2ce aux om\u00e9gas et aux vitamines contenus dans l&rsquo;\u00e9glantier, l&rsquo;huile est souvent utilis\u00e9e pour nourrir les cheveux secs et cassants. L&rsquo;huile d&rsquo;\u00e9glantier contient du r\u00e9tinol, des om\u00e9gas 6 et 9, du lycop\u00e8ne, du b\u00eata-carot\u00e8ne et de la vitamine C naturel.<\/p>\n<p><strong>Honey Myrtle<\/strong><em> (Melaleuca uncinata)<\/em> &#8211; L&rsquo;harmonieux Honey Myrtle est utilis\u00e9 pour prot\u00e9ger les cheveux et le cuir chevelu. Son ar\u00f4me est stimulant et inspire un sentiment de bien-\u00eatre.<\/p>\n<p><strong>Jasmine Grandiflorum<\/strong> <em>(Jasminum grandiflorum)<\/em> &#8211; Le parfum du jasmin juteux impr\u00e8gne cet apr\u00e8s-shampooing d&rsquo;ar\u00f4mes capiteux pour oindre votre t\u00eate. Puissante dans sa d\u00e9licatesse, cette huile au parfum sucr\u00e9 est un ancien rem\u00e8de indien ; les merveilles aromatiques du jasmin sambac sont un parfum s\u00e9duisant qui augmente la confiance et les sentiments de sensualit\u00e9.<\/p>\n<p><strong>Bois de santal<\/strong> <em>(Santalum album)<\/em> &#8211; La somptueuse huile de bois de santal est r\u00e9put\u00e9e apaiser le cuir chevelu sec, hydrater les cheveux et donner aux boucles un lustre \u00e9clatant. Le bois de santal est un ingr\u00e9dient tr\u00e8s ancien pour les soins capillaires. Il est abondamment utilis\u00e9 de l&rsquo;Inde \u00e0 Tahiti pour obtenir les cheveux les plus lisses et les plus brillants possibles.<\/p>\n<p><strong>Calendula<\/strong><em> (Calendula officinalis)<\/em> &#8211; Cet extrait audacieux exploite le pouvoir floral des p\u00e9tales de souci pour aider les cheveux \u00e0 s&rsquo;\u00e9panouir pleinement.<\/p>\n<p><strong>Citron<\/strong> <em>(Citrus limon)<\/em> &#8211; L&rsquo;exquis citron clarifie, dynamise et purifie la peau de la t\u00eate aux pieds. C&rsquo;est un merveilleux tonique pour tous les cheveux; on dit qu&rsquo;il renforce les cheveux et augmente leur brillance. L&rsquo;ar\u00f4me est stimulant, revigorant.<\/p>\n<p><strong>Ylang<\/strong> <em>(Cananga odorata)<\/em> &#8211; La luxueuse huile d&rsquo;ylang conf\u00e8re \u00e0 cet apr\u00e8s-shampooing un ar\u00f4me tropical envo\u00fbtant. C&rsquo;est une huile \u00e9quilibrante qui aide la peau \u00e0 trouver la quantit\u00e9 parfaite d&rsquo;hydratation. Les m\u00e8ches huileet les cuirs chevelus secs b\u00e9n\u00e9ficieront tous deux de l&rsquo;impact harmonieux de l&rsquo;ylang ylang sur les niveaux d&rsquo;huile. Lorsque la quantit\u00e9 parfaite d&rsquo;huile est produite sur le cuir chevelu, les cheveux sont brillants et hydrat\u00e9s &#8211; jamais gras.<\/p>\n<p><strong>Sauge + Romarin<\/strong><em> (Salvia officinalis + Rosmarintus officinalis)<\/em> &#8211; Cette symphonie odorante d&rsquo;extraits de sauge et de romarin procure de puissants bienfaits aux cheveux et \u00e0 la peau, et pr\u00e9serve la fra\u00eecheur de cet apr\u00e8s-shampooing. Ces extraits supercritiques super puissants sont des compos\u00e9s concentr\u00e9s qui agissent comme un tonique reconstituant pour les m\u00e8ches de cheveux et le cuir chevelu.<\/p>\n<p><img fetchpriority=\"high\" decoding=\"async\" class=\"size-medium wp-image-68103 aligncenter\" src=\"https:\/\/dutchhealthstore.com\/wp-content\/uploads\/2018\/02\/Living-Libations-Organic-Logo-800x89.png\" alt=\"Living Libations - Organic Logo\" width=\"800\" height=\"89\" srcset=\"https:\/\/dutchhealthstore.com\/wp-content\/uploads\/2018\/02\/Living-Libations-Organic-Logo-800x89.png 800w, https:\/\/dutchhealthstore.com\/wp-content\/uploads\/2018\/02\/Living-Libations-Organic-Logo-510x57.png 510w, https:\/\/dutchhealthstore.com\/wp-content\/uploads\/2018\/02\/Living-Libations-Organic-Logo-768x85.png 768w, https:\/\/dutchhealthstore.com\/wp-content\/uploads\/2018\/02\/Living-Libations-Organic-Logo.png 1400w\" sizes=\"(max-width: 800px) 100vw, 800px\" \/><\/p>\n","protected":false},"excerpt":{"rendered":"<p>Habillez vos cheveux avec Living Libations <strong>Honey Myrtle Deep Conditioning Mask<\/strong><br \/>\nC&rsquo;est notre soin happy-hair le plus \u00e9pais, le plus riche et le plus luxueux \u00e0 ce jour.<\/p>\n<p>Ce masque revitalisant \u00e0 rincer ou \u00e0 laisser est apaisant pour les cheveux secs, le cuir chevelu sec, les cheveux ab\u00eem\u00e9s et trop trait\u00e9s, et tous les types de cheveux qui recherchent d\u00e9sesp\u00e9r\u00e9ment un \u00e9tat renforc\u00e9 d&rsquo;hom\u00e9ostasie capillaire.<\/p>\n","protected":false},"featured_media":111380,"comment_status":"open","ping_status":"closed","template":"","meta":[],"product_brand":[],"product_cat":[8587,8575,8594,1211,1209,1030,4069,1010,1512],"product_tag":[10170,9603,4555,21811,21531],"class_list":{"0":"post-111473","1":"product","2":"type-product","3":"status-publish","4":"has-post-thumbnail","6":"product_cat-conditioner-fr","7":"product_cat-hair-fr","8":"product_cat-hair-masks-serums-fr","9":"product_cat-living-libations-france","10":"product_cat-par-marques","11":"product_cat-par-produits","12":"product_cat-shampooing-et-revitalisant","13":"product_cat-notre-boutique","14":"product_cat-cheveux-living-libations","15":"product_tag-hair-fr","16":"product_tag-hydrating-fr","17":"product_tag-mask-fr","18":"product_tag-natural-fr","19":"product_tag-reparation","20":"pa_bestsellers-goed-fr","21":"pa_brand-livinglibations-fr","22":"pa_gtin-7439657385353-fr","23":"pa_haircare-productype-conditioner-fr","24":"pa_haircare-productype-hair-masks-serums-fr","25":"pa_size-30-ml-fr","26":"pa_size-50-ml-fr","27":"pa_size-100-ml-fr","29":"first","30":"instock","31":"taxable","32":"shipping-taxable","33":"purchasable","34":"product-type-variable"},"bundled_by":[],"bundle_stock_status":"instock","bundle_stock_quantity":null,"bundle_virtual":false,"bundle_layout":"","bundle_add_to_cart_form_location":"","bundle_editable_in_cart":false,"bundle_sold_individually_context":"","bundle_item_grouping":"","bundle_min_size":"","bundle_max_size":"","bundle_price":[],"bundled_items":[],"bundle_sell_ids":[226740],"atum_controlled":true,"out_stock_date":null,"out_stock_threshold":null,"inheritable":true,"stock_on_hold":4,"sold_today":1,"sales_last_days":2,"out_stock_days":0,"lost_sales":0,"update_date":"2026-04-09T11:36:04","atum_locations":[],"atum_stock_status":"instock","restock_status":false,"low_stock_amount":"","sales_update_date":"2026-04-09T11:36:04","calc_backorders":null,"group_of_quantity":0,"min_quantity":0,"max_quantity":"","exclude_order_quantity_value_rules":"no","exclude_category_quantity_rules":"no","combine_variations":"no","yoast_head":"<!-- This site is optimized with the Yoast SEO Premium plugin v26.5 (Yoast SEO v26.5) - https:\/\/yoast.com\/wordpress\/plugins\/seo\/ -->\n<title>Honey Myrtle Deep Conditioning Mask | Living Libations<\/title>\n<meta name=\"description\" content=\"Habillez vos cheveux avecLiving Libations Honey Myrtle Deep Conditioning Mask. C&#039;est notre soin happy-hair le plus \u00e9pais, le plus riche et le plus luxueux \u00e0 ce jour.\" \/>\n<meta name=\"robots\" content=\"index, follow, max-snippet:-1, max-image-preview:large, max-video-preview:-1\" \/>\n<link rel=\"canonical\" href=\"https:\/\/dutchhealthstore.com\/fr\/product\/honey-myrtle-deep-conditioning-mask\/\" \/>\n<meta property=\"og:locale\" content=\"fr_FR\" \/>\n<meta property=\"og:type\" content=\"article\" \/>\n<meta property=\"og:title\" content=\"Honey Myrtle Deep Conditioning Mask - Dutch Health Store\" \/>\n<meta property=\"og:description\" content=\"Habillez vos cheveux avecLiving Libations Honey Myrtle Deep Conditioning Mask. C&#039;est notre soin happy-hair le plus \u00e9pais, le plus riche et le plus luxueux \u00e0 ce jour.\" \/>\n<meta property=\"og:url\" content=\"https:\/\/dutchhealthstore.com\/fr\/product\/honey-myrtle-deep-conditioning-mask\/\" \/>\n<meta property=\"og:site_name\" content=\"Dutch Health Store\" \/>\n<meta property=\"article:publisher\" content=\"https:\/\/www.instagram.com\/dutchhealthstore\/\" \/>\n<meta property=\"article:modified_time\" content=\"2026-03-26T12:58:07+00:00\" \/>\n<meta property=\"og:image\" content=\"https:\/\/dutchhealthstore.com\/wp-content\/uploads\/2020\/07\/Living-Libations-Honey-Myrtle-Deep-Conditioning-Mask-e1594033625164.jpg\" \/>\n\t<meta property=\"og:image:width\" content=\"500\" \/>\n\t<meta property=\"og:image:height\" content=\"500\" \/>\n\t<meta property=\"og:image:type\" content=\"image\/jpeg\" \/>\n<meta name=\"twitter:card\" content=\"summary_large_image\" \/>\n<meta name=\"twitter:label1\" content=\"Disponibilit\u00e9\" \/>\n\t<meta name=\"twitter:data1\" content=\"En stock\" \/>\n<script type=\"application\/ld+json\" class=\"yoast-schema-graph\">{\"@context\":\"https:\/\/schema.org\",\"@graph\":[{\"@type\":\"WebPage\",\"@id\":\"https:\/\/dutchhealthstore.com\/fr\/product\/honey-myrtle-deep-conditioning-mask\/\",\"url\":\"https:\/\/dutchhealthstore.com\/fr\/product\/honey-myrtle-deep-conditioning-mask\/\",\"name\":\"Honey Myrtle Deep Conditioning Mask | Living Libations\",\"isPartOf\":{\"@id\":\"https:\/\/dutchhealthstore.com\/fr\/#website\"},\"primaryImageOfPage\":{\"@id\":\"https:\/\/dutchhealthstore.com\/fr\/product\/honey-myrtle-deep-conditioning-mask\/#primaryimage\"},\"image\":{\"@id\":\"https:\/\/dutchhealthstore.com\/fr\/product\/honey-myrtle-deep-conditioning-mask\/#primaryimage\"},\"thumbnailUrl\":\"https:\/\/dutchhealthstore.com\/wp-content\/uploads\/2020\/07\/Living-Libations-Honey-Myrtle-Deep-Conditioning-Mask-e1594033625164.jpg\",\"datePublished\":\"2020-07-06T11:11:06+00:00\",\"dateModified\":\"2026-03-26T12:58:07+00:00\",\"description\":\"Habillez vos cheveux avecLiving Libations Honey Myrtle Deep Conditioning Mask. C'est notre soin happy-hair le plus \u00e9pais, le plus riche et le plus luxueux \u00e0 ce jour.\",\"breadcrumb\":{\"@id\":\"https:\/\/dutchhealthstore.com\/fr\/product\/honey-myrtle-deep-conditioning-mask\/#breadcrumb\"},\"inLanguage\":\"fr-FR\",\"potentialAction\":[{\"@type\":\"ReadAction\",\"target\":[\"https:\/\/dutchhealthstore.com\/fr\/product\/honey-myrtle-deep-conditioning-mask\/\"]}]},{\"@type\":\"ImageObject\",\"inLanguage\":\"fr-FR\",\"@id\":\"https:\/\/dutchhealthstore.com\/fr\/product\/honey-myrtle-deep-conditioning-mask\/#primaryimage\",\"url\":\"https:\/\/dutchhealthstore.com\/wp-content\/uploads\/2020\/07\/Living-Libations-Honey-Myrtle-Deep-Conditioning-Mask-e1594033625164.jpg\",\"contentUrl\":\"https:\/\/dutchhealthstore.com\/wp-content\/uploads\/2020\/07\/Living-Libations-Honey-Myrtle-Deep-Conditioning-Mask-e1594033625164.jpg\",\"width\":500,\"height\":500,\"caption\":\"Living Libations Honey Myrtle Deep Conditioning Mask\"},{\"@type\":\"BreadcrumbList\",\"@id\":\"https:\/\/dutchhealthstore.com\/fr\/product\/honey-myrtle-deep-conditioning-mask\/#breadcrumb\",\"itemListElement\":[{\"@type\":\"ListItem\",\"position\":1,\"name\":\"Home\",\"item\":\"https:\/\/dutchhealthstore.com\/fr\/\"},{\"@type\":\"ListItem\",\"position\":2,\"name\":\"Shop\",\"item\":\"https:\/\/dutchhealthstore.com\/fr\/shop\/\"},{\"@type\":\"ListItem\",\"position\":3,\"name\":\"Honey Myrtle Deep Conditioning Mask\"}]},{\"@type\":\"WebSite\",\"@id\":\"https:\/\/dutchhealthstore.com\/fr\/#website\",\"url\":\"https:\/\/dutchhealthstore.com\/fr\/\",\"name\":\"Dutch Health Store\",\"description\":\"Enhance Your Beauty with Organic &amp; Natural Skincare\",\"publisher\":{\"@id\":\"https:\/\/dutchhealthstore.com\/fr\/#organization\"},\"potentialAction\":[{\"@type\":\"SearchAction\",\"target\":{\"@type\":\"EntryPoint\",\"urlTemplate\":\"https:\/\/dutchhealthstore.com\/fr\/?s={search_term_string}\"},\"query-input\":{\"@type\":\"PropertyValueSpecification\",\"valueRequired\":true,\"valueName\":\"search_term_string\"}}],\"inLanguage\":\"fr-FR\"},{\"@type\":\"Organization\",\"@id\":\"https:\/\/dutchhealthstore.com\/fr\/#organization\",\"name\":\"Dutch Health Store\",\"url\":\"https:\/\/dutchhealthstore.com\/fr\/\",\"logo\":{\"@type\":\"ImageObject\",\"inLanguage\":\"fr-FR\",\"@id\":\"https:\/\/dutchhealthstore.com\/fr\/#\/schema\/logo\/image\/\",\"url\":\"https:\/\/dutchhealthstore.com\/wp-content\/uploads\/2020\/08\/logo-dutchhealthstore-jpg-e1599484957574.jpg\",\"contentUrl\":\"https:\/\/dutchhealthstore.com\/wp-content\/uploads\/2020\/08\/logo-dutchhealthstore-jpg-e1599484957574.jpg\",\"width\":400,\"height\":62,\"caption\":\"Dutch Health Store\"},\"image\":{\"@id\":\"https:\/\/dutchhealthstore.com\/fr\/#\/schema\/logo\/image\/\"},\"sameAs\":[\"https:\/\/www.instagram.com\/dutchhealthstore\/\",\"https:\/\/www.facebook.com\/dutchhealthstore\"]}]}<\/script>\n<meta property=\"product:brand\" content=\"Living Libations\" \/>\n<meta property=\"og:availability\" content=\"instock\" \/>\n<meta property=\"product:availability\" content=\"instock\" \/>\n<meta property=\"product:condition\" content=\"new\" \/>\n<!-- \/ Yoast SEO Premium plugin. -->","yoast_head_json":{"title":"Honey Myrtle Deep Conditioning Mask | Living Libations","description":"Habillez vos cheveux avecLiving Libations Honey Myrtle Deep Conditioning Mask. C'est notre soin happy-hair le plus \u00e9pais, le plus riche et le plus luxueux \u00e0 ce jour.","robots":{"index":"index","follow":"follow","max-snippet":"max-snippet:-1","max-image-preview":"max-image-preview:large","max-video-preview":"max-video-preview:-1"},"canonical":"https:\/\/dutchhealthstore.com\/fr\/product\/honey-myrtle-deep-conditioning-mask\/","og_locale":"fr_FR","og_type":"article","og_title":"Honey Myrtle Deep Conditioning Mask - Dutch Health Store","og_description":"Habillez vos cheveux avecLiving Libations Honey Myrtle Deep Conditioning Mask. C'est notre soin happy-hair le plus \u00e9pais, le plus riche et le plus luxueux \u00e0 ce jour.","og_url":"https:\/\/dutchhealthstore.com\/fr\/product\/honey-myrtle-deep-conditioning-mask\/","og_site_name":"Dutch Health Store","article_publisher":"https:\/\/www.instagram.com\/dutchhealthstore\/","article_modified_time":"2026-03-26T12:58:07+00:00","og_image":[{"width":500,"height":500,"url":"https:\/\/dutchhealthstore.com\/wp-content\/uploads\/2020\/07\/Living-Libations-Honey-Myrtle-Deep-Conditioning-Mask-e1594033625164.jpg","type":"image\/jpeg"}],"twitter_card":"summary_large_image","twitter_misc":{"Disponibilit\u00e9":"En stock"},"schema":{"@context":"https:\/\/schema.org","@graph":[{"@type":"WebPage","@id":"https:\/\/dutchhealthstore.com\/fr\/product\/honey-myrtle-deep-conditioning-mask\/","url":"https:\/\/dutchhealthstore.com\/fr\/product\/honey-myrtle-deep-conditioning-mask\/","name":"Honey Myrtle Deep Conditioning Mask | Living Libations","isPartOf":{"@id":"https:\/\/dutchhealthstore.com\/fr\/#website"},"primaryImageOfPage":{"@id":"https:\/\/dutchhealthstore.com\/fr\/product\/honey-myrtle-deep-conditioning-mask\/#primaryimage"},"image":{"@id":"https:\/\/dutchhealthstore.com\/fr\/product\/honey-myrtle-deep-conditioning-mask\/#primaryimage"},"thumbnailUrl":"https:\/\/dutchhealthstore.com\/wp-content\/uploads\/2020\/07\/Living-Libations-Honey-Myrtle-Deep-Conditioning-Mask-e1594033625164.jpg","datePublished":"2020-07-06T11:11:06+00:00","dateModified":"2026-03-26T12:58:07+00:00","description":"Habillez vos cheveux avecLiving Libations Honey Myrtle Deep Conditioning Mask. C'est notre soin happy-hair le plus \u00e9pais, le plus riche et le plus luxueux \u00e0 ce jour.","breadcrumb":{"@id":"https:\/\/dutchhealthstore.com\/fr\/product\/honey-myrtle-deep-conditioning-mask\/#breadcrumb"},"inLanguage":"fr-FR","potentialAction":[{"@type":"ReadAction","target":["https:\/\/dutchhealthstore.com\/fr\/product\/honey-myrtle-deep-conditioning-mask\/"]}]},{"@type":"ImageObject","inLanguage":"fr-FR","@id":"https:\/\/dutchhealthstore.com\/fr\/product\/honey-myrtle-deep-conditioning-mask\/#primaryimage","url":"https:\/\/dutchhealthstore.com\/wp-content\/uploads\/2020\/07\/Living-Libations-Honey-Myrtle-Deep-Conditioning-Mask-e1594033625164.jpg","contentUrl":"https:\/\/dutchhealthstore.com\/wp-content\/uploads\/2020\/07\/Living-Libations-Honey-Myrtle-Deep-Conditioning-Mask-e1594033625164.jpg","width":500,"height":500,"caption":"Living Libations Honey Myrtle Deep Conditioning Mask"},{"@type":"BreadcrumbList","@id":"https:\/\/dutchhealthstore.com\/fr\/product\/honey-myrtle-deep-conditioning-mask\/#breadcrumb","itemListElement":[{"@type":"ListItem","position":1,"name":"Home","item":"https:\/\/dutchhealthstore.com\/fr\/"},{"@type":"ListItem","position":2,"name":"Shop","item":"https:\/\/dutchhealthstore.com\/fr\/shop\/"},{"@type":"ListItem","position":3,"name":"Honey Myrtle Deep Conditioning Mask"}]},{"@type":"WebSite","@id":"https:\/\/dutchhealthstore.com\/fr\/#website","url":"https:\/\/dutchhealthstore.com\/fr\/","name":"Dutch Health Store","description":"Enhance Your Beauty with Organic &amp; Natural Skincare","publisher":{"@id":"https:\/\/dutchhealthstore.com\/fr\/#organization"},"potentialAction":[{"@type":"SearchAction","target":{"@type":"EntryPoint","urlTemplate":"https:\/\/dutchhealthstore.com\/fr\/?s={search_term_string}"},"query-input":{"@type":"PropertyValueSpecification","valueRequired":true,"valueName":"search_term_string"}}],"inLanguage":"fr-FR"},{"@type":"Organization","@id":"https:\/\/dutchhealthstore.com\/fr\/#organization","name":"Dutch Health Store","url":"https:\/\/dutchhealthstore.com\/fr\/","logo":{"@type":"ImageObject","inLanguage":"fr-FR","@id":"https:\/\/dutchhealthstore.com\/fr\/#\/schema\/logo\/image\/","url":"https:\/\/dutchhealthstore.com\/wp-content\/uploads\/2020\/08\/logo-dutchhealthstore-jpg-e1599484957574.jpg","contentUrl":"https:\/\/dutchhealthstore.com\/wp-content\/uploads\/2020\/08\/logo-dutchhealthstore-jpg-e1599484957574.jpg","width":400,"height":62,"caption":"Dutch Health Store"},"image":{"@id":"https:\/\/dutchhealthstore.com\/fr\/#\/schema\/logo\/image\/"},"sameAs":["https:\/\/www.instagram.com\/dutchhealthstore\/","https:\/\/www.facebook.com\/dutchhealthstore"]}]},"product_brand":"Living Libations","og_availability":"instock","product_availability":"instock","product_condition":"new"},"_links":{"self":[{"href":"https:\/\/dutchhealthstore.com\/fr\/wp-json\/wp\/v2\/product\/111473","targetHints":{"allow":["GET"]}}],"collection":[{"href":"https:\/\/dutchhealthstore.com\/fr\/wp-json\/wp\/v2\/product"}],"about":[{"href":"https:\/\/dutchhealthstore.com\/fr\/wp-json\/wp\/v2\/types\/product"}],"replies":[{"embeddable":true,"href":"https:\/\/dutchhealthstore.com\/fr\/wp-json\/wp\/v2\/comments?post=111473"}],"wp:featuredmedia":[{"embeddable":true,"href":"https:\/\/dutchhealthstore.com\/fr\/wp-json\/wp\/v2\/media\/111380"}],"wp:attachment":[{"href":"https:\/\/dutchhealthstore.com\/fr\/wp-json\/wp\/v2\/media?parent=111473"}],"wp:term":[{"taxonomy":"product_brand","embeddable":true,"href":"https:\/\/dutchhealthstore.com\/fr\/wp-json\/wp\/v2\/product_brand?post=111473"},{"taxonomy":"product_cat","embeddable":true,"href":"https:\/\/dutchhealthstore.com\/fr\/wp-json\/wp\/v2\/product_cat?post=111473"},{"taxonomy":"product_tag","embeddable":true,"href":"https:\/\/dutchhealthstore.com\/fr\/wp-json\/wp\/v2\/product_tag?post=111473"}],"curies":[{"name":"wp","href":"https:\/\/api.w.org\/{rel}","templated":true}]}}