{"id":111165,"date":"2020-07-03T12:21:39","date_gmt":"2020-07-03T12:21:39","guid":{"rendered":"https:\/\/dutchhealthstore.com\/product\/crowning-glory-hair-oil\/"},"modified":"2025-11-23T12:53:40","modified_gmt":"2025-11-23T11:53:40","slug":"crowning-glory-hair-oil","status":"publish","type":"product","link":"https:\/\/dutchhealthstore.com\/fr\/product\/crowning-glory-hair-oil\/","title":{"rendered":"Crowning Glory Hair Oil"},"content":{"rendered":"<p><img decoding=\"async\" class=\"size-full wp-image-69549 alignright\" src=\"https:\/\/dutchhealthstore.com\/wp-content\/uploads\/2019\/08\/NEW-Living-Libations-Logo.jpg\" alt=\"NEW - Living Libations - Logo\" width=\"175\" height=\"82\">En huile les cheveux et le cuir chevelu avec <strong>Crowning Glory Hair Oil<\/strong>, on fait p\u00e9n\u00e9trer des huiles essentielles nourrissantes dans les racines et le cuir chevelu. Les plantes bioactives s&rsquo;occupent des cuirs chevelus secs et squameux, r\u00e9novent les cheveux ab\u00eem\u00e9s, lissent les pointes fourchues, renforcent les m\u00e8ches, stimulent la brillance, nettoient les pores du cuir chevelu et entretiennent la crini\u00e8re.<\/p>\n<p>Les huiles de romarin et de citron Petitgrain d\u00e9barrassent le cuir chevelu de la s\u00e9cheresse et adoucissent les m\u00e8ches pour les rendre superbement soyeuses. Le v\u00e9tiver revigore le cuir chevelu et le nard sacr\u00e9 b\u00e9nit les cheveux d&rsquo;un parfum luxueux. L&rsquo;apport botanique de l&rsquo;ortie et des graines de citrouille vous aide \u00e0 atteindre vos objectifs de cheveux plus longs et plus forts. Le jojoba et le citron vert juteux honorent les cheveux d&rsquo;une brillance et d&rsquo;une douceur sans faille.<\/p>\n<p>Massez <strong>Crowing Glory Hair Oil<\/strong> sur le cuir chevelu et dans les cheveux jusqu&rsquo;aux pointes. Appliquer avant le shampooing ou laisser agir toute la nuit. Pour un traitement \u00e0 l&rsquo;huile chaude, appliquez suffisamment d&rsquo;huile pour recouvrir les cheveux et enveloppez la t\u00eate d&rsquo;une serviette chaude et humide. L&rsquo;huile peut \u00e9galement \u00eatre peign\u00e9e dans les cheveux \u00e0 l&rsquo;aide d&rsquo;une brosse naturel ou d&rsquo;un peigne en bois; ils sont si agr\u00e9ables sur le cuir chevelu, emp\u00eachent l&rsquo;\u00e9lectricit\u00e9 statique et r\u00e9partissent les huiles de mani\u00e8re uniforme dans toute la crini\u00e8re. Pour plus de brillance et pour att\u00e9nuer les frisottis et les m\u00e8ches rebelles, frottez quelques gouttes entre vos paumes et lissez les cheveux et les pointes.<\/p>\n<p>D\u00e9licieusement aromatique et exceptionnellement efficace, cette huile sublime et l\u00e9g\u00e8re p\u00e9n\u00e8tre rapidement dans le cuir chevelu et la tige du cheveu et remplit une double fonction en fortifiant et en hydratant les cheveux et le cuir chevelu. Appliquez sur le cuir chevelu et les pointes des cheveux pour dompter les frisottis et prot\u00e9ger les tiges capillaires contre la chaleur.<\/p>\n<h3 class=\"yikes-custom-woo-tab-title yikes-custom-woo-tab-title-natural-organic-ingredients\">Ingr\u00e9dients Naturels\/Biologiques<\/h3>\n<p><strong>Graine de citrouille ( <\/strong><i><em>Cucurbita pepo<\/em><\/i>) &#8211; L&rsquo;huile de p\u00e9pins de courge biologique press\u00e9e \u00e0 froid a une riche couleur vert fonc\u00e9 avec une touche de rouge. Il est abondant en acides gras essentiels om\u00e9ga-3 et om\u00e9ga-6, et en phytost\u00e9rols. L&rsquo;activit\u00e9 antioxydante des huit types de vitamine E et de divers carot\u00e9no\u00efdes, dont le b\u00eata-carot\u00e8ne, nourrit les cheveux, les racines et le cuir chevelu.<\/p>\n<p><strong> huile jojoba<\/strong> (<i><em>Simmondsia chinensis<\/em><\/i>) &#8211; Un soup\u00e7on de jojoba sain est la r\u00e9ponse du d\u00e9sert aux cheveux secs et cassants. Vivant parmi les temp\u00eates de sable et les cactus, le jojoba \u00e9merge comme une oasis exub\u00e9rante et \u00e9molliente. Lorsque cet arbuste robuste cuit sous le soleil du d\u00e9sert, des perles d&rsquo;or liquide germent \u00e0 l&rsquo;int\u00e9rieur des graines de jojoba. Ces graines font jaillir une huile dor\u00e9e qui est extraite par pression \u00e0 froid pour donner un lipide super similaire au s\u00e9bum naturel de notre peau. S&rsquo;infiltrant sans effort dans la peau, il transmet les phytonutriments aux couches les plus profondes des tissus. Le jojoba dor\u00e9 lubrifie comme une huile, mais il s&rsquo;agit en fait d&rsquo;une cire v\u00e9g\u00e9tale liquide qui ne rancit pas. Incroyablement riche et soyeux, le jojoba conditionne durablement le cuir chevelu et procure des effets brillants et lissants aux cheveux.<\/p>\n<p><strong>Ortie piquante ( <\/strong><i><em>Urtica dioica<\/em><\/i>)<b><strong> <\/strong><\/b>&#8211; L&rsquo;herbe d&rsquo;ortie nourrissante est un tonique capillaire sain qui sert \u00e0 \u00e9quilibrer les cheveux et la peau gras. Cette distillation rare d&rsquo;huile essentielle d&rsquo;ortie, gorg\u00e9e de substances v\u00e9g\u00e9tales bioactives, apaise les cuirs chevelus secs et donne de l&rsquo;\u00e9clat aux m\u00e8ches de cheveux.<\/p>\n<p><strong>Romarin Verb\u00e9none<\/strong> (<i><em>Rosmarinus officinalis verb\u00e9none<\/em><\/i>) &#8211; L&rsquo;huile essentielle de romarin verb\u00e9none est un tonique herbac\u00e9 revivifiant et vivifiant \u00e0 l&rsquo;ar\u00f4me rafra\u00eechissant et p\u00e9n\u00e9trant. Consid\u00e9rez le romarin comme l&rsquo;ami courageux qui stimule la l\u00e9thargie et aide le cuir chevelu et la peau \u00e0 se d\u00e9velopper avec une fra\u00eecheur renouvel\u00e9e.<\/p>\n<p><strong>Citron Petitgrain ( <\/strong><i><em>Citrus limon petitgrain<\/em><\/i>) &#8211; La succulente huile essentielle de citron petitgrain est un r\u00eave ensoleill\u00e9, vert feuillu, rempli de puissance v\u00e9g\u00e9tale effervescente! Cette essence rare de petitgrain est distill\u00e9e \u00e0 la vapeur \u00e0 partir de feuilles et de rameaux de citronniers italiens. Douce et succulente, avec des notes parfum\u00e9es de vert, l&rsquo;huile est un \u00e9l\u00e9ment de base des r\u00e9gimes de soins de la peau et de beaut\u00e9. Cette huile est optimale pour les soins des cheveux et de la peau car elle lisse et tonifie le cuir chevelu. Le site <i><em>nerol<\/em><\/i> contenu du petitgrain citronn\u00e9 est abondant (presque autant <i><em>nerol<\/em><\/i> que celle de l&rsquo;huile essentielle de n\u00e9roli), ce qui en fait l&rsquo;ar\u00f4me le plus agr\u00e9able de toutes les distillations de petitgrain. Cette d\u00e9licatesse aromatique apporte une l\u00e9g\u00e8ret\u00e9 \u00e9motionnelle et spirituelle, et fait sentir les cheveux comme dans un r\u00eave.<\/p>\n<p><strong>V\u00e9tiver <\/strong><i><em>(<\/em><\/i><i><em>Chrysopogon zizanioides)<\/em><\/i> &#8211; L&rsquo;huile essentielle de v\u00e9tiver est distill\u00e9e \u00e0 partir des racines terreuses d&rsquo;une herbe tropicale aromatique. La bont\u00e9 de cette huile est fondatrice et apaisante pour la peau, le cuir chevelu et l&rsquo;esprit, oignant les racines des cheveux et chaque couche de la peau comme la pluie oint l&rsquo;herbe. Adaptog\u00e8ne par nature, l&rsquo;huile de v\u00e9tiver apaise les m\u00e8ches de cheveux et agr\u00e9mente aromatiquement votre couronne de gloire.<\/p>\n<p><strong>Nardenard <\/strong><i><em>(Nardostachys jatamansi<\/em><\/i>) &#8211; L&rsquo;huile essentielle de jatamansi sent la terre et l&rsquo;antiquit\u00e9 ; elle est le fruit de milliers d&rsquo;ann\u00e9es d&rsquo;histoire de la gu\u00e9rison, d&rsquo;inspiration spirituelle et de puissance m\u00e9dicinale. Cette racine aromatique est l&rsquo;incarnation du luxe naturel et est utilis\u00e9e depuis des lustres comme huile capillaire nourrissante et parfum\u00e9e. C&rsquo;est le nard, apr\u00e8s tout, qui a \u00e9t\u00e9 mentionn\u00e9 dans l&rsquo;histoire de l&rsquo;humanit\u00e9. <i><em>Chant de Salomon<\/em><\/i> et utilis\u00e9 par Marie-Madeleine pour oindre les pieds du Christ, puis elle lui a essuy\u00e9 les pieds avec ses cheveux. Cette racine profond\u00e9ment rassurante nourrit les racines de vos cheveux.<\/p>\n<p><img fetchpriority=\"high\" decoding=\"async\" class=\"size-medium wp-image-68103 aligncenter\" src=\"https:\/\/dutchhealthstore.com\/wp-content\/uploads\/2018\/02\/Living-Libations-Organic-Logo-800x89.png\" alt=\"Living Libations - Organic Logo\" width=\"800\" height=\"89\" srcset=\"https:\/\/dutchhealthstore.com\/wp-content\/uploads\/2018\/02\/Living-Libations-Organic-Logo-800x89.png 800w, https:\/\/dutchhealthstore.com\/wp-content\/uploads\/2018\/02\/Living-Libations-Organic-Logo-510x57.png 510w, https:\/\/dutchhealthstore.com\/wp-content\/uploads\/2018\/02\/Living-Libations-Organic-Logo-768x85.png 768w, https:\/\/dutchhealthstore.com\/wp-content\/uploads\/2018\/02\/Living-Libations-Organic-Logo.png 1400w\" sizes=\"(max-width: 800px) 100vw, 800px\" \/><\/p>\n","protected":false},"excerpt":{"rendered":"<p>Donnez \u00e0 vos cheveux un soin particulier. This Nourishing Nettle <strong>Hair Oil<\/strong> permet \u00e0 vos cheveux d&rsquo;\u00eatre dynamiques, de se balancer et de briller dans toute leur splendeur. Elle parfume d\u00e9licatement les cheveux comme une brise de printemps.<\/p>\n<p>Prenez soin de votre cuir chevelu comme d&rsquo;un jardin, car des cheveux sains poussent \u00e0 partir de racines nourries. Notre cuir chevelu compte plus de 200 vaisseaux sanguins, 650 glandes sudoripares et 1 000 terminaisons nerveuses et il est, bien entendu, la m\u00e8re de nos cheveux. Selon la couleur de nos cheveux, nous avons entre 90 000 et 200 000 follicules pileux nourris par le cuir chevelu et de beaux cheveux poussent \u00e0 partir d&rsquo;un cuir chevelu sain. Vous voulez que les pores ne soient pas ignor\u00e9s ou bouch\u00e9s par des polym\u00e8res et remplis de silicone et de tensioactifs.<\/p>\n","protected":false},"featured_media":30491,"comment_status":"open","ping_status":"closed","template":"","meta":[],"product_brand":[],"product_cat":[8575,8594,10083,1211,1209,1030,1010,1512],"product_tag":[10170,21524,9603,21811,21513],"class_list":{"0":"post-111165","1":"product","2":"type-product","3":"status-publish","4":"has-post-thumbnail","6":"product_cat-hair-fr","7":"product_cat-hair-masks-serums-fr","8":"product_cat-hair-oil-fr-2","9":"product_cat-living-libations-france","10":"product_cat-par-marques","11":"product_cat-par-produits","12":"product_cat-notre-boutique","13":"product_cat-cheveux-living-libations","14":"product_tag-hair-fr","15":"product_tag-hair-oil-fr","16":"product_tag-hydrating-fr","17":"product_tag-natural-fr","18":"product_tag-soins-du-cuir-chevelu","19":"pa_bestsellers-goed-fr","20":"pa_brand-livinglibations-fr","21":"pa_gtin-7439657384332-fr","22":"pa_haircare-productype-hair-oil-fr","23":"pa_haircare-productype-hair-masks-serums-fr","24":"pa_size-15-ml-fr","25":"pa_size-30-ml-fr","26":"pa_size-100-ml-fr","28":"first","29":"instock","30":"taxable","31":"shipping-taxable","32":"purchasable","33":"product-type-variable"},"bundled_by":[],"bundle_stock_status":"instock","bundle_stock_quantity":null,"bundle_virtual":false,"bundle_layout":"","bundle_add_to_cart_form_location":"","bundle_editable_in_cart":false,"bundle_sold_individually_context":"","bundle_item_grouping":"","bundle_min_size":"","bundle_max_size":"","bundle_price":[],"bundled_items":[],"bundle_sell_ids":[229445],"atum_controlled":true,"out_stock_date":null,"out_stock_threshold":null,"inheritable":true,"stock_on_hold":4,"sold_today":1,"sales_last_days":2,"out_stock_days":0,"lost_sales":0,"update_date":"2026-04-07T18:32:08","atum_locations":[],"atum_stock_status":"instock","restock_status":false,"low_stock_amount":"","sales_update_date":"2026-03-28T01:42:28","calc_backorders":null,"group_of_quantity":0,"min_quantity":0,"max_quantity":"","exclude_order_quantity_value_rules":"no","exclude_category_quantity_rules":"no","combine_variations":"no","yoast_head":"<!-- This site is optimized with the Yoast SEO Premium plugin v26.5 (Yoast SEO v26.5) - https:\/\/yoast.com\/wordpress\/plugins\/seo\/ -->\n<title>Crowning Glory Hair Oil | Living Libations<\/title>\n<meta name=\"description\" content=\"Cette huile capillaire permet \u00e0 vos cheveux d&#039;\u00eatre dynamiques, de se balancer et de briller dans toute leur splendeur. Elle parfume d\u00e9licatement les cheveux comme une brise de printemps.\" \/>\n<meta name=\"robots\" content=\"index, follow, max-snippet:-1, max-image-preview:large, max-video-preview:-1\" \/>\n<link rel=\"canonical\" href=\"https:\/\/dutchhealthstore.com\/fr\/product\/crowning-glory-hair-oil\/\" \/>\n<meta property=\"og:locale\" content=\"fr_FR\" \/>\n<meta property=\"og:type\" content=\"article\" \/>\n<meta property=\"og:title\" content=\"Crowning Glory Hair Oil - Dutch Health Store\" \/>\n<meta property=\"og:description\" content=\"Cette huile capillaire permet \u00e0 vos cheveux d&#039;\u00eatre dynamiques, de se balancer et de briller dans toute leur splendeur. Elle parfume d\u00e9licatement les cheveux comme une brise de printemps.\" \/>\n<meta property=\"og:url\" content=\"https:\/\/dutchhealthstore.com\/fr\/product\/crowning-glory-hair-oil\/\" \/>\n<meta property=\"og:site_name\" content=\"Dutch Health Store\" \/>\n<meta property=\"article:publisher\" content=\"https:\/\/www.instagram.com\/dutchhealthstore\/\" \/>\n<meta property=\"article:modified_time\" content=\"2025-11-23T11:53:40+00:00\" \/>\n<meta property=\"og:image\" content=\"https:\/\/dutchhealthstore.com\/wp-content\/uploads\/2018\/02\/Crowning_Glory_Hair_Oil_Living_Libations.jpg\" \/>\n\t<meta property=\"og:image:width\" content=\"500\" \/>\n\t<meta property=\"og:image:height\" content=\"500\" \/>\n\t<meta property=\"og:image:type\" content=\"image\/jpeg\" \/>\n<meta name=\"twitter:card\" content=\"summary_large_image\" \/>\n<meta name=\"twitter:label1\" content=\"Disponibilit\u00e9\" \/>\n\t<meta name=\"twitter:data1\" content=\"En stock\" \/>\n<script type=\"application\/ld+json\" class=\"yoast-schema-graph\">{\"@context\":\"https:\/\/schema.org\",\"@graph\":[{\"@type\":\"WebPage\",\"@id\":\"https:\/\/dutchhealthstore.com\/fr\/product\/crowning-glory-hair-oil\/\",\"url\":\"https:\/\/dutchhealthstore.com\/fr\/product\/crowning-glory-hair-oil\/\",\"name\":\"Crowning Glory Hair Oil | Living Libations\",\"isPartOf\":{\"@id\":\"https:\/\/dutchhealthstore.com\/fr\/#website\"},\"primaryImageOfPage\":{\"@id\":\"https:\/\/dutchhealthstore.com\/fr\/product\/crowning-glory-hair-oil\/#primaryimage\"},\"image\":{\"@id\":\"https:\/\/dutchhealthstore.com\/fr\/product\/crowning-glory-hair-oil\/#primaryimage\"},\"thumbnailUrl\":\"https:\/\/dutchhealthstore.com\/wp-content\/uploads\/2018\/02\/Crowning_Glory_Hair_Oil_Living_Libations_002.jpg\",\"datePublished\":\"2020-07-03T12:21:39+00:00\",\"dateModified\":\"2025-11-23T11:53:40+00:00\",\"description\":\"Cette huile capillaire permet \u00e0 vos cheveux d'\u00eatre dynamiques, de se balancer et de briller dans toute leur splendeur. Elle parfume d\u00e9licatement les cheveux comme une brise de printemps.\",\"breadcrumb\":{\"@id\":\"https:\/\/dutchhealthstore.com\/fr\/product\/crowning-glory-hair-oil\/#breadcrumb\"},\"inLanguage\":\"fr-FR\",\"potentialAction\":[{\"@type\":\"ReadAction\",\"target\":[\"https:\/\/dutchhealthstore.com\/fr\/product\/crowning-glory-hair-oil\/\"]}]},{\"@type\":\"ImageObject\",\"inLanguage\":\"fr-FR\",\"@id\":\"https:\/\/dutchhealthstore.com\/fr\/product\/crowning-glory-hair-oil\/#primaryimage\",\"url\":\"https:\/\/dutchhealthstore.com\/wp-content\/uploads\/2018\/02\/Crowning_Glory_Hair_Oil_Living_Libations_002.jpg\",\"contentUrl\":\"https:\/\/dutchhealthstore.com\/wp-content\/uploads\/2018\/02\/Crowning_Glory_Hair_Oil_Living_Libations_002.jpg\",\"width\":500,\"height\":500,\"caption\":\"Living Libations - Crowning Glory Hair Oil\"},{\"@type\":\"BreadcrumbList\",\"@id\":\"https:\/\/dutchhealthstore.com\/fr\/product\/crowning-glory-hair-oil\/#breadcrumb\",\"itemListElement\":[{\"@type\":\"ListItem\",\"position\":1,\"name\":\"Home\",\"item\":\"https:\/\/dutchhealthstore.com\/fr\/\"},{\"@type\":\"ListItem\",\"position\":2,\"name\":\"Shop\",\"item\":\"https:\/\/dutchhealthstore.com\/fr\/shop\/\"},{\"@type\":\"ListItem\",\"position\":3,\"name\":\"Crowning Glory Hair Oil\"}]},{\"@type\":\"WebSite\",\"@id\":\"https:\/\/dutchhealthstore.com\/fr\/#website\",\"url\":\"https:\/\/dutchhealthstore.com\/fr\/\",\"name\":\"Dutch Health Store\",\"description\":\"Enhance Your Beauty with Organic &amp; Natural Skincare\",\"publisher\":{\"@id\":\"https:\/\/dutchhealthstore.com\/fr\/#organization\"},\"potentialAction\":[{\"@type\":\"SearchAction\",\"target\":{\"@type\":\"EntryPoint\",\"urlTemplate\":\"https:\/\/dutchhealthstore.com\/fr\/?s={search_term_string}\"},\"query-input\":{\"@type\":\"PropertyValueSpecification\",\"valueRequired\":true,\"valueName\":\"search_term_string\"}}],\"inLanguage\":\"fr-FR\"},{\"@type\":\"Organization\",\"@id\":\"https:\/\/dutchhealthstore.com\/fr\/#organization\",\"name\":\"Dutch Health Store\",\"url\":\"https:\/\/dutchhealthstore.com\/fr\/\",\"logo\":{\"@type\":\"ImageObject\",\"inLanguage\":\"fr-FR\",\"@id\":\"https:\/\/dutchhealthstore.com\/fr\/#\/schema\/logo\/image\/\",\"url\":\"https:\/\/dutchhealthstore.com\/wp-content\/uploads\/2020\/08\/logo-dutchhealthstore-jpg-e1599484957574.jpg\",\"contentUrl\":\"https:\/\/dutchhealthstore.com\/wp-content\/uploads\/2020\/08\/logo-dutchhealthstore-jpg-e1599484957574.jpg\",\"width\":400,\"height\":62,\"caption\":\"Dutch Health Store\"},\"image\":{\"@id\":\"https:\/\/dutchhealthstore.com\/fr\/#\/schema\/logo\/image\/\"},\"sameAs\":[\"https:\/\/www.instagram.com\/dutchhealthstore\/\",\"https:\/\/www.facebook.com\/dutchhealthstore\"]}]}<\/script>\n<meta property=\"product:brand\" content=\"Living Libations\" \/>\n<meta property=\"og:availability\" content=\"instock\" \/>\n<meta property=\"product:availability\" content=\"instock\" \/>\n<meta property=\"product:condition\" content=\"new\" \/>\n<!-- \/ Yoast SEO Premium plugin. -->","yoast_head_json":{"title":"Crowning Glory Hair Oil | Living Libations","description":"Cette huile capillaire permet \u00e0 vos cheveux d'\u00eatre dynamiques, de se balancer et de briller dans toute leur splendeur. Elle parfume d\u00e9licatement les cheveux comme une brise de printemps.","robots":{"index":"index","follow":"follow","max-snippet":"max-snippet:-1","max-image-preview":"max-image-preview:large","max-video-preview":"max-video-preview:-1"},"canonical":"https:\/\/dutchhealthstore.com\/fr\/product\/crowning-glory-hair-oil\/","og_locale":"fr_FR","og_type":"article","og_title":"Crowning Glory Hair Oil - Dutch Health Store","og_description":"Cette huile capillaire permet \u00e0 vos cheveux d'\u00eatre dynamiques, de se balancer et de briller dans toute leur splendeur. Elle parfume d\u00e9licatement les cheveux comme une brise de printemps.","og_url":"https:\/\/dutchhealthstore.com\/fr\/product\/crowning-glory-hair-oil\/","og_site_name":"Dutch Health Store","article_publisher":"https:\/\/www.instagram.com\/dutchhealthstore\/","article_modified_time":"2025-11-23T11:53:40+00:00","og_image":[{"width":500,"height":500,"url":"https:\/\/dutchhealthstore.com\/wp-content\/uploads\/2018\/02\/Crowning_Glory_Hair_Oil_Living_Libations.jpg","type":"image\/jpeg"}],"twitter_card":"summary_large_image","twitter_misc":{"Disponibilit\u00e9":"En stock"},"schema":{"@context":"https:\/\/schema.org","@graph":[{"@type":"WebPage","@id":"https:\/\/dutchhealthstore.com\/fr\/product\/crowning-glory-hair-oil\/","url":"https:\/\/dutchhealthstore.com\/fr\/product\/crowning-glory-hair-oil\/","name":"Crowning Glory Hair Oil | Living Libations","isPartOf":{"@id":"https:\/\/dutchhealthstore.com\/fr\/#website"},"primaryImageOfPage":{"@id":"https:\/\/dutchhealthstore.com\/fr\/product\/crowning-glory-hair-oil\/#primaryimage"},"image":{"@id":"https:\/\/dutchhealthstore.com\/fr\/product\/crowning-glory-hair-oil\/#primaryimage"},"thumbnailUrl":"https:\/\/dutchhealthstore.com\/wp-content\/uploads\/2018\/02\/Crowning_Glory_Hair_Oil_Living_Libations_002.jpg","datePublished":"2020-07-03T12:21:39+00:00","dateModified":"2025-11-23T11:53:40+00:00","description":"Cette huile capillaire permet \u00e0 vos cheveux d'\u00eatre dynamiques, de se balancer et de briller dans toute leur splendeur. Elle parfume d\u00e9licatement les cheveux comme une brise de printemps.","breadcrumb":{"@id":"https:\/\/dutchhealthstore.com\/fr\/product\/crowning-glory-hair-oil\/#breadcrumb"},"inLanguage":"fr-FR","potentialAction":[{"@type":"ReadAction","target":["https:\/\/dutchhealthstore.com\/fr\/product\/crowning-glory-hair-oil\/"]}]},{"@type":"ImageObject","inLanguage":"fr-FR","@id":"https:\/\/dutchhealthstore.com\/fr\/product\/crowning-glory-hair-oil\/#primaryimage","url":"https:\/\/dutchhealthstore.com\/wp-content\/uploads\/2018\/02\/Crowning_Glory_Hair_Oil_Living_Libations_002.jpg","contentUrl":"https:\/\/dutchhealthstore.com\/wp-content\/uploads\/2018\/02\/Crowning_Glory_Hair_Oil_Living_Libations_002.jpg","width":500,"height":500,"caption":"Living Libations - Crowning Glory Hair Oil"},{"@type":"BreadcrumbList","@id":"https:\/\/dutchhealthstore.com\/fr\/product\/crowning-glory-hair-oil\/#breadcrumb","itemListElement":[{"@type":"ListItem","position":1,"name":"Home","item":"https:\/\/dutchhealthstore.com\/fr\/"},{"@type":"ListItem","position":2,"name":"Shop","item":"https:\/\/dutchhealthstore.com\/fr\/shop\/"},{"@type":"ListItem","position":3,"name":"Crowning Glory Hair Oil"}]},{"@type":"WebSite","@id":"https:\/\/dutchhealthstore.com\/fr\/#website","url":"https:\/\/dutchhealthstore.com\/fr\/","name":"Dutch Health Store","description":"Enhance Your Beauty with Organic &amp; Natural Skincare","publisher":{"@id":"https:\/\/dutchhealthstore.com\/fr\/#organization"},"potentialAction":[{"@type":"SearchAction","target":{"@type":"EntryPoint","urlTemplate":"https:\/\/dutchhealthstore.com\/fr\/?s={search_term_string}"},"query-input":{"@type":"PropertyValueSpecification","valueRequired":true,"valueName":"search_term_string"}}],"inLanguage":"fr-FR"},{"@type":"Organization","@id":"https:\/\/dutchhealthstore.com\/fr\/#organization","name":"Dutch Health Store","url":"https:\/\/dutchhealthstore.com\/fr\/","logo":{"@type":"ImageObject","inLanguage":"fr-FR","@id":"https:\/\/dutchhealthstore.com\/fr\/#\/schema\/logo\/image\/","url":"https:\/\/dutchhealthstore.com\/wp-content\/uploads\/2020\/08\/logo-dutchhealthstore-jpg-e1599484957574.jpg","contentUrl":"https:\/\/dutchhealthstore.com\/wp-content\/uploads\/2020\/08\/logo-dutchhealthstore-jpg-e1599484957574.jpg","width":400,"height":62,"caption":"Dutch Health Store"},"image":{"@id":"https:\/\/dutchhealthstore.com\/fr\/#\/schema\/logo\/image\/"},"sameAs":["https:\/\/www.instagram.com\/dutchhealthstore\/","https:\/\/www.facebook.com\/dutchhealthstore"]}]},"product_brand":"Living Libations","og_availability":"instock","product_availability":"instock","product_condition":"new"},"_links":{"self":[{"href":"https:\/\/dutchhealthstore.com\/fr\/wp-json\/wp\/v2\/product\/111165","targetHints":{"allow":["GET"]}}],"collection":[{"href":"https:\/\/dutchhealthstore.com\/fr\/wp-json\/wp\/v2\/product"}],"about":[{"href":"https:\/\/dutchhealthstore.com\/fr\/wp-json\/wp\/v2\/types\/product"}],"replies":[{"embeddable":true,"href":"https:\/\/dutchhealthstore.com\/fr\/wp-json\/wp\/v2\/comments?post=111165"}],"wp:featuredmedia":[{"embeddable":true,"href":"https:\/\/dutchhealthstore.com\/fr\/wp-json\/wp\/v2\/media\/30491"}],"wp:attachment":[{"href":"https:\/\/dutchhealthstore.com\/fr\/wp-json\/wp\/v2\/media?parent=111165"}],"wp:term":[{"taxonomy":"product_brand","embeddable":true,"href":"https:\/\/dutchhealthstore.com\/fr\/wp-json\/wp\/v2\/product_brand?post=111165"},{"taxonomy":"product_cat","embeddable":true,"href":"https:\/\/dutchhealthstore.com\/fr\/wp-json\/wp\/v2\/product_cat?post=111165"},{"taxonomy":"product_tag","embeddable":true,"href":"https:\/\/dutchhealthstore.com\/fr\/wp-json\/wp\/v2\/product_tag?post=111165"}],"curies":[{"name":"wp","href":"https:\/\/api.w.org\/{rel}","templated":true}]}}