{"id":111090,"date":"2020-05-28T12:39:38","date_gmt":"2020-05-28T12:39:38","guid":{"rendered":"https:\/\/dutchhealthstore.com\/product\/forest-cologne-vanilla-velvet-chocolate\/"},"modified":"2025-11-23T12:50:49","modified_gmt":"2025-11-23T11:50:49","slug":"forest-cologne-vanilla-velvet-chocolate","status":"publish","type":"product","link":"https:\/\/dutchhealthstore.com\/fr\/product\/forest-cologne-vanilla-velvet-chocolate\/","title":{"rendered":"Chocolate Cologne &#8211; Vanilla Velvet"},"content":{"rendered":"<p><img decoding=\"async\" class=\"size-full wp-image-69549 alignright\" src=\"https:\/\/dutchhealthstore.com\/wp-content\/uploads\/2019\/08\/NEW-Living-Libations-Logo.jpg\" alt=\"NEW - Living Libations - Logo\" width=\"175\" height=\"82\">Trempez vos sens et \u00e9tanchez votre aura avec les saveurs all\u00e9chantes du banquet botanique de la terre. Impr\u00e9gnez-vous de ce parfum d\u00e9lectable et succulent qui fusionne fabuleusement le cacao s\u00e9duisant, la vanille voluptueuse et les fleurs fruit\u00e9es dans un parfum qui fait se p\u00e2mer tous ceux qui le respirent.<\/p>\n<p>Living Libations Vanilla Velvet Chocolate Cologne est un \u00e9l\u00e9gant \u00e9lixir des ar\u00f4mes les plus enchanteurs que l&rsquo;on trouve dans la nature. Il fusionne les fleurs de Boronia miell\u00e9e avec les profondeurs enchanteresses de l&rsquo;absolu de cacao, le tout couronn\u00e9 par une vanille de Tahiti all\u00e9chante. Un soup\u00e7on de gaiet\u00e9 du pamplemousse temp\u00e8re la douce sensualit\u00e9 du cacao avec des notes d&rsquo;agrumes vives et ensoleill\u00e9es. La touche finale est une explosion de la sonate fruit\u00e9e du vin rouge du cassis.<\/p>\n<p>Un pschitt de Vanilla Velvet Chocolate Cologne est une fusion de saveurs profondes et d\u00e9lectables qui parfume votre peau de la sensualit\u00e9 d&rsquo;un bonheur abondant.<\/p>\n<p><strong>Taille: 5 ml et 30 ml<\/strong><\/p>\n<h3 class=\"yikes-custom-woo-tab-title yikes-custom-woo-tab-title-natural-organic-ingredients\">Ingr\u00e9dients Naturels\/Biologiques<\/h3>\n<p><strong>Absolu de Cacao<\/strong> <em>(Theobroma cacao)<\/em> &#8211; Riche, sombre et velout\u00e9, l&rsquo;absolu de cacao d\u00e9gage des notes all\u00e9chantes de caramel, de chocolat noir et de liqueur de caf\u00e9. Ancienne plante azt\u00e8que et maya, l&rsquo;absolue de cacao contient des mol\u00e9cules d&rsquo;anandamide qui remontent le moral et apaisent l&rsquo;esprit anxieux.<\/p>\n<p><strong>Vanille de Tahiti<\/strong><em> (Vanilla Tahitenis)<\/em> &#8211; L&rsquo;extrait de vanille supercritique est un somptueux r\u00eave d&rsquo;amour tahitien qui est 14 fois plus doux et plus cr\u00e9meux que la vanille absolue! Un compos\u00e9 naturel, l&rsquo;h\u00e9liotropine, conf\u00e8re \u00e0 cet extrait supercritique des notes subtiles de cerises, de fleurs fra\u00eeches et d&rsquo;amandes. L&rsquo;ar\u00f4me de l&rsquo;huile de Vanille de Tahiti est un aphrodisiaque ancien.<\/p>\n<p><strong>Pamplemousse<\/strong> <em>(Citrus paradisii)<\/em> &#8211; Une huile d&rsquo;agrumes sensationnelle qui est \u00e9difiante, stimulante et \u00e9nergisante. Un pamplemousse \u00e9clatant infuse la riche douceur du chocolat et de la vanille avec des fruits frais et amers. L&rsquo;huile de pamplemousse est utilis\u00e9e pour stimuler les esprits l\u00e9thargiques et favoriser la positivit\u00e9.<\/p>\n<p><strong>Boronia<\/strong> <em>(Boronia megastigma)<\/em> &#8211; La belle huile de Boronia est captur\u00e9e \u00e0 partir des p\u00e9tales aromatiques de la plante australienne Boronia en fleur, cultiv\u00e9e pour son parfum sacr\u00e9. Il offre des notes d&rsquo;\u00e9pices, de fruits et de fleurs qui s&rsquo;approfondissent en un cocktail de framboise riche, de bois frais, d&rsquo;abricot timide et d&rsquo;un soup\u00e7on velout\u00e9 de violette.<\/p>\n<p><strong>Cassis<\/strong> <em>(Ribes nigrum<\/em> ) &#8211; L&rsquo;absolue de cassis est terreuse et douce, avec des notes de fruits secs et de vin rouge le plus fin. Chaque partie de la plante &#8211; des brindilles et des feuilles aux fleurs et aux baies &#8211; offre une exp\u00e9rience aromatique puissante.<\/p>\n<p><strong>Alcool biodynamique biologique<\/strong> &#8211; L&rsquo;alcool biodynamique biologique sert de support \u00e0 nos parfums de p\u00e9tales et \u00e0 nos eaux de Cologne de for\u00eat, permettant \u00e0 chaque plante d&rsquo;infuser sans effort la peau avec des merveilles aromatiques. Cet alcool biologique et biodynamique est de la plus haute qualit\u00e9 et est triplement filtr\u00e9 pour plus de puret\u00e9. Produit \u00e0 partir de raisins certifi\u00e9s biologiques, il est test\u00e9 de mani\u00e8re ind\u00e9pendante afin de garantir qu&rsquo;il r\u00e9pond aux normes de l&rsquo;United States Pharmacopeia (USP) en mati\u00e8re d&rsquo;alcool pur, biologique et de qualit\u00e9 pharmaceutique.<\/p>\n<p><img fetchpriority=\"high\" decoding=\"async\" class=\"size-medium wp-image-68103 aligncenter\" src=\"https:\/\/dutchhealthstore.com\/wp-content\/uploads\/2018\/02\/Living-Libations-Organic-Logo-800x89.png\" alt=\"Living Libations - Organic Logo\" width=\"800\" height=\"89\" srcset=\"https:\/\/dutchhealthstore.com\/wp-content\/uploads\/2018\/02\/Living-Libations-Organic-Logo-800x89.png 800w, https:\/\/dutchhealthstore.com\/wp-content\/uploads\/2018\/02\/Living-Libations-Organic-Logo-510x57.png 510w, https:\/\/dutchhealthstore.com\/wp-content\/uploads\/2018\/02\/Living-Libations-Organic-Logo-768x85.png 768w, https:\/\/dutchhealthstore.com\/wp-content\/uploads\/2018\/02\/Living-Libations-Organic-Logo.png 1400w\" sizes=\"(max-width: 800px) 100vw, 800px\" \/><\/p>\n","protected":false},"excerpt":{"rendered":"<p>Trempez vos sens et \u00e9tanchez votre aura avec les saveurs all\u00e9chantes du banquet botanique de la Terre. Impr\u00e9gnez-vous de ce parfum d\u00e9lectable et succulent qui fusionne fabuleusement le cacao s\u00e9duisant, la vanille velout\u00e9e et les fleurs fruit\u00e9es dans un parfum qui fait se p\u00e2mer tous ceux qui le respirent.<\/p>\n<p>Un pschitt de <strong>Vanilla <\/strong><strong>Velvet <\/strong><strong>Chocolate <\/strong> <strong>Cologne<\/strong> est une fusion de saveurs profondes et d\u00e9lectables qui parfume votre peau de la sensualit\u00e9 d&rsquo;un bonheur abondant.<\/p>\n","protected":false},"featured_media":103592,"comment_status":"open","ping_status":"closed","template":"","meta":[],"product_brand":[],"product_cat":[1211,1209,1030,6697,1010],"product_tag":[6699,21392,6739],"class_list":{"0":"post-111090","1":"product","2":"type-product","3":"status-publish","4":"has-post-thumbnail","6":"product_cat-living-libations-france","7":"product_cat-par-marques","8":"product_cat-par-produits","9":"product_cat-fragrances-fr","10":"product_cat-notre-boutique","11":"product_tag-cologne-fr","12":"product_tag-corps","13":"product_tag-perfume-fr","14":"pa_brand-livinglibations-fr","15":"pa_fragrances-product-type-colognes-fr","16":"pa_fragrances-product-type-for-her-fr-2","17":"pa_fragrances-product-type-for-him-fr","18":"pa_gtin-7439657370359-fr","19":"pa_size-5-ml-fr","20":"pa_size-30-ml-fr","22":"first","23":"instock","24":"taxable","25":"shipping-taxable","26":"purchasable","27":"product-type-variable"},"bundled_by":[],"bundle_stock_status":"instock","bundle_stock_quantity":null,"bundle_virtual":false,"bundle_layout":"","bundle_add_to_cart_form_location":"","bundle_editable_in_cart":false,"bundle_sold_individually_context":"","bundle_item_grouping":"","bundle_min_size":"","bundle_max_size":"","bundle_price":[],"bundled_items":[],"bundle_sell_ids":[],"atum_controlled":true,"out_stock_date":null,"out_stock_threshold":null,"inheritable":true,"stock_on_hold":0,"sold_today":0,"sales_last_days":0,"out_stock_days":0,"lost_sales":0,"update_date":"2026-04-09T01:48:56","atum_locations":[],"atum_stock_status":"instock","restock_status":false,"low_stock_amount":"","sales_update_date":"2026-04-09T01:48:56","calc_backorders":null,"group_of_quantity":0,"min_quantity":0,"max_quantity":"","exclude_order_quantity_value_rules":"no","exclude_category_quantity_rules":"no","combine_variations":"no","yoast_head":"<!-- This site is optimized with the Yoast SEO Premium plugin v26.5 (Yoast SEO v26.5) - https:\/\/yoast.com\/wordpress\/plugins\/seo\/ -->\n<title>Chocolate Cologne - Vanilla Velvet | Living Libations<\/title>\n<meta name=\"description\" content=\"Living Libations Vanilla Velvet Chocolate Cologne est un \u00e9l\u00e9gant \u00e9lixir des ar\u00f4mes les plus enchanteurs que l&#039;on trouve dans la nature.\" \/>\n<meta name=\"robots\" content=\"index, follow, max-snippet:-1, max-image-preview:large, max-video-preview:-1\" \/>\n<link rel=\"canonical\" href=\"https:\/\/dutchhealthstore.com\/fr\/product\/forest-cologne-vanilla-velvet-chocolate\/\" \/>\n<meta property=\"og:locale\" content=\"fr_FR\" \/>\n<meta property=\"og:type\" content=\"article\" \/>\n<meta property=\"og:title\" content=\"Chocolate Cologne - Vanilla Velvet - Dutch Health Store\" \/>\n<meta property=\"og:description\" content=\"Living Libations Vanilla Velvet Chocolate Cologne est un \u00e9l\u00e9gant \u00e9lixir des ar\u00f4mes les plus enchanteurs que l&#039;on trouve dans la nature.\" \/>\n<meta property=\"og:url\" content=\"https:\/\/dutchhealthstore.com\/fr\/product\/forest-cologne-vanilla-velvet-chocolate\/\" \/>\n<meta property=\"og:site_name\" content=\"Dutch Health Store\" \/>\n<meta property=\"article:publisher\" content=\"https:\/\/www.instagram.com\/dutchhealthstore\/\" \/>\n<meta property=\"article:modified_time\" content=\"2025-11-23T11:50:49+00:00\" \/>\n<meta property=\"og:image\" content=\"https:\/\/dutchhealthstore.com\/wp-content\/uploads\/2018\/02\/Living-Libations-ForestCologne-Vanilla-Velvet-Chocolate-Cologne.jpg\" \/>\n\t<meta property=\"og:image:width\" content=\"510\" \/>\n\t<meta property=\"og:image:height\" content=\"600\" \/>\n\t<meta property=\"og:image:type\" content=\"image\/jpeg\" \/>\n<meta name=\"twitter:card\" content=\"summary_large_image\" \/>\n<meta name=\"twitter:label1\" content=\"Disponibilit\u00e9\" \/>\n\t<meta name=\"twitter:data1\" content=\"En stock\" \/>\n<script type=\"application\/ld+json\" class=\"yoast-schema-graph\">{\"@context\":\"https:\/\/schema.org\",\"@graph\":[{\"@type\":\"WebPage\",\"@id\":\"https:\/\/dutchhealthstore.com\/fr\/product\/forest-cologne-vanilla-velvet-chocolate\/\",\"url\":\"https:\/\/dutchhealthstore.com\/fr\/product\/forest-cologne-vanilla-velvet-chocolate\/\",\"name\":\"Chocolate Cologne - Vanilla Velvet | Living Libations\",\"isPartOf\":{\"@id\":\"https:\/\/dutchhealthstore.com\/fr\/#website\"},\"primaryImageOfPage\":{\"@id\":\"https:\/\/dutchhealthstore.com\/fr\/product\/forest-cologne-vanilla-velvet-chocolate\/#primaryimage\"},\"image\":{\"@id\":\"https:\/\/dutchhealthstore.com\/fr\/product\/forest-cologne-vanilla-velvet-chocolate\/#primaryimage\"},\"thumbnailUrl\":\"https:\/\/dutchhealthstore.com\/wp-content\/uploads\/2020\/05\/Forest-Cologne-Vanilla-Velvet-Chocolate-Living-Libations-2.jpg\",\"datePublished\":\"2020-05-28T12:39:38+00:00\",\"dateModified\":\"2025-11-23T11:50:49+00:00\",\"description\":\"Living Libations Vanilla Velvet Chocolate Cologne est un \u00e9l\u00e9gant \u00e9lixir des ar\u00f4mes les plus enchanteurs que l'on trouve dans la nature.\",\"breadcrumb\":{\"@id\":\"https:\/\/dutchhealthstore.com\/fr\/product\/forest-cologne-vanilla-velvet-chocolate\/#breadcrumb\"},\"inLanguage\":\"fr-FR\",\"potentialAction\":[{\"@type\":\"ReadAction\",\"target\":[\"https:\/\/dutchhealthstore.com\/fr\/product\/forest-cologne-vanilla-velvet-chocolate\/\"]}]},{\"@type\":\"ImageObject\",\"inLanguage\":\"fr-FR\",\"@id\":\"https:\/\/dutchhealthstore.com\/fr\/product\/forest-cologne-vanilla-velvet-chocolate\/#primaryimage\",\"url\":\"https:\/\/dutchhealthstore.com\/wp-content\/uploads\/2020\/05\/Forest-Cologne-Vanilla-Velvet-Chocolate-Living-Libations-2.jpg\",\"contentUrl\":\"https:\/\/dutchhealthstore.com\/wp-content\/uploads\/2020\/05\/Forest-Cologne-Vanilla-Velvet-Chocolate-Living-Libations-2.jpg\",\"width\":700,\"height\":700,\"caption\":\"Forest Cologne Vanilla Velvet Chocolate Living Libations 2\"},{\"@type\":\"BreadcrumbList\",\"@id\":\"https:\/\/dutchhealthstore.com\/fr\/product\/forest-cologne-vanilla-velvet-chocolate\/#breadcrumb\",\"itemListElement\":[{\"@type\":\"ListItem\",\"position\":1,\"name\":\"Home\",\"item\":\"https:\/\/dutchhealthstore.com\/fr\/\"},{\"@type\":\"ListItem\",\"position\":2,\"name\":\"Shop\",\"item\":\"https:\/\/dutchhealthstore.com\/fr\/shop\/\"},{\"@type\":\"ListItem\",\"position\":3,\"name\":\"Chocolate Cologne &#8211; Vanilla Velvet\"}]},{\"@type\":\"WebSite\",\"@id\":\"https:\/\/dutchhealthstore.com\/fr\/#website\",\"url\":\"https:\/\/dutchhealthstore.com\/fr\/\",\"name\":\"Dutch Health Store\",\"description\":\"Enhance Your Beauty with Organic &amp; Natural Skincare\",\"publisher\":{\"@id\":\"https:\/\/dutchhealthstore.com\/fr\/#organization\"},\"potentialAction\":[{\"@type\":\"SearchAction\",\"target\":{\"@type\":\"EntryPoint\",\"urlTemplate\":\"https:\/\/dutchhealthstore.com\/fr\/?s={search_term_string}\"},\"query-input\":{\"@type\":\"PropertyValueSpecification\",\"valueRequired\":true,\"valueName\":\"search_term_string\"}}],\"inLanguage\":\"fr-FR\"},{\"@type\":\"Organization\",\"@id\":\"https:\/\/dutchhealthstore.com\/fr\/#organization\",\"name\":\"Dutch Health Store\",\"url\":\"https:\/\/dutchhealthstore.com\/fr\/\",\"logo\":{\"@type\":\"ImageObject\",\"inLanguage\":\"fr-FR\",\"@id\":\"https:\/\/dutchhealthstore.com\/fr\/#\/schema\/logo\/image\/\",\"url\":\"https:\/\/dutchhealthstore.com\/wp-content\/uploads\/2020\/08\/logo-dutchhealthstore-jpg-e1599484957574.jpg\",\"contentUrl\":\"https:\/\/dutchhealthstore.com\/wp-content\/uploads\/2020\/08\/logo-dutchhealthstore-jpg-e1599484957574.jpg\",\"width\":400,\"height\":62,\"caption\":\"Dutch Health Store\"},\"image\":{\"@id\":\"https:\/\/dutchhealthstore.com\/fr\/#\/schema\/logo\/image\/\"},\"sameAs\":[\"https:\/\/www.instagram.com\/dutchhealthstore\/\",\"https:\/\/www.facebook.com\/dutchhealthstore\"]}]}<\/script>\n<meta property=\"product:brand\" content=\"Living Libations\" \/>\n<meta property=\"og:availability\" content=\"instock\" \/>\n<meta property=\"product:availability\" content=\"instock\" \/>\n<meta property=\"product:condition\" content=\"new\" \/>\n<!-- \/ Yoast SEO Premium plugin. -->","yoast_head_json":{"title":"Chocolate Cologne - Vanilla Velvet | Living Libations","description":"Living Libations Vanilla Velvet Chocolate Cologne est un \u00e9l\u00e9gant \u00e9lixir des ar\u00f4mes les plus enchanteurs que l'on trouve dans la nature.","robots":{"index":"index","follow":"follow","max-snippet":"max-snippet:-1","max-image-preview":"max-image-preview:large","max-video-preview":"max-video-preview:-1"},"canonical":"https:\/\/dutchhealthstore.com\/fr\/product\/forest-cologne-vanilla-velvet-chocolate\/","og_locale":"fr_FR","og_type":"article","og_title":"Chocolate Cologne - Vanilla Velvet - Dutch Health Store","og_description":"Living Libations Vanilla Velvet Chocolate Cologne est un \u00e9l\u00e9gant \u00e9lixir des ar\u00f4mes les plus enchanteurs que l'on trouve dans la nature.","og_url":"https:\/\/dutchhealthstore.com\/fr\/product\/forest-cologne-vanilla-velvet-chocolate\/","og_site_name":"Dutch Health Store","article_publisher":"https:\/\/www.instagram.com\/dutchhealthstore\/","article_modified_time":"2025-11-23T11:50:49+00:00","og_image":[{"width":510,"height":600,"url":"https:\/\/dutchhealthstore.com\/wp-content\/uploads\/2018\/02\/Living-Libations-ForestCologne-Vanilla-Velvet-Chocolate-Cologne.jpg","type":"image\/jpeg"}],"twitter_card":"summary_large_image","twitter_misc":{"Disponibilit\u00e9":"En stock"},"schema":{"@context":"https:\/\/schema.org","@graph":[{"@type":"WebPage","@id":"https:\/\/dutchhealthstore.com\/fr\/product\/forest-cologne-vanilla-velvet-chocolate\/","url":"https:\/\/dutchhealthstore.com\/fr\/product\/forest-cologne-vanilla-velvet-chocolate\/","name":"Chocolate Cologne - Vanilla Velvet | Living Libations","isPartOf":{"@id":"https:\/\/dutchhealthstore.com\/fr\/#website"},"primaryImageOfPage":{"@id":"https:\/\/dutchhealthstore.com\/fr\/product\/forest-cologne-vanilla-velvet-chocolate\/#primaryimage"},"image":{"@id":"https:\/\/dutchhealthstore.com\/fr\/product\/forest-cologne-vanilla-velvet-chocolate\/#primaryimage"},"thumbnailUrl":"https:\/\/dutchhealthstore.com\/wp-content\/uploads\/2020\/05\/Forest-Cologne-Vanilla-Velvet-Chocolate-Living-Libations-2.jpg","datePublished":"2020-05-28T12:39:38+00:00","dateModified":"2025-11-23T11:50:49+00:00","description":"Living Libations Vanilla Velvet Chocolate Cologne est un \u00e9l\u00e9gant \u00e9lixir des ar\u00f4mes les plus enchanteurs que l'on trouve dans la nature.","breadcrumb":{"@id":"https:\/\/dutchhealthstore.com\/fr\/product\/forest-cologne-vanilla-velvet-chocolate\/#breadcrumb"},"inLanguage":"fr-FR","potentialAction":[{"@type":"ReadAction","target":["https:\/\/dutchhealthstore.com\/fr\/product\/forest-cologne-vanilla-velvet-chocolate\/"]}]},{"@type":"ImageObject","inLanguage":"fr-FR","@id":"https:\/\/dutchhealthstore.com\/fr\/product\/forest-cologne-vanilla-velvet-chocolate\/#primaryimage","url":"https:\/\/dutchhealthstore.com\/wp-content\/uploads\/2020\/05\/Forest-Cologne-Vanilla-Velvet-Chocolate-Living-Libations-2.jpg","contentUrl":"https:\/\/dutchhealthstore.com\/wp-content\/uploads\/2020\/05\/Forest-Cologne-Vanilla-Velvet-Chocolate-Living-Libations-2.jpg","width":700,"height":700,"caption":"Forest Cologne Vanilla Velvet Chocolate Living Libations 2"},{"@type":"BreadcrumbList","@id":"https:\/\/dutchhealthstore.com\/fr\/product\/forest-cologne-vanilla-velvet-chocolate\/#breadcrumb","itemListElement":[{"@type":"ListItem","position":1,"name":"Home","item":"https:\/\/dutchhealthstore.com\/fr\/"},{"@type":"ListItem","position":2,"name":"Shop","item":"https:\/\/dutchhealthstore.com\/fr\/shop\/"},{"@type":"ListItem","position":3,"name":"Chocolate Cologne &#8211; Vanilla Velvet"}]},{"@type":"WebSite","@id":"https:\/\/dutchhealthstore.com\/fr\/#website","url":"https:\/\/dutchhealthstore.com\/fr\/","name":"Dutch Health Store","description":"Enhance Your Beauty with Organic &amp; Natural Skincare","publisher":{"@id":"https:\/\/dutchhealthstore.com\/fr\/#organization"},"potentialAction":[{"@type":"SearchAction","target":{"@type":"EntryPoint","urlTemplate":"https:\/\/dutchhealthstore.com\/fr\/?s={search_term_string}"},"query-input":{"@type":"PropertyValueSpecification","valueRequired":true,"valueName":"search_term_string"}}],"inLanguage":"fr-FR"},{"@type":"Organization","@id":"https:\/\/dutchhealthstore.com\/fr\/#organization","name":"Dutch Health Store","url":"https:\/\/dutchhealthstore.com\/fr\/","logo":{"@type":"ImageObject","inLanguage":"fr-FR","@id":"https:\/\/dutchhealthstore.com\/fr\/#\/schema\/logo\/image\/","url":"https:\/\/dutchhealthstore.com\/wp-content\/uploads\/2020\/08\/logo-dutchhealthstore-jpg-e1599484957574.jpg","contentUrl":"https:\/\/dutchhealthstore.com\/wp-content\/uploads\/2020\/08\/logo-dutchhealthstore-jpg-e1599484957574.jpg","width":400,"height":62,"caption":"Dutch Health Store"},"image":{"@id":"https:\/\/dutchhealthstore.com\/fr\/#\/schema\/logo\/image\/"},"sameAs":["https:\/\/www.instagram.com\/dutchhealthstore\/","https:\/\/www.facebook.com\/dutchhealthstore"]}]},"product_brand":"Living Libations","og_availability":"instock","product_availability":"instock","product_condition":"new"},"_links":{"self":[{"href":"https:\/\/dutchhealthstore.com\/fr\/wp-json\/wp\/v2\/product\/111090","targetHints":{"allow":["GET"]}}],"collection":[{"href":"https:\/\/dutchhealthstore.com\/fr\/wp-json\/wp\/v2\/product"}],"about":[{"href":"https:\/\/dutchhealthstore.com\/fr\/wp-json\/wp\/v2\/types\/product"}],"replies":[{"embeddable":true,"href":"https:\/\/dutchhealthstore.com\/fr\/wp-json\/wp\/v2\/comments?post=111090"}],"wp:featuredmedia":[{"embeddable":true,"href":"https:\/\/dutchhealthstore.com\/fr\/wp-json\/wp\/v2\/media\/103592"}],"wp:attachment":[{"href":"https:\/\/dutchhealthstore.com\/fr\/wp-json\/wp\/v2\/media?parent=111090"}],"wp:term":[{"taxonomy":"product_brand","embeddable":true,"href":"https:\/\/dutchhealthstore.com\/fr\/wp-json\/wp\/v2\/product_brand?post=111090"},{"taxonomy":"product_cat","embeddable":true,"href":"https:\/\/dutchhealthstore.com\/fr\/wp-json\/wp\/v2\/product_cat?post=111090"},{"taxonomy":"product_tag","embeddable":true,"href":"https:\/\/dutchhealthstore.com\/fr\/wp-json\/wp\/v2\/product_tag?post=111090"}],"curies":[{"name":"wp","href":"https:\/\/api.w.org\/{rel}","templated":true}]}}