{"id":110725,"date":"2018-02-10T09:49:06","date_gmt":"2018-02-10T08:49:06","guid":{"rendered":"https:\/\/dutchhealthstore.com\/product\/best-cuticles-ever-cuticle-care-oil\/"},"modified":"2026-04-13T11:35:50","modified_gmt":"2026-04-13T09:35:50","slug":"best-cuticles-ever-cuticle-care-oil","status":"publish","type":"product","link":"https:\/\/dutchhealthstore.com\/fr\/product\/best-cuticles-ever-cuticle-care-oil\/","title":{"rendered":"Best Cuticles Ever"},"content":{"rendered":"<p><img decoding=\"async\" class=\"size-full wp-image-69549 alignright\" src=\"https:\/\/dutchhealthstore.com\/wp-content\/uploads\/2019\/08\/NEW-Living-Libations-Logo.jpg\" alt=\"NEW - Living Libations - Logo\" width=\"175\" height=\"82\">Revitalisez vos mains et vos ongles et dites adieu aux mains rugueuses et aux cuticules ab\u00eem\u00e9es. Best Cuticles Ever Cuticle Care Oil est un s\u00e9rum massivement hydratant et anti-s\u00e9cheresse &#8211; une corne d&rsquo;abondance botanique pour le soin des cuticules.<\/p>\n<h3>Utiliser<\/h3>\n<p>Appliquer apr\u00e8s le lavage de la vaisselle, le creusage de la salet\u00e9 et pour dissiper la s\u00e9cheresse. Pour une th\u00e9rapie de nuit intensive en hydratation, appliquez g\u00e9n\u00e9reusement et couvrez vos mains de gants en coton. Pour des mains plus s\u00e8ches, appliquer g\u00e9n\u00e9reusement et couvrir les mains avec des gants en coton.<\/p>\n<p><strong>Taille : 15 ml<\/strong><\/p>\n<h3 class=\"yikes-custom-woo-tab-title yikes-custom-woo-tab-title-natural-organic-ingredients\">Natural\/Organic Ingredients<\/h3>\n<p><b><strong>Jojoba <\/strong><\/b>(<i><em>Simmondsia chinensis<\/em><\/i>) &#8211;<i><em> <\/em><\/i>Le jojoba nourrit et revitalise la peau assoiff\u00e9e. Le jojoba poss\u00e8de une capacit\u00e9 in\u00e9gal\u00e9e \u00e0 hydrater la peau et \u00e0 cr\u00e9er des effets conditionnants durables qui adoucissent la peau pour en faire une soie parfaite. Elle regorge de peptides et de lipides et contient les plus hauts niveaux de compos\u00e9s ph\u00e9noliques trouv\u00e9s dans la nature ainsi que des antioxydants et toutes les formes solubles de vitamine E!<\/p>\n<p><b><strong>Tamanu <\/strong><\/b>(<i><em>Calophyllum inophyllum<\/em><\/i>) &#8211; Le tamanu est une huile de baies r\u00e9g\u00e9n\u00e9ratrice qui p\u00e9n\u00e8tre facilement dans la peau pour maintenir l&rsquo;hydratation et prot\u00e9ger la peau du dess\u00e8chement. M\u00eame pour une huile grasse, il a une teneur en lipides \u00e9lev\u00e9e (92%!).<\/p>\n<p><b><strong>Argousier <\/strong><\/b>(<i><em>Hippophae rhamnoides<\/em><\/i>) &#8211; L&rsquo;argousier envoie ses lipides dans la peau. Cet extrait supercritique contient des acides gras omega 3, 6, 7, et 9, des antioxydants, des vitamines, des acides palmitol\u00e9iques, des carot\u00e9no\u00efdes, et des phytost\u00e9rols. Une seule goutte d&rsquo;huile d&rsquo;argousier contient 190 compos\u00e9s bioactifs diff\u00e9rents. Cette essence orange vif est incroyablement r\u00e9g\u00e9n\u00e9ratrice &#8211; elle att\u00e9nue les rougeurs et r\u00e9duit les poches.<\/p>\n<p><b><strong>Romarin <\/strong><\/b>(<i><em>Rosmarinus officianilis)<\/em><\/i><b> <\/b>&#8211; Le romarin vivifiant est un tonique herbac\u00e9 de type \u00ab\u00a0revive-vive-vive\u00a0\u00bb \u00e0 l&rsquo;ar\u00f4me rafra\u00eechissant et p\u00e9n\u00e9trant. Consid\u00e9rez le romarin comme l&rsquo;ami courageux qui stimule la l\u00e9thargie pour la sortir de sa stagnation et aider la peau \u00e0 se d\u00e9velopper avec une fra\u00eecheur renouvel\u00e9e. Il est rempli d&rsquo;antioxydants et de compos\u00e9s bioactifs, dont l&rsquo;acide carnosique, le camphre et le rosmaridiph\u00e9nol.<\/p>\n<p><b><strong>Palmarosa<\/strong><\/b> (<i><em>Cymbopogon martini<\/em><\/i>) &#8211; L&rsquo;agr\u00e9able palmarosa est distill\u00e9 \u00e0 partir d&rsquo;une herbe tropicale et parfum\u00e9e, ce qui donne une huile aromatique qui sent la rose citronn\u00e9e et le g\u00e9ranium et qui est tout simplement splendide pour le nez! Ce formidable rajeunissement de la peau est riche en monoterp\u00e9nols puissants, en esters \u00e9mollients, en linalol aimant, et g\u00e9raniols g\u00e9n\u00e9reux. Il regorge d&rsquo;\u00e9l\u00e9ments phytochimiques b\u00e9n\u00e9fiques. Cette huile puissante tonifie et rajeunit la peau.<\/p>\n<p><b><strong>G\u00e9ranium <\/strong><\/b>(<i><em>Pelargonium graveolens<\/em><\/i>)<i><em> &#8211;<\/em><\/i><b><strong> <\/strong><\/b>Ce g\u00e9ant des soins doux raffermit et apaise la peau et r\u00e9duit l&rsquo;apparence des cicatrices.<\/p>\n<p><b><strong>Arnica<\/strong><\/b> (<i><em>Arnica montana<\/em><\/i>) &#8211; L&rsquo;admirable arnica est une fleur de montagne jaune et joyeuse, indispensable \u00e0 toute apothicairerie aromatique! Cette formidable fleur trouve son point fort dans les soins de la peau. C&rsquo;est un liniment qui r\u00e9chauffe et apaise.<\/p>\n<p><b><strong>Camomille <\/strong><\/b>(<i><em>Anthemis nobilis<\/em><\/i>) &#8211;<b><strong> <\/strong><\/b>La camomille r\u00e9confortante est distill\u00e9e \u00e0 la vapeur \u00e0 partir des d\u00e9licats p\u00e9tales diminutifs des fleurs de camomille fran\u00e7aise. Il d\u00e9tend et r\u00e9duit les rougeurs et la chaleur. Elle est r\u00e9g\u00e9n\u00e9ratrice, tonifiante et \u00e9claircissante, et c&rsquo;est une belle biotique botanique.<\/p>\n<p><b><strong>Lavande <\/strong><\/b>(<i><em>Lavendula angustifolia<\/em><\/i>)<b> &#8211; <\/b>La belle lavande est un tonique doux mais puissant pour la peau, qui est r\u00e9parateur et calmant.<\/p>\n<p><img fetchpriority=\"high\" decoding=\"async\" class=\"aligncenter size-full wp-image-31577\" src=\"https:\/\/dutchhealthstore.com\/wp-content\/uploads\/2018\/03\/organic_big.png\" alt=\"Organic and Natural - Living Libations\" width=\"623\" height=\"103\" srcset=\"https:\/\/dutchhealthstore.com\/wp-content\/uploads\/2018\/03\/organic_big.png 623w, https:\/\/dutchhealthstore.com\/wp-content\/uploads\/2018\/03\/organic_big-510x84.png 510w, https:\/\/dutchhealthstore.com\/wp-content\/uploads\/2018\/03\/organic_big-600x99.png 600w, https:\/\/dutchhealthstore.com\/wp-content\/uploads\/2018\/03\/organic_big-350x58.png 350w\" sizes=\"(max-width: 623px) 100vw, 623px\" \/><\/p>\n","protected":false},"excerpt":{"rendered":"<p>Mettez vos meilleures mains en avant avec Living Libations <strong>Best Cuticles Ever<\/strong> Cuticle Care Oil. Ne laissez pas les cuticules s\u00e8ches et d\u00e9shydrat\u00e9es devenir incontr\u00f4lables! Faites p\u00e9n\u00e9trer ces plantes nourrissantes dans le lit de l&rsquo;ongle pour obtenir des ongles et des cuticules souples, sans ongles pendants.<\/p>\n<p>Applaudissons un spectacle de mains sans ongles!<\/p>\n","protected":false},"featured_media":110726,"comment_status":"open","ping_status":"closed","template":"","meta":[],"product_brand":[],"product_cat":[1100,1211,1209,1030,1010,3740,1033,1501],"product_tag":[9603,21425,9769,4864],"class_list":{"0":"post-110725","1":"product","2":"type-product","3":"status-publish","4":"has-post-thumbnail","6":"product_cat-hand-cream-fr","7":"product_cat-living-libations-france","8":"product_cat-par-marques","9":"product_cat-par-produits","10":"product_cat-notre-boutique","11":"product_cat-soins-des-mains","12":"product_cat-body-care-fr","13":"product_cat-corps-living-libations","14":"product_tag-hydrating-fr","15":"product_tag-mains","16":"product_tag-moisturizer-fr","17":"product_tag-skin-fr","18":"pa_brand-livinglibations-fr","19":"pa_size-15-ml-fr","21":"first","22":"instock","23":"taxable","24":"shipping-taxable","25":"purchasable","26":"product-type-simple"},"bundled_by":[],"bundle_stock_status":"instock","bundle_stock_quantity":3,"bundle_virtual":false,"bundle_layout":"","bundle_add_to_cart_form_location":"","bundle_editable_in_cart":false,"bundle_sold_individually_context":"","bundle_item_grouping":"","bundle_min_size":"","bundle_max_size":"","bundle_price":[],"bundled_items":[],"bundle_sell_ids":[],"atum_controlled":true,"out_stock_date":null,"out_stock_threshold":null,"inheritable":false,"stock_on_hold":0,"sold_today":0,"sales_last_days":0,"out_stock_days":30,"lost_sales":0,"update_date":"2026-04-14T10:20:26","atum_locations":[],"atum_stock_status":"instock","restock_status":false,"low_stock_amount":"","sales_update_date":"2026-04-14T10:20:26","calc_backorders":null,"group_of_quantity":0,"min_quantity":0,"max_quantity":"","exclude_order_quantity_value_rules":"no","exclude_category_quantity_rules":"no","combine_variations":"no","yoast_head":"<!-- This site is optimized with the Yoast SEO Premium plugin v26.5 (Yoast SEO v26.5) - https:\/\/yoast.com\/wordpress\/plugins\/seo\/ -->\n<title>Best Cuticles Ever - Living Libations<\/title>\n<meta name=\"description\" content=\"Mettez vos meilleures mains en avant avec Best Cuticles Ever - Cuticle Care Oil.\" \/>\n<meta name=\"robots\" content=\"index, follow, max-snippet:-1, max-image-preview:large, max-video-preview:-1\" \/>\n<link rel=\"canonical\" href=\"https:\/\/dutchhealthstore.com\/fr\/product\/best-cuticles-ever-cuticle-care-oil\/\" \/>\n<meta property=\"og:locale\" content=\"fr_FR\" \/>\n<meta property=\"og:type\" content=\"article\" \/>\n<meta property=\"og:title\" content=\"Best Cuticles Ever - Dutch Health Store\" \/>\n<meta property=\"og:description\" content=\"Mettez vos meilleures mains en avant avec Best Cuticles Ever - Cuticle Care Oil.\" \/>\n<meta property=\"og:url\" content=\"https:\/\/dutchhealthstore.com\/fr\/product\/best-cuticles-ever-cuticle-care-oil\/\" \/>\n<meta property=\"og:site_name\" content=\"Dutch Health Store\" \/>\n<meta property=\"article:publisher\" content=\"https:\/\/www.instagram.com\/dutchhealthstore\/\" \/>\n<meta property=\"article:modified_time\" content=\"2026-04-13T09:35:50+00:00\" \/>\n<meta property=\"og:image\" content=\"https:\/\/dutchhealthstore.com\/wp-content\/uploads\/2018\/02\/Best-Cuticles-Ever-Living-Libations.jpg\" \/>\n\t<meta property=\"og:image:width\" content=\"510\" \/>\n\t<meta property=\"og:image:height\" content=\"600\" \/>\n\t<meta property=\"og:image:type\" content=\"image\/jpeg\" \/>\n<meta name=\"twitter:card\" content=\"summary_large_image\" \/>\n<meta name=\"twitter:label1\" content=\"Prix\" \/>\n\t<meta name=\"twitter:data1\" content=\"&euro;30,00\" \/>\n\t<meta name=\"twitter:label2\" content=\"Disponibilit\u00e9\" \/>\n\t<meta name=\"twitter:data2\" content=\"En stock\" \/>\n<script type=\"application\/ld+json\" class=\"yoast-schema-graph\">{\"@context\":\"https:\/\/schema.org\",\"@graph\":[{\"@type\":\"WebPage\",\"@id\":\"https:\/\/dutchhealthstore.com\/fr\/product\/best-cuticles-ever-cuticle-care-oil\/\",\"url\":\"https:\/\/dutchhealthstore.com\/fr\/product\/best-cuticles-ever-cuticle-care-oil\/\",\"name\":\"Best Cuticles Ever - Living Libations\",\"isPartOf\":{\"@id\":\"https:\/\/dutchhealthstore.com\/fr\/#website\"},\"primaryImageOfPage\":{\"@id\":\"https:\/\/dutchhealthstore.com\/fr\/product\/best-cuticles-ever-cuticle-care-oil\/#primaryimage\"},\"image\":{\"@id\":\"https:\/\/dutchhealthstore.com\/fr\/product\/best-cuticles-ever-cuticle-care-oil\/#primaryimage\"},\"thumbnailUrl\":\"https:\/\/dutchhealthstore.com\/wp-content\/uploads\/2018\/02\/Best-Cuticles-Ever-Living-Libations.jpg\",\"datePublished\":\"2018-02-10T08:49:06+00:00\",\"dateModified\":\"2026-04-13T09:35:50+00:00\",\"description\":\"Mettez vos meilleures mains en avant avec Best Cuticles Ever - Cuticle Care Oil.\",\"breadcrumb\":{\"@id\":\"https:\/\/dutchhealthstore.com\/fr\/product\/best-cuticles-ever-cuticle-care-oil\/#breadcrumb\"},\"inLanguage\":\"fr-FR\",\"potentialAction\":[{\"@type\":\"ReadAction\",\"target\":[\"https:\/\/dutchhealthstore.com\/fr\/product\/best-cuticles-ever-cuticle-care-oil\/\"]}]},{\"@type\":\"ImageObject\",\"inLanguage\":\"fr-FR\",\"@id\":\"https:\/\/dutchhealthstore.com\/fr\/product\/best-cuticles-ever-cuticle-care-oil\/#primaryimage\",\"url\":\"https:\/\/dutchhealthstore.com\/wp-content\/uploads\/2018\/02\/Best-Cuticles-Ever-Living-Libations.jpg\",\"contentUrl\":\"https:\/\/dutchhealthstore.com\/wp-content\/uploads\/2018\/02\/Best-Cuticles-Ever-Living-Libations.jpg\",\"width\":510,\"height\":600,\"caption\":\"Living Libations - Best Cuticles Ever\"},{\"@type\":\"BreadcrumbList\",\"@id\":\"https:\/\/dutchhealthstore.com\/fr\/product\/best-cuticles-ever-cuticle-care-oil\/#breadcrumb\",\"itemListElement\":[{\"@type\":\"ListItem\",\"position\":1,\"name\":\"Home\",\"item\":\"https:\/\/dutchhealthstore.com\/fr\/\"},{\"@type\":\"ListItem\",\"position\":2,\"name\":\"Shop\",\"item\":\"https:\/\/dutchhealthstore.com\/fr\/shop\/\"},{\"@type\":\"ListItem\",\"position\":3,\"name\":\"Best Cuticles Ever\"}]},{\"@type\":\"WebSite\",\"@id\":\"https:\/\/dutchhealthstore.com\/fr\/#website\",\"url\":\"https:\/\/dutchhealthstore.com\/fr\/\",\"name\":\"Dutch Health Store\",\"description\":\"Enhance Your Beauty with Organic &amp; Natural Skincare\",\"publisher\":{\"@id\":\"https:\/\/dutchhealthstore.com\/fr\/#organization\"},\"potentialAction\":[{\"@type\":\"SearchAction\",\"target\":{\"@type\":\"EntryPoint\",\"urlTemplate\":\"https:\/\/dutchhealthstore.com\/fr\/?s={search_term_string}\"},\"query-input\":{\"@type\":\"PropertyValueSpecification\",\"valueRequired\":true,\"valueName\":\"search_term_string\"}}],\"inLanguage\":\"fr-FR\"},{\"@type\":\"Organization\",\"@id\":\"https:\/\/dutchhealthstore.com\/fr\/#organization\",\"name\":\"Dutch Health Store\",\"url\":\"https:\/\/dutchhealthstore.com\/fr\/\",\"logo\":{\"@type\":\"ImageObject\",\"inLanguage\":\"fr-FR\",\"@id\":\"https:\/\/dutchhealthstore.com\/fr\/#\/schema\/logo\/image\/\",\"url\":\"https:\/\/dutchhealthstore.com\/wp-content\/uploads\/2020\/08\/logo-dutchhealthstore-jpg-e1599484957574.jpg\",\"contentUrl\":\"https:\/\/dutchhealthstore.com\/wp-content\/uploads\/2020\/08\/logo-dutchhealthstore-jpg-e1599484957574.jpg\",\"width\":400,\"height\":62,\"caption\":\"Dutch Health Store\"},\"image\":{\"@id\":\"https:\/\/dutchhealthstore.com\/fr\/#\/schema\/logo\/image\/\"},\"sameAs\":[\"https:\/\/www.instagram.com\/dutchhealthstore\/\",\"https:\/\/www.facebook.com\/dutchhealthstore\"]}]}<\/script>\n<meta property=\"product:brand\" content=\"Living Libations\" \/>\n<meta property=\"product:price:amount\" content=\"30.00\" \/>\n<meta property=\"product:price:currency\" content=\"EUR\" \/>\n<meta property=\"og:availability\" content=\"instock\" \/>\n<meta property=\"product:availability\" content=\"instock\" \/>\n<meta property=\"product:condition\" content=\"new\" \/>\n<!-- \/ Yoast SEO Premium plugin. -->","yoast_head_json":{"title":"Best Cuticles Ever - Living Libations","description":"Mettez vos meilleures mains en avant avec Best Cuticles Ever - Cuticle Care Oil.","robots":{"index":"index","follow":"follow","max-snippet":"max-snippet:-1","max-image-preview":"max-image-preview:large","max-video-preview":"max-video-preview:-1"},"canonical":"https:\/\/dutchhealthstore.com\/fr\/product\/best-cuticles-ever-cuticle-care-oil\/","og_locale":"fr_FR","og_type":"article","og_title":"Best Cuticles Ever - Dutch Health Store","og_description":"Mettez vos meilleures mains en avant avec Best Cuticles Ever - Cuticle Care Oil.","og_url":"https:\/\/dutchhealthstore.com\/fr\/product\/best-cuticles-ever-cuticle-care-oil\/","og_site_name":"Dutch Health Store","article_publisher":"https:\/\/www.instagram.com\/dutchhealthstore\/","article_modified_time":"2026-04-13T09:35:50+00:00","og_image":[{"width":510,"height":600,"url":"https:\/\/dutchhealthstore.com\/wp-content\/uploads\/2018\/02\/Best-Cuticles-Ever-Living-Libations.jpg","type":"image\/jpeg"}],"twitter_card":"summary_large_image","twitter_misc":{"Prix":"&euro;30,00","Disponibilit\u00e9":"En stock"},"schema":{"@context":"https:\/\/schema.org","@graph":[{"@type":"WebPage","@id":"https:\/\/dutchhealthstore.com\/fr\/product\/best-cuticles-ever-cuticle-care-oil\/","url":"https:\/\/dutchhealthstore.com\/fr\/product\/best-cuticles-ever-cuticle-care-oil\/","name":"Best Cuticles Ever - Living Libations","isPartOf":{"@id":"https:\/\/dutchhealthstore.com\/fr\/#website"},"primaryImageOfPage":{"@id":"https:\/\/dutchhealthstore.com\/fr\/product\/best-cuticles-ever-cuticle-care-oil\/#primaryimage"},"image":{"@id":"https:\/\/dutchhealthstore.com\/fr\/product\/best-cuticles-ever-cuticle-care-oil\/#primaryimage"},"thumbnailUrl":"https:\/\/dutchhealthstore.com\/wp-content\/uploads\/2018\/02\/Best-Cuticles-Ever-Living-Libations.jpg","datePublished":"2018-02-10T08:49:06+00:00","dateModified":"2026-04-13T09:35:50+00:00","description":"Mettez vos meilleures mains en avant avec Best Cuticles Ever - Cuticle Care Oil.","breadcrumb":{"@id":"https:\/\/dutchhealthstore.com\/fr\/product\/best-cuticles-ever-cuticle-care-oil\/#breadcrumb"},"inLanguage":"fr-FR","potentialAction":[{"@type":"ReadAction","target":["https:\/\/dutchhealthstore.com\/fr\/product\/best-cuticles-ever-cuticle-care-oil\/"]}]},{"@type":"ImageObject","inLanguage":"fr-FR","@id":"https:\/\/dutchhealthstore.com\/fr\/product\/best-cuticles-ever-cuticle-care-oil\/#primaryimage","url":"https:\/\/dutchhealthstore.com\/wp-content\/uploads\/2018\/02\/Best-Cuticles-Ever-Living-Libations.jpg","contentUrl":"https:\/\/dutchhealthstore.com\/wp-content\/uploads\/2018\/02\/Best-Cuticles-Ever-Living-Libations.jpg","width":510,"height":600,"caption":"Living Libations - Best Cuticles Ever"},{"@type":"BreadcrumbList","@id":"https:\/\/dutchhealthstore.com\/fr\/product\/best-cuticles-ever-cuticle-care-oil\/#breadcrumb","itemListElement":[{"@type":"ListItem","position":1,"name":"Home","item":"https:\/\/dutchhealthstore.com\/fr\/"},{"@type":"ListItem","position":2,"name":"Shop","item":"https:\/\/dutchhealthstore.com\/fr\/shop\/"},{"@type":"ListItem","position":3,"name":"Best Cuticles Ever"}]},{"@type":"WebSite","@id":"https:\/\/dutchhealthstore.com\/fr\/#website","url":"https:\/\/dutchhealthstore.com\/fr\/","name":"Dutch Health Store","description":"Enhance Your Beauty with Organic &amp; Natural Skincare","publisher":{"@id":"https:\/\/dutchhealthstore.com\/fr\/#organization"},"potentialAction":[{"@type":"SearchAction","target":{"@type":"EntryPoint","urlTemplate":"https:\/\/dutchhealthstore.com\/fr\/?s={search_term_string}"},"query-input":{"@type":"PropertyValueSpecification","valueRequired":true,"valueName":"search_term_string"}}],"inLanguage":"fr-FR"},{"@type":"Organization","@id":"https:\/\/dutchhealthstore.com\/fr\/#organization","name":"Dutch Health Store","url":"https:\/\/dutchhealthstore.com\/fr\/","logo":{"@type":"ImageObject","inLanguage":"fr-FR","@id":"https:\/\/dutchhealthstore.com\/fr\/#\/schema\/logo\/image\/","url":"https:\/\/dutchhealthstore.com\/wp-content\/uploads\/2020\/08\/logo-dutchhealthstore-jpg-e1599484957574.jpg","contentUrl":"https:\/\/dutchhealthstore.com\/wp-content\/uploads\/2020\/08\/logo-dutchhealthstore-jpg-e1599484957574.jpg","width":400,"height":62,"caption":"Dutch Health Store"},"image":{"@id":"https:\/\/dutchhealthstore.com\/fr\/#\/schema\/logo\/image\/"},"sameAs":["https:\/\/www.instagram.com\/dutchhealthstore\/","https:\/\/www.facebook.com\/dutchhealthstore"]}]},"product_brand":"Living Libations","product_price_amount":"30.00","product_price_currency":"EUR","og_availability":"instock","product_availability":"instock","product_condition":"new"},"_links":{"self":[{"href":"https:\/\/dutchhealthstore.com\/fr\/wp-json\/wp\/v2\/product\/110725","targetHints":{"allow":["GET"]}}],"collection":[{"href":"https:\/\/dutchhealthstore.com\/fr\/wp-json\/wp\/v2\/product"}],"about":[{"href":"https:\/\/dutchhealthstore.com\/fr\/wp-json\/wp\/v2\/types\/product"}],"replies":[{"embeddable":true,"href":"https:\/\/dutchhealthstore.com\/fr\/wp-json\/wp\/v2\/comments?post=110725"}],"wp:featuredmedia":[{"embeddable":true,"href":"https:\/\/dutchhealthstore.com\/fr\/wp-json\/wp\/v2\/media\/110726"}],"wp:attachment":[{"href":"https:\/\/dutchhealthstore.com\/fr\/wp-json\/wp\/v2\/media?parent=110725"}],"wp:term":[{"taxonomy":"product_brand","embeddable":true,"href":"https:\/\/dutchhealthstore.com\/fr\/wp-json\/wp\/v2\/product_brand?post=110725"},{"taxonomy":"product_cat","embeddable":true,"href":"https:\/\/dutchhealthstore.com\/fr\/wp-json\/wp\/v2\/product_cat?post=110725"},{"taxonomy":"product_tag","embeddable":true,"href":"https:\/\/dutchhealthstore.com\/fr\/wp-json\/wp\/v2\/product_tag?post=110725"}],"curies":[{"name":"wp","href":"https:\/\/api.w.org\/{rel}","templated":true}]}}