{"id":110583,"date":"2020-07-03T08:04:37","date_gmt":"2020-07-03T08:04:37","guid":{"rendered":"https:\/\/dutchhealthstore.com\/product\/sweet-sleep-pillow-perfume\/"},"modified":"2024-11-29T15:00:39","modified_gmt":"2024-11-29T14:00:39","slug":"sweet-sleep-pillow-perfume","status":"publish","type":"product","link":"https:\/\/dutchhealthstore.com\/fr\/product\/sweet-sleep-pillow-perfume\/","title":{"rendered":"Sweet Sleep Pillow Perfume"},"content":{"rendered":"<h3><img decoding=\"async\" class=\"size-full wp-image-69549 alignright\" src=\"https:\/\/dutchhealthstore.com\/wp-content\/uploads\/2019\/08\/NEW-Living-Libations-Logo.jpg\" alt=\"NEW - Living Libations - Logo\" width=\"175\" height=\"82\">Comment utiliser<\/h3>\n<p>Vaporisez cette berceuse sur les draps et les oreillers lorsque vous vous pr\u00e9parez \u00e0 vous coucher. Parfait pour les voyages et pour adoucir le sommeil dans les chambres d&rsquo;h\u00f4tel. Peut \u00e9galement \u00eatre utilis\u00e9 sur les cheveux et les points de pulsation pour un parfum sanguin qui enveloppe votre aura d&rsquo;un r\u00eave serein.<\/p>\n<p><strong>Taille: 5 ml, 30 ml et 50 ml<\/strong><\/p>\n<h3 class=\"yikes-custom-woo-tab-title yikes-custom-woo-tab-title-natural-organic-ingredients\">Ingr\u00e9dients Naturels\/Biologiques<\/h3>\n<p><strong>Alcool biodynamique biologique<\/strong> &#8211; L&rsquo;alcool biodynamique biologique sert de support parfait, permettant \u00e0 chaque plante d&rsquo;infuser sans effort la peau et de parfumer l&rsquo;air. Cet alcool biologique et biodynamique est de la plus haute qualit\u00e9 et est triplement filtr\u00e9 pour plus de puret\u00e9. Produit \u00e0 partir de raisins certifi\u00e9s biologiques, il est test\u00e9 de mani\u00e8re ind\u00e9pendante afin de garantir qu&rsquo;il r\u00e9pond aux normes de l&rsquo;United States Pharmacopeia (USP) en mati\u00e8re d&rsquo;alcool pur, biologique et de qualit\u00e9 pharmaceutique.<\/p>\n<p><strong>La lavande<\/strong> <em>(Lavendula angustifolia)<\/em> &#8211; calmante La lavande est une berceuse dans un flacon ; elle apaise le corps et l&rsquo;esprit pour les possibilit\u00e9s paisibles d&rsquo;une nuit de sommeil r\u00e9parateur.<\/p>\n<p><strong>Marjolaine<\/strong> <em>(Origanum marjorana)<\/em> &#8211; La marjolaine, herbac\u00e9e et douce, est utilis\u00e9e pour purifier le corps, l&rsquo;esprit et l&rsquo;\u00e2me depuis les temps bibliques. Distill\u00e9e \u00e0 la vapeur pour capturer les bienfaits botaniques de cette herbe parfum\u00e9e, l&rsquo;ar\u00f4me chaud et p\u00e9n\u00e9trant de notre marjolaine est serein. Il \u00e9tait v\u00e9n\u00e9r\u00e9 par les anciens Grecs et Romains pour son pouvoir d&rsquo;invoquer la paix et le bonheur.<\/p>\n<p><strong>Thym doux<\/strong> <em>(Thymus linalool)<\/em> &#8211; Le thym doux est un relaxant de premier ordre. Il aidera votre cerveau et votre corps \u00e0 soupirer de soulagement lorsque vous passerez de la tension au doux sommeil.<\/p>\n<p><strong>H. Blossoms<\/strong> &#8211; La d\u00e9licate H. Blossoms Essential Oil remonte le moral, apaise les soucis et calme l&rsquo;esprit inquiet. Il berce l&rsquo;esprit dans un sommeil serein et durable.<\/p>\n<p><strong>Spikenard<\/strong> <em>(Nardostachys jatamansi)<\/em> &#8211; Le Spikenard r\u00e9g\u00e9n\u00e8re et \u00e9quilibre, favorisant l&rsquo;harmonie dans tout le corps. Cette racine relaxante fait fondre le stress et les tensions et calme les insomnies.<\/p>\n<p><strong>Vanille<\/strong> <em>(Vanilla planifolia)<\/em> &#8211; La vanille velout\u00e9e att\u00e9nue les soucis et apaise les esprits troubl\u00e9s. Il fait dispara\u00eetre les sentiments de nervosit\u00e9 et d&rsquo;agitation qui font tourner l&rsquo;esprit la nuit.<\/p>\n<p><strong>Soyez tranquille comme le lac qui refl\u00e8te la lune.<\/strong><\/p>\n<p>&nbsp;<\/p>\n<p><img fetchpriority=\"high\" decoding=\"async\" class=\"size-medium wp-image-68103 aligncenter\" src=\"https:\/\/dutchhealthstore.com\/wp-content\/uploads\/2018\/02\/Living-Libations-Organic-Logo-800x89.png\" alt=\"Living Libations - Organic Logo\" width=\"800\" height=\"89\" srcset=\"https:\/\/dutchhealthstore.com\/wp-content\/uploads\/2018\/02\/Living-Libations-Organic-Logo-800x89.png 800w, https:\/\/dutchhealthstore.com\/wp-content\/uploads\/2018\/02\/Living-Libations-Organic-Logo-510x57.png 510w, https:\/\/dutchhealthstore.com\/wp-content\/uploads\/2018\/02\/Living-Libations-Organic-Logo-768x85.png 768w, https:\/\/dutchhealthstore.com\/wp-content\/uploads\/2018\/02\/Living-Libations-Organic-Logo.png 1400w\" sizes=\"(max-width: 800px) 100vw, 800px\" \/><\/p>\n","protected":false},"excerpt":{"rendered":"<p>R\u00eavez profond\u00e9ment alors que Living Libations<strong> Sweet Sleep Pillow Perfume<\/strong> subjugue le corps et fait tourbillonner un parfum qui apporte une douceur sereine dans la nuit alors que vous reprenez des forces pour affronter la lumi\u00e8re du jour. Laissez la tension se rel\u00e2cher tandis que vous vous retrouvez au pays des r\u00eaves.<\/p>\n<p>Sweet Sleep parfume un sublime repos de chants botaniques qui vous bercent doucement jusqu&rsquo;au sommeil. D\u00e9tendez-vous, relaxez votre esprit, et pr\u00e9parez vos oreillers pour le lever du soleil. Respirez au c\u0153ur de votre poitrine, permettez-vous d&rsquo;entrer dans un repos agr\u00e9able.<\/p>\n","protected":false},"featured_media":229253,"comment_status":"open","ping_status":"closed","template":"","meta":[],"product_brand":[],"product_cat":[6752,6642,1211,3756,1047,1209,1010,1499],"product_tag":[343,21525,21811,6794],"class_list":{"0":"post-110583","1":"product","2":"type-product","3":"status-publish","4":"has-post-thumbnail","6":"product_cat-babies-pregnancy-fr-2","7":"product_cat-family-fr","8":"product_cat-living-libations-france","9":"product_cat-melanges","10":"product_cat-nos-collections","11":"product_cat-par-marques","12":"product_cat-notre-boutique","13":"product_cat-soins-pour-bebe-living-libations","14":"product_tag-aroma","15":"product_tag-detente","16":"product_tag-natural-fr","17":"product_tag-spray-fr","18":"pa_brand-livinglibations-fr","19":"pa_gtin-7439657383397-fr","20":"pa_size-30-ml-fr","21":"pa_size-5-ml-fr","22":"pa_size-50-ml-fr","24":"first","25":"instock","26":"taxable","27":"shipping-taxable","28":"purchasable","29":"product-type-variable"},"bundled_by":[],"bundle_stock_status":"instock","bundle_stock_quantity":null,"bundle_virtual":false,"bundle_layout":"","bundle_add_to_cart_form_location":"","bundle_editable_in_cart":false,"bundle_sold_individually_context":"","bundle_item_grouping":"","bundle_min_size":"","bundle_max_size":"","bundle_price":[],"bundled_items":[],"bundle_sell_ids":[247525],"atum_controlled":true,"out_stock_date":null,"out_stock_threshold":null,"inheritable":true,"stock_on_hold":2,"sold_today":0,"sales_last_days":1,"out_stock_days":0,"lost_sales":0,"update_date":"2026-04-20T08:19:35","atum_locations":[],"atum_stock_status":"instock","restock_status":false,"low_stock_amount":"","sales_update_date":"2026-04-16T00:05:19","calc_backorders":null,"group_of_quantity":0,"min_quantity":0,"max_quantity":"","exclude_order_quantity_value_rules":"no","exclude_category_quantity_rules":"no","combine_variations":"no","yoast_head":"<!-- This site is optimized with the Yoast SEO Premium plugin v26.5 (Yoast SEO v26.5) - https:\/\/yoast.com\/wordpress\/plugins\/seo\/ -->\n<title>Sweet Sleep pillow perfume | Living Libations<\/title>\n<meta name=\"description\" content=\"Sweet Sleep parfume un sublime repos de chants botaniques qui vous bercent doucement jusqu&#039;au sommeil. D\u00e9tendez-vous, relaxez votre esprit, et pr\u00e9parez vos oreillers pour le lever du soleil.\" \/>\n<meta name=\"robots\" content=\"index, follow, max-snippet:-1, max-image-preview:large, max-video-preview:-1\" \/>\n<link rel=\"canonical\" href=\"https:\/\/dutchhealthstore.com\/fr\/product\/sweet-sleep-pillow-perfume\/\" \/>\n<meta property=\"og:locale\" content=\"fr_FR\" \/>\n<meta property=\"og:type\" content=\"article\" \/>\n<meta property=\"og:title\" content=\"Sweet Sleep Pillow Perfume - Dutch Health Store\" \/>\n<meta property=\"og:description\" content=\"Sweet Sleep parfume un sublime repos de chants botaniques qui vous bercent doucement jusqu&#039;au sommeil. D\u00e9tendez-vous, relaxez votre esprit, et pr\u00e9parez vos oreillers pour le lever du soleil.\" \/>\n<meta property=\"og:url\" content=\"https:\/\/dutchhealthstore.com\/fr\/product\/sweet-sleep-pillow-perfume\/\" \/>\n<meta property=\"og:site_name\" content=\"Dutch Health Store\" \/>\n<meta property=\"article:publisher\" content=\"https:\/\/www.instagram.com\/dutchhealthstore\/\" \/>\n<meta property=\"article:modified_time\" content=\"2024-11-29T14:00:39+00:00\" \/>\n<meta property=\"og:image\" content=\"https:\/\/dutchhealthstore.com\/wp-content\/uploads\/2020\/07\/LLsweetsleephoofdfoto.jpg\" \/>\n\t<meta property=\"og:image:width\" content=\"510\" \/>\n\t<meta property=\"og:image:height\" content=\"510\" \/>\n\t<meta property=\"og:image:type\" content=\"image\/jpeg\" \/>\n<meta name=\"twitter:card\" content=\"summary_large_image\" \/>\n<meta name=\"twitter:label1\" content=\"Disponibilit\u00e9\" \/>\n\t<meta name=\"twitter:data1\" content=\"En stock\" \/>\n<script type=\"application\/ld+json\" class=\"yoast-schema-graph\">{\"@context\":\"https:\/\/schema.org\",\"@graph\":[{\"@type\":\"WebPage\",\"@id\":\"https:\/\/dutchhealthstore.com\/fr\/product\/sweet-sleep-pillow-perfume\/\",\"url\":\"https:\/\/dutchhealthstore.com\/fr\/product\/sweet-sleep-pillow-perfume\/\",\"name\":\"Sweet Sleep pillow perfume | Living Libations\",\"isPartOf\":{\"@id\":\"https:\/\/dutchhealthstore.com\/fr\/#website\"},\"primaryImageOfPage\":{\"@id\":\"https:\/\/dutchhealthstore.com\/fr\/product\/sweet-sleep-pillow-perfume\/#primaryimage\"},\"image\":{\"@id\":\"https:\/\/dutchhealthstore.com\/fr\/product\/sweet-sleep-pillow-perfume\/#primaryimage\"},\"thumbnailUrl\":\"https:\/\/dutchhealthstore.com\/wp-content\/uploads\/2020\/07\/LLsweetsleephoofdfoto.jpg\",\"datePublished\":\"2020-07-03T08:04:37+00:00\",\"dateModified\":\"2024-11-29T14:00:39+00:00\",\"description\":\"Sweet Sleep parfume un sublime repos de chants botaniques qui vous bercent doucement jusqu'au sommeil. D\u00e9tendez-vous, relaxez votre esprit, et pr\u00e9parez vos oreillers pour le lever du soleil.\",\"breadcrumb\":{\"@id\":\"https:\/\/dutchhealthstore.com\/fr\/product\/sweet-sleep-pillow-perfume\/#breadcrumb\"},\"inLanguage\":\"fr-FR\",\"potentialAction\":[{\"@type\":\"ReadAction\",\"target\":[\"https:\/\/dutchhealthstore.com\/fr\/product\/sweet-sleep-pillow-perfume\/\"]}]},{\"@type\":\"ImageObject\",\"inLanguage\":\"fr-FR\",\"@id\":\"https:\/\/dutchhealthstore.com\/fr\/product\/sweet-sleep-pillow-perfume\/#primaryimage\",\"url\":\"https:\/\/dutchhealthstore.com\/wp-content\/uploads\/2020\/07\/LLsweetsleephoofdfoto.jpg\",\"contentUrl\":\"https:\/\/dutchhealthstore.com\/wp-content\/uploads\/2020\/07\/LLsweetsleephoofdfoto.jpg\",\"width\":510,\"height\":510,\"caption\":\"LLsweetsleephoofdfoto\"},{\"@type\":\"BreadcrumbList\",\"@id\":\"https:\/\/dutchhealthstore.com\/fr\/product\/sweet-sleep-pillow-perfume\/#breadcrumb\",\"itemListElement\":[{\"@type\":\"ListItem\",\"position\":1,\"name\":\"Home\",\"item\":\"https:\/\/dutchhealthstore.com\/fr\/\"},{\"@type\":\"ListItem\",\"position\":2,\"name\":\"Shop\",\"item\":\"https:\/\/dutchhealthstore.com\/fr\/shop\/\"},{\"@type\":\"ListItem\",\"position\":3,\"name\":\"Sweet Sleep Pillow Perfume\"}]},{\"@type\":\"WebSite\",\"@id\":\"https:\/\/dutchhealthstore.com\/fr\/#website\",\"url\":\"https:\/\/dutchhealthstore.com\/fr\/\",\"name\":\"Dutch Health Store\",\"description\":\"Enhance Your Beauty with Organic &amp; Natural Skincare\",\"publisher\":{\"@id\":\"https:\/\/dutchhealthstore.com\/fr\/#organization\"},\"potentialAction\":[{\"@type\":\"SearchAction\",\"target\":{\"@type\":\"EntryPoint\",\"urlTemplate\":\"https:\/\/dutchhealthstore.com\/fr\/?s={search_term_string}\"},\"query-input\":{\"@type\":\"PropertyValueSpecification\",\"valueRequired\":true,\"valueName\":\"search_term_string\"}}],\"inLanguage\":\"fr-FR\"},{\"@type\":\"Organization\",\"@id\":\"https:\/\/dutchhealthstore.com\/fr\/#organization\",\"name\":\"Dutch Health Store\",\"url\":\"https:\/\/dutchhealthstore.com\/fr\/\",\"logo\":{\"@type\":\"ImageObject\",\"inLanguage\":\"fr-FR\",\"@id\":\"https:\/\/dutchhealthstore.com\/fr\/#\/schema\/logo\/image\/\",\"url\":\"https:\/\/dutchhealthstore.com\/wp-content\/uploads\/2020\/08\/logo-dutchhealthstore-jpg-e1599484957574.jpg\",\"contentUrl\":\"https:\/\/dutchhealthstore.com\/wp-content\/uploads\/2020\/08\/logo-dutchhealthstore-jpg-e1599484957574.jpg\",\"width\":400,\"height\":62,\"caption\":\"Dutch Health Store\"},\"image\":{\"@id\":\"https:\/\/dutchhealthstore.com\/fr\/#\/schema\/logo\/image\/\"},\"sameAs\":[\"https:\/\/www.instagram.com\/dutchhealthstore\/\",\"https:\/\/www.facebook.com\/dutchhealthstore\"]}]}<\/script>\n<meta property=\"product:brand\" content=\"Living Libations\" \/>\n<meta property=\"og:availability\" content=\"instock\" \/>\n<meta property=\"product:availability\" content=\"instock\" \/>\n<meta property=\"product:condition\" content=\"new\" \/>\n<!-- \/ Yoast SEO Premium plugin. -->","yoast_head_json":{"title":"Sweet Sleep pillow perfume | Living Libations","description":"Sweet Sleep parfume un sublime repos de chants botaniques qui vous bercent doucement jusqu'au sommeil. D\u00e9tendez-vous, relaxez votre esprit, et pr\u00e9parez vos oreillers pour le lever du soleil.","robots":{"index":"index","follow":"follow","max-snippet":"max-snippet:-1","max-image-preview":"max-image-preview:large","max-video-preview":"max-video-preview:-1"},"canonical":"https:\/\/dutchhealthstore.com\/fr\/product\/sweet-sleep-pillow-perfume\/","og_locale":"fr_FR","og_type":"article","og_title":"Sweet Sleep Pillow Perfume - Dutch Health Store","og_description":"Sweet Sleep parfume un sublime repos de chants botaniques qui vous bercent doucement jusqu'au sommeil. D\u00e9tendez-vous, relaxez votre esprit, et pr\u00e9parez vos oreillers pour le lever du soleil.","og_url":"https:\/\/dutchhealthstore.com\/fr\/product\/sweet-sleep-pillow-perfume\/","og_site_name":"Dutch Health Store","article_publisher":"https:\/\/www.instagram.com\/dutchhealthstore\/","article_modified_time":"2024-11-29T14:00:39+00:00","og_image":[{"width":510,"height":510,"url":"https:\/\/dutchhealthstore.com\/wp-content\/uploads\/2020\/07\/LLsweetsleephoofdfoto.jpg","type":"image\/jpeg"}],"twitter_card":"summary_large_image","twitter_misc":{"Disponibilit\u00e9":"En stock"},"schema":{"@context":"https:\/\/schema.org","@graph":[{"@type":"WebPage","@id":"https:\/\/dutchhealthstore.com\/fr\/product\/sweet-sleep-pillow-perfume\/","url":"https:\/\/dutchhealthstore.com\/fr\/product\/sweet-sleep-pillow-perfume\/","name":"Sweet Sleep pillow perfume | Living Libations","isPartOf":{"@id":"https:\/\/dutchhealthstore.com\/fr\/#website"},"primaryImageOfPage":{"@id":"https:\/\/dutchhealthstore.com\/fr\/product\/sweet-sleep-pillow-perfume\/#primaryimage"},"image":{"@id":"https:\/\/dutchhealthstore.com\/fr\/product\/sweet-sleep-pillow-perfume\/#primaryimage"},"thumbnailUrl":"https:\/\/dutchhealthstore.com\/wp-content\/uploads\/2020\/07\/LLsweetsleephoofdfoto.jpg","datePublished":"2020-07-03T08:04:37+00:00","dateModified":"2024-11-29T14:00:39+00:00","description":"Sweet Sleep parfume un sublime repos de chants botaniques qui vous bercent doucement jusqu'au sommeil. D\u00e9tendez-vous, relaxez votre esprit, et pr\u00e9parez vos oreillers pour le lever du soleil.","breadcrumb":{"@id":"https:\/\/dutchhealthstore.com\/fr\/product\/sweet-sleep-pillow-perfume\/#breadcrumb"},"inLanguage":"fr-FR","potentialAction":[{"@type":"ReadAction","target":["https:\/\/dutchhealthstore.com\/fr\/product\/sweet-sleep-pillow-perfume\/"]}]},{"@type":"ImageObject","inLanguage":"fr-FR","@id":"https:\/\/dutchhealthstore.com\/fr\/product\/sweet-sleep-pillow-perfume\/#primaryimage","url":"https:\/\/dutchhealthstore.com\/wp-content\/uploads\/2020\/07\/LLsweetsleephoofdfoto.jpg","contentUrl":"https:\/\/dutchhealthstore.com\/wp-content\/uploads\/2020\/07\/LLsweetsleephoofdfoto.jpg","width":510,"height":510,"caption":"LLsweetsleephoofdfoto"},{"@type":"BreadcrumbList","@id":"https:\/\/dutchhealthstore.com\/fr\/product\/sweet-sleep-pillow-perfume\/#breadcrumb","itemListElement":[{"@type":"ListItem","position":1,"name":"Home","item":"https:\/\/dutchhealthstore.com\/fr\/"},{"@type":"ListItem","position":2,"name":"Shop","item":"https:\/\/dutchhealthstore.com\/fr\/shop\/"},{"@type":"ListItem","position":3,"name":"Sweet Sleep Pillow Perfume"}]},{"@type":"WebSite","@id":"https:\/\/dutchhealthstore.com\/fr\/#website","url":"https:\/\/dutchhealthstore.com\/fr\/","name":"Dutch Health Store","description":"Enhance Your Beauty with Organic &amp; Natural Skincare","publisher":{"@id":"https:\/\/dutchhealthstore.com\/fr\/#organization"},"potentialAction":[{"@type":"SearchAction","target":{"@type":"EntryPoint","urlTemplate":"https:\/\/dutchhealthstore.com\/fr\/?s={search_term_string}"},"query-input":{"@type":"PropertyValueSpecification","valueRequired":true,"valueName":"search_term_string"}}],"inLanguage":"fr-FR"},{"@type":"Organization","@id":"https:\/\/dutchhealthstore.com\/fr\/#organization","name":"Dutch Health Store","url":"https:\/\/dutchhealthstore.com\/fr\/","logo":{"@type":"ImageObject","inLanguage":"fr-FR","@id":"https:\/\/dutchhealthstore.com\/fr\/#\/schema\/logo\/image\/","url":"https:\/\/dutchhealthstore.com\/wp-content\/uploads\/2020\/08\/logo-dutchhealthstore-jpg-e1599484957574.jpg","contentUrl":"https:\/\/dutchhealthstore.com\/wp-content\/uploads\/2020\/08\/logo-dutchhealthstore-jpg-e1599484957574.jpg","width":400,"height":62,"caption":"Dutch Health Store"},"image":{"@id":"https:\/\/dutchhealthstore.com\/fr\/#\/schema\/logo\/image\/"},"sameAs":["https:\/\/www.instagram.com\/dutchhealthstore\/","https:\/\/www.facebook.com\/dutchhealthstore"]}]},"product_brand":"Living Libations","og_availability":"instock","product_availability":"instock","product_condition":"new"},"_links":{"self":[{"href":"https:\/\/dutchhealthstore.com\/fr\/wp-json\/wp\/v2\/product\/110583","targetHints":{"allow":["GET"]}}],"collection":[{"href":"https:\/\/dutchhealthstore.com\/fr\/wp-json\/wp\/v2\/product"}],"about":[{"href":"https:\/\/dutchhealthstore.com\/fr\/wp-json\/wp\/v2\/types\/product"}],"replies":[{"embeddable":true,"href":"https:\/\/dutchhealthstore.com\/fr\/wp-json\/wp\/v2\/comments?post=110583"}],"wp:featuredmedia":[{"embeddable":true,"href":"https:\/\/dutchhealthstore.com\/fr\/wp-json\/wp\/v2\/media\/229253"}],"wp:attachment":[{"href":"https:\/\/dutchhealthstore.com\/fr\/wp-json\/wp\/v2\/media?parent=110583"}],"wp:term":[{"taxonomy":"product_brand","embeddable":true,"href":"https:\/\/dutchhealthstore.com\/fr\/wp-json\/wp\/v2\/product_brand?post=110583"},{"taxonomy":"product_cat","embeddable":true,"href":"https:\/\/dutchhealthstore.com\/fr\/wp-json\/wp\/v2\/product_cat?post=110583"},{"taxonomy":"product_tag","embeddable":true,"href":"https:\/\/dutchhealthstore.com\/fr\/wp-json\/wp\/v2\/product_tag?post=110583"}],"curies":[{"name":"wp","href":"https:\/\/api.w.org\/{rel}","templated":true}]}}