{"id":110499,"date":"2020-07-03T06:45:04","date_gmt":"2020-07-03T06:45:04","guid":{"rendered":"https:\/\/dutchhealthstore.com\/product\/jai-baby-joy\/"},"modified":"2026-03-24T14:38:38","modified_gmt":"2026-03-24T13:38:38","slug":"jai-baby-joy-2","status":"publish","type":"product","link":"https:\/\/dutchhealthstore.com\/fr\/product\/jai-baby-joy-2\/","title":{"rendered":"Jai Baby Joy"},"content":{"rendered":"<p>Douce pour le b\u00e9b\u00e9 et belle pour la famille, Jai Baby Joy Moisturizing Massage Oil est une huile de massage adorable pour les visages des adultes, les petits orteils et les ventres des femmes enceintes. Pour une peau douce et souple apr\u00e8s le bain et un visage incroyablement embrassable apr\u00e8s le rasage, laissez-vous tenter par la d\u00e9licieuse gourmandise de Jai Baby Joy!<\/p>\n<h3>Comment utiliser<\/h3>\n<p>Appliquer doucement sur le b\u00e9b\u00e9 apr\u00e8s le bain ou le changement de couche. Une huile de massage apaisante pour le b\u00e9b\u00e9 ou sa famille. Faites-la glisser sur les visages, apr\u00e8s les bains, sur les ventres et les seins des femmes enceintes. Il est superbe pour le visage et les jambes apr\u00e8s le rasage.<\/p>\n<h3 class=\"yikes-custom-woo-tab-title yikes-custom-woo-tab-title-natural-organic-ingredients\">Ingr\u00e9dients Naturels\/Biologiques<\/h3>\n<p><strong>Jojoba huile<\/strong> <em>(Simmondsia chinensis)<\/em> &#8211; Le jojoba dor\u00e9 et glorieux nourrit et conditionne les peaux assoiff\u00e9es. Jojoba a une capacit\u00e9 in\u00e9gal\u00e9e d&rsquo;hydrater la peau, d&rsquo;\u00e9quilibrer la production d&rsquo;huile, de nettoyer en profondeur les pores et de cr\u00e9er des effets de conditionnement de longue dur\u00e9e qui adoucissent la peau. Il regorge de peptides et de lipides et contient les plus hauts niveaux de compos\u00e9s ph\u00e9noliques trouv\u00e9s dans la nature, ainsi que des antioxydants et toutes les formes solubles de vitamine E.<\/p>\n<p><strong>Vanilla huile<\/strong><em> (Vanilla planifolia)<\/em> &#8211; La vanille velout\u00e9e d\u00e9gage une douceur chaleureuse. Nous faisons tremper des gousses de vanille biologiques brutes dans de l&rsquo;huile de noix de coco vierge pure pendant quelques cycles de pleine lune jusqu&rsquo;\u00e0 ce que l&rsquo;essence opulente et la nature apaisante de la vanille saturent l&rsquo;huile de noix de coco. La gousse de vanille dulcin\u00e9e impr\u00e8gne la peau de l&rsquo;agr\u00e9able ar\u00f4me de la vanille douce. C&rsquo;est un parfum r\u00e9confortant qui apaise les petits \u00eatres et les nouveaux parents.<\/p>\n<p><strong> huile cr\u00e8me de coco<\/strong> <em>(Coc os nucifera)<\/em> &#8211; La cr\u00e8me de coco pure et vierge devient liquide \u00e0 75 degr\u00e9s Fahrenheit. Lorsqu&rsquo;il entre en contact avec un corps \u00e0 37 degr\u00e9s Celsius, il se fond sans effort dans la peau. La cr\u00e8me de noix de coco apaise la peau.<\/p>\n<p><strong> huile citron<\/strong> <em>(Citrus limon)<\/em> &#8211; Le citron luxuriant purifie la peau de la t\u00eate aux pieds. Ce tonique press\u00e9 \u00e0 partir des \u00e9corces de citron lisse les joues des ch\u00e9rubins.<\/p>\n<p><strong> huile lavande<\/strong> <em>(Lavandula angustifolia)<\/em> &#8211; La charmante lavande est une berceuse dans un flacon et c&rsquo;est aussi un tonique doux mais puissant pour la peau. Cette essence r\u00e9paratrice et calmante d\u00e9tend les rougeurs et rafra\u00eechit la chaleur. La lavande peut \u00eatre utilis\u00e9e pour am\u00e9liorer l&rsquo;apparence des cicatrices, unifier le teint, nettoyer la peau sujette \u00e0 l&rsquo;acn\u00e9 et \u00e9quilibrer les niveaux de s\u00e9bum de la peau.<\/p>\n<p><img fetchpriority=\"high\" decoding=\"async\" class=\"size-medium wp-image-68103 aligncenter\" src=\"https:\/\/dutchhealthstore.com\/wp-content\/uploads\/2018\/02\/Living-Libations-Organic-Logo-800x89.png\" alt=\"Living Libations - Organic Logo\" width=\"800\" height=\"89\" srcset=\"https:\/\/dutchhealthstore.com\/wp-content\/uploads\/2018\/02\/Living-Libations-Organic-Logo-800x89.png 800w, https:\/\/dutchhealthstore.com\/wp-content\/uploads\/2018\/02\/Living-Libations-Organic-Logo-510x57.png 510w, https:\/\/dutchhealthstore.com\/wp-content\/uploads\/2018\/02\/Living-Libations-Organic-Logo-768x85.png 768w, https:\/\/dutchhealthstore.com\/wp-content\/uploads\/2018\/02\/Living-Libations-Organic-Logo.png 1400w\" sizes=\"(max-width: 800px) 100vw, 800px\" \/><\/p>\n","protected":false},"excerpt":{"rendered":"<p>Living Libations <strong>Jai Baby Joy<\/strong> Moisturizing Massage Oil glisse doucement sur la peau jubilatoire de b\u00e9b\u00e9, l&rsquo;infusant de gousses de vanille fra\u00eeches tremp\u00e9es dans une cr\u00e8me de noix de coco lisse, de jojoba dor\u00e9, de citron tonique et de lavande apaisante.<br \/>\nDes gousses de vanille fra\u00eechement infus\u00e9es, plong\u00e9es dans une cr\u00e8me de noix de coco, se joignent \u00e0 un jojoba jubilatoire pour cr\u00e9er un \u00e9lixir hydratant sp\u00e9cialement con\u00e7u pour la peau d\u00e9licate de votre b\u00e9b\u00e9.<\/p>\n","protected":false},"featured_media":359702,"comment_status":"open","ping_status":"closed","template":"","meta":[],"product_brand":[],"product_cat":[6752,6642,1091,2987,1211,1047,1209,1030,1010,1499,1033,1501],"product_tag":[21938,21392,21811,6034,9716],"class_list":{"0":"post-110499","1":"product","2":"type-product","3":"status-publish","4":"has-post-thumbnail","6":"product_cat-babies-pregnancy-fr-2","7":"product_cat-family-fr","8":"product_cat-body-oil-fr","9":"product_cat-huiles-lotions","10":"product_cat-living-libations-france","11":"product_cat-nos-collections","12":"product_cat-par-marques","13":"product_cat-par-produits","14":"product_cat-notre-boutique","15":"product_cat-soins-pour-bebe-living-libations","16":"product_cat-body-care-fr","17":"product_cat-corps-living-libations","18":"product_tag-bebe","19":"product_tag-corps","20":"product_tag-natural-fr","21":"product_tag-oil-fr","22":"product_tag-soothing-fr","23":"pa_brand-livinglibations-fr","24":"pa_gtin-7439657383373-fr","25":"pa_size-100-ml-fr","26":"pa_size-30-ml-fr","27":"pa_size-50-ml-fr","29":"first","30":"instock","31":"taxable","32":"shipping-taxable","33":"purchasable","34":"product-type-variable"},"bundled_by":[],"bundle_stock_status":"instock","bundle_stock_quantity":null,"bundle_virtual":false,"bundle_layout":"","bundle_add_to_cart_form_location":"","bundle_editable_in_cart":false,"bundle_sold_individually_context":"","bundle_item_grouping":"","bundle_min_size":"","bundle_max_size":"","bundle_price":[],"bundled_items":[],"bundle_sell_ids":[247690],"atum_controlled":true,"out_stock_date":null,"out_stock_threshold":null,"inheritable":true,"stock_on_hold":3,"sold_today":0,"sales_last_days":2,"out_stock_days":0,"lost_sales":0,"update_date":"2026-04-30T12:11:04","atum_locations":[],"atum_stock_status":"instock","restock_status":false,"low_stock_amount":"","sales_update_date":"2026-04-30T12:11:04","calc_backorders":null,"group_of_quantity":0,"min_quantity":0,"max_quantity":"","exclude_order_quantity_value_rules":"no","exclude_category_quantity_rules":"no","combine_variations":"no","yoast_head":"<!-- This site is optimized with the Yoast SEO Premium plugin v26.5 (Yoast SEO v26.5) - https:\/\/yoast.com\/wordpress\/plugins\/seo\/ -->\n<title>Jai Baby Joy | Living Libations<\/title>\n<meta name=\"description\" content=\"Living Libations Jai Baby Joy Moisturizing Massage Oil glisse doucement sur la peau jubilatoire de b\u00e9b\u00e9, l&#039;infusant de gousses de vanille fra\u00eeches.\" \/>\n<meta name=\"robots\" content=\"index, follow, max-snippet:-1, max-image-preview:large, max-video-preview:-1\" \/>\n<link rel=\"canonical\" href=\"https:\/\/dutchhealthstore.com\/fr\/product\/jai-baby-joy-2\/\" \/>\n<meta property=\"og:locale\" content=\"fr_FR\" \/>\n<meta property=\"og:type\" content=\"article\" \/>\n<meta property=\"og:title\" content=\"Jai Baby Joy - Dutch Health Store\" \/>\n<meta property=\"og:description\" content=\"Living Libations Jai Baby Joy Moisturizing Massage Oil glisse doucement sur la peau jubilatoire de b\u00e9b\u00e9, l&#039;infusant de gousses de vanille fra\u00eeches.\" \/>\n<meta property=\"og:url\" content=\"https:\/\/dutchhealthstore.com\/fr\/product\/jai-baby-joy-2\/\" \/>\n<meta property=\"og:site_name\" content=\"Dutch Health Store\" \/>\n<meta property=\"article:publisher\" content=\"https:\/\/www.instagram.com\/dutchhealthstore\/\" \/>\n<meta property=\"article:modified_time\" content=\"2026-03-24T13:38:38+00:00\" \/>\n<meta property=\"og:image\" content=\"https:\/\/dutchhealthstore.com\/wp-content\/uploads\/2018\/02\/Living-Libations-Jai-Baby-Joy-e1593758447903.jpg\" \/>\n\t<meta property=\"og:image:width\" content=\"500\" \/>\n\t<meta property=\"og:image:height\" content=\"500\" \/>\n\t<meta property=\"og:image:type\" content=\"image\/jpeg\" \/>\n<meta name=\"twitter:card\" content=\"summary_large_image\" \/>\n<meta name=\"twitter:label1\" content=\"Disponibilit\u00e9\" \/>\n\t<meta name=\"twitter:data1\" content=\"En stock\" \/>\n<script type=\"application\/ld+json\" class=\"yoast-schema-graph\">{\"@context\":\"https:\/\/schema.org\",\"@graph\":[{\"@type\":\"WebPage\",\"@id\":\"https:\/\/dutchhealthstore.com\/fr\/product\/jai-baby-joy-2\/\",\"url\":\"https:\/\/dutchhealthstore.com\/fr\/product\/jai-baby-joy-2\/\",\"name\":\"Jai Baby Joy | Living Libations\",\"isPartOf\":{\"@id\":\"https:\/\/dutchhealthstore.com\/fr\/#website\"},\"primaryImageOfPage\":{\"@id\":\"https:\/\/dutchhealthstore.com\/fr\/product\/jai-baby-joy-2\/#primaryimage\"},\"image\":{\"@id\":\"https:\/\/dutchhealthstore.com\/fr\/product\/jai-baby-joy-2\/#primaryimage\"},\"thumbnailUrl\":\"https:\/\/dutchhealthstore.com\/wp-content\/uploads\/2020\/07\/Jai-Baby-oil-3.png\",\"datePublished\":\"2020-07-03T06:45:04+00:00\",\"dateModified\":\"2026-03-24T13:38:38+00:00\",\"description\":\"Living Libations Jai Baby Joy Moisturizing Massage Oil glisse doucement sur la peau jubilatoire de b\u00e9b\u00e9, l'infusant de gousses de vanille fra\u00eeches.\",\"breadcrumb\":{\"@id\":\"https:\/\/dutchhealthstore.com\/fr\/product\/jai-baby-joy-2\/#breadcrumb\"},\"inLanguage\":\"fr-FR\",\"potentialAction\":[{\"@type\":\"ReadAction\",\"target\":[\"https:\/\/dutchhealthstore.com\/fr\/product\/jai-baby-joy-2\/\"]}]},{\"@type\":\"ImageObject\",\"inLanguage\":\"fr-FR\",\"@id\":\"https:\/\/dutchhealthstore.com\/fr\/product\/jai-baby-joy-2\/#primaryimage\",\"url\":\"https:\/\/dutchhealthstore.com\/wp-content\/uploads\/2020\/07\/Jai-Baby-oil-3.png\",\"contentUrl\":\"https:\/\/dutchhealthstore.com\/wp-content\/uploads\/2020\/07\/Jai-Baby-oil-3.png\",\"width\":530,\"height\":530},{\"@type\":\"BreadcrumbList\",\"@id\":\"https:\/\/dutchhealthstore.com\/fr\/product\/jai-baby-joy-2\/#breadcrumb\",\"itemListElement\":[{\"@type\":\"ListItem\",\"position\":1,\"name\":\"Home\",\"item\":\"https:\/\/dutchhealthstore.com\/fr\/\"},{\"@type\":\"ListItem\",\"position\":2,\"name\":\"Shop\",\"item\":\"https:\/\/dutchhealthstore.com\/fr\/shop\/\"},{\"@type\":\"ListItem\",\"position\":3,\"name\":\"Jai Baby Joy\"}]},{\"@type\":\"WebSite\",\"@id\":\"https:\/\/dutchhealthstore.com\/fr\/#website\",\"url\":\"https:\/\/dutchhealthstore.com\/fr\/\",\"name\":\"Dutch Health Store\",\"description\":\"Enhance Your Beauty with Organic &amp; Natural Skincare\",\"publisher\":{\"@id\":\"https:\/\/dutchhealthstore.com\/fr\/#organization\"},\"potentialAction\":[{\"@type\":\"SearchAction\",\"target\":{\"@type\":\"EntryPoint\",\"urlTemplate\":\"https:\/\/dutchhealthstore.com\/fr\/?s={search_term_string}\"},\"query-input\":{\"@type\":\"PropertyValueSpecification\",\"valueRequired\":true,\"valueName\":\"search_term_string\"}}],\"inLanguage\":\"fr-FR\"},{\"@type\":\"Organization\",\"@id\":\"https:\/\/dutchhealthstore.com\/fr\/#organization\",\"name\":\"Dutch Health Store\",\"url\":\"https:\/\/dutchhealthstore.com\/fr\/\",\"logo\":{\"@type\":\"ImageObject\",\"inLanguage\":\"fr-FR\",\"@id\":\"https:\/\/dutchhealthstore.com\/fr\/#\/schema\/logo\/image\/\",\"url\":\"https:\/\/dutchhealthstore.com\/wp-content\/uploads\/2020\/08\/logo-dutchhealthstore-jpg-e1599484957574.jpg\",\"contentUrl\":\"https:\/\/dutchhealthstore.com\/wp-content\/uploads\/2020\/08\/logo-dutchhealthstore-jpg-e1599484957574.jpg\",\"width\":400,\"height\":62,\"caption\":\"Dutch Health Store\"},\"image\":{\"@id\":\"https:\/\/dutchhealthstore.com\/fr\/#\/schema\/logo\/image\/\"},\"sameAs\":[\"https:\/\/www.instagram.com\/dutchhealthstore\/\",\"https:\/\/www.facebook.com\/dutchhealthstore\"]}]}<\/script>\n<meta property=\"product:brand\" content=\"Living Libations\" \/>\n<meta property=\"og:availability\" content=\"instock\" \/>\n<meta property=\"product:availability\" content=\"instock\" \/>\n<meta property=\"product:condition\" content=\"new\" \/>\n<!-- \/ Yoast SEO Premium plugin. -->","yoast_head_json":{"title":"Jai Baby Joy | Living Libations","description":"Living Libations Jai Baby Joy Moisturizing Massage Oil glisse doucement sur la peau jubilatoire de b\u00e9b\u00e9, l'infusant de gousses de vanille fra\u00eeches.","robots":{"index":"index","follow":"follow","max-snippet":"max-snippet:-1","max-image-preview":"max-image-preview:large","max-video-preview":"max-video-preview:-1"},"canonical":"https:\/\/dutchhealthstore.com\/fr\/product\/jai-baby-joy-2\/","og_locale":"fr_FR","og_type":"article","og_title":"Jai Baby Joy - Dutch Health Store","og_description":"Living Libations Jai Baby Joy Moisturizing Massage Oil glisse doucement sur la peau jubilatoire de b\u00e9b\u00e9, l'infusant de gousses de vanille fra\u00eeches.","og_url":"https:\/\/dutchhealthstore.com\/fr\/product\/jai-baby-joy-2\/","og_site_name":"Dutch Health Store","article_publisher":"https:\/\/www.instagram.com\/dutchhealthstore\/","article_modified_time":"2026-03-24T13:38:38+00:00","og_image":[{"width":500,"height":500,"url":"https:\/\/dutchhealthstore.com\/wp-content\/uploads\/2018\/02\/Living-Libations-Jai-Baby-Joy-e1593758447903.jpg","type":"image\/jpeg"}],"twitter_card":"summary_large_image","twitter_misc":{"Disponibilit\u00e9":"En stock"},"schema":{"@context":"https:\/\/schema.org","@graph":[{"@type":"WebPage","@id":"https:\/\/dutchhealthstore.com\/fr\/product\/jai-baby-joy-2\/","url":"https:\/\/dutchhealthstore.com\/fr\/product\/jai-baby-joy-2\/","name":"Jai Baby Joy | Living Libations","isPartOf":{"@id":"https:\/\/dutchhealthstore.com\/fr\/#website"},"primaryImageOfPage":{"@id":"https:\/\/dutchhealthstore.com\/fr\/product\/jai-baby-joy-2\/#primaryimage"},"image":{"@id":"https:\/\/dutchhealthstore.com\/fr\/product\/jai-baby-joy-2\/#primaryimage"},"thumbnailUrl":"https:\/\/dutchhealthstore.com\/wp-content\/uploads\/2020\/07\/Jai-Baby-oil-3.png","datePublished":"2020-07-03T06:45:04+00:00","dateModified":"2026-03-24T13:38:38+00:00","description":"Living Libations Jai Baby Joy Moisturizing Massage Oil glisse doucement sur la peau jubilatoire de b\u00e9b\u00e9, l'infusant de gousses de vanille fra\u00eeches.","breadcrumb":{"@id":"https:\/\/dutchhealthstore.com\/fr\/product\/jai-baby-joy-2\/#breadcrumb"},"inLanguage":"fr-FR","potentialAction":[{"@type":"ReadAction","target":["https:\/\/dutchhealthstore.com\/fr\/product\/jai-baby-joy-2\/"]}]},{"@type":"ImageObject","inLanguage":"fr-FR","@id":"https:\/\/dutchhealthstore.com\/fr\/product\/jai-baby-joy-2\/#primaryimage","url":"https:\/\/dutchhealthstore.com\/wp-content\/uploads\/2020\/07\/Jai-Baby-oil-3.png","contentUrl":"https:\/\/dutchhealthstore.com\/wp-content\/uploads\/2020\/07\/Jai-Baby-oil-3.png","width":530,"height":530},{"@type":"BreadcrumbList","@id":"https:\/\/dutchhealthstore.com\/fr\/product\/jai-baby-joy-2\/#breadcrumb","itemListElement":[{"@type":"ListItem","position":1,"name":"Home","item":"https:\/\/dutchhealthstore.com\/fr\/"},{"@type":"ListItem","position":2,"name":"Shop","item":"https:\/\/dutchhealthstore.com\/fr\/shop\/"},{"@type":"ListItem","position":3,"name":"Jai Baby Joy"}]},{"@type":"WebSite","@id":"https:\/\/dutchhealthstore.com\/fr\/#website","url":"https:\/\/dutchhealthstore.com\/fr\/","name":"Dutch Health Store","description":"Enhance Your Beauty with Organic &amp; Natural Skincare","publisher":{"@id":"https:\/\/dutchhealthstore.com\/fr\/#organization"},"potentialAction":[{"@type":"SearchAction","target":{"@type":"EntryPoint","urlTemplate":"https:\/\/dutchhealthstore.com\/fr\/?s={search_term_string}"},"query-input":{"@type":"PropertyValueSpecification","valueRequired":true,"valueName":"search_term_string"}}],"inLanguage":"fr-FR"},{"@type":"Organization","@id":"https:\/\/dutchhealthstore.com\/fr\/#organization","name":"Dutch Health Store","url":"https:\/\/dutchhealthstore.com\/fr\/","logo":{"@type":"ImageObject","inLanguage":"fr-FR","@id":"https:\/\/dutchhealthstore.com\/fr\/#\/schema\/logo\/image\/","url":"https:\/\/dutchhealthstore.com\/wp-content\/uploads\/2020\/08\/logo-dutchhealthstore-jpg-e1599484957574.jpg","contentUrl":"https:\/\/dutchhealthstore.com\/wp-content\/uploads\/2020\/08\/logo-dutchhealthstore-jpg-e1599484957574.jpg","width":400,"height":62,"caption":"Dutch Health Store"},"image":{"@id":"https:\/\/dutchhealthstore.com\/fr\/#\/schema\/logo\/image\/"},"sameAs":["https:\/\/www.instagram.com\/dutchhealthstore\/","https:\/\/www.facebook.com\/dutchhealthstore"]}]},"product_brand":"Living Libations","og_availability":"instock","product_availability":"instock","product_condition":"new"},"_links":{"self":[{"href":"https:\/\/dutchhealthstore.com\/fr\/wp-json\/wp\/v2\/product\/110499","targetHints":{"allow":["GET"]}}],"collection":[{"href":"https:\/\/dutchhealthstore.com\/fr\/wp-json\/wp\/v2\/product"}],"about":[{"href":"https:\/\/dutchhealthstore.com\/fr\/wp-json\/wp\/v2\/types\/product"}],"replies":[{"embeddable":true,"href":"https:\/\/dutchhealthstore.com\/fr\/wp-json\/wp\/v2\/comments?post=110499"}],"wp:featuredmedia":[{"embeddable":true,"href":"https:\/\/dutchhealthstore.com\/fr\/wp-json\/wp\/v2\/media\/359702"}],"wp:attachment":[{"href":"https:\/\/dutchhealthstore.com\/fr\/wp-json\/wp\/v2\/media?parent=110499"}],"wp:term":[{"taxonomy":"product_brand","embeddable":true,"href":"https:\/\/dutchhealthstore.com\/fr\/wp-json\/wp\/v2\/product_brand?post=110499"},{"taxonomy":"product_cat","embeddable":true,"href":"https:\/\/dutchhealthstore.com\/fr\/wp-json\/wp\/v2\/product_cat?post=110499"},{"taxonomy":"product_tag","embeddable":true,"href":"https:\/\/dutchhealthstore.com\/fr\/wp-json\/wp\/v2\/product_tag?post=110499"}],"curies":[{"name":"wp","href":"https:\/\/api.w.org\/{rel}","templated":true}]}}