{"id":110473,"date":"2020-07-03T07:32:48","date_gmt":"2020-07-03T05:32:48","guid":{"rendered":"https:\/\/dutchhealthstore.com\/product\/calendula-essential-oil\/"},"modified":"2025-05-13T13:33:56","modified_gmt":"2025-05-13T11:33:56","slug":"calendula-essential-oil","status":"publish","type":"product","link":"https:\/\/dutchhealthstore.com\/fr\/product\/calendula-essential-oil\/","title":{"rendered":"Calendula Essential Oil"},"content":{"rendered":"<p><strong><img decoding=\"async\" class=\"size-full wp-image-69549 alignright\" src=\"https:\/\/dutchhealthstore.com\/wp-content\/uploads\/2019\/08\/NEW-Living-Libations-Logo.jpg\" alt=\"NEW - Living Libations - Logo\" width=\"175\" height=\"82\">Nom botanique :<\/strong> Calendula officinalis<br \/>\n<strong>Famille botanique :<\/strong> Asteraceae<br \/>\n<strong>M\u00e9thode d&rsquo;extraction :<\/strong> Extrait supercritique<br \/>\n<strong>Partie de la plante distill\u00e9e:<\/strong> Fleur<br \/>\n<strong>Pays d&rsquo;origine :<\/strong> Hongrie<br \/>\n<strong>M\u00e9thode de culture :<\/strong> Organique<br \/>\n<strong>Composition :<\/strong> 50% Calendula officinalis + 50% Lavandula angustifolia<br \/>\n<strong>Consistance :<\/strong> Viscosit\u00e9 \u00e9paisse, comme de la m\u00e9lasse. L&rsquo;ajout de lavande rend cet extrait riche en mouvement.<\/p>\n<h3>Description de l&rsquo;odeur<\/h3>\n<p>Piquant, semblable au foin, floral et terreux.<\/p>\n<h3>Se marie bien avec<\/h3>\n<p>Encens, Rose Otto, Cypr\u00e8s, Argousier, Palmier nain, Lavande et Citron.<\/p>\n<a href=\"https:\/\/dutchhealthstore.com\/wp-content\/uploads\/2020\/07\/ANALYSIS-Calendula-Essential-Oil-Living-Libations.pdf\" class=\"button primary is-primary is-small\"  >\n\t\t<span>ANALYSE DES HUILES ESSENTIELLES &gt;<\/span>\n\t<\/a>\n\n<h3>Utilisations<\/h3>\n<p>Soin supr\u00eame de la peau. Incorporez-la aux s\u00e9rums, aux huiles de massage, aux m\u00e9langes contre les vergetures et aux baumes pour b\u00e9b\u00e9s.<\/p>\n<p>Notre extrait super puissant de Calendula officinalis a une consistance cireuse tr\u00e8s \u00e9paisse qui est solide \u00e0 temp\u00e9rature ambiante ; nous avons ajout\u00e9 de la lavande biologique pour que cet extrait botanique bioactif soit sous une forme pr\u00eate \u00e0 l&#8217;emploi, utilisable. Il suffit d&rsquo;ajouter quelques gouttes \u00e0 n&rsquo;importe quelle concoction de soins de la peau, huile de support, baume de beaut\u00e9 ou pommade lissante pour la peau.<\/p>\n<p>Des soucis magiques, des soucis magnifiques ! Les p\u00e9tales de la fleur de souci peuvent \u00eatre saupoudr\u00e9s ou tremp\u00e9s dans du th\u00e9 \u00e0 boire ou \u00e0 comprimer, ou extraits en une huile pour optimiser ses pouvoirs v\u00e9g\u00e9taux purs. Le nom \u00ab\u00a0marigold\u00a0\u00bb vient de l&rsquo;expression \u00ab\u00a0Mary&rsquo;s Gold\u00a0\u00bb, car on pensait que ces fleurs \u00e9taient suffisamment belles pour appartenir \u00e0 la Vierge Marie. L&rsquo;huile de souci est utilis\u00e9e dans le monde entier depuis des si\u00e8cles par les rois Tudor, les soldats de la guerre civile et les herboristes du XIVe si\u00e8cle pour les soins du corps et de la peau. Les dieux et les d\u00e9esses de l&rsquo;Inde antique portaient des couronnes de soucis. Dans l&rsquo;Europe m\u00e9di\u00e9vale, les femmes r\u00eavaient de leur futur \u00e9poux en m\u00e9langeant des potions impr\u00e9gn\u00e9es des p\u00e9tales dor\u00e9s de cette fleur.<\/p>\n<p>Le parfum d\u00e9licieusement piquant de Calendula Essential Oil ne fait que sugg\u00e9rer les nombreuses propri\u00e9t\u00e9s naturel contenues dans un seul flacon.<\/p>\n<p><strong>Taille : 5 ml, 15 ml et 30 ml<\/strong><\/p>\n<h3>Ingr\u00e9dients biologiques<\/h3>\n<p>100% d&rsquo;huile essentielle de calendula (Calendula officinalis).<\/p>\n<p style=\"text-align: center;\"><em>\u00ab\u00a0Voici des fleurs pour vous : lavande chaude, menthe, sarriette, marjolaine, souci, qui se couche avec le soleil et se l\u00e8ve avec lui en pleurant.\u00a0\u00bb<\/em><br \/>\n~ William Shakespeare<\/p>\n<p><img fetchpriority=\"high\" decoding=\"async\" class=\"size-medium wp-image-68103 aligncenter\" src=\"https:\/\/dutchhealthstore.com\/wp-content\/uploads\/2018\/02\/Living-Libations-Organic-Logo-800x89.png\" alt=\"Living Libations - Organic Logo\" width=\"800\" height=\"89\" srcset=\"https:\/\/dutchhealthstore.com\/wp-content\/uploads\/2018\/02\/Living-Libations-Organic-Logo-800x89.png 800w, https:\/\/dutchhealthstore.com\/wp-content\/uploads\/2018\/02\/Living-Libations-Organic-Logo-510x57.png 510w, https:\/\/dutchhealthstore.com\/wp-content\/uploads\/2018\/02\/Living-Libations-Organic-Logo-768x85.png 768w, https:\/\/dutchhealthstore.com\/wp-content\/uploads\/2018\/02\/Living-Libations-Organic-Logo.png 1400w\" sizes=\"(max-width: 800px) 100vw, 800px\" \/><\/p>\n<p>&nbsp;<\/p>\n","protected":false},"excerpt":{"rendered":"<p>D\u00e9couvrez la gaiet\u00e9 des soucis avec l&rsquo;extrait concentr\u00e9 de <strong>Calendula<\/strong> Super-Critical de Living Libations!<br \/>\nElle contient toutes les huiles essentielles, les cires v\u00e9g\u00e9tales b\u00e9n\u00e9fiques, les carot\u00e9no\u00efdes color\u00e9s et les phytost\u00e9rols \u00e9pais, ce qui la rend beaucoup plus juteuse que l&rsquo;infusion de calendula ordinaire et presque identique \u00e0 la fleur elle-m\u00eame.<br \/>\nC&rsquo;est un super h\u00e9ros pour la peau. Cet extrait total et audacieux associe l&rsquo;essence lumineuse des p\u00e9tales de souci \u00e0 d&rsquo;opulentes propri\u00e9t\u00e9s de soin de la peau.<\/p>\n","protected":false},"featured_media":49216,"comment_status":"open","ping_status":"closed","template":"","meta":[],"product_brand":[],"product_cat":[6734,1507,1211,1209,3757,6733],"product_tag":[4495],"class_list":{"0":"post-110473","1":"product","2":"type-product","3":"status-publish","4":"has-post-thumbnail","6":"product_cat-essential-oils","7":"product_cat-plantes-huiles-essentielles-living-libations","8":"product_cat-living-libations-france","9":"product_cat-par-marques","10":"product_cat-plantes-huiles-essentielles","11":"product_cat-wellness-fr-2","12":"product_tag-essential-oil-fr","13":"pa_brand-livinglibations-fr","14":"pa_essential-oils-product-type-essential-oils-fr","15":"pa_size-15-ml-fr","16":"pa_size-30-ml-fr","17":"pa_size-5-ml-fr","19":"first","20":"instock","21":"taxable","22":"shipping-taxable","23":"purchasable","24":"product-type-variable"},"bundled_by":[],"bundle_stock_status":"instock","bundle_stock_quantity":null,"bundle_virtual":false,"bundle_layout":"","bundle_add_to_cart_form_location":"","bundle_editable_in_cart":false,"bundle_sold_individually_context":"","bundle_item_grouping":"","bundle_min_size":"","bundle_max_size":"","bundle_price":[],"bundled_items":[],"bundle_sell_ids":[],"atum_controlled":true,"out_stock_date":null,"out_stock_threshold":null,"inheritable":true,"stock_on_hold":0,"sold_today":0,"sales_last_days":0,"out_stock_days":0,"lost_sales":0,"update_date":"2026-04-14T00:03:56","atum_locations":[],"atum_stock_status":"instock","restock_status":false,"low_stock_amount":"","sales_update_date":"2026-04-14T00:03:56","calc_backorders":null,"group_of_quantity":0,"min_quantity":0,"max_quantity":"","exclude_order_quantity_value_rules":"no","exclude_category_quantity_rules":"no","combine_variations":"no","yoast_head":"<!-- This site is optimized with the Yoast SEO Premium plugin v26.5 (Yoast SEO v26.5) - https:\/\/yoast.com\/wordpress\/plugins\/seo\/ -->\n<title>Calendula Essential Oil | Living Libations<\/title>\n<meta name=\"description\" content=\"C&#039;est un super h\u00e9ros pour la peau. Cet extrait total et audacieux associe l&#039;essence lumineuse des p\u00e9tales de souci \u00e0 d&#039;opulentes propri\u00e9t\u00e9s de soin de la peau.\" \/>\n<meta name=\"robots\" content=\"index, follow, max-snippet:-1, max-image-preview:large, max-video-preview:-1\" \/>\n<link rel=\"canonical\" href=\"https:\/\/dutchhealthstore.com\/fr\/product\/calendula-essential-oil\/\" \/>\n<meta property=\"og:locale\" content=\"fr_FR\" \/>\n<meta property=\"og:type\" content=\"article\" \/>\n<meta property=\"og:title\" content=\"Calendula Essential Oil - Dutch Health Store\" \/>\n<meta property=\"og:description\" content=\"C&#039;est un super h\u00e9ros pour la peau. Cet extrait total et audacieux associe l&#039;essence lumineuse des p\u00e9tales de souci \u00e0 d&#039;opulentes propri\u00e9t\u00e9s de soin de la peau.\" \/>\n<meta property=\"og:url\" content=\"https:\/\/dutchhealthstore.com\/fr\/product\/calendula-essential-oil\/\" \/>\n<meta property=\"og:site_name\" content=\"Dutch Health Store\" \/>\n<meta property=\"article:publisher\" content=\"https:\/\/www.instagram.com\/dutchhealthstore\/\" \/>\n<meta property=\"article:modified_time\" content=\"2025-05-13T11:33:56+00:00\" \/>\n<meta property=\"og:image\" content=\"https:\/\/dutchhealthstore.com\/wp-content\/uploads\/2018\/02\/Living-Libations-Calendula-Essential-Oil-e1593761325525.jpg\" \/>\n\t<meta property=\"og:image:width\" content=\"500\" \/>\n\t<meta property=\"og:image:height\" content=\"500\" \/>\n\t<meta property=\"og:image:type\" content=\"image\/jpeg\" \/>\n<meta name=\"twitter:card\" content=\"summary_large_image\" \/>\n<meta name=\"twitter:label1\" content=\"Disponibilit\u00e9\" \/>\n\t<meta name=\"twitter:data1\" content=\"En stock\" \/>\n<script type=\"application\/ld+json\" class=\"yoast-schema-graph\">{\"@context\":\"https:\/\/schema.org\",\"@graph\":[{\"@type\":\"WebPage\",\"@id\":\"https:\/\/dutchhealthstore.com\/fr\/product\/calendula-essential-oil\/\",\"url\":\"https:\/\/dutchhealthstore.com\/fr\/product\/calendula-essential-oil\/\",\"name\":\"Calendula Essential Oil | Living Libations\",\"isPartOf\":{\"@id\":\"https:\/\/dutchhealthstore.com\/fr\/#website\"},\"primaryImageOfPage\":{\"@id\":\"https:\/\/dutchhealthstore.com\/fr\/product\/calendula-essential-oil\/#primaryimage\"},\"image\":{\"@id\":\"https:\/\/dutchhealthstore.com\/fr\/product\/calendula-essential-oil\/#primaryimage\"},\"thumbnailUrl\":\"https:\/\/dutchhealthstore.com\/wp-content\/uploads\/2018\/02\/Living-Libations-Calendula-Essential-Oil-e1593761325525.jpg\",\"datePublished\":\"2020-07-03T05:32:48+00:00\",\"dateModified\":\"2025-05-13T11:33:56+00:00\",\"description\":\"C'est un super h\u00e9ros pour la peau. Cet extrait total et audacieux associe l'essence lumineuse des p\u00e9tales de souci \u00e0 d'opulentes propri\u00e9t\u00e9s de soin de la peau.\",\"breadcrumb\":{\"@id\":\"https:\/\/dutchhealthstore.com\/fr\/product\/calendula-essential-oil\/#breadcrumb\"},\"inLanguage\":\"fr-FR\",\"potentialAction\":[{\"@type\":\"ReadAction\",\"target\":[\"https:\/\/dutchhealthstore.com\/fr\/product\/calendula-essential-oil\/\"]}]},{\"@type\":\"ImageObject\",\"inLanguage\":\"fr-FR\",\"@id\":\"https:\/\/dutchhealthstore.com\/fr\/product\/calendula-essential-oil\/#primaryimage\",\"url\":\"https:\/\/dutchhealthstore.com\/wp-content\/uploads\/2018\/02\/Living-Libations-Calendula-Essential-Oil-e1593761325525.jpg\",\"contentUrl\":\"https:\/\/dutchhealthstore.com\/wp-content\/uploads\/2018\/02\/Living-Libations-Calendula-Essential-Oil-e1593761325525.jpg\",\"width\":500,\"height\":500,\"caption\":\"Living Libations - Calendula Essential Oil\"},{\"@type\":\"BreadcrumbList\",\"@id\":\"https:\/\/dutchhealthstore.com\/fr\/product\/calendula-essential-oil\/#breadcrumb\",\"itemListElement\":[{\"@type\":\"ListItem\",\"position\":1,\"name\":\"Home\",\"item\":\"https:\/\/dutchhealthstore.com\/fr\/\"},{\"@type\":\"ListItem\",\"position\":2,\"name\":\"Shop\",\"item\":\"https:\/\/dutchhealthstore.com\/fr\/shop\/\"},{\"@type\":\"ListItem\",\"position\":3,\"name\":\"Calendula Essential Oil\"}]},{\"@type\":\"WebSite\",\"@id\":\"https:\/\/dutchhealthstore.com\/fr\/#website\",\"url\":\"https:\/\/dutchhealthstore.com\/fr\/\",\"name\":\"Dutch Health Store\",\"description\":\"Enhance Your Beauty with Organic &amp; Natural Skincare\",\"publisher\":{\"@id\":\"https:\/\/dutchhealthstore.com\/fr\/#organization\"},\"potentialAction\":[{\"@type\":\"SearchAction\",\"target\":{\"@type\":\"EntryPoint\",\"urlTemplate\":\"https:\/\/dutchhealthstore.com\/fr\/?s={search_term_string}\"},\"query-input\":{\"@type\":\"PropertyValueSpecification\",\"valueRequired\":true,\"valueName\":\"search_term_string\"}}],\"inLanguage\":\"fr-FR\"},{\"@type\":\"Organization\",\"@id\":\"https:\/\/dutchhealthstore.com\/fr\/#organization\",\"name\":\"Dutch Health Store\",\"url\":\"https:\/\/dutchhealthstore.com\/fr\/\",\"logo\":{\"@type\":\"ImageObject\",\"inLanguage\":\"fr-FR\",\"@id\":\"https:\/\/dutchhealthstore.com\/fr\/#\/schema\/logo\/image\/\",\"url\":\"https:\/\/dutchhealthstore.com\/wp-content\/uploads\/2020\/08\/logo-dutchhealthstore-jpg-e1599484957574.jpg\",\"contentUrl\":\"https:\/\/dutchhealthstore.com\/wp-content\/uploads\/2020\/08\/logo-dutchhealthstore-jpg-e1599484957574.jpg\",\"width\":400,\"height\":62,\"caption\":\"Dutch Health Store\"},\"image\":{\"@id\":\"https:\/\/dutchhealthstore.com\/fr\/#\/schema\/logo\/image\/\"},\"sameAs\":[\"https:\/\/www.instagram.com\/dutchhealthstore\/\",\"https:\/\/www.facebook.com\/dutchhealthstore\"]}]}<\/script>\n<meta property=\"product:brand\" content=\"Living Libations\" \/>\n<meta property=\"og:availability\" content=\"instock\" \/>\n<meta property=\"product:availability\" content=\"instock\" \/>\n<meta property=\"product:condition\" content=\"new\" \/>\n<!-- \/ Yoast SEO Premium plugin. -->","yoast_head_json":{"title":"Calendula Essential Oil | Living Libations","description":"C'est un super h\u00e9ros pour la peau. Cet extrait total et audacieux associe l'essence lumineuse des p\u00e9tales de souci \u00e0 d'opulentes propri\u00e9t\u00e9s de soin de la peau.","robots":{"index":"index","follow":"follow","max-snippet":"max-snippet:-1","max-image-preview":"max-image-preview:large","max-video-preview":"max-video-preview:-1"},"canonical":"https:\/\/dutchhealthstore.com\/fr\/product\/calendula-essential-oil\/","og_locale":"fr_FR","og_type":"article","og_title":"Calendula Essential Oil - Dutch Health Store","og_description":"C'est un super h\u00e9ros pour la peau. Cet extrait total et audacieux associe l'essence lumineuse des p\u00e9tales de souci \u00e0 d'opulentes propri\u00e9t\u00e9s de soin de la peau.","og_url":"https:\/\/dutchhealthstore.com\/fr\/product\/calendula-essential-oil\/","og_site_name":"Dutch Health Store","article_publisher":"https:\/\/www.instagram.com\/dutchhealthstore\/","article_modified_time":"2025-05-13T11:33:56+00:00","og_image":[{"width":500,"height":500,"url":"https:\/\/dutchhealthstore.com\/wp-content\/uploads\/2018\/02\/Living-Libations-Calendula-Essential-Oil-e1593761325525.jpg","type":"image\/jpeg"}],"twitter_card":"summary_large_image","twitter_misc":{"Disponibilit\u00e9":"En stock"},"schema":{"@context":"https:\/\/schema.org","@graph":[{"@type":"WebPage","@id":"https:\/\/dutchhealthstore.com\/fr\/product\/calendula-essential-oil\/","url":"https:\/\/dutchhealthstore.com\/fr\/product\/calendula-essential-oil\/","name":"Calendula Essential Oil | Living Libations","isPartOf":{"@id":"https:\/\/dutchhealthstore.com\/fr\/#website"},"primaryImageOfPage":{"@id":"https:\/\/dutchhealthstore.com\/fr\/product\/calendula-essential-oil\/#primaryimage"},"image":{"@id":"https:\/\/dutchhealthstore.com\/fr\/product\/calendula-essential-oil\/#primaryimage"},"thumbnailUrl":"https:\/\/dutchhealthstore.com\/wp-content\/uploads\/2018\/02\/Living-Libations-Calendula-Essential-Oil-e1593761325525.jpg","datePublished":"2020-07-03T05:32:48+00:00","dateModified":"2025-05-13T11:33:56+00:00","description":"C'est un super h\u00e9ros pour la peau. Cet extrait total et audacieux associe l'essence lumineuse des p\u00e9tales de souci \u00e0 d'opulentes propri\u00e9t\u00e9s de soin de la peau.","breadcrumb":{"@id":"https:\/\/dutchhealthstore.com\/fr\/product\/calendula-essential-oil\/#breadcrumb"},"inLanguage":"fr-FR","potentialAction":[{"@type":"ReadAction","target":["https:\/\/dutchhealthstore.com\/fr\/product\/calendula-essential-oil\/"]}]},{"@type":"ImageObject","inLanguage":"fr-FR","@id":"https:\/\/dutchhealthstore.com\/fr\/product\/calendula-essential-oil\/#primaryimage","url":"https:\/\/dutchhealthstore.com\/wp-content\/uploads\/2018\/02\/Living-Libations-Calendula-Essential-Oil-e1593761325525.jpg","contentUrl":"https:\/\/dutchhealthstore.com\/wp-content\/uploads\/2018\/02\/Living-Libations-Calendula-Essential-Oil-e1593761325525.jpg","width":500,"height":500,"caption":"Living Libations - Calendula Essential Oil"},{"@type":"BreadcrumbList","@id":"https:\/\/dutchhealthstore.com\/fr\/product\/calendula-essential-oil\/#breadcrumb","itemListElement":[{"@type":"ListItem","position":1,"name":"Home","item":"https:\/\/dutchhealthstore.com\/fr\/"},{"@type":"ListItem","position":2,"name":"Shop","item":"https:\/\/dutchhealthstore.com\/fr\/shop\/"},{"@type":"ListItem","position":3,"name":"Calendula Essential Oil"}]},{"@type":"WebSite","@id":"https:\/\/dutchhealthstore.com\/fr\/#website","url":"https:\/\/dutchhealthstore.com\/fr\/","name":"Dutch Health Store","description":"Enhance Your Beauty with Organic &amp; Natural Skincare","publisher":{"@id":"https:\/\/dutchhealthstore.com\/fr\/#organization"},"potentialAction":[{"@type":"SearchAction","target":{"@type":"EntryPoint","urlTemplate":"https:\/\/dutchhealthstore.com\/fr\/?s={search_term_string}"},"query-input":{"@type":"PropertyValueSpecification","valueRequired":true,"valueName":"search_term_string"}}],"inLanguage":"fr-FR"},{"@type":"Organization","@id":"https:\/\/dutchhealthstore.com\/fr\/#organization","name":"Dutch Health Store","url":"https:\/\/dutchhealthstore.com\/fr\/","logo":{"@type":"ImageObject","inLanguage":"fr-FR","@id":"https:\/\/dutchhealthstore.com\/fr\/#\/schema\/logo\/image\/","url":"https:\/\/dutchhealthstore.com\/wp-content\/uploads\/2020\/08\/logo-dutchhealthstore-jpg-e1599484957574.jpg","contentUrl":"https:\/\/dutchhealthstore.com\/wp-content\/uploads\/2020\/08\/logo-dutchhealthstore-jpg-e1599484957574.jpg","width":400,"height":62,"caption":"Dutch Health Store"},"image":{"@id":"https:\/\/dutchhealthstore.com\/fr\/#\/schema\/logo\/image\/"},"sameAs":["https:\/\/www.instagram.com\/dutchhealthstore\/","https:\/\/www.facebook.com\/dutchhealthstore"]}]},"product_brand":"Living Libations","og_availability":"instock","product_availability":"instock","product_condition":"new"},"_links":{"self":[{"href":"https:\/\/dutchhealthstore.com\/fr\/wp-json\/wp\/v2\/product\/110473","targetHints":{"allow":["GET"]}}],"collection":[{"href":"https:\/\/dutchhealthstore.com\/fr\/wp-json\/wp\/v2\/product"}],"about":[{"href":"https:\/\/dutchhealthstore.com\/fr\/wp-json\/wp\/v2\/types\/product"}],"replies":[{"embeddable":true,"href":"https:\/\/dutchhealthstore.com\/fr\/wp-json\/wp\/v2\/comments?post=110473"}],"wp:featuredmedia":[{"embeddable":true,"href":"https:\/\/dutchhealthstore.com\/fr\/wp-json\/wp\/v2\/media\/49216"}],"wp:attachment":[{"href":"https:\/\/dutchhealthstore.com\/fr\/wp-json\/wp\/v2\/media?parent=110473"}],"wp:term":[{"taxonomy":"product_brand","embeddable":true,"href":"https:\/\/dutchhealthstore.com\/fr\/wp-json\/wp\/v2\/product_brand?post=110473"},{"taxonomy":"product_cat","embeddable":true,"href":"https:\/\/dutchhealthstore.com\/fr\/wp-json\/wp\/v2\/product_cat?post=110473"},{"taxonomy":"product_tag","embeddable":true,"href":"https:\/\/dutchhealthstore.com\/fr\/wp-json\/wp\/v2\/product_tag?post=110473"}],"curies":[{"name":"wp","href":"https:\/\/api.w.org\/{rel}","templated":true}]}}