{"id":110419,"date":"2020-02-06T10:44:42","date_gmt":"2020-02-06T10:44:42","guid":{"rendered":"https:\/\/dutchhealthstore.com\/product\/jai-baby-balm\/"},"modified":"2025-05-17T12:12:53","modified_gmt":"2025-05-17T10:12:53","slug":"jai-baby-balm","status":"publish","type":"product","link":"https:\/\/dutchhealthstore.com\/fr\/product\/jai-baby-balm\/","title":{"rendered":"Jai Baby Balm"},"content":{"rendered":"<p><img decoding=\"async\" class=\"alignright size-full wp-image-37041\" src=\"https:\/\/dutchhealthstore.com\/wp-content\/uploads\/2018\/04\/Living_Libations-1.png\" alt=\"Organic &amp; Natural Beautyproducts - Living Libations\" width=\"175\" height=\"82\">Les fesses tendres des b\u00e9b\u00e9s et la peau squameuse des nouveau-n\u00e9s m\u00e9ritent le plus pur des purs. Sauvez la journ\u00e9e avec Living Libations <strong>Jai Baby Balm<\/strong>, une barri\u00e8re apaisante qui fait dispara\u00eetre les zones s\u00e8ches, rugueuses et rouges. Jai Baby Balm est un tendre m\u00e9lange des ingr\u00e9dients les plus purs et les plus protecteurs. Des huiles essentielles biologiques adapt\u00e9es aux enfants sont envelopp\u00e9es dans l&rsquo;\u00e9treinte fortifiante du calendula r\u00e9confortant et de la cire d&rsquo;abeille bienveillante, laissant la peau de b\u00e9b\u00e9 parfaitement hydrat\u00e9e sous une barri\u00e8re protectrice. Appliquer partout o\u00f9 la peau a besoin d&rsquo;un soin tendre et attentionn\u00e9. Cette combinaison c\u00e2line d&rsquo;huiles botaniques hydratantes et d&rsquo;un bouclier protecteur de cire d&rsquo;abeille soulage les tissus tendres de b\u00e9b\u00e9 en cas de probl\u00e8me, et sert \u00e9galement de baume embellissant pour les l\u00e8vres, le visage et le corps pour maman et papa !  Le <strong>Jai Baby Balm<\/strong> est un baume universel pour toute la famille, qui apaise les zones s\u00e8ches et les l\u00e8vres craquel\u00e9es qui ont d\u00e9sesp\u00e9r\u00e9ment besoin d&rsquo;un peu de soin.  <strong>Taille :<\/strong>  30 ml &#8211; 50 ml  <\/p>\n<h3>Comment utiliser<\/h3>\n<p>  Appliquez g\u00e9n\u00e9reusement sur les fesses de b\u00e9b\u00e9 apr\u00e8s le bain ou le change. Il est id\u00e9al partout o\u00f9 la peau a besoin d&rsquo;\u00eatre soign\u00e9e. Essayez-le comme baume pour les l\u00e8vres, le visage et le corps pour maman et papa.  <\/p>\n<h3 class=\"yikes-custom-woo-tab-title yikes-custom-woo-tab-title-natural-organic-ingredients\">Ingr\u00e9dients Naturels\/Biologiques<\/h3>\n<p><strong> huile jojoba <\/strong><em>(Simmondsia chinensis)<\/em> &#8211; Riche en compos\u00e9s ph\u00e9noliques, en tocoph\u00e9rols et en toute forme soluble de vitamine E, le jojoba est l&rsquo;hydratant le plus efficace de la nature. Comme sa composition est tr\u00e8s proche des huiles naturelles de la peau, elle est facilement absorb\u00e9e et capable de fournir une hydratation infinie aux tissus assoiff\u00e9s. <strong>Huile d&rsquo;argousier <\/strong><em>(Hippophae rhamnoides) &#8211; <\/em>L&rsquo;argousier envoie ses lipides dans la peau, att\u00e9nuant les d\u00e9s\u00e9quilibres de l&rsquo;int\u00e9rieur. Cet extrait supercritique contient des acides gras omega 3, 6, 7, et 9, des antioxydants, des vitamines, des acides palmitol\u00e9iques, des carot\u00e9no\u00efdes, et des phytost\u00e9rols. Une seule goutte d&rsquo;huile d&rsquo;argousier contient 190 compos\u00e9s bioactifs diff\u00e9rents. Cette essence orange vif est incroyablement r\u00e9g\u00e9n\u00e9ratrice et \u00e9claircit le teint &#8211; elle att\u00e9nue les rougeurs et r\u00e9duit les poches. C&rsquo;est un excellent compl\u00e9ment aux nettoyants contre l&rsquo;acn\u00e9. <strong>Calendula<\/strong><em>(Calendula officinalis<\/em>) &#8211; Les infections, les rougeurs, les gonflements et les inflammations n&rsquo;ont rien \u00e0 envier \u00e0 la puissance pure du calendula, un ingr\u00e9dient qui raffermit et tonifie tout en prot\u00e9geant et en hydratant. <strong>Huile de cire d&rsquo;abeille <\/strong><em>(Cera alba) &#8211; <\/em>Les abeilles bourdonnent d&rsquo;une cire protectrice et poreuse qui emprisonne l&rsquo;humidit\u00e9 et emp\u00eache les toxines de p\u00e9n\u00e9trer.<br \/>\nLa cire d&rsquo;abeille forme un rev\u00eatement lisse et invisible sur la peau, constituant une barri\u00e8re nourrissante contre les \u00e9l\u00e9ments agressifs. <strong>Huile de lavande<\/strong><em> (Lavandula angustifolia) &#8211;<\/em> La lavande est un tonique doux et puissant pour la peau, qui est r\u00e9parateur et calmant.  Il d\u00e9tend les rougeurs et refroidit la chaleur. La lavande est comme une berceuse dans un flacon ; elle apaise l&rsquo;esprit et favorise une relaxation profonde. <strong>Huile de camomille <\/strong><em>(Anthemis nobilis) &#8211; <\/em>L&rsquo;huile essentielle de camomille r\u00e9confortante est distill\u00e9e \u00e0 la vapeur d&rsquo;eau \u00e0 partir des d\u00e9licats p\u00e9tales diminu\u00e9s des fleurs de camomille fran\u00e7aise. Cette fleur, r\u00e9put\u00e9e pour sa caresse apaisante, est \u00e9galement connue sous le nom de camomille romaine. Sa douce gr\u00e2ce \u00e9tait v\u00e9n\u00e9r\u00e9e par les anciens \u00c9gyptiens, les Maures et les Saxons comme un \u00e9lixir sacr\u00e9 digne des anges. Cette essence est riche en esters apaisants, ce qui en fait l&rsquo;huile la plus douce pour apaiser les peaux indisciplin\u00e9es. <strong>Huile de citron (<\/strong><em>Citrus limon) &#8211; <\/em>Le luxuriant citron clarifie, \u00e9nergise et purifie la peau de la t\u00eate aux pieds. Il est excellent dans les nettoyants pour l&rsquo;acn\u00e9 et les bosses. Le citron tonifie et donne du ressort \u00e0 la peau. <strong>Huile de thym doux <\/strong><em>(Thyme vulgaris linalool) &#8211; <\/em>Le thym doux est aussi fort que doux ! Elle contient tout le pouvoir fortifiant et tonifiant des autres types d&rsquo;huiles de thym, sans provoquer d&rsquo;irritation, tout en purifiant les pores. Il est connu pour nettoyer le corps et l&rsquo;esprit tout en \u00e9tant suffisamment doux pour \u00eatre utilis\u00e9 sur les jeunes enfants et les personnes \u00e2g\u00e9es. Riche en linalol, le thym doux est un ingr\u00e9dient pr\u00e9cieux de nos s\u00e9rums de soin doux. <strong>Huile de santal <\/strong> (<em> Santalum album) &#8211; <\/em>Le santal serein est l&rsquo;antidote parfait pour les peaux chaudes et d\u00e9shydrat\u00e9es. Il s&rsquo;agit d&rsquo;une huile corporelle ancienne appr\u00e9ci\u00e9e comme un tonique calmant et apaisant. L&rsquo;essence parfum\u00e9e au miel et au sirop rassasie les peaux s\u00e8ches et sensibles.  <img fetchpriority=\"high\" decoding=\"async\" class=\"size-medium wp-image-68103 aligncenter\" src=\"https:\/\/dutchhealthstore.com\/wp-content\/uploads\/2018\/02\/Living-Libations-Organic-Logo-800x89.png\" alt=\"Living Libations - Organic Logo\" width=\"800\" height=\"89\" srcset=\"https:\/\/dutchhealthstore.com\/wp-content\/uploads\/2018\/02\/Living-Libations-Organic-Logo-800x89.png 800w, https:\/\/dutchhealthstore.com\/wp-content\/uploads\/2018\/02\/Living-Libations-Organic-Logo-510x57.png 510w, https:\/\/dutchhealthstore.com\/wp-content\/uploads\/2018\/02\/Living-Libations-Organic-Logo-768x85.png 768w, https:\/\/dutchhealthstore.com\/wp-content\/uploads\/2018\/02\/Living-Libations-Organic-Logo.png 1400w\" sizes=\"(max-width: 800px) 100vw, 800px\" \/><\/p>\n","protected":false},"excerpt":{"rendered":"<p>Les fesses tendres des b\u00e9b\u00e9s et la peau squameuse des nouveau-n\u00e9s m\u00e9ritent le plus pur des purs. Sauvez la journ\u00e9e avec le <strong>baume Jai Baby de<\/strong> Living Libations, une barri\u00e8re apaisante qui fait dispara\u00eetre les zones s\u00e8ches, rugueuses et rouges. Le <strong>baume Jai Baby<\/strong> est un tendre m\u00e9lange des ingr\u00e9dients les plus purs et les plus protecteurs. Des huiles essentielles biologiques adapt\u00e9es aux enfants sont envelopp\u00e9es dans l&rsquo;\u00e9treinte fortifiante du calendula r\u00e9confortant et de la cire d&rsquo;abeille bienveillante, laissant la peau de b\u00e9b\u00e9 parfaitement hydrat\u00e9e sous une barri\u00e8re protectrice. Appliquer partout o\u00f9 la peau a besoin d&rsquo;un soin tendre et attentionn\u00e9.<\/p>\n","protected":false},"featured_media":92622,"comment_status":"open","ping_status":"closed","template":"","meta":[],"product_brand":[],"product_cat":[6752,6642,1211,1047,1209,1010,1499],"product_tag":[6235,21938,21392,21811,9716],"class_list":{"0":"post-110419","1":"product","2":"type-product","3":"status-publish","4":"has-post-thumbnail","6":"product_cat-babies-pregnancy-fr-2","7":"product_cat-family-fr","8":"product_cat-living-libations-france","9":"product_cat-nos-collections","10":"product_cat-par-marques","11":"product_cat-notre-boutique","12":"product_cat-soins-pour-bebe-living-libations","13":"product_tag-balm-fr","14":"product_tag-bebe","15":"product_tag-corps","16":"product_tag-natural-fr","17":"product_tag-soothing-fr","18":"pa_brand-livinglibations-fr","19":"pa_gtin-7439657275227-fr-2","20":"pa_size-30-ml-fr","21":"pa_size-50-ml-fr","23":"first","24":"instock","25":"taxable","26":"shipping-taxable","27":"purchasable","28":"product-type-variable"},"bundled_by":[],"bundle_stock_status":"instock","bundle_stock_quantity":null,"bundle_virtual":false,"bundle_layout":"","bundle_add_to_cart_form_location":"","bundle_editable_in_cart":false,"bundle_sold_individually_context":"","bundle_item_grouping":"","bundle_min_size":"","bundle_max_size":"","bundle_price":[],"bundled_items":[],"bundle_sell_ids":[107695],"atum_controlled":true,"out_stock_date":null,"out_stock_threshold":null,"inheritable":true,"stock_on_hold":2,"sold_today":0,"sales_last_days":2,"out_stock_days":0,"lost_sales":0,"update_date":"2026-04-07T13:45:17","atum_locations":[],"atum_stock_status":"instock","restock_status":false,"low_stock_amount":"","sales_update_date":"2026-04-07T13:45:17","calc_backorders":null,"group_of_quantity":0,"min_quantity":0,"max_quantity":"","exclude_order_quantity_value_rules":"no","exclude_category_quantity_rules":"no","combine_variations":"no","yoast_head":"<!-- This site is optimized with the Yoast SEO Premium plugin v26.5 (Yoast SEO v26.5) - https:\/\/yoast.com\/wordpress\/plugins\/seo\/ -->\n<title>Jai Baby Balm | Living Libations<\/title>\n<meta name=\"description\" content=\"Les fesses tendres des b\u00e9b\u00e9s et la peau squameuse des nouveau-n\u00e9s m\u00e9ritent le plus pur des purs. Sauvez la journ\u00e9e avec Living Libations Jai Baby Balm, une barri\u00e8re apaisante qui fait dispara\u00eetre les zones s\u00e8ches, rugueuses et rouges.\" \/>\n<meta name=\"robots\" content=\"index, follow, max-snippet:-1, max-image-preview:large, max-video-preview:-1\" \/>\n<link rel=\"canonical\" href=\"https:\/\/dutchhealthstore.com\/fr\/product\/jai-baby-balm\/\" \/>\n<meta property=\"og:locale\" content=\"fr_FR\" \/>\n<meta property=\"og:type\" content=\"article\" \/>\n<meta property=\"og:title\" content=\"Jai Baby Balm - Dutch Health Store\" \/>\n<meta property=\"og:description\" content=\"Les fesses tendres des b\u00e9b\u00e9s et la peau squameuse des nouveau-n\u00e9s m\u00e9ritent le plus pur des purs. Sauvez la journ\u00e9e avec Living Libations Jai Baby Balm, une barri\u00e8re apaisante qui fait dispara\u00eetre les zones s\u00e8ches, rugueuses et rouges.\" \/>\n<meta property=\"og:url\" content=\"https:\/\/dutchhealthstore.com\/fr\/product\/jai-baby-balm\/\" \/>\n<meta property=\"og:site_name\" content=\"Dutch Health Store\" \/>\n<meta property=\"article:publisher\" content=\"https:\/\/www.instagram.com\/dutchhealthstore\/\" \/>\n<meta property=\"article:modified_time\" content=\"2025-05-17T10:12:53+00:00\" \/>\n<meta property=\"og:image\" content=\"https:\/\/dutchhealthstore.com\/wp-content\/uploads\/2020\/02\/Living-Libations-Jai-Baby-Balm-1.jpg\" \/>\n\t<meta property=\"og:image:width\" content=\"1200\" \/>\n\t<meta property=\"og:image:height\" content=\"1200\" \/>\n\t<meta property=\"og:image:type\" content=\"image\/jpeg\" \/>\n<meta name=\"twitter:card\" content=\"summary_large_image\" \/>\n<meta name=\"twitter:label1\" content=\"Disponibilit\u00e9\" \/>\n\t<meta name=\"twitter:data1\" content=\"En stock\" \/>\n<script type=\"application\/ld+json\" class=\"yoast-schema-graph\">{\"@context\":\"https:\/\/schema.org\",\"@graph\":[{\"@type\":\"WebPage\",\"@id\":\"https:\/\/dutchhealthstore.com\/fr\/product\/jai-baby-balm\/\",\"url\":\"https:\/\/dutchhealthstore.com\/fr\/product\/jai-baby-balm\/\",\"name\":\"Jai Baby Balm | Living Libations\",\"isPartOf\":{\"@id\":\"https:\/\/dutchhealthstore.com\/fr\/#website\"},\"primaryImageOfPage\":{\"@id\":\"https:\/\/dutchhealthstore.com\/fr\/product\/jai-baby-balm\/#primaryimage\"},\"image\":{\"@id\":\"https:\/\/dutchhealthstore.com\/fr\/product\/jai-baby-balm\/#primaryimage\"},\"thumbnailUrl\":\"https:\/\/dutchhealthstore.com\/wp-content\/uploads\/2020\/02\/Living-Libations-Jai-Baby-Balm-1.jpg\",\"datePublished\":\"2020-02-06T10:44:42+00:00\",\"dateModified\":\"2025-05-17T10:12:53+00:00\",\"description\":\"Les fesses tendres des b\u00e9b\u00e9s et la peau squameuse des nouveau-n\u00e9s m\u00e9ritent le plus pur des purs. Sauvez la journ\u00e9e avec Living Libations Jai Baby Balm, une barri\u00e8re apaisante qui fait dispara\u00eetre les zones s\u00e8ches, rugueuses et rouges.\",\"breadcrumb\":{\"@id\":\"https:\/\/dutchhealthstore.com\/fr\/product\/jai-baby-balm\/#breadcrumb\"},\"inLanguage\":\"fr-FR\",\"potentialAction\":[{\"@type\":\"ReadAction\",\"target\":[\"https:\/\/dutchhealthstore.com\/fr\/product\/jai-baby-balm\/\"]}]},{\"@type\":\"ImageObject\",\"inLanguage\":\"fr-FR\",\"@id\":\"https:\/\/dutchhealthstore.com\/fr\/product\/jai-baby-balm\/#primaryimage\",\"url\":\"https:\/\/dutchhealthstore.com\/wp-content\/uploads\/2020\/02\/Living-Libations-Jai-Baby-Balm-1.jpg\",\"contentUrl\":\"https:\/\/dutchhealthstore.com\/wp-content\/uploads\/2020\/02\/Living-Libations-Jai-Baby-Balm-1.jpg\",\"width\":1200,\"height\":1200,\"caption\":\"Living Libations - Jai Baby Balm 1\"},{\"@type\":\"BreadcrumbList\",\"@id\":\"https:\/\/dutchhealthstore.com\/fr\/product\/jai-baby-balm\/#breadcrumb\",\"itemListElement\":[{\"@type\":\"ListItem\",\"position\":1,\"name\":\"Home\",\"item\":\"https:\/\/dutchhealthstore.com\/fr\/\"},{\"@type\":\"ListItem\",\"position\":2,\"name\":\"Shop\",\"item\":\"https:\/\/dutchhealthstore.com\/fr\/shop\/\"},{\"@type\":\"ListItem\",\"position\":3,\"name\":\"Jai Baby Balm\"}]},{\"@type\":\"WebSite\",\"@id\":\"https:\/\/dutchhealthstore.com\/fr\/#website\",\"url\":\"https:\/\/dutchhealthstore.com\/fr\/\",\"name\":\"Dutch Health Store\",\"description\":\"Enhance Your Beauty with Organic &amp; Natural Skincare\",\"publisher\":{\"@id\":\"https:\/\/dutchhealthstore.com\/fr\/#organization\"},\"potentialAction\":[{\"@type\":\"SearchAction\",\"target\":{\"@type\":\"EntryPoint\",\"urlTemplate\":\"https:\/\/dutchhealthstore.com\/fr\/?s={search_term_string}\"},\"query-input\":{\"@type\":\"PropertyValueSpecification\",\"valueRequired\":true,\"valueName\":\"search_term_string\"}}],\"inLanguage\":\"fr-FR\"},{\"@type\":\"Organization\",\"@id\":\"https:\/\/dutchhealthstore.com\/fr\/#organization\",\"name\":\"Dutch Health Store\",\"url\":\"https:\/\/dutchhealthstore.com\/fr\/\",\"logo\":{\"@type\":\"ImageObject\",\"inLanguage\":\"fr-FR\",\"@id\":\"https:\/\/dutchhealthstore.com\/fr\/#\/schema\/logo\/image\/\",\"url\":\"https:\/\/dutchhealthstore.com\/wp-content\/uploads\/2020\/08\/logo-dutchhealthstore-jpg-e1599484957574.jpg\",\"contentUrl\":\"https:\/\/dutchhealthstore.com\/wp-content\/uploads\/2020\/08\/logo-dutchhealthstore-jpg-e1599484957574.jpg\",\"width\":400,\"height\":62,\"caption\":\"Dutch Health Store\"},\"image\":{\"@id\":\"https:\/\/dutchhealthstore.com\/fr\/#\/schema\/logo\/image\/\"},\"sameAs\":[\"https:\/\/www.instagram.com\/dutchhealthstore\/\",\"https:\/\/www.facebook.com\/dutchhealthstore\"]}]}<\/script>\n<meta property=\"product:brand\" content=\"Living Libations\" \/>\n<meta property=\"og:availability\" content=\"instock\" \/>\n<meta property=\"product:availability\" content=\"instock\" \/>\n<meta property=\"product:condition\" content=\"new\" \/>\n<!-- \/ Yoast SEO Premium plugin. -->","yoast_head_json":{"title":"Jai Baby Balm | Living Libations","description":"Les fesses tendres des b\u00e9b\u00e9s et la peau squameuse des nouveau-n\u00e9s m\u00e9ritent le plus pur des purs. Sauvez la journ\u00e9e avec Living Libations Jai Baby Balm, une barri\u00e8re apaisante qui fait dispara\u00eetre les zones s\u00e8ches, rugueuses et rouges.","robots":{"index":"index","follow":"follow","max-snippet":"max-snippet:-1","max-image-preview":"max-image-preview:large","max-video-preview":"max-video-preview:-1"},"canonical":"https:\/\/dutchhealthstore.com\/fr\/product\/jai-baby-balm\/","og_locale":"fr_FR","og_type":"article","og_title":"Jai Baby Balm - Dutch Health Store","og_description":"Les fesses tendres des b\u00e9b\u00e9s et la peau squameuse des nouveau-n\u00e9s m\u00e9ritent le plus pur des purs. Sauvez la journ\u00e9e avec Living Libations Jai Baby Balm, une barri\u00e8re apaisante qui fait dispara\u00eetre les zones s\u00e8ches, rugueuses et rouges.","og_url":"https:\/\/dutchhealthstore.com\/fr\/product\/jai-baby-balm\/","og_site_name":"Dutch Health Store","article_publisher":"https:\/\/www.instagram.com\/dutchhealthstore\/","article_modified_time":"2025-05-17T10:12:53+00:00","og_image":[{"width":1200,"height":1200,"url":"https:\/\/dutchhealthstore.com\/wp-content\/uploads\/2020\/02\/Living-Libations-Jai-Baby-Balm-1.jpg","type":"image\/jpeg"}],"twitter_card":"summary_large_image","twitter_misc":{"Disponibilit\u00e9":"En stock"},"schema":{"@context":"https:\/\/schema.org","@graph":[{"@type":"WebPage","@id":"https:\/\/dutchhealthstore.com\/fr\/product\/jai-baby-balm\/","url":"https:\/\/dutchhealthstore.com\/fr\/product\/jai-baby-balm\/","name":"Jai Baby Balm | Living Libations","isPartOf":{"@id":"https:\/\/dutchhealthstore.com\/fr\/#website"},"primaryImageOfPage":{"@id":"https:\/\/dutchhealthstore.com\/fr\/product\/jai-baby-balm\/#primaryimage"},"image":{"@id":"https:\/\/dutchhealthstore.com\/fr\/product\/jai-baby-balm\/#primaryimage"},"thumbnailUrl":"https:\/\/dutchhealthstore.com\/wp-content\/uploads\/2020\/02\/Living-Libations-Jai-Baby-Balm-1.jpg","datePublished":"2020-02-06T10:44:42+00:00","dateModified":"2025-05-17T10:12:53+00:00","description":"Les fesses tendres des b\u00e9b\u00e9s et la peau squameuse des nouveau-n\u00e9s m\u00e9ritent le plus pur des purs. Sauvez la journ\u00e9e avec Living Libations Jai Baby Balm, une barri\u00e8re apaisante qui fait dispara\u00eetre les zones s\u00e8ches, rugueuses et rouges.","breadcrumb":{"@id":"https:\/\/dutchhealthstore.com\/fr\/product\/jai-baby-balm\/#breadcrumb"},"inLanguage":"fr-FR","potentialAction":[{"@type":"ReadAction","target":["https:\/\/dutchhealthstore.com\/fr\/product\/jai-baby-balm\/"]}]},{"@type":"ImageObject","inLanguage":"fr-FR","@id":"https:\/\/dutchhealthstore.com\/fr\/product\/jai-baby-balm\/#primaryimage","url":"https:\/\/dutchhealthstore.com\/wp-content\/uploads\/2020\/02\/Living-Libations-Jai-Baby-Balm-1.jpg","contentUrl":"https:\/\/dutchhealthstore.com\/wp-content\/uploads\/2020\/02\/Living-Libations-Jai-Baby-Balm-1.jpg","width":1200,"height":1200,"caption":"Living Libations - Jai Baby Balm 1"},{"@type":"BreadcrumbList","@id":"https:\/\/dutchhealthstore.com\/fr\/product\/jai-baby-balm\/#breadcrumb","itemListElement":[{"@type":"ListItem","position":1,"name":"Home","item":"https:\/\/dutchhealthstore.com\/fr\/"},{"@type":"ListItem","position":2,"name":"Shop","item":"https:\/\/dutchhealthstore.com\/fr\/shop\/"},{"@type":"ListItem","position":3,"name":"Jai Baby Balm"}]},{"@type":"WebSite","@id":"https:\/\/dutchhealthstore.com\/fr\/#website","url":"https:\/\/dutchhealthstore.com\/fr\/","name":"Dutch Health Store","description":"Enhance Your Beauty with Organic &amp; Natural Skincare","publisher":{"@id":"https:\/\/dutchhealthstore.com\/fr\/#organization"},"potentialAction":[{"@type":"SearchAction","target":{"@type":"EntryPoint","urlTemplate":"https:\/\/dutchhealthstore.com\/fr\/?s={search_term_string}"},"query-input":{"@type":"PropertyValueSpecification","valueRequired":true,"valueName":"search_term_string"}}],"inLanguage":"fr-FR"},{"@type":"Organization","@id":"https:\/\/dutchhealthstore.com\/fr\/#organization","name":"Dutch Health Store","url":"https:\/\/dutchhealthstore.com\/fr\/","logo":{"@type":"ImageObject","inLanguage":"fr-FR","@id":"https:\/\/dutchhealthstore.com\/fr\/#\/schema\/logo\/image\/","url":"https:\/\/dutchhealthstore.com\/wp-content\/uploads\/2020\/08\/logo-dutchhealthstore-jpg-e1599484957574.jpg","contentUrl":"https:\/\/dutchhealthstore.com\/wp-content\/uploads\/2020\/08\/logo-dutchhealthstore-jpg-e1599484957574.jpg","width":400,"height":62,"caption":"Dutch Health Store"},"image":{"@id":"https:\/\/dutchhealthstore.com\/fr\/#\/schema\/logo\/image\/"},"sameAs":["https:\/\/www.instagram.com\/dutchhealthstore\/","https:\/\/www.facebook.com\/dutchhealthstore"]}]},"product_brand":"Living Libations","og_availability":"instock","product_availability":"instock","product_condition":"new"},"_links":{"self":[{"href":"https:\/\/dutchhealthstore.com\/fr\/wp-json\/wp\/v2\/product\/110419","targetHints":{"allow":["GET"]}}],"collection":[{"href":"https:\/\/dutchhealthstore.com\/fr\/wp-json\/wp\/v2\/product"}],"about":[{"href":"https:\/\/dutchhealthstore.com\/fr\/wp-json\/wp\/v2\/types\/product"}],"replies":[{"embeddable":true,"href":"https:\/\/dutchhealthstore.com\/fr\/wp-json\/wp\/v2\/comments?post=110419"}],"wp:featuredmedia":[{"embeddable":true,"href":"https:\/\/dutchhealthstore.com\/fr\/wp-json\/wp\/v2\/media\/92622"}],"wp:attachment":[{"href":"https:\/\/dutchhealthstore.com\/fr\/wp-json\/wp\/v2\/media?parent=110419"}],"wp:term":[{"taxonomy":"product_brand","embeddable":true,"href":"https:\/\/dutchhealthstore.com\/fr\/wp-json\/wp\/v2\/product_brand?post=110419"},{"taxonomy":"product_cat","embeddable":true,"href":"https:\/\/dutchhealthstore.com\/fr\/wp-json\/wp\/v2\/product_cat?post=110419"},{"taxonomy":"product_tag","embeddable":true,"href":"https:\/\/dutchhealthstore.com\/fr\/wp-json\/wp\/v2\/product_tag?post=110419"}],"curies":[{"name":"wp","href":"https:\/\/api.w.org\/{rel}","templated":true}]}}