{"id":110291,"date":"2018-02-10T19:31:38","date_gmt":"2018-02-10T18:31:38","guid":{"rendered":"https:\/\/dutchhealthstore.com\/product\/tea-tree-essential-oil\/"},"modified":"2025-11-23T13:22:45","modified_gmt":"2025-11-23T12:22:45","slug":"tea-tree-essential-oil","status":"publish","type":"product","link":"https:\/\/dutchhealthstore.com\/fr\/product\/tea-tree-essential-oil\/","title":{"rendered":"Tea Tree Essential Oil"},"content":{"rendered":"<p style=\"font-weight: 400;\"><b><strong><img decoding=\"async\" class=\"alignright size-full wp-image-37041\" src=\"https:\/\/dutchhealthstore.com\/wp-content\/uploads\/2018\/04\/Living_Libations-1.png\" alt=\"Organic &amp; Natural Beautyproducts - Living Libations\" width=\"175\" height=\"82\"><\/strong><\/b><\/p>\n<p><strong>Nom botanique:<\/strong> Melaleuca alternifolia<br \/>\n<strong>Famille botanique:<\/strong> Myrtaceae<br \/>\n<strong>M\u00e9thode d&rsquo;extraction:<\/strong> Distillation \u00e0 la vapeur<br \/>\n<strong>Partie de la plante distill\u00e9e:<\/strong> Feuilles<br \/>\n<strong>Country of Origin:<\/strong> Australia<br \/>\n<strong>M\u00e9thode de culture:<\/strong> Organique<br \/>\n<strong>Composition:<\/strong> 100% Melaleuca alternifolia<br \/>\n<strong>Coh\u00e9rence:<\/strong> Mince<\/p>\n<h3>Description de l&rsquo;odeur<\/h3>\n<p>Camphre, evergreen, et pin frais.<\/p>\n<h3>Dans Living Libations<\/h3>\n<p>Happy Gum Drops, Wild Child Happy Gum Drops<\/p>\n<h3>Se marie bien avec<\/h3>\n<p>Citron, Romarin, Bergamote, Lavande et Pamplemousse.<\/p>\n<h3>Utilisations<\/h3>\n<p>D\u00e9sodorisant et rafra\u00eechisseur d&rsquo;haleine. Apaisant et am\u00e9liorant la peau. Il est utilis\u00e9 comme nettoyant pour l&rsquo;acn\u00e9, pour \u00e9liminer les squames s\u00e8ches et am\u00e9liorer l&rsquo;apparence de la peau. Indispensable pour les trousses de voyage. Parfait pour le nettoyage des plans de travail et la d\u00e9sinfection des mains. Ajoutez une goutte sous des ongles fra\u00eechement bross\u00e9s pour une propret\u00e9 accrue et des pointes blanches.<\/p>\n<p>Notre Tea Tree Essential Oil est la r\u00e9ponse ancienne aux questions de soins de la peau qui n\u00e9cessitent des soins astringents. L&rsquo;arbre \u00e0 th\u00e9 est un tonique qui a fait ses preuves, une alternative naturel aux nettoyants et toniques synth\u00e9tiques pour la peau. Distill\u00e9 \u00e0 la vapeur dans le bush australien \u00e0 partir des feuilles de Melaleuca alternifolia, \u00e9galement connu sous le nom d&rsquo;arbre \u00e0 \u00e9corce de papier \u00e0 feuilles \u00e9troites, un arbre indig\u00e8ne australien utilis\u00e9 par les Aborig\u00e8nes depuis des si\u00e8cles.<\/p>\n<p>Dans l&rsquo;Australie ancienne, les feuilles \u00e9cras\u00e9es de l&rsquo;arbre \u00e0 th\u00e9 \u00e9taient inhal\u00e9es pour dilater la poitrine et b\u00e9nir la respiration. Le peuple Bundjalung faisait infuser les feuilles dans un liquide piquant pour en faire un \u00e9lixir pour tout. L&rsquo;une de nos utilisations modernes pr\u00e9f\u00e9r\u00e9es est dans les Happy Gum Drops pour donner \u00e0 la bouche et \u00e0 l&rsquo;haleine une odeur douce et fra\u00eeche.<\/p>\n<p>Tea Tree Essential Oil rend tout cela meilleur. Avec son parfum frais et vivifiant, vous aurez l&rsquo;impression de vous r\u00e9veiller par un matin frais et vif au milieu d&rsquo;une for\u00eat o\u00f9 la flore protectrice vous entoure sto\u00efquement d&rsquo;une \u00e9treinte terrestre.<\/p>\n<h3>Ingr\u00e9dients Biologiques<\/h3>\n<p>huile essentielle de melaleuca alternifolia (arbre \u00e0 th\u00e9).<\/p>\n<p style=\"font-weight: 400; text-align: center;\"><i><em><br \/>\n\u00ab\u00a0Une excellente huile essentielle \u00ab\u00a0d&rsquo;entr\u00e9e de gamme\u00a0\u00bb pour les soins naturel est l&rsquo;huile d&rsquo;arbre \u00e0 th\u00e9, qui est non toxique et efficace.\u00a0\u00bb<br \/>\n<\/em><\/i>Kurt Schnaubelt, <strong>Advanced aromatherapy<\/strong><\/p>\n<p style=\"font-weight: 400; text-align: center;\"><i><em>\u00ab\u00a0Arbre \u00e0 th\u00e9! Toi, le doux, le sobre, le sage et le v\u00e9n\u00e9rable liquide, toi, le cordial qui adoucit les sourires, qui ouvre les c\u0153urs, qui fait tomber les plumes, \u00e0 qui je dois la glorieuse insipidit\u00e9 du moment le plus heureux de ma vie, laisse-moi me prosterner ainsi, et&#8230; t&rsquo;adorer.\u00a0\u00bb<br \/>\n<\/em><\/i>Colley Cibber<\/p>\n<p style=\"font-weight: 400; text-align: center;\"><i><em>\u00ab\u00a0L&rsquo;huile d&rsquo;arbre \u00e0 th\u00e9 a \u00e9t\u00e9 utilis\u00e9e en Australie par ses autochtones, qui l&rsquo;ont introduite dans le monde occidental par l&rsquo;interm\u00e9diaire du capitaine Cook en 1770. C&rsquo;est une huile qui sera tr\u00e8s certainement utilis\u00e9e dans votre armoire \u00e0 pharmacie et qui devrait faire partie de la trousse de premiers soins de la maison.\u00a0\u00bb<br \/>\n<\/em><\/i>Jeanne Rose, <strong>The Aromatherapy Book: Inhalations and Applications<\/strong><\/p>\n<p><img fetchpriority=\"high\" decoding=\"async\" class=\"size-full wp-image-31577 aligncenter\" src=\"https:\/\/dutchhealthstore.com\/wp-content\/uploads\/2018\/03\/organic_big.png\" alt=\"Organic and Natural - Living Libations\" width=\"623\" height=\"103\" srcset=\"https:\/\/dutchhealthstore.com\/wp-content\/uploads\/2018\/03\/organic_big.png 623w, https:\/\/dutchhealthstore.com\/wp-content\/uploads\/2018\/03\/organic_big-510x84.png 510w, https:\/\/dutchhealthstore.com\/wp-content\/uploads\/2018\/03\/organic_big-600x99.png 600w, https:\/\/dutchhealthstore.com\/wp-content\/uploads\/2018\/03\/organic_big-350x58.png 350w\" sizes=\"(max-width: 623px) 100vw, 623px\" \/><\/p>\n","protected":false},"excerpt":{"rendered":"<p>L&rsquo;authentique huile essentielle huile arbre \u00e0 th\u00e9 australien est une v\u00e9ritable machine \u00e0 tout faire. Consid\u00e9r\u00e9e comme un petit miracle, l&rsquo;huile essentielle huile arbre \u00e0 th\u00e9 apaise, rafra\u00eechit, nettoie et purifie. Cette huile p\u00e2le et dor\u00e9e est distill\u00e9e \u00e0 la vapeur et d\u00e9gage un parfum frais et aromatique de camphre. Ce produit de base fait partie de votre apothicaire d&rsquo;aromath\u00e9rapie car il est parfaitement pratique et facile \u00e0 avoir sous la main.<\/p>\n","protected":false},"featured_media":117404,"comment_status":"open","ping_status":"closed","template":"","meta":[],"product_brand":[],"product_cat":[6734,1507,1211,1209,3757,1010,1499,6733],"product_tag":[4495],"class_list":{"0":"post-110291","1":"product","2":"type-product","3":"status-publish","4":"has-post-thumbnail","6":"product_cat-essential-oils","7":"product_cat-plantes-huiles-essentielles-living-libations","8":"product_cat-living-libations-france","9":"product_cat-par-marques","10":"product_cat-plantes-huiles-essentielles","11":"product_cat-notre-boutique","12":"product_cat-soins-pour-bebe-living-libations","13":"product_cat-wellness-fr-2","14":"product_tag-essential-oil-fr","15":"pa_brand-livinglibations-fr","16":"pa_essential-oils-product-type-essential-oils-fr","17":"pa_size-5-ml-fr","18":"pa_size-15-ml-fr","19":"pa_size-30-ml-fr","21":"first","22":"instock","23":"taxable","24":"shipping-taxable","25":"purchasable","26":"product-type-variable"},"bundled_by":[],"bundle_stock_status":"instock","bundle_stock_quantity":null,"bundle_virtual":false,"bundle_layout":"","bundle_add_to_cart_form_location":"","bundle_editable_in_cart":false,"bundle_sold_individually_context":"","bundle_item_grouping":"","bundle_min_size":"","bundle_max_size":"","bundle_price":[],"bundled_items":[],"bundle_sell_ids":[],"atum_controlled":true,"out_stock_date":null,"out_stock_threshold":null,"inheritable":true,"stock_on_hold":2,"sold_today":0,"sales_last_days":2,"out_stock_days":0,"lost_sales":0,"update_date":"2026-04-09T07:02:19","atum_locations":[],"atum_stock_status":"instock","restock_status":false,"low_stock_amount":"","sales_update_date":"2026-04-09T07:02:19","calc_backorders":null,"group_of_quantity":0,"min_quantity":0,"max_quantity":"","exclude_order_quantity_value_rules":"no","exclude_category_quantity_rules":"no","combine_variations":"no","yoast_head":"<!-- This site is optimized with the Yoast SEO Premium plugin v26.5 (Yoast SEO v26.5) - https:\/\/yoast.com\/wordpress\/plugins\/seo\/ -->\n<title>Tea Tree Essential Oil | Living Libations<\/title>\n<meta name=\"description\" content=\"L&#039;authentique huile essentielle huile arbre \u00e0 th\u00e9 australien est une v\u00e9ritable machine \u00e0 tout faire. Consid\u00e9r\u00e9e comme un petit miracle, Tea Tree Essential Oil apaise, rafra\u00eechit et purifie.\" \/>\n<meta name=\"robots\" content=\"index, follow, max-snippet:-1, max-image-preview:large, max-video-preview:-1\" \/>\n<link rel=\"canonical\" href=\"https:\/\/dutchhealthstore.com\/fr\/product\/tea-tree-essential-oil\/\" \/>\n<meta property=\"og:locale\" content=\"fr_FR\" \/>\n<meta property=\"og:type\" content=\"article\" \/>\n<meta property=\"og:title\" content=\"Tea Tree Essential Oil - Dutch Health Store\" \/>\n<meta property=\"og:description\" content=\"L&#039;authentique huile essentielle huile arbre \u00e0 th\u00e9 australien est une v\u00e9ritable machine \u00e0 tout faire. Consid\u00e9r\u00e9e comme un petit miracle, Tea Tree Essential Oil apaise, rafra\u00eechit et purifie.\" \/>\n<meta property=\"og:url\" content=\"https:\/\/dutchhealthstore.com\/fr\/product\/tea-tree-essential-oil\/\" \/>\n<meta property=\"og:site_name\" content=\"Dutch Health Store\" \/>\n<meta property=\"article:publisher\" content=\"https:\/\/www.instagram.com\/dutchhealthstore\/\" \/>\n<meta property=\"article:modified_time\" content=\"2025-11-23T12:22:45+00:00\" \/>\n<meta property=\"og:image\" content=\"https:\/\/dutchhealthstore.com\/wp-content\/uploads\/2018\/02\/Living-Libations-Tea-Tree-Essential-Oil-e1596438040193.png\" \/>\n\t<meta property=\"og:image:width\" content=\"500\" \/>\n\t<meta property=\"og:image:height\" content=\"498\" \/>\n\t<meta property=\"og:image:type\" content=\"image\/jpeg\" \/>\n<meta name=\"twitter:card\" content=\"summary_large_image\" \/>\n<meta name=\"twitter:label1\" content=\"Disponibilit\u00e9\" \/>\n\t<meta name=\"twitter:data1\" content=\"En stock\" \/>\n<script type=\"application\/ld+json\" class=\"yoast-schema-graph\">{\"@context\":\"https:\/\/schema.org\",\"@graph\":[{\"@type\":\"WebPage\",\"@id\":\"https:\/\/dutchhealthstore.com\/fr\/product\/tea-tree-essential-oil\/\",\"url\":\"https:\/\/dutchhealthstore.com\/fr\/product\/tea-tree-essential-oil\/\",\"name\":\"Tea Tree Essential Oil | Living Libations\",\"isPartOf\":{\"@id\":\"https:\/\/dutchhealthstore.com\/fr\/#website\"},\"primaryImageOfPage\":{\"@id\":\"https:\/\/dutchhealthstore.com\/fr\/product\/tea-tree-essential-oil\/#primaryimage\"},\"image\":{\"@id\":\"https:\/\/dutchhealthstore.com\/fr\/product\/tea-tree-essential-oil\/#primaryimage\"},\"thumbnailUrl\":\"https:\/\/dutchhealthstore.com\/wp-content\/uploads\/2018\/02\/Living-Libations-Tea-Tree-Essential-Oil-e1596438040193.png\",\"datePublished\":\"2018-02-10T18:31:38+00:00\",\"dateModified\":\"2025-11-23T12:22:45+00:00\",\"description\":\"L'authentique huile essentielle huile arbre \u00e0 th\u00e9 australien est une v\u00e9ritable machine \u00e0 tout faire. Consid\u00e9r\u00e9e comme un petit miracle, Tea Tree Essential Oil apaise, rafra\u00eechit et purifie.\",\"breadcrumb\":{\"@id\":\"https:\/\/dutchhealthstore.com\/fr\/product\/tea-tree-essential-oil\/#breadcrumb\"},\"inLanguage\":\"fr-FR\",\"potentialAction\":[{\"@type\":\"ReadAction\",\"target\":[\"https:\/\/dutchhealthstore.com\/fr\/product\/tea-tree-essential-oil\/\"]}]},{\"@type\":\"ImageObject\",\"inLanguage\":\"fr-FR\",\"@id\":\"https:\/\/dutchhealthstore.com\/fr\/product\/tea-tree-essential-oil\/#primaryimage\",\"url\":\"https:\/\/dutchhealthstore.com\/wp-content\/uploads\/2018\/02\/Living-Libations-Tea-Tree-Essential-Oil-e1596438040193.png\",\"contentUrl\":\"https:\/\/dutchhealthstore.com\/wp-content\/uploads\/2018\/02\/Living-Libations-Tea-Tree-Essential-Oil-e1596438040193.png\",\"width\":500,\"height\":498,\"caption\":\"Living Libations Tea Tree Essential Oil\"},{\"@type\":\"BreadcrumbList\",\"@id\":\"https:\/\/dutchhealthstore.com\/fr\/product\/tea-tree-essential-oil\/#breadcrumb\",\"itemListElement\":[{\"@type\":\"ListItem\",\"position\":1,\"name\":\"Home\",\"item\":\"https:\/\/dutchhealthstore.com\/fr\/\"},{\"@type\":\"ListItem\",\"position\":2,\"name\":\"Shop\",\"item\":\"https:\/\/dutchhealthstore.com\/fr\/shop\/\"},{\"@type\":\"ListItem\",\"position\":3,\"name\":\"Tea Tree Essential Oil\"}]},{\"@type\":\"WebSite\",\"@id\":\"https:\/\/dutchhealthstore.com\/fr\/#website\",\"url\":\"https:\/\/dutchhealthstore.com\/fr\/\",\"name\":\"Dutch Health Store\",\"description\":\"Enhance Your Beauty with Organic &amp; Natural Skincare\",\"publisher\":{\"@id\":\"https:\/\/dutchhealthstore.com\/fr\/#organization\"},\"potentialAction\":[{\"@type\":\"SearchAction\",\"target\":{\"@type\":\"EntryPoint\",\"urlTemplate\":\"https:\/\/dutchhealthstore.com\/fr\/?s={search_term_string}\"},\"query-input\":{\"@type\":\"PropertyValueSpecification\",\"valueRequired\":true,\"valueName\":\"search_term_string\"}}],\"inLanguage\":\"fr-FR\"},{\"@type\":\"Organization\",\"@id\":\"https:\/\/dutchhealthstore.com\/fr\/#organization\",\"name\":\"Dutch Health Store\",\"url\":\"https:\/\/dutchhealthstore.com\/fr\/\",\"logo\":{\"@type\":\"ImageObject\",\"inLanguage\":\"fr-FR\",\"@id\":\"https:\/\/dutchhealthstore.com\/fr\/#\/schema\/logo\/image\/\",\"url\":\"https:\/\/dutchhealthstore.com\/wp-content\/uploads\/2020\/08\/logo-dutchhealthstore-jpg-e1599484957574.jpg\",\"contentUrl\":\"https:\/\/dutchhealthstore.com\/wp-content\/uploads\/2020\/08\/logo-dutchhealthstore-jpg-e1599484957574.jpg\",\"width\":400,\"height\":62,\"caption\":\"Dutch Health Store\"},\"image\":{\"@id\":\"https:\/\/dutchhealthstore.com\/fr\/#\/schema\/logo\/image\/\"},\"sameAs\":[\"https:\/\/www.instagram.com\/dutchhealthstore\/\",\"https:\/\/www.facebook.com\/dutchhealthstore\"]}]}<\/script>\n<meta property=\"product:brand\" content=\"Living Libations\" \/>\n<meta property=\"og:availability\" content=\"instock\" \/>\n<meta property=\"product:availability\" content=\"instock\" \/>\n<meta property=\"product:condition\" content=\"new\" \/>\n<!-- \/ Yoast SEO Premium plugin. -->","yoast_head_json":{"title":"Tea Tree Essential Oil | Living Libations","description":"L'authentique huile essentielle huile arbre \u00e0 th\u00e9 australien est une v\u00e9ritable machine \u00e0 tout faire. Consid\u00e9r\u00e9e comme un petit miracle, Tea Tree Essential Oil apaise, rafra\u00eechit et purifie.","robots":{"index":"index","follow":"follow","max-snippet":"max-snippet:-1","max-image-preview":"max-image-preview:large","max-video-preview":"max-video-preview:-1"},"canonical":"https:\/\/dutchhealthstore.com\/fr\/product\/tea-tree-essential-oil\/","og_locale":"fr_FR","og_type":"article","og_title":"Tea Tree Essential Oil - Dutch Health Store","og_description":"L'authentique huile essentielle huile arbre \u00e0 th\u00e9 australien est une v\u00e9ritable machine \u00e0 tout faire. Consid\u00e9r\u00e9e comme un petit miracle, Tea Tree Essential Oil apaise, rafra\u00eechit et purifie.","og_url":"https:\/\/dutchhealthstore.com\/fr\/product\/tea-tree-essential-oil\/","og_site_name":"Dutch Health Store","article_publisher":"https:\/\/www.instagram.com\/dutchhealthstore\/","article_modified_time":"2025-11-23T12:22:45+00:00","og_image":[{"width":500,"height":498,"url":"https:\/\/dutchhealthstore.com\/wp-content\/uploads\/2018\/02\/Living-Libations-Tea-Tree-Essential-Oil-e1596438040193.png","type":"image\/jpeg"}],"twitter_card":"summary_large_image","twitter_misc":{"Disponibilit\u00e9":"En stock"},"schema":{"@context":"https:\/\/schema.org","@graph":[{"@type":"WebPage","@id":"https:\/\/dutchhealthstore.com\/fr\/product\/tea-tree-essential-oil\/","url":"https:\/\/dutchhealthstore.com\/fr\/product\/tea-tree-essential-oil\/","name":"Tea Tree Essential Oil | Living Libations","isPartOf":{"@id":"https:\/\/dutchhealthstore.com\/fr\/#website"},"primaryImageOfPage":{"@id":"https:\/\/dutchhealthstore.com\/fr\/product\/tea-tree-essential-oil\/#primaryimage"},"image":{"@id":"https:\/\/dutchhealthstore.com\/fr\/product\/tea-tree-essential-oil\/#primaryimage"},"thumbnailUrl":"https:\/\/dutchhealthstore.com\/wp-content\/uploads\/2018\/02\/Living-Libations-Tea-Tree-Essential-Oil-e1596438040193.png","datePublished":"2018-02-10T18:31:38+00:00","dateModified":"2025-11-23T12:22:45+00:00","description":"L'authentique huile essentielle huile arbre \u00e0 th\u00e9 australien est une v\u00e9ritable machine \u00e0 tout faire. Consid\u00e9r\u00e9e comme un petit miracle, Tea Tree Essential Oil apaise, rafra\u00eechit et purifie.","breadcrumb":{"@id":"https:\/\/dutchhealthstore.com\/fr\/product\/tea-tree-essential-oil\/#breadcrumb"},"inLanguage":"fr-FR","potentialAction":[{"@type":"ReadAction","target":["https:\/\/dutchhealthstore.com\/fr\/product\/tea-tree-essential-oil\/"]}]},{"@type":"ImageObject","inLanguage":"fr-FR","@id":"https:\/\/dutchhealthstore.com\/fr\/product\/tea-tree-essential-oil\/#primaryimage","url":"https:\/\/dutchhealthstore.com\/wp-content\/uploads\/2018\/02\/Living-Libations-Tea-Tree-Essential-Oil-e1596438040193.png","contentUrl":"https:\/\/dutchhealthstore.com\/wp-content\/uploads\/2018\/02\/Living-Libations-Tea-Tree-Essential-Oil-e1596438040193.png","width":500,"height":498,"caption":"Living Libations Tea Tree Essential Oil"},{"@type":"BreadcrumbList","@id":"https:\/\/dutchhealthstore.com\/fr\/product\/tea-tree-essential-oil\/#breadcrumb","itemListElement":[{"@type":"ListItem","position":1,"name":"Home","item":"https:\/\/dutchhealthstore.com\/fr\/"},{"@type":"ListItem","position":2,"name":"Shop","item":"https:\/\/dutchhealthstore.com\/fr\/shop\/"},{"@type":"ListItem","position":3,"name":"Tea Tree Essential Oil"}]},{"@type":"WebSite","@id":"https:\/\/dutchhealthstore.com\/fr\/#website","url":"https:\/\/dutchhealthstore.com\/fr\/","name":"Dutch Health Store","description":"Enhance Your Beauty with Organic &amp; Natural Skincare","publisher":{"@id":"https:\/\/dutchhealthstore.com\/fr\/#organization"},"potentialAction":[{"@type":"SearchAction","target":{"@type":"EntryPoint","urlTemplate":"https:\/\/dutchhealthstore.com\/fr\/?s={search_term_string}"},"query-input":{"@type":"PropertyValueSpecification","valueRequired":true,"valueName":"search_term_string"}}],"inLanguage":"fr-FR"},{"@type":"Organization","@id":"https:\/\/dutchhealthstore.com\/fr\/#organization","name":"Dutch Health Store","url":"https:\/\/dutchhealthstore.com\/fr\/","logo":{"@type":"ImageObject","inLanguage":"fr-FR","@id":"https:\/\/dutchhealthstore.com\/fr\/#\/schema\/logo\/image\/","url":"https:\/\/dutchhealthstore.com\/wp-content\/uploads\/2020\/08\/logo-dutchhealthstore-jpg-e1599484957574.jpg","contentUrl":"https:\/\/dutchhealthstore.com\/wp-content\/uploads\/2020\/08\/logo-dutchhealthstore-jpg-e1599484957574.jpg","width":400,"height":62,"caption":"Dutch Health Store"},"image":{"@id":"https:\/\/dutchhealthstore.com\/fr\/#\/schema\/logo\/image\/"},"sameAs":["https:\/\/www.instagram.com\/dutchhealthstore\/","https:\/\/www.facebook.com\/dutchhealthstore"]}]},"product_brand":"Living Libations","og_availability":"instock","product_availability":"instock","product_condition":"new"},"_links":{"self":[{"href":"https:\/\/dutchhealthstore.com\/fr\/wp-json\/wp\/v2\/product\/110291","targetHints":{"allow":["GET"]}}],"collection":[{"href":"https:\/\/dutchhealthstore.com\/fr\/wp-json\/wp\/v2\/product"}],"about":[{"href":"https:\/\/dutchhealthstore.com\/fr\/wp-json\/wp\/v2\/types\/product"}],"replies":[{"embeddable":true,"href":"https:\/\/dutchhealthstore.com\/fr\/wp-json\/wp\/v2\/comments?post=110291"}],"wp:featuredmedia":[{"embeddable":true,"href":"https:\/\/dutchhealthstore.com\/fr\/wp-json\/wp\/v2\/media\/117404"}],"wp:attachment":[{"href":"https:\/\/dutchhealthstore.com\/fr\/wp-json\/wp\/v2\/media?parent=110291"}],"wp:term":[{"taxonomy":"product_brand","embeddable":true,"href":"https:\/\/dutchhealthstore.com\/fr\/wp-json\/wp\/v2\/product_brand?post=110291"},{"taxonomy":"product_cat","embeddable":true,"href":"https:\/\/dutchhealthstore.com\/fr\/wp-json\/wp\/v2\/product_cat?post=110291"},{"taxonomy":"product_tag","embeddable":true,"href":"https:\/\/dutchhealthstore.com\/fr\/wp-json\/wp\/v2\/product_tag?post=110291"}],"curies":[{"name":"wp","href":"https:\/\/api.w.org\/{rel}","templated":true}]}}