{"id":110236,"date":"2020-06-30T13:10:07","date_gmt":"2020-06-30T13:10:07","guid":{"rendered":"https:\/\/dutchhealthstore.com\/product\/hearth-mirth\/"},"modified":"2024-10-21T10:30:21","modified_gmt":"2024-10-21T08:30:21","slug":"hearth-mirth","status":"publish","type":"product","link":"https:\/\/dutchhealthstore.com\/fr\/product\/hearth-mirth\/","title":{"rendered":"Hearth Mirth"},"content":{"rendered":"<p><img decoding=\"async\" class=\"size-full wp-image-69549 alignright\" src=\"https:\/\/dutchhealthstore.com\/wp-content\/uploads\/2019\/08\/NEW-Living-Libations-Logo.jpg\" alt=\"NEW - Living Libations - Logo\" width=\"175\" height=\"82\">Un sentiment de pure joie abonde lorsque notre m\u00e9lange Hearth Mirth est diffus\u00e9 pour r\u00e9jouir votre c\u0153ur et votre maison avec des senteurs hivernales traditionnelles de conif\u00e8res et d&rsquo;agrumes.<br \/>\nUn ajout bienvenu \u00e0 toute f\u00eate de vacances, Hearth Mirth est un choix joyeux pour les saisons de nostalgie, les moments familiaux de chaleur et d&rsquo;amiti\u00e9, et pour dissiper le blues de l&rsquo;hiver.<\/p>\n<h3>Application<\/h3>\n<p>Ce parfum peut \u00eatre diffus\u00e9 dans la pi\u00e8ce, ajout\u00e9 \u00e0 un bain d&rsquo;hiver fumant ou dilu\u00e9 pour un massage. Pour de meilleurs r\u00e9sultats, utilisez Living Libations Breeze Bamboo Diffuser.<\/p>\n<p><strong>Taille : 5 ml, 15 ml et 30 ml<\/strong><\/p>\n<h3 class=\"yikes-custom-woo-tab-title yikes-custom-woo-tab-title-natural-organic-ingredients\">Ingr\u00e9dients Naturels\/Biologiques<\/h3>\n<p><strong>Huile essentielle<\/strong> <strong>d&rsquo;orange sanguine <\/strong><em>(Citrus sinensis<\/em>) &#8211; L&rsquo;huile essentielle d&rsquo;orange sanguine est un ar\u00f4me joyeux, harmonieux et lumineux qui inspire la joie partout o\u00f9 il passe ! Des sentiments chaleureux d&rsquo;amour et de rire apparaissent alors que l&rsquo;humeur et les soucis disparaissent. L&rsquo;essence est une friandise sucr\u00e9e, citronn\u00e9e et aromatique qui contient \u00e9galement de puissantes propri\u00e9t\u00e9s v\u00e9g\u00e9tales. Historiquement, il a \u00e9t\u00e9 utilis\u00e9 pour d\u00e9tendre les nerfs \u00e0 vif, combattre les sentiments d\u00e9sagr\u00e9ables et raviver la peau. La distillation la plus exquise de ce classique des agrumes est r\u00e9alis\u00e9e par notre distillateur biologique en Italie.<\/p>\n<p><strong>Huile essentielle<\/strong> <strong>de sapin blanc<\/strong> <em>(Abies alba)<\/em> &#8211; Notre merveilleux sapin blanc est magnifiquement ancr\u00e9, incroyablement revigorant, et contient des qualit\u00e9s de clarification qui ont \u00e9t\u00e9 utilis\u00e9s par les Am\u00e9rindiens depuis des centaines d&rsquo;ann\u00e9es. Il a \u00e9t\u00e9 d\u00e9montr\u00e9 que l&rsquo;inhalation de cette huile inspirante, au parfum frais, rafra\u00eechit la respiration. Le sapin blanc contient des niveaux \u00e9lev\u00e9s de <em>l-limon\u00e8ne<\/em> et de <em>d-limon\u00e8ne<\/em>. Cette huile royale et relaxante ajoutera de la gaiet\u00e9 \u00e0 votre maison et \u00e0 votre foyer.<\/p>\n<p><strong> Huile essentielle<\/strong><strong>de sapin de douglas <\/strong><em>(Pseudotsuga menziesi<\/em>) &#8211; Notre huile essentielle de sapin de douglas, parfaitement purifiante, calmera votre disposition et inspirera des sentiments m\u00e9ditatifs tout en favorisant une respiration profonde. Le Douglas exploite la puissance majestueuse de la campagne fran\u00e7aise, o\u00f9 les montagnes sto\u00efques veillent sur les vastes champs forestiers. Les notes fra\u00eeches de pomme \u00e0 feuilles persistantes d\u00e9gagent la respiration, facilitant la paix et am\u00e9liorant vos relations avec les autres.<\/p>\n<p><strong>Huile essentielle<\/strong> <strong>Palo Santo<\/strong><em>(Bursera graveolens<\/em>) &#8211; L&rsquo;arbre sacr\u00e9 Holy Wood offre un r\u00e9chauffement, balsamique, et le parfum r\u00e9confortant<em>.<\/em> Apparent\u00e9 \u00e0 l&rsquo;arbre d&rsquo;encens, il a \u00e9t\u00e9 historiquement utilis\u00e9 par les Incas pour purifier et nettoyer l&rsquo;esprit. Le palo santo purifiant s&rsquo;est av\u00e9r\u00e9 \u00eatre renouvelant et rafra\u00eechissant. Cette huile est connue pour contenir des propri\u00e9t\u00e9s v\u00e9g\u00e9tales b\u00e9n\u00e9fiques et est tr\u00e8s appr\u00e9ci\u00e9e comme outil de m\u00e9ditation et s\u00e9rum de l&rsquo;espace sacr\u00e9.<\/p>\n<p><strong>Huile essentielle<\/strong><strong>de Bergamote<\/strong><em>(Citrus bergamia<\/em>) &#8211; La bergamote rayonnante est remplie d&rsquo;une gaiet\u00e9 fleurie et fruit\u00e9e ensoleill\u00e9e. R\u00e9put\u00e9e pour sa capacit\u00e9 \u00e0 susciter des sentiments de bonheur, notre huile de bergamote est distill\u00e9e \u00e0 partir du fruit de l&rsquo;arbre <em>Citrus bergamia <\/em>, qui fleurit pendant l&rsquo;accueillant hiver italien. Hybride de citron et d&rsquo;orange am\u00e8re, la bergamote est cultiv\u00e9e pour ses puissantes propri\u00e9t\u00e9s aromatiques. Traditionnellement, la bergamote est utilis\u00e9e pour parfumer le th\u00e9 Earl Grey, stimuler les sentiments de bien-\u00eatre et dissiper les nuages des humeurs m\u00e9lancoliques.<\/p>\n<p><img fetchpriority=\"high\" decoding=\"async\" class=\"size-medium wp-image-68103 aligncenter\" src=\"https:\/\/dutchhealthstore.com\/wp-content\/uploads\/2018\/02\/Living-Libations-Organic-Logo-800x89.png\" alt=\"Living Libations - Organic Logo\" width=\"800\" height=\"89\" srcset=\"https:\/\/dutchhealthstore.com\/wp-content\/uploads\/2018\/02\/Living-Libations-Organic-Logo-800x89.png 800w, https:\/\/dutchhealthstore.com\/wp-content\/uploads\/2018\/02\/Living-Libations-Organic-Logo-510x57.png 510w, https:\/\/dutchhealthstore.com\/wp-content\/uploads\/2018\/02\/Living-Libations-Organic-Logo-768x85.png 768w, https:\/\/dutchhealthstore.com\/wp-content\/uploads\/2018\/02\/Living-Libations-Organic-Logo.png 1400w\" sizes=\"(max-width: 800px) 100vw, 800px\" \/><\/p>\n","protected":false},"excerpt":{"rendered":"<p>Living Libations<strong> Hearth Mirth <\/strong>est une fusion stimulante d&rsquo;essences parfum\u00e9es et \u00e9l\u00e9gantes pour inviter la gaiet\u00e9 et la joie dans la maison.<br \/>\nUne addition bienvenue \u00e0 toute f\u00eate de vacances.<\/p>\n","protected":false},"featured_media":110054,"comment_status":"open","ping_status":"closed","template":"","meta":[],"product_brand":[],"product_cat":[6734,1211,3756,6746,1209,6733],"product_tag":[21668,6441,21392,4495,21811,21820,6739],"class_list":{"0":"post-110236","1":"product","2":"type-product","3":"status-publish","4":"has-post-thumbnail","6":"product_cat-essential-oils","7":"product_cat-living-libations-france","8":"product_cat-melanges","9":"product_cat-essential-oil-blends-fr-2","10":"product_cat-par-marques","11":"product_cat-wellness-fr-2","12":"product_tag-arome","13":"product_tag-blends-fr","14":"product_tag-corps","15":"product_tag-essential-oil-fr","16":"product_tag-natural-fr","17":"product_tag-parfum-fr","18":"product_tag-perfume-fr","19":"pa_brand-livinglibations-fr","20":"pa_essential-oils-product-type-essential-oil-blends-fr","21":"pa_gtin-7439657383359-fr","22":"pa_size-5-ml-fr","23":"pa_size-15-ml-fr","24":"pa_size-30-ml-fr","26":"first","27":"instock","28":"taxable","29":"shipping-taxable","30":"purchasable","31":"product-type-variable"},"bundled_by":[],"bundle_stock_status":"instock","bundle_stock_quantity":null,"bundle_virtual":false,"bundle_layout":"","bundle_add_to_cart_form_location":"","bundle_editable_in_cart":false,"bundle_sold_individually_context":"","bundle_item_grouping":"","bundle_min_size":"","bundle_max_size":"","bundle_price":[],"bundled_items":[],"bundle_sell_ids":[247690],"atum_controlled":true,"out_stock_date":null,"out_stock_threshold":null,"inheritable":true,"stock_on_hold":0,"sold_today":0,"sales_last_days":0,"out_stock_days":0,"lost_sales":0,"update_date":"2026-04-09T01:48:12","atum_locations":[],"atum_stock_status":"instock","restock_status":false,"low_stock_amount":"","sales_update_date":"2026-04-09T01:48:12","calc_backorders":null,"group_of_quantity":0,"min_quantity":0,"max_quantity":"","exclude_order_quantity_value_rules":"no","exclude_category_quantity_rules":"no","combine_variations":"no","yoast_head":"<!-- This site is optimized with the Yoast SEO Premium plugin v26.5 (Yoast SEO v26.5) - https:\/\/yoast.com\/wordpress\/plugins\/seo\/ -->\n<title>Hearth Mirth | Living Libations<\/title>\n<meta name=\"description\" content=\"Living Libations Hearth Mirth est une fusion stimulante d&#039;essences parfum\u00e9es et \u00e9l\u00e9gantes pour inviter la gaiet\u00e9 et la joie dans la maison.\" \/>\n<meta name=\"robots\" content=\"index, follow, max-snippet:-1, max-image-preview:large, max-video-preview:-1\" \/>\n<link rel=\"canonical\" href=\"https:\/\/dutchhealthstore.com\/fr\/product\/hearth-mirth\/\" \/>\n<meta property=\"og:locale\" content=\"fr_FR\" \/>\n<meta property=\"og:type\" content=\"article\" \/>\n<meta property=\"og:title\" content=\"Hearth Mirth - Dutch Health Store\" \/>\n<meta property=\"og:description\" content=\"Living Libations Hearth Mirth est une fusion stimulante d&#039;essences parfum\u00e9es et \u00e9l\u00e9gantes pour inviter la gaiet\u00e9 et la joie dans la maison.\" \/>\n<meta property=\"og:url\" content=\"https:\/\/dutchhealthstore.com\/fr\/product\/hearth-mirth\/\" \/>\n<meta property=\"og:site_name\" content=\"Dutch Health Store\" \/>\n<meta property=\"article:publisher\" content=\"https:\/\/www.instagram.com\/dutchhealthstore\/\" \/>\n<meta property=\"article:modified_time\" content=\"2024-10-21T08:30:21+00:00\" \/>\n<meta property=\"og:image\" content=\"https:\/\/dutchhealthstore.com\/wp-content\/uploads\/2020\/06\/Living-Libations-Hearth-Mirth-1-e1593522301326.jpg\" \/>\n\t<meta property=\"og:image:width\" content=\"500\" \/>\n\t<meta property=\"og:image:height\" content=\"500\" \/>\n\t<meta property=\"og:image:type\" content=\"image\/jpeg\" \/>\n<meta name=\"twitter:card\" content=\"summary_large_image\" \/>\n<meta name=\"twitter:label1\" content=\"Disponibilit\u00e9\" \/>\n\t<meta name=\"twitter:data1\" content=\"En stock\" \/>\n<script type=\"application\/ld+json\" class=\"yoast-schema-graph\">{\"@context\":\"https:\/\/schema.org\",\"@graph\":[{\"@type\":\"WebPage\",\"@id\":\"https:\/\/dutchhealthstore.com\/fr\/product\/hearth-mirth\/\",\"url\":\"https:\/\/dutchhealthstore.com\/fr\/product\/hearth-mirth\/\",\"name\":\"Hearth Mirth | Living Libations\",\"isPartOf\":{\"@id\":\"https:\/\/dutchhealthstore.com\/fr\/#website\"},\"primaryImageOfPage\":{\"@id\":\"https:\/\/dutchhealthstore.com\/fr\/product\/hearth-mirth\/#primaryimage\"},\"image\":{\"@id\":\"https:\/\/dutchhealthstore.com\/fr\/product\/hearth-mirth\/#primaryimage\"},\"thumbnailUrl\":\"https:\/\/dutchhealthstore.com\/wp-content\/uploads\/2020\/06\/Living-Libations-Hearth-Mirth-1-e1593522301326.jpg\",\"datePublished\":\"2020-06-30T13:10:07+00:00\",\"dateModified\":\"2024-10-21T08:30:21+00:00\",\"description\":\"Living Libations Hearth Mirth est une fusion stimulante d'essences parfum\u00e9es et \u00e9l\u00e9gantes pour inviter la gaiet\u00e9 et la joie dans la maison.\",\"breadcrumb\":{\"@id\":\"https:\/\/dutchhealthstore.com\/fr\/product\/hearth-mirth\/#breadcrumb\"},\"inLanguage\":\"fr-FR\",\"potentialAction\":[{\"@type\":\"ReadAction\",\"target\":[\"https:\/\/dutchhealthstore.com\/fr\/product\/hearth-mirth\/\"]}]},{\"@type\":\"ImageObject\",\"inLanguage\":\"fr-FR\",\"@id\":\"https:\/\/dutchhealthstore.com\/fr\/product\/hearth-mirth\/#primaryimage\",\"url\":\"https:\/\/dutchhealthstore.com\/wp-content\/uploads\/2020\/06\/Living-Libations-Hearth-Mirth-1-e1593522301326.jpg\",\"contentUrl\":\"https:\/\/dutchhealthstore.com\/wp-content\/uploads\/2020\/06\/Living-Libations-Hearth-Mirth-1-e1593522301326.jpg\",\"width\":500,\"height\":500,\"caption\":\"Living Libations Hearth Mirth\"},{\"@type\":\"BreadcrumbList\",\"@id\":\"https:\/\/dutchhealthstore.com\/fr\/product\/hearth-mirth\/#breadcrumb\",\"itemListElement\":[{\"@type\":\"ListItem\",\"position\":1,\"name\":\"Home\",\"item\":\"https:\/\/dutchhealthstore.com\/fr\/\"},{\"@type\":\"ListItem\",\"position\":2,\"name\":\"Shop\",\"item\":\"https:\/\/dutchhealthstore.com\/fr\/shop\/\"},{\"@type\":\"ListItem\",\"position\":3,\"name\":\"Hearth Mirth\"}]},{\"@type\":\"WebSite\",\"@id\":\"https:\/\/dutchhealthstore.com\/fr\/#website\",\"url\":\"https:\/\/dutchhealthstore.com\/fr\/\",\"name\":\"Dutch Health Store\",\"description\":\"Enhance Your Beauty with Organic &amp; Natural Skincare\",\"publisher\":{\"@id\":\"https:\/\/dutchhealthstore.com\/fr\/#organization\"},\"potentialAction\":[{\"@type\":\"SearchAction\",\"target\":{\"@type\":\"EntryPoint\",\"urlTemplate\":\"https:\/\/dutchhealthstore.com\/fr\/?s={search_term_string}\"},\"query-input\":{\"@type\":\"PropertyValueSpecification\",\"valueRequired\":true,\"valueName\":\"search_term_string\"}}],\"inLanguage\":\"fr-FR\"},{\"@type\":\"Organization\",\"@id\":\"https:\/\/dutchhealthstore.com\/fr\/#organization\",\"name\":\"Dutch Health Store\",\"url\":\"https:\/\/dutchhealthstore.com\/fr\/\",\"logo\":{\"@type\":\"ImageObject\",\"inLanguage\":\"fr-FR\",\"@id\":\"https:\/\/dutchhealthstore.com\/fr\/#\/schema\/logo\/image\/\",\"url\":\"https:\/\/dutchhealthstore.com\/wp-content\/uploads\/2020\/08\/logo-dutchhealthstore-jpg-e1599484957574.jpg\",\"contentUrl\":\"https:\/\/dutchhealthstore.com\/wp-content\/uploads\/2020\/08\/logo-dutchhealthstore-jpg-e1599484957574.jpg\",\"width\":400,\"height\":62,\"caption\":\"Dutch Health Store\"},\"image\":{\"@id\":\"https:\/\/dutchhealthstore.com\/fr\/#\/schema\/logo\/image\/\"},\"sameAs\":[\"https:\/\/www.instagram.com\/dutchhealthstore\/\",\"https:\/\/www.facebook.com\/dutchhealthstore\"]}]}<\/script>\n<meta property=\"product:brand\" content=\"Living Libations\" \/>\n<meta property=\"og:availability\" content=\"instock\" \/>\n<meta property=\"product:availability\" content=\"instock\" \/>\n<meta property=\"product:condition\" content=\"new\" \/>\n<!-- \/ Yoast SEO Premium plugin. -->","yoast_head_json":{"title":"Hearth Mirth | Living Libations","description":"Living Libations Hearth Mirth est une fusion stimulante d'essences parfum\u00e9es et \u00e9l\u00e9gantes pour inviter la gaiet\u00e9 et la joie dans la maison.","robots":{"index":"index","follow":"follow","max-snippet":"max-snippet:-1","max-image-preview":"max-image-preview:large","max-video-preview":"max-video-preview:-1"},"canonical":"https:\/\/dutchhealthstore.com\/fr\/product\/hearth-mirth\/","og_locale":"fr_FR","og_type":"article","og_title":"Hearth Mirth - Dutch Health Store","og_description":"Living Libations Hearth Mirth est une fusion stimulante d'essences parfum\u00e9es et \u00e9l\u00e9gantes pour inviter la gaiet\u00e9 et la joie dans la maison.","og_url":"https:\/\/dutchhealthstore.com\/fr\/product\/hearth-mirth\/","og_site_name":"Dutch Health Store","article_publisher":"https:\/\/www.instagram.com\/dutchhealthstore\/","article_modified_time":"2024-10-21T08:30:21+00:00","og_image":[{"width":500,"height":500,"url":"https:\/\/dutchhealthstore.com\/wp-content\/uploads\/2020\/06\/Living-Libations-Hearth-Mirth-1-e1593522301326.jpg","type":"image\/jpeg"}],"twitter_card":"summary_large_image","twitter_misc":{"Disponibilit\u00e9":"En stock"},"schema":{"@context":"https:\/\/schema.org","@graph":[{"@type":"WebPage","@id":"https:\/\/dutchhealthstore.com\/fr\/product\/hearth-mirth\/","url":"https:\/\/dutchhealthstore.com\/fr\/product\/hearth-mirth\/","name":"Hearth Mirth | Living Libations","isPartOf":{"@id":"https:\/\/dutchhealthstore.com\/fr\/#website"},"primaryImageOfPage":{"@id":"https:\/\/dutchhealthstore.com\/fr\/product\/hearth-mirth\/#primaryimage"},"image":{"@id":"https:\/\/dutchhealthstore.com\/fr\/product\/hearth-mirth\/#primaryimage"},"thumbnailUrl":"https:\/\/dutchhealthstore.com\/wp-content\/uploads\/2020\/06\/Living-Libations-Hearth-Mirth-1-e1593522301326.jpg","datePublished":"2020-06-30T13:10:07+00:00","dateModified":"2024-10-21T08:30:21+00:00","description":"Living Libations Hearth Mirth est une fusion stimulante d'essences parfum\u00e9es et \u00e9l\u00e9gantes pour inviter la gaiet\u00e9 et la joie dans la maison.","breadcrumb":{"@id":"https:\/\/dutchhealthstore.com\/fr\/product\/hearth-mirth\/#breadcrumb"},"inLanguage":"fr-FR","potentialAction":[{"@type":"ReadAction","target":["https:\/\/dutchhealthstore.com\/fr\/product\/hearth-mirth\/"]}]},{"@type":"ImageObject","inLanguage":"fr-FR","@id":"https:\/\/dutchhealthstore.com\/fr\/product\/hearth-mirth\/#primaryimage","url":"https:\/\/dutchhealthstore.com\/wp-content\/uploads\/2020\/06\/Living-Libations-Hearth-Mirth-1-e1593522301326.jpg","contentUrl":"https:\/\/dutchhealthstore.com\/wp-content\/uploads\/2020\/06\/Living-Libations-Hearth-Mirth-1-e1593522301326.jpg","width":500,"height":500,"caption":"Living Libations Hearth Mirth"},{"@type":"BreadcrumbList","@id":"https:\/\/dutchhealthstore.com\/fr\/product\/hearth-mirth\/#breadcrumb","itemListElement":[{"@type":"ListItem","position":1,"name":"Home","item":"https:\/\/dutchhealthstore.com\/fr\/"},{"@type":"ListItem","position":2,"name":"Shop","item":"https:\/\/dutchhealthstore.com\/fr\/shop\/"},{"@type":"ListItem","position":3,"name":"Hearth Mirth"}]},{"@type":"WebSite","@id":"https:\/\/dutchhealthstore.com\/fr\/#website","url":"https:\/\/dutchhealthstore.com\/fr\/","name":"Dutch Health Store","description":"Enhance Your Beauty with Organic &amp; Natural Skincare","publisher":{"@id":"https:\/\/dutchhealthstore.com\/fr\/#organization"},"potentialAction":[{"@type":"SearchAction","target":{"@type":"EntryPoint","urlTemplate":"https:\/\/dutchhealthstore.com\/fr\/?s={search_term_string}"},"query-input":{"@type":"PropertyValueSpecification","valueRequired":true,"valueName":"search_term_string"}}],"inLanguage":"fr-FR"},{"@type":"Organization","@id":"https:\/\/dutchhealthstore.com\/fr\/#organization","name":"Dutch Health Store","url":"https:\/\/dutchhealthstore.com\/fr\/","logo":{"@type":"ImageObject","inLanguage":"fr-FR","@id":"https:\/\/dutchhealthstore.com\/fr\/#\/schema\/logo\/image\/","url":"https:\/\/dutchhealthstore.com\/wp-content\/uploads\/2020\/08\/logo-dutchhealthstore-jpg-e1599484957574.jpg","contentUrl":"https:\/\/dutchhealthstore.com\/wp-content\/uploads\/2020\/08\/logo-dutchhealthstore-jpg-e1599484957574.jpg","width":400,"height":62,"caption":"Dutch Health Store"},"image":{"@id":"https:\/\/dutchhealthstore.com\/fr\/#\/schema\/logo\/image\/"},"sameAs":["https:\/\/www.instagram.com\/dutchhealthstore\/","https:\/\/www.facebook.com\/dutchhealthstore"]}]},"product_brand":"Living Libations","og_availability":"instock","product_availability":"instock","product_condition":"new"},"_links":{"self":[{"href":"https:\/\/dutchhealthstore.com\/fr\/wp-json\/wp\/v2\/product\/110236","targetHints":{"allow":["GET"]}}],"collection":[{"href":"https:\/\/dutchhealthstore.com\/fr\/wp-json\/wp\/v2\/product"}],"about":[{"href":"https:\/\/dutchhealthstore.com\/fr\/wp-json\/wp\/v2\/types\/product"}],"replies":[{"embeddable":true,"href":"https:\/\/dutchhealthstore.com\/fr\/wp-json\/wp\/v2\/comments?post=110236"}],"wp:featuredmedia":[{"embeddable":true,"href":"https:\/\/dutchhealthstore.com\/fr\/wp-json\/wp\/v2\/media\/110054"}],"wp:attachment":[{"href":"https:\/\/dutchhealthstore.com\/fr\/wp-json\/wp\/v2\/media?parent=110236"}],"wp:term":[{"taxonomy":"product_brand","embeddable":true,"href":"https:\/\/dutchhealthstore.com\/fr\/wp-json\/wp\/v2\/product_brand?post=110236"},{"taxonomy":"product_cat","embeddable":true,"href":"https:\/\/dutchhealthstore.com\/fr\/wp-json\/wp\/v2\/product_cat?post=110236"},{"taxonomy":"product_tag","embeddable":true,"href":"https:\/\/dutchhealthstore.com\/fr\/wp-json\/wp\/v2\/product_tag?post=110236"}],"curies":[{"name":"wp","href":"https:\/\/api.w.org\/{rel}","templated":true}]}}