{"id":110227,"date":"2020-06-30T12:16:06","date_gmt":"2020-06-30T10:16:06","guid":{"rendered":"https:\/\/dutchhealthstore.com\/product\/blend-bedtime-story\/"},"modified":"2025-09-26T14:13:59","modified_gmt":"2025-09-26T12:13:59","slug":"blend-bedtime-story","status":"publish","type":"product","link":"https:\/\/dutchhealthstore.com\/fr\/product\/blend-bedtime-story\/","title":{"rendered":"Bedtime Story Blend"},"content":{"rendered":"<p><img decoding=\"async\" class=\"size-full wp-image-69549 alignright\" src=\"https:\/\/dutchhealthstore.com\/wp-content\/uploads\/2019\/08\/NEW-Living-Libations-Logo.jpg\" alt=\"NEW - Living Libations - Logo\" width=\"175\" height=\"82\">Sssshhhh! Lorsque le soleil s&rsquo;est couch\u00e9 et que la journ\u00e9e de jeu a \u00e9t\u00e9 longue, encouragez les paupi\u00e8res \u00e0 devenir lourdes et les petits \u00e0 chercher leur lit. Bedtime Story Blend chante une berceuse parfum\u00e9e et vous guide vers le sommeil.<\/p>\n<h3>Utiliser<\/h3>\n<p>Saupoudrez sur les oreillers ou ajoutez aux diffuseurs et aux tuyaux de sel. Diluez pour un massage ou ajoutez \u00e0 un bain invitant \u00e0 l&rsquo;heure du coucher, inspirant les enfants \u00e0 se coucher apr\u00e8s une journ\u00e9e de jeu.<\/p>\n<p><strong>Taille: 5 ml et 15 ml<\/strong><\/p>\n<h3>Ingr\u00e9dients Naturels\/Biologiques<\/h3>\n<p><strong>Lavande <\/strong><em>(Lavendula Angustifolia<\/em>) &#8211; L&rsquo;agr\u00e9able parfum de la lavande cajole les sens, lib\u00e8re les tensions et d\u00e9tend la respiration. La lavande est une berceuse qui apaise les \u00e9motions permettant \u00e0 l&rsquo;esprit de plonger plus profond\u00e9ment dans les recoins du sommeil \u00e0 ondes lentes.<\/p>\n<p><strong>Mandarine <\/strong><em>(Citrus Tangerina<\/em>) &#8211; L&rsquo;huile essentielle de mandarine est press\u00e9e \u00e0 partir de l&rsquo;\u00e9corce de mandarines br\u00e9siliennes. L&rsquo;une des huiles les plus s\u00fbres et les plus douces pour les femmes enceintes et les enfants, l&rsquo;huile mandarine est traditionnellement utilis\u00e9e comme ap\u00e9ritif et pour lutter contre l&rsquo;insomnie. Notre huile d\u00e9gage un ar\u00f4me d&rsquo;agrumes ensoleill\u00e9 et une forte concentration du compos\u00e9 botanique limon\u00e8ne. La mandarine est un r\u00eave de calme et de confort gr\u00e2ce \u00e0 son zeste s\u00e9datif.<\/p>\n<p><strong>Nardenard <\/strong><em>(Nardostachys Jatamansi<\/em>) &#8211; Dormez tranquillement en dormant avec l&rsquo;huile essentielle s\u00e9dative de nardenard. Cette essence de racine, profond\u00e9ment rassurante, d\u00e9tend les r\u00e9sistances et \u00e9largit les \u00e9tats r\u00e9ceptifs pour des siestes sereines et des siestes nirvana.<\/p>\n<p><strong>Camomille <\/strong><em>(Anthemis nobilis<\/em>) &#8211; L&rsquo;essence de camomille de Caring a une pr\u00e9sence douce, \u00e9th\u00e9r\u00e9e, l\u00e9g\u00e8rement herbac\u00e9e, rappelant une pomme m\u00fbre dansant sur une brise d&rsquo;\u00e9t\u00e9. Cette huile essentielle est riche en esters apaisants, ce qui en fait l&rsquo;huile la plus douce pour entrer sereinement dans des \u00e9tats d&rsquo;\u00eatre sup\u00e9rieurs. La camomille r\u00e9confortante nous gratifie de ses pouvoirs fleuris et hypnotiques de pacifier l&rsquo;appr\u00e9hension, d&rsquo;att\u00e9nuer la tension et de calmer les nerfs.<\/p>\n<p><img fetchpriority=\"high\" decoding=\"async\" class=\"size-medium wp-image-68103 aligncenter\" src=\"https:\/\/dutchhealthstore.com\/wp-content\/uploads\/2018\/02\/Living-Libations-Organic-Logo-800x89.png\" alt=\"Living Libations - Organic Logo\" width=\"800\" height=\"89\" srcset=\"https:\/\/dutchhealthstore.com\/wp-content\/uploads\/2018\/02\/Living-Libations-Organic-Logo-800x89.png 800w, https:\/\/dutchhealthstore.com\/wp-content\/uploads\/2018\/02\/Living-Libations-Organic-Logo-510x57.png 510w, https:\/\/dutchhealthstore.com\/wp-content\/uploads\/2018\/02\/Living-Libations-Organic-Logo-768x85.png 768w, https:\/\/dutchhealthstore.com\/wp-content\/uploads\/2018\/02\/Living-Libations-Organic-Logo.png 1400w\" sizes=\"(max-width: 800px) 100vw, 800px\" \/><\/p>\n","protected":false},"excerpt":{"rendered":"<p>Living Libations<strong> Bedtime Story Blend<\/strong> est une berceuse \u00e0 la lavande cr\u00e9\u00e9e pour inciter les petits \u00e0 s&rsquo;allonger dans le hamac de la vie. Ce m\u00e9lange pour l&rsquo;heure du coucher est une combinaison confortable de plantes calmantes pour transformer les mar\u00e9es du jour en cr\u00e9puscule invitant.<\/p>\n","protected":false},"featured_media":110013,"comment_status":"open","ping_status":"closed","template":"","meta":[],"product_brand":[],"product_cat":[5102,6752,6642,6734,1211,3756,6746,1209,1499,6733],"product_tag":[6441,4495],"class_list":{"0":"post-110227","1":"product","2":"type-product","3":"status-publish","4":"has-post-thumbnail","6":"product_cat-air-care-fr","7":"product_cat-babies-pregnancy-fr-2","8":"product_cat-family-fr","9":"product_cat-essential-oils","10":"product_cat-living-libations-france","11":"product_cat-melanges","12":"product_cat-essential-oil-blends-fr-2","13":"product_cat-par-marques","14":"product_cat-soins-pour-bebe-living-libations","15":"product_cat-wellness-fr-2","16":"product_tag-blends-fr","17":"product_tag-essential-oil-fr","18":"pa_brand-livinglibations-fr","19":"pa_essential-oils-product-type-essential-oil-blends-fr","20":"pa_gtin-7439657383342-fr","21":"pa_size-5-ml-fr","22":"pa_size-15-ml-fr","24":"first","25":"instock","26":"taxable","27":"shipping-taxable","28":"purchasable","29":"product-type-variable"},"bundled_by":[],"bundle_stock_status":"instock","bundle_stock_quantity":null,"bundle_virtual":false,"bundle_layout":"","bundle_add_to_cart_form_location":"","bundle_editable_in_cart":false,"bundle_sold_individually_context":"","bundle_item_grouping":"","bundle_min_size":"","bundle_max_size":"","bundle_price":[],"bundled_items":[],"bundle_sell_ids":[247690],"atum_controlled":true,"out_stock_date":null,"out_stock_threshold":null,"inheritable":true,"stock_on_hold":1,"sold_today":0,"sales_last_days":0,"out_stock_days":0,"lost_sales":0,"update_date":"2026-04-06T01:47:05","atum_locations":[],"atum_stock_status":"instock","restock_status":false,"low_stock_amount":"","sales_update_date":"2026-04-06T01:47:05","calc_backorders":null,"group_of_quantity":0,"min_quantity":0,"max_quantity":"","exclude_order_quantity_value_rules":"no","exclude_category_quantity_rules":"no","combine_variations":"no","yoast_head":"<!-- This site is optimized with the Yoast SEO Premium plugin v26.5 (Yoast SEO v26.5) - https:\/\/yoast.com\/wordpress\/plugins\/seo\/ -->\n<title>Bedtime Story Blend | Living Libations<\/title>\n<meta name=\"description\" content=\"Ce m\u00e9lange pour l&#039;heure du coucher est une combinaison confortable de plantes calmantes pour transformer les mar\u00e9es du jour en cr\u00e9puscule invitant.\" \/>\n<meta name=\"robots\" content=\"index, follow, max-snippet:-1, max-image-preview:large, max-video-preview:-1\" \/>\n<link rel=\"canonical\" href=\"https:\/\/dutchhealthstore.com\/fr\/product\/blend-bedtime-story\/\" \/>\n<meta property=\"og:locale\" content=\"fr_FR\" \/>\n<meta property=\"og:type\" content=\"article\" \/>\n<meta property=\"og:title\" content=\"Bedtime Story Blend - Dutch Health Store\" \/>\n<meta property=\"og:description\" content=\"Ce m\u00e9lange pour l&#039;heure du coucher est une combinaison confortable de plantes calmantes pour transformer les mar\u00e9es du jour en cr\u00e9puscule invitant.\" \/>\n<meta property=\"og:url\" content=\"https:\/\/dutchhealthstore.com\/fr\/product\/blend-bedtime-story\/\" \/>\n<meta property=\"og:site_name\" content=\"Dutch Health Store\" \/>\n<meta property=\"article:publisher\" content=\"https:\/\/www.instagram.com\/dutchhealthstore\/\" \/>\n<meta property=\"article:modified_time\" content=\"2025-09-26T12:13:59+00:00\" \/>\n<meta property=\"og:image\" content=\"https:\/\/dutchhealthstore.com\/wp-content\/uploads\/2020\/06\/living-libations-diffuser-blend-bedtime-story-1-e1593518887908.jpg\" \/>\n\t<meta property=\"og:image:width\" content=\"500\" \/>\n\t<meta property=\"og:image:height\" content=\"500\" \/>\n\t<meta property=\"og:image:type\" content=\"image\/jpeg\" \/>\n<meta name=\"twitter:card\" content=\"summary_large_image\" \/>\n<meta name=\"twitter:label1\" content=\"Disponibilit\u00e9\" \/>\n\t<meta name=\"twitter:data1\" content=\"En stock\" \/>\n<script type=\"application\/ld+json\" class=\"yoast-schema-graph\">{\"@context\":\"https:\/\/schema.org\",\"@graph\":[{\"@type\":\"WebPage\",\"@id\":\"https:\/\/dutchhealthstore.com\/fr\/product\/blend-bedtime-story\/\",\"url\":\"https:\/\/dutchhealthstore.com\/fr\/product\/blend-bedtime-story\/\",\"name\":\"Bedtime Story Blend | Living Libations\",\"isPartOf\":{\"@id\":\"https:\/\/dutchhealthstore.com\/fr\/#website\"},\"primaryImageOfPage\":{\"@id\":\"https:\/\/dutchhealthstore.com\/fr\/product\/blend-bedtime-story\/#primaryimage\"},\"image\":{\"@id\":\"https:\/\/dutchhealthstore.com\/fr\/product\/blend-bedtime-story\/#primaryimage\"},\"thumbnailUrl\":\"https:\/\/dutchhealthstore.com\/wp-content\/uploads\/2020\/06\/living-libations-diffuser-blend-bedtime-story-1-e1593518887908.jpg\",\"datePublished\":\"2020-06-30T10:16:06+00:00\",\"dateModified\":\"2025-09-26T12:13:59+00:00\",\"description\":\"Ce m\u00e9lange pour l'heure du coucher est une combinaison confortable de plantes calmantes pour transformer les mar\u00e9es du jour en cr\u00e9puscule invitant.\",\"breadcrumb\":{\"@id\":\"https:\/\/dutchhealthstore.com\/fr\/product\/blend-bedtime-story\/#breadcrumb\"},\"inLanguage\":\"fr-FR\",\"potentialAction\":[{\"@type\":\"ReadAction\",\"target\":[\"https:\/\/dutchhealthstore.com\/fr\/product\/blend-bedtime-story\/\"]}]},{\"@type\":\"ImageObject\",\"inLanguage\":\"fr-FR\",\"@id\":\"https:\/\/dutchhealthstore.com\/fr\/product\/blend-bedtime-story\/#primaryimage\",\"url\":\"https:\/\/dutchhealthstore.com\/wp-content\/uploads\/2020\/06\/living-libations-diffuser-blend-bedtime-story-1-e1593518887908.jpg\",\"contentUrl\":\"https:\/\/dutchhealthstore.com\/wp-content\/uploads\/2020\/06\/living-libations-diffuser-blend-bedtime-story-1-e1593518887908.jpg\",\"width\":500,\"height\":500,\"caption\":\"living libations diffuser blend bedtime story\"},{\"@type\":\"BreadcrumbList\",\"@id\":\"https:\/\/dutchhealthstore.com\/fr\/product\/blend-bedtime-story\/#breadcrumb\",\"itemListElement\":[{\"@type\":\"ListItem\",\"position\":1,\"name\":\"Home\",\"item\":\"https:\/\/dutchhealthstore.com\/fr\/\"},{\"@type\":\"ListItem\",\"position\":2,\"name\":\"Shop\",\"item\":\"https:\/\/dutchhealthstore.com\/fr\/shop\/\"},{\"@type\":\"ListItem\",\"position\":3,\"name\":\"Bedtime Story Blend\"}]},{\"@type\":\"WebSite\",\"@id\":\"https:\/\/dutchhealthstore.com\/fr\/#website\",\"url\":\"https:\/\/dutchhealthstore.com\/fr\/\",\"name\":\"Dutch Health Store\",\"description\":\"Enhance Your Beauty with Organic &amp; Natural Skincare\",\"publisher\":{\"@id\":\"https:\/\/dutchhealthstore.com\/fr\/#organization\"},\"potentialAction\":[{\"@type\":\"SearchAction\",\"target\":{\"@type\":\"EntryPoint\",\"urlTemplate\":\"https:\/\/dutchhealthstore.com\/fr\/?s={search_term_string}\"},\"query-input\":{\"@type\":\"PropertyValueSpecification\",\"valueRequired\":true,\"valueName\":\"search_term_string\"}}],\"inLanguage\":\"fr-FR\"},{\"@type\":\"Organization\",\"@id\":\"https:\/\/dutchhealthstore.com\/fr\/#organization\",\"name\":\"Dutch Health Store\",\"url\":\"https:\/\/dutchhealthstore.com\/fr\/\",\"logo\":{\"@type\":\"ImageObject\",\"inLanguage\":\"fr-FR\",\"@id\":\"https:\/\/dutchhealthstore.com\/fr\/#\/schema\/logo\/image\/\",\"url\":\"https:\/\/dutchhealthstore.com\/wp-content\/uploads\/2020\/08\/logo-dutchhealthstore-jpg-e1599484957574.jpg\",\"contentUrl\":\"https:\/\/dutchhealthstore.com\/wp-content\/uploads\/2020\/08\/logo-dutchhealthstore-jpg-e1599484957574.jpg\",\"width\":400,\"height\":62,\"caption\":\"Dutch Health Store\"},\"image\":{\"@id\":\"https:\/\/dutchhealthstore.com\/fr\/#\/schema\/logo\/image\/\"},\"sameAs\":[\"https:\/\/www.instagram.com\/dutchhealthstore\/\",\"https:\/\/www.facebook.com\/dutchhealthstore\"]}]}<\/script>\n<meta property=\"product:brand\" content=\"Living Libations\" \/>\n<meta property=\"og:availability\" content=\"instock\" \/>\n<meta property=\"product:availability\" content=\"instock\" \/>\n<meta property=\"product:condition\" content=\"new\" \/>\n<!-- \/ Yoast SEO Premium plugin. -->","yoast_head_json":{"title":"Bedtime Story Blend | Living Libations","description":"Ce m\u00e9lange pour l'heure du coucher est une combinaison confortable de plantes calmantes pour transformer les mar\u00e9es du jour en cr\u00e9puscule invitant.","robots":{"index":"index","follow":"follow","max-snippet":"max-snippet:-1","max-image-preview":"max-image-preview:large","max-video-preview":"max-video-preview:-1"},"canonical":"https:\/\/dutchhealthstore.com\/fr\/product\/blend-bedtime-story\/","og_locale":"fr_FR","og_type":"article","og_title":"Bedtime Story Blend - Dutch Health Store","og_description":"Ce m\u00e9lange pour l'heure du coucher est une combinaison confortable de plantes calmantes pour transformer les mar\u00e9es du jour en cr\u00e9puscule invitant.","og_url":"https:\/\/dutchhealthstore.com\/fr\/product\/blend-bedtime-story\/","og_site_name":"Dutch Health Store","article_publisher":"https:\/\/www.instagram.com\/dutchhealthstore\/","article_modified_time":"2025-09-26T12:13:59+00:00","og_image":[{"width":500,"height":500,"url":"https:\/\/dutchhealthstore.com\/wp-content\/uploads\/2020\/06\/living-libations-diffuser-blend-bedtime-story-1-e1593518887908.jpg","type":"image\/jpeg"}],"twitter_card":"summary_large_image","twitter_misc":{"Disponibilit\u00e9":"En stock"},"schema":{"@context":"https:\/\/schema.org","@graph":[{"@type":"WebPage","@id":"https:\/\/dutchhealthstore.com\/fr\/product\/blend-bedtime-story\/","url":"https:\/\/dutchhealthstore.com\/fr\/product\/blend-bedtime-story\/","name":"Bedtime Story Blend | Living Libations","isPartOf":{"@id":"https:\/\/dutchhealthstore.com\/fr\/#website"},"primaryImageOfPage":{"@id":"https:\/\/dutchhealthstore.com\/fr\/product\/blend-bedtime-story\/#primaryimage"},"image":{"@id":"https:\/\/dutchhealthstore.com\/fr\/product\/blend-bedtime-story\/#primaryimage"},"thumbnailUrl":"https:\/\/dutchhealthstore.com\/wp-content\/uploads\/2020\/06\/living-libations-diffuser-blend-bedtime-story-1-e1593518887908.jpg","datePublished":"2020-06-30T10:16:06+00:00","dateModified":"2025-09-26T12:13:59+00:00","description":"Ce m\u00e9lange pour l'heure du coucher est une combinaison confortable de plantes calmantes pour transformer les mar\u00e9es du jour en cr\u00e9puscule invitant.","breadcrumb":{"@id":"https:\/\/dutchhealthstore.com\/fr\/product\/blend-bedtime-story\/#breadcrumb"},"inLanguage":"fr-FR","potentialAction":[{"@type":"ReadAction","target":["https:\/\/dutchhealthstore.com\/fr\/product\/blend-bedtime-story\/"]}]},{"@type":"ImageObject","inLanguage":"fr-FR","@id":"https:\/\/dutchhealthstore.com\/fr\/product\/blend-bedtime-story\/#primaryimage","url":"https:\/\/dutchhealthstore.com\/wp-content\/uploads\/2020\/06\/living-libations-diffuser-blend-bedtime-story-1-e1593518887908.jpg","contentUrl":"https:\/\/dutchhealthstore.com\/wp-content\/uploads\/2020\/06\/living-libations-diffuser-blend-bedtime-story-1-e1593518887908.jpg","width":500,"height":500,"caption":"living libations diffuser blend bedtime story"},{"@type":"BreadcrumbList","@id":"https:\/\/dutchhealthstore.com\/fr\/product\/blend-bedtime-story\/#breadcrumb","itemListElement":[{"@type":"ListItem","position":1,"name":"Home","item":"https:\/\/dutchhealthstore.com\/fr\/"},{"@type":"ListItem","position":2,"name":"Shop","item":"https:\/\/dutchhealthstore.com\/fr\/shop\/"},{"@type":"ListItem","position":3,"name":"Bedtime Story Blend"}]},{"@type":"WebSite","@id":"https:\/\/dutchhealthstore.com\/fr\/#website","url":"https:\/\/dutchhealthstore.com\/fr\/","name":"Dutch Health Store","description":"Enhance Your Beauty with Organic &amp; Natural Skincare","publisher":{"@id":"https:\/\/dutchhealthstore.com\/fr\/#organization"},"potentialAction":[{"@type":"SearchAction","target":{"@type":"EntryPoint","urlTemplate":"https:\/\/dutchhealthstore.com\/fr\/?s={search_term_string}"},"query-input":{"@type":"PropertyValueSpecification","valueRequired":true,"valueName":"search_term_string"}}],"inLanguage":"fr-FR"},{"@type":"Organization","@id":"https:\/\/dutchhealthstore.com\/fr\/#organization","name":"Dutch Health Store","url":"https:\/\/dutchhealthstore.com\/fr\/","logo":{"@type":"ImageObject","inLanguage":"fr-FR","@id":"https:\/\/dutchhealthstore.com\/fr\/#\/schema\/logo\/image\/","url":"https:\/\/dutchhealthstore.com\/wp-content\/uploads\/2020\/08\/logo-dutchhealthstore-jpg-e1599484957574.jpg","contentUrl":"https:\/\/dutchhealthstore.com\/wp-content\/uploads\/2020\/08\/logo-dutchhealthstore-jpg-e1599484957574.jpg","width":400,"height":62,"caption":"Dutch Health Store"},"image":{"@id":"https:\/\/dutchhealthstore.com\/fr\/#\/schema\/logo\/image\/"},"sameAs":["https:\/\/www.instagram.com\/dutchhealthstore\/","https:\/\/www.facebook.com\/dutchhealthstore"]}]},"product_brand":"Living Libations","og_availability":"instock","product_availability":"instock","product_condition":"new"},"_links":{"self":[{"href":"https:\/\/dutchhealthstore.com\/fr\/wp-json\/wp\/v2\/product\/110227","targetHints":{"allow":["GET"]}}],"collection":[{"href":"https:\/\/dutchhealthstore.com\/fr\/wp-json\/wp\/v2\/product"}],"about":[{"href":"https:\/\/dutchhealthstore.com\/fr\/wp-json\/wp\/v2\/types\/product"}],"replies":[{"embeddable":true,"href":"https:\/\/dutchhealthstore.com\/fr\/wp-json\/wp\/v2\/comments?post=110227"}],"wp:featuredmedia":[{"embeddable":true,"href":"https:\/\/dutchhealthstore.com\/fr\/wp-json\/wp\/v2\/media\/110013"}],"wp:attachment":[{"href":"https:\/\/dutchhealthstore.com\/fr\/wp-json\/wp\/v2\/media?parent=110227"}],"wp:term":[{"taxonomy":"product_brand","embeddable":true,"href":"https:\/\/dutchhealthstore.com\/fr\/wp-json\/wp\/v2\/product_brand?post=110227"},{"taxonomy":"product_cat","embeddable":true,"href":"https:\/\/dutchhealthstore.com\/fr\/wp-json\/wp\/v2\/product_cat?post=110227"},{"taxonomy":"product_tag","embeddable":true,"href":"https:\/\/dutchhealthstore.com\/fr\/wp-json\/wp\/v2\/product_tag?post=110227"}],"curies":[{"name":"wp","href":"https:\/\/api.w.org\/{rel}","templated":true}]}}