{"id":110048,"date":"2018-04-13T19:32:14","date_gmt":"2018-04-13T17:32:14","guid":{"rendered":"https:\/\/dutchhealthstore.com\/product\/saint-johns-wort-essential-oil\/"},"modified":"2024-03-08T14:55:19","modified_gmt":"2024-03-08T14:55:19","slug":"saint-johns-wort-essential-oil","status":"publish","type":"product","link":"https:\/\/dutchhealthstore.com\/fr\/product\/saint-johns-wort-essential-oil\/","title":{"rendered":"Saint John\u2019s Wort Essential Oil"},"content":{"rendered":"<p><strong><img decoding=\"async\" class=\"size-full wp-image-69549 alignright\" src=\"https:\/\/dutchhealthstore.com\/wp-content\/uploads\/2019\/08\/NEW-Living-Libations-Logo.jpg\" alt=\"NEW - Living Libations - Logo\" width=\"175\" height=\"82\">Nom botanique :<\/strong> Hypericum perforatum<br \/>\n<strong>Famille botanique :<\/strong> Hypericaceae<br \/>\n<strong>M\u00e9thode d&rsquo;extraction :<\/strong> Distillation \u00e0 la vapeur<br \/>\n<strong>Partie de la plante distill\u00e9e :<\/strong> Fleurs<br \/>\n<strong>Pays d&rsquo;origine :<\/strong> Canada<br \/>\n<strong>M\u00e9thode de culture :<\/strong> Sauvage<br \/>\n<strong>Composition :<\/strong> 100% Hypericum perforatum<\/p>\n<h3>Description de l&rsquo;odeur<\/h3>\n<p>P\u00e9n\u00e9trant, agr\u00e9able, herbac\u00e9 avec un soup\u00e7on d&rsquo;atmosph\u00e8re oc\u00e9anique.<\/p>\n<h3>Se marie bien avec<\/h3>\n<p>Thym, thym doux, lavande, marjolaine, bois de santal, ylang, hysope, achill\u00e9e, \u00e9pinette noire, immortelle, encens, sauge sclar\u00e9e, buisson de lapin, bergamote, citron, n\u00e9roli, graines de carotte, camomille, rose otto, palmarosa et g\u00e9ranium.<\/p>\n<h3>Utilisations<\/h3>\n<p>Huiles de massage concentr\u00e9es pour faire fondre les tensions musculaires et calmer les nerfs ; premier secours pour les compresses rafra\u00eechissantes et les peaux gonfl\u00e9es ; diffusion ou inhalation dans une pipe \u00e0 sel pour une clart\u00e9 \u00e9difiante ; magnifique dans les bains au coucher ; adoucit les cicatrices et ajoute un r\u00eave serein dans les s\u00e9rums pour la peau \u00e0 l&rsquo;immortelle et \u00e0 la camomille. Les qualit\u00e9s tonifiantes de cette plante en ont fait un rem\u00e8de populaire traditionnel pour les d\u00e9s\u00e9quilibres cutan\u00e9s.<\/p>\n<h3>Contre-indication<\/h3>\n<p>Phototoxique lorsqu&rsquo;il est appliqu\u00e9 non dilu\u00e9 sur la peau et expos\u00e9 \u00e0 la lumi\u00e8re du soleil.<\/p>\n<p>Le millepertuis est aussi r\u00e9put\u00e9 que l&rsquo;Arnica pour les traumatismes \u00e9motionnels. Il \u00e9tait ador\u00e9 par les ma\u00eetres herboristes grecs Hippocrate, Th\u00e9ophraste, Dioscoride, Galien et le m\u00e9decin suisse Paracelse pour servir les nerfs.<\/p>\n<p>Il s&rsquo;agit d&rsquo;un tonique topique saint pour r\u00e9pondre aux contraintes de la tonalit\u00e9 et de la texture de la peau. Int\u00e9grez le millepertuis, riche en sesquiterp\u00e8nes, dans des pommades pour la peau afin d&rsquo;adoucir l&rsquo;apparence des cicatrices, des taches et des d\u00e9s\u00e9quilibres.<\/p>\n<p>Inhalez cet ar\u00f4me et sentez son plaisir p\u00e9n\u00e9trant voyager de votre nez \u00e0 votre cerveau o\u00f9 ces mol\u00e9cules vont pleuvoir.<\/p>\n<p><strong>Taille: 5 ml, 15 ml et 30 ml<\/strong><\/p>\n<h3>Ingr\u00e9dients biologiques<\/h3>\n<p>100% d&rsquo;huile essentielle de millepertuis (Hypericum perforatum).<\/p>\n<p style=\"text-align: center;\"><em>\u00ab\u00a0L&rsquo;huile essentielle de millepertuis est aussi douce que la l\u00e9gende de cette plante. L&rsquo;huile est profond\u00e9ment p\u00e9n\u00e9trante et plus volatile que les autres huiles essentielles. Elle est pr\u00e9cieuse et rare.\u00a0\u00bb<\/em><br \/>\n~ Kurt Schnaubelt, <strong>Advanced Aromatherapy.<\/strong><\/p>\n<p>&nbsp;<\/p>\n<p><img fetchpriority=\"high\" decoding=\"async\" class=\"size-medium wp-image-68103 aligncenter\" src=\"https:\/\/dutchhealthstore.com\/wp-content\/uploads\/2018\/02\/Living-Libations-Organic-Logo-800x89.png\" alt=\"Living Libations - Organic Logo\" width=\"800\" height=\"89\" srcset=\"https:\/\/dutchhealthstore.com\/wp-content\/uploads\/2018\/02\/Living-Libations-Organic-Logo-800x89.png 800w, https:\/\/dutchhealthstore.com\/wp-content\/uploads\/2018\/02\/Living-Libations-Organic-Logo-510x57.png 510w, https:\/\/dutchhealthstore.com\/wp-content\/uploads\/2018\/02\/Living-Libations-Organic-Logo-768x85.png 768w, https:\/\/dutchhealthstore.com\/wp-content\/uploads\/2018\/02\/Living-Libations-Organic-Logo.png 1400w\" sizes=\"(max-width: 800px) 100vw, 800px\" \/><\/p>\n","protected":false},"excerpt":{"rendered":"<p>Au z\u00e9nith de la saison estivale, les fleurs de <strong>millepertuis<\/strong> sont r\u00e9colt\u00e9es \u00e0 juste titre pour distiller un tonique qui contient tout un monde dans une goutte.<br \/>\nCette fleur du solstice ensoleill\u00e9 incarne la d\u00e9tente, la joie et tout ce qui est cher dans chacune de ses fleurs sauvages jaunes en forme d&rsquo;\u00e9toile.<br \/>\nInvitez les rayons du soleil \u00e0 entrer dans votre maison et apaisez vos nerfs et votre peau avec cette aide pr\u00e9cieuse \u00e0 base de plantes.<\/p>\n","protected":false},"featured_media":196981,"comment_status":"open","ping_status":"closed","template":"","meta":[],"product_brand":[],"product_cat":[5102,6734,1507,1211,1209,3757,1010,6733],"product_tag":[4495],"class_list":{"0":"post-110048","1":"product","2":"type-product","3":"status-publish","4":"has-post-thumbnail","6":"product_cat-air-care-fr","7":"product_cat-essential-oils","8":"product_cat-plantes-huiles-essentielles-living-libations","9":"product_cat-living-libations-france","10":"product_cat-par-marques","11":"product_cat-plantes-huiles-essentielles","12":"product_cat-notre-boutique","13":"product_cat-wellness-fr-2","14":"product_tag-essential-oil-fr","15":"pa_brand-livinglibations-fr","16":"pa_essential-oils-product-type-essential-oils-fr","17":"pa_size-15-ml-fr","18":"pa_size-5-ml-fr","20":"first","21":"instock","22":"taxable","23":"shipping-taxable","24":"purchasable","25":"product-type-simple"},"bundled_by":[],"bundle_stock_status":"instock","bundle_stock_quantity":1,"bundle_virtual":false,"bundle_layout":"","bundle_add_to_cart_form_location":"","bundle_editable_in_cart":false,"bundle_sold_individually_context":"","bundle_item_grouping":"","bundle_min_size":"","bundle_max_size":"","bundle_price":[],"bundled_items":[],"bundle_sell_ids":[],"atum_controlled":true,"out_stock_date":null,"out_stock_threshold":null,"inheritable":false,"stock_on_hold":0,"sold_today":0,"sales_last_days":0,"out_stock_days":0,"lost_sales":0,"update_date":"2026-04-16T06:40:44","atum_locations":[],"atum_stock_status":"instock","restock_status":false,"low_stock_amount":"","sales_update_date":"2026-04-16T06:40:44","calc_backorders":null,"group_of_quantity":0,"min_quantity":0,"max_quantity":"","exclude_order_quantity_value_rules":"no","exclude_category_quantity_rules":"no","combine_variations":"no","yoast_head":"<!-- This site is optimized with the Yoast SEO Premium plugin v26.5 (Yoast SEO v26.5) - https:\/\/yoast.com\/wordpress\/plugins\/seo\/ -->\n<title>Saint John\u2019s Wort Essential Oil | Living Libations<\/title>\n<meta name=\"description\" content=\"Au z\u00e9nith de la saison estivale, les fleurs de millepertuis sont r\u00e9colt\u00e9es \u00e0 juste titre pour distiller un tonique qui contient tout un monde dans une goutte.\" \/>\n<meta name=\"robots\" content=\"index, follow, max-snippet:-1, max-image-preview:large, max-video-preview:-1\" \/>\n<link rel=\"canonical\" href=\"https:\/\/dutchhealthstore.com\/fr\/product\/saint-johns-wort-essential-oil\/\" \/>\n<meta property=\"og:locale\" content=\"fr_FR\" \/>\n<meta property=\"og:type\" content=\"article\" \/>\n<meta property=\"og:title\" content=\"Saint John\u2019s Wort Essential Oil - Dutch Health Store\" \/>\n<meta property=\"og:description\" content=\"Au z\u00e9nith de la saison estivale, les fleurs de millepertuis sont r\u00e9colt\u00e9es \u00e0 juste titre pour distiller un tonique qui contient tout un monde dans une goutte.\" \/>\n<meta property=\"og:url\" content=\"https:\/\/dutchhealthstore.com\/fr\/product\/saint-johns-wort-essential-oil\/\" \/>\n<meta property=\"og:site_name\" content=\"Dutch Health Store\" \/>\n<meta property=\"article:publisher\" content=\"https:\/\/www.instagram.com\/dutchhealthstore\/\" \/>\n<meta property=\"article:modified_time\" content=\"2024-03-08T14:55:19+00:00\" \/>\n<meta property=\"og:image\" content=\"https:\/\/dutchhealthstore.com\/wp-content\/uploads\/2018\/04\/st-johns-wort-essential-oil.jpg\" \/>\n\t<meta property=\"og:image:width\" content=\"500\" \/>\n\t<meta property=\"og:image:height\" content=\"500\" \/>\n\t<meta property=\"og:image:type\" content=\"image\/jpeg\" \/>\n<meta name=\"twitter:card\" content=\"summary_large_image\" \/>\n<meta name=\"twitter:label1\" content=\"Prix\" \/>\n\t<meta name=\"twitter:data1\" content=\"&euro;36,00\" \/>\n\t<meta name=\"twitter:label2\" content=\"Disponibilit\u00e9\" \/>\n\t<meta name=\"twitter:data2\" content=\"En stock\" \/>\n<script type=\"application\/ld+json\" class=\"yoast-schema-graph\">{\"@context\":\"https:\/\/schema.org\",\"@graph\":[{\"@type\":\"WebPage\",\"@id\":\"https:\/\/dutchhealthstore.com\/fr\/product\/saint-johns-wort-essential-oil\/\",\"url\":\"https:\/\/dutchhealthstore.com\/fr\/product\/saint-johns-wort-essential-oil\/\",\"name\":\"Saint John\u2019s Wort Essential Oil | Living Libations\",\"isPartOf\":{\"@id\":\"https:\/\/dutchhealthstore.com\/fr\/#website\"},\"primaryImageOfPage\":{\"@id\":\"https:\/\/dutchhealthstore.com\/fr\/product\/saint-johns-wort-essential-oil\/#primaryimage\"},\"image\":{\"@id\":\"https:\/\/dutchhealthstore.com\/fr\/product\/saint-johns-wort-essential-oil\/#primaryimage\"},\"thumbnailUrl\":\"https:\/\/dutchhealthstore.com\/wp-content\/uploads\/2018\/04\/st-johns-wort-essential-oil.jpg\",\"datePublished\":\"2018-04-13T17:32:14+00:00\",\"dateModified\":\"2024-03-08T14:55:19+00:00\",\"description\":\"Au z\u00e9nith de la saison estivale, les fleurs de millepertuis sont r\u00e9colt\u00e9es \u00e0 juste titre pour distiller un tonique qui contient tout un monde dans une goutte.\",\"breadcrumb\":{\"@id\":\"https:\/\/dutchhealthstore.com\/fr\/product\/saint-johns-wort-essential-oil\/#breadcrumb\"},\"inLanguage\":\"fr-FR\",\"potentialAction\":[{\"@type\":\"ReadAction\",\"target\":[\"https:\/\/dutchhealthstore.com\/fr\/product\/saint-johns-wort-essential-oil\/\"]}]},{\"@type\":\"ImageObject\",\"inLanguage\":\"fr-FR\",\"@id\":\"https:\/\/dutchhealthstore.com\/fr\/product\/saint-johns-wort-essential-oil\/#primaryimage\",\"url\":\"https:\/\/dutchhealthstore.com\/wp-content\/uploads\/2018\/04\/st-johns-wort-essential-oil.jpg\",\"contentUrl\":\"https:\/\/dutchhealthstore.com\/wp-content\/uploads\/2018\/04\/st-johns-wort-essential-oil.jpg\",\"width\":500,\"height\":500,\"caption\":\"st johns wort essential oil\"},{\"@type\":\"BreadcrumbList\",\"@id\":\"https:\/\/dutchhealthstore.com\/fr\/product\/saint-johns-wort-essential-oil\/#breadcrumb\",\"itemListElement\":[{\"@type\":\"ListItem\",\"position\":1,\"name\":\"Home\",\"item\":\"https:\/\/dutchhealthstore.com\/fr\/\"},{\"@type\":\"ListItem\",\"position\":2,\"name\":\"Shop\",\"item\":\"https:\/\/dutchhealthstore.com\/fr\/shop\/\"},{\"@type\":\"ListItem\",\"position\":3,\"name\":\"Saint John\u2019s Wort Essential Oil\"}]},{\"@type\":\"WebSite\",\"@id\":\"https:\/\/dutchhealthstore.com\/fr\/#website\",\"url\":\"https:\/\/dutchhealthstore.com\/fr\/\",\"name\":\"Dutch Health Store\",\"description\":\"Enhance Your Beauty with Organic &amp; Natural Skincare\",\"publisher\":{\"@id\":\"https:\/\/dutchhealthstore.com\/fr\/#organization\"},\"potentialAction\":[{\"@type\":\"SearchAction\",\"target\":{\"@type\":\"EntryPoint\",\"urlTemplate\":\"https:\/\/dutchhealthstore.com\/fr\/?s={search_term_string}\"},\"query-input\":{\"@type\":\"PropertyValueSpecification\",\"valueRequired\":true,\"valueName\":\"search_term_string\"}}],\"inLanguage\":\"fr-FR\"},{\"@type\":\"Organization\",\"@id\":\"https:\/\/dutchhealthstore.com\/fr\/#organization\",\"name\":\"Dutch Health Store\",\"url\":\"https:\/\/dutchhealthstore.com\/fr\/\",\"logo\":{\"@type\":\"ImageObject\",\"inLanguage\":\"fr-FR\",\"@id\":\"https:\/\/dutchhealthstore.com\/fr\/#\/schema\/logo\/image\/\",\"url\":\"https:\/\/dutchhealthstore.com\/wp-content\/uploads\/2020\/08\/logo-dutchhealthstore-jpg-e1599484957574.jpg\",\"contentUrl\":\"https:\/\/dutchhealthstore.com\/wp-content\/uploads\/2020\/08\/logo-dutchhealthstore-jpg-e1599484957574.jpg\",\"width\":400,\"height\":62,\"caption\":\"Dutch Health Store\"},\"image\":{\"@id\":\"https:\/\/dutchhealthstore.com\/fr\/#\/schema\/logo\/image\/\"},\"sameAs\":[\"https:\/\/www.instagram.com\/dutchhealthstore\/\",\"https:\/\/www.facebook.com\/dutchhealthstore\"]}]}<\/script>\n<meta property=\"product:brand\" content=\"Living Libations\" \/>\n<meta property=\"product:price:amount\" content=\"36.00\" \/>\n<meta property=\"product:price:currency\" content=\"EUR\" \/>\n<meta property=\"og:availability\" content=\"instock\" \/>\n<meta property=\"product:availability\" content=\"instock\" \/>\n<meta property=\"product:condition\" content=\"new\" \/>\n<!-- \/ Yoast SEO Premium plugin. -->","yoast_head_json":{"title":"Saint John\u2019s Wort Essential Oil | Living Libations","description":"Au z\u00e9nith de la saison estivale, les fleurs de millepertuis sont r\u00e9colt\u00e9es \u00e0 juste titre pour distiller un tonique qui contient tout un monde dans une goutte.","robots":{"index":"index","follow":"follow","max-snippet":"max-snippet:-1","max-image-preview":"max-image-preview:large","max-video-preview":"max-video-preview:-1"},"canonical":"https:\/\/dutchhealthstore.com\/fr\/product\/saint-johns-wort-essential-oil\/","og_locale":"fr_FR","og_type":"article","og_title":"Saint John\u2019s Wort Essential Oil - Dutch Health Store","og_description":"Au z\u00e9nith de la saison estivale, les fleurs de millepertuis sont r\u00e9colt\u00e9es \u00e0 juste titre pour distiller un tonique qui contient tout un monde dans une goutte.","og_url":"https:\/\/dutchhealthstore.com\/fr\/product\/saint-johns-wort-essential-oil\/","og_site_name":"Dutch Health Store","article_publisher":"https:\/\/www.instagram.com\/dutchhealthstore\/","article_modified_time":"2024-03-08T14:55:19+00:00","og_image":[{"width":500,"height":500,"url":"https:\/\/dutchhealthstore.com\/wp-content\/uploads\/2018\/04\/st-johns-wort-essential-oil.jpg","type":"image\/jpeg"}],"twitter_card":"summary_large_image","twitter_misc":{"Prix":"&euro;36,00","Disponibilit\u00e9":"En stock"},"schema":{"@context":"https:\/\/schema.org","@graph":[{"@type":"WebPage","@id":"https:\/\/dutchhealthstore.com\/fr\/product\/saint-johns-wort-essential-oil\/","url":"https:\/\/dutchhealthstore.com\/fr\/product\/saint-johns-wort-essential-oil\/","name":"Saint John\u2019s Wort Essential Oil | Living Libations","isPartOf":{"@id":"https:\/\/dutchhealthstore.com\/fr\/#website"},"primaryImageOfPage":{"@id":"https:\/\/dutchhealthstore.com\/fr\/product\/saint-johns-wort-essential-oil\/#primaryimage"},"image":{"@id":"https:\/\/dutchhealthstore.com\/fr\/product\/saint-johns-wort-essential-oil\/#primaryimage"},"thumbnailUrl":"https:\/\/dutchhealthstore.com\/wp-content\/uploads\/2018\/04\/st-johns-wort-essential-oil.jpg","datePublished":"2018-04-13T17:32:14+00:00","dateModified":"2024-03-08T14:55:19+00:00","description":"Au z\u00e9nith de la saison estivale, les fleurs de millepertuis sont r\u00e9colt\u00e9es \u00e0 juste titre pour distiller un tonique qui contient tout un monde dans une goutte.","breadcrumb":{"@id":"https:\/\/dutchhealthstore.com\/fr\/product\/saint-johns-wort-essential-oil\/#breadcrumb"},"inLanguage":"fr-FR","potentialAction":[{"@type":"ReadAction","target":["https:\/\/dutchhealthstore.com\/fr\/product\/saint-johns-wort-essential-oil\/"]}]},{"@type":"ImageObject","inLanguage":"fr-FR","@id":"https:\/\/dutchhealthstore.com\/fr\/product\/saint-johns-wort-essential-oil\/#primaryimage","url":"https:\/\/dutchhealthstore.com\/wp-content\/uploads\/2018\/04\/st-johns-wort-essential-oil.jpg","contentUrl":"https:\/\/dutchhealthstore.com\/wp-content\/uploads\/2018\/04\/st-johns-wort-essential-oil.jpg","width":500,"height":500,"caption":"st johns wort essential oil"},{"@type":"BreadcrumbList","@id":"https:\/\/dutchhealthstore.com\/fr\/product\/saint-johns-wort-essential-oil\/#breadcrumb","itemListElement":[{"@type":"ListItem","position":1,"name":"Home","item":"https:\/\/dutchhealthstore.com\/fr\/"},{"@type":"ListItem","position":2,"name":"Shop","item":"https:\/\/dutchhealthstore.com\/fr\/shop\/"},{"@type":"ListItem","position":3,"name":"Saint John\u2019s Wort Essential Oil"}]},{"@type":"WebSite","@id":"https:\/\/dutchhealthstore.com\/fr\/#website","url":"https:\/\/dutchhealthstore.com\/fr\/","name":"Dutch Health Store","description":"Enhance Your Beauty with Organic &amp; Natural Skincare","publisher":{"@id":"https:\/\/dutchhealthstore.com\/fr\/#organization"},"potentialAction":[{"@type":"SearchAction","target":{"@type":"EntryPoint","urlTemplate":"https:\/\/dutchhealthstore.com\/fr\/?s={search_term_string}"},"query-input":{"@type":"PropertyValueSpecification","valueRequired":true,"valueName":"search_term_string"}}],"inLanguage":"fr-FR"},{"@type":"Organization","@id":"https:\/\/dutchhealthstore.com\/fr\/#organization","name":"Dutch Health Store","url":"https:\/\/dutchhealthstore.com\/fr\/","logo":{"@type":"ImageObject","inLanguage":"fr-FR","@id":"https:\/\/dutchhealthstore.com\/fr\/#\/schema\/logo\/image\/","url":"https:\/\/dutchhealthstore.com\/wp-content\/uploads\/2020\/08\/logo-dutchhealthstore-jpg-e1599484957574.jpg","contentUrl":"https:\/\/dutchhealthstore.com\/wp-content\/uploads\/2020\/08\/logo-dutchhealthstore-jpg-e1599484957574.jpg","width":400,"height":62,"caption":"Dutch Health Store"},"image":{"@id":"https:\/\/dutchhealthstore.com\/fr\/#\/schema\/logo\/image\/"},"sameAs":["https:\/\/www.instagram.com\/dutchhealthstore\/","https:\/\/www.facebook.com\/dutchhealthstore"]}]},"product_brand":"Living Libations","product_price_amount":"36.00","product_price_currency":"EUR","og_availability":"instock","product_availability":"instock","product_condition":"new"},"_links":{"self":[{"href":"https:\/\/dutchhealthstore.com\/fr\/wp-json\/wp\/v2\/product\/110048","targetHints":{"allow":["GET"]}}],"collection":[{"href":"https:\/\/dutchhealthstore.com\/fr\/wp-json\/wp\/v2\/product"}],"about":[{"href":"https:\/\/dutchhealthstore.com\/fr\/wp-json\/wp\/v2\/types\/product"}],"replies":[{"embeddable":true,"href":"https:\/\/dutchhealthstore.com\/fr\/wp-json\/wp\/v2\/comments?post=110048"}],"wp:featuredmedia":[{"embeddable":true,"href":"https:\/\/dutchhealthstore.com\/fr\/wp-json\/wp\/v2\/media\/196981"}],"wp:attachment":[{"href":"https:\/\/dutchhealthstore.com\/fr\/wp-json\/wp\/v2\/media?parent=110048"}],"wp:term":[{"taxonomy":"product_brand","embeddable":true,"href":"https:\/\/dutchhealthstore.com\/fr\/wp-json\/wp\/v2\/product_brand?post=110048"},{"taxonomy":"product_cat","embeddable":true,"href":"https:\/\/dutchhealthstore.com\/fr\/wp-json\/wp\/v2\/product_cat?post=110048"},{"taxonomy":"product_tag","embeddable":true,"href":"https:\/\/dutchhealthstore.com\/fr\/wp-json\/wp\/v2\/product_tag?post=110048"}],"curies":[{"name":"wp","href":"https:\/\/api.w.org\/{rel}","templated":true}]}}