{"id":109970,"date":"2018-02-10T12:50:23","date_gmt":"2018-02-10T11:50:23","guid":{"rendered":"https:\/\/dutchhealthstore.com\/product\/epiphany-elixir\/"},"modified":"2024-03-11T08:04:43","modified_gmt":"2024-03-11T08:04:43","slug":"epiphany-elixir","status":"publish","type":"product","link":"https:\/\/dutchhealthstore.com\/fr\/product\/epiphany-elixir\/","title":{"rendered":"Epiphany Elixir"},"content":{"rendered":"<p><img decoding=\"async\" class=\"size-full wp-image-37041 alignright\" src=\"https:\/\/dutchhealthstore.com\/wp-content\/uploads\/2018\/04\/Living_Libations-1.png\" alt=\"Organic &amp; Natural Beautyproducts - Living Libations\" width=\"175\" height=\"82\">\u00c9largissez les portails de perception intuitive dans la r\u00e9ception de l&rsquo;esprit avec ce chr\u00eame clarifiant. Epiphany Elixir est une muse m\u00e9ditative \u00e0 oindre sur le chakra du front, le nez, la poitrine et la langue. \u00c0 utiliser pour la r\u00e9flexion, la m\u00e9ditation, le yoga et les \u00e9tats d&rsquo;\u00e9veil de cr\u00e9ation-clarification. Voyagez vers votre cosmos int\u00e9rieur et puisez \u00e0 la source de vos propres \u00e9piphanies en vous d\u00e9lectant des \u00e9l\u00e9ments de l&rsquo;intelligence botanique.<\/p>\n<h3>Comment utiliser<\/h3>\n<p>Ajouter aux diffuseurs et \u00e0 la pipe \u00e0 sel. Appliquer pur sur le chakra du front, sous le nez ou sur la langue pour rafra\u00eechir l&rsquo;haleine. M\u00e9langez \u00e0 un m\u00e9lange de massage ou \u00e0 un bain pour un effet \u00e9th\u00e9r\u00e9 suppl\u00e9mentaire.<\/p>\n<p><strong>Taille : 5 ml et 15 ml<\/strong><\/p>\n<h3 class=\"yikes-custom-woo-tab-title yikes-custom-woo-tab-title-natural-organic-ingredients\">Ingr\u00e9dients Naturels\/Biologiques<\/h3>\n<p><strong>Encens <\/strong><em>(Boswellia carterii)<\/em> &#8211; L&rsquo;encens est l&rsquo;essence par excellence pour cultiver la r\u00e9v\u00e9rence. Perles liquides de l&rsquo;arbre de vie, l&rsquo;encens est distill\u00e9 \u00e0 partir de la s\u00e8ve r\u00e9sineuse de l&rsquo;arbre. Ointe et inhal\u00e9e dans les c\u00e9r\u00e9monies spirituelles depuis des milliers d&rsquo;ann\u00e9es, cette huile fine et parfum\u00e9e apaise les nerfs, approfondit la respiration pendant la m\u00e9ditation et augmente l&rsquo;intuition de notre guidance int\u00e9rieure. \u00ab\u00a0D\u00e9tenant la sagesse des \u00e2ges, il attend ce qu&rsquo;on lui demande, et peut faire tout ce qui peut \u00eatre exig\u00e9&#8230; L&rsquo;encens est \u00e9levant, spirituel et m\u00e9ditatif, et d\u00e9tient une partie de la sagesse de l&rsquo;univers, celle qui se manifeste dans le soi spirituel.\u00a0\u00bb<\/p>\n<p><strong>Myrrhe <\/strong><em>(Commiphora myrrha<\/em>) &#8211; L&rsquo;essence de myrrhe contient le m\u00eame ar\u00f4me et les m\u00eames propri\u00e9t\u00e9s curatives que ceux qui ont fait d&rsquo;elle la pr\u00e9f\u00e9r\u00e9e de tant de civilisations anciennes. \u00ab\u00a0En \u00c9gypte, \u00e0 H\u00e9liopolis, ville du dieu soleil R\u00ea, on br\u00fblait de l&rsquo;encens trois fois par jour pour marquer les stations du voyage du soleil et on utilisait de la myrrhe \u00e0 midi.\u00a0\u00bb En plus d&rsquo;utiliser la myrrhe pour embaumer, les \u00c9gyptiens utilisaient cette huile comme onguent de beaut\u00e9 et comme parfum pour la maison. C\u00e9l\u00e8bre pour avoir \u00e9t\u00e9 l&rsquo;un des trois cadeaux pr\u00e9cieux offerts \u00e0 la naissance de J\u00e9sus par les Rois Mages, la myrrhe \u00e9tait consid\u00e9r\u00e9e comme sacr\u00e9e aux temps bibliques. Ils oignaient les autels avec cette s\u00e8ve puissante, qui \u00e9tait consid\u00e9r\u00e9e comme l&rsquo;incarnation de la puret\u00e9. \u00ab\u00a0Ce parfum profond r\u00e9sonne avec le gu\u00e9risseur de blessures &#8211; les blessures profondes, portant la douleur des autres &#8211; pour l&rsquo;infini. Le parfum permet de l\u00e2cher prise sur le besoin de se battre pour le juste contre l&rsquo;injuste.<\/p>\n<p><strong>Rose Otto <\/strong><em>(Rosa damascena<\/em>) &#8211; La rose royale a \u00e9t\u00e9 un ingr\u00e9dient essentiel dans les cultures anciennes du monde entier. Po\u00e8tes, \u00e9crivains et mystiques ont vant\u00e9 les effets r\u00e9confortants de l&rsquo;otto rose, qui ouvre le c\u0153ur \u00e0 l&rsquo;amour. Cette huile romantique encourage la confiance, \u00e9l\u00e8ve l&rsquo;esprit et aide \u00e0 gu\u00e9rir les peines de c\u0153ur. \u00ab\u00a0Le souffle de la rose otto est comme le battement des ailes des anges. Il fonctionne avec une lumi\u00e8re bien plus brillante que le soleil, avec une fr\u00e9quence qui ne peut \u00eatre mesur\u00e9e mais qui est pourtant partout, et que nous ne pouvons ressentir que si nous nous arr\u00eatons pour sentir la rose. Rose otto vibre avec l&rsquo;\u00e9nergie de l&rsquo;amour universel, fonctionnant dans la lumi\u00e8re de l&rsquo;amour inconditionnel et du don.<\/p>\n<p><b>Citron <\/b><em>(Citrus limonum<\/em>) &#8211; Notre charmante essence de citron, pleine de vie, est un \u00e9lixir revitalisant et d\u00e9licieux. Extraite de l&rsquo;\u00e9corce de milliers de citrons, chaque goutte contient en elle le pouvoir d&rsquo;\u00e9lever l&rsquo;humeur et de revigorer les sens. \u00ab\u00a0Le citron clarifie tout par l&rsquo;\u00e9l\u00e9vation et la concentration. En cela, il y a le centrage et l&rsquo;\u00e9lan n\u00e9cessaire \u00e0 l&rsquo;envoi de pens\u00e9es pr\u00e9cieuses. Son parfum permet \u00e0 nos m\u00e9ditations d&rsquo;\u00eatre plus profondes et \u00e0 nos pri\u00e8res de prendre leur envol.\u00a0\u00bb Valerie Ann Worwood, Aromatherapy for the Soul.<\/p>\n<p><img fetchpriority=\"high\" decoding=\"async\" class=\"size-full wp-image-31577 aligncenter\" src=\"https:\/\/dutchhealthstore.com\/wp-content\/uploads\/2018\/03\/organic_big.png\" alt=\"Organic and Natural - Living Libations\" width=\"623\" height=\"103\" srcset=\"https:\/\/dutchhealthstore.com\/wp-content\/uploads\/2018\/03\/organic_big.png 623w, https:\/\/dutchhealthstore.com\/wp-content\/uploads\/2018\/03\/organic_big-510x84.png 510w, https:\/\/dutchhealthstore.com\/wp-content\/uploads\/2018\/03\/organic_big-600x99.png 600w, https:\/\/dutchhealthstore.com\/wp-content\/uploads\/2018\/03\/organic_big-350x58.png 350w\" sizes=\"(max-width: 623px) 100vw, 623px\" \/><\/p>\n","protected":false},"excerpt":{"rendered":"<p>\u00c9largissez les portails de perception intuitive dans la r\u00e9ception de l&rsquo;esprit avec ce chr\u00eame clarifiant. <strong>Epiphany Elixir<\/strong> est une muse m\u00e9ditative \u00e0 oindre sur le chakra du front, le nez, la poitrine et la langue. \u00c0 utiliser pour la r\u00e9flexion, la m\u00e9ditation, le yoga et les \u00e9tats d&rsquo;\u00e9veil de cr\u00e9ation-clarification.<br \/>\nVoyagez vers votre cosmos int\u00e9rieur et puisez \u00e0 la source de vos propres \u00e9piphanies en vous d\u00e9lectant des \u00e9l\u00e9ments de l&rsquo;intelligence botanique.<\/p>\n","protected":false},"featured_media":113188,"comment_status":"open","ping_status":"closed","template":"","meta":[],"product_brand":[],"product_cat":[5102,6745,8453,6734,6744,1211,3756,6746,1209,1010,6733],"product_tag":[4495],"class_list":{"0":"post-109970","1":"product","2":"type-product","3":"status-publish","4":"has-post-thumbnail","6":"product_cat-air-care-fr","7":"product_cat-clarity-focus-fr-2","8":"product_cat-balance-calm-fr-2","9":"product_cat-essential-oils","10":"product_cat-mood-fr-2","11":"product_cat-living-libations-france","12":"product_cat-melanges","13":"product_cat-essential-oil-blends-fr-2","14":"product_cat-par-marques","15":"product_cat-notre-boutique","16":"product_cat-wellness-fr-2","17":"product_tag-essential-oil-fr","18":"pa_brand-livinglibations-fr","19":"pa_essential-oils-product-type-essential-oil-blends-fr","20":"pa_mood-clarity-focus-fr","21":"pa_mood-balance-calm-fr","22":"pa_size-5-ml-fr","23":"pa_size-15-ml-fr","25":"first","26":"instock","27":"taxable","28":"shipping-taxable","29":"purchasable","30":"product-type-variable"},"bundled_by":[],"bundle_stock_status":"instock","bundle_stock_quantity":null,"bundle_virtual":false,"bundle_layout":"","bundle_add_to_cart_form_location":"","bundle_editable_in_cart":false,"bundle_sold_individually_context":"","bundle_item_grouping":"","bundle_min_size":"","bundle_max_size":"","bundle_price":[],"bundled_items":[],"bundle_sell_ids":[247525],"atum_controlled":true,"out_stock_date":"2021-09-10 18:03:24","out_stock_threshold":null,"inheritable":true,"stock_on_hold":0,"sold_today":0,"sales_last_days":0,"out_stock_days":1672,"lost_sales":0,"update_date":"2026-04-10T00:01:29","atum_locations":[],"atum_stock_status":"instock","restock_status":false,"low_stock_amount":"","sales_update_date":"2026-04-10T00:01:27","calc_backorders":null,"group_of_quantity":0,"min_quantity":0,"max_quantity":"","exclude_order_quantity_value_rules":"no","exclude_category_quantity_rules":"no","combine_variations":"no","yoast_head":"<!-- This site is optimized with the Yoast SEO Premium plugin v26.5 (Yoast SEO v26.5) - https:\/\/yoast.com\/wordpress\/plugins\/seo\/ -->\n<title>Epiphany Elixir | Living Libations<\/title>\n<meta name=\"description\" content=\"Epiphany Elixir - Encens, fortifiant la force de la clart\u00e9 cristalline; un voyage vers votre s\u00e9rum solaire int\u00e9rieur.\" \/>\n<meta name=\"robots\" content=\"index, follow, max-snippet:-1, max-image-preview:large, max-video-preview:-1\" \/>\n<link rel=\"canonical\" href=\"https:\/\/dutchhealthstore.com\/fr\/product\/epiphany-elixir\/\" \/>\n<meta property=\"og:locale\" content=\"fr_FR\" \/>\n<meta property=\"og:type\" content=\"article\" \/>\n<meta property=\"og:title\" content=\"Epiphany Elixir - Dutch Health Store\" \/>\n<meta property=\"og:description\" content=\"Epiphany Elixir - Encens, fortifiant la force de la clart\u00e9 cristalline; un voyage vers votre s\u00e9rum solaire int\u00e9rieur.\" \/>\n<meta property=\"og:url\" content=\"https:\/\/dutchhealthstore.com\/fr\/product\/epiphany-elixir\/\" \/>\n<meta property=\"og:site_name\" content=\"Dutch Health Store\" \/>\n<meta property=\"article:publisher\" content=\"https:\/\/www.instagram.com\/dutchhealthstore\/\" \/>\n<meta property=\"article:modified_time\" content=\"2024-03-11T08:04:43+00:00\" \/>\n<meta property=\"og:image\" content=\"https:\/\/dutchhealthstore.com\/wp-content\/uploads\/2018\/02\/Living-Libations-Epiphany-Elixir-e1594635123189.jpg\" \/>\n\t<meta property=\"og:image:width\" content=\"500\" \/>\n\t<meta property=\"og:image:height\" content=\"500\" \/>\n\t<meta property=\"og:image:type\" content=\"image\/jpeg\" \/>\n<meta name=\"twitter:card\" content=\"summary_large_image\" \/>\n<meta name=\"twitter:label1\" content=\"Disponibilit\u00e9\" \/>\n\t<meta name=\"twitter:data1\" content=\"En stock\" \/>\n<script type=\"application\/ld+json\" class=\"yoast-schema-graph\">{\"@context\":\"https:\/\/schema.org\",\"@graph\":[{\"@type\":\"WebPage\",\"@id\":\"https:\/\/dutchhealthstore.com\/fr\/product\/epiphany-elixir\/\",\"url\":\"https:\/\/dutchhealthstore.com\/fr\/product\/epiphany-elixir\/\",\"name\":\"Epiphany Elixir | Living Libations\",\"isPartOf\":{\"@id\":\"https:\/\/dutchhealthstore.com\/fr\/#website\"},\"primaryImageOfPage\":{\"@id\":\"https:\/\/dutchhealthstore.com\/fr\/product\/epiphany-elixir\/#primaryimage\"},\"image\":{\"@id\":\"https:\/\/dutchhealthstore.com\/fr\/product\/epiphany-elixir\/#primaryimage\"},\"thumbnailUrl\":\"https:\/\/dutchhealthstore.com\/wp-content\/uploads\/2018\/02\/Living-Libations-Epiphany-Elixir-e1594635123189.jpg\",\"datePublished\":\"2018-02-10T11:50:23+00:00\",\"dateModified\":\"2024-03-11T08:04:43+00:00\",\"description\":\"Epiphany Elixir - Encens, fortifiant la force de la clart\u00e9 cristalline; un voyage vers votre s\u00e9rum solaire int\u00e9rieur.\",\"breadcrumb\":{\"@id\":\"https:\/\/dutchhealthstore.com\/fr\/product\/epiphany-elixir\/#breadcrumb\"},\"inLanguage\":\"fr-FR\",\"potentialAction\":[{\"@type\":\"ReadAction\",\"target\":[\"https:\/\/dutchhealthstore.com\/fr\/product\/epiphany-elixir\/\"]}]},{\"@type\":\"ImageObject\",\"inLanguage\":\"fr-FR\",\"@id\":\"https:\/\/dutchhealthstore.com\/fr\/product\/epiphany-elixir\/#primaryimage\",\"url\":\"https:\/\/dutchhealthstore.com\/wp-content\/uploads\/2018\/02\/Living-Libations-Epiphany-Elixir-e1594635123189.jpg\",\"contentUrl\":\"https:\/\/dutchhealthstore.com\/wp-content\/uploads\/2018\/02\/Living-Libations-Epiphany-Elixir-e1594635123189.jpg\",\"width\":500,\"height\":500,\"caption\":\"Living Libations Epiphany Elixir\"},{\"@type\":\"BreadcrumbList\",\"@id\":\"https:\/\/dutchhealthstore.com\/fr\/product\/epiphany-elixir\/#breadcrumb\",\"itemListElement\":[{\"@type\":\"ListItem\",\"position\":1,\"name\":\"Home\",\"item\":\"https:\/\/dutchhealthstore.com\/fr\/\"},{\"@type\":\"ListItem\",\"position\":2,\"name\":\"Shop\",\"item\":\"https:\/\/dutchhealthstore.com\/fr\/shop\/\"},{\"@type\":\"ListItem\",\"position\":3,\"name\":\"Epiphany Elixir\"}]},{\"@type\":\"WebSite\",\"@id\":\"https:\/\/dutchhealthstore.com\/fr\/#website\",\"url\":\"https:\/\/dutchhealthstore.com\/fr\/\",\"name\":\"Dutch Health Store\",\"description\":\"Enhance Your Beauty with Organic &amp; Natural Skincare\",\"publisher\":{\"@id\":\"https:\/\/dutchhealthstore.com\/fr\/#organization\"},\"potentialAction\":[{\"@type\":\"SearchAction\",\"target\":{\"@type\":\"EntryPoint\",\"urlTemplate\":\"https:\/\/dutchhealthstore.com\/fr\/?s={search_term_string}\"},\"query-input\":{\"@type\":\"PropertyValueSpecification\",\"valueRequired\":true,\"valueName\":\"search_term_string\"}}],\"inLanguage\":\"fr-FR\"},{\"@type\":\"Organization\",\"@id\":\"https:\/\/dutchhealthstore.com\/fr\/#organization\",\"name\":\"Dutch Health Store\",\"url\":\"https:\/\/dutchhealthstore.com\/fr\/\",\"logo\":{\"@type\":\"ImageObject\",\"inLanguage\":\"fr-FR\",\"@id\":\"https:\/\/dutchhealthstore.com\/fr\/#\/schema\/logo\/image\/\",\"url\":\"https:\/\/dutchhealthstore.com\/wp-content\/uploads\/2020\/08\/logo-dutchhealthstore-jpg-e1599484957574.jpg\",\"contentUrl\":\"https:\/\/dutchhealthstore.com\/wp-content\/uploads\/2020\/08\/logo-dutchhealthstore-jpg-e1599484957574.jpg\",\"width\":400,\"height\":62,\"caption\":\"Dutch Health Store\"},\"image\":{\"@id\":\"https:\/\/dutchhealthstore.com\/fr\/#\/schema\/logo\/image\/\"},\"sameAs\":[\"https:\/\/www.instagram.com\/dutchhealthstore\/\",\"https:\/\/www.facebook.com\/dutchhealthstore\"]}]}<\/script>\n<meta property=\"product:brand\" content=\"Living Libations\" \/>\n<meta property=\"og:availability\" content=\"instock\" \/>\n<meta property=\"product:availability\" content=\"instock\" \/>\n<meta property=\"product:condition\" content=\"new\" \/>\n<!-- \/ Yoast SEO Premium plugin. -->","yoast_head_json":{"title":"Epiphany Elixir | Living Libations","description":"Epiphany Elixir - Encens, fortifiant la force de la clart\u00e9 cristalline; un voyage vers votre s\u00e9rum solaire int\u00e9rieur.","robots":{"index":"index","follow":"follow","max-snippet":"max-snippet:-1","max-image-preview":"max-image-preview:large","max-video-preview":"max-video-preview:-1"},"canonical":"https:\/\/dutchhealthstore.com\/fr\/product\/epiphany-elixir\/","og_locale":"fr_FR","og_type":"article","og_title":"Epiphany Elixir - Dutch Health Store","og_description":"Epiphany Elixir - Encens, fortifiant la force de la clart\u00e9 cristalline; un voyage vers votre s\u00e9rum solaire int\u00e9rieur.","og_url":"https:\/\/dutchhealthstore.com\/fr\/product\/epiphany-elixir\/","og_site_name":"Dutch Health Store","article_publisher":"https:\/\/www.instagram.com\/dutchhealthstore\/","article_modified_time":"2024-03-11T08:04:43+00:00","og_image":[{"width":500,"height":500,"url":"https:\/\/dutchhealthstore.com\/wp-content\/uploads\/2018\/02\/Living-Libations-Epiphany-Elixir-e1594635123189.jpg","type":"image\/jpeg"}],"twitter_card":"summary_large_image","twitter_misc":{"Disponibilit\u00e9":"En stock"},"schema":{"@context":"https:\/\/schema.org","@graph":[{"@type":"WebPage","@id":"https:\/\/dutchhealthstore.com\/fr\/product\/epiphany-elixir\/","url":"https:\/\/dutchhealthstore.com\/fr\/product\/epiphany-elixir\/","name":"Epiphany Elixir | Living Libations","isPartOf":{"@id":"https:\/\/dutchhealthstore.com\/fr\/#website"},"primaryImageOfPage":{"@id":"https:\/\/dutchhealthstore.com\/fr\/product\/epiphany-elixir\/#primaryimage"},"image":{"@id":"https:\/\/dutchhealthstore.com\/fr\/product\/epiphany-elixir\/#primaryimage"},"thumbnailUrl":"https:\/\/dutchhealthstore.com\/wp-content\/uploads\/2018\/02\/Living-Libations-Epiphany-Elixir-e1594635123189.jpg","datePublished":"2018-02-10T11:50:23+00:00","dateModified":"2024-03-11T08:04:43+00:00","description":"Epiphany Elixir - Encens, fortifiant la force de la clart\u00e9 cristalline; un voyage vers votre s\u00e9rum solaire int\u00e9rieur.","breadcrumb":{"@id":"https:\/\/dutchhealthstore.com\/fr\/product\/epiphany-elixir\/#breadcrumb"},"inLanguage":"fr-FR","potentialAction":[{"@type":"ReadAction","target":["https:\/\/dutchhealthstore.com\/fr\/product\/epiphany-elixir\/"]}]},{"@type":"ImageObject","inLanguage":"fr-FR","@id":"https:\/\/dutchhealthstore.com\/fr\/product\/epiphany-elixir\/#primaryimage","url":"https:\/\/dutchhealthstore.com\/wp-content\/uploads\/2018\/02\/Living-Libations-Epiphany-Elixir-e1594635123189.jpg","contentUrl":"https:\/\/dutchhealthstore.com\/wp-content\/uploads\/2018\/02\/Living-Libations-Epiphany-Elixir-e1594635123189.jpg","width":500,"height":500,"caption":"Living Libations Epiphany Elixir"},{"@type":"BreadcrumbList","@id":"https:\/\/dutchhealthstore.com\/fr\/product\/epiphany-elixir\/#breadcrumb","itemListElement":[{"@type":"ListItem","position":1,"name":"Home","item":"https:\/\/dutchhealthstore.com\/fr\/"},{"@type":"ListItem","position":2,"name":"Shop","item":"https:\/\/dutchhealthstore.com\/fr\/shop\/"},{"@type":"ListItem","position":3,"name":"Epiphany Elixir"}]},{"@type":"WebSite","@id":"https:\/\/dutchhealthstore.com\/fr\/#website","url":"https:\/\/dutchhealthstore.com\/fr\/","name":"Dutch Health Store","description":"Enhance Your Beauty with Organic &amp; Natural Skincare","publisher":{"@id":"https:\/\/dutchhealthstore.com\/fr\/#organization"},"potentialAction":[{"@type":"SearchAction","target":{"@type":"EntryPoint","urlTemplate":"https:\/\/dutchhealthstore.com\/fr\/?s={search_term_string}"},"query-input":{"@type":"PropertyValueSpecification","valueRequired":true,"valueName":"search_term_string"}}],"inLanguage":"fr-FR"},{"@type":"Organization","@id":"https:\/\/dutchhealthstore.com\/fr\/#organization","name":"Dutch Health Store","url":"https:\/\/dutchhealthstore.com\/fr\/","logo":{"@type":"ImageObject","inLanguage":"fr-FR","@id":"https:\/\/dutchhealthstore.com\/fr\/#\/schema\/logo\/image\/","url":"https:\/\/dutchhealthstore.com\/wp-content\/uploads\/2020\/08\/logo-dutchhealthstore-jpg-e1599484957574.jpg","contentUrl":"https:\/\/dutchhealthstore.com\/wp-content\/uploads\/2020\/08\/logo-dutchhealthstore-jpg-e1599484957574.jpg","width":400,"height":62,"caption":"Dutch Health Store"},"image":{"@id":"https:\/\/dutchhealthstore.com\/fr\/#\/schema\/logo\/image\/"},"sameAs":["https:\/\/www.instagram.com\/dutchhealthstore\/","https:\/\/www.facebook.com\/dutchhealthstore"]}]},"product_brand":"Living Libations","og_availability":"instock","product_availability":"instock","product_condition":"new"},"_links":{"self":[{"href":"https:\/\/dutchhealthstore.com\/fr\/wp-json\/wp\/v2\/product\/109970","targetHints":{"allow":["GET"]}}],"collection":[{"href":"https:\/\/dutchhealthstore.com\/fr\/wp-json\/wp\/v2\/product"}],"about":[{"href":"https:\/\/dutchhealthstore.com\/fr\/wp-json\/wp\/v2\/types\/product"}],"replies":[{"embeddable":true,"href":"https:\/\/dutchhealthstore.com\/fr\/wp-json\/wp\/v2\/comments?post=109970"}],"wp:featuredmedia":[{"embeddable":true,"href":"https:\/\/dutchhealthstore.com\/fr\/wp-json\/wp\/v2\/media\/113188"}],"wp:attachment":[{"href":"https:\/\/dutchhealthstore.com\/fr\/wp-json\/wp\/v2\/media?parent=109970"}],"wp:term":[{"taxonomy":"product_brand","embeddable":true,"href":"https:\/\/dutchhealthstore.com\/fr\/wp-json\/wp\/v2\/product_brand?post=109970"},{"taxonomy":"product_cat","embeddable":true,"href":"https:\/\/dutchhealthstore.com\/fr\/wp-json\/wp\/v2\/product_cat?post=109970"},{"taxonomy":"product_tag","embeddable":true,"href":"https:\/\/dutchhealthstore.com\/fr\/wp-json\/wp\/v2\/product_tag?post=109970"}],"curies":[{"name":"wp","href":"https:\/\/api.w.org\/{rel}","templated":true}]}}