{"id":109087,"date":"2018-02-10T16:02:10","date_gmt":"2018-02-10T16:02:10","guid":{"rendered":"https:\/\/dutchhealthstore.com\/product\/bliss-tonic\/"},"modified":"2025-11-23T12:44:08","modified_gmt":"2025-11-23T11:44:08","slug":"bliss-tonic","status":"publish","type":"product","link":"https:\/\/dutchhealthstore.com\/fr\/product\/bliss-tonic\/","title":{"rendered":"Bliss Tonic"},"content":{"rendered":"<p><img decoding=\"async\" class=\"size-full wp-image-37041 alignright\" src=\"https:\/\/dutchhealthstore.com\/wp-content\/uploads\/2018\/04\/Living_Libations-1.png\" alt=\"Organic &amp; Natural Beautyproducts - Living Libations\" width=\"175\" height=\"82\"><\/p>\n<p>Est-il possible de rouler sur la r\u00eaverie? Pour mettre un peu de plaisir? Et si vous pouviez embrasser les tempes et les poignets avec le murmure d\u00e9licat d&rsquo;une f\u00e9licit\u00e9 pure et d\u00e9brid\u00e9e? <strong>Bliss Tonic<\/strong> combine un m\u00e9lange harmonieux d&rsquo;essences langoureusement euphorisantes dans un roll-on portable pour le corps et l&rsquo;\u00e2me.<\/p>\n<p>C&rsquo;est le bonheur! Glissez-vous dans un hamac de bonheur en roulant <strong>Bliss Tonic<\/strong> sur les tempes, les poignets, l&rsquo;arri\u00e8re des genoux, la nuque, partout o\u00f9 vous le souhaitez! Cette f\u00e9licit\u00e9 inspire les sens, r\u00e9veille l&rsquo;artiste qui est en nous et ouvre l&rsquo;esprit \u00e0 la communion avec tout ce qui est.<\/p>\n<p>Maintenant avec du <strong>Quartz Rose<\/strong>, au lieu du plastique, pour le roller! Outre le fait que cette pierre pr\u00e9cieuse est la cerise sur le g\u00e2teau, le quartz rose est une belle pierre de silice rose \u00e9quilibrante qui r\u00e9sonne avec le chakra du c\u0153ur.<\/p>\n<h3>Comment utiliser<\/h3>\n<p>En utilisant le roll-on, appliquez sur les poignets, le cou, les points de pulsation, les tempes ou d&rsquo;autres parties du corps pour b\u00e9nir la peau avec le glorieux parfum de la f\u00e9licit\u00e9 botanique.<\/p>\n<p><strong>Taille : 10 ml<\/strong><\/p>\n<h3 class=\"yikes-custom-woo-tab-title yikes-custom-woo-tab-title-natural-organic-ingredients\">Natural\/Organic Ingredients<\/h3>\n<p><strong>Lavande <\/strong><em>(Lavandula angustifolia)<\/em><strong> &#8211; <\/strong>La belle lavande est r\u00e9paratrice et calmante. L&rsquo;ar\u00f4me est frais et l\u00e9g\u00e8rement sucr\u00e9 avec un soup\u00e7on de paradis.<\/p>\n<p><strong>Ylang <\/strong><em>(Cananga odorata) &#8211; <\/em>L&rsquo;ylang euphorique est une essence amoureuse dont le nom se traduit par \u00ab\u00a0Fleur des Fleurs\u00a0\u00bb. Pendant que les autres dorment, ces fleurs envo\u00fbtantes exhalent leur parfum exotique \u00e0 travers les brises tropicales. L&rsquo;ylang doux et sulfureux inspire les sens en chassant la n\u00e9gativit\u00e9 avec ses p\u00e9tales de positivit\u00e9 parfum\u00e9e.<\/p>\n<p><strong><span class=\"ll-product-ingredient-first\">Huile de bergamote <\/span><\/strong><em><span class=\"ll-product-ingredient-first\">(<\/span><span class=\"ll-product-ingredient-second\">Citrus bergamia) \u2014 <\/span><\/em> <span class=\"ll-product-ingredient-second\">La belle bergamote infuse ce m\u00e9lange d&rsquo;agrumes frais et parfum\u00e9s. Hybride de citron et d&rsquo;orange, la bergamote \u00e9clate comme un rayon de soleil, insufflant \u00e0 ce m\u00e9lange bonheur et bonne humeur. <\/span><\/p>\n<p><strong>Roses sur G\u00e9ranium <\/strong><em>(Rosa damascena et Pelargonium graveolens) &#8211; <\/em>Cette co-distillation chor\u00e9graphi\u00e9e de la Rose Otto r\u00e9gale avec le pur g\u00e9nie v\u00e9g\u00e9tal du G\u00e9ranium cr\u00e9e un ar\u00f4me exaltant qui \u00e9largit l&rsquo;ouverture artistique du c\u0153ur.<\/p>\n<p><strong>Orange sanguine <\/strong><em>(Citrus sinensis) &#8211; <\/em>La saveur d&rsquo;agrume ensoleill\u00e9e de l&rsquo;orange sanguine harmonise les sentiments d\u00e9sordonn\u00e9s et efface les soucis. Inspirez la joie et expirez la gratitude.<\/p>\n<p><strong>Spikenard <\/strong><em>(Nardostachys jatamansi) &#8211; <\/em>Nous avons captur\u00e9 la combinaison excitante de la terre et du bois avec des notes musqu\u00e9es dans un flacon, une combinaison gagnante de parfum de Patchouli et de racine de Val\u00e9riane.<\/p>\n<p><strong><span class=\"ll-product-ingredient-first\">Racine de pierre <\/span><\/strong><em><span class=\"ll-product-ingredient-first\">(<\/span><span class=\"ll-product-ingredient-second\">Collinsonia canadensis L) \u2014 <\/span><\/em> <span class=\"ll-product-ingredient-second\">Cette herbe exploite les pouvoirs infranchissables des racines rouges et juteuses qui poussent sous les fleurs de la terre. La racine de pierre calme et clarifie l&rsquo;aspect de la peau gr\u00e2ce \u00e0 son action tonifiante.<\/span><\/p>\n<p><strong><span class=\"ll-product-ingredient-first\">Huile de jojoba <\/span><\/strong><em><span class=\"ll-product-ingredient-first\">(<\/span><span class=\"ll-product-ingredient-second\">Simmondsia chinensis) \u2014 <\/span><\/em> <span class=\"ll-product-ingredient-second\">Une simple touche de jojoba sain rend ce Roll-On Tonique Bliss pr\u00eat \u00e0 l&#8217;emploi ! C&rsquo;est le lipide fondamental de tous les domaines de la beaut\u00e9 et c&rsquo;est aussi la r\u00e9ponse du d\u00e9sert aux peaux et cheveux secs et cassants. Vivant parmi les temp\u00eates de sable et les cactus, le jojoba \u00e9merge comme une oasis exub\u00e9rante et \u00e9molliente. Lorsque cet arbuste robuste cuit sous le soleil du d\u00e9sert, des perles d&rsquo;or liquide germent \u00e0 l&rsquo;int\u00e9rieur des graines de jojoba. Ces graines font jaillir une huile dor\u00e9e qui est extraite par pression \u00e0 froid pour donner un lipide super similaire au s\u00e9bum naturel de notre peau. En p\u00e9n\u00e9trant sans effort dans la peau, il transf\u00e8re des phytonutriments qui aident la peau \u00e0 conserver son hydratation et \u00e0 retrouver son \u00e9lasticit\u00e9. Incroyablement riche et soyeux, le jojoba procure des effets de conditionnement de la peau de longue dur\u00e9e. C&rsquo;est un excellent support pour les huiles essentielles et les infusions de plantes.<\/span><\/p>\n<p><strong><span class=\"ll-product-ingredient-first\">Huile de ricin <\/span><\/strong><em><span class=\"ll-product-ingredient-first\">(R<\/span><span class=\"ll-product-ingredient-second\">icinus communis) \u2014 <\/span><\/em> <span class=\"ll-product-ingredient-second\">Press\u00e9e \u00e0 froid \u00e0 partir des graines de la plante qui pousse \u00e0 l&rsquo;\u00e9tat sauvage dans les climats tropicaux et m\u00e9diterran\u00e9ens, l&rsquo;huile de ricin lubrifiante est un lipide triglyc\u00e9ride compos\u00e9 d&rsquo;acides gras uniques, dont 90 % sont de rares acides ricinol\u00e9iques. Notre huile de ricin sp\u00e9ciale est non raffin\u00e9e et non filtr\u00e9e, et vous pourrez remarquer le s\u00e9diment naturel de ricin au fond du flacon. <\/span><\/p>\n<p><img fetchpriority=\"high\" decoding=\"async\" class=\"size-full wp-image-31577 aligncenter\" src=\"https:\/\/dutchhealthstore.com\/wp-content\/uploads\/2018\/03\/organic_big.png\" alt=\"Organic and Natural - Living Libations\" width=\"623\" height=\"103\" srcset=\"https:\/\/dutchhealthstore.com\/wp-content\/uploads\/2018\/03\/organic_big.png 623w, https:\/\/dutchhealthstore.com\/wp-content\/uploads\/2018\/03\/organic_big-510x84.png 510w, https:\/\/dutchhealthstore.com\/wp-content\/uploads\/2018\/03\/organic_big-600x99.png 600w, https:\/\/dutchhealthstore.com\/wp-content\/uploads\/2018\/03\/organic_big-350x58.png 350w\" sizes=\"(max-width: 623px) 100vw, 623px\" \/><\/p>\n<p>&nbsp;<\/p>\n","protected":false},"excerpt":{"rendered":"<p>Est-il possible de rouler sur la r\u00eaverie? Pour mettre un peu de plaisir?<br \/>\nEt si vous pouviez embrasser les tempes et les poignets avec le murmure d\u00e9licat d&rsquo;une f\u00e9licit\u00e9 pure et d\u00e9brid\u00e9e?<br \/>\nBliss Tonic combine un m\u00e9lange harmonieux d&rsquo;essences langoureusement euphorisantes dans un roll-on portable pour le corps et l&rsquo;\u00e2me. C&rsquo;est le bonheur! Glissez-vous dans un hamac de bonheur en roulant Bliss Tonic sur les tempes, les poignets, l&rsquo;arri\u00e8re des genoux, la nuque, partout o\u00f9 vous le souhaitez!<br \/>\nCette f\u00e9licit\u00e9 inspire les sens, \u00e9veille<br \/>\nl&rsquo;artiste \u00e0 l&rsquo;int\u00e9rieur et ouvrir l&rsquo;esprit \u00e0 la communion avec tout ce qui est.<\/p>\n","protected":false},"featured_media":48893,"comment_status":"open","ping_status":"closed","template":"","meta":[],"product_brand":[],"product_cat":[6734,1211,3756,6746,1209,1010,6733],"product_tag":[6441,21604,4495,21534,21516,21793],"class_list":{"0":"post-109087","1":"product","2":"type-product","3":"status-publish","4":"has-post-thumbnail","6":"product_cat-essential-oils","7":"product_cat-living-libations-france","8":"product_cat-melanges","9":"product_cat-essential-oil-blends-fr-2","10":"product_cat-par-marques","11":"product_cat-notre-boutique","12":"product_cat-wellness-fr-2","13":"product_tag-blends-fr","14":"product_tag-energie-fr","15":"product_tag-essential-oil-fr","16":"product_tag-lesprit","17":"product_tag-sante-optimale","18":"product_tag-tonique","19":"pa_brand-livinglibations-fr","20":"pa_essential-oils-product-type-essential-oil-blends-fr","21":"pa_size-10-ml-fr","23":"first","24":"instock","25":"taxable","26":"shipping-taxable","27":"purchasable","28":"product-type-simple"},"bundled_by":[],"bundle_stock_status":"instock","bundle_stock_quantity":4,"bundle_virtual":false,"bundle_layout":"","bundle_add_to_cart_form_location":"","bundle_editable_in_cart":false,"bundle_sold_individually_context":"","bundle_item_grouping":"","bundle_min_size":"","bundle_max_size":"","bundle_price":[],"bundled_items":[],"bundle_sell_ids":[236519],"atum_controlled":true,"out_stock_date":null,"out_stock_threshold":null,"inheritable":false,"stock_on_hold":0,"sold_today":0,"sales_last_days":0,"out_stock_days":0,"lost_sales":0,"update_date":"2026-04-30T12:04:38","atum_locations":[],"atum_stock_status":"instock","restock_status":false,"low_stock_amount":0,"sales_update_date":"2026-04-30T12:04:38","calc_backorders":null,"group_of_quantity":0,"min_quantity":0,"max_quantity":"","exclude_order_quantity_value_rules":"no","exclude_category_quantity_rules":"no","combine_variations":"no","yoast_head":"<!-- This site is optimized with the Yoast SEO Premium plugin v26.5 (Yoast SEO v26.5) - https:\/\/yoast.com\/wordpress\/plugins\/seo\/ -->\n<title>Bliss tonic | Living Libations<\/title>\n<meta name=\"description\" content=\"Bliss Tonic combine un m\u00e9lange harmonieux d&#039;essences langoureusement euphorisantes dans un roll-on portable pour le corps et l&#039;\u00e2me.\" \/>\n<meta name=\"robots\" content=\"index, follow, max-snippet:-1, max-image-preview:large, max-video-preview:-1\" \/>\n<link rel=\"canonical\" href=\"https:\/\/dutchhealthstore.com\/fr\/product\/bliss-tonic\/\" \/>\n<meta property=\"og:locale\" content=\"fr_FR\" \/>\n<meta property=\"og:type\" content=\"article\" \/>\n<meta property=\"og:title\" content=\"Bliss Tonic - Dutch Health Store\" \/>\n<meta property=\"og:description\" content=\"Bliss Tonic combine un m\u00e9lange harmonieux d&#039;essences langoureusement euphorisantes dans un roll-on portable pour le corps et l&#039;\u00e2me.\" \/>\n<meta property=\"og:url\" content=\"https:\/\/dutchhealthstore.com\/fr\/product\/bliss-tonic\/\" \/>\n<meta property=\"og:site_name\" content=\"Dutch Health Store\" \/>\n<meta property=\"article:publisher\" content=\"https:\/\/www.instagram.com\/dutchhealthstore\/\" \/>\n<meta property=\"article:modified_time\" content=\"2025-11-23T11:44:08+00:00\" \/>\n<meta property=\"og:image\" content=\"https:\/\/dutchhealthstore.com\/wp-content\/uploads\/2018\/02\/Bliss-tonic-Living-libations.jpg\" \/>\n\t<meta property=\"og:image:width\" content=\"510\" \/>\n\t<meta property=\"og:image:height\" content=\"600\" \/>\n\t<meta property=\"og:image:type\" content=\"image\/jpeg\" \/>\n<meta name=\"twitter:card\" content=\"summary_large_image\" \/>\n<meta name=\"twitter:label1\" content=\"Prix\" \/>\n\t<meta name=\"twitter:data1\" content=\"&euro;33,00\" \/>\n\t<meta name=\"twitter:label2\" content=\"Disponibilit\u00e9\" \/>\n\t<meta name=\"twitter:data2\" content=\"En stock\" \/>\n<script type=\"application\/ld+json\" class=\"yoast-schema-graph\">{\"@context\":\"https:\/\/schema.org\",\"@graph\":[{\"@type\":\"WebPage\",\"@id\":\"https:\/\/dutchhealthstore.com\/fr\/product\/bliss-tonic\/\",\"url\":\"https:\/\/dutchhealthstore.com\/fr\/product\/bliss-tonic\/\",\"name\":\"Bliss tonic | Living Libations\",\"isPartOf\":{\"@id\":\"https:\/\/dutchhealthstore.com\/fr\/#website\"},\"primaryImageOfPage\":{\"@id\":\"https:\/\/dutchhealthstore.com\/fr\/product\/bliss-tonic\/#primaryimage\"},\"image\":{\"@id\":\"https:\/\/dutchhealthstore.com\/fr\/product\/bliss-tonic\/#primaryimage\"},\"thumbnailUrl\":\"https:\/\/dutchhealthstore.com\/wp-content\/uploads\/2018\/02\/Bliss-tonic-Living-libations.jpg\",\"datePublished\":\"2018-02-10T16:02:10+00:00\",\"dateModified\":\"2025-11-23T11:44:08+00:00\",\"description\":\"Bliss Tonic combine un m\u00e9lange harmonieux d'essences langoureusement euphorisantes dans un roll-on portable pour le corps et l'\u00e2me.\",\"breadcrumb\":{\"@id\":\"https:\/\/dutchhealthstore.com\/fr\/product\/bliss-tonic\/#breadcrumb\"},\"inLanguage\":\"fr-FR\",\"potentialAction\":[{\"@type\":\"ReadAction\",\"target\":[\"https:\/\/dutchhealthstore.com\/fr\/product\/bliss-tonic\/\"]}]},{\"@type\":\"ImageObject\",\"inLanguage\":\"fr-FR\",\"@id\":\"https:\/\/dutchhealthstore.com\/fr\/product\/bliss-tonic\/#primaryimage\",\"url\":\"https:\/\/dutchhealthstore.com\/wp-content\/uploads\/2018\/02\/Bliss-tonic-Living-libations.jpg\",\"contentUrl\":\"https:\/\/dutchhealthstore.com\/wp-content\/uploads\/2018\/02\/Bliss-tonic-Living-libations.jpg\",\"width\":510,\"height\":600,\"caption\":\"Bliss tonic - Living libations\"},{\"@type\":\"BreadcrumbList\",\"@id\":\"https:\/\/dutchhealthstore.com\/fr\/product\/bliss-tonic\/#breadcrumb\",\"itemListElement\":[{\"@type\":\"ListItem\",\"position\":1,\"name\":\"Home\",\"item\":\"https:\/\/dutchhealthstore.com\/fr\/\"},{\"@type\":\"ListItem\",\"position\":2,\"name\":\"Shop\",\"item\":\"https:\/\/dutchhealthstore.com\/fr\/shop\/\"},{\"@type\":\"ListItem\",\"position\":3,\"name\":\"Bliss Tonic\"}]},{\"@type\":\"WebSite\",\"@id\":\"https:\/\/dutchhealthstore.com\/fr\/#website\",\"url\":\"https:\/\/dutchhealthstore.com\/fr\/\",\"name\":\"Dutch Health Store\",\"description\":\"Enhance Your Beauty with Organic &amp; Natural Skincare\",\"publisher\":{\"@id\":\"https:\/\/dutchhealthstore.com\/fr\/#organization\"},\"potentialAction\":[{\"@type\":\"SearchAction\",\"target\":{\"@type\":\"EntryPoint\",\"urlTemplate\":\"https:\/\/dutchhealthstore.com\/fr\/?s={search_term_string}\"},\"query-input\":{\"@type\":\"PropertyValueSpecification\",\"valueRequired\":true,\"valueName\":\"search_term_string\"}}],\"inLanguage\":\"fr-FR\"},{\"@type\":\"Organization\",\"@id\":\"https:\/\/dutchhealthstore.com\/fr\/#organization\",\"name\":\"Dutch Health Store\",\"url\":\"https:\/\/dutchhealthstore.com\/fr\/\",\"logo\":{\"@type\":\"ImageObject\",\"inLanguage\":\"fr-FR\",\"@id\":\"https:\/\/dutchhealthstore.com\/fr\/#\/schema\/logo\/image\/\",\"url\":\"https:\/\/dutchhealthstore.com\/wp-content\/uploads\/2020\/08\/logo-dutchhealthstore-jpg-e1599484957574.jpg\",\"contentUrl\":\"https:\/\/dutchhealthstore.com\/wp-content\/uploads\/2020\/08\/logo-dutchhealthstore-jpg-e1599484957574.jpg\",\"width\":400,\"height\":62,\"caption\":\"Dutch Health Store\"},\"image\":{\"@id\":\"https:\/\/dutchhealthstore.com\/fr\/#\/schema\/logo\/image\/\"},\"sameAs\":[\"https:\/\/www.instagram.com\/dutchhealthstore\/\",\"https:\/\/www.facebook.com\/dutchhealthstore\"]}]}<\/script>\n<meta property=\"product:brand\" content=\"Living Libations\" \/>\n<meta property=\"product:price:amount\" content=\"33.00\" \/>\n<meta property=\"product:price:currency\" content=\"EUR\" \/>\n<meta property=\"og:availability\" content=\"instock\" \/>\n<meta property=\"product:availability\" content=\"instock\" \/>\n<meta property=\"product:condition\" content=\"new\" \/>\n<!-- \/ Yoast SEO Premium plugin. -->","yoast_head_json":{"title":"Bliss tonic | Living Libations","description":"Bliss Tonic combine un m\u00e9lange harmonieux d'essences langoureusement euphorisantes dans un roll-on portable pour le corps et l'\u00e2me.","robots":{"index":"index","follow":"follow","max-snippet":"max-snippet:-1","max-image-preview":"max-image-preview:large","max-video-preview":"max-video-preview:-1"},"canonical":"https:\/\/dutchhealthstore.com\/fr\/product\/bliss-tonic\/","og_locale":"fr_FR","og_type":"article","og_title":"Bliss Tonic - Dutch Health Store","og_description":"Bliss Tonic combine un m\u00e9lange harmonieux d'essences langoureusement euphorisantes dans un roll-on portable pour le corps et l'\u00e2me.","og_url":"https:\/\/dutchhealthstore.com\/fr\/product\/bliss-tonic\/","og_site_name":"Dutch Health Store","article_publisher":"https:\/\/www.instagram.com\/dutchhealthstore\/","article_modified_time":"2025-11-23T11:44:08+00:00","og_image":[{"width":510,"height":600,"url":"https:\/\/dutchhealthstore.com\/wp-content\/uploads\/2018\/02\/Bliss-tonic-Living-libations.jpg","type":"image\/jpeg"}],"twitter_card":"summary_large_image","twitter_misc":{"Prix":"&euro;33,00","Disponibilit\u00e9":"En stock"},"schema":{"@context":"https:\/\/schema.org","@graph":[{"@type":"WebPage","@id":"https:\/\/dutchhealthstore.com\/fr\/product\/bliss-tonic\/","url":"https:\/\/dutchhealthstore.com\/fr\/product\/bliss-tonic\/","name":"Bliss tonic | Living Libations","isPartOf":{"@id":"https:\/\/dutchhealthstore.com\/fr\/#website"},"primaryImageOfPage":{"@id":"https:\/\/dutchhealthstore.com\/fr\/product\/bliss-tonic\/#primaryimage"},"image":{"@id":"https:\/\/dutchhealthstore.com\/fr\/product\/bliss-tonic\/#primaryimage"},"thumbnailUrl":"https:\/\/dutchhealthstore.com\/wp-content\/uploads\/2018\/02\/Bliss-tonic-Living-libations.jpg","datePublished":"2018-02-10T16:02:10+00:00","dateModified":"2025-11-23T11:44:08+00:00","description":"Bliss Tonic combine un m\u00e9lange harmonieux d'essences langoureusement euphorisantes dans un roll-on portable pour le corps et l'\u00e2me.","breadcrumb":{"@id":"https:\/\/dutchhealthstore.com\/fr\/product\/bliss-tonic\/#breadcrumb"},"inLanguage":"fr-FR","potentialAction":[{"@type":"ReadAction","target":["https:\/\/dutchhealthstore.com\/fr\/product\/bliss-tonic\/"]}]},{"@type":"ImageObject","inLanguage":"fr-FR","@id":"https:\/\/dutchhealthstore.com\/fr\/product\/bliss-tonic\/#primaryimage","url":"https:\/\/dutchhealthstore.com\/wp-content\/uploads\/2018\/02\/Bliss-tonic-Living-libations.jpg","contentUrl":"https:\/\/dutchhealthstore.com\/wp-content\/uploads\/2018\/02\/Bliss-tonic-Living-libations.jpg","width":510,"height":600,"caption":"Bliss tonic - Living libations"},{"@type":"BreadcrumbList","@id":"https:\/\/dutchhealthstore.com\/fr\/product\/bliss-tonic\/#breadcrumb","itemListElement":[{"@type":"ListItem","position":1,"name":"Home","item":"https:\/\/dutchhealthstore.com\/fr\/"},{"@type":"ListItem","position":2,"name":"Shop","item":"https:\/\/dutchhealthstore.com\/fr\/shop\/"},{"@type":"ListItem","position":3,"name":"Bliss Tonic"}]},{"@type":"WebSite","@id":"https:\/\/dutchhealthstore.com\/fr\/#website","url":"https:\/\/dutchhealthstore.com\/fr\/","name":"Dutch Health Store","description":"Enhance Your Beauty with Organic &amp; Natural Skincare","publisher":{"@id":"https:\/\/dutchhealthstore.com\/fr\/#organization"},"potentialAction":[{"@type":"SearchAction","target":{"@type":"EntryPoint","urlTemplate":"https:\/\/dutchhealthstore.com\/fr\/?s={search_term_string}"},"query-input":{"@type":"PropertyValueSpecification","valueRequired":true,"valueName":"search_term_string"}}],"inLanguage":"fr-FR"},{"@type":"Organization","@id":"https:\/\/dutchhealthstore.com\/fr\/#organization","name":"Dutch Health Store","url":"https:\/\/dutchhealthstore.com\/fr\/","logo":{"@type":"ImageObject","inLanguage":"fr-FR","@id":"https:\/\/dutchhealthstore.com\/fr\/#\/schema\/logo\/image\/","url":"https:\/\/dutchhealthstore.com\/wp-content\/uploads\/2020\/08\/logo-dutchhealthstore-jpg-e1599484957574.jpg","contentUrl":"https:\/\/dutchhealthstore.com\/wp-content\/uploads\/2020\/08\/logo-dutchhealthstore-jpg-e1599484957574.jpg","width":400,"height":62,"caption":"Dutch Health Store"},"image":{"@id":"https:\/\/dutchhealthstore.com\/fr\/#\/schema\/logo\/image\/"},"sameAs":["https:\/\/www.instagram.com\/dutchhealthstore\/","https:\/\/www.facebook.com\/dutchhealthstore"]}]},"product_brand":"Living Libations","product_price_amount":"33.00","product_price_currency":"EUR","og_availability":"instock","product_availability":"instock","product_condition":"new"},"_links":{"self":[{"href":"https:\/\/dutchhealthstore.com\/fr\/wp-json\/wp\/v2\/product\/109087","targetHints":{"allow":["GET"]}}],"collection":[{"href":"https:\/\/dutchhealthstore.com\/fr\/wp-json\/wp\/v2\/product"}],"about":[{"href":"https:\/\/dutchhealthstore.com\/fr\/wp-json\/wp\/v2\/types\/product"}],"replies":[{"embeddable":true,"href":"https:\/\/dutchhealthstore.com\/fr\/wp-json\/wp\/v2\/comments?post=109087"}],"wp:featuredmedia":[{"embeddable":true,"href":"https:\/\/dutchhealthstore.com\/fr\/wp-json\/wp\/v2\/media\/48893"}],"wp:attachment":[{"href":"https:\/\/dutchhealthstore.com\/fr\/wp-json\/wp\/v2\/media?parent=109087"}],"wp:term":[{"taxonomy":"product_brand","embeddable":true,"href":"https:\/\/dutchhealthstore.com\/fr\/wp-json\/wp\/v2\/product_brand?post=109087"},{"taxonomy":"product_cat","embeddable":true,"href":"https:\/\/dutchhealthstore.com\/fr\/wp-json\/wp\/v2\/product_cat?post=109087"},{"taxonomy":"product_tag","embeddable":true,"href":"https:\/\/dutchhealthstore.com\/fr\/wp-json\/wp\/v2\/product_tag?post=109087"}],"curies":[{"name":"wp","href":"https:\/\/api.w.org\/{rel}","templated":true}]}}