{"id":108225,"date":"2018-04-07T11:27:12","date_gmt":"2018-04-07T11:27:12","guid":{"rendered":"https:\/\/dutchhealthstore.com\/product\/rose-quartz-roller-bamboo-bag\/"},"modified":"2025-07-29T13:58:36","modified_gmt":"2025-07-29T11:58:36","slug":"rose-quartz-roller","status":"publish","type":"product","link":"https:\/\/dutchhealthstore.com\/fr\/product\/rose-quartz-roller\/","title":{"rendered":"Rose Quartz Roller"},"content":{"rendered":"<p>Pour nos rouleaux faciaux, nous avons choisi le quartz rose, une belle pierre de silice rose \u00e9quilibrante qui r\u00e9sonne avec le chakra du c\u0153ur. \u00ab\u00a0Pris\u00e9 dans le monde antique pour ses pouvoirs d&#8217;embellissement physique, des masques faciaux de quartz rose ont \u00e9t\u00e9 retrouv\u00e9s dans des tombes \u00e9gyptiennes, pens\u00e9s par les \u00c9gyptiens et les Romains pour \u00e9claircir le teint et pr\u00e9venir les rides.\u00a0\u00bb (Mella 97). Si la pierre de jade \u00e9tait traditionnellement utilis\u00e9e dans la Chine ancienne, la plupart des rouleaux de jade modernes sont en fait fabriqu\u00e9s en marbre teint\u00e9.<\/p>\n<p>Chaque rouleau de quartz rose est livr\u00e9 en toute s\u00e9curit\u00e9 dans un sac de luxe.<\/p>\n<p><strong>Conseils pour le rouleau de quartz rose :<\/strong><br \/>\nUtilisez-le sur un masque facial pour cr\u00e9er un simple traitement de spa \u00e0 domicile.<\/p>\n<p>Gardez-le \u00e0 port\u00e9e de main pour un soin du visage en regardant un film.<\/p>\n<p>Gardez-en un sur votre table de nuit afin de pouvoir d\u00e9rouler les muscles du visage avant de vous endormir ou en vous levant le matin pour tonifier le dessous des yeux alors que vous vous pr\u00e9parez \u00e0 affronter la journ\u00e9e.<\/p>\n<p>Conservez-les au r\u00e9frig\u00e9rateur pour un facteur de fra\u00eecheur suppl\u00e9mentaire, et appliquez notre s\u00e9rum calmant et rafra\u00eechissant Open Sky Eye Serum sur le contour des yeux pour oublier une nuit de jeu.<\/p>\n<p>Plongez dans l&rsquo;eau chaude pendant dix minutes pour un soin du visage profond\u00e9ment r\u00e9chauffant et relaxant.<\/p>\n<p><strong>Mode d&#8217;emploi<\/strong><br \/>\nPour rehausser en douceur la peau et le teint, faites rouler le quartz rose sur la peau fra\u00eechement nettoy\u00e9e, sans exercer de pression, en effectuant des mouvements ascendants et descendants. Faites 5 \u00e0 10 coups droits dans chaque zone.<\/p>\n<p><strong>Fitness facial<\/strong><br \/>\nBougez et lissez les muscles du visage pour une meilleure forme musculaire faciale. Commencez par rouler \u00e0 partir du centre du cou, en vous d\u00e9pla\u00e7ant vers l&rsquo;ext\u00e9rieur et vers le haut, le long du cou et du visage, pour finir \u00e0 la racine des cheveux.<\/p>\n<p><strong>Am\u00e9liorer la circulation des fluides<\/strong><br \/>\nCommencez juste sous la clavicule et faites rouler le quartz rose d&rsquo;avant en arri\u00e8re le long du cou et sous la m\u00e2choire. Faites rouler votre menton et vos joues vers le haut et faites des allers-retours entre les l\u00e8vres et le nez.<\/p>\n<p>Faites des mouvements droits avec le rouleau en commen\u00e7ant entre les sourcils et en remontant le long du front jusqu&rsquo;\u00e0 la naissance des cheveux. Passez \u00e9galement de l&rsquo;entre-sourcils vers le bas le long de la partie sup\u00e9rieure du nez jusqu&rsquo;\u00e0 la pointe. Pour rouler le front, commencez au milieu du front et faites un arc de cercle qui suit la ligne des cheveux jusqu&rsquo;au sommet de l&rsquo;oreille. Les fl\u00e8ches \u00e0 deux t\u00eates indiquent un mouvement de va-et-vient ; utilisez le quartz pour faire rouler cette zone de haut en bas ou d&rsquo;avant en arri\u00e8re. Terminez en roulant cette zone dans un mouvement ascendant.<\/p>\n<p><strong>Massage du visage<\/strong><br \/>\nC&rsquo;est l&rsquo;endroit o\u00f9 l&rsquo;on peut s&rsquo;amuser avec les rouleaux pour le visage. Roulez o\u00f9 vous le souhaitez et autant que vous le souhaitez et veillez \u00e0 accorder une attention particuli\u00e8re aux endroits o\u00f9 vous avez des tensions. Terminez chaque section du visage en roulant vers le haut pour contrer la gravit\u00e9.<\/p>\n<p><strong>L&rsquo;entretien de votre Rose Quartz Roller :<\/strong><br \/>\n<strong>Avant la premi\u00e8re utilisation :<\/strong> Lavez votre rouleau de quartz rose avec un savon naturel (comme notre savon d&rsquo;argile clarifiant ou une petite goutte de notre shampooing Seabuckthorn ou True Blue) et rincez-le \u00e0 l&rsquo;eau froide.<\/p>\n<p><strong>Apr\u00e8s chaque utilisation :<\/strong> Essuyez le cristal avec un chiffon humide et une goutte de savon doux, puis rincez.<\/p>\n<p>Si le rouleau de quartz grince, appliquez une goutte de s\u00e9rum, d&rsquo;huile de jojoba ou d&rsquo;huile d&rsquo;olive dans l&rsquo;ouverture o\u00f9 le rouleau s&rsquo;attache au cadre m\u00e9tallique.<\/p>\n<p><strong>\u26a0\ufe0f Avis d&rsquo;hygi\u00e8ne<\/strong><br \/>\nIl s&rsquo;agit d&rsquo;un produit hygi\u00e9nique. Pour des raisons de sant\u00e9 et de s\u00e9curit\u00e9, les retours ne sont accept\u00e9s que si le sceau d&rsquo;hygi\u00e8ne d&rsquo;origine est intact et non ouvert. Une fois le sceau bris\u00e9, l&rsquo;article est consid\u00e9r\u00e9 comme usag\u00e9 et ne peut \u00eatre retourn\u00e9.  <\/p>\n<p><img fetchpriority=\"high\" decoding=\"async\" class=\"size-medium wp-image-68103 aligncenter\" src=\"https:\/\/dutchhealthstore.com\/wp-content\/uploads\/2018\/02\/Living-Libations-Organic-Logo-800x89.png\" alt=\"Living Libations - Organic Logo\" width=\"800\" height=\"89\" srcset=\"https:\/\/dutchhealthstore.com\/wp-content\/uploads\/2018\/02\/Living-Libations-Organic-Logo-800x89.png 800w, https:\/\/dutchhealthstore.com\/wp-content\/uploads\/2018\/02\/Living-Libations-Organic-Logo-510x57.png 510w, https:\/\/dutchhealthstore.com\/wp-content\/uploads\/2018\/02\/Living-Libations-Organic-Logo-768x85.png 768w, https:\/\/dutchhealthstore.com\/wp-content\/uploads\/2018\/02\/Living-Libations-Organic-Logo.png 1400w\" sizes=\"(max-width: 800px) 100vw, 800px\" \/><\/p>\n","protected":false},"excerpt":{"rendered":"<p>Cet ancien secret de beaut\u00e9, originaire de la Chine du septi\u00e8me si\u00e8cle, est plus frais et plus rapide que les tranches de concombre. Le <strong> Rose Quartz Roller<\/strong> de Dutch Health Store r\u00e9duit l&rsquo;apparence des rougeurs, calme les poches et dynamise la peau. Int\u00e9grer ce rouleau facial \u00e0 vos soins de beaut\u00e9 est une fa\u00e7on tout simplement luxueuse de masser les s\u00e9rums sur le visage et le cou. Ce magnifique outil de massage \u00e0 base de pierres pr\u00e9cieuses vous fera rayonner en donnant un l\u00e9ger coup de fouet au tonus de la peau, en encourageant l&rsquo;\u00e9lasticit\u00e9, en ravivant l&rsquo;\u00e9clat, en faisant circuler les fluides, en stimulant la peau pour qu&rsquo;elle ne stagne pas et en caressant les tissus \u00e0 probl\u00e8mes, en particulier autour des yeux.<\/p>\n<p>&nbsp;<\/p>\n","protected":false},"featured_media":227447,"comment_status":"open","ping_status":"closed","template":"","meta":[],"product_brand":[],"product_cat":[16018,14733,1134,11186,1211,1209,1030,9086,1010,13172,11187,5630,1033,2985,6733],"product_tag":[21683,21438],"class_list":{"0":"post-108225","1":"product","2":"type-product","3":"status-publish","4":"has-post-thumbnail","6":"product_cat-dutch-health-store-fr","7":"product_cat-soins-de-la-peau","8":"product_cat-accessoires-visage","9":"product_cat-evolve-beauty-fr","10":"product_cat-living-libations-france","11":"product_cat-par-marques","12":"product_cat-par-produits","13":"product_cat-rms-beauty-fr","14":"product_cat-notre-boutique","15":"product_cat-skincare-fr-2","16":"product_cat-skincare-fr","17":"product_cat-skin-care-fr","18":"product_cat-body-care-fr","19":"product_cat-visage-fr","20":"product_cat-wellness-fr-2","21":"product_tag-massage-fr","22":"product_tag-outils","23":"pa_brand-dutch-health-store-fr","24":"pa_make-up-productype-cheeks-fr","25":"pa_make-up-productype-tools-and-brushes-makeup-fr","26":"pa_make-up-productype-eyes-fr","27":"pa_skincare-type-tools-fr","29":"first","30":"instock","31":"taxable","32":"shipping-taxable","33":"purchasable","34":"product-type-simple"},"bundled_by":[],"bundle_stock_status":"instock","bundle_stock_quantity":96,"bundle_virtual":false,"bundle_layout":"","bundle_add_to_cart_form_location":"","bundle_editable_in_cart":false,"bundle_sold_individually_context":"","bundle_item_grouping":"","bundle_min_size":"","bundle_max_size":"","bundle_price":[],"bundled_items":[],"bundle_sell_ids":[],"atum_controlled":true,"out_stock_date":null,"out_stock_threshold":null,"inheritable":false,"stock_on_hold":1,"sold_today":0,"sales_last_days":0,"out_stock_days":0,"lost_sales":0,"update_date":"2026-04-03T11:50:11","atum_locations":[],"atum_stock_status":"instock","restock_status":false,"low_stock_amount":0,"sales_update_date":"2026-04-03T11:50:11","calc_backorders":null,"group_of_quantity":0,"min_quantity":0,"max_quantity":"","exclude_order_quantity_value_rules":"no","exclude_category_quantity_rules":"no","combine_variations":"no","yoast_head":"<!-- This site is optimized with the Yoast SEO Premium plugin v26.5 (Yoast SEO v26.5) - https:\/\/yoast.com\/wordpress\/plugins\/seo\/ -->\n<title>Rose Quartz Roller Dutch Health Store<\/title>\n<meta name=\"description\" content=\"Le Rose Quartz Roller r\u00e9duit l&#039;apparence des rougeurs, calme les poches et dynamise la peau.\" \/>\n<meta name=\"robots\" content=\"index, follow, max-snippet:-1, max-image-preview:large, max-video-preview:-1\" \/>\n<link rel=\"canonical\" href=\"https:\/\/dutchhealthstore.com\/fr\/product\/rose-quartz-roller\/\" \/>\n<meta property=\"og:locale\" content=\"fr_FR\" \/>\n<meta property=\"og:type\" content=\"article\" \/>\n<meta property=\"og:title\" content=\"Rose Quartz Roller - Dutch Health Store\" \/>\n<meta property=\"og:description\" content=\"Le Rose Quartz Roller r\u00e9duit l&#039;apparence des rougeurs, calme les poches et dynamise la peau.\" \/>\n<meta property=\"og:url\" content=\"https:\/\/dutchhealthstore.com\/fr\/product\/rose-quartz-roller\/\" \/>\n<meta property=\"og:site_name\" content=\"Dutch Health Store\" \/>\n<meta property=\"article:publisher\" content=\"https:\/\/www.instagram.com\/dutchhealthstore\/\" \/>\n<meta property=\"article:modified_time\" content=\"2025-07-29T11:58:36+00:00\" \/>\n<meta property=\"og:image\" content=\"https:\/\/dutchhealthstore.com\/wp-content\/uploads\/2022\/12\/product4.jpg\" \/>\n\t<meta property=\"og:image:width\" content=\"510\" \/>\n\t<meta property=\"og:image:height\" content=\"510\" \/>\n\t<meta property=\"og:image:type\" content=\"image\/jpeg\" \/>\n<meta name=\"twitter:card\" content=\"summary_large_image\" \/>\n<meta name=\"twitter:label1\" content=\"Prix\" \/>\n\t<meta name=\"twitter:data1\" content=\"&euro;42,50\" \/>\n\t<meta name=\"twitter:label2\" content=\"Disponibilit\u00e9\" \/>\n\t<meta name=\"twitter:data2\" content=\"En stock\" \/>\n<script type=\"application\/ld+json\" class=\"yoast-schema-graph\">{\"@context\":\"https:\/\/schema.org\",\"@graph\":[{\"@type\":\"WebPage\",\"@id\":\"https:\/\/dutchhealthstore.com\/fr\/product\/rose-quartz-roller\/\",\"url\":\"https:\/\/dutchhealthstore.com\/fr\/product\/rose-quartz-roller\/\",\"name\":\"Rose Quartz Roller Dutch Health Store\",\"isPartOf\":{\"@id\":\"https:\/\/dutchhealthstore.com\/fr\/#website\"},\"primaryImageOfPage\":{\"@id\":\"https:\/\/dutchhealthstore.com\/fr\/product\/rose-quartz-roller\/#primaryimage\"},\"image\":{\"@id\":\"https:\/\/dutchhealthstore.com\/fr\/product\/rose-quartz-roller\/#primaryimage\"},\"thumbnailUrl\":\"https:\/\/dutchhealthstore.com\/wp-content\/uploads\/2022\/12\/product4.jpg\",\"datePublished\":\"2018-04-07T11:27:12+00:00\",\"dateModified\":\"2025-07-29T11:58:36+00:00\",\"description\":\"Le Rose Quartz Roller r\u00e9duit l'apparence des rougeurs, calme les poches et dynamise la peau.\",\"breadcrumb\":{\"@id\":\"https:\/\/dutchhealthstore.com\/fr\/product\/rose-quartz-roller\/#breadcrumb\"},\"inLanguage\":\"fr-FR\",\"potentialAction\":[{\"@type\":\"ReadAction\",\"target\":[\"https:\/\/dutchhealthstore.com\/fr\/product\/rose-quartz-roller\/\"]}]},{\"@type\":\"ImageObject\",\"inLanguage\":\"fr-FR\",\"@id\":\"https:\/\/dutchhealthstore.com\/fr\/product\/rose-quartz-roller\/#primaryimage\",\"url\":\"https:\/\/dutchhealthstore.com\/wp-content\/uploads\/2022\/12\/product4.jpg\",\"contentUrl\":\"https:\/\/dutchhealthstore.com\/wp-content\/uploads\/2022\/12\/product4.jpg\",\"width\":510,\"height\":510},{\"@type\":\"BreadcrumbList\",\"@id\":\"https:\/\/dutchhealthstore.com\/fr\/product\/rose-quartz-roller\/#breadcrumb\",\"itemListElement\":[{\"@type\":\"ListItem\",\"position\":1,\"name\":\"Home\",\"item\":\"https:\/\/dutchhealthstore.com\/fr\/\"},{\"@type\":\"ListItem\",\"position\":2,\"name\":\"Shop\",\"item\":\"https:\/\/dutchhealthstore.com\/fr\/shop\/\"},{\"@type\":\"ListItem\",\"position\":3,\"name\":\"Rose Quartz Roller\"}]},{\"@type\":\"WebSite\",\"@id\":\"https:\/\/dutchhealthstore.com\/fr\/#website\",\"url\":\"https:\/\/dutchhealthstore.com\/fr\/\",\"name\":\"Dutch Health Store\",\"description\":\"Enhance Your Beauty with Organic &amp; Natural Skincare\",\"publisher\":{\"@id\":\"https:\/\/dutchhealthstore.com\/fr\/#organization\"},\"potentialAction\":[{\"@type\":\"SearchAction\",\"target\":{\"@type\":\"EntryPoint\",\"urlTemplate\":\"https:\/\/dutchhealthstore.com\/fr\/?s={search_term_string}\"},\"query-input\":{\"@type\":\"PropertyValueSpecification\",\"valueRequired\":true,\"valueName\":\"search_term_string\"}}],\"inLanguage\":\"fr-FR\"},{\"@type\":\"Organization\",\"@id\":\"https:\/\/dutchhealthstore.com\/fr\/#organization\",\"name\":\"Dutch Health Store\",\"url\":\"https:\/\/dutchhealthstore.com\/fr\/\",\"logo\":{\"@type\":\"ImageObject\",\"inLanguage\":\"fr-FR\",\"@id\":\"https:\/\/dutchhealthstore.com\/fr\/#\/schema\/logo\/image\/\",\"url\":\"https:\/\/dutchhealthstore.com\/wp-content\/uploads\/2020\/08\/logo-dutchhealthstore-jpg-e1599484957574.jpg\",\"contentUrl\":\"https:\/\/dutchhealthstore.com\/wp-content\/uploads\/2020\/08\/logo-dutchhealthstore-jpg-e1599484957574.jpg\",\"width\":400,\"height\":62,\"caption\":\"Dutch Health Store\"},\"image\":{\"@id\":\"https:\/\/dutchhealthstore.com\/fr\/#\/schema\/logo\/image\/\"},\"sameAs\":[\"https:\/\/www.instagram.com\/dutchhealthstore\/\",\"https:\/\/www.facebook.com\/dutchhealthstore\"]}]}<\/script>\n<meta property=\"product:brand\" content=\"Dutch Health Store\" \/>\n<meta property=\"product:price:amount\" content=\"42.50\" \/>\n<meta property=\"product:price:currency\" content=\"EUR\" \/>\n<meta property=\"og:availability\" content=\"instock\" \/>\n<meta property=\"product:availability\" content=\"instock\" \/>\n<meta property=\"product:condition\" content=\"new\" \/>\n<!-- \/ Yoast SEO Premium plugin. -->","yoast_head_json":{"title":"Rose Quartz Roller Dutch Health Store","description":"Le Rose Quartz Roller r\u00e9duit l'apparence des rougeurs, calme les poches et dynamise la peau.","robots":{"index":"index","follow":"follow","max-snippet":"max-snippet:-1","max-image-preview":"max-image-preview:large","max-video-preview":"max-video-preview:-1"},"canonical":"https:\/\/dutchhealthstore.com\/fr\/product\/rose-quartz-roller\/","og_locale":"fr_FR","og_type":"article","og_title":"Rose Quartz Roller - Dutch Health Store","og_description":"Le Rose Quartz Roller r\u00e9duit l'apparence des rougeurs, calme les poches et dynamise la peau.","og_url":"https:\/\/dutchhealthstore.com\/fr\/product\/rose-quartz-roller\/","og_site_name":"Dutch Health Store","article_publisher":"https:\/\/www.instagram.com\/dutchhealthstore\/","article_modified_time":"2025-07-29T11:58:36+00:00","og_image":[{"width":510,"height":510,"url":"https:\/\/dutchhealthstore.com\/wp-content\/uploads\/2022\/12\/product4.jpg","type":"image\/jpeg"}],"twitter_card":"summary_large_image","twitter_misc":{"Prix":"&euro;42,50","Disponibilit\u00e9":"En stock"},"schema":{"@context":"https:\/\/schema.org","@graph":[{"@type":"WebPage","@id":"https:\/\/dutchhealthstore.com\/fr\/product\/rose-quartz-roller\/","url":"https:\/\/dutchhealthstore.com\/fr\/product\/rose-quartz-roller\/","name":"Rose Quartz Roller Dutch Health Store","isPartOf":{"@id":"https:\/\/dutchhealthstore.com\/fr\/#website"},"primaryImageOfPage":{"@id":"https:\/\/dutchhealthstore.com\/fr\/product\/rose-quartz-roller\/#primaryimage"},"image":{"@id":"https:\/\/dutchhealthstore.com\/fr\/product\/rose-quartz-roller\/#primaryimage"},"thumbnailUrl":"https:\/\/dutchhealthstore.com\/wp-content\/uploads\/2022\/12\/product4.jpg","datePublished":"2018-04-07T11:27:12+00:00","dateModified":"2025-07-29T11:58:36+00:00","description":"Le Rose Quartz Roller r\u00e9duit l'apparence des rougeurs, calme les poches et dynamise la peau.","breadcrumb":{"@id":"https:\/\/dutchhealthstore.com\/fr\/product\/rose-quartz-roller\/#breadcrumb"},"inLanguage":"fr-FR","potentialAction":[{"@type":"ReadAction","target":["https:\/\/dutchhealthstore.com\/fr\/product\/rose-quartz-roller\/"]}]},{"@type":"ImageObject","inLanguage":"fr-FR","@id":"https:\/\/dutchhealthstore.com\/fr\/product\/rose-quartz-roller\/#primaryimage","url":"https:\/\/dutchhealthstore.com\/wp-content\/uploads\/2022\/12\/product4.jpg","contentUrl":"https:\/\/dutchhealthstore.com\/wp-content\/uploads\/2022\/12\/product4.jpg","width":510,"height":510},{"@type":"BreadcrumbList","@id":"https:\/\/dutchhealthstore.com\/fr\/product\/rose-quartz-roller\/#breadcrumb","itemListElement":[{"@type":"ListItem","position":1,"name":"Home","item":"https:\/\/dutchhealthstore.com\/fr\/"},{"@type":"ListItem","position":2,"name":"Shop","item":"https:\/\/dutchhealthstore.com\/fr\/shop\/"},{"@type":"ListItem","position":3,"name":"Rose Quartz Roller"}]},{"@type":"WebSite","@id":"https:\/\/dutchhealthstore.com\/fr\/#website","url":"https:\/\/dutchhealthstore.com\/fr\/","name":"Dutch Health Store","description":"Enhance Your Beauty with Organic &amp; Natural Skincare","publisher":{"@id":"https:\/\/dutchhealthstore.com\/fr\/#organization"},"potentialAction":[{"@type":"SearchAction","target":{"@type":"EntryPoint","urlTemplate":"https:\/\/dutchhealthstore.com\/fr\/?s={search_term_string}"},"query-input":{"@type":"PropertyValueSpecification","valueRequired":true,"valueName":"search_term_string"}}],"inLanguage":"fr-FR"},{"@type":"Organization","@id":"https:\/\/dutchhealthstore.com\/fr\/#organization","name":"Dutch Health Store","url":"https:\/\/dutchhealthstore.com\/fr\/","logo":{"@type":"ImageObject","inLanguage":"fr-FR","@id":"https:\/\/dutchhealthstore.com\/fr\/#\/schema\/logo\/image\/","url":"https:\/\/dutchhealthstore.com\/wp-content\/uploads\/2020\/08\/logo-dutchhealthstore-jpg-e1599484957574.jpg","contentUrl":"https:\/\/dutchhealthstore.com\/wp-content\/uploads\/2020\/08\/logo-dutchhealthstore-jpg-e1599484957574.jpg","width":400,"height":62,"caption":"Dutch Health Store"},"image":{"@id":"https:\/\/dutchhealthstore.com\/fr\/#\/schema\/logo\/image\/"},"sameAs":["https:\/\/www.instagram.com\/dutchhealthstore\/","https:\/\/www.facebook.com\/dutchhealthstore"]}]},"product_brand":"Dutch Health Store","product_price_amount":"42.50","product_price_currency":"EUR","og_availability":"instock","product_availability":"instock","product_condition":"new"},"_links":{"self":[{"href":"https:\/\/dutchhealthstore.com\/fr\/wp-json\/wp\/v2\/product\/108225","targetHints":{"allow":["GET"]}}],"collection":[{"href":"https:\/\/dutchhealthstore.com\/fr\/wp-json\/wp\/v2\/product"}],"about":[{"href":"https:\/\/dutchhealthstore.com\/fr\/wp-json\/wp\/v2\/types\/product"}],"replies":[{"embeddable":true,"href":"https:\/\/dutchhealthstore.com\/fr\/wp-json\/wp\/v2\/comments?post=108225"}],"wp:featuredmedia":[{"embeddable":true,"href":"https:\/\/dutchhealthstore.com\/fr\/wp-json\/wp\/v2\/media\/227447"}],"wp:attachment":[{"href":"https:\/\/dutchhealthstore.com\/fr\/wp-json\/wp\/v2\/media?parent=108225"}],"wp:term":[{"taxonomy":"product_brand","embeddable":true,"href":"https:\/\/dutchhealthstore.com\/fr\/wp-json\/wp\/v2\/product_brand?post=108225"},{"taxonomy":"product_cat","embeddable":true,"href":"https:\/\/dutchhealthstore.com\/fr\/wp-json\/wp\/v2\/product_cat?post=108225"},{"taxonomy":"product_tag","embeddable":true,"href":"https:\/\/dutchhealthstore.com\/fr\/wp-json\/wp\/v2\/product_tag?post=108225"}],"curies":[{"name":"wp","href":"https:\/\/api.w.org\/{rel}","templated":true}]}}