{"id":108184,"date":"2020-01-09T15:05:14","date_gmt":"2020-01-09T14:05:14","guid":{"rendered":"https:\/\/dutchhealthstore.com\/product\/night-nectar\/"},"modified":"2026-02-21T19:56:15","modified_gmt":"2026-02-21T18:56:15","slug":"night-nectar","status":"publish","type":"product","link":"https:\/\/dutchhealthstore.com\/fr\/product\/night-nectar\/","title":{"rendered":"Night Nectar"},"content":{"rendered":"<p><img decoding=\"async\" class=\"alignright wp-image-56011\" src=\"https:\/\/dutchhealthstore.com\/wp-content\/uploads\/2019\/04\/logo.png\" alt=\"Living libations logo\" width=\"200\" height=\"59\">Avec une goutte de Living Libations Night Nectar, la peau retrouve son matin et est rafra\u00eechie. Car dans la ros\u00e9e des petites choses, la peau est b\u00e9nie par les plantes et berc\u00e9e par les lipides luxuriants qui caressent le teint avec ce s\u00e9rum nocturne nourrissant.<\/p>\n<p>&nbsp;<\/p>\n<p style=\"text-align: center;\">\u00ab\u00a0La lune vit dans la doublure de ta peau.<br \/>\n\u223c Pablo Neruda<\/p>\n<p>Parce que la lune vit dans le rev\u00eatement de notre peau, nous avons formul\u00e9 un nectar nocturne qui r\u00e9pare et rajeunit pendant que vous vous d\u00e9tendez. Dormez nich\u00e9 dans ce nectar nocturne pour ravir les peaux s\u00e8ches, repulper les ridules et regonfler le tonus.<\/p>\n<h3>Comment utiliser<\/h3>\n<p>Dormez sur une peau qui a \u00e9t\u00e9 tamponn\u00e9e avec des gouttes de cette ros\u00e9e. Ample par lui-m\u00eame et parfaitement associ\u00e9 au Ensorcell Serum, utilisez votre paume comme une palette pour m\u00e9langer les deux.<\/p>\n<p><strong>Taille : 15 ml<\/strong><\/p>\n<h3 class=\"yikes-custom-woo-tab-title yikes-custom-woo-tab-title-organic-ingredients\">Ingr\u00e9dients biologiques<\/h3>\n<p><strong>L&rsquo;argousier<\/strong> <em>(Hippophae rhamnoides)<\/em> &#8211; L&rsquo;argousier envoie ses lipides dans la peau, att\u00e9nuant les d\u00e9s\u00e9quilibres de l&rsquo;int\u00e9rieur. Cet extrait supercritique regorge d&rsquo;acides gras om\u00e9ga 3, 6, 7 et 9, d&rsquo;antioxydants, de vitamines, d&rsquo;acides palmitol\u00e9iques, de carot\u00e9no\u00efdes et de phytost\u00e9rols. Une seule goutte d&rsquo;huile d&rsquo;argousier contient 190 compos\u00e9s bioactifs diff\u00e9rents. Cette essence orange vif est un ravissant reconstituant et nettoyeur de teint.<\/p>\n<p><strong>Camomille du Cap<\/strong><em> (Eriocephalus punctulatus<\/em> ) &#8211; Captivante La camomille du Cap d\u00e9gage une belle et fine odeur florale et fruit\u00e9e qui est l&rsquo;un de nos ar\u00f4mes pr\u00e9f\u00e9r\u00e9s. La camomille du Cap a une teneur \u00e9lev\u00e9e en compos\u00e9s rares d&rsquo;ester et d&rsquo;azul\u00e8ne qui lui conf\u00e8rent une teinte bleu sarcelle pour apaiser toutes sortes de d\u00e9s\u00e9quilibres cutan\u00e9s. Cette essence rajeunissante \u00e9quilibre le s\u00e9bum et adoucit l&rsquo;apparence des cicatrices et des taches.<\/p>\n<p><strong>Immortelle<\/strong> <em>(Helichrysum italicum)<\/em> &#8211; L&rsquo;Immortelle \u00e9ternelle est stellaire et rayonne de fa\u00e7on divine pour tous les types de soins de la peau. Cette huile florale parfum\u00e9e est fabriqu\u00e9e de mani\u00e8re sauvage sur l&rsquo;\u00eele de Corse, o\u00f9 les fleurs prosp\u00e8rent gr\u00e2ce aux brises de l&rsquo;oc\u00e9an et au soleil. Les fleurs poussent \u00e0 une altitude de 4 000 feet sur les falaises rocheuses de la campagne. L&rsquo;immortelle aide \u00e0 att\u00e9nuer l&rsquo;apparence des cicatrices, des taches, du m\u00e9lasme, des rougeurs et des ridules. Ce bijou d&rsquo;huile aux multiples facettes est \u00e9galement stimulant sur le plan \u00e9motionnel.<\/p>\n<p><strong>Encens<\/strong> <em>(Boswellia carterii)<\/em> &#8211; Il s&rsquo;agit d&rsquo;une essence sainte, quintessentielle pour cultiver la v\u00e9n\u00e9ration de la peau. Perles liquides de l&rsquo;arbre de vie, l&rsquo;encens est distill\u00e9 \u00e0 partir de la s\u00e8ve r\u00e9sineuse de l&rsquo;arbre. Ointe et inhal\u00e9e lors de c\u00e9r\u00e9monies spirituelles depuis des milliers d&rsquo;ann\u00e9es, cette huile fine et parfum\u00e9e augmente la r\u00e9silience de la peau. D\u00e9tenteur de la sagesse des \u00e2ges, l&rsquo;encens est formidable pour apaiser l&rsquo;apparence des cicatrices, lisser les irr\u00e9gularit\u00e9s de la peau et minimiser l&rsquo;apparence du m\u00e9lasma et des cicatrices. Cette huile est un formidable tonique qui, depuis des mill\u00e9naires, est une plante tr\u00e8s appr\u00e9ci\u00e9e pour les soins du corps.<\/p>\n<p><strong>Graine de carotte <\/strong><em>(Daucus carot<\/em> ) &#8211; La dentelle de la reine Anne oint votre visage d&rsquo;une gr\u00e2ce royale. L&rsquo;huile de carotte \u00e9quilibre la production d&rsquo;huile dans des proportions parfaites, quel que soit l&rsquo;\u00e9tat actuel de votre peau. Les peaux huile, s\u00e8ches et mixtes peuvent toutes b\u00e9n\u00e9ficier de la manne hydratante des graines de carotte.<\/p>\n<p><strong>Thym doux <\/strong><em>(Thymus vulgaris linalool<\/em> ) &#8211; Le thym doux est aussi fort que doux ! Elle contient tout le pouvoir fortifiant et tonifiant des autres types d&rsquo;huiles de thym, sans provoquer d&rsquo;irritation, tout en purifiant les pores. Il est connu pour stimuler et dynamiser le corps et l&rsquo;esprit tout en \u00e9tant suffisamment doux pour \u00eatre utilis\u00e9 sur les jeunes enfants et les personnes \u00e2g\u00e9es. Le thym doux est riche en linalol et constitue un ingr\u00e9dient pr\u00e9cieux de nos s\u00e9rums de soin doux.<\/p>\n<p><strong>Gingembre<\/strong> <em>(Zingiber officinale)<\/em> &#8211; Un h\u00e9ros dans notre arsenal d&rsquo;aromath\u00e9rapie car il a un punch herbac\u00e9! Chaleureuse et piquante, elle dynamise le tonus atone et contribue \u00e0 am\u00e9liorer l&rsquo;apparence de l&rsquo;\u00e9lasticit\u00e9 et de la fermet\u00e9.<\/p>\n<p><strong>Marjolaine<\/strong> <em>(Origanum marjorana)<\/em> &#8211; La marjolaine, herbac\u00e9e et douce, est utilis\u00e9e pour purifier le corps, l&rsquo;esprit et l&rsquo;\u00e2me depuis les temps bibliques. Distill\u00e9e \u00e0 la vapeur pour capturer les bienfaits botaniques de cette herbe parfum\u00e9e, l&rsquo;ar\u00f4me chaud et p\u00e9n\u00e9trant de notre marjolaine est serein. Son parfum soporifique \u00e9tait v\u00e9n\u00e9r\u00e9 par les Grecs et les Romains de l&rsquo;Antiquit\u00e9 pour son pouvoir d&rsquo;invocation de la paix et du bonheur.<\/p>\n<p><strong>Lavande<\/strong> <em>(Lavandula angustifoli<\/em> ) &#8211; La lavande est un tonique doux et puissant pour la peau, qui est r\u00e9parateur et calmant. Il d\u00e9tend les rougeurs et refroidit chauff\u00e9. La lavande peut \u00eatre utilis\u00e9e pour am\u00e9liorer l&rsquo;apparence des cicatrices, \u00e9galiser le teint, apaiser l&rsquo;acn\u00e9 et \u00e9quilibrer les niveaux de s\u00e9bum de la peau.<\/p>\n<p><strong>Graines de brocoli<\/strong> <em>(Brassica oleracea) &#8211;<\/em> L&rsquo;huile de graines de brocoli est riche en acides gras essentiels uniques et en phyto-nutriments v\u00e9g\u00e9taux. Il recouvre la peau d&rsquo;une couche protectrice l\u00e9g\u00e8re et non grasse qui stimule et maintient une bonne hydratation de la peau. Ce rev\u00eatement invisible fait p\u00e9n\u00e9trer l&rsquo;humidit\u00e9 dans la peau. Les graines de brocoli contiennent des niveaux \u00e9lev\u00e9s d&rsquo;acide arachidonique, un acide gras naturelque l&rsquo;on trouve \u00e9galement dans la couche \u00e9pidermique de la peau. L&rsquo;huile de graines de brocoli redonne \u00e0 la peau rouge sa couleur calme naturel.<\/p>\n<p><img fetchpriority=\"high\" decoding=\"async\" class=\"aligncenter wp-image-68103\" src=\"https:\/\/dutchhealthstore.com\/wp-content\/uploads\/2018\/02\/Living-Libations-Organic-Logo.png\" alt=\"Living Libations - Organic Logo\" width=\"800\" height=\"89\" srcset=\"https:\/\/dutchhealthstore.com\/wp-content\/uploads\/2018\/02\/Living-Libations-Organic-Logo.png 1400w, https:\/\/dutchhealthstore.com\/wp-content\/uploads\/2018\/02\/Living-Libations-Organic-Logo-510x57.png 510w, https:\/\/dutchhealthstore.com\/wp-content\/uploads\/2018\/02\/Living-Libations-Organic-Logo-800x89.png 800w, https:\/\/dutchhealthstore.com\/wp-content\/uploads\/2018\/02\/Living-Libations-Organic-Logo-768x85.png 768w\" sizes=\"(max-width: 800px) 100vw, 800px\" \/><\/p>\n","protected":false},"excerpt":{"rendered":"<p>Avec une goutte deLiving Libations <strong>N<\/strong><strong>i<\/strong><strong>ght<\/strong> <strong>Nectar<\/strong><strong>,<\/strong> la peau retrouve son matin et est rafra\u00eechie. Car dans la ros\u00e9e des petites choses, la peau est b\u00e9nie par les plantes et berc\u00e9e par les lipides luxuriants qui caressent le teint avec ce s\u00e9rum nocturne nourrissant.<\/p>\n","protected":false},"featured_media":88919,"comment_status":"open","ping_status":"closed","template":"","meta":[],"product_brand":[],"product_cat":[14733,1211,1209,1030,5107,5121,5709,1229,5712,4240,5713,5716,4049,1010,2985],"product_tag":[9603,6032,4864,21358],"class_list":{"0":"post-108184","1":"product","2":"type-product","3":"status-publish","4":"has-post-thumbnail","6":"product_cat-soins-de-la-peau","7":"product_cat-living-libations-france","8":"product_cat-par-marques","9":"product_cat-par-produits","10":"product_cat-by-skin-type-fr-4","11":"product_cat-dry-mature-ageing-skin-fr-2","12":"product_cat-dry-mature-ageing-skin-fr-4","13":"product_cat-sensitive-skin-redness-fr","14":"product_cat-sensitive-skin-redness-fr-3","15":"product_cat-serums-fr-2","16":"product_cat-serums-fr","17":"product_cat-serums-fr-5","18":"product_cat-serums-et-hydratant","19":"product_cat-notre-boutique","20":"product_cat-visage-fr","21":"product_tag-hydrating-fr","22":"product_tag-serum-fr","23":"product_tag-skin-fr","24":"product_tag-soins-du-visage","25":"pa_brand-livinglibations-fr","26":"pa_gtin-7439657272219-fr-2","27":"pa_size-15-ml-fr","28":"pa_skincare-type-face-oil-and-serums-fr","29":"pa_skintype-dry-mature-ageing-skin-fr","30":"pa_skintype-sensitive-skin-redness-fr","32":"first","33":"instock","34":"taxable","35":"shipping-taxable","36":"purchasable","37":"product-type-simple"},"bundled_by":[],"bundle_stock_status":"instock","bundle_stock_quantity":2,"bundle_virtual":false,"bundle_layout":"","bundle_add_to_cart_form_location":"","bundle_editable_in_cart":false,"bundle_sold_individually_context":"","bundle_item_grouping":"","bundle_min_size":"","bundle_max_size":"","bundle_price":[],"bundled_items":[],"bundle_sell_ids":[230770],"atum_controlled":true,"out_stock_date":null,"out_stock_threshold":null,"inheritable":false,"stock_on_hold":1,"sold_today":0,"sales_last_days":1,"out_stock_days":0,"lost_sales":0,"update_date":"2026-04-07T13:46:16","atum_locations":[],"atum_stock_status":"instock","restock_status":false,"low_stock_amount":"","sales_update_date":"2026-04-07T13:46:16","calc_backorders":null,"group_of_quantity":0,"min_quantity":0,"max_quantity":"","exclude_order_quantity_value_rules":"no","exclude_category_quantity_rules":"no","combine_variations":"no","yoast_head":"<!-- This site is optimized with the Yoast SEO Premium plugin v26.5 (Yoast SEO v26.5) - https:\/\/yoast.com\/wordpress\/plugins\/seo\/ -->\n<title>Night Nectar - Organic &amp; Natural | Living Libations<\/title>\n<meta name=\"description\" content=\"Avec une goutte de Living Libations Night Nectar, la peau retrouve son matin et est rafra\u00eechie.\" \/>\n<meta name=\"robots\" content=\"index, follow, max-snippet:-1, max-image-preview:large, max-video-preview:-1\" \/>\n<link rel=\"canonical\" href=\"https:\/\/dutchhealthstore.com\/fr\/product\/night-nectar\/\" \/>\n<meta property=\"og:locale\" content=\"fr_FR\" \/>\n<meta property=\"og:type\" content=\"article\" \/>\n<meta property=\"og:title\" content=\"Night Nectar - Dutch Health Store\" \/>\n<meta property=\"og:description\" content=\"Avec une goutte de Living Libations Night Nectar, la peau retrouve son matin et est rafra\u00eechie.\" \/>\n<meta property=\"og:url\" content=\"https:\/\/dutchhealthstore.com\/fr\/product\/night-nectar\/\" \/>\n<meta property=\"og:site_name\" content=\"Dutch Health Store\" \/>\n<meta property=\"article:publisher\" content=\"https:\/\/www.instagram.com\/dutchhealthstore\/\" \/>\n<meta property=\"article:modified_time\" content=\"2026-02-21T18:56:15+00:00\" \/>\n<meta property=\"og:image\" content=\"https:\/\/dutchhealthstore.com\/wp-content\/uploads\/2020\/01\/Night-Nectar-Living-Libations.jpg\" \/>\n\t<meta property=\"og:image:width\" content=\"1200\" \/>\n\t<meta property=\"og:image:height\" content=\"1200\" \/>\n\t<meta property=\"og:image:type\" content=\"image\/jpeg\" \/>\n<meta name=\"twitter:card\" content=\"summary_large_image\" \/>\n<meta name=\"twitter:label1\" content=\"Prix\" \/>\n\t<meta name=\"twitter:data1\" content=\"&euro;92,00\" \/>\n\t<meta name=\"twitter:label2\" content=\"Disponibilit\u00e9\" \/>\n\t<meta name=\"twitter:data2\" content=\"En stock\" \/>\n<script type=\"application\/ld+json\" class=\"yoast-schema-graph\">{\"@context\":\"https:\/\/schema.org\",\"@graph\":[{\"@type\":\"WebPage\",\"@id\":\"https:\/\/dutchhealthstore.com\/fr\/product\/night-nectar\/\",\"url\":\"https:\/\/dutchhealthstore.com\/fr\/product\/night-nectar\/\",\"name\":\"Night Nectar - Organic & Natural | Living Libations\",\"isPartOf\":{\"@id\":\"https:\/\/dutchhealthstore.com\/fr\/#website\"},\"primaryImageOfPage\":{\"@id\":\"https:\/\/dutchhealthstore.com\/fr\/product\/night-nectar\/#primaryimage\"},\"image\":{\"@id\":\"https:\/\/dutchhealthstore.com\/fr\/product\/night-nectar\/#primaryimage\"},\"thumbnailUrl\":\"https:\/\/dutchhealthstore.com\/wp-content\/uploads\/2020\/01\/Night-Nectar-Living-Libations.jpg\",\"datePublished\":\"2020-01-09T14:05:14+00:00\",\"dateModified\":\"2026-02-21T18:56:15+00:00\",\"description\":\"Avec une goutte de Living Libations Night Nectar, la peau retrouve son matin et est rafra\u00eechie.\",\"breadcrumb\":{\"@id\":\"https:\/\/dutchhealthstore.com\/fr\/product\/night-nectar\/#breadcrumb\"},\"inLanguage\":\"fr-FR\",\"potentialAction\":[{\"@type\":\"ReadAction\",\"target\":[\"https:\/\/dutchhealthstore.com\/fr\/product\/night-nectar\/\"]}]},{\"@type\":\"ImageObject\",\"inLanguage\":\"fr-FR\",\"@id\":\"https:\/\/dutchhealthstore.com\/fr\/product\/night-nectar\/#primaryimage\",\"url\":\"https:\/\/dutchhealthstore.com\/wp-content\/uploads\/2020\/01\/Night-Nectar-Living-Libations.jpg\",\"contentUrl\":\"https:\/\/dutchhealthstore.com\/wp-content\/uploads\/2020\/01\/Night-Nectar-Living-Libations.jpg\",\"width\":1200,\"height\":1200,\"caption\":\"Night Nectar - Living Libations\"},{\"@type\":\"BreadcrumbList\",\"@id\":\"https:\/\/dutchhealthstore.com\/fr\/product\/night-nectar\/#breadcrumb\",\"itemListElement\":[{\"@type\":\"ListItem\",\"position\":1,\"name\":\"Home\",\"item\":\"https:\/\/dutchhealthstore.com\/fr\/\"},{\"@type\":\"ListItem\",\"position\":2,\"name\":\"Shop\",\"item\":\"https:\/\/dutchhealthstore.com\/fr\/shop\/\"},{\"@type\":\"ListItem\",\"position\":3,\"name\":\"Night Nectar\"}]},{\"@type\":\"WebSite\",\"@id\":\"https:\/\/dutchhealthstore.com\/fr\/#website\",\"url\":\"https:\/\/dutchhealthstore.com\/fr\/\",\"name\":\"Dutch Health Store\",\"description\":\"Enhance Your Beauty with Organic &amp; Natural Skincare\",\"publisher\":{\"@id\":\"https:\/\/dutchhealthstore.com\/fr\/#organization\"},\"potentialAction\":[{\"@type\":\"SearchAction\",\"target\":{\"@type\":\"EntryPoint\",\"urlTemplate\":\"https:\/\/dutchhealthstore.com\/fr\/?s={search_term_string}\"},\"query-input\":{\"@type\":\"PropertyValueSpecification\",\"valueRequired\":true,\"valueName\":\"search_term_string\"}}],\"inLanguage\":\"fr-FR\"},{\"@type\":\"Organization\",\"@id\":\"https:\/\/dutchhealthstore.com\/fr\/#organization\",\"name\":\"Dutch Health Store\",\"url\":\"https:\/\/dutchhealthstore.com\/fr\/\",\"logo\":{\"@type\":\"ImageObject\",\"inLanguage\":\"fr-FR\",\"@id\":\"https:\/\/dutchhealthstore.com\/fr\/#\/schema\/logo\/image\/\",\"url\":\"https:\/\/dutchhealthstore.com\/wp-content\/uploads\/2020\/08\/logo-dutchhealthstore-jpg-e1599484957574.jpg\",\"contentUrl\":\"https:\/\/dutchhealthstore.com\/wp-content\/uploads\/2020\/08\/logo-dutchhealthstore-jpg-e1599484957574.jpg\",\"width\":400,\"height\":62,\"caption\":\"Dutch Health Store\"},\"image\":{\"@id\":\"https:\/\/dutchhealthstore.com\/fr\/#\/schema\/logo\/image\/\"},\"sameAs\":[\"https:\/\/www.instagram.com\/dutchhealthstore\/\",\"https:\/\/www.facebook.com\/dutchhealthstore\"]}]}<\/script>\n<meta property=\"product:brand\" content=\"Living Libations\" \/>\n<meta property=\"product:price:amount\" content=\"92.00\" \/>\n<meta property=\"product:price:currency\" content=\"EUR\" \/>\n<meta property=\"og:availability\" content=\"instock\" \/>\n<meta property=\"product:availability\" content=\"instock\" \/>\n<meta property=\"product:condition\" content=\"new\" \/>\n<!-- \/ Yoast SEO Premium plugin. -->","yoast_head_json":{"title":"Night Nectar - Organic & Natural | Living Libations","description":"Avec une goutte de Living Libations Night Nectar, la peau retrouve son matin et est rafra\u00eechie.","robots":{"index":"index","follow":"follow","max-snippet":"max-snippet:-1","max-image-preview":"max-image-preview:large","max-video-preview":"max-video-preview:-1"},"canonical":"https:\/\/dutchhealthstore.com\/fr\/product\/night-nectar\/","og_locale":"fr_FR","og_type":"article","og_title":"Night Nectar - Dutch Health Store","og_description":"Avec une goutte de Living Libations Night Nectar, la peau retrouve son matin et est rafra\u00eechie.","og_url":"https:\/\/dutchhealthstore.com\/fr\/product\/night-nectar\/","og_site_name":"Dutch Health Store","article_publisher":"https:\/\/www.instagram.com\/dutchhealthstore\/","article_modified_time":"2026-02-21T18:56:15+00:00","og_image":[{"width":1200,"height":1200,"url":"https:\/\/dutchhealthstore.com\/wp-content\/uploads\/2020\/01\/Night-Nectar-Living-Libations.jpg","type":"image\/jpeg"}],"twitter_card":"summary_large_image","twitter_misc":{"Prix":"&euro;92,00","Disponibilit\u00e9":"En stock"},"schema":{"@context":"https:\/\/schema.org","@graph":[{"@type":"WebPage","@id":"https:\/\/dutchhealthstore.com\/fr\/product\/night-nectar\/","url":"https:\/\/dutchhealthstore.com\/fr\/product\/night-nectar\/","name":"Night Nectar - Organic & Natural | Living Libations","isPartOf":{"@id":"https:\/\/dutchhealthstore.com\/fr\/#website"},"primaryImageOfPage":{"@id":"https:\/\/dutchhealthstore.com\/fr\/product\/night-nectar\/#primaryimage"},"image":{"@id":"https:\/\/dutchhealthstore.com\/fr\/product\/night-nectar\/#primaryimage"},"thumbnailUrl":"https:\/\/dutchhealthstore.com\/wp-content\/uploads\/2020\/01\/Night-Nectar-Living-Libations.jpg","datePublished":"2020-01-09T14:05:14+00:00","dateModified":"2026-02-21T18:56:15+00:00","description":"Avec une goutte de Living Libations Night Nectar, la peau retrouve son matin et est rafra\u00eechie.","breadcrumb":{"@id":"https:\/\/dutchhealthstore.com\/fr\/product\/night-nectar\/#breadcrumb"},"inLanguage":"fr-FR","potentialAction":[{"@type":"ReadAction","target":["https:\/\/dutchhealthstore.com\/fr\/product\/night-nectar\/"]}]},{"@type":"ImageObject","inLanguage":"fr-FR","@id":"https:\/\/dutchhealthstore.com\/fr\/product\/night-nectar\/#primaryimage","url":"https:\/\/dutchhealthstore.com\/wp-content\/uploads\/2020\/01\/Night-Nectar-Living-Libations.jpg","contentUrl":"https:\/\/dutchhealthstore.com\/wp-content\/uploads\/2020\/01\/Night-Nectar-Living-Libations.jpg","width":1200,"height":1200,"caption":"Night Nectar - Living Libations"},{"@type":"BreadcrumbList","@id":"https:\/\/dutchhealthstore.com\/fr\/product\/night-nectar\/#breadcrumb","itemListElement":[{"@type":"ListItem","position":1,"name":"Home","item":"https:\/\/dutchhealthstore.com\/fr\/"},{"@type":"ListItem","position":2,"name":"Shop","item":"https:\/\/dutchhealthstore.com\/fr\/shop\/"},{"@type":"ListItem","position":3,"name":"Night Nectar"}]},{"@type":"WebSite","@id":"https:\/\/dutchhealthstore.com\/fr\/#website","url":"https:\/\/dutchhealthstore.com\/fr\/","name":"Dutch Health Store","description":"Enhance Your Beauty with Organic &amp; Natural Skincare","publisher":{"@id":"https:\/\/dutchhealthstore.com\/fr\/#organization"},"potentialAction":[{"@type":"SearchAction","target":{"@type":"EntryPoint","urlTemplate":"https:\/\/dutchhealthstore.com\/fr\/?s={search_term_string}"},"query-input":{"@type":"PropertyValueSpecification","valueRequired":true,"valueName":"search_term_string"}}],"inLanguage":"fr-FR"},{"@type":"Organization","@id":"https:\/\/dutchhealthstore.com\/fr\/#organization","name":"Dutch Health Store","url":"https:\/\/dutchhealthstore.com\/fr\/","logo":{"@type":"ImageObject","inLanguage":"fr-FR","@id":"https:\/\/dutchhealthstore.com\/fr\/#\/schema\/logo\/image\/","url":"https:\/\/dutchhealthstore.com\/wp-content\/uploads\/2020\/08\/logo-dutchhealthstore-jpg-e1599484957574.jpg","contentUrl":"https:\/\/dutchhealthstore.com\/wp-content\/uploads\/2020\/08\/logo-dutchhealthstore-jpg-e1599484957574.jpg","width":400,"height":62,"caption":"Dutch Health Store"},"image":{"@id":"https:\/\/dutchhealthstore.com\/fr\/#\/schema\/logo\/image\/"},"sameAs":["https:\/\/www.instagram.com\/dutchhealthstore\/","https:\/\/www.facebook.com\/dutchhealthstore"]}]},"product_brand":"Living Libations","product_price_amount":"92.00","product_price_currency":"EUR","og_availability":"instock","product_availability":"instock","product_condition":"new"},"_links":{"self":[{"href":"https:\/\/dutchhealthstore.com\/fr\/wp-json\/wp\/v2\/product\/108184","targetHints":{"allow":["GET"]}}],"collection":[{"href":"https:\/\/dutchhealthstore.com\/fr\/wp-json\/wp\/v2\/product"}],"about":[{"href":"https:\/\/dutchhealthstore.com\/fr\/wp-json\/wp\/v2\/types\/product"}],"replies":[{"embeddable":true,"href":"https:\/\/dutchhealthstore.com\/fr\/wp-json\/wp\/v2\/comments?post=108184"}],"wp:featuredmedia":[{"embeddable":true,"href":"https:\/\/dutchhealthstore.com\/fr\/wp-json\/wp\/v2\/media\/88919"}],"wp:attachment":[{"href":"https:\/\/dutchhealthstore.com\/fr\/wp-json\/wp\/v2\/media?parent=108184"}],"wp:term":[{"taxonomy":"product_brand","embeddable":true,"href":"https:\/\/dutchhealthstore.com\/fr\/wp-json\/wp\/v2\/product_brand?post=108184"},{"taxonomy":"product_cat","embeddable":true,"href":"https:\/\/dutchhealthstore.com\/fr\/wp-json\/wp\/v2\/product_cat?post=108184"},{"taxonomy":"product_tag","embeddable":true,"href":"https:\/\/dutchhealthstore.com\/fr\/wp-json\/wp\/v2\/product_tag?post=108184"}],"curies":[{"name":"wp","href":"https:\/\/api.w.org\/{rel}","templated":true}]}}