{"id":108014,"date":"2018-02-10T19:20:05","date_gmt":"2018-02-10T18:20:05","guid":{"rendered":"https:\/\/dutchhealthstore.com\/product\/open-sky-eye-serum\/"},"modified":"2025-11-23T13:09:29","modified_gmt":"2025-11-23T12:09:29","slug":"open-sky-eye-serum","status":"publish","type":"product","link":"https:\/\/dutchhealthstore.com\/fr\/product\/open-sky-eye-serum\/","title":{"rendered":"Open Sky Eye Serum"},"content":{"rendered":"<p><strong><img decoding=\"async\" class=\"size-full wp-image-37041 alignright\" src=\"https:\/\/dutchhealthstore.com\/wp-content\/uploads\/2018\/04\/Living_Libations-1.png\" alt=\"Organic &amp; Natural Beautyproducts - Living Libations\" width=\"175\" height=\"82\"><\/strong><\/p>\n<p>Apaisez les fen\u00eatres de votre \u00e2me avec de la joie et du myst\u00e8re, en vous plongeant dans l&rsquo;univers botanique de notre <strong>Open Sky Eye Serum<\/strong>. Maintenant avec une bille roulante Rose Quartz dans nos applicateurs roll on de 5ml et 10ml! Outre le fait que cette pierre pr\u00e9cieuse est la cerise sur le g\u00e2teau, le quartz rose est une belle pierre de silice rose \u00e9quilibrante qui r\u00e9sonne avec le chakra du c\u0153ur.<\/p>\n<p>Oubliez les ridules, les yeux gonfl\u00e9s, les cernes et le rel\u00e2chement de la peau. Ravivez les tissus tendres qui entourent vos jolis orbes avec <strong>Open Sky Eye Serum<\/strong>. Le regard d\u00e9vou\u00e9 de cette ros\u00e9e rafra\u00eechissante et rajeunissante apaise le contour des yeux, les sourcils et la glande pin\u00e9ale. B\u00e9nissez les tissus d\u00e9licats des yeux avec la puissance de l&rsquo;<strong>Open Sky Eye Serum<\/strong>. Ouvrez-vous aux merveilles et aux plaisirs de la vie et laissez vos yeux magnifiques briller!<\/p>\n<h3>Application<\/h3>\n<p>Utilisez le compte-gouttes pour appliquer une goutte succulente dans votre paume. Du bout des doigts, appliquez d\u00e9licatement le s\u00e9rum sur le contour de l&rsquo;\u0153il. Super \u00e0 utiliser seul ou \u00e0 appliquer avec All Seeing Eye Cream, profond\u00e9ment hydratante. Appliquez sur le visage et le cou pour profiter des bienfaits rafra\u00eechissants de la belle botanique. Excellent sous le maquillage.<\/p>\n<h3 class=\"yikes-custom-woo-tab-title yikes-custom-woo-tab-title-natural-organic-ingredients\">Ingr\u00e9dients Naturels\/Biologiques<\/h3>\n<p><strong>Jojoba<\/strong><em>(Simmondsia chinensis<\/em>) &#8211; Le jojoba dor\u00e9 et glorieux nourrit et soigne les peaux assoiff\u00e9es. Jojoba a une capacit\u00e9 in\u00e9gal\u00e9e d&rsquo;hydrater la peau, d&rsquo;\u00e9quilibrer la production d&rsquo;huile, de nettoyer en profondeur les pores et de cr\u00e9er des effets de conditionnement de longue dur\u00e9e qui adoucissent la peau. Elle regorge de peptides et de lipides et contient les plus hauts niveaux de compos\u00e9s ph\u00e9noliques trouv\u00e9s dans la nature ainsi que des nutriments et toutes les formes solubles de vitamine E!<\/p>\n<p><strong>Noix de coco vierge<\/strong><strong> <\/strong><em>(Cocos nucifera)<\/em> \u2013 L&rsquo;huile de noix de coco vierge fait fondre l&rsquo;humidit\u00e9 dans la peau, r\u00e9duisant l&rsquo;apparence des rides et des ridules et favorisant une meilleure \u00e9lasticit\u00e9. L&rsquo;huile de coco est utilis\u00e9e pour prot\u00e9ger la peau des effets n\u00e9fastes de l&rsquo;exposition \u00e0 l&rsquo;environnement.<\/p>\n<p><strong>Encens<\/strong><strong> <\/strong><em>(Boswellia carterii)<\/em><em> <\/em>\u2013 L&rsquo;encens sacr\u00e9 est la pi\u00e8ce de r\u00e9sistance des soins de la peau! Il d\u00e9tend les rougeurs, raffermit la peau, att\u00e9nue les ridules et hydrate abondamment la peau. Il est \u00e9galement merveilleux pour r\u00e9duire l&rsquo;apparence des taches de vieillesse.<\/p>\n<p><strong>Rose Otto <\/strong><em>(Rosa Damascena)<\/em><em>&#8211;<\/em>Notre ravissante rose otto ajoute de la r\u00e9silience et de l&rsquo;\u00e9lasticit\u00e9 \u00e0 la peau d\u00e9licate des dessous des yeux.<\/p>\n<p><strong>Menthe poivr\u00e9e <\/strong><strong><em>(Mentha piperita)<\/em><strong><\/strong><\/strong><strong> <\/strong>&#8211; D\u00e9bordante de fra\u00eecheur menthol\u00e9e et dot\u00e9e de puissantes propri\u00e9t\u00e9s anti-poches, la menthe poivr\u00e9e calme et rafra\u00eechit la peau et les sens. Cette huile aide vraiment les yeux \u00e0 se r\u00e9veiller d\u00e8s le matin.<\/p>\n<p><strong>Tanaisie bleue<\/strong><strong> <\/strong><em>(Tanacetum annuum)<\/em> &#8211; Cette huile d&rsquo;un bleu profond, riche en azul\u00e8ne rafra\u00eechissant, favorise la relaxation tout en d\u00e9ballant les poches sous les yeux. Il calme \u00e9galement les peaux sensibles. La tanaisie bleue est une cousine charismatique de la camomille calmante et est connue pour son ar\u00f4me bienveillant. Il \u00e9claircit et am\u00e9liore l&rsquo;apparence des cercles sombres sous les yeux.<\/p>\n<p><strong>Camomille du Cap<\/strong><strong> <\/strong><em>(Eriocephalus punctulatus) <\/em>\u2013 La camomille du Cap est l&rsquo;une de nos libations pr\u00e9f\u00e9r\u00e9es et les plus populaires! Il revitalise et rafra\u00eechit la peau. La teinte bleue offre un cocktail rafra\u00eechissant qui att\u00e9nue les rougeurs et apaise la peau comme l&rsquo;esprit. Cette huile essentielle \u00e9difiante d\u00e9gage une belle et fine fragrance fruit\u00e9e-florale qui est l&rsquo;un de mes ar\u00f4mes pr\u00e9f\u00e9r\u00e9s.<\/p>\n<p><strong>Camomille allemande<\/strong><strong> <\/strong><em>(Matricaria chamomilla)<\/em> &#8211;<strong> <\/strong> La camomille allemande est une essence de camomille bleue tr\u00e8s appr\u00e9ci\u00e9e, distill\u00e9e \u00e0 partir de fleurs r\u00e9colt\u00e9es aux premi\u00e8res heures du matin pour obtenir l&rsquo;extrait le plus puissant. Avec sa teinte bleu d&rsquo;encre, elle contient de grandes quantit\u00e9s de chamazul\u00e8ne qui conf\u00e8rent \u00e0 cette distillation une couleur bleu oc\u00e9anique profonde, et des propri\u00e9t\u00e9s rafra\u00eechissantes et calmantes irr\u00e9sistibles.<\/p>\n<p><strong>Lavende<\/strong><strong> <\/strong><em>(Lavandula angustifolia) \u2013 <\/em><strong> <\/strong> La lavande est un tonique doux et puissant pour la peau, \u00e0 la fois r\u00e9parateur et apaisant. Il d\u00e9tend les rougeurs et refroidit la chaleur. La lavande peut \u00eatre utilis\u00e9e pour am\u00e9liorer l&rsquo;apparence des cicatrices, unifier le teint, nettoyer la peau sujette \u00e0 l&rsquo;acn\u00e9 et \u00e9quilibrer les niveaux de s\u00e9bum de la peau.<\/p>\n<p><strong>Thym doux<\/strong><strong> <\/strong><em>(Thymus linalool)<\/em><em> <\/em> <strong><em>\u2013<\/em><\/strong><strong> <\/strong> Le thym est aussi fort qu&rsquo;il est doux! Elle contient tout le pouvoir fortifiant et tonifiant des autres types d&rsquo;huiles sans provoquer d&rsquo;irritation, tout en purifiant les pores. Le thym doux est riche en linalol, ce qui en fait un ingr\u00e9dient pr\u00e9cieux de nos sublimes s\u00e9rums de soin.<\/p>\n<p><img fetchpriority=\"high\" decoding=\"async\" class=\"size-full wp-image-31577 aligncenter\" src=\"https:\/\/dutchhealthstore.com\/wp-content\/uploads\/2018\/03\/organic_big.png\" alt=\"Organic and Natural - Living Libations\" width=\"623\" height=\"103\" srcset=\"https:\/\/dutchhealthstore.com\/wp-content\/uploads\/2018\/03\/organic_big.png 623w, https:\/\/dutchhealthstore.com\/wp-content\/uploads\/2018\/03\/organic_big-510x84.png 510w, https:\/\/dutchhealthstore.com\/wp-content\/uploads\/2018\/03\/organic_big-600x99.png 600w, https:\/\/dutchhealthstore.com\/wp-content\/uploads\/2018\/03\/organic_big-350x58.png 350w\" sizes=\"(max-width: 623px) 100vw, 623px\" \/><\/p>\n","protected":false},"excerpt":{"rendered":"<p>La peau du contour de vos yeux a besoin d&rsquo;un petit coup de pouce? Que vous soyez sortie tard pour un rendez-vous galant, que vous deviez vous lever t\u00f4t le matin ou que vous ayez besoin d&rsquo;une infusion apaisante avant votre prochain Instagram, ce m\u00e9lange raffermissant, tonifiant et revitalisant fera briller vos yeux \u00e0 nouveau!<\/p>\n<p><strong>Open Sky Eye Serum<\/strong> est un s\u00e9rum rajeunissant pour les yeux fatigu\u00e9s, la peau bouffie, les cernes et les ridules. Ce fid\u00e8le ami fortifie, rafra\u00eechit et tonifie la peau d\u00e9licate du dessous des yeux gr\u00e2ce au fluide raffermissant bleu et frais de pures plantes botaniques, cr\u00e9ant une super saturation d&rsquo;hydratation organique.<\/p>\n","protected":false},"featured_media":120137,"comment_status":"open","ping_status":"closed","template":"","meta":[],"product_brand":[],"product_cat":[1211,1047,1209,1030,1010,14733,5927,5902,2985,1516],"product_tag":[9924,9603,6032,9716],"class_list":{"0":"post-108014","1":"product","2":"type-product","3":"status-publish","4":"has-post-thumbnail","6":"product_cat-living-libations-france","7":"product_cat-nos-collections","8":"product_cat-par-marques","9":"product_cat-par-produits","10":"product_cat-notre-boutique","11":"product_cat-soins-de-la-peau","12":"product_cat-eye-care-fr-3","13":"product_cat-eye-lip-care-fr-2","14":"product_cat-visage-fr","15":"product_cat-hommes-living-libations","16":"product_tag-eye-fr","17":"product_tag-hydrating-fr","18":"product_tag-serum-fr","19":"product_tag-soothing-fr","20":"pa_bestsellers-goed-fr","21":"pa_bestsellers-uitstekend-fr","22":"pa_brand-livinglibations-fr","23":"pa_gtin-7439657335327-fr","24":"pa_size-10-ml-fr","25":"pa_size-30-ml-fr","26":"pa_size-5-ml-fr","27":"pa_size-60-ml-refill-fr","28":"pa_skincare-type-lips-eye-care-fr","30":"first","31":"instock","32":"taxable","33":"shipping-taxable","34":"purchasable","35":"product-type-variable"},"bundled_by":[],"bundle_stock_status":"instock","bundle_stock_quantity":null,"bundle_virtual":false,"bundle_layout":"","bundle_add_to_cart_form_location":"","bundle_editable_in_cart":false,"bundle_sold_individually_context":"","bundle_item_grouping":"","bundle_min_size":"","bundle_max_size":"","bundle_price":[],"bundled_items":[],"bundle_sell_ids":[108225],"atum_controlled":true,"out_stock_date":null,"out_stock_threshold":null,"inheritable":true,"stock_on_hold":3,"sold_today":0,"sales_last_days":1,"out_stock_days":0,"lost_sales":0,"update_date":"2026-04-17T12:52:06","atum_locations":[],"atum_stock_status":"instock","restock_status":false,"low_stock_amount":"","sales_update_date":"2026-04-17T12:52:06","calc_backorders":null,"group_of_quantity":0,"min_quantity":0,"max_quantity":"","exclude_order_quantity_value_rules":"no","exclude_category_quantity_rules":"no","combine_variations":"no","yoast_head":"<!-- This site is optimized with the Yoast SEO Premium plugin v26.5 (Yoast SEO v26.5) - https:\/\/yoast.com\/wordpress\/plugins\/seo\/ -->\n<title>Open Sky Eye Serum | Living Libations<\/title>\n<meta name=\"description\" content=\"Open Sky Eye Serum est un s\u00e9rum rajeunissant pour les yeux fatigu\u00e9s, la peau bouffie, les cernes et les ridules.\" \/>\n<meta name=\"robots\" content=\"index, follow, max-snippet:-1, max-image-preview:large, max-video-preview:-1\" \/>\n<link rel=\"canonical\" href=\"https:\/\/dutchhealthstore.com\/fr\/product\/open-sky-eye-serum\/\" \/>\n<meta property=\"og:locale\" content=\"fr_FR\" \/>\n<meta property=\"og:type\" content=\"article\" \/>\n<meta property=\"og:title\" content=\"Open Sky Eye Serum - Dutch Health Store\" \/>\n<meta property=\"og:description\" content=\"Open Sky Eye Serum est un s\u00e9rum rajeunissant pour les yeux fatigu\u00e9s, la peau bouffie, les cernes et les ridules.\" \/>\n<meta property=\"og:url\" content=\"https:\/\/dutchhealthstore.com\/fr\/product\/open-sky-eye-serum\/\" \/>\n<meta property=\"og:site_name\" content=\"Dutch Health Store\" \/>\n<meta property=\"article:publisher\" content=\"https:\/\/www.instagram.com\/dutchhealthstore\/\" \/>\n<meta property=\"article:modified_time\" content=\"2025-11-23T12:09:29+00:00\" \/>\n<meta property=\"og:image\" content=\"https:\/\/dutchhealthstore.com\/wp-content\/uploads\/2018\/02\/Open-Sky-Eye-Serum-Living-Libations-e1597927407754.jpg\" \/>\n\t<meta property=\"og:image:width\" content=\"500\" \/>\n\t<meta property=\"og:image:height\" content=\"500\" \/>\n\t<meta property=\"og:image:type\" content=\"image\/jpeg\" \/>\n<meta name=\"twitter:card\" content=\"summary_large_image\" \/>\n<meta name=\"twitter:label1\" content=\"Disponibilit\u00e9\" \/>\n\t<meta name=\"twitter:data1\" content=\"En stock\" \/>\n<script type=\"application\/ld+json\" class=\"yoast-schema-graph\">{\"@context\":\"https:\/\/schema.org\",\"@graph\":[{\"@type\":\"WebPage\",\"@id\":\"https:\/\/dutchhealthstore.com\/fr\/product\/open-sky-eye-serum\/\",\"url\":\"https:\/\/dutchhealthstore.com\/fr\/product\/open-sky-eye-serum\/\",\"name\":\"Open Sky Eye Serum | Living Libations\",\"isPartOf\":{\"@id\":\"https:\/\/dutchhealthstore.com\/fr\/#website\"},\"primaryImageOfPage\":{\"@id\":\"https:\/\/dutchhealthstore.com\/fr\/product\/open-sky-eye-serum\/#primaryimage\"},\"image\":{\"@id\":\"https:\/\/dutchhealthstore.com\/fr\/product\/open-sky-eye-serum\/#primaryimage\"},\"thumbnailUrl\":\"https:\/\/dutchhealthstore.com\/wp-content\/uploads\/2018\/02\/Open-Sky-Eye-Serum-Living-Libations-e1597927407754.jpg\",\"datePublished\":\"2018-02-10T18:20:05+00:00\",\"dateModified\":\"2025-11-23T12:09:29+00:00\",\"description\":\"Open Sky Eye Serum est un s\u00e9rum rajeunissant pour les yeux fatigu\u00e9s, la peau bouffie, les cernes et les ridules.\",\"breadcrumb\":{\"@id\":\"https:\/\/dutchhealthstore.com\/fr\/product\/open-sky-eye-serum\/#breadcrumb\"},\"inLanguage\":\"fr-FR\",\"potentialAction\":[{\"@type\":\"ReadAction\",\"target\":[\"https:\/\/dutchhealthstore.com\/fr\/product\/open-sky-eye-serum\/\"]}]},{\"@type\":\"ImageObject\",\"inLanguage\":\"fr-FR\",\"@id\":\"https:\/\/dutchhealthstore.com\/fr\/product\/open-sky-eye-serum\/#primaryimage\",\"url\":\"https:\/\/dutchhealthstore.com\/wp-content\/uploads\/2018\/02\/Open-Sky-Eye-Serum-Living-Libations-e1597927407754.jpg\",\"contentUrl\":\"https:\/\/dutchhealthstore.com\/wp-content\/uploads\/2018\/02\/Open-Sky-Eye-Serum-Living-Libations-e1597927407754.jpg\",\"width\":500,\"height\":500,\"caption\":\"Open Sky Eye Serum Living Libations\"},{\"@type\":\"BreadcrumbList\",\"@id\":\"https:\/\/dutchhealthstore.com\/fr\/product\/open-sky-eye-serum\/#breadcrumb\",\"itemListElement\":[{\"@type\":\"ListItem\",\"position\":1,\"name\":\"Home\",\"item\":\"https:\/\/dutchhealthstore.com\/fr\/\"},{\"@type\":\"ListItem\",\"position\":2,\"name\":\"Shop\",\"item\":\"https:\/\/dutchhealthstore.com\/fr\/shop\/\"},{\"@type\":\"ListItem\",\"position\":3,\"name\":\"Open Sky Eye Serum\"}]},{\"@type\":\"WebSite\",\"@id\":\"https:\/\/dutchhealthstore.com\/fr\/#website\",\"url\":\"https:\/\/dutchhealthstore.com\/fr\/\",\"name\":\"Dutch Health Store\",\"description\":\"Enhance Your Beauty with Organic &amp; Natural Skincare\",\"publisher\":{\"@id\":\"https:\/\/dutchhealthstore.com\/fr\/#organization\"},\"potentialAction\":[{\"@type\":\"SearchAction\",\"target\":{\"@type\":\"EntryPoint\",\"urlTemplate\":\"https:\/\/dutchhealthstore.com\/fr\/?s={search_term_string}\"},\"query-input\":{\"@type\":\"PropertyValueSpecification\",\"valueRequired\":true,\"valueName\":\"search_term_string\"}}],\"inLanguage\":\"fr-FR\"},{\"@type\":\"Organization\",\"@id\":\"https:\/\/dutchhealthstore.com\/fr\/#organization\",\"name\":\"Dutch Health Store\",\"url\":\"https:\/\/dutchhealthstore.com\/fr\/\",\"logo\":{\"@type\":\"ImageObject\",\"inLanguage\":\"fr-FR\",\"@id\":\"https:\/\/dutchhealthstore.com\/fr\/#\/schema\/logo\/image\/\",\"url\":\"https:\/\/dutchhealthstore.com\/wp-content\/uploads\/2020\/08\/logo-dutchhealthstore-jpg-e1599484957574.jpg\",\"contentUrl\":\"https:\/\/dutchhealthstore.com\/wp-content\/uploads\/2020\/08\/logo-dutchhealthstore-jpg-e1599484957574.jpg\",\"width\":400,\"height\":62,\"caption\":\"Dutch Health Store\"},\"image\":{\"@id\":\"https:\/\/dutchhealthstore.com\/fr\/#\/schema\/logo\/image\/\"},\"sameAs\":[\"https:\/\/www.instagram.com\/dutchhealthstore\/\",\"https:\/\/www.facebook.com\/dutchhealthstore\"]}]}<\/script>\n<meta property=\"product:brand\" content=\"Living Libations\" \/>\n<meta property=\"og:availability\" content=\"instock\" \/>\n<meta property=\"product:availability\" content=\"instock\" \/>\n<meta property=\"product:condition\" content=\"new\" \/>\n<!-- \/ Yoast SEO Premium plugin. -->","yoast_head_json":{"title":"Open Sky Eye Serum | Living Libations","description":"Open Sky Eye Serum est un s\u00e9rum rajeunissant pour les yeux fatigu\u00e9s, la peau bouffie, les cernes et les ridules.","robots":{"index":"index","follow":"follow","max-snippet":"max-snippet:-1","max-image-preview":"max-image-preview:large","max-video-preview":"max-video-preview:-1"},"canonical":"https:\/\/dutchhealthstore.com\/fr\/product\/open-sky-eye-serum\/","og_locale":"fr_FR","og_type":"article","og_title":"Open Sky Eye Serum - Dutch Health Store","og_description":"Open Sky Eye Serum est un s\u00e9rum rajeunissant pour les yeux fatigu\u00e9s, la peau bouffie, les cernes et les ridules.","og_url":"https:\/\/dutchhealthstore.com\/fr\/product\/open-sky-eye-serum\/","og_site_name":"Dutch Health Store","article_publisher":"https:\/\/www.instagram.com\/dutchhealthstore\/","article_modified_time":"2025-11-23T12:09:29+00:00","og_image":[{"width":500,"height":500,"url":"https:\/\/dutchhealthstore.com\/wp-content\/uploads\/2018\/02\/Open-Sky-Eye-Serum-Living-Libations-e1597927407754.jpg","type":"image\/jpeg"}],"twitter_card":"summary_large_image","twitter_misc":{"Disponibilit\u00e9":"En stock"},"schema":{"@context":"https:\/\/schema.org","@graph":[{"@type":"WebPage","@id":"https:\/\/dutchhealthstore.com\/fr\/product\/open-sky-eye-serum\/","url":"https:\/\/dutchhealthstore.com\/fr\/product\/open-sky-eye-serum\/","name":"Open Sky Eye Serum | Living Libations","isPartOf":{"@id":"https:\/\/dutchhealthstore.com\/fr\/#website"},"primaryImageOfPage":{"@id":"https:\/\/dutchhealthstore.com\/fr\/product\/open-sky-eye-serum\/#primaryimage"},"image":{"@id":"https:\/\/dutchhealthstore.com\/fr\/product\/open-sky-eye-serum\/#primaryimage"},"thumbnailUrl":"https:\/\/dutchhealthstore.com\/wp-content\/uploads\/2018\/02\/Open-Sky-Eye-Serum-Living-Libations-e1597927407754.jpg","datePublished":"2018-02-10T18:20:05+00:00","dateModified":"2025-11-23T12:09:29+00:00","description":"Open Sky Eye Serum est un s\u00e9rum rajeunissant pour les yeux fatigu\u00e9s, la peau bouffie, les cernes et les ridules.","breadcrumb":{"@id":"https:\/\/dutchhealthstore.com\/fr\/product\/open-sky-eye-serum\/#breadcrumb"},"inLanguage":"fr-FR","potentialAction":[{"@type":"ReadAction","target":["https:\/\/dutchhealthstore.com\/fr\/product\/open-sky-eye-serum\/"]}]},{"@type":"ImageObject","inLanguage":"fr-FR","@id":"https:\/\/dutchhealthstore.com\/fr\/product\/open-sky-eye-serum\/#primaryimage","url":"https:\/\/dutchhealthstore.com\/wp-content\/uploads\/2018\/02\/Open-Sky-Eye-Serum-Living-Libations-e1597927407754.jpg","contentUrl":"https:\/\/dutchhealthstore.com\/wp-content\/uploads\/2018\/02\/Open-Sky-Eye-Serum-Living-Libations-e1597927407754.jpg","width":500,"height":500,"caption":"Open Sky Eye Serum Living Libations"},{"@type":"BreadcrumbList","@id":"https:\/\/dutchhealthstore.com\/fr\/product\/open-sky-eye-serum\/#breadcrumb","itemListElement":[{"@type":"ListItem","position":1,"name":"Home","item":"https:\/\/dutchhealthstore.com\/fr\/"},{"@type":"ListItem","position":2,"name":"Shop","item":"https:\/\/dutchhealthstore.com\/fr\/shop\/"},{"@type":"ListItem","position":3,"name":"Open Sky Eye Serum"}]},{"@type":"WebSite","@id":"https:\/\/dutchhealthstore.com\/fr\/#website","url":"https:\/\/dutchhealthstore.com\/fr\/","name":"Dutch Health Store","description":"Enhance Your Beauty with Organic &amp; Natural Skincare","publisher":{"@id":"https:\/\/dutchhealthstore.com\/fr\/#organization"},"potentialAction":[{"@type":"SearchAction","target":{"@type":"EntryPoint","urlTemplate":"https:\/\/dutchhealthstore.com\/fr\/?s={search_term_string}"},"query-input":{"@type":"PropertyValueSpecification","valueRequired":true,"valueName":"search_term_string"}}],"inLanguage":"fr-FR"},{"@type":"Organization","@id":"https:\/\/dutchhealthstore.com\/fr\/#organization","name":"Dutch Health Store","url":"https:\/\/dutchhealthstore.com\/fr\/","logo":{"@type":"ImageObject","inLanguage":"fr-FR","@id":"https:\/\/dutchhealthstore.com\/fr\/#\/schema\/logo\/image\/","url":"https:\/\/dutchhealthstore.com\/wp-content\/uploads\/2020\/08\/logo-dutchhealthstore-jpg-e1599484957574.jpg","contentUrl":"https:\/\/dutchhealthstore.com\/wp-content\/uploads\/2020\/08\/logo-dutchhealthstore-jpg-e1599484957574.jpg","width":400,"height":62,"caption":"Dutch Health Store"},"image":{"@id":"https:\/\/dutchhealthstore.com\/fr\/#\/schema\/logo\/image\/"},"sameAs":["https:\/\/www.instagram.com\/dutchhealthstore\/","https:\/\/www.facebook.com\/dutchhealthstore"]}]},"product_brand":"Living Libations","og_availability":"instock","product_availability":"instock","product_condition":"new"},"_links":{"self":[{"href":"https:\/\/dutchhealthstore.com\/fr\/wp-json\/wp\/v2\/product\/108014","targetHints":{"allow":["GET"]}}],"collection":[{"href":"https:\/\/dutchhealthstore.com\/fr\/wp-json\/wp\/v2\/product"}],"about":[{"href":"https:\/\/dutchhealthstore.com\/fr\/wp-json\/wp\/v2\/types\/product"}],"replies":[{"embeddable":true,"href":"https:\/\/dutchhealthstore.com\/fr\/wp-json\/wp\/v2\/comments?post=108014"}],"wp:featuredmedia":[{"embeddable":true,"href":"https:\/\/dutchhealthstore.com\/fr\/wp-json\/wp\/v2\/media\/120137"}],"wp:attachment":[{"href":"https:\/\/dutchhealthstore.com\/fr\/wp-json\/wp\/v2\/media?parent=108014"}],"wp:term":[{"taxonomy":"product_brand","embeddable":true,"href":"https:\/\/dutchhealthstore.com\/fr\/wp-json\/wp\/v2\/product_brand?post=108014"},{"taxonomy":"product_cat","embeddable":true,"href":"https:\/\/dutchhealthstore.com\/fr\/wp-json\/wp\/v2\/product_cat?post=108014"},{"taxonomy":"product_tag","embeddable":true,"href":"https:\/\/dutchhealthstore.com\/fr\/wp-json\/wp\/v2\/product_tag?post=108014"}],"curies":[{"name":"wp","href":"https:\/\/api.w.org\/{rel}","templated":true}]}}