{"id":108005,"date":"2018-02-10T19:47:44","date_gmt":"2018-02-10T18:47:44","guid":{"rendered":"https:\/\/dutchhealthstore.com\/product\/frankincense-honey-mask\/"},"modified":"2026-03-05T10:47:42","modified_gmt":"2026-03-05T09:47:42","slug":"frankincense-honey-mask","status":"publish","type":"product","link":"https:\/\/dutchhealthstore.com\/fr\/product\/frankincense-honey-mask\/","title":{"rendered":"Frankincense Honey Mask"},"content":{"rendered":"<p><img decoding=\"async\" class=\"size-full wp-image-69549 alignright\" src=\"https:\/\/dutchhealthstore.com\/wp-content\/uploads\/2019\/08\/NEW-Living-Libations-Logo.jpg\" alt=\"NEW - Living Libations - Logo\" width=\"175\" height=\"82\">Lorsque le miel hydratant est associ\u00e9 \u00e0 l&rsquo;encens fortifiant, \u00e0 la camomille du Cap calmante et \u00e0 l&rsquo;immortelle reconstituante, vous obtenez un r\u00eave de miel pour une peau parfaitement lisse. Laissez notre <strong>Frankincense<\/strong> <strong>Honey<\/strong> <strong>Mask<\/strong> inspirer le renouvellement gracieux de votre visage.<\/p>\n<h3>Comment utiliser<\/h3>\n<p>Appliquez d\u00e9licatement sur l&rsquo;ensemble du visage et du cou pour un masque nourrissant et laissez-le infuser la peau pendant 5 \u00e0 15 minutes avant de le rincer. Combinez avec notre Perfect Pearl Powder ou notre Rosemary Reset pour encore plus de pouvoir fortifiant et exfoliant.<\/p>\n<h3 class=\"yikes-custom-woo-tab-title yikes-custom-woo-tab-title-natural-organic-ingredients\">Ingr\u00e9dients Naturels\/Biologiques<\/h3>\n<p><strong>Miel de fleurs sauvages<\/strong> &#8211; Le miel de fleurs sauvages enti\u00e8rement naturel est le compagnon id\u00e9al pour les soins de la peau! Le miel purifiant est un bienfait ambrosien cr\u00e9\u00e9 par le grand dessein des glorieuses abeilles \u00e0 miel. Il est illustre pour son nectar sucr\u00e9 et a \u00e9t\u00e9 un tr\u00e9sor intemporel avec de pr\u00e9cieuses vitamines, min\u00e9raux, enzymes et glucose oxydase. Les cultures anciennes l&rsquo;utilisaient comme un compos\u00e9 apaisant et protecteur pour la peau. C&rsquo;est aussi un puissant humectant qui absorbe l&rsquo;humidit\u00e9 de l&rsquo;air et l&rsquo;infuse dans la peau.<\/p>\n<p><strong>Encens<\/strong> <em>(Boswellia carterii<\/em> ) &#8211; L&rsquo;encens est la pi\u00e8ce de r\u00e9sistance des soins de la peau! Elle est hydrodistill\u00e9e \u00e0 partir de la r\u00e9sine ol\u00e9o-gomme fra\u00eeche et tr\u00e8s parfum\u00e9e de l&rsquo;arbre de vie. Cette huile nourrissante est v\u00e9n\u00e9r\u00e9e depuis l&rsquo;Antiquit\u00e9 pour ses pouvoirs d&rsquo;hydratation, de lissage des rides, d&rsquo;am\u00e9lioration des cicatrices et d&rsquo;apaisement des peaux en col\u00e8re.<\/p>\n<p><strong>Camomille du Cap<\/strong> <em>(Eriocephalus punctulatus)<\/em> &#8211; La captivante camomille du Cap d\u00e9gage un beau et fin parfum fruit\u00e9-floral qui est l&rsquo;un de mes ar\u00f4mes pr\u00e9f\u00e9r\u00e9s. La camomille du Cap a une teneur \u00e9lev\u00e9e en compos\u00e9s rares et nourrissants d&rsquo;ester et d&rsquo;azul\u00e8ne qui lui conf\u00e8rent une teinte bleu sarcelle pour apaiser toutes sortes de d\u00e9s\u00e9quilibres cutan\u00e9s. Cette essence rajeunissante r\u00e9gule le s\u00e9bum et adoucit l&rsquo;apparence des cicatrices et des taches.<\/p>\n<p><strong>Immortelle<\/strong> <em>(Helichrysum italicum)<\/em> &#8211; L&rsquo;immortelle \u00e9ternelle est stellaire et rayonne de fa\u00e7on divine pour tous les types de soins de la peau. Cette huile florale parfum\u00e9e est fabriqu\u00e9e de mani\u00e8re sauvage sur l&rsquo;\u00eele de Corse, o\u00f9 les fleurs prosp\u00e8rent gr\u00e2ce aux brises de l&rsquo;oc\u00e9an et au soleil. Les fleurs poussent \u00e0 une altitude de 4 000 feet sur les falaises rocheuses de la campagne. L&rsquo;immortelle aide \u00e0 att\u00e9nuer l&rsquo;apparence des cicatrices, des taches, du m\u00e9lasme, des rougeurs et des ridules. Ce bijou d&rsquo;huile aux multiples facettes est \u00e9galement stimulant sur le plan \u00e9motionnel.<\/p>\n<p><img fetchpriority=\"high\" decoding=\"async\" class=\"size-full wp-image-31577 aligncenter\" src=\"https:\/\/dutchhealthstore.com\/wp-content\/uploads\/2018\/03\/organic_big.png\" alt=\"Organic and Natural - Living Libations\" width=\"623\" height=\"103\" srcset=\"https:\/\/dutchhealthstore.com\/wp-content\/uploads\/2018\/03\/organic_big.png 623w, https:\/\/dutchhealthstore.com\/wp-content\/uploads\/2018\/03\/organic_big-510x84.png 510w, https:\/\/dutchhealthstore.com\/wp-content\/uploads\/2018\/03\/organic_big-600x99.png 600w, https:\/\/dutchhealthstore.com\/wp-content\/uploads\/2018\/03\/organic_big-350x58.png 350w\" sizes=\"(max-width: 623px) 100vw, 623px\" \/><\/p>\n","protected":false},"excerpt":{"rendered":"<p><strong>Vive le pouvoir purificateur du miel sauvage et merveilleux!<\/strong><br \/>\nProvenant du nectar d&rsquo;abeilles heureuses, le miel de fleurs sauvages dans notre <strong>Frankincense<\/strong> <strong>Honey<\/strong> <strong>Mask<\/strong> hydrate la peau jusqu&rsquo;\u00e0 un \u00e9tat de souplesse sublime tout en renouvelant la peau de sagesse et en d\u00e9tendant les rougeurs.<br \/>\nTrempez le visage dans notre Frankincense Honey pour le nettoyer, laissez-le comme un masque, ou combinez avec notre Perfect Pearl Powder ou Rosemary Reset Mask pour une exfoliation encore plus opulente.<\/p>\n","protected":false},"featured_media":107443,"comment_status":"open","ping_status":"closed","template":"","meta":[],"product_brand":[],"product_cat":[14733,1117,1211,4048,5127,5629,1209,1030,5107,5121,4976,4979,1229,2985],"product_tag":[9603,4555,9778,21358],"class_list":{"0":"post-108005","1":"product","2":"type-product","3":"status-publish","4":"has-post-thumbnail","6":"product_cat-soins-de-la-peau","7":"product_cat-gommages-exfoliants-fr","8":"product_cat-living-libations-france","9":"product_cat-masques-et-gommages","10":"product_cat-masks-scrubs-exfoliators-fr","11":"product_cat-masks-scrubs-exfoliators-fr-4","12":"product_cat-par-marques","13":"product_cat-par-produits","14":"product_cat-by-skin-type-fr-4","15":"product_cat-dry-mature-ageing-skin-fr-2","16":"product_cat-dry-mature-ageing-skin","17":"product_cat-sensitive-skin-redness-fr-2","18":"product_cat-sensitive-skin-redness-fr","19":"product_cat-visage-fr","20":"product_tag-hydrating-fr","21":"product_tag-mask-fr","22":"product_tag-revitalizing-fr","23":"product_tag-soins-du-visage","24":"pa_brand-livinglibations-fr","25":"pa_size-30-ml-fr","26":"pa_size-50-ml-fr","27":"pa_skincare-type-masks-scrubs-exfoliators-fr","28":"pa_skintype-dry-mature-ageing-skin-fr","29":"pa_skintype-sensitive-skin-redness-fr","31":"first","32":"outofstock","33":"taxable","34":"shipping-taxable","35":"purchasable","36":"product-type-variable"},"bundled_by":[],"bundle_stock_status":"outofstock","bundle_stock_quantity":null,"bundle_virtual":false,"bundle_layout":"","bundle_add_to_cart_form_location":"","bundle_editable_in_cart":false,"bundle_sold_individually_context":"","bundle_item_grouping":"","bundle_min_size":"","bundle_max_size":"","bundle_price":[],"bundled_items":[],"bundle_sell_ids":[129700],"atum_controlled":true,"out_stock_date":null,"out_stock_threshold":null,"inheritable":true,"stock_on_hold":0,"sold_today":0,"sales_last_days":0,"out_stock_days":0,"lost_sales":0,"update_date":"2026-04-08T01:47:48","atum_locations":[],"atum_stock_status":"outofstock","restock_status":false,"low_stock_amount":"","sales_update_date":"2026-04-08T01:47:48","calc_backorders":null,"group_of_quantity":0,"min_quantity":0,"max_quantity":"","exclude_order_quantity_value_rules":"no","exclude_category_quantity_rules":"no","combine_variations":"no","yoast_head":"<!-- This site is optimized with the Yoast SEO Premium plugin v26.5 (Yoast SEO v26.5) - https:\/\/yoast.com\/wordpress\/plugins\/seo\/ -->\n<title>Frankincense Honey Mask | Living Libations<\/title>\n<meta name=\"description\" content=\"Provenant du nectar d&#039;abeilles heureuses, le miel de fleurs sauvages dans notre Frankincense Honey Mask hydrate la peau jusqu&#039;\u00e0 un \u00e9tat de souplesse sublime.\" \/>\n<meta name=\"robots\" content=\"index, follow, max-snippet:-1, max-image-preview:large, max-video-preview:-1\" \/>\n<link rel=\"canonical\" href=\"https:\/\/dutchhealthstore.com\/fr\/product\/frankincense-honey-mask\/\" \/>\n<meta property=\"og:locale\" content=\"fr_FR\" \/>\n<meta property=\"og:type\" content=\"article\" \/>\n<meta property=\"og:title\" content=\"Frankincense Honey Mask - Dutch Health Store\" \/>\n<meta property=\"og:description\" content=\"Provenant du nectar d&#039;abeilles heureuses, le miel de fleurs sauvages dans notre Frankincense Honey Mask hydrate la peau jusqu&#039;\u00e0 un \u00e9tat de souplesse sublime.\" \/>\n<meta property=\"og:url\" content=\"https:\/\/dutchhealthstore.com\/fr\/product\/frankincense-honey-mask\/\" \/>\n<meta property=\"og:site_name\" content=\"Dutch Health Store\" \/>\n<meta property=\"article:publisher\" content=\"https:\/\/www.instagram.com\/dutchhealthstore\/\" \/>\n<meta property=\"article:modified_time\" content=\"2026-03-05T09:47:42+00:00\" \/>\n<meta property=\"og:image\" content=\"https:\/\/dutchhealthstore.com\/wp-content\/uploads\/2018\/02\/Living-libations-frankincense-honey-mask-e1592315810770.jpg\" \/>\n\t<meta property=\"og:image:width\" content=\"500\" \/>\n\t<meta property=\"og:image:height\" content=\"500\" \/>\n\t<meta property=\"og:image:type\" content=\"image\/jpeg\" \/>\n<meta name=\"twitter:card\" content=\"summary_large_image\" \/>\n<meta name=\"twitter:label1\" content=\"Disponibilit\u00e9\" \/>\n\t<meta name=\"twitter:data1\" content=\"Rupture de stock\" \/>\n<script type=\"application\/ld+json\" class=\"yoast-schema-graph\">{\"@context\":\"https:\/\/schema.org\",\"@graph\":[{\"@type\":\"WebPage\",\"@id\":\"https:\/\/dutchhealthstore.com\/fr\/product\/frankincense-honey-mask\/\",\"url\":\"https:\/\/dutchhealthstore.com\/fr\/product\/frankincense-honey-mask\/\",\"name\":\"Frankincense Honey Mask | Living Libations\",\"isPartOf\":{\"@id\":\"https:\/\/dutchhealthstore.com\/fr\/#website\"},\"primaryImageOfPage\":{\"@id\":\"https:\/\/dutchhealthstore.com\/fr\/product\/frankincense-honey-mask\/#primaryimage\"},\"image\":{\"@id\":\"https:\/\/dutchhealthstore.com\/fr\/product\/frankincense-honey-mask\/#primaryimage\"},\"thumbnailUrl\":\"https:\/\/dutchhealthstore.com\/wp-content\/uploads\/2018\/02\/Living-libations-frankincense-honey-mask-e1592315810770.jpg\",\"datePublished\":\"2018-02-10T18:47:44+00:00\",\"dateModified\":\"2026-03-05T09:47:42+00:00\",\"description\":\"Provenant du nectar d'abeilles heureuses, le miel de fleurs sauvages dans notre Frankincense Honey Mask hydrate la peau jusqu'\u00e0 un \u00e9tat de souplesse sublime.\",\"breadcrumb\":{\"@id\":\"https:\/\/dutchhealthstore.com\/fr\/product\/frankincense-honey-mask\/#breadcrumb\"},\"inLanguage\":\"fr-FR\",\"potentialAction\":[{\"@type\":\"ReadAction\",\"target\":[\"https:\/\/dutchhealthstore.com\/fr\/product\/frankincense-honey-mask\/\"]}]},{\"@type\":\"ImageObject\",\"inLanguage\":\"fr-FR\",\"@id\":\"https:\/\/dutchhealthstore.com\/fr\/product\/frankincense-honey-mask\/#primaryimage\",\"url\":\"https:\/\/dutchhealthstore.com\/wp-content\/uploads\/2018\/02\/Living-libations-frankincense-honey-mask-e1592315810770.jpg\",\"contentUrl\":\"https:\/\/dutchhealthstore.com\/wp-content\/uploads\/2018\/02\/Living-libations-frankincense-honey-mask-e1592315810770.jpg\",\"width\":500,\"height\":500,\"caption\":\"Living libations frankincense honey mask\"},{\"@type\":\"BreadcrumbList\",\"@id\":\"https:\/\/dutchhealthstore.com\/fr\/product\/frankincense-honey-mask\/#breadcrumb\",\"itemListElement\":[{\"@type\":\"ListItem\",\"position\":1,\"name\":\"Home\",\"item\":\"https:\/\/dutchhealthstore.com\/fr\/\"},{\"@type\":\"ListItem\",\"position\":2,\"name\":\"Shop\",\"item\":\"https:\/\/dutchhealthstore.com\/fr\/shop\/\"},{\"@type\":\"ListItem\",\"position\":3,\"name\":\"Frankincense Honey Mask\"}]},{\"@type\":\"WebSite\",\"@id\":\"https:\/\/dutchhealthstore.com\/fr\/#website\",\"url\":\"https:\/\/dutchhealthstore.com\/fr\/\",\"name\":\"Dutch Health Store\",\"description\":\"Enhance Your Beauty with Organic &amp; Natural Skincare\",\"publisher\":{\"@id\":\"https:\/\/dutchhealthstore.com\/fr\/#organization\"},\"potentialAction\":[{\"@type\":\"SearchAction\",\"target\":{\"@type\":\"EntryPoint\",\"urlTemplate\":\"https:\/\/dutchhealthstore.com\/fr\/?s={search_term_string}\"},\"query-input\":{\"@type\":\"PropertyValueSpecification\",\"valueRequired\":true,\"valueName\":\"search_term_string\"}}],\"inLanguage\":\"fr-FR\"},{\"@type\":\"Organization\",\"@id\":\"https:\/\/dutchhealthstore.com\/fr\/#organization\",\"name\":\"Dutch Health Store\",\"url\":\"https:\/\/dutchhealthstore.com\/fr\/\",\"logo\":{\"@type\":\"ImageObject\",\"inLanguage\":\"fr-FR\",\"@id\":\"https:\/\/dutchhealthstore.com\/fr\/#\/schema\/logo\/image\/\",\"url\":\"https:\/\/dutchhealthstore.com\/wp-content\/uploads\/2020\/08\/logo-dutchhealthstore-jpg-e1599484957574.jpg\",\"contentUrl\":\"https:\/\/dutchhealthstore.com\/wp-content\/uploads\/2020\/08\/logo-dutchhealthstore-jpg-e1599484957574.jpg\",\"width\":400,\"height\":62,\"caption\":\"Dutch Health Store\"},\"image\":{\"@id\":\"https:\/\/dutchhealthstore.com\/fr\/#\/schema\/logo\/image\/\"},\"sameAs\":[\"https:\/\/www.instagram.com\/dutchhealthstore\/\",\"https:\/\/www.facebook.com\/dutchhealthstore\"]}]}<\/script>\n<meta property=\"product:brand\" content=\"Living Libations\" \/>\n<meta property=\"og:availability\" content=\"out of stock\" \/>\n<meta property=\"product:availability\" content=\"out of stock\" \/>\n<meta property=\"product:condition\" content=\"new\" \/>\n<!-- \/ Yoast SEO Premium plugin. -->","yoast_head_json":{"title":"Frankincense Honey Mask | Living Libations","description":"Provenant du nectar d'abeilles heureuses, le miel de fleurs sauvages dans notre Frankincense Honey Mask hydrate la peau jusqu'\u00e0 un \u00e9tat de souplesse sublime.","robots":{"index":"index","follow":"follow","max-snippet":"max-snippet:-1","max-image-preview":"max-image-preview:large","max-video-preview":"max-video-preview:-1"},"canonical":"https:\/\/dutchhealthstore.com\/fr\/product\/frankincense-honey-mask\/","og_locale":"fr_FR","og_type":"article","og_title":"Frankincense Honey Mask - Dutch Health Store","og_description":"Provenant du nectar d'abeilles heureuses, le miel de fleurs sauvages dans notre Frankincense Honey Mask hydrate la peau jusqu'\u00e0 un \u00e9tat de souplesse sublime.","og_url":"https:\/\/dutchhealthstore.com\/fr\/product\/frankincense-honey-mask\/","og_site_name":"Dutch Health Store","article_publisher":"https:\/\/www.instagram.com\/dutchhealthstore\/","article_modified_time":"2026-03-05T09:47:42+00:00","og_image":[{"width":500,"height":500,"url":"https:\/\/dutchhealthstore.com\/wp-content\/uploads\/2018\/02\/Living-libations-frankincense-honey-mask-e1592315810770.jpg","type":"image\/jpeg"}],"twitter_card":"summary_large_image","twitter_misc":{"Disponibilit\u00e9":"Rupture de stock"},"schema":{"@context":"https:\/\/schema.org","@graph":[{"@type":"WebPage","@id":"https:\/\/dutchhealthstore.com\/fr\/product\/frankincense-honey-mask\/","url":"https:\/\/dutchhealthstore.com\/fr\/product\/frankincense-honey-mask\/","name":"Frankincense Honey Mask | Living Libations","isPartOf":{"@id":"https:\/\/dutchhealthstore.com\/fr\/#website"},"primaryImageOfPage":{"@id":"https:\/\/dutchhealthstore.com\/fr\/product\/frankincense-honey-mask\/#primaryimage"},"image":{"@id":"https:\/\/dutchhealthstore.com\/fr\/product\/frankincense-honey-mask\/#primaryimage"},"thumbnailUrl":"https:\/\/dutchhealthstore.com\/wp-content\/uploads\/2018\/02\/Living-libations-frankincense-honey-mask-e1592315810770.jpg","datePublished":"2018-02-10T18:47:44+00:00","dateModified":"2026-03-05T09:47:42+00:00","description":"Provenant du nectar d'abeilles heureuses, le miel de fleurs sauvages dans notre Frankincense Honey Mask hydrate la peau jusqu'\u00e0 un \u00e9tat de souplesse sublime.","breadcrumb":{"@id":"https:\/\/dutchhealthstore.com\/fr\/product\/frankincense-honey-mask\/#breadcrumb"},"inLanguage":"fr-FR","potentialAction":[{"@type":"ReadAction","target":["https:\/\/dutchhealthstore.com\/fr\/product\/frankincense-honey-mask\/"]}]},{"@type":"ImageObject","inLanguage":"fr-FR","@id":"https:\/\/dutchhealthstore.com\/fr\/product\/frankincense-honey-mask\/#primaryimage","url":"https:\/\/dutchhealthstore.com\/wp-content\/uploads\/2018\/02\/Living-libations-frankincense-honey-mask-e1592315810770.jpg","contentUrl":"https:\/\/dutchhealthstore.com\/wp-content\/uploads\/2018\/02\/Living-libations-frankincense-honey-mask-e1592315810770.jpg","width":500,"height":500,"caption":"Living libations frankincense honey mask"},{"@type":"BreadcrumbList","@id":"https:\/\/dutchhealthstore.com\/fr\/product\/frankincense-honey-mask\/#breadcrumb","itemListElement":[{"@type":"ListItem","position":1,"name":"Home","item":"https:\/\/dutchhealthstore.com\/fr\/"},{"@type":"ListItem","position":2,"name":"Shop","item":"https:\/\/dutchhealthstore.com\/fr\/shop\/"},{"@type":"ListItem","position":3,"name":"Frankincense Honey Mask"}]},{"@type":"WebSite","@id":"https:\/\/dutchhealthstore.com\/fr\/#website","url":"https:\/\/dutchhealthstore.com\/fr\/","name":"Dutch Health Store","description":"Enhance Your Beauty with Organic &amp; Natural Skincare","publisher":{"@id":"https:\/\/dutchhealthstore.com\/fr\/#organization"},"potentialAction":[{"@type":"SearchAction","target":{"@type":"EntryPoint","urlTemplate":"https:\/\/dutchhealthstore.com\/fr\/?s={search_term_string}"},"query-input":{"@type":"PropertyValueSpecification","valueRequired":true,"valueName":"search_term_string"}}],"inLanguage":"fr-FR"},{"@type":"Organization","@id":"https:\/\/dutchhealthstore.com\/fr\/#organization","name":"Dutch Health Store","url":"https:\/\/dutchhealthstore.com\/fr\/","logo":{"@type":"ImageObject","inLanguage":"fr-FR","@id":"https:\/\/dutchhealthstore.com\/fr\/#\/schema\/logo\/image\/","url":"https:\/\/dutchhealthstore.com\/wp-content\/uploads\/2020\/08\/logo-dutchhealthstore-jpg-e1599484957574.jpg","contentUrl":"https:\/\/dutchhealthstore.com\/wp-content\/uploads\/2020\/08\/logo-dutchhealthstore-jpg-e1599484957574.jpg","width":400,"height":62,"caption":"Dutch Health Store"},"image":{"@id":"https:\/\/dutchhealthstore.com\/fr\/#\/schema\/logo\/image\/"},"sameAs":["https:\/\/www.instagram.com\/dutchhealthstore\/","https:\/\/www.facebook.com\/dutchhealthstore"]}]},"product_brand":"Living Libations","og_availability":"out of stock","product_availability":"out of stock","product_condition":"new"},"_links":{"self":[{"href":"https:\/\/dutchhealthstore.com\/fr\/wp-json\/wp\/v2\/product\/108005","targetHints":{"allow":["GET"]}}],"collection":[{"href":"https:\/\/dutchhealthstore.com\/fr\/wp-json\/wp\/v2\/product"}],"about":[{"href":"https:\/\/dutchhealthstore.com\/fr\/wp-json\/wp\/v2\/types\/product"}],"replies":[{"embeddable":true,"href":"https:\/\/dutchhealthstore.com\/fr\/wp-json\/wp\/v2\/comments?post=108005"}],"wp:featuredmedia":[{"embeddable":true,"href":"https:\/\/dutchhealthstore.com\/fr\/wp-json\/wp\/v2\/media\/107443"}],"wp:attachment":[{"href":"https:\/\/dutchhealthstore.com\/fr\/wp-json\/wp\/v2\/media?parent=108005"}],"wp:term":[{"taxonomy":"product_brand","embeddable":true,"href":"https:\/\/dutchhealthstore.com\/fr\/wp-json\/wp\/v2\/product_brand?post=108005"},{"taxonomy":"product_cat","embeddable":true,"href":"https:\/\/dutchhealthstore.com\/fr\/wp-json\/wp\/v2\/product_cat?post=108005"},{"taxonomy":"product_tag","embeddable":true,"href":"https:\/\/dutchhealthstore.com\/fr\/wp-json\/wp\/v2\/product_tag?post=108005"}],"curies":[{"name":"wp","href":"https:\/\/api.w.org\/{rel}","templated":true}]}}