{"id":107943,"date":"2018-02-10T14:55:28","date_gmt":"2018-02-10T13:55:28","guid":{"rendered":"https:\/\/dutchhealthstore.com\/product\/moccasin-flower-lip-shimmer\/"},"modified":"2025-10-28T10:55:44","modified_gmt":"2025-10-28T09:55:44","slug":"moccasin-flower-lip-shimmer","status":"publish","type":"product","link":"https:\/\/dutchhealthstore.com\/fr\/product\/moccasin-flower-lip-shimmer\/","title":{"rendered":"Moccasin Flower Shimmer"},"content":{"rendered":"<p><img decoding=\"async\" class=\"size-full wp-image-69549 alignright\" src=\"https:\/\/dutchhealthstore.com\/wp-content\/uploads\/2019\/08\/NEW-Living-Libations-Logo.jpg\" alt=\"NEW - Living Libations - Logo\" width=\"175\" height=\"82\">Gardez la joie de l&rsquo;\u00e9t\u00e9 en vie avec une infusion de plantes et de min\u00e9raux qui ne manqueront pas de vous s\u00e9duire, m\u00e9langeant le meilleur de l&rsquo;\u00e9t\u00e9 ensoleill\u00e9 et de l&rsquo;automne fervent en une concoction d\u00e9licieusement \u00e9blouissante. Laissez vos l\u00e8vres scintiller sous l&rsquo;\u00e9clat ambre-bronze de l&rsquo;ombre \u00e0 Moccasin Flower Lip Shimmer.<\/p>\n<p>La science derri\u00e8re l&rsquo;\u00e9clat: plus qu&rsquo;un simple baume \u00e0 l\u00e8vres, l&rsquo;\u00e9clat pour les l\u00e8vres Moccasin Flower est cr\u00e9\u00e9 avec du mica cristallis\u00e9, les pierres pr\u00e9cieuses naturel qui r\u00e9fl\u00e9chissent la lumi\u00e8re. Ce baume chatoyant s&rsquo;accroche pour faire chanter la peau, en refl\u00e9tant la lumi\u00e8re ambiante tout autour.<\/p>\n<h3>Comment utiliser<\/h3>\n<p>Appliquez sur les l\u00e8vres, tamponnez les pommettes, les \u00e9paules, les arcades sourcili\u00e8res et tout autre endroit o\u00f9 vous souhaitez un \u00e9clat estival. Parfait sur les l\u00e8vres et les baumes Lovers et combin\u00e9 avec nos autres Lip Shimmers.<\/p>\n<p><strong>Taille : 6 ml<\/strong><\/p>\n<h3 class=\"yikes-custom-woo-tab-title yikes-custom-woo-tab-title-natural-organic-ingredients\">Ingr\u00e9dients Naturels\/Biologiques<\/h3>\n<p><strong>Jojoba<\/strong> <em>(Simmondsia chinensis)<\/em> &#8211; Le jojoba sain imbibe les l\u00e8vres et les joues de toutes les formes solubles de nutriments et de vitamine E. Cet hydratant naturels&rsquo;harmonise avec votre peau car il est ce que la nature offre de plus proche du s\u00e9bum de notre teint.<\/p>\n<p><strong>Cire d&rsquo;abeille<\/strong> <em>(Cera alba)<\/em> &#8211; Les abeilles bourdonnent avec une cire protectrice et poreuse qui retient l&rsquo;humidit\u00e9 et emp\u00eache les toxines d&rsquo;entrer. La cire d&rsquo;abeille forme un rev\u00eatement lisse et invisible sur vos l\u00e8vres, constituant une barri\u00e8re nourrissante contre les \u00e9l\u00e9ments agressifs.<\/p>\n<p><strong>Argousier<\/strong> <em>(Hippophae rhamnoides)<\/em> &#8211; La baie d&rsquo;argousier est rajeunissante, hydratante et reconstituante. C&rsquo;est l&rsquo;un des ingr\u00e9dients les plus recherch\u00e9s dans les soins naturel pour la peau en raison de sa capacit\u00e9 in\u00e9gal\u00e9e \u00e0 stimuler l&rsquo;\u00e9lasticit\u00e9 et \u00e0 reconstituer la peau s\u00e8che.<\/p>\n<p><strong>Ciste<\/strong> <em>(Cistus landaniferus)<\/em> &#8211; Replenishing Le ciste n&rsquo;est ni un rocher ni une rose; c&rsquo;est une fleur sauvage m\u00e9diterran\u00e9enne qui ressemble aux roses sauvages. L&rsquo;affinit\u00e9 du ciste pour les soins de la peau \u00e9tait reconnue par les \u00c9gyptiens de l&rsquo;Antiquit\u00e9 qui le m\u00e9langeaient \u00e0 des cr\u00e8mes de beaut\u00e9. Elle \u00e9tait un ingr\u00e9dient cl\u00e9 de leurs onguents et pommades pour les d\u00e9s\u00e9quilibres cutan\u00e9s en raison de sa nature tonifiante et rajeunissante. Les peaux s\u00e8ches, ternes et apathiques appr\u00e9cieront les propri\u00e9t\u00e9s tonifiantes et hydratantes de cette huile.<\/p>\n<p><strong>Ylang<\/strong> <em>(Cananga odorata)<\/em> &#8211; L&rsquo;Ylang Euphorique est une essence amoureuse dont le nom se traduit par \u00ab\u00a0Fleur des Fleurs\u00a0\u00bb. Pendant que les autres dorment, ces fleurs envo\u00fbtantes exhalent leur parfum exotique \u00e0 travers les brises tropicales. La douce et sulfureuse Ylang inspire les sens en dissipant la n\u00e9gativit\u00e9 avec ses p\u00e9tales de positivit\u00e9 parfum\u00e9e.<\/p>\n<p><strong>Vetiver<\/strong> <em>(Vetiveria zizanioides)<\/em> &#8211; L&rsquo;huile de v\u00e9tiver est une essence terreuse et fondatrice distill\u00e9e \u00e0 partir d&rsquo;une herbe tropicale. Calmant et hydratant pour la peau, le v\u00e9tiver est utilis\u00e9 pour donner \u00e0 la peau un aspect rebondi et jeune tout en offrant un ar\u00f4me riche et racinaire.<\/p>\n<p><strong>Mica<\/strong><em> (Phyllosilicate minerals)<\/em> &#8211; Le mica est un silicate min\u00e9ral naturel qui donne \u00e0 nos libations scintillantes un \u00e9clat d&rsquo;\u00e9t\u00e9 authentique! Le mica scintille et brille, refl\u00e9tant naturella lumi\u00e8re de vos l\u00e8vres radieuses. Le mica est fabriqu\u00e9 \u00e0 partir de couches de pierres pr\u00e9cieuses broy\u00e9es, riches en couleurs iridescentes. Comme un diamant transparent et \u00e9tincelant, le mica permet \u00e0 chaque centim\u00e8tre de votre peau de chanter en scintillant \u00e0 la lumi\u00e8re. *Le mica n&rsquo;est pas d\u00e9riv\u00e9 de la mati\u00e8re vivante et est donc un compos\u00e9 inorganique, qui n&rsquo;entre pas dans le champ d&rsquo;application de la certification biologique.<\/p>\n<p><strong>Jasmin<\/strong><em> (Jasminum sambac)<\/em> &#8211; Juicy Jasmine est fabriqu\u00e9 \u00e0 l&rsquo;\u00e9tat sauvage en Inde, puis\u00e9 dans les profondeurs parfum\u00e9es des fleurs de Jasmin Sambac \u00e0 floraison nocturne. Contrairement au Jasmin Grandiflorum, qui ouvre ses p\u00e9tales \u00e0 l&rsquo;aube, le Jasmin Sambac communie avec le myst\u00e8re de la lune et des \u00e9toiles, capturant l&rsquo;essence parfum\u00e9e des nuits chaudes sans fin.<\/p>\n<p><strong>Orange sanguine<\/strong> <em>(Citrus sinensis)<\/em> &#8211; L&rsquo;huile essentielle huile orange sanguine est un pur plaisir pour le corps et l&rsquo;esprit! Notre Blood Orange Oil est r\u00e9colt\u00e9e biologiquement et distill\u00e9e \u00e0 la vapeur \u00e0 partir du fruit m\u00fbr du Citrus sinensis italien. Ensoleill\u00e9 et doux, il stimule l&rsquo;humeur et l&rsquo;esprit avec un sourire. Les s\u00e9rums de soins de la peau avec ce plaisir ensoleill\u00e9, peuvent sentir la fermet\u00e9 et l&rsquo;\u00e9lasticit\u00e9 retrouv\u00e9es.<\/p>\n<p><img fetchpriority=\"high\" decoding=\"async\" class=\"size-medium wp-image-68103 aligncenter\" src=\"https:\/\/dutchhealthstore.com\/wp-content\/uploads\/2018\/02\/Living-Libations-Organic-Logo-800x89.png\" alt=\"Living Libations - Organic Logo\" width=\"800\" height=\"89\" srcset=\"https:\/\/dutchhealthstore.com\/wp-content\/uploads\/2018\/02\/Living-Libations-Organic-Logo-800x89.png 800w, https:\/\/dutchhealthstore.com\/wp-content\/uploads\/2018\/02\/Living-Libations-Organic-Logo-510x57.png 510w, https:\/\/dutchhealthstore.com\/wp-content\/uploads\/2018\/02\/Living-Libations-Organic-Logo-768x85.png 768w, https:\/\/dutchhealthstore.com\/wp-content\/uploads\/2018\/02\/Living-Libations-Organic-Logo.png 1400w\" sizes=\"(max-width: 800px) 100vw, 800px\" \/><\/p>\n","protected":false},"excerpt":{"rendered":"<p>Alors que les rayons d\u00e9clinants du soleil d&rsquo;\u00e9t\u00e9 laissent place aux parfums de l&rsquo;automne, votre \u00e9t\u00e9 \u00e9ternel continue de briller! Living Libations <strong>Moccasin Flower Lip Shimmer<\/strong> vous permet de cr\u00e9er un \u00e9clat ensoleill\u00e9 sur les l\u00e8vres, les joues et les paupi\u00e8res pour souligner le plaisir de chaque saison. Cette brillance luminescente apporte une infusion botanique aromatique ambre-bronze partout o\u00f9 vous avez besoin d&rsquo;un soup\u00e7on de soleil d&rsquo;\u00e9t\u00e9.<\/p>\n","protected":false},"featured_media":107713,"comment_status":"open","ping_status":"closed","template":"","meta":[],"product_brand":[],"product_cat":[14733,6142,5979,1211,1036,1209,1030,1010,4046,5902,2985,1156],"product_tag":[21803,6314,9603,21694],"class_list":{"0":"post-107943","1":"product","2":"type-product","3":"status-publish","4":"has-post-thumbnail","6":"product_cat-soins-de-la-peau","7":"product_cat-cheeks-fr-2","8":"product_cat-lips-fr-3","9":"product_cat-living-libations-france","10":"product_cat-maquillage","11":"product_cat-par-marques","12":"product_cat-par-produits","13":"product_cat-notre-boutique","14":"product_cat-soins-des-levres","15":"product_cat-eye-lip-care-fr-2","16":"product_cat-visage-fr","17":"product_cat-eyes-fr-2","18":"product_tag-brillant-a-levres","19":"product_tag-glow-fr","20":"product_tag-hydrating-fr","21":"product_tag-soin-des-levres","22":"pa_brand-livinglibations-fr","23":"pa_gtin-7439657379345-fr","24":"pa_make-up-productype-cheeks-fr","25":"pa_make-up-productype-lips-fr","26":"pa_make-up-productype-eyes-fr","27":"pa_skincare-type-lips-eye-care-fr","29":"first","30":"instock","31":"taxable","32":"shipping-taxable","33":"purchasable","34":"product-type-simple"},"bundled_by":[],"bundle_stock_status":"instock","bundle_stock_quantity":1,"bundle_virtual":false,"bundle_layout":"","bundle_add_to_cart_form_location":"","bundle_editable_in_cart":false,"bundle_sold_individually_context":"","bundle_item_grouping":"","bundle_min_size":"","bundle_max_size":"","bundle_price":[],"bundled_items":[],"bundle_sell_ids":[130150],"atum_controlled":true,"out_stock_date":null,"out_stock_threshold":null,"inheritable":false,"stock_on_hold":0,"sold_today":0,"sales_last_days":0,"out_stock_days":0,"lost_sales":0,"update_date":"2026-04-09T07:29:24","atum_locations":[],"atum_stock_status":"instock","restock_status":false,"low_stock_amount":"","sales_update_date":"2026-04-09T07:29:24","calc_backorders":null,"group_of_quantity":0,"min_quantity":0,"max_quantity":"","exclude_order_quantity_value_rules":"no","exclude_category_quantity_rules":"no","combine_variations":"no","yoast_head":"<!-- This site is optimized with the Yoast SEO Premium plugin v26.5 (Yoast SEO v26.5) - https:\/\/yoast.com\/wordpress\/plugins\/seo\/ -->\n<title>Moccasin Flower Lip Shimmer | Living Libations<\/title>\n<meta name=\"description\" content=\"Cette brillance luminescente apporte une infusion botanique aromatique ambre-bronze partout o\u00f9 vous avez besoin d&#039;un soup\u00e7on de soleil d&#039;\u00e9t\u00e9.\" \/>\n<meta name=\"robots\" content=\"index, follow, max-snippet:-1, max-image-preview:large, max-video-preview:-1\" \/>\n<link rel=\"canonical\" href=\"https:\/\/dutchhealthstore.com\/fr\/product\/moccasin-flower-lip-shimmer\/\" \/>\n<meta property=\"og:locale\" content=\"fr_FR\" \/>\n<meta property=\"og:type\" content=\"article\" \/>\n<meta property=\"og:title\" content=\"Moccasin Flower Shimmer - Dutch Health Store\" \/>\n<meta property=\"og:description\" content=\"Cette brillance luminescente apporte une infusion botanique aromatique ambre-bronze partout o\u00f9 vous avez besoin d&#039;un soup\u00e7on de soleil d&#039;\u00e9t\u00e9.\" \/>\n<meta property=\"og:url\" content=\"https:\/\/dutchhealthstore.com\/fr\/product\/moccasin-flower-lip-shimmer\/\" \/>\n<meta property=\"og:site_name\" content=\"Dutch Health Store\" \/>\n<meta property=\"article:publisher\" content=\"https:\/\/www.instagram.com\/dutchhealthstore\/\" \/>\n<meta property=\"article:modified_time\" content=\"2025-10-28T09:55:44+00:00\" \/>\n<meta property=\"og:image\" content=\"https:\/\/dutchhealthstore.com\/wp-content\/uploads\/2018\/02\/Living-Libations-Moccasin-Flower-Shimmer-e1592479605715.jpg\" \/>\n\t<meta property=\"og:image:width\" content=\"500\" \/>\n\t<meta property=\"og:image:height\" content=\"500\" \/>\n\t<meta property=\"og:image:type\" content=\"image\/jpeg\" \/>\n<meta name=\"twitter:card\" content=\"summary_large_image\" \/>\n<meta name=\"twitter:label1\" content=\"Prix\" \/>\n\t<meta name=\"twitter:data1\" content=\"&euro;33,00\" \/>\n\t<meta name=\"twitter:label2\" content=\"Disponibilit\u00e9\" \/>\n\t<meta name=\"twitter:data2\" content=\"En stock\" \/>\n<script type=\"application\/ld+json\" class=\"yoast-schema-graph\">{\"@context\":\"https:\/\/schema.org\",\"@graph\":[{\"@type\":\"WebPage\",\"@id\":\"https:\/\/dutchhealthstore.com\/fr\/product\/moccasin-flower-lip-shimmer\/\",\"url\":\"https:\/\/dutchhealthstore.com\/fr\/product\/moccasin-flower-lip-shimmer\/\",\"name\":\"Moccasin Flower Lip Shimmer | Living Libations\",\"isPartOf\":{\"@id\":\"https:\/\/dutchhealthstore.com\/fr\/#website\"},\"primaryImageOfPage\":{\"@id\":\"https:\/\/dutchhealthstore.com\/fr\/product\/moccasin-flower-lip-shimmer\/#primaryimage\"},\"image\":{\"@id\":\"https:\/\/dutchhealthstore.com\/fr\/product\/moccasin-flower-lip-shimmer\/#primaryimage\"},\"thumbnailUrl\":\"https:\/\/dutchhealthstore.com\/wp-content\/uploads\/2018\/02\/Living-Libations-Moccasin-Flower-Shimmer-e1592479605715.jpg\",\"datePublished\":\"2018-02-10T13:55:28+00:00\",\"dateModified\":\"2025-10-28T09:55:44+00:00\",\"description\":\"Cette brillance luminescente apporte une infusion botanique aromatique ambre-bronze partout o\u00f9 vous avez besoin d'un soup\u00e7on de soleil d'\u00e9t\u00e9.\",\"breadcrumb\":{\"@id\":\"https:\/\/dutchhealthstore.com\/fr\/product\/moccasin-flower-lip-shimmer\/#breadcrumb\"},\"inLanguage\":\"fr-FR\",\"potentialAction\":[{\"@type\":\"ReadAction\",\"target\":[\"https:\/\/dutchhealthstore.com\/fr\/product\/moccasin-flower-lip-shimmer\/\"]}]},{\"@type\":\"ImageObject\",\"inLanguage\":\"fr-FR\",\"@id\":\"https:\/\/dutchhealthstore.com\/fr\/product\/moccasin-flower-lip-shimmer\/#primaryimage\",\"url\":\"https:\/\/dutchhealthstore.com\/wp-content\/uploads\/2018\/02\/Living-Libations-Moccasin-Flower-Shimmer-e1592479605715.jpg\",\"contentUrl\":\"https:\/\/dutchhealthstore.com\/wp-content\/uploads\/2018\/02\/Living-Libations-Moccasin-Flower-Shimmer-e1592479605715.jpg\",\"width\":500,\"height\":500,\"caption\":\"Living Libations - Moccasin Flower Shimmer\"},{\"@type\":\"BreadcrumbList\",\"@id\":\"https:\/\/dutchhealthstore.com\/fr\/product\/moccasin-flower-lip-shimmer\/#breadcrumb\",\"itemListElement\":[{\"@type\":\"ListItem\",\"position\":1,\"name\":\"Home\",\"item\":\"https:\/\/dutchhealthstore.com\/fr\/\"},{\"@type\":\"ListItem\",\"position\":2,\"name\":\"Shop\",\"item\":\"https:\/\/dutchhealthstore.com\/fr\/shop\/\"},{\"@type\":\"ListItem\",\"position\":3,\"name\":\"Moccasin Flower Shimmer\"}]},{\"@type\":\"WebSite\",\"@id\":\"https:\/\/dutchhealthstore.com\/fr\/#website\",\"url\":\"https:\/\/dutchhealthstore.com\/fr\/\",\"name\":\"Dutch Health Store\",\"description\":\"Enhance Your Beauty with Organic &amp; Natural Skincare\",\"publisher\":{\"@id\":\"https:\/\/dutchhealthstore.com\/fr\/#organization\"},\"potentialAction\":[{\"@type\":\"SearchAction\",\"target\":{\"@type\":\"EntryPoint\",\"urlTemplate\":\"https:\/\/dutchhealthstore.com\/fr\/?s={search_term_string}\"},\"query-input\":{\"@type\":\"PropertyValueSpecification\",\"valueRequired\":true,\"valueName\":\"search_term_string\"}}],\"inLanguage\":\"fr-FR\"},{\"@type\":\"Organization\",\"@id\":\"https:\/\/dutchhealthstore.com\/fr\/#organization\",\"name\":\"Dutch Health Store\",\"url\":\"https:\/\/dutchhealthstore.com\/fr\/\",\"logo\":{\"@type\":\"ImageObject\",\"inLanguage\":\"fr-FR\",\"@id\":\"https:\/\/dutchhealthstore.com\/fr\/#\/schema\/logo\/image\/\",\"url\":\"https:\/\/dutchhealthstore.com\/wp-content\/uploads\/2020\/08\/logo-dutchhealthstore-jpg-e1599484957574.jpg\",\"contentUrl\":\"https:\/\/dutchhealthstore.com\/wp-content\/uploads\/2020\/08\/logo-dutchhealthstore-jpg-e1599484957574.jpg\",\"width\":400,\"height\":62,\"caption\":\"Dutch Health Store\"},\"image\":{\"@id\":\"https:\/\/dutchhealthstore.com\/fr\/#\/schema\/logo\/image\/\"},\"sameAs\":[\"https:\/\/www.instagram.com\/dutchhealthstore\/\",\"https:\/\/www.facebook.com\/dutchhealthstore\"]}]}<\/script>\n<meta property=\"product:brand\" content=\"Living Libations\" \/>\n<meta property=\"product:price:amount\" content=\"33.00\" \/>\n<meta property=\"product:price:currency\" content=\"EUR\" \/>\n<meta property=\"og:availability\" content=\"instock\" \/>\n<meta property=\"product:availability\" content=\"instock\" \/>\n<meta property=\"product:condition\" content=\"new\" \/>\n<!-- \/ Yoast SEO Premium plugin. -->","yoast_head_json":{"title":"Moccasin Flower Lip Shimmer | Living Libations","description":"Cette brillance luminescente apporte une infusion botanique aromatique ambre-bronze partout o\u00f9 vous avez besoin d'un soup\u00e7on de soleil d'\u00e9t\u00e9.","robots":{"index":"index","follow":"follow","max-snippet":"max-snippet:-1","max-image-preview":"max-image-preview:large","max-video-preview":"max-video-preview:-1"},"canonical":"https:\/\/dutchhealthstore.com\/fr\/product\/moccasin-flower-lip-shimmer\/","og_locale":"fr_FR","og_type":"article","og_title":"Moccasin Flower Shimmer - Dutch Health Store","og_description":"Cette brillance luminescente apporte une infusion botanique aromatique ambre-bronze partout o\u00f9 vous avez besoin d'un soup\u00e7on de soleil d'\u00e9t\u00e9.","og_url":"https:\/\/dutchhealthstore.com\/fr\/product\/moccasin-flower-lip-shimmer\/","og_site_name":"Dutch Health Store","article_publisher":"https:\/\/www.instagram.com\/dutchhealthstore\/","article_modified_time":"2025-10-28T09:55:44+00:00","og_image":[{"width":500,"height":500,"url":"https:\/\/dutchhealthstore.com\/wp-content\/uploads\/2018\/02\/Living-Libations-Moccasin-Flower-Shimmer-e1592479605715.jpg","type":"image\/jpeg"}],"twitter_card":"summary_large_image","twitter_misc":{"Prix":"&euro;33,00","Disponibilit\u00e9":"En stock"},"schema":{"@context":"https:\/\/schema.org","@graph":[{"@type":"WebPage","@id":"https:\/\/dutchhealthstore.com\/fr\/product\/moccasin-flower-lip-shimmer\/","url":"https:\/\/dutchhealthstore.com\/fr\/product\/moccasin-flower-lip-shimmer\/","name":"Moccasin Flower Lip Shimmer | Living Libations","isPartOf":{"@id":"https:\/\/dutchhealthstore.com\/fr\/#website"},"primaryImageOfPage":{"@id":"https:\/\/dutchhealthstore.com\/fr\/product\/moccasin-flower-lip-shimmer\/#primaryimage"},"image":{"@id":"https:\/\/dutchhealthstore.com\/fr\/product\/moccasin-flower-lip-shimmer\/#primaryimage"},"thumbnailUrl":"https:\/\/dutchhealthstore.com\/wp-content\/uploads\/2018\/02\/Living-Libations-Moccasin-Flower-Shimmer-e1592479605715.jpg","datePublished":"2018-02-10T13:55:28+00:00","dateModified":"2025-10-28T09:55:44+00:00","description":"Cette brillance luminescente apporte une infusion botanique aromatique ambre-bronze partout o\u00f9 vous avez besoin d'un soup\u00e7on de soleil d'\u00e9t\u00e9.","breadcrumb":{"@id":"https:\/\/dutchhealthstore.com\/fr\/product\/moccasin-flower-lip-shimmer\/#breadcrumb"},"inLanguage":"fr-FR","potentialAction":[{"@type":"ReadAction","target":["https:\/\/dutchhealthstore.com\/fr\/product\/moccasin-flower-lip-shimmer\/"]}]},{"@type":"ImageObject","inLanguage":"fr-FR","@id":"https:\/\/dutchhealthstore.com\/fr\/product\/moccasin-flower-lip-shimmer\/#primaryimage","url":"https:\/\/dutchhealthstore.com\/wp-content\/uploads\/2018\/02\/Living-Libations-Moccasin-Flower-Shimmer-e1592479605715.jpg","contentUrl":"https:\/\/dutchhealthstore.com\/wp-content\/uploads\/2018\/02\/Living-Libations-Moccasin-Flower-Shimmer-e1592479605715.jpg","width":500,"height":500,"caption":"Living Libations - Moccasin Flower Shimmer"},{"@type":"BreadcrumbList","@id":"https:\/\/dutchhealthstore.com\/fr\/product\/moccasin-flower-lip-shimmer\/#breadcrumb","itemListElement":[{"@type":"ListItem","position":1,"name":"Home","item":"https:\/\/dutchhealthstore.com\/fr\/"},{"@type":"ListItem","position":2,"name":"Shop","item":"https:\/\/dutchhealthstore.com\/fr\/shop\/"},{"@type":"ListItem","position":3,"name":"Moccasin Flower Shimmer"}]},{"@type":"WebSite","@id":"https:\/\/dutchhealthstore.com\/fr\/#website","url":"https:\/\/dutchhealthstore.com\/fr\/","name":"Dutch Health Store","description":"Enhance Your Beauty with Organic &amp; Natural Skincare","publisher":{"@id":"https:\/\/dutchhealthstore.com\/fr\/#organization"},"potentialAction":[{"@type":"SearchAction","target":{"@type":"EntryPoint","urlTemplate":"https:\/\/dutchhealthstore.com\/fr\/?s={search_term_string}"},"query-input":{"@type":"PropertyValueSpecification","valueRequired":true,"valueName":"search_term_string"}}],"inLanguage":"fr-FR"},{"@type":"Organization","@id":"https:\/\/dutchhealthstore.com\/fr\/#organization","name":"Dutch Health Store","url":"https:\/\/dutchhealthstore.com\/fr\/","logo":{"@type":"ImageObject","inLanguage":"fr-FR","@id":"https:\/\/dutchhealthstore.com\/fr\/#\/schema\/logo\/image\/","url":"https:\/\/dutchhealthstore.com\/wp-content\/uploads\/2020\/08\/logo-dutchhealthstore-jpg-e1599484957574.jpg","contentUrl":"https:\/\/dutchhealthstore.com\/wp-content\/uploads\/2020\/08\/logo-dutchhealthstore-jpg-e1599484957574.jpg","width":400,"height":62,"caption":"Dutch Health Store"},"image":{"@id":"https:\/\/dutchhealthstore.com\/fr\/#\/schema\/logo\/image\/"},"sameAs":["https:\/\/www.instagram.com\/dutchhealthstore\/","https:\/\/www.facebook.com\/dutchhealthstore"]}]},"product_brand":"Living Libations","product_price_amount":"33.00","product_price_currency":"EUR","og_availability":"instock","product_availability":"instock","product_condition":"new"},"_links":{"self":[{"href":"https:\/\/dutchhealthstore.com\/fr\/wp-json\/wp\/v2\/product\/107943","targetHints":{"allow":["GET"]}}],"collection":[{"href":"https:\/\/dutchhealthstore.com\/fr\/wp-json\/wp\/v2\/product"}],"about":[{"href":"https:\/\/dutchhealthstore.com\/fr\/wp-json\/wp\/v2\/types\/product"}],"replies":[{"embeddable":true,"href":"https:\/\/dutchhealthstore.com\/fr\/wp-json\/wp\/v2\/comments?post=107943"}],"wp:featuredmedia":[{"embeddable":true,"href":"https:\/\/dutchhealthstore.com\/fr\/wp-json\/wp\/v2\/media\/107713"}],"wp:attachment":[{"href":"https:\/\/dutchhealthstore.com\/fr\/wp-json\/wp\/v2\/media?parent=107943"}],"wp:term":[{"taxonomy":"product_brand","embeddable":true,"href":"https:\/\/dutchhealthstore.com\/fr\/wp-json\/wp\/v2\/product_brand?post=107943"},{"taxonomy":"product_cat","embeddable":true,"href":"https:\/\/dutchhealthstore.com\/fr\/wp-json\/wp\/v2\/product_cat?post=107943"},{"taxonomy":"product_tag","embeddable":true,"href":"https:\/\/dutchhealthstore.com\/fr\/wp-json\/wp\/v2\/product_tag?post=107943"}],"curies":[{"name":"wp","href":"https:\/\/api.w.org\/{rel}","templated":true}]}}