{"id":107906,"date":"2018-02-10T13:57:38","date_gmt":"2018-02-10T12:57:38","guid":{"rendered":"https:\/\/dutchhealthstore.com\/product\/mint-condition-lip-fix\/"},"modified":"2025-09-26T13:12:27","modified_gmt":"2025-09-26T11:12:27","slug":"mint-condition-lip-fix","status":"publish","type":"product","link":"https:\/\/dutchhealthstore.com\/fr\/product\/mint-condition-lip-fix\/","title":{"rendered":"Mint Condition Lip Fix\u2122"},"content":{"rendered":"<p><b><strong><img decoding=\"async\" class=\"alignright size-full wp-image-37041\" src=\"https:\/\/dutchhealthstore.com\/wp-content\/uploads\/2018\/04\/Living_Libations-1.png\" alt=\"Organic &amp; Natural Beautyproducts - Living Libations\" width=\"175\" height=\"82\">Mint<\/strong><\/b><b><strong> Condition <\/strong><\/b><b><strong>L\u00e8vres<\/strong><\/b><b><strong> Fix<\/strong><\/b> va nourrir vos l\u00e8vres jusqu&rsquo;\u00e0 ce qu&rsquo;elles soient en parfait \u00e9tat, instantan\u00e9ment. Un bouquet botanique, compos\u00e9 de jojoba sain, d&rsquo;essences opulentes et de la merveilleuse cire d&rsquo;abeille, tient \u00e0 distance les l\u00e8vres arides et fendill\u00e9es avec ce mantra \u00e0 la menthe.<\/p>\n<h3>Utiliser<\/h3>\n<p>Appliquez ce baume sur les l\u00e8vres pour qu&rsquo;elles restent calmes toute la journ\u00e9e. Il peut \u00e9galement \u00eatre utilis\u00e9 comme baume sur la peau d\u00e9licate du dessous des yeux et du dessus des pommettes. Parfait sous les l\u00e8vres des amoureux de la brillance.<\/p>\n<p><strong>Taille : 5 ml<\/strong><\/p>\n<h3 class=\"yikes-custom-woo-tab-title yikes-custom-woo-tab-title-natural-organic-ingredients\">Ingr\u00e9dients Naturels\/Biologiques<\/h3>\n<p><b><strong>Jojoba <\/strong><\/b>(<i><em>Simmondsia chinensis<\/em><\/i>)<b><strong> <\/strong><\/b>&#8211; Le jojoba dor\u00e9 et glorieux nourrit et soigne les peaux assoiff\u00e9es. Jojoba a une capacit\u00e9 in\u00e9gal\u00e9e d&rsquo;hydrater la peau, d&rsquo;\u00e9quilibrer la production d&rsquo;huile, de nettoyer en profondeur les pores et de cr\u00e9er des effets de conditionnement de longue dur\u00e9e qui adoucissent la peau. Il est bourr\u00e9 de peptides et de lipides et contient les plus hauts niveaux de compos\u00e9s ph\u00e9noliques trouv\u00e9s dans la nature ainsi que des vitamines et toutes les formes solubles de vitamine E!<\/p>\n<p><b><strong>Cire d&rsquo;abeille heureuse <\/strong><\/b>(<i><em>Cera alba<\/em><\/i>) &#8211; La cire d&rsquo;abeille est appr\u00e9ci\u00e9e pour sa capacit\u00e9 \u00e0 prot\u00e9ger le tissu d\u00e9licat des l\u00e8vres dans une couche poreuse qui retient l&rsquo;humidit\u00e9 et emp\u00eache les toxines d&rsquo;entrer.<\/p>\n<p><b><strong>Menthe poivr\u00e9e <\/strong><\/b>(<i><em>Mentha peperita<\/em><\/i>) &#8211;<b><strong> <\/strong><\/b>La menthe poivr\u00e9e est agr\u00e9able comme la glace! La menthe poivr\u00e9e revigorante apporte une bouff\u00e9e de fra\u00eecheur menthol\u00e9e et une fra\u00eecheur apaisante aux l\u00e8vres s\u00e8ches, fissur\u00e9es et gerc\u00e9es. Notre huile de menthe poivr\u00e9e est distill\u00e9e \u00e0 partir de feuilles fra\u00eeches, et une seule goutte est un r\u00e9veil juteux pour la peau et l&rsquo;\u00e2me.<\/p>\n<p><b><strong>Menthe verte <\/strong><\/b>(<i><em>Mentha spicata<\/em><\/i>) &#8211; La menthe verte est la cousine plus douce et plus discr\u00e8te de la menthe poivr\u00e9e. La menthe verte fra\u00eeche et parfum\u00e9e apaise les sens avec des murmures de magnificence menthol\u00e9e! Les Grecs anciens choisissaient la menthe verte pour parfumer l&rsquo;eau de leur bain, tandis que les populations m\u00e9di\u00e9vales utilisaient cette herbe pour rafra\u00eechir leur haleine et nettoyer leurs dents.<\/p>\n<p><b><strong>Tanaisie bleue<\/strong><\/b> (<i><em>Tanacetum annum<\/em><\/i>) &#8211; La tanaisie est riche en azul\u00e8ne bleu et en sesquiterp\u00e8nes qui calment et rafra\u00eechissent les l\u00e8vres gerc\u00e9es. Son ar\u00f4me herbac\u00e9 d\u00e9licieusement sucr\u00e9 favorise la relaxation tout en apaisant les peaux s\u00e8ches, rouges ou expos\u00e9es aux intemp\u00e9ries.<\/p>\n<p><b><strong>Encens <\/strong><\/b>(<i><em>Boswellia carterii<\/em><\/i>) &#8211; L&rsquo;encens sacr\u00e9 est la pi\u00e8ce de r\u00e9sistance des soins de la peau! Il att\u00e9nue les rougeurs, raffermit les l\u00e8vres et hydrate abondamment la peau. Il est \u00e9galement merveilleux pour r\u00e9duire l&rsquo;apparence des cicatrices et des taches de vieillesse.<\/p>\n<p><b><strong>Pamplemousse <\/strong><\/b>(<i><em>Citrus paradisi<\/em><\/i>)<b><strong> <\/strong><\/b>&#8211; Le pamplemousse, tonifiant et tenseur, rafra\u00eechit la peau et les l\u00e8vres.<\/p>\n<p><b><strong>Thym doux <\/strong><\/b>(<i><em>Thym vulgaire linalool<\/em><\/i>)<b><strong>  <\/strong><\/b>&#8211; Thym Linalool est aussi fort que doux! Elle contient tout le pouvoir fortifiant et tonifiant des autres types d&rsquo;huiles de thym, sans provoquer d&rsquo;irritation, tout en purifiant les pores. Le thym Linalool est un ingr\u00e9dient pr\u00e9cieux de nos s\u00e9rums doux pour la peau.<\/p>\n<p><b><strong>Cardamome <\/strong><\/b>(<i><em>Elettaria cardamomum<\/em><\/i>)<b><strong>  <\/strong><\/b>&#8211; La cardamome charismatique rafra\u00eechit l&rsquo;haleine et tonifie la peau.<\/p>\n<p><img fetchpriority=\"high\" decoding=\"async\" class=\"aligncenter size-full wp-image-31577\" src=\"https:\/\/dutchhealthstore.com\/wp-content\/uploads\/2018\/03\/organic_big.png\" alt=\"Organic and Natural - Living Libations\" width=\"623\" height=\"103\" srcset=\"https:\/\/dutchhealthstore.com\/wp-content\/uploads\/2018\/03\/organic_big.png 623w, https:\/\/dutchhealthstore.com\/wp-content\/uploads\/2018\/03\/organic_big-510x84.png 510w, https:\/\/dutchhealthstore.com\/wp-content\/uploads\/2018\/03\/organic_big-600x99.png 600w, https:\/\/dutchhealthstore.com\/wp-content\/uploads\/2018\/03\/organic_big-350x58.png 350w\" sizes=\"(max-width: 623px) 100vw, 623px\" \/><\/p>\n","protected":false},"excerpt":{"rendered":"<p>Vos l\u00e8vres gerc\u00e9es ont besoin d&rsquo;une solution rapide et fra\u00eeche?<br \/>\nLe <strong>Mint<\/strong> <strong>Condition <\/strong><strong>Lip <\/strong><strong>Fix<\/strong> de Living Libations apporte \u00e0 vos l\u00e8vres une beaut\u00e9 fra\u00eeche et p\u00e9tillante.<\/p>\n","protected":false},"featured_media":50845,"comment_status":"open","ping_status":"closed","template":"","meta":[],"product_brand":[],"product_cat":[14733,5979,1211,1036,1209,1030,1010,5905,4046,5902,2985],"product_tag":[21695,9603,21694,9716],"class_list":{"0":"post-107906","1":"product","2":"type-product","3":"status-publish","4":"has-post-thumbnail","6":"product_cat-soins-de-la-peau","7":"product_cat-lips-fr-3","8":"product_cat-living-libations-france","9":"product_cat-maquillage","10":"product_cat-par-marques","11":"product_cat-par-produits","12":"product_cat-notre-boutique","13":"product_cat-lip-care","14":"product_cat-soins-des-levres","15":"product_cat-eye-lip-care-fr-2","16":"product_cat-visage-fr","17":"product_tag-baume-a-levres","18":"product_tag-hydrating-fr","19":"product_tag-soin-des-levres","20":"product_tag-soothing-fr","21":"pa_brand-livinglibations-fr","22":"pa_make-up-productype-lips-fr","23":"pa_size-5-ml-fr","24":"pa_skincare-type-lips-eye-care-fr","26":"first","27":"instock","28":"taxable","29":"shipping-taxable","30":"purchasable","31":"product-type-simple"},"bundled_by":[],"bundle_stock_status":"instock","bundle_stock_quantity":9,"bundle_virtual":false,"bundle_layout":"","bundle_add_to_cart_form_location":"","bundle_editable_in_cart":false,"bundle_sold_individually_context":"","bundle_item_grouping":"","bundle_min_size":"","bundle_max_size":"","bundle_price":[],"bundled_items":[],"bundle_sell_ids":[108293],"atum_controlled":true,"out_stock_date":null,"out_stock_threshold":null,"inheritable":false,"stock_on_hold":9,"sold_today":0,"sales_last_days":1,"out_stock_days":0,"lost_sales":0,"update_date":"2026-04-07T11:40:44","atum_locations":[],"atum_stock_status":"instock","restock_status":false,"low_stock_amount":0,"sales_update_date":"2026-04-07T11:40:44","calc_backorders":null,"group_of_quantity":0,"min_quantity":0,"max_quantity":"","exclude_order_quantity_value_rules":"no","exclude_category_quantity_rules":"no","combine_variations":"no","yoast_head":"<!-- This site is optimized with the Yoast SEO Premium plugin v26.5 (Yoast SEO v26.5) - https:\/\/yoast.com\/wordpress\/plugins\/seo\/ -->\n<title>Mint Condition Lip Fix\u2122 | Living Libations<\/title>\n<meta name=\"description\" content=\"Vos l\u00e8vres gerc\u00e9es ont besoin d&#039;une solution rapide? Mint Condition Lip Fix apporte \u00e0 vos l\u00e8vres une beaut\u00e9 fra\u00eeche et chatoyante.\" \/>\n<meta name=\"robots\" content=\"index, follow, max-snippet:-1, max-image-preview:large, max-video-preview:-1\" \/>\n<link rel=\"canonical\" href=\"https:\/\/dutchhealthstore.com\/fr\/product\/mint-condition-lip-fix\/\" \/>\n<meta property=\"og:locale\" content=\"fr_FR\" \/>\n<meta property=\"og:type\" content=\"article\" \/>\n<meta property=\"og:title\" content=\"Mint Condition Lip Fix\u2122 - Dutch Health Store\" \/>\n<meta property=\"og:description\" content=\"Vos l\u00e8vres gerc\u00e9es ont besoin d&#039;une solution rapide? Mint Condition Lip Fix apporte \u00e0 vos l\u00e8vres une beaut\u00e9 fra\u00eeche et chatoyante.\" \/>\n<meta property=\"og:url\" content=\"https:\/\/dutchhealthstore.com\/fr\/product\/mint-condition-lip-fix\/\" \/>\n<meta property=\"og:site_name\" content=\"Dutch Health Store\" \/>\n<meta property=\"article:publisher\" content=\"https:\/\/www.instagram.com\/dutchhealthstore\/\" \/>\n<meta property=\"article:modified_time\" content=\"2025-09-26T11:12:27+00:00\" \/>\n<meta property=\"og:image\" content=\"https:\/\/dutchhealthstore.com\/wp-content\/uploads\/2018\/02\/Living-Libations-Mint-Condition-Lip-Fix.jpeg\" \/>\n\t<meta property=\"og:image:width\" content=\"555\" \/>\n\t<meta property=\"og:image:height\" content=\"554\" \/>\n\t<meta property=\"og:image:type\" content=\"image\/jpeg\" \/>\n<meta name=\"twitter:card\" content=\"summary_large_image\" \/>\n<meta name=\"twitter:label1\" content=\"Prix\" \/>\n\t<meta name=\"twitter:data1\" content=\"&euro;16,00\" \/>\n\t<meta name=\"twitter:label2\" content=\"Disponibilit\u00e9\" \/>\n\t<meta name=\"twitter:data2\" content=\"En stock\" \/>\n<script type=\"application\/ld+json\" class=\"yoast-schema-graph\">{\"@context\":\"https:\/\/schema.org\",\"@graph\":[{\"@type\":\"WebPage\",\"@id\":\"https:\/\/dutchhealthstore.com\/fr\/product\/mint-condition-lip-fix\/\",\"url\":\"https:\/\/dutchhealthstore.com\/fr\/product\/mint-condition-lip-fix\/\",\"name\":\"Mint Condition Lip Fix\u2122 | Living Libations\",\"isPartOf\":{\"@id\":\"https:\/\/dutchhealthstore.com\/fr\/#website\"},\"primaryImageOfPage\":{\"@id\":\"https:\/\/dutchhealthstore.com\/fr\/product\/mint-condition-lip-fix\/#primaryimage\"},\"image\":{\"@id\":\"https:\/\/dutchhealthstore.com\/fr\/product\/mint-condition-lip-fix\/#primaryimage\"},\"thumbnailUrl\":\"https:\/\/dutchhealthstore.com\/wp-content\/uploads\/2018\/02\/Living-Libations-Mint-Condition-Lip-Fix.jpeg\",\"datePublished\":\"2018-02-10T12:57:38+00:00\",\"dateModified\":\"2025-09-26T11:12:27+00:00\",\"description\":\"Vos l\u00e8vres gerc\u00e9es ont besoin d'une solution rapide? Mint Condition Lip Fix apporte \u00e0 vos l\u00e8vres une beaut\u00e9 fra\u00eeche et chatoyante.\",\"breadcrumb\":{\"@id\":\"https:\/\/dutchhealthstore.com\/fr\/product\/mint-condition-lip-fix\/#breadcrumb\"},\"inLanguage\":\"fr-FR\",\"potentialAction\":[{\"@type\":\"ReadAction\",\"target\":[\"https:\/\/dutchhealthstore.com\/fr\/product\/mint-condition-lip-fix\/\"]}]},{\"@type\":\"ImageObject\",\"inLanguage\":\"fr-FR\",\"@id\":\"https:\/\/dutchhealthstore.com\/fr\/product\/mint-condition-lip-fix\/#primaryimage\",\"url\":\"https:\/\/dutchhealthstore.com\/wp-content\/uploads\/2018\/02\/Living-Libations-Mint-Condition-Lip-Fix.jpeg\",\"contentUrl\":\"https:\/\/dutchhealthstore.com\/wp-content\/uploads\/2018\/02\/Living-Libations-Mint-Condition-Lip-Fix.jpeg\",\"width\":555,\"height\":554,\"caption\":\"Mint Condition Lip Fix\u2122\"},{\"@type\":\"BreadcrumbList\",\"@id\":\"https:\/\/dutchhealthstore.com\/fr\/product\/mint-condition-lip-fix\/#breadcrumb\",\"itemListElement\":[{\"@type\":\"ListItem\",\"position\":1,\"name\":\"Home\",\"item\":\"https:\/\/dutchhealthstore.com\/fr\/\"},{\"@type\":\"ListItem\",\"position\":2,\"name\":\"Shop\",\"item\":\"https:\/\/dutchhealthstore.com\/fr\/shop\/\"},{\"@type\":\"ListItem\",\"position\":3,\"name\":\"Mint Condition Lip Fix\u2122\"}]},{\"@type\":\"WebSite\",\"@id\":\"https:\/\/dutchhealthstore.com\/fr\/#website\",\"url\":\"https:\/\/dutchhealthstore.com\/fr\/\",\"name\":\"Dutch Health Store\",\"description\":\"Enhance Your Beauty with Organic &amp; Natural Skincare\",\"publisher\":{\"@id\":\"https:\/\/dutchhealthstore.com\/fr\/#organization\"},\"potentialAction\":[{\"@type\":\"SearchAction\",\"target\":{\"@type\":\"EntryPoint\",\"urlTemplate\":\"https:\/\/dutchhealthstore.com\/fr\/?s={search_term_string}\"},\"query-input\":{\"@type\":\"PropertyValueSpecification\",\"valueRequired\":true,\"valueName\":\"search_term_string\"}}],\"inLanguage\":\"fr-FR\"},{\"@type\":\"Organization\",\"@id\":\"https:\/\/dutchhealthstore.com\/fr\/#organization\",\"name\":\"Dutch Health Store\",\"url\":\"https:\/\/dutchhealthstore.com\/fr\/\",\"logo\":{\"@type\":\"ImageObject\",\"inLanguage\":\"fr-FR\",\"@id\":\"https:\/\/dutchhealthstore.com\/fr\/#\/schema\/logo\/image\/\",\"url\":\"https:\/\/dutchhealthstore.com\/wp-content\/uploads\/2020\/08\/logo-dutchhealthstore-jpg-e1599484957574.jpg\",\"contentUrl\":\"https:\/\/dutchhealthstore.com\/wp-content\/uploads\/2020\/08\/logo-dutchhealthstore-jpg-e1599484957574.jpg\",\"width\":400,\"height\":62,\"caption\":\"Dutch Health Store\"},\"image\":{\"@id\":\"https:\/\/dutchhealthstore.com\/fr\/#\/schema\/logo\/image\/\"},\"sameAs\":[\"https:\/\/www.instagram.com\/dutchhealthstore\/\",\"https:\/\/www.facebook.com\/dutchhealthstore\"]}]}<\/script>\n<meta property=\"product:brand\" content=\"Living Libations\" \/>\n<meta property=\"product:price:amount\" content=\"16.00\" \/>\n<meta property=\"product:price:currency\" content=\"EUR\" \/>\n<meta property=\"og:availability\" content=\"instock\" \/>\n<meta property=\"product:availability\" content=\"instock\" \/>\n<meta property=\"product:condition\" content=\"new\" \/>\n<!-- \/ Yoast SEO Premium plugin. -->","yoast_head_json":{"title":"Mint Condition Lip Fix\u2122 | Living Libations","description":"Vos l\u00e8vres gerc\u00e9es ont besoin d'une solution rapide? Mint Condition Lip Fix apporte \u00e0 vos l\u00e8vres une beaut\u00e9 fra\u00eeche et chatoyante.","robots":{"index":"index","follow":"follow","max-snippet":"max-snippet:-1","max-image-preview":"max-image-preview:large","max-video-preview":"max-video-preview:-1"},"canonical":"https:\/\/dutchhealthstore.com\/fr\/product\/mint-condition-lip-fix\/","og_locale":"fr_FR","og_type":"article","og_title":"Mint Condition Lip Fix\u2122 - Dutch Health Store","og_description":"Vos l\u00e8vres gerc\u00e9es ont besoin d'une solution rapide? Mint Condition Lip Fix apporte \u00e0 vos l\u00e8vres une beaut\u00e9 fra\u00eeche et chatoyante.","og_url":"https:\/\/dutchhealthstore.com\/fr\/product\/mint-condition-lip-fix\/","og_site_name":"Dutch Health Store","article_publisher":"https:\/\/www.instagram.com\/dutchhealthstore\/","article_modified_time":"2025-09-26T11:12:27+00:00","og_image":[{"width":555,"height":554,"url":"https:\/\/dutchhealthstore.com\/wp-content\/uploads\/2018\/02\/Living-Libations-Mint-Condition-Lip-Fix.jpeg","type":"image\/jpeg"}],"twitter_card":"summary_large_image","twitter_misc":{"Prix":"&euro;16,00","Disponibilit\u00e9":"En stock"},"schema":{"@context":"https:\/\/schema.org","@graph":[{"@type":"WebPage","@id":"https:\/\/dutchhealthstore.com\/fr\/product\/mint-condition-lip-fix\/","url":"https:\/\/dutchhealthstore.com\/fr\/product\/mint-condition-lip-fix\/","name":"Mint Condition Lip Fix\u2122 | Living Libations","isPartOf":{"@id":"https:\/\/dutchhealthstore.com\/fr\/#website"},"primaryImageOfPage":{"@id":"https:\/\/dutchhealthstore.com\/fr\/product\/mint-condition-lip-fix\/#primaryimage"},"image":{"@id":"https:\/\/dutchhealthstore.com\/fr\/product\/mint-condition-lip-fix\/#primaryimage"},"thumbnailUrl":"https:\/\/dutchhealthstore.com\/wp-content\/uploads\/2018\/02\/Living-Libations-Mint-Condition-Lip-Fix.jpeg","datePublished":"2018-02-10T12:57:38+00:00","dateModified":"2025-09-26T11:12:27+00:00","description":"Vos l\u00e8vres gerc\u00e9es ont besoin d'une solution rapide? Mint Condition Lip Fix apporte \u00e0 vos l\u00e8vres une beaut\u00e9 fra\u00eeche et chatoyante.","breadcrumb":{"@id":"https:\/\/dutchhealthstore.com\/fr\/product\/mint-condition-lip-fix\/#breadcrumb"},"inLanguage":"fr-FR","potentialAction":[{"@type":"ReadAction","target":["https:\/\/dutchhealthstore.com\/fr\/product\/mint-condition-lip-fix\/"]}]},{"@type":"ImageObject","inLanguage":"fr-FR","@id":"https:\/\/dutchhealthstore.com\/fr\/product\/mint-condition-lip-fix\/#primaryimage","url":"https:\/\/dutchhealthstore.com\/wp-content\/uploads\/2018\/02\/Living-Libations-Mint-Condition-Lip-Fix.jpeg","contentUrl":"https:\/\/dutchhealthstore.com\/wp-content\/uploads\/2018\/02\/Living-Libations-Mint-Condition-Lip-Fix.jpeg","width":555,"height":554,"caption":"Mint Condition Lip Fix\u2122"},{"@type":"BreadcrumbList","@id":"https:\/\/dutchhealthstore.com\/fr\/product\/mint-condition-lip-fix\/#breadcrumb","itemListElement":[{"@type":"ListItem","position":1,"name":"Home","item":"https:\/\/dutchhealthstore.com\/fr\/"},{"@type":"ListItem","position":2,"name":"Shop","item":"https:\/\/dutchhealthstore.com\/fr\/shop\/"},{"@type":"ListItem","position":3,"name":"Mint Condition Lip Fix\u2122"}]},{"@type":"WebSite","@id":"https:\/\/dutchhealthstore.com\/fr\/#website","url":"https:\/\/dutchhealthstore.com\/fr\/","name":"Dutch Health Store","description":"Enhance Your Beauty with Organic &amp; Natural Skincare","publisher":{"@id":"https:\/\/dutchhealthstore.com\/fr\/#organization"},"potentialAction":[{"@type":"SearchAction","target":{"@type":"EntryPoint","urlTemplate":"https:\/\/dutchhealthstore.com\/fr\/?s={search_term_string}"},"query-input":{"@type":"PropertyValueSpecification","valueRequired":true,"valueName":"search_term_string"}}],"inLanguage":"fr-FR"},{"@type":"Organization","@id":"https:\/\/dutchhealthstore.com\/fr\/#organization","name":"Dutch Health Store","url":"https:\/\/dutchhealthstore.com\/fr\/","logo":{"@type":"ImageObject","inLanguage":"fr-FR","@id":"https:\/\/dutchhealthstore.com\/fr\/#\/schema\/logo\/image\/","url":"https:\/\/dutchhealthstore.com\/wp-content\/uploads\/2020\/08\/logo-dutchhealthstore-jpg-e1599484957574.jpg","contentUrl":"https:\/\/dutchhealthstore.com\/wp-content\/uploads\/2020\/08\/logo-dutchhealthstore-jpg-e1599484957574.jpg","width":400,"height":62,"caption":"Dutch Health Store"},"image":{"@id":"https:\/\/dutchhealthstore.com\/fr\/#\/schema\/logo\/image\/"},"sameAs":["https:\/\/www.instagram.com\/dutchhealthstore\/","https:\/\/www.facebook.com\/dutchhealthstore"]}]},"product_brand":"Living Libations","product_price_amount":"16.00","product_price_currency":"EUR","og_availability":"instock","product_availability":"instock","product_condition":"new"},"_links":{"self":[{"href":"https:\/\/dutchhealthstore.com\/fr\/wp-json\/wp\/v2\/product\/107906","targetHints":{"allow":["GET"]}}],"collection":[{"href":"https:\/\/dutchhealthstore.com\/fr\/wp-json\/wp\/v2\/product"}],"about":[{"href":"https:\/\/dutchhealthstore.com\/fr\/wp-json\/wp\/v2\/types\/product"}],"replies":[{"embeddable":true,"href":"https:\/\/dutchhealthstore.com\/fr\/wp-json\/wp\/v2\/comments?post=107906"}],"wp:featuredmedia":[{"embeddable":true,"href":"https:\/\/dutchhealthstore.com\/fr\/wp-json\/wp\/v2\/media\/50845"}],"wp:attachment":[{"href":"https:\/\/dutchhealthstore.com\/fr\/wp-json\/wp\/v2\/media?parent=107906"}],"wp:term":[{"taxonomy":"product_brand","embeddable":true,"href":"https:\/\/dutchhealthstore.com\/fr\/wp-json\/wp\/v2\/product_brand?post=107906"},{"taxonomy":"product_cat","embeddable":true,"href":"https:\/\/dutchhealthstore.com\/fr\/wp-json\/wp\/v2\/product_cat?post=107906"},{"taxonomy":"product_tag","embeddable":true,"href":"https:\/\/dutchhealthstore.com\/fr\/wp-json\/wp\/v2\/product_tag?post=107906"}],"curies":[{"name":"wp","href":"https:\/\/api.w.org\/{rel}","templated":true}]}}