{"id":107858,"date":"2018-02-10T07:21:56","date_gmt":"2018-02-10T07:21:56","guid":{"rendered":"https:\/\/dutchhealthstore.com\/product\/green-papaya-lime-aha-mask\/"},"modified":"2025-12-29T19:21:05","modified_gmt":"2025-12-29T18:21:05","slug":"green-papaya-lime-aha-mask","status":"publish","type":"product","link":"https:\/\/dutchhealthstore.com\/fr\/product\/green-papaya-lime-aha-mask\/","title":{"rendered":"Green Papaya + Lime Mask"},"content":{"rendered":"<p><img decoding=\"async\" class=\"size-full wp-image-69549 alignright\" src=\"https:\/\/dutchhealthstore.com\/wp-content\/uploads\/2019\/08\/NEW-Living-Libations-Logo.jpg\" alt=\"NEW - Living Libations - Logo\" width=\"175\" height=\"82\">Le gel d&rsquo;Aloe Vera et le Jojoba dor\u00e9 favorisent une merveilleuse hydratation, \u00e9lasticit\u00e9 et souplesse. Les enzymes stimulantes des citrons et des limes m\u00e9lang\u00e9es au sucre brut, \u00e0 la papaye verte et aux enzymes de l&rsquo;ananas nettoient les pores et am\u00e9liorent la texture g\u00e9n\u00e9rale et la souplesse de la peau. L&rsquo;eau de rose, la consoude et la pr\u00eale renforcent la peau et r\u00e9novent sa r\u00e9silience.<\/p>\n<p>Green Papaya + Lime Mask vous pr\u00e9parera \u00e0 affronter le monde en vous d\u00e9masquant et en r\u00e9v\u00e9lant une peau radieuse et souple.<\/p>\n<h3>Comment utiliser<\/h3>\n<p>Appliquer sur la peau fra\u00eechement nettoy\u00e9e et masser doucement. Laissez agir pendant 15 \u00e0 30 minutes, puis rincez jusqu&rsquo;\u00e0 ce que l&rsquo;eau soit lisse. On peut \u00e9galement laisser le produit en place toute la nuit. Pour une hydratation suppl\u00e9mentaire apr\u00e8s le masque, appliquez un Best Skin Ever ou l&rsquo;un de nos s\u00e9rums pour la peau. Ne pas appliquer sur le contour des yeux. Alerte aux coups de soleil: Ne pas appliquer le masque et s&rsquo;asseoir au soleil, les ingr\u00e9dients peuvent \u00eatre photosensibilisants.<\/p>\n<p><strong>Taille : 30 ml<\/strong><\/p>\n<h3 class=\"yikes-custom-woo-tab-title yikes-custom-woo-tab-title-natural-organic-ingredients\">Ingr\u00e9dients Naturels\/Biologiques<\/h3>\n<p><strong>Jojoba<\/strong> <em>(Simmondsia chinensis)<\/em> &#8211; Le jojoba dor\u00e9 et glorieux nourrit et soigne les peaux assoiff\u00e9es. Jojoba a une capacit\u00e9 in\u00e9gal\u00e9e d&rsquo;hydrater la peau, d&rsquo;\u00e9quilibrer la production d&rsquo;huile, de nettoyer en profondeur les pores et de cr\u00e9er des effets de conditionnement de longue dur\u00e9e qui adoucissent la peau. Il est bourr\u00e9 de peptides et de lipides et contient les plus hauts niveaux de compos\u00e9s ph\u00e9noliques trouv\u00e9s dans la nature, ainsi que des vitamines et toutes les formes solubles de vitamine E.<\/p>\n<p><strong>Aloe Vera <\/strong><em>(Aloe barbadensis)<\/em> &#8211; L&rsquo;alo\u00e8s est un joyau botanique du d\u00e9sert qui est facilement absorb\u00e9 par les cheveux et la peau. Le gel mucilagineux qui exsude de la feuille est un hydratant magistral.<\/p>\n<p><strong>Rosewater Hydrosol<\/strong> <em>(Rosa damascene<\/em> ) &#8211; L&rsquo;eau de rose est la solution aqueuse issue de la distillation de l&rsquo;huile essentielle de rose otto et elle hydrate heureusement les peaux d\u00e9licates et s\u00e8ches. Les peaux sensibles ou facilement irrit\u00e9es se r\u00e9jouiront sous les soins fortifiants de l&rsquo;eau de rose. Les propri\u00e9t\u00e9s hydrophiles des huiles essentielles hydrosolubles contenues dans l&rsquo;eau de rose aident \u00e0 apaiser les peaux assoiff\u00e9es, \u00e0 augmenter les niveaux d&rsquo;hydratation et \u00e0 am\u00e9liorer l&rsquo;aspect g\u00e9n\u00e9ral et le teint.<\/p>\n<p><strong>Cire d&rsquo;orange<\/strong> <em>(Citrus aurantium dulcis)<\/em> &#8211; Tir\u00e9e de l&rsquo;\u00e9corce protectrice du fruit, la cire d&rsquo;orange contient des phytost\u00e9rols stabilisants qui renforcent la fermet\u00e9 et la tonicit\u00e9 de la peau. La cire d&rsquo;orange est \u00e9galement un merveilleux agent hydratant.<\/p>\n<p><strong>Pr\u00eale des champs<\/strong> <em>(Equisetum arvense)<\/em> &#8211; Riche en silice, la pr\u00eale des champs renforce la r\u00e9silience de la peau.<\/p>\n<p><strong>Racine de consoude<\/strong> <em>(Comfrey symphytim)<\/em> &#8211; La consoude nourrit et dynamise la peau. Il am\u00e9liore l&rsquo;apparence des cicatrices et des taches.<\/p>\n<p><strong>Tr\u00e8fle rouge<\/strong> <em>(Trifolium pretense) &#8211; <\/em>Le tr\u00e8fle rouge revitalisant est riche en vitamines, isoflavones et min\u00e9raux qui sont un alli\u00e9 pour la peau.<\/p>\n<p><strong>\u00c9corce de citron<\/strong> <em>(Citrus limon)<\/em> &#8211; Les enzymes contenues dans le citron am\u00e9liorent l&rsquo;aspect de la texture de la peau, combattent la surproduction de s\u00e9bum, exfolient et \u00e9liminent les cellules mortes, et apaisent la peau.<\/p>\n<p><strong>\u00c9corce de citron vert <\/strong><em>(Citrus aurantifolia)<\/em> &#8211; Les acides alpha-hydroxyl\u00e9s du citron vert am\u00e9liorent la texture de la peau en lib\u00e9rant les pores et en att\u00e9nuant l&rsquo;apparence des ridules.<\/p>\n<p><strong>Canne \u00e0 sucre brute<\/strong> <em>(Saccharum officinarum)<\/em> &#8211; Cet exfoliant naturel contient des niveaux \u00e9lev\u00e9s d&rsquo;acide glycolique, un acide alpha-hydroxyl\u00e9. La canne \u00e0 sucre \u00e9quilibre la production de s\u00e9bum et r\u00e9duit la taille des pores.<\/p>\n<p><strong>Papaye<\/strong> <em>(Carica papaya)<\/em> &#8211; Les papayes sont riches en enzymes qui favorisent une peau \u00e9clatante. La peptine augmente l&rsquo;\u00e9clat de la peau et am\u00e9liore sa texture, tandis que la papa\u00efne unifie le teint.<\/p>\n<p><strong>Enzymes d&rsquo;ananas<\/strong> <em>(Ananas sativus) &#8211; <\/em>Les enzymes d&rsquo;ananas d\u00e9sincrustent la peau en douceur et r\u00e9v\u00e8lent la v\u00e9ritable luminosit\u00e9 de votre teint.<\/p>\n<p><strong>Lavande<\/strong> <em>(Lavandula angustifolia)<\/em> &#8211; La lavande est un tonique doux et puissant pour la peau, \u00e0 la fois r\u00e9parateur et apaisant. Il d\u00e9tend les rougeurs et refroidit la chaleur. La lavande peut \u00eatre utilis\u00e9e pour am\u00e9liorer l&rsquo;apparence des cicatrices, unifier le teint, nettoyer la peau sujette \u00e0 l&rsquo;acn\u00e9 et \u00e9quilibrer les niveaux de s\u00e9bum de la peau.<\/p>\n<p><strong>Citron<\/strong> <em>(Citrus limon) &#8211; <\/em>Le citron vif clarifie, dynamise et purifie la peau de la t\u00eate aux pieds. Il est excellent dans les nettoyants pour l&rsquo;acn\u00e9 et les bosses. Le citron tonifie, raffermit et insuffle \u00e0 la peau l&rsquo;\u00e9nergie et la r\u00e9silience de la jeunesse.<\/p>\n<p><strong>Lime <\/strong><em>(Citrus aurantifolia)<\/em> &#8211; Le parfum frais et citronn\u00e9 du citron vert favorise une peau lisse et purifi\u00e9e. Il lib\u00e8re les salet\u00e9s et les huiles emprisonn\u00e9es dans les pores pour redonner \u00e0 la peau tout son \u00e9clat.<\/p>\n<p><strong>Canne \u00e0 sucre brute<\/strong> <em>(Saccharum officinarum)<\/em> &#8211; Cet exfoliant naturel contient des niveaux \u00e9lev\u00e9s d&rsquo;acide glycolique, un acide alpha-hydroxyl\u00e9. La canne \u00e0 sucre \u00e9quilibre la production de s\u00e9bum et r\u00e9duit la taille des pores.<\/p>\n<p><img fetchpriority=\"high\" decoding=\"async\" class=\"aligncenter wp-image-11209 size-full\" src=\"https:\/\/dutchhealthstore.com\/wp-content\/uploads\/2015\/12\/organic-1.jpg\" alt=\"organic\" width=\"608\" height=\"85\"><\/p>\n","protected":false},"excerpt":{"rendered":"<p><strong>Living Libations Green Papaya + Lime Mask<\/strong> tonifie et exfolie la peau en douceur tout en optimisant son hydratation et en d\u00e9veloppant son \u00e9lasticit\u00e9.<br \/>\nCe masque est compos\u00e9 d&rsquo;enzymes d\u00e9riv\u00e9es de fruits et de sucre de canne brut comme agents exfoliants souples.<br \/>\nSi votre visage, votre cou ou votre d\u00e9collet\u00e9 peut b\u00e9n\u00e9ficier d&rsquo;une exfoliation enzymatique, d&rsquo;un raffermissement et d&rsquo;une hydratation, notre masque soigneusement con\u00e7u fait l&rsquo;affaire.<\/p>\n","protected":false},"featured_media":107859,"comment_status":"open","ping_status":"closed","template":"","meta":[],"product_brand":[],"product_cat":[14733,1117,1211,4048,5628,5629,5127,5680,1209,1030,5107,5673,4978,4977,5627,4976,5121,4979,1229,1010,2985],"product_tag":[9627,4555,9778,21358],"class_list":{"0":"post-107858","1":"product","2":"type-product","3":"status-publish","4":"has-post-thumbnail","6":"product_cat-soins-de-la-peau","7":"product_cat-gommages-exfoliants-fr","8":"product_cat-living-libations-france","9":"product_cat-masques-et-gommages","10":"product_cat-masks-scrubs-exfoliators-fr-5","11":"product_cat-masks-scrubs-exfoliators-fr-4","12":"product_cat-masks-scrubs-exfoliators-fr","13":"product_cat-masks-scrubs-exfoliators-fr-2","14":"product_cat-par-marques","15":"product_cat-par-produits","16":"product_cat-by-skin-type-fr-4","17":"product_cat-oily-skin-clogged-pores-fr","18":"product_cat-oily-skin-clogged-pores-fr-2","19":"product_cat-normal-or-combination-skin","20":"product_cat-normal-or-combination-skin-fr-2","21":"product_cat-dry-mature-ageing-skin","22":"product_cat-dry-mature-ageing-skin-fr-2","23":"product_cat-sensitive-skin-redness-fr-2","24":"product_cat-sensitive-skin-redness-fr","25":"product_cat-notre-boutique","26":"product_cat-visage-fr","27":"product_tag-exfoliator-fr","28":"product_tag-mask-fr","29":"product_tag-revitalizing-fr","30":"product_tag-soins-du-visage","31":"pa_bestsellers-goed-fr","32":"pa_brand-livinglibations-fr","33":"pa_gtin-7439657379352-fr","34":"pa_size-30-ml-fr","35":"pa_skincare-type-masks-scrubs-exfoliators-fr","36":"pa_skintype-oily-skin-fr","37":"pa_skintype-normal-combination-skin-fr","38":"pa_skintype-dry-mature-ageing-skin-fr","39":"pa_skintype-sensitive-skin-redness-fr","41":"first","42":"instock","43":"taxable","44":"shipping-taxable","45":"purchasable","46":"product-type-simple"},"bundled_by":[],"bundle_stock_status":"instock","bundle_stock_quantity":1,"bundle_virtual":false,"bundle_layout":"","bundle_add_to_cart_form_location":"","bundle_editable_in_cart":false,"bundle_sold_individually_context":"","bundle_item_grouping":"","bundle_min_size":"","bundle_max_size":"","bundle_price":[],"bundled_items":[],"bundle_sell_ids":[129700],"atum_controlled":true,"out_stock_date":null,"out_stock_threshold":null,"inheritable":false,"stock_on_hold":1,"sold_today":1,"sales_last_days":2,"out_stock_days":0,"lost_sales":0,"update_date":"2026-04-11T15:33:14","atum_locations":[],"atum_stock_status":"instock","restock_status":true,"low_stock_amount":"","sales_update_date":"2026-04-11T15:33:14","calc_backorders":null,"group_of_quantity":0,"min_quantity":0,"max_quantity":"","exclude_order_quantity_value_rules":"no","exclude_category_quantity_rules":"no","combine_variations":"no","yoast_head":"<!-- This site is optimized with the Yoast SEO Premium plugin v26.5 (Yoast SEO v26.5) - https:\/\/yoast.com\/wordpress\/plugins\/seo\/ -->\n<title>Green Papaya + Lime Mask - Living Libations<\/title>\n<meta name=\"description\" content=\"Living Libations Green Papaya + Lime Mask tonifie et exfolie la peau en douceur tout en optimisant son hydratation et en d\u00e9veloppant son \u00e9lasticit\u00e9.\" \/>\n<meta name=\"robots\" content=\"index, follow, max-snippet:-1, max-image-preview:large, max-video-preview:-1\" \/>\n<link rel=\"canonical\" href=\"https:\/\/dutchhealthstore.com\/fr\/product\/green-papaya-lime-aha-mask\/\" \/>\n<meta property=\"og:locale\" content=\"fr_FR\" \/>\n<meta property=\"og:type\" content=\"article\" \/>\n<meta property=\"og:title\" content=\"Green Papaya + Lime Mask - Dutch Health Store\" \/>\n<meta property=\"og:description\" content=\"Living Libations Green Papaya + Lime Mask tonifie et exfolie la peau en douceur tout en optimisant son hydratation et en d\u00e9veloppant son \u00e9lasticit\u00e9.\" \/>\n<meta property=\"og:url\" content=\"https:\/\/dutchhealthstore.com\/fr\/product\/green-papaya-lime-aha-mask\/\" \/>\n<meta property=\"og:site_name\" content=\"Dutch Health Store\" \/>\n<meta property=\"article:publisher\" content=\"https:\/\/www.instagram.com\/dutchhealthstore\/\" \/>\n<meta property=\"article:modified_time\" content=\"2025-12-29T18:21:05+00:00\" \/>\n<meta property=\"og:image\" content=\"https:\/\/dutchhealthstore.com\/wp-content\/uploads\/2018\/02\/Green-Papaya-Lime-Mask-Living-Libations.jpg\" \/>\n\t<meta property=\"og:image:width\" content=\"510\" \/>\n\t<meta property=\"og:image:height\" content=\"600\" \/>\n\t<meta property=\"og:image:type\" content=\"image\/jpeg\" \/>\n<meta name=\"twitter:card\" content=\"summary_large_image\" \/>\n<meta name=\"twitter:label1\" content=\"Prix\" \/>\n\t<meta name=\"twitter:data1\" content=\"&euro;63,00\" \/>\n\t<meta name=\"twitter:label2\" content=\"Disponibilit\u00e9\" \/>\n\t<meta name=\"twitter:data2\" content=\"En stock\" \/>\n<script type=\"application\/ld+json\" class=\"yoast-schema-graph\">{\"@context\":\"https:\/\/schema.org\",\"@graph\":[{\"@type\":\"WebPage\",\"@id\":\"https:\/\/dutchhealthstore.com\/fr\/product\/green-papaya-lime-aha-mask\/\",\"url\":\"https:\/\/dutchhealthstore.com\/fr\/product\/green-papaya-lime-aha-mask\/\",\"name\":\"Green Papaya + Lime Mask - Living Libations\",\"isPartOf\":{\"@id\":\"https:\/\/dutchhealthstore.com\/fr\/#website\"},\"primaryImageOfPage\":{\"@id\":\"https:\/\/dutchhealthstore.com\/fr\/product\/green-papaya-lime-aha-mask\/#primaryimage\"},\"image\":{\"@id\":\"https:\/\/dutchhealthstore.com\/fr\/product\/green-papaya-lime-aha-mask\/#primaryimage\"},\"thumbnailUrl\":\"https:\/\/dutchhealthstore.com\/wp-content\/uploads\/2018\/02\/Green-Papaya-Lime-Mask-Living-Libations.jpg\",\"datePublished\":\"2018-02-10T07:21:56+00:00\",\"dateModified\":\"2025-12-29T18:21:05+00:00\",\"description\":\"Living Libations Green Papaya + Lime Mask tonifie et exfolie la peau en douceur tout en optimisant son hydratation et en d\u00e9veloppant son \u00e9lasticit\u00e9.\",\"breadcrumb\":{\"@id\":\"https:\/\/dutchhealthstore.com\/fr\/product\/green-papaya-lime-aha-mask\/#breadcrumb\"},\"inLanguage\":\"fr-FR\",\"potentialAction\":[{\"@type\":\"ReadAction\",\"target\":[\"https:\/\/dutchhealthstore.com\/fr\/product\/green-papaya-lime-aha-mask\/\"]}]},{\"@type\":\"ImageObject\",\"inLanguage\":\"fr-FR\",\"@id\":\"https:\/\/dutchhealthstore.com\/fr\/product\/green-papaya-lime-aha-mask\/#primaryimage\",\"url\":\"https:\/\/dutchhealthstore.com\/wp-content\/uploads\/2018\/02\/Green-Papaya-Lime-Mask-Living-Libations.jpg\",\"contentUrl\":\"https:\/\/dutchhealthstore.com\/wp-content\/uploads\/2018\/02\/Green-Papaya-Lime-Mask-Living-Libations.jpg\",\"width\":510,\"height\":600},{\"@type\":\"BreadcrumbList\",\"@id\":\"https:\/\/dutchhealthstore.com\/fr\/product\/green-papaya-lime-aha-mask\/#breadcrumb\",\"itemListElement\":[{\"@type\":\"ListItem\",\"position\":1,\"name\":\"Home\",\"item\":\"https:\/\/dutchhealthstore.com\/fr\/\"},{\"@type\":\"ListItem\",\"position\":2,\"name\":\"Shop\",\"item\":\"https:\/\/dutchhealthstore.com\/fr\/shop\/\"},{\"@type\":\"ListItem\",\"position\":3,\"name\":\"Green Papaya + Lime Mask\"}]},{\"@type\":\"WebSite\",\"@id\":\"https:\/\/dutchhealthstore.com\/fr\/#website\",\"url\":\"https:\/\/dutchhealthstore.com\/fr\/\",\"name\":\"Dutch Health Store\",\"description\":\"Enhance Your Beauty with Organic &amp; Natural Skincare\",\"publisher\":{\"@id\":\"https:\/\/dutchhealthstore.com\/fr\/#organization\"},\"potentialAction\":[{\"@type\":\"SearchAction\",\"target\":{\"@type\":\"EntryPoint\",\"urlTemplate\":\"https:\/\/dutchhealthstore.com\/fr\/?s={search_term_string}\"},\"query-input\":{\"@type\":\"PropertyValueSpecification\",\"valueRequired\":true,\"valueName\":\"search_term_string\"}}],\"inLanguage\":\"fr-FR\"},{\"@type\":\"Organization\",\"@id\":\"https:\/\/dutchhealthstore.com\/fr\/#organization\",\"name\":\"Dutch Health Store\",\"url\":\"https:\/\/dutchhealthstore.com\/fr\/\",\"logo\":{\"@type\":\"ImageObject\",\"inLanguage\":\"fr-FR\",\"@id\":\"https:\/\/dutchhealthstore.com\/fr\/#\/schema\/logo\/image\/\",\"url\":\"https:\/\/dutchhealthstore.com\/wp-content\/uploads\/2020\/08\/logo-dutchhealthstore-jpg-e1599484957574.jpg\",\"contentUrl\":\"https:\/\/dutchhealthstore.com\/wp-content\/uploads\/2020\/08\/logo-dutchhealthstore-jpg-e1599484957574.jpg\",\"width\":400,\"height\":62,\"caption\":\"Dutch Health Store\"},\"image\":{\"@id\":\"https:\/\/dutchhealthstore.com\/fr\/#\/schema\/logo\/image\/\"},\"sameAs\":[\"https:\/\/www.instagram.com\/dutchhealthstore\/\",\"https:\/\/www.facebook.com\/dutchhealthstore\"]}]}<\/script>\n<meta property=\"product:brand\" content=\"Living Libations\" \/>\n<meta property=\"product:price:amount\" content=\"63.00\" \/>\n<meta property=\"product:price:currency\" content=\"EUR\" \/>\n<meta property=\"og:availability\" content=\"instock\" \/>\n<meta property=\"product:availability\" content=\"instock\" \/>\n<meta property=\"product:condition\" content=\"new\" \/>\n<!-- \/ Yoast SEO Premium plugin. -->","yoast_head_json":{"title":"Green Papaya + Lime Mask - Living Libations","description":"Living Libations Green Papaya + Lime Mask tonifie et exfolie la peau en douceur tout en optimisant son hydratation et en d\u00e9veloppant son \u00e9lasticit\u00e9.","robots":{"index":"index","follow":"follow","max-snippet":"max-snippet:-1","max-image-preview":"max-image-preview:large","max-video-preview":"max-video-preview:-1"},"canonical":"https:\/\/dutchhealthstore.com\/fr\/product\/green-papaya-lime-aha-mask\/","og_locale":"fr_FR","og_type":"article","og_title":"Green Papaya + Lime Mask - Dutch Health Store","og_description":"Living Libations Green Papaya + Lime Mask tonifie et exfolie la peau en douceur tout en optimisant son hydratation et en d\u00e9veloppant son \u00e9lasticit\u00e9.","og_url":"https:\/\/dutchhealthstore.com\/fr\/product\/green-papaya-lime-aha-mask\/","og_site_name":"Dutch Health Store","article_publisher":"https:\/\/www.instagram.com\/dutchhealthstore\/","article_modified_time":"2025-12-29T18:21:05+00:00","og_image":[{"width":510,"height":600,"url":"https:\/\/dutchhealthstore.com\/wp-content\/uploads\/2018\/02\/Green-Papaya-Lime-Mask-Living-Libations.jpg","type":"image\/jpeg"}],"twitter_card":"summary_large_image","twitter_misc":{"Prix":"&euro;63,00","Disponibilit\u00e9":"En stock"},"schema":{"@context":"https:\/\/schema.org","@graph":[{"@type":"WebPage","@id":"https:\/\/dutchhealthstore.com\/fr\/product\/green-papaya-lime-aha-mask\/","url":"https:\/\/dutchhealthstore.com\/fr\/product\/green-papaya-lime-aha-mask\/","name":"Green Papaya + Lime Mask - Living Libations","isPartOf":{"@id":"https:\/\/dutchhealthstore.com\/fr\/#website"},"primaryImageOfPage":{"@id":"https:\/\/dutchhealthstore.com\/fr\/product\/green-papaya-lime-aha-mask\/#primaryimage"},"image":{"@id":"https:\/\/dutchhealthstore.com\/fr\/product\/green-papaya-lime-aha-mask\/#primaryimage"},"thumbnailUrl":"https:\/\/dutchhealthstore.com\/wp-content\/uploads\/2018\/02\/Green-Papaya-Lime-Mask-Living-Libations.jpg","datePublished":"2018-02-10T07:21:56+00:00","dateModified":"2025-12-29T18:21:05+00:00","description":"Living Libations Green Papaya + Lime Mask tonifie et exfolie la peau en douceur tout en optimisant son hydratation et en d\u00e9veloppant son \u00e9lasticit\u00e9.","breadcrumb":{"@id":"https:\/\/dutchhealthstore.com\/fr\/product\/green-papaya-lime-aha-mask\/#breadcrumb"},"inLanguage":"fr-FR","potentialAction":[{"@type":"ReadAction","target":["https:\/\/dutchhealthstore.com\/fr\/product\/green-papaya-lime-aha-mask\/"]}]},{"@type":"ImageObject","inLanguage":"fr-FR","@id":"https:\/\/dutchhealthstore.com\/fr\/product\/green-papaya-lime-aha-mask\/#primaryimage","url":"https:\/\/dutchhealthstore.com\/wp-content\/uploads\/2018\/02\/Green-Papaya-Lime-Mask-Living-Libations.jpg","contentUrl":"https:\/\/dutchhealthstore.com\/wp-content\/uploads\/2018\/02\/Green-Papaya-Lime-Mask-Living-Libations.jpg","width":510,"height":600},{"@type":"BreadcrumbList","@id":"https:\/\/dutchhealthstore.com\/fr\/product\/green-papaya-lime-aha-mask\/#breadcrumb","itemListElement":[{"@type":"ListItem","position":1,"name":"Home","item":"https:\/\/dutchhealthstore.com\/fr\/"},{"@type":"ListItem","position":2,"name":"Shop","item":"https:\/\/dutchhealthstore.com\/fr\/shop\/"},{"@type":"ListItem","position":3,"name":"Green Papaya + Lime Mask"}]},{"@type":"WebSite","@id":"https:\/\/dutchhealthstore.com\/fr\/#website","url":"https:\/\/dutchhealthstore.com\/fr\/","name":"Dutch Health Store","description":"Enhance Your Beauty with Organic &amp; Natural Skincare","publisher":{"@id":"https:\/\/dutchhealthstore.com\/fr\/#organization"},"potentialAction":[{"@type":"SearchAction","target":{"@type":"EntryPoint","urlTemplate":"https:\/\/dutchhealthstore.com\/fr\/?s={search_term_string}"},"query-input":{"@type":"PropertyValueSpecification","valueRequired":true,"valueName":"search_term_string"}}],"inLanguage":"fr-FR"},{"@type":"Organization","@id":"https:\/\/dutchhealthstore.com\/fr\/#organization","name":"Dutch Health Store","url":"https:\/\/dutchhealthstore.com\/fr\/","logo":{"@type":"ImageObject","inLanguage":"fr-FR","@id":"https:\/\/dutchhealthstore.com\/fr\/#\/schema\/logo\/image\/","url":"https:\/\/dutchhealthstore.com\/wp-content\/uploads\/2020\/08\/logo-dutchhealthstore-jpg-e1599484957574.jpg","contentUrl":"https:\/\/dutchhealthstore.com\/wp-content\/uploads\/2020\/08\/logo-dutchhealthstore-jpg-e1599484957574.jpg","width":400,"height":62,"caption":"Dutch Health Store"},"image":{"@id":"https:\/\/dutchhealthstore.com\/fr\/#\/schema\/logo\/image\/"},"sameAs":["https:\/\/www.instagram.com\/dutchhealthstore\/","https:\/\/www.facebook.com\/dutchhealthstore"]}]},"product_brand":"Living Libations","product_price_amount":"63.00","product_price_currency":"EUR","og_availability":"instock","product_availability":"instock","product_condition":"new"},"_links":{"self":[{"href":"https:\/\/dutchhealthstore.com\/fr\/wp-json\/wp\/v2\/product\/107858","targetHints":{"allow":["GET"]}}],"collection":[{"href":"https:\/\/dutchhealthstore.com\/fr\/wp-json\/wp\/v2\/product"}],"about":[{"href":"https:\/\/dutchhealthstore.com\/fr\/wp-json\/wp\/v2\/types\/product"}],"replies":[{"embeddable":true,"href":"https:\/\/dutchhealthstore.com\/fr\/wp-json\/wp\/v2\/comments?post=107858"}],"wp:featuredmedia":[{"embeddable":true,"href":"https:\/\/dutchhealthstore.com\/fr\/wp-json\/wp\/v2\/media\/107859"}],"wp:attachment":[{"href":"https:\/\/dutchhealthstore.com\/fr\/wp-json\/wp\/v2\/media?parent=107858"}],"wp:term":[{"taxonomy":"product_brand","embeddable":true,"href":"https:\/\/dutchhealthstore.com\/fr\/wp-json\/wp\/v2\/product_brand?post=107858"},{"taxonomy":"product_cat","embeddable":true,"href":"https:\/\/dutchhealthstore.com\/fr\/wp-json\/wp\/v2\/product_cat?post=107858"},{"taxonomy":"product_tag","embeddable":true,"href":"https:\/\/dutchhealthstore.com\/fr\/wp-json\/wp\/v2\/product_tag?post=107858"}],"curies":[{"name":"wp","href":"https:\/\/api.w.org\/{rel}","templated":true}]}}