{"id":107749,"date":"2019-05-26T12:04:28","date_gmt":"2019-05-26T12:04:28","guid":{"rendered":"https:\/\/dutchhealthstore.com\/product\/goodnight-oil\/"},"modified":"2026-03-24T14:38:11","modified_gmt":"2026-03-24T13:38:11","slug":"goodnight-oil","status":"publish","type":"product","link":"https:\/\/dutchhealthstore.com\/fr\/product\/goodnight-oil\/","title":{"rendered":"Goodnight Oil"},"content":{"rendered":"<p><img decoding=\"async\" class=\"alignright size-full wp-image-37041\" src=\"https:\/\/dutchhealthstore.com\/wp-content\/uploads\/2018\/04\/Living_Libations-1.png\" alt=\"Organic &amp; Natural Beautyproducts - Living Libations\" width=\"175\" height=\"82\">L&rsquo;huile bonne nuit est fabuleusement formul\u00e9e avec du jojoba pour nourrir, de l&rsquo;huile de figue de barbarie pour hydrater en profondeur, de l&rsquo;huile de ricin pour clarifier, de l&rsquo;encens pour fortifier et de la myrrhe pour humidifier avec sa r\u00e9sine r\u00e9paratrice. Notre huile nuit polyvalente \u00e9limine le maquillage des yeux tout en renfor\u00e7ant la peau, les cils et les sourcils. Apr\u00e8s tout, un bon d\u00e9maquillant doit restaurer et adorer les cils et la peau pendant votre sommeil!<\/p>\n<h3>Comment utiliser<\/h3>\n<p>D\u00e9maquillant pour les yeux. Une ou deux gouttes de <strong>Good<\/strong><strong>night <\/strong><strong>Oil<\/strong> sur un coton biologique humide ou un coton-tige enl\u00e8vera chaque grain de maquillage, nettoiera en profondeur chaque pore et adorera les cils et les sourcils. Une goutte peut \u00e9galement \u00eatre utilis\u00e9e comme fortifiant de nuit pour le traitement de la peau, des cils et des sourcils pour celles qui ne portent pas de maquillage ou n&rsquo;ont pas besoin de se d\u00e9maquiller.<\/p>\n<p><strong>Taille : 15 ml<\/strong><\/p>\n<h3 class=\"yikes-custom-woo-tab-title yikes-custom-woo-tab-title-natural-organic-ingredients\">Ingr\u00e9dients Naturels\/Biologiques<\/h3>\n<p><strong>Jojoba<\/strong> <em>(Simmondsia chinensis)<\/em> &#8211; Le jojoba dor\u00e9 et glorieux nourrit et soigne les peaux assoiff\u00e9es. Le jojoba poss\u00e8de une capacit\u00e9 in\u00e9gal\u00e9e \u00e0 hydrater la peau, \u00e0 \u00e9quilibrer la production de s\u00e9bum, \u00e0 nettoyer les pores en profondeur et \u00e0 cr\u00e9er des effets conditionnants durables qui adoucissent la peau pour en faire une soie parfaite. Elle regorge de peptides, de lipides et contient les plus hauts niveaux de compos\u00e9s ph\u00e9noliques trouv\u00e9s dans la nature, ainsi que des antioxydants et toutes les formes solubles de vitamine E.<\/p>\n<p><strong>Figue de Barbarie<\/strong> <em>(Opuntia Ficus indica)<\/em> &#8211; \u00c9galement connue sous le nom d&rsquo;huile de figue de Barbarie, la figue de Barbarie est une huile de support tr\u00e8s convoit\u00e9e qui provient des profondeurs du d\u00e9sert chaud. Elle est utilis\u00e9e depuis des si\u00e8cles par les peuples du d\u00e9sert pour apaiser la peau dess\u00e9ch\u00e9e, endommag\u00e9e par les vents violents du d\u00e9sert et un soleil impitoyable. La figue de Barbarie est nourrissante, hydratante et fortifiante.<\/p>\n<p><strong> huile ricin<\/strong> <em>(Ricinus communis)<\/em> &#8211; L&rsquo;huile de ricin clarifiante garde les cils et les sourcils propres et sains. Il est aussi couramment utilis\u00e9 pour att\u00e9nuer les rides, les ridules et la peau s\u00e8che.<\/p>\n<p><strong>Encens<\/strong> <em>(Boswellia carterii<\/em> ) &#8211; L&rsquo;encens est la pi\u00e8ce de r\u00e9sistance des soins de la peau! Il d\u00e9tend les rougeurs, raffermit la peau, att\u00e9nue le m\u00e9lasme et hydrate abondamment la peau. Il est \u00e9galement merveilleux pour r\u00e9duire l&rsquo;apparence des cicatrices et des taches de vieillesse.<\/p>\n<p><strong>Myrrhe<\/strong> <em>(Commiphora myrrha)<\/em> &#8211; La magnifique essence de myrrhe contient le m\u00eame ar\u00f4me et les m\u00eames propri\u00e9t\u00e9s b\u00e9n\u00e9fiques qui en ont fait la pr\u00e9f\u00e9r\u00e9e de tant de civilisations anciennes. Les anciens \u00c9gyptiens utilisaient l&rsquo;huile de myrrhe pour embaumer et comme onguent de beaut\u00e9, agent d\u00e9toxifiant et parfum odorant. Il \u00e9tait consid\u00e9r\u00e9 comme sacr\u00e9 \u00e0 l&rsquo;\u00e9poque biblique. Ils oignaient les autels avec cette s\u00e8ve puissante comme l&rsquo;incarnation de la puret\u00e9. La myrrhe est utilis\u00e9e depuis plus de 3800 ans comme une puissante plante de restauration pour les soins de la peau. Avec des niveaux \u00e9lev\u00e9s de sesquiterp\u00e8nes apaisants, la myrrhe est une huile optimale pour r\u00e9duire l&rsquo;apparence des cicatrices, des taches, du m\u00e9lasme et de la peau rouge, s\u00e8che, terne et in\u00e9gale. Cette opulente ol\u00e9or\u00e9sine est magnifique dans les huiles de bain de soleil et glorieuse pour une peau \u00e9clatante.<\/p>\n<p><img fetchpriority=\"high\" decoding=\"async\" class=\"aligncenter size-full wp-image-31577\" src=\"https:\/\/dutchhealthstore.com\/wp-content\/uploads\/2018\/03\/organic_big.png\" alt=\"Organic and Natural - Living Libations\" width=\"623\" height=\"103\" srcset=\"https:\/\/dutchhealthstore.com\/wp-content\/uploads\/2018\/03\/organic_big.png 623w, https:\/\/dutchhealthstore.com\/wp-content\/uploads\/2018\/03\/organic_big-510x84.png 510w, https:\/\/dutchhealthstore.com\/wp-content\/uploads\/2018\/03\/organic_big-600x99.png 600w, https:\/\/dutchhealthstore.com\/wp-content\/uploads\/2018\/03\/organic_big-350x58.png 350w\" sizes=\"(max-width: 623px) 100vw, 623px\" \/><\/p>\n","protected":false},"excerpt":{"rendered":"<p>Enlever, restaurer, et montrer au maquillage la porte!<br \/>\n<strong>Good<\/strong><strong>night<\/strong> <strong>Oil<\/strong> offre les propri\u00e9t\u00e9s nettoyantes d&rsquo;un d\u00e9maquillant et les propri\u00e9t\u00e9s hydratantes d&rsquo;un riche et somptueux traitement de nuit pour la peau et les cils. Nettoyez votre visage avec gr\u00e2ce en obtenant un visage nettoy\u00e9 en profondeur et sans maquillage, sans alcools ni tensioactifs agressifs.<\/p>\n","protected":false},"featured_media":59134,"comment_status":"open","ping_status":"closed","template":"","meta":[],"product_brand":[],"product_cat":[14733,1211,6319,1036,2986,4911,1209,1030,1010,5927,5902,2985],"product_tag":[21525,21534,6034,21779],"class_list":{"0":"post-107749","1":"product","2":"type-product","3":"status-publish","4":"has-post-thumbnail","6":"product_cat-soins-de-la-peau","7":"product_cat-living-libations-france","8":"product_cat-make-up-remover-fr","9":"product_cat-maquillage","10":"product_cat-nettoyants","11":"product_cat-cleansers-fr","12":"product_cat-par-marques","13":"product_cat-par-produits","14":"product_cat-notre-boutique","15":"product_cat-eye-care-fr-3","16":"product_cat-eye-lip-care-fr-2","17":"product_cat-visage-fr","18":"product_tag-detente","19":"product_tag-lesprit","20":"product_tag-oil-fr","21":"product_tag-sommeil","22":"pa_brand-livinglibations-fr","23":"pa_make-up-productype-cheeks-fr","24":"pa_make-up-productype-lips-fr","25":"pa_make-up-productype-eyes-fr","26":"pa_size-15-ml-fr","27":"pa_skincare-type-cleansers-fr","28":"pa_skincare-type-lips-eye-care-fr","30":"first","31":"instock","32":"taxable","33":"shipping-taxable","34":"purchasable","35":"product-type-simple"},"bundled_by":[],"bundle_stock_status":"instock","bundle_stock_quantity":3,"bundle_virtual":false,"bundle_layout":"","bundle_add_to_cart_form_location":"","bundle_editable_in_cart":false,"bundle_sold_individually_context":"","bundle_item_grouping":"","bundle_min_size":"","bundle_max_size":"","bundle_price":[],"bundled_items":[],"bundle_sell_ids":[107695],"atum_controlled":true,"out_stock_date":null,"out_stock_threshold":null,"inheritable":false,"stock_on_hold":0,"sold_today":0,"sales_last_days":0,"out_stock_days":0,"lost_sales":0,"update_date":"2026-04-07T01:46:58","atum_locations":[],"atum_stock_status":"instock","restock_status":false,"low_stock_amount":0,"sales_update_date":"2026-04-07T01:46:58","calc_backorders":null,"group_of_quantity":0,"min_quantity":0,"max_quantity":"","exclude_order_quantity_value_rules":"no","exclude_category_quantity_rules":"no","combine_variations":"no","yoast_head":"<!-- This site is optimized with the Yoast SEO Premium plugin v26.5 (Yoast SEO v26.5) - https:\/\/yoast.com\/wordpress\/plugins\/seo\/ -->\n<title>Goodnight Oil | Living Libations<\/title>\n<meta name=\"description\" content=\"Goodnight Oil offre les propri\u00e9t\u00e9s nettoyantes d&#039;un d\u00e9maquillant et les propri\u00e9t\u00e9s hydratantes d&#039;un riche et somptueux traitement de nuit pour la peau et les cils.\" \/>\n<meta name=\"robots\" content=\"index, follow, max-snippet:-1, max-image-preview:large, max-video-preview:-1\" \/>\n<link rel=\"canonical\" href=\"https:\/\/dutchhealthstore.com\/fr\/product\/goodnight-oil\/\" \/>\n<meta property=\"og:locale\" content=\"fr_FR\" \/>\n<meta property=\"og:type\" content=\"article\" \/>\n<meta property=\"og:title\" content=\"Goodnight Oil - Dutch Health Store\" \/>\n<meta property=\"og:description\" content=\"Goodnight Oil offre les propri\u00e9t\u00e9s nettoyantes d&#039;un d\u00e9maquillant et les propri\u00e9t\u00e9s hydratantes d&#039;un riche et somptueux traitement de nuit pour la peau et les cils.\" \/>\n<meta property=\"og:url\" content=\"https:\/\/dutchhealthstore.com\/fr\/product\/goodnight-oil\/\" \/>\n<meta property=\"og:site_name\" content=\"Dutch Health Store\" \/>\n<meta property=\"article:publisher\" content=\"https:\/\/www.instagram.com\/dutchhealthstore\/\" \/>\n<meta property=\"article:modified_time\" content=\"2026-03-24T13:38:11+00:00\" \/>\n<meta property=\"og:image\" content=\"https:\/\/dutchhealthstore.com\/wp-content\/uploads\/2019\/05\/Goodnight-Oil-Living-Libations.jpg\" \/>\n\t<meta property=\"og:image:width\" content=\"1200\" \/>\n\t<meta property=\"og:image:height\" content=\"1200\" \/>\n\t<meta property=\"og:image:type\" content=\"image\/jpeg\" \/>\n<meta name=\"twitter:card\" content=\"summary_large_image\" \/>\n<meta name=\"twitter:label1\" content=\"Prix\" \/>\n\t<meta name=\"twitter:data1\" content=\"&euro;29,00\" \/>\n\t<meta name=\"twitter:label2\" content=\"Disponibilit\u00e9\" \/>\n\t<meta name=\"twitter:data2\" content=\"En stock\" \/>\n<script type=\"application\/ld+json\" class=\"yoast-schema-graph\">{\"@context\":\"https:\/\/schema.org\",\"@graph\":[{\"@type\":\"WebPage\",\"@id\":\"https:\/\/dutchhealthstore.com\/fr\/product\/goodnight-oil\/\",\"url\":\"https:\/\/dutchhealthstore.com\/fr\/product\/goodnight-oil\/\",\"name\":\"Goodnight Oil | Living Libations\",\"isPartOf\":{\"@id\":\"https:\/\/dutchhealthstore.com\/fr\/#website\"},\"primaryImageOfPage\":{\"@id\":\"https:\/\/dutchhealthstore.com\/fr\/product\/goodnight-oil\/#primaryimage\"},\"image\":{\"@id\":\"https:\/\/dutchhealthstore.com\/fr\/product\/goodnight-oil\/#primaryimage\"},\"thumbnailUrl\":\"https:\/\/dutchhealthstore.com\/wp-content\/uploads\/2019\/05\/Goodnight-Oil-Living-Libations.jpg\",\"datePublished\":\"2019-05-26T12:04:28+00:00\",\"dateModified\":\"2026-03-24T13:38:11+00:00\",\"description\":\"Goodnight Oil offre les propri\u00e9t\u00e9s nettoyantes d'un d\u00e9maquillant et les propri\u00e9t\u00e9s hydratantes d'un riche et somptueux traitement de nuit pour la peau et les cils.\",\"breadcrumb\":{\"@id\":\"https:\/\/dutchhealthstore.com\/fr\/product\/goodnight-oil\/#breadcrumb\"},\"inLanguage\":\"fr-FR\",\"potentialAction\":[{\"@type\":\"ReadAction\",\"target\":[\"https:\/\/dutchhealthstore.com\/fr\/product\/goodnight-oil\/\"]}]},{\"@type\":\"ImageObject\",\"inLanguage\":\"fr-FR\",\"@id\":\"https:\/\/dutchhealthstore.com\/fr\/product\/goodnight-oil\/#primaryimage\",\"url\":\"https:\/\/dutchhealthstore.com\/wp-content\/uploads\/2019\/05\/Goodnight-Oil-Living-Libations.jpg\",\"contentUrl\":\"https:\/\/dutchhealthstore.com\/wp-content\/uploads\/2019\/05\/Goodnight-Oil-Living-Libations.jpg\",\"width\":1200,\"height\":1200},{\"@type\":\"BreadcrumbList\",\"@id\":\"https:\/\/dutchhealthstore.com\/fr\/product\/goodnight-oil\/#breadcrumb\",\"itemListElement\":[{\"@type\":\"ListItem\",\"position\":1,\"name\":\"Home\",\"item\":\"https:\/\/dutchhealthstore.com\/fr\/\"},{\"@type\":\"ListItem\",\"position\":2,\"name\":\"Shop\",\"item\":\"https:\/\/dutchhealthstore.com\/fr\/shop\/\"},{\"@type\":\"ListItem\",\"position\":3,\"name\":\"Goodnight Oil\"}]},{\"@type\":\"WebSite\",\"@id\":\"https:\/\/dutchhealthstore.com\/fr\/#website\",\"url\":\"https:\/\/dutchhealthstore.com\/fr\/\",\"name\":\"Dutch Health Store\",\"description\":\"Enhance Your Beauty with Organic &amp; Natural Skincare\",\"publisher\":{\"@id\":\"https:\/\/dutchhealthstore.com\/fr\/#organization\"},\"potentialAction\":[{\"@type\":\"SearchAction\",\"target\":{\"@type\":\"EntryPoint\",\"urlTemplate\":\"https:\/\/dutchhealthstore.com\/fr\/?s={search_term_string}\"},\"query-input\":{\"@type\":\"PropertyValueSpecification\",\"valueRequired\":true,\"valueName\":\"search_term_string\"}}],\"inLanguage\":\"fr-FR\"},{\"@type\":\"Organization\",\"@id\":\"https:\/\/dutchhealthstore.com\/fr\/#organization\",\"name\":\"Dutch Health Store\",\"url\":\"https:\/\/dutchhealthstore.com\/fr\/\",\"logo\":{\"@type\":\"ImageObject\",\"inLanguage\":\"fr-FR\",\"@id\":\"https:\/\/dutchhealthstore.com\/fr\/#\/schema\/logo\/image\/\",\"url\":\"https:\/\/dutchhealthstore.com\/wp-content\/uploads\/2020\/08\/logo-dutchhealthstore-jpg-e1599484957574.jpg\",\"contentUrl\":\"https:\/\/dutchhealthstore.com\/wp-content\/uploads\/2020\/08\/logo-dutchhealthstore-jpg-e1599484957574.jpg\",\"width\":400,\"height\":62,\"caption\":\"Dutch Health Store\"},\"image\":{\"@id\":\"https:\/\/dutchhealthstore.com\/fr\/#\/schema\/logo\/image\/\"},\"sameAs\":[\"https:\/\/www.instagram.com\/dutchhealthstore\/\",\"https:\/\/www.facebook.com\/dutchhealthstore\"]}]}<\/script>\n<meta property=\"product:brand\" content=\"Living Libations\" \/>\n<meta property=\"product:price:amount\" content=\"29.00\" \/>\n<meta property=\"product:price:currency\" content=\"EUR\" \/>\n<meta property=\"og:availability\" content=\"instock\" \/>\n<meta property=\"product:availability\" content=\"instock\" \/>\n<meta property=\"product:condition\" content=\"new\" \/>\n<!-- \/ Yoast SEO Premium plugin. -->","yoast_head_json":{"title":"Goodnight Oil | Living Libations","description":"Goodnight Oil offre les propri\u00e9t\u00e9s nettoyantes d'un d\u00e9maquillant et les propri\u00e9t\u00e9s hydratantes d'un riche et somptueux traitement de nuit pour la peau et les cils.","robots":{"index":"index","follow":"follow","max-snippet":"max-snippet:-1","max-image-preview":"max-image-preview:large","max-video-preview":"max-video-preview:-1"},"canonical":"https:\/\/dutchhealthstore.com\/fr\/product\/goodnight-oil\/","og_locale":"fr_FR","og_type":"article","og_title":"Goodnight Oil - Dutch Health Store","og_description":"Goodnight Oil offre les propri\u00e9t\u00e9s nettoyantes d'un d\u00e9maquillant et les propri\u00e9t\u00e9s hydratantes d'un riche et somptueux traitement de nuit pour la peau et les cils.","og_url":"https:\/\/dutchhealthstore.com\/fr\/product\/goodnight-oil\/","og_site_name":"Dutch Health Store","article_publisher":"https:\/\/www.instagram.com\/dutchhealthstore\/","article_modified_time":"2026-03-24T13:38:11+00:00","og_image":[{"width":1200,"height":1200,"url":"https:\/\/dutchhealthstore.com\/wp-content\/uploads\/2019\/05\/Goodnight-Oil-Living-Libations.jpg","type":"image\/jpeg"}],"twitter_card":"summary_large_image","twitter_misc":{"Prix":"&euro;29,00","Disponibilit\u00e9":"En stock"},"schema":{"@context":"https:\/\/schema.org","@graph":[{"@type":"WebPage","@id":"https:\/\/dutchhealthstore.com\/fr\/product\/goodnight-oil\/","url":"https:\/\/dutchhealthstore.com\/fr\/product\/goodnight-oil\/","name":"Goodnight Oil | Living Libations","isPartOf":{"@id":"https:\/\/dutchhealthstore.com\/fr\/#website"},"primaryImageOfPage":{"@id":"https:\/\/dutchhealthstore.com\/fr\/product\/goodnight-oil\/#primaryimage"},"image":{"@id":"https:\/\/dutchhealthstore.com\/fr\/product\/goodnight-oil\/#primaryimage"},"thumbnailUrl":"https:\/\/dutchhealthstore.com\/wp-content\/uploads\/2019\/05\/Goodnight-Oil-Living-Libations.jpg","datePublished":"2019-05-26T12:04:28+00:00","dateModified":"2026-03-24T13:38:11+00:00","description":"Goodnight Oil offre les propri\u00e9t\u00e9s nettoyantes d'un d\u00e9maquillant et les propri\u00e9t\u00e9s hydratantes d'un riche et somptueux traitement de nuit pour la peau et les cils.","breadcrumb":{"@id":"https:\/\/dutchhealthstore.com\/fr\/product\/goodnight-oil\/#breadcrumb"},"inLanguage":"fr-FR","potentialAction":[{"@type":"ReadAction","target":["https:\/\/dutchhealthstore.com\/fr\/product\/goodnight-oil\/"]}]},{"@type":"ImageObject","inLanguage":"fr-FR","@id":"https:\/\/dutchhealthstore.com\/fr\/product\/goodnight-oil\/#primaryimage","url":"https:\/\/dutchhealthstore.com\/wp-content\/uploads\/2019\/05\/Goodnight-Oil-Living-Libations.jpg","contentUrl":"https:\/\/dutchhealthstore.com\/wp-content\/uploads\/2019\/05\/Goodnight-Oil-Living-Libations.jpg","width":1200,"height":1200},{"@type":"BreadcrumbList","@id":"https:\/\/dutchhealthstore.com\/fr\/product\/goodnight-oil\/#breadcrumb","itemListElement":[{"@type":"ListItem","position":1,"name":"Home","item":"https:\/\/dutchhealthstore.com\/fr\/"},{"@type":"ListItem","position":2,"name":"Shop","item":"https:\/\/dutchhealthstore.com\/fr\/shop\/"},{"@type":"ListItem","position":3,"name":"Goodnight Oil"}]},{"@type":"WebSite","@id":"https:\/\/dutchhealthstore.com\/fr\/#website","url":"https:\/\/dutchhealthstore.com\/fr\/","name":"Dutch Health Store","description":"Enhance Your Beauty with Organic &amp; Natural Skincare","publisher":{"@id":"https:\/\/dutchhealthstore.com\/fr\/#organization"},"potentialAction":[{"@type":"SearchAction","target":{"@type":"EntryPoint","urlTemplate":"https:\/\/dutchhealthstore.com\/fr\/?s={search_term_string}"},"query-input":{"@type":"PropertyValueSpecification","valueRequired":true,"valueName":"search_term_string"}}],"inLanguage":"fr-FR"},{"@type":"Organization","@id":"https:\/\/dutchhealthstore.com\/fr\/#organization","name":"Dutch Health Store","url":"https:\/\/dutchhealthstore.com\/fr\/","logo":{"@type":"ImageObject","inLanguage":"fr-FR","@id":"https:\/\/dutchhealthstore.com\/fr\/#\/schema\/logo\/image\/","url":"https:\/\/dutchhealthstore.com\/wp-content\/uploads\/2020\/08\/logo-dutchhealthstore-jpg-e1599484957574.jpg","contentUrl":"https:\/\/dutchhealthstore.com\/wp-content\/uploads\/2020\/08\/logo-dutchhealthstore-jpg-e1599484957574.jpg","width":400,"height":62,"caption":"Dutch Health Store"},"image":{"@id":"https:\/\/dutchhealthstore.com\/fr\/#\/schema\/logo\/image\/"},"sameAs":["https:\/\/www.instagram.com\/dutchhealthstore\/","https:\/\/www.facebook.com\/dutchhealthstore"]}]},"product_brand":"Living Libations","product_price_amount":"29.00","product_price_currency":"EUR","og_availability":"instock","product_availability":"instock","product_condition":"new"},"_links":{"self":[{"href":"https:\/\/dutchhealthstore.com\/fr\/wp-json\/wp\/v2\/product\/107749","targetHints":{"allow":["GET"]}}],"collection":[{"href":"https:\/\/dutchhealthstore.com\/fr\/wp-json\/wp\/v2\/product"}],"about":[{"href":"https:\/\/dutchhealthstore.com\/fr\/wp-json\/wp\/v2\/types\/product"}],"replies":[{"embeddable":true,"href":"https:\/\/dutchhealthstore.com\/fr\/wp-json\/wp\/v2\/comments?post=107749"}],"wp:featuredmedia":[{"embeddable":true,"href":"https:\/\/dutchhealthstore.com\/fr\/wp-json\/wp\/v2\/media\/59134"}],"wp:attachment":[{"href":"https:\/\/dutchhealthstore.com\/fr\/wp-json\/wp\/v2\/media?parent=107749"}],"wp:term":[{"taxonomy":"product_brand","embeddable":true,"href":"https:\/\/dutchhealthstore.com\/fr\/wp-json\/wp\/v2\/product_brand?post=107749"},{"taxonomy":"product_cat","embeddable":true,"href":"https:\/\/dutchhealthstore.com\/fr\/wp-json\/wp\/v2\/product_cat?post=107749"},{"taxonomy":"product_tag","embeddable":true,"href":"https:\/\/dutchhealthstore.com\/fr\/wp-json\/wp\/v2\/product_tag?post=107749"}],"curies":[{"name":"wp","href":"https:\/\/api.w.org\/{rel}","templated":true}]}}