{"id":107730,"date":"2018-02-10T19:26:49","date_gmt":"2018-02-10T19:26:49","guid":{"rendered":"https:\/\/dutchhealthstore.com\/product\/rose-glow-complexion-mist\/"},"modified":"2026-01-20T14:08:01","modified_gmt":"2026-01-20T13:08:01","slug":"rose-glow-complexion-mist","status":"publish","type":"product","link":"https:\/\/dutchhealthstore.com\/fr\/product\/rose-glow-complexion-mist\/","title":{"rendered":"Rose Glow Complexion Mist"},"content":{"rendered":"<p><img decoding=\"async\" class=\"size-full wp-image-37041 alignright\" src=\"https:\/\/dutchhealthstore.com\/wp-content\/uploads\/2018\/04\/Living_Libations-1.png\" alt=\"Organic &amp; Natural Beautyproducts - Living Libations\" width=\"175\" height=\"82\">La brume pour le teint <strong>Rose Glow Complexion Mist<\/strong> de Living Libations pr\u00e9pare les pores \u00e0 recevoir l&rsquo;hydratation dont ils ont besoin.<br \/>\nL&rsquo;hydrolat de centaines de p\u00e9tales de rose r\u00e9sistants danse dans une fontaine de ros\u00e9e qui r\u00e9veille et renouvelle la peau et l&rsquo;esprit.<\/p>\n<h3>Comment utiliser<\/h3>\n<p>Apr\u00e8s avoir lav\u00e9 votre visage avec un Best Skin Ever, vaporisez doucement la brume de teint Rose Glow sur votre visage. Faites suivre de la gr\u00e2ce de Rose Glow Cr\u00e8me, Royal Rose ou Rose Glow Serums. D\u00e9licieux apr\u00e8s-rasage ou comme d\u00e9maquillant doux.<\/p>\n<h3 class=\"yikes-custom-woo-tab-title yikes-custom-woo-tab-title-natural-organic-ingredients\">Natural\/Organic Ingredients<\/h3>\n<p><strong>Hydrosol de rose <\/strong><em>(Rosa damascena) &#8211; <\/em>L&rsquo;hydrosol r\u00e9silient pr\u00e9pare les pores \u00e0 recevoir l&rsquo;hydratation dont ils raffolent. L&rsquo;hydrolat de rose, \u00e9galement appel\u00e9 eau de rose, est extrait de la premi\u00e8re s\u00e9rie de p\u00e9tales de rose de Rosa damascena distill\u00e9s \u00e0 la vapeur lors de la production de l&rsquo;huile essentielle de Rose Otto. Le meilleur hydrolat de rose provient de la distillation primaire et ne contient jamais, au grand jamais, d&rsquo;eau ou d&rsquo;alcool suppl\u00e9mentaire. Comme les p\u00e9tales de rose dansent dans une fontaine de ros\u00e9e pendant la distillation, les composants micro-solubles de l&rsquo;huile essentielle conf\u00e8rent \u00e0 l&rsquo;hydrolat le souvenir des roses tout en lib\u00e9rant des composants hydrosolubles b\u00e9n\u00e9fiques pour un soin sublime de la peau. L&rsquo;hydrolat de rose est un tonique doux et agit comme un humectant hydratant qui remonte le moral et apaise la peau assoiff\u00e9e. Un seul pschitt infuse votre peau de la beaut\u00e9 profonde de cette eau sp\u00e9ciale qui a \u00e9t\u00e9 pris\u00e9e \u00e0 travers les mill\u00e9naires.<\/p>\n<p><strong>Rose Otto <\/strong><em>(Rosa damascena) &#8211; <\/em>La rose Otto est apaisante pour le c\u0153ur et lissante pour les rides. C&rsquo;est un alli\u00e9 cl\u00e9 du rajeunissement de la peau qui invite \u00e0 l&rsquo;\u00e9quilibre et \u00e0 la gu\u00e9rison dans toutes les conditions de la peau. Rose Otto est un d\u00e9licieux parfum floral qui harmonise l&rsquo;esprit. La Rose Otto, la plus m\u00e9dicinale des roses, est utilis\u00e9e pour la gu\u00e9rison, les soins de la peau et les comestibles. C&rsquo;est une essence \u00e9l\u00e9gante et pr\u00e9cieuse. Il faut soixante roses pour obtenir une goutte d&rsquo;huile essentielle de Rose Otto! La Rose Otto est de couleur jaune clair et peut se solidifier \u00e0 des temp\u00e9ratures plus froides en raison de la teneur en cires florales de l&rsquo;huile. L&rsquo;un des extraits les plus appr\u00e9ci\u00e9s sur le plan m\u00e9dicinal, la rose otto apporte \u00e0 la peau r\u00e9silience et \u00e9lasticit\u00e9. C&rsquo;est un vuln\u00e9raire, qui acc\u00e9l\u00e8re la gu\u00e9rison des tissus gr\u00e2ce \u00e0 ses puissantes propri\u00e9t\u00e9s antiseptiques. Merveilleux tonique g\u00e9n\u00e9ral, il est apaisant pour tous les types de peau et favorise le rajeunissement des tissus conjonctifs.<\/p>\n<p><strong>Immortelle <\/strong><em>(Helichrysum italicum)<\/em> &#8211; Everlasting Immortelle est stellaire et brille de mille feux pour tous les types de soins de la peau. Cette huile florale parfum\u00e9e est fabriqu\u00e9e de mani\u00e8re sauvage sur l&rsquo;\u00eele de Corse, o\u00f9 les fleurs prosp\u00e8rent gr\u00e2ce aux brises de l&rsquo;oc\u00e9an et au soleil. Les fleurs poussent \u00e0 une altitude de 4 000 feet sur les falaises rocheuses de la campagne. L&rsquo;immortelle aide \u00e0 att\u00e9nuer l&rsquo;apparence des cicatrices, des taches, du m\u00e9lasme, des rougeurs et des ridules. Ce bijou d&rsquo;huile aux multiples facettes est \u00e9galement stimulant sur le plan \u00e9motionnel.<\/p>\n<p><strong>Lavande <\/strong><em>(<\/em><em>Lavandula angustifolia)<\/em> <strong>&#8211;<\/strong> Languide La lavande est r\u00e9put\u00e9e pour sa capacit\u00e9 \u00e0 apaiser le corps et l&rsquo;esprit. Ce tonique pour la peau, \u00e0 la fois doux et puissant, est parfait pour att\u00e9nuer l&rsquo;apparence des cicatrices, des taches, du m\u00e9lasme et des in\u00e9galit\u00e9s du teint. La lavande est une berceuse pour l&rsquo;esprit et la peau.<\/p>\n<p><strong>Bois de santal<\/strong> <em>(Santalum album) &#8211;<\/em> Notre essence de bois de santal, r\u00e9colt\u00e9e de mani\u00e8re \u00e9thique et au parfum divin, est distill\u00e9e \u00e0 partir du c\u0153ur de l&rsquo;arbre aromatique. Elle est aussi couramment utilis\u00e9e pour apaiser les peaux chaudes, rougies et s\u00e8ches. Peut \u00eatre oint comme parfum, huile corporelle, traitement des cheveux et tonique pour l&rsquo;acn\u00e9. Cette huile sereine contient de l&rsquo;alpha-santol et du b\u00eata-santol, ce qui fait du bois de santal un s\u00e9rum in\u00e9branlable pour tonifier, r\u00e9guler et hydrater la peau.<\/p>\n<p><strong>Graines de carotte<\/strong> <em>(Daucus Carota)<\/em> &#8211; La dentelle de la Reine Anne illumine la peau et le visage. Il stimule la cicatrisation et r\u00e9g\u00e9n\u00e8re la peau en apportant un \u00e9quilibre aux peaux grasses et s\u00e8ches. Son ar\u00f4me l\u00e9g\u00e8rement sucr\u00e9 et bois\u00e9 est inspirant.<\/p>\n<p><img fetchpriority=\"high\" decoding=\"async\" class=\"size-full wp-image-31577 aligncenter\" src=\"https:\/\/dutchhealthstore.com\/wp-content\/uploads\/2018\/03\/organic_big.png\" alt=\"Organic and Natural - Living Libations\" width=\"623\" height=\"103\" srcset=\"https:\/\/dutchhealthstore.com\/wp-content\/uploads\/2018\/03\/organic_big.png 623w, https:\/\/dutchhealthstore.com\/wp-content\/uploads\/2018\/03\/organic_big-510x84.png 510w, https:\/\/dutchhealthstore.com\/wp-content\/uploads\/2018\/03\/organic_big-600x99.png 600w, https:\/\/dutchhealthstore.com\/wp-content\/uploads\/2018\/03\/organic_big-350x58.png 350w\" sizes=\"(max-width: 623px) 100vw, 623px\" \/><\/p>\n","protected":false},"excerpt":{"rendered":"<p>La brume pour le teint Rose <strong>Glow Complexion Mist<\/strong> de Living Libations pr\u00e9pare les pores \u00e0 recevoir l&rsquo;hydratation dont ils ont besoin.<br \/>\nL&rsquo;hydrolat de centaines de p\u00e9tales de rose r\u00e9sistants danse dans une fontaine de ros\u00e9e qui r\u00e9veille et renouvelle la peau et l&rsquo;esprit.<br \/>\nVaporisez-la sur votre visage fra\u00eechement nettoy\u00e9 et au cours de la journ\u00e9e pour le raviver, ainsi que pendant les vols pour r\u00e9g\u00e9n\u00e9rer et hydrater votre peau.<\/p>\n","protected":false},"featured_media":257586,"comment_status":"open","ping_status":"closed","template":"","meta":[],"product_brand":[],"product_cat":[14733,1211,1209,1030,5107,5627,5119,5121,1229,1010,2985,5672,5675,5122,4494],"product_tag":[6314],"class_list":{"0":"post-107730","1":"product","2":"type-product","3":"status-publish","4":"has-post-thumbnail","6":"product_cat-soins-de-la-peau","7":"product_cat-living-libations-france","8":"product_cat-par-marques","9":"product_cat-par-produits","10":"product_cat-by-skin-type-fr-4","11":"product_cat-normal-or-combination-skin-fr-2","12":"product_cat-dry-mature-ageing-skin-fr-5","13":"product_cat-dry-mature-ageing-skin-fr-2","14":"product_cat-sensitive-skin-redness-fr","15":"product_cat-notre-boutique","16":"product_cat-visage-fr","17":"product_cat-toners-fr-5","18":"product_cat-toners-fr-2","19":"product_cat-toners-fr-4","20":"product_cat-toners-fr-3","21":"product_tag-glow-fr","22":"pa_bestsellers-goed-fr","23":"pa_brand-livinglibations-fr","24":"pa_gtin-7439657347320-fr","25":"pa_size-25-ml-fr","26":"pa_size-30-ml-fr","27":"pa_size-50-ml-fr","28":"pa_skincare-type-toners-fr","29":"pa_skintype-normal-combination-skin-fr","30":"pa_skintype-dry-mature-ageing-skin-fr","31":"pa_skintype-sensitive-skin-redness-fr","33":"first","34":"instock","35":"taxable","36":"shipping-taxable","37":"purchasable","38":"product-type-variable"},"bundled_by":[],"bundle_stock_status":"instock","bundle_stock_quantity":null,"bundle_virtual":false,"bundle_layout":"","bundle_add_to_cart_form_location":"","bundle_editable_in_cart":false,"bundle_sold_individually_context":"","bundle_item_grouping":"","bundle_min_size":"","bundle_max_size":"","bundle_price":[],"bundled_items":[],"bundle_sell_ids":[323519],"atum_controlled":true,"out_stock_date":null,"out_stock_threshold":null,"inheritable":true,"stock_on_hold":3,"sold_today":1,"sales_last_days":2,"out_stock_days":0,"lost_sales":0,"update_date":"2026-04-11T15:33:08","atum_locations":[],"atum_stock_status":"instock","restock_status":false,"low_stock_amount":"","sales_update_date":"2026-04-09T11:36:43","calc_backorders":null,"group_of_quantity":0,"min_quantity":0,"max_quantity":"","exclude_order_quantity_value_rules":"no","exclude_category_quantity_rules":"no","combine_variations":"no","yoast_head":"<!-- This site is optimized with the Yoast SEO Premium plugin v26.5 (Yoast SEO v26.5) - https:\/\/yoast.com\/wordpress\/plugins\/seo\/ -->\n<title>Rose Glow Complexion Mist | Living Libations<\/title>\n<meta name=\"description\" content=\"Rose Glow Complexion Mist est excellente pour rafra\u00eechir la peau et l&#039;esprit pendant les voyages.\" \/>\n<meta name=\"robots\" content=\"index, follow, max-snippet:-1, max-image-preview:large, max-video-preview:-1\" \/>\n<link rel=\"canonical\" href=\"https:\/\/dutchhealthstore.com\/fr\/product\/rose-glow-complexion-mist\/\" \/>\n<meta property=\"og:locale\" content=\"fr_FR\" \/>\n<meta property=\"og:type\" content=\"article\" \/>\n<meta property=\"og:title\" content=\"Rose Glow Complexion Mist - Dutch Health Store\" \/>\n<meta property=\"og:description\" content=\"Rose Glow Complexion Mist est excellente pour rafra\u00eechir la peau et l&#039;esprit pendant les voyages.\" \/>\n<meta property=\"og:url\" content=\"https:\/\/dutchhealthstore.com\/fr\/product\/rose-glow-complexion-mist\/\" \/>\n<meta property=\"og:site_name\" content=\"Dutch Health Store\" \/>\n<meta property=\"article:publisher\" content=\"https:\/\/www.instagram.com\/dutchhealthstore\/\" \/>\n<meta property=\"article:modified_time\" content=\"2026-01-20T13:08:01+00:00\" \/>\n<meta property=\"og:image\" content=\"https:\/\/dutchhealthstore.com\/wp-content\/uploads\/2018\/02\/LLroseglowcomplexionmist50ml.jpg\" \/>\n\t<meta property=\"og:image:width\" content=\"510\" \/>\n\t<meta property=\"og:image:height\" content=\"510\" \/>\n\t<meta property=\"og:image:type\" content=\"image\/jpeg\" \/>\n<meta name=\"twitter:card\" content=\"summary_large_image\" \/>\n<meta name=\"twitter:label1\" content=\"Disponibilit\u00e9\" \/>\n\t<meta name=\"twitter:data1\" content=\"En stock\" \/>\n<script type=\"application\/ld+json\" class=\"yoast-schema-graph\">{\"@context\":\"https:\/\/schema.org\",\"@graph\":[{\"@type\":\"WebPage\",\"@id\":\"https:\/\/dutchhealthstore.com\/fr\/product\/rose-glow-complexion-mist\/\",\"url\":\"https:\/\/dutchhealthstore.com\/fr\/product\/rose-glow-complexion-mist\/\",\"name\":\"Rose Glow Complexion Mist | Living Libations\",\"isPartOf\":{\"@id\":\"https:\/\/dutchhealthstore.com\/fr\/#website\"},\"primaryImageOfPage\":{\"@id\":\"https:\/\/dutchhealthstore.com\/fr\/product\/rose-glow-complexion-mist\/#primaryimage\"},\"image\":{\"@id\":\"https:\/\/dutchhealthstore.com\/fr\/product\/rose-glow-complexion-mist\/#primaryimage\"},\"thumbnailUrl\":\"https:\/\/dutchhealthstore.com\/wp-content\/uploads\/2018\/02\/LLroseglowcomplexionmist50ml.jpg\",\"datePublished\":\"2018-02-10T19:26:49+00:00\",\"dateModified\":\"2026-01-20T13:08:01+00:00\",\"description\":\"Rose Glow Complexion Mist est excellente pour rafra\u00eechir la peau et l'esprit pendant les voyages.\",\"breadcrumb\":{\"@id\":\"https:\/\/dutchhealthstore.com\/fr\/product\/rose-glow-complexion-mist\/#breadcrumb\"},\"inLanguage\":\"fr-FR\",\"potentialAction\":[{\"@type\":\"ReadAction\",\"target\":[\"https:\/\/dutchhealthstore.com\/fr\/product\/rose-glow-complexion-mist\/\"]}]},{\"@type\":\"ImageObject\",\"inLanguage\":\"fr-FR\",\"@id\":\"https:\/\/dutchhealthstore.com\/fr\/product\/rose-glow-complexion-mist\/#primaryimage\",\"url\":\"https:\/\/dutchhealthstore.com\/wp-content\/uploads\/2018\/02\/LLroseglowcomplexionmist50ml.jpg\",\"contentUrl\":\"https:\/\/dutchhealthstore.com\/wp-content\/uploads\/2018\/02\/LLroseglowcomplexionmist50ml.jpg\",\"width\":510,\"height\":510,\"caption\":\"LLroseglowcomplexionmist50ml\"},{\"@type\":\"BreadcrumbList\",\"@id\":\"https:\/\/dutchhealthstore.com\/fr\/product\/rose-glow-complexion-mist\/#breadcrumb\",\"itemListElement\":[{\"@type\":\"ListItem\",\"position\":1,\"name\":\"Home\",\"item\":\"https:\/\/dutchhealthstore.com\/fr\/\"},{\"@type\":\"ListItem\",\"position\":2,\"name\":\"Shop\",\"item\":\"https:\/\/dutchhealthstore.com\/fr\/shop\/\"},{\"@type\":\"ListItem\",\"position\":3,\"name\":\"Rose Glow Complexion Mist\"}]},{\"@type\":\"WebSite\",\"@id\":\"https:\/\/dutchhealthstore.com\/fr\/#website\",\"url\":\"https:\/\/dutchhealthstore.com\/fr\/\",\"name\":\"Dutch Health Store\",\"description\":\"Enhance Your Beauty with Organic &amp; Natural Skincare\",\"publisher\":{\"@id\":\"https:\/\/dutchhealthstore.com\/fr\/#organization\"},\"potentialAction\":[{\"@type\":\"SearchAction\",\"target\":{\"@type\":\"EntryPoint\",\"urlTemplate\":\"https:\/\/dutchhealthstore.com\/fr\/?s={search_term_string}\"},\"query-input\":{\"@type\":\"PropertyValueSpecification\",\"valueRequired\":true,\"valueName\":\"search_term_string\"}}],\"inLanguage\":\"fr-FR\"},{\"@type\":\"Organization\",\"@id\":\"https:\/\/dutchhealthstore.com\/fr\/#organization\",\"name\":\"Dutch Health Store\",\"url\":\"https:\/\/dutchhealthstore.com\/fr\/\",\"logo\":{\"@type\":\"ImageObject\",\"inLanguage\":\"fr-FR\",\"@id\":\"https:\/\/dutchhealthstore.com\/fr\/#\/schema\/logo\/image\/\",\"url\":\"https:\/\/dutchhealthstore.com\/wp-content\/uploads\/2020\/08\/logo-dutchhealthstore-jpg-e1599484957574.jpg\",\"contentUrl\":\"https:\/\/dutchhealthstore.com\/wp-content\/uploads\/2020\/08\/logo-dutchhealthstore-jpg-e1599484957574.jpg\",\"width\":400,\"height\":62,\"caption\":\"Dutch Health Store\"},\"image\":{\"@id\":\"https:\/\/dutchhealthstore.com\/fr\/#\/schema\/logo\/image\/\"},\"sameAs\":[\"https:\/\/www.instagram.com\/dutchhealthstore\/\",\"https:\/\/www.facebook.com\/dutchhealthstore\"]}]}<\/script>\n<meta property=\"product:brand\" content=\"Living Libations\" \/>\n<meta property=\"og:availability\" content=\"instock\" \/>\n<meta property=\"product:availability\" content=\"instock\" \/>\n<meta property=\"product:condition\" content=\"new\" \/>\n<!-- \/ Yoast SEO Premium plugin. -->","yoast_head_json":{"title":"Rose Glow Complexion Mist | Living Libations","description":"Rose Glow Complexion Mist est excellente pour rafra\u00eechir la peau et l'esprit pendant les voyages.","robots":{"index":"index","follow":"follow","max-snippet":"max-snippet:-1","max-image-preview":"max-image-preview:large","max-video-preview":"max-video-preview:-1"},"canonical":"https:\/\/dutchhealthstore.com\/fr\/product\/rose-glow-complexion-mist\/","og_locale":"fr_FR","og_type":"article","og_title":"Rose Glow Complexion Mist - Dutch Health Store","og_description":"Rose Glow Complexion Mist est excellente pour rafra\u00eechir la peau et l'esprit pendant les voyages.","og_url":"https:\/\/dutchhealthstore.com\/fr\/product\/rose-glow-complexion-mist\/","og_site_name":"Dutch Health Store","article_publisher":"https:\/\/www.instagram.com\/dutchhealthstore\/","article_modified_time":"2026-01-20T13:08:01+00:00","og_image":[{"width":510,"height":510,"url":"https:\/\/dutchhealthstore.com\/wp-content\/uploads\/2018\/02\/LLroseglowcomplexionmist50ml.jpg","type":"image\/jpeg"}],"twitter_card":"summary_large_image","twitter_misc":{"Disponibilit\u00e9":"En stock"},"schema":{"@context":"https:\/\/schema.org","@graph":[{"@type":"WebPage","@id":"https:\/\/dutchhealthstore.com\/fr\/product\/rose-glow-complexion-mist\/","url":"https:\/\/dutchhealthstore.com\/fr\/product\/rose-glow-complexion-mist\/","name":"Rose Glow Complexion Mist | Living Libations","isPartOf":{"@id":"https:\/\/dutchhealthstore.com\/fr\/#website"},"primaryImageOfPage":{"@id":"https:\/\/dutchhealthstore.com\/fr\/product\/rose-glow-complexion-mist\/#primaryimage"},"image":{"@id":"https:\/\/dutchhealthstore.com\/fr\/product\/rose-glow-complexion-mist\/#primaryimage"},"thumbnailUrl":"https:\/\/dutchhealthstore.com\/wp-content\/uploads\/2018\/02\/LLroseglowcomplexionmist50ml.jpg","datePublished":"2018-02-10T19:26:49+00:00","dateModified":"2026-01-20T13:08:01+00:00","description":"Rose Glow Complexion Mist est excellente pour rafra\u00eechir la peau et l'esprit pendant les voyages.","breadcrumb":{"@id":"https:\/\/dutchhealthstore.com\/fr\/product\/rose-glow-complexion-mist\/#breadcrumb"},"inLanguage":"fr-FR","potentialAction":[{"@type":"ReadAction","target":["https:\/\/dutchhealthstore.com\/fr\/product\/rose-glow-complexion-mist\/"]}]},{"@type":"ImageObject","inLanguage":"fr-FR","@id":"https:\/\/dutchhealthstore.com\/fr\/product\/rose-glow-complexion-mist\/#primaryimage","url":"https:\/\/dutchhealthstore.com\/wp-content\/uploads\/2018\/02\/LLroseglowcomplexionmist50ml.jpg","contentUrl":"https:\/\/dutchhealthstore.com\/wp-content\/uploads\/2018\/02\/LLroseglowcomplexionmist50ml.jpg","width":510,"height":510,"caption":"LLroseglowcomplexionmist50ml"},{"@type":"BreadcrumbList","@id":"https:\/\/dutchhealthstore.com\/fr\/product\/rose-glow-complexion-mist\/#breadcrumb","itemListElement":[{"@type":"ListItem","position":1,"name":"Home","item":"https:\/\/dutchhealthstore.com\/fr\/"},{"@type":"ListItem","position":2,"name":"Shop","item":"https:\/\/dutchhealthstore.com\/fr\/shop\/"},{"@type":"ListItem","position":3,"name":"Rose Glow Complexion Mist"}]},{"@type":"WebSite","@id":"https:\/\/dutchhealthstore.com\/fr\/#website","url":"https:\/\/dutchhealthstore.com\/fr\/","name":"Dutch Health Store","description":"Enhance Your Beauty with Organic &amp; Natural Skincare","publisher":{"@id":"https:\/\/dutchhealthstore.com\/fr\/#organization"},"potentialAction":[{"@type":"SearchAction","target":{"@type":"EntryPoint","urlTemplate":"https:\/\/dutchhealthstore.com\/fr\/?s={search_term_string}"},"query-input":{"@type":"PropertyValueSpecification","valueRequired":true,"valueName":"search_term_string"}}],"inLanguage":"fr-FR"},{"@type":"Organization","@id":"https:\/\/dutchhealthstore.com\/fr\/#organization","name":"Dutch Health Store","url":"https:\/\/dutchhealthstore.com\/fr\/","logo":{"@type":"ImageObject","inLanguage":"fr-FR","@id":"https:\/\/dutchhealthstore.com\/fr\/#\/schema\/logo\/image\/","url":"https:\/\/dutchhealthstore.com\/wp-content\/uploads\/2020\/08\/logo-dutchhealthstore-jpg-e1599484957574.jpg","contentUrl":"https:\/\/dutchhealthstore.com\/wp-content\/uploads\/2020\/08\/logo-dutchhealthstore-jpg-e1599484957574.jpg","width":400,"height":62,"caption":"Dutch Health Store"},"image":{"@id":"https:\/\/dutchhealthstore.com\/fr\/#\/schema\/logo\/image\/"},"sameAs":["https:\/\/www.instagram.com\/dutchhealthstore\/","https:\/\/www.facebook.com\/dutchhealthstore"]}]},"product_brand":"Living Libations","og_availability":"instock","product_availability":"instock","product_condition":"new"},"_links":{"self":[{"href":"https:\/\/dutchhealthstore.com\/fr\/wp-json\/wp\/v2\/product\/107730","targetHints":{"allow":["GET"]}}],"collection":[{"href":"https:\/\/dutchhealthstore.com\/fr\/wp-json\/wp\/v2\/product"}],"about":[{"href":"https:\/\/dutchhealthstore.com\/fr\/wp-json\/wp\/v2\/types\/product"}],"replies":[{"embeddable":true,"href":"https:\/\/dutchhealthstore.com\/fr\/wp-json\/wp\/v2\/comments?post=107730"}],"wp:featuredmedia":[{"embeddable":true,"href":"https:\/\/dutchhealthstore.com\/fr\/wp-json\/wp\/v2\/media\/257586"}],"wp:attachment":[{"href":"https:\/\/dutchhealthstore.com\/fr\/wp-json\/wp\/v2\/media?parent=107730"}],"wp:term":[{"taxonomy":"product_brand","embeddable":true,"href":"https:\/\/dutchhealthstore.com\/fr\/wp-json\/wp\/v2\/product_brand?post=107730"},{"taxonomy":"product_cat","embeddable":true,"href":"https:\/\/dutchhealthstore.com\/fr\/wp-json\/wp\/v2\/product_cat?post=107730"},{"taxonomy":"product_tag","embeddable":true,"href":"https:\/\/dutchhealthstore.com\/fr\/wp-json\/wp\/v2\/product_tag?post=107730"}],"curies":[{"name":"wp","href":"https:\/\/api.w.org\/{rel}","templated":true}]}}