{"id":107721,"date":"2020-02-17T08:43:24","date_gmt":"2020-02-17T08:43:24","guid":{"rendered":"https:\/\/dutchhealthstore.com\/product\/ginger-exfoliating-scrub\/"},"modified":"2026-02-21T19:36:49","modified_gmt":"2026-02-21T18:36:49","slug":"ginger-exfoliating-scrub","status":"publish","type":"product","link":"https:\/\/dutchhealthstore.com\/fr\/product\/ginger-exfoliating-scrub\/","title":{"rendered":"Ginger Exfoliating Scrub"},"content":{"rendered":"<p><img decoding=\"async\" class=\"alignright size-full wp-image-37041\" src=\"https:\/\/dutchhealthstore.com\/wp-content\/uploads\/2018\/04\/Living_Libations-1.png\" alt=\"Organic &amp; Natural Beautyproducts - Living Libations\" width=\"175\" height=\"82\">Notre <strong>Ginger Exfoliating Scrub<\/strong> donne de l&rsquo;\u00e9nergie en exfoliant de la t\u00eate aux pieds, en donnant du peps \u00e0 une peau lisse et soyeuse et en r\u00e9v\u00e9lant un teint plus radieux et plus \u00e9nergique!<\/p>\n<p>Cette verve gommante au gingembre fera chanter votre peau en l&rsquo;adoucissant et en la tonifiant gr\u00e2ce aux algues apaisantes et \u00e0 la pierre ponce tr\u00e8s finement broy\u00e9e, m\u00e9lang\u00e9es \u00e0 une lotion cr\u00e9meuse au gingembre et au pamplemousse.<\/p>\n<p>Enrichi des propri\u00e9t\u00e9s hydratantes de la racine de guimauve et du bienfaisant jojoba, notre <strong>Gommage Exfoliant au Gingembre<\/strong> est impr\u00e9gn\u00e9 d&rsquo;ingr\u00e9dients vivifiants qui r\u00e9veilleront et \u00e9gayeront votre peau.<br \/>\nCette p\u00e2te nacr\u00e9e et revitalisante peut \u00e9galement \u00eatre utilis\u00e9e comme nettoyant doux pour le visage ou comme gommage exfoliant pour les pieds.<\/p>\n<p><strong>Taille : 120 ml<\/strong><\/p>\n<h3>Comment utiliser<\/h3>\n<p>Bien qu&rsquo;il puisse \u00eatre utilis\u00e9 \u00e0 tout moment, nous vous recommandons tout particuli\u00e8rement d&rsquo;utiliser ce gommage le matin pour vous r\u00e9veiller, ou apr\u00e8s une longue journ\u00e9e pour vous remonter le moral. Il adoucit la peau gr\u00e2ce \u00e0 une exfoliation douce mais magnifiquement granuleuse, laissant derri\u00e8re lui une texture am\u00e9lior\u00e9e et une hydratation durable. \u00c0 chaque fois que vous l&rsquo;utilisez, Living Libations <strong>Ginger<\/strong> <strong>Exfoliating<\/strong> <strong>Scrub<\/strong> est s\u00fbr de laisser votre peau douce et soyeuse, et d\u00e9licieusement lisse.<\/p>\n<p>Un puissant deux-en-un qui \u00e9limine la peau s\u00e8che et squameuse et emprisonne l&rsquo;humidit\u00e9. Appliquer sur la peau humide ou s\u00e8che \u00e0 mains nues ou avec un gant de toilette. Massez soigneusement, en accordant une attention particuli\u00e8re aux zones rugueuses. Rincez et pr\u00e9parez-vous \u00e0 sentir votre peau chanter! Illumine les sens avec du gingembre \u00e9pic\u00e9 et des agrumes vifs. Si vous l&rsquo;appliquez sur le visage, exercez une l\u00e9g\u00e8re pression. Pour suivez avec un Best Skin Ever ou votre s\u00e9rum Libations pr\u00e9f\u00e9r\u00e9 pour une hydratation suppl\u00e9mentaire.<\/p>\n<h3 class=\"yikes-custom-woo-tab-title yikes-custom-woo-tab-title-natural-organic-ingredients\">Natural\/Organic Ingredients<\/h3>\n<p><strong> huile jojoba dor\u00e9<\/strong><em> (Simmondsia chinensis) &#8211; <\/em>L&rsquo;huile de jojoba dor\u00e9 nourrit et soigne les peaux assoiff\u00e9es. Jojoba a une capacit\u00e9 in\u00e9gal\u00e9e d&rsquo;hydrater la peau, d&rsquo;\u00e9quilibrer la production d&rsquo;huile, de nettoyer en profondeur les pores et de cr\u00e9er des effets de conditionnement de longue dur\u00e9e qui adoucissent la peau. Il regorge de peptides et de lipides et contient les plus hauts niveaux de compos\u00e9s ph\u00e9noliques trouv\u00e9s dans la nature, ainsi que des antioxydants et toutes les formes solubles de vitamine E.<\/p>\n<p><strong> huile noix de coco vierge (<\/strong><em>Cocos nucifera) &#8211; <\/em>Notre huile de noix de coco vierge pure et immacul\u00e9e rassasie la peau en lui offrant une hydratation et une r\u00e9silience magnifiques. L&rsquo;huile de coco lisse l&rsquo;apparence des ridules et est une sentinelle de la barri\u00e8re d&rsquo;hydratation de la peau.<\/p>\n<p><strong> huile Aloe Vera <\/strong><em>(Aloe barbadensis) &#8211;<\/em> L&rsquo;Aloe vera est une plante magique et succulente qui pousse dans les climats chauds. Il poss\u00e8de une feuille robuste qui offre une pulpe claire et g\u00e9latineuse. Cette pulpe cr\u00e9e un baume incroyablement apaisant pour les peaux d\u00e9licates. Offrant des niveaux d&rsquo;hydratation parfaits, l&rsquo;alo\u00e8s poss\u00e8de de magnifiques propri\u00e9t\u00e9s qui p\u00e9n\u00e8trent dans la peau pour att\u00e9nuer les rougeurs et les gonflements. Notre aloe vera offre une double dose de protection hydratante pour la peau. En tant qu&rsquo;hydratant naturel, il p\u00e9n\u00e8tre dans la peau et en retient l&rsquo;humidit\u00e9. Dans le m\u00eame temps, il forme une couche parfaitement poreuse sur la peau pour maintenir l&rsquo;humidit\u00e9 \u00e0 l&rsquo;int\u00e9rieur et emp\u00eacher le reste de sortir.<\/p>\n<p><strong>Cire d&rsquo;abeille<\/strong> <em>(Cera alba<\/em>) &#8211; La belle cire d&rsquo;abeille est une cire respirante, d\u00e9bordante de nutriments qui emprisonnent l&rsquo;humidit\u00e9.<\/p>\n<p><strong>Fucus v\u00e9siculeux <\/strong><em>(Fucus vesiculosus)<\/em> &#8211; Cette algue succulente est naturel mucilagineuse pour lubrifier la peau. Tr\u00e8s riche en vitamines et min\u00e9raux comme le calcium, le magn\u00e9sium, les vitamines B et la silice.<\/p>\n<p><strong>Pierre ponce &#8211; <\/strong> Notre super gommage contient de la pierre ponce ultra finement moulue, une roche volcanique incroyablement poreuse qui est utilis\u00e9e pour exfolier les peaux rugueuses depuis des milliers d&rsquo;ann\u00e9es. La pierre ponce \u00e9limine les peaux mortes et les callosit\u00e9s, transformant les zones les plus rugueuses en une navigation en douceur.<\/p>\n<p><strong>Racine de guimauve <\/strong><em>(Althaea officinalis) &#8211; <\/em>Les offres gluantes de cette racine nous donnent un \u00e9mollient inattendu qui est adoucissant et \u00e9quilibrant. La guimauve est utilis\u00e9e pour humidifier la peau s\u00e8che et rugueuse, r\u00e9duire les rougeurs et r\u00e9\u00e9quilibrer les peaux trop s\u00e8ches ou trop grasses.<\/p>\n<p><strong> huile orme rouge <\/strong><em>(Ulmus rubra) &#8211;<\/em> L&rsquo;orme rouge est une \u00e9corce mucilagineuse aux vertus glissantes et apaisantes qui aident \u00e0 adoucir la peau. Il fait p\u00e9n\u00e9trer l&rsquo;humidit\u00e9 dans la peau pour att\u00e9nuer la s\u00e9cheresse et les rougeurs.<\/p>\n<p><strong>huile citron<\/strong> <em>(Citrus limon)<\/em> &#8211; L&rsquo;huile citron clarifie, dynamise et purifie la peau de la t\u00eate aux pieds. Il est excellent dans les nettoyants car le citron tonifie, raffermit et donne de l&rsquo;\u00e9lasticit\u00e9 \u00e0 la peau.<\/p>\n<p><strong> huile gingembre <\/strong><em>(Zingiber officinale) &#8211;<\/em> Un h\u00e9ros dans notre arsenal d&rsquo;aromath\u00e9rapie car il a un punch herbac\u00e9! Chaude et piquante, elle dynamise la peau et contribue \u00e0 am\u00e9liorer son \u00e9lasticit\u00e9 et sa fermet\u00e9.<\/p>\n<p><strong> huile pamplemousse <\/strong><em>(Citrus paradisi) &#8211; <\/em>Le pamplemousse, tonifiant et tenseur, rafra\u00eechit la peau tout en lissant son grain.<\/p>\n<p><strong> huile sauge et de romarin <\/strong><em>(Salvia officinalis + Rosmarinus officinalis) &#8211;<\/em> Ces compos\u00e9s supercritiques puissants et concentr\u00e9s capturent toute la symphonie de la sauge et du romarin sous la forme d&rsquo;un extrait qui procure des bienfaits aux cheveux et \u00e0 la peau, et maintient la fra\u00eecheur de cet apr\u00e8s-shampooing gr\u00e2ce \u00e0 d&rsquo;opulents antioxydants.<\/p>\n<p><img fetchpriority=\"high\" decoding=\"async\" class=\"size-medium wp-image-68103 aligncenter\" src=\"https:\/\/dutchhealthstore.com\/wp-content\/uploads\/2018\/02\/Living-Libations-Organic-Logo-800x89.png\" alt=\"Living Libations - Organic Logo\" width=\"800\" height=\"89\" srcset=\"https:\/\/dutchhealthstore.com\/wp-content\/uploads\/2018\/02\/Living-Libations-Organic-Logo-800x89.png 800w, https:\/\/dutchhealthstore.com\/wp-content\/uploads\/2018\/02\/Living-Libations-Organic-Logo-510x57.png 510w, https:\/\/dutchhealthstore.com\/wp-content\/uploads\/2018\/02\/Living-Libations-Organic-Logo-768x85.png 768w, https:\/\/dutchhealthstore.com\/wp-content\/uploads\/2018\/02\/Living-Libations-Organic-Logo.png 1400w\" sizes=\"(max-width: 800px) 100vw, 800px\" \/><\/p>\n","protected":false},"excerpt":{"rendered":"<p>Notre <strong>Ginger Exfoliating Scrub<\/strong> donne de l&rsquo;\u00e9nergie en exfoliant de la t\u00eate aux pieds, en donnant du peps \u00e0 une peau lisse et soyeuse et en r\u00e9v\u00e9lant un teint plus radieux et plus \u00e9nergique!<\/p>\n","protected":false},"featured_media":354822,"comment_status":"open","ping_status":"closed","template":"","meta":[],"product_brand":[],"product_cat":[1109,1117,3739,1211,4048,5680,5127,5628,2986,1209,1030,5107,4978,5673,4977,5627,4976,5121,1010,14733,1033,1501,2985],"product_tag":[21392,9627,21811,21812,9909],"class_list":{"0":"post-107721","1":"product","2":"type-product","3":"status-publish","4":"has-post-thumbnail","6":"product_cat-body-scrub-fr","7":"product_cat-gommages-exfoliants-fr","8":"product_cat-gommages-et-produits-moussants","9":"product_cat-living-libations-france","10":"product_cat-masques-et-gommages","11":"product_cat-masks-scrubs-exfoliators-fr-2","12":"product_cat-masks-scrubs-exfoliators-fr","13":"product_cat-masks-scrubs-exfoliators-fr-5","14":"product_cat-nettoyants","15":"product_cat-par-marques","16":"product_cat-par-produits","17":"product_cat-by-skin-type-fr-4","18":"product_cat-oily-skin-clogged-pores-fr-2","19":"product_cat-oily-skin-clogged-pores-fr","20":"product_cat-normal-or-combination-skin","21":"product_cat-normal-or-combination-skin-fr-2","22":"product_cat-dry-mature-ageing-skin","23":"product_cat-dry-mature-ageing-skin-fr-2","24":"product_cat-notre-boutique","25":"product_cat-soins-de-la-peau","26":"product_cat-body-care-fr","27":"product_cat-corps-living-libations","28":"product_cat-visage-fr","29":"product_tag-corps","30":"product_tag-exfoliator-fr","31":"product_tag-natural-fr","32":"product_tag-rafraichissant","33":"product_tag-scrub-fr","34":"pa_brand-livinglibations-fr","35":"pa_gtin-7439657333392-fr","36":"pa_size-120-ml-fr","37":"pa_skincare-type-masks-scrubs-exfoliators-fr","38":"pa_skintype-oily-skin-fr","39":"pa_skintype-normal-combination-skin-fr","40":"pa_skintype-dry-mature-ageing-skin-fr","42":"first","43":"instock","44":"taxable","45":"shipping-taxable","46":"purchasable","47":"product-type-simple"},"bundled_by":[],"bundle_stock_status":"instock","bundle_stock_quantity":2,"bundle_virtual":false,"bundle_layout":"","bundle_add_to_cart_form_location":"","bundle_editable_in_cart":false,"bundle_sold_individually_context":"","bundle_item_grouping":"","bundle_min_size":"","bundle_max_size":"","bundle_price":[],"bundled_items":[],"bundle_sell_ids":[129700],"atum_controlled":true,"out_stock_date":null,"out_stock_threshold":null,"inheritable":false,"stock_on_hold":2,"sold_today":0,"sales_last_days":0,"out_stock_days":0,"lost_sales":0,"update_date":"2026-04-14T08:16:43","atum_locations":[],"atum_stock_status":"instock","restock_status":false,"low_stock_amount":"","sales_update_date":"2026-04-14T08:16:43","calc_backorders":null,"group_of_quantity":0,"min_quantity":0,"max_quantity":"","exclude_order_quantity_value_rules":"no","exclude_category_quantity_rules":"no","combine_variations":"no","yoast_head":"<!-- This site is optimized with the Yoast SEO Premium plugin v26.5 (Yoast SEO v26.5) - https:\/\/yoast.com\/wordpress\/plugins\/seo\/ -->\n<title>Ginger Exfoliating Scrub | Living libations<\/title>\n<meta name=\"description\" content=\"Notre Ginger Exfoliating Scrub donne de l&#039;\u00e9nergie en exfoliant de la t\u00eate aux pieds, en donnant du peps \u00e0 une peau lisse et soyeuse et en r\u00e9v\u00e9lant un teint plus radieux et plus \u00e9nergique!\" \/>\n<meta name=\"robots\" content=\"index, follow, max-snippet:-1, max-image-preview:large, max-video-preview:-1\" \/>\n<link rel=\"canonical\" href=\"https:\/\/dutchhealthstore.com\/fr\/product\/ginger-exfoliating-scrub\/\" \/>\n<meta property=\"og:locale\" content=\"fr_FR\" \/>\n<meta property=\"og:type\" content=\"article\" \/>\n<meta property=\"og:title\" content=\"Ginger Exfoliating Scrub - Dutch Health Store\" \/>\n<meta property=\"og:description\" content=\"Notre Ginger Exfoliating Scrub donne de l&#039;\u00e9nergie en exfoliant de la t\u00eate aux pieds, en donnant du peps \u00e0 une peau lisse et soyeuse et en r\u00e9v\u00e9lant un teint plus radieux et plus \u00e9nergique!\" \/>\n<meta property=\"og:url\" content=\"https:\/\/dutchhealthstore.com\/fr\/product\/ginger-exfoliating-scrub\/\" \/>\n<meta property=\"og:site_name\" content=\"Dutch Health Store\" \/>\n<meta property=\"article:publisher\" content=\"https:\/\/www.instagram.com\/dutchhealthstore\/\" \/>\n<meta property=\"article:modified_time\" content=\"2026-02-21T18:36:49+00:00\" \/>\n<meta property=\"og:image\" content=\"https:\/\/dutchhealthstore.com\/wp-content\/uploads\/2020\/02\/living-libations-ginger-exf-scrub-120ml.jpg\" \/>\n\t<meta property=\"og:image:width\" content=\"530\" \/>\n\t<meta property=\"og:image:height\" content=\"530\" \/>\n\t<meta property=\"og:image:type\" content=\"image\/jpeg\" \/>\n<meta name=\"twitter:card\" content=\"summary_large_image\" \/>\n<meta name=\"twitter:label1\" content=\"Prix\" \/>\n\t<meta name=\"twitter:data1\" content=\"&euro;45,00\" \/>\n\t<meta name=\"twitter:label2\" content=\"Disponibilit\u00e9\" \/>\n\t<meta name=\"twitter:data2\" content=\"En stock\" \/>\n<script type=\"application\/ld+json\" class=\"yoast-schema-graph\">{\"@context\":\"https:\/\/schema.org\",\"@graph\":[{\"@type\":\"WebPage\",\"@id\":\"https:\/\/dutchhealthstore.com\/fr\/product\/ginger-exfoliating-scrub\/\",\"url\":\"https:\/\/dutchhealthstore.com\/fr\/product\/ginger-exfoliating-scrub\/\",\"name\":\"Ginger Exfoliating Scrub | Living libations\",\"isPartOf\":{\"@id\":\"https:\/\/dutchhealthstore.com\/fr\/#website\"},\"primaryImageOfPage\":{\"@id\":\"https:\/\/dutchhealthstore.com\/fr\/product\/ginger-exfoliating-scrub\/#primaryimage\"},\"image\":{\"@id\":\"https:\/\/dutchhealthstore.com\/fr\/product\/ginger-exfoliating-scrub\/#primaryimage\"},\"thumbnailUrl\":\"https:\/\/dutchhealthstore.com\/wp-content\/uploads\/2020\/02\/living-libations-ginger-exf-scrub-120ml.jpg\",\"datePublished\":\"2020-02-17T08:43:24+00:00\",\"dateModified\":\"2026-02-21T18:36:49+00:00\",\"description\":\"Notre Ginger Exfoliating Scrub donne de l'\u00e9nergie en exfoliant de la t\u00eate aux pieds, en donnant du peps \u00e0 une peau lisse et soyeuse et en r\u00e9v\u00e9lant un teint plus radieux et plus \u00e9nergique!\",\"breadcrumb\":{\"@id\":\"https:\/\/dutchhealthstore.com\/fr\/product\/ginger-exfoliating-scrub\/#breadcrumb\"},\"inLanguage\":\"fr-FR\",\"potentialAction\":[{\"@type\":\"ReadAction\",\"target\":[\"https:\/\/dutchhealthstore.com\/fr\/product\/ginger-exfoliating-scrub\/\"]}]},{\"@type\":\"ImageObject\",\"inLanguage\":\"fr-FR\",\"@id\":\"https:\/\/dutchhealthstore.com\/fr\/product\/ginger-exfoliating-scrub\/#primaryimage\",\"url\":\"https:\/\/dutchhealthstore.com\/wp-content\/uploads\/2020\/02\/living-libations-ginger-exf-scrub-120ml.jpg\",\"contentUrl\":\"https:\/\/dutchhealthstore.com\/wp-content\/uploads\/2020\/02\/living-libations-ginger-exf-scrub-120ml.jpg\",\"width\":530,\"height\":530,\"caption\":\"living-libations-ginger-exf-scrub-120ml\"},{\"@type\":\"BreadcrumbList\",\"@id\":\"https:\/\/dutchhealthstore.com\/fr\/product\/ginger-exfoliating-scrub\/#breadcrumb\",\"itemListElement\":[{\"@type\":\"ListItem\",\"position\":1,\"name\":\"Home\",\"item\":\"https:\/\/dutchhealthstore.com\/fr\/\"},{\"@type\":\"ListItem\",\"position\":2,\"name\":\"Shop\",\"item\":\"https:\/\/dutchhealthstore.com\/fr\/shop\/\"},{\"@type\":\"ListItem\",\"position\":3,\"name\":\"Ginger Exfoliating Scrub\"}]},{\"@type\":\"WebSite\",\"@id\":\"https:\/\/dutchhealthstore.com\/fr\/#website\",\"url\":\"https:\/\/dutchhealthstore.com\/fr\/\",\"name\":\"Dutch Health Store\",\"description\":\"Enhance Your Beauty with Organic &amp; Natural Skincare\",\"publisher\":{\"@id\":\"https:\/\/dutchhealthstore.com\/fr\/#organization\"},\"potentialAction\":[{\"@type\":\"SearchAction\",\"target\":{\"@type\":\"EntryPoint\",\"urlTemplate\":\"https:\/\/dutchhealthstore.com\/fr\/?s={search_term_string}\"},\"query-input\":{\"@type\":\"PropertyValueSpecification\",\"valueRequired\":true,\"valueName\":\"search_term_string\"}}],\"inLanguage\":\"fr-FR\"},{\"@type\":\"Organization\",\"@id\":\"https:\/\/dutchhealthstore.com\/fr\/#organization\",\"name\":\"Dutch Health Store\",\"url\":\"https:\/\/dutchhealthstore.com\/fr\/\",\"logo\":{\"@type\":\"ImageObject\",\"inLanguage\":\"fr-FR\",\"@id\":\"https:\/\/dutchhealthstore.com\/fr\/#\/schema\/logo\/image\/\",\"url\":\"https:\/\/dutchhealthstore.com\/wp-content\/uploads\/2020\/08\/logo-dutchhealthstore-jpg-e1599484957574.jpg\",\"contentUrl\":\"https:\/\/dutchhealthstore.com\/wp-content\/uploads\/2020\/08\/logo-dutchhealthstore-jpg-e1599484957574.jpg\",\"width\":400,\"height\":62,\"caption\":\"Dutch Health Store\"},\"image\":{\"@id\":\"https:\/\/dutchhealthstore.com\/fr\/#\/schema\/logo\/image\/\"},\"sameAs\":[\"https:\/\/www.instagram.com\/dutchhealthstore\/\",\"https:\/\/www.facebook.com\/dutchhealthstore\"]}]}<\/script>\n<meta property=\"product:brand\" content=\"Living Libations\" \/>\n<meta property=\"product:price:amount\" content=\"45.00\" \/>\n<meta property=\"product:price:currency\" content=\"EUR\" \/>\n<meta property=\"og:availability\" content=\"instock\" \/>\n<meta property=\"product:availability\" content=\"instock\" \/>\n<meta property=\"product:condition\" content=\"new\" \/>\n<!-- \/ Yoast SEO Premium plugin. -->","yoast_head_json":{"title":"Ginger Exfoliating Scrub | Living libations","description":"Notre Ginger Exfoliating Scrub donne de l'\u00e9nergie en exfoliant de la t\u00eate aux pieds, en donnant du peps \u00e0 une peau lisse et soyeuse et en r\u00e9v\u00e9lant un teint plus radieux et plus \u00e9nergique!","robots":{"index":"index","follow":"follow","max-snippet":"max-snippet:-1","max-image-preview":"max-image-preview:large","max-video-preview":"max-video-preview:-1"},"canonical":"https:\/\/dutchhealthstore.com\/fr\/product\/ginger-exfoliating-scrub\/","og_locale":"fr_FR","og_type":"article","og_title":"Ginger Exfoliating Scrub - Dutch Health Store","og_description":"Notre Ginger Exfoliating Scrub donne de l'\u00e9nergie en exfoliant de la t\u00eate aux pieds, en donnant du peps \u00e0 une peau lisse et soyeuse et en r\u00e9v\u00e9lant un teint plus radieux et plus \u00e9nergique!","og_url":"https:\/\/dutchhealthstore.com\/fr\/product\/ginger-exfoliating-scrub\/","og_site_name":"Dutch Health Store","article_publisher":"https:\/\/www.instagram.com\/dutchhealthstore\/","article_modified_time":"2026-02-21T18:36:49+00:00","og_image":[{"width":530,"height":530,"url":"https:\/\/dutchhealthstore.com\/wp-content\/uploads\/2020\/02\/living-libations-ginger-exf-scrub-120ml.jpg","type":"image\/jpeg"}],"twitter_card":"summary_large_image","twitter_misc":{"Prix":"&euro;45,00","Disponibilit\u00e9":"En stock"},"schema":{"@context":"https:\/\/schema.org","@graph":[{"@type":"WebPage","@id":"https:\/\/dutchhealthstore.com\/fr\/product\/ginger-exfoliating-scrub\/","url":"https:\/\/dutchhealthstore.com\/fr\/product\/ginger-exfoliating-scrub\/","name":"Ginger Exfoliating Scrub | Living libations","isPartOf":{"@id":"https:\/\/dutchhealthstore.com\/fr\/#website"},"primaryImageOfPage":{"@id":"https:\/\/dutchhealthstore.com\/fr\/product\/ginger-exfoliating-scrub\/#primaryimage"},"image":{"@id":"https:\/\/dutchhealthstore.com\/fr\/product\/ginger-exfoliating-scrub\/#primaryimage"},"thumbnailUrl":"https:\/\/dutchhealthstore.com\/wp-content\/uploads\/2020\/02\/living-libations-ginger-exf-scrub-120ml.jpg","datePublished":"2020-02-17T08:43:24+00:00","dateModified":"2026-02-21T18:36:49+00:00","description":"Notre Ginger Exfoliating Scrub donne de l'\u00e9nergie en exfoliant de la t\u00eate aux pieds, en donnant du peps \u00e0 une peau lisse et soyeuse et en r\u00e9v\u00e9lant un teint plus radieux et plus \u00e9nergique!","breadcrumb":{"@id":"https:\/\/dutchhealthstore.com\/fr\/product\/ginger-exfoliating-scrub\/#breadcrumb"},"inLanguage":"fr-FR","potentialAction":[{"@type":"ReadAction","target":["https:\/\/dutchhealthstore.com\/fr\/product\/ginger-exfoliating-scrub\/"]}]},{"@type":"ImageObject","inLanguage":"fr-FR","@id":"https:\/\/dutchhealthstore.com\/fr\/product\/ginger-exfoliating-scrub\/#primaryimage","url":"https:\/\/dutchhealthstore.com\/wp-content\/uploads\/2020\/02\/living-libations-ginger-exf-scrub-120ml.jpg","contentUrl":"https:\/\/dutchhealthstore.com\/wp-content\/uploads\/2020\/02\/living-libations-ginger-exf-scrub-120ml.jpg","width":530,"height":530,"caption":"living-libations-ginger-exf-scrub-120ml"},{"@type":"BreadcrumbList","@id":"https:\/\/dutchhealthstore.com\/fr\/product\/ginger-exfoliating-scrub\/#breadcrumb","itemListElement":[{"@type":"ListItem","position":1,"name":"Home","item":"https:\/\/dutchhealthstore.com\/fr\/"},{"@type":"ListItem","position":2,"name":"Shop","item":"https:\/\/dutchhealthstore.com\/fr\/shop\/"},{"@type":"ListItem","position":3,"name":"Ginger Exfoliating Scrub"}]},{"@type":"WebSite","@id":"https:\/\/dutchhealthstore.com\/fr\/#website","url":"https:\/\/dutchhealthstore.com\/fr\/","name":"Dutch Health Store","description":"Enhance Your Beauty with Organic &amp; Natural Skincare","publisher":{"@id":"https:\/\/dutchhealthstore.com\/fr\/#organization"},"potentialAction":[{"@type":"SearchAction","target":{"@type":"EntryPoint","urlTemplate":"https:\/\/dutchhealthstore.com\/fr\/?s={search_term_string}"},"query-input":{"@type":"PropertyValueSpecification","valueRequired":true,"valueName":"search_term_string"}}],"inLanguage":"fr-FR"},{"@type":"Organization","@id":"https:\/\/dutchhealthstore.com\/fr\/#organization","name":"Dutch Health Store","url":"https:\/\/dutchhealthstore.com\/fr\/","logo":{"@type":"ImageObject","inLanguage":"fr-FR","@id":"https:\/\/dutchhealthstore.com\/fr\/#\/schema\/logo\/image\/","url":"https:\/\/dutchhealthstore.com\/wp-content\/uploads\/2020\/08\/logo-dutchhealthstore-jpg-e1599484957574.jpg","contentUrl":"https:\/\/dutchhealthstore.com\/wp-content\/uploads\/2020\/08\/logo-dutchhealthstore-jpg-e1599484957574.jpg","width":400,"height":62,"caption":"Dutch Health Store"},"image":{"@id":"https:\/\/dutchhealthstore.com\/fr\/#\/schema\/logo\/image\/"},"sameAs":["https:\/\/www.instagram.com\/dutchhealthstore\/","https:\/\/www.facebook.com\/dutchhealthstore"]}]},"product_brand":"Living Libations","product_price_amount":"45.00","product_price_currency":"EUR","og_availability":"instock","product_availability":"instock","product_condition":"new"},"_links":{"self":[{"href":"https:\/\/dutchhealthstore.com\/fr\/wp-json\/wp\/v2\/product\/107721","targetHints":{"allow":["GET"]}}],"collection":[{"href":"https:\/\/dutchhealthstore.com\/fr\/wp-json\/wp\/v2\/product"}],"about":[{"href":"https:\/\/dutchhealthstore.com\/fr\/wp-json\/wp\/v2\/types\/product"}],"replies":[{"embeddable":true,"href":"https:\/\/dutchhealthstore.com\/fr\/wp-json\/wp\/v2\/comments?post=107721"}],"wp:featuredmedia":[{"embeddable":true,"href":"https:\/\/dutchhealthstore.com\/fr\/wp-json\/wp\/v2\/media\/354822"}],"wp:attachment":[{"href":"https:\/\/dutchhealthstore.com\/fr\/wp-json\/wp\/v2\/media?parent=107721"}],"wp:term":[{"taxonomy":"product_brand","embeddable":true,"href":"https:\/\/dutchhealthstore.com\/fr\/wp-json\/wp\/v2\/product_brand?post=107721"},{"taxonomy":"product_cat","embeddable":true,"href":"https:\/\/dutchhealthstore.com\/fr\/wp-json\/wp\/v2\/product_cat?post=107721"},{"taxonomy":"product_tag","embeddable":true,"href":"https:\/\/dutchhealthstore.com\/fr\/wp-json\/wp\/v2\/product_tag?post=107721"}],"curies":[{"name":"wp","href":"https:\/\/api.w.org\/{rel}","templated":true}]}}