{"id":107365,"date":"2018-02-10T08:35:40","date_gmt":"2018-02-10T08:35:40","guid":{"rendered":"https:\/\/dutchhealthstore.com\/product\/chocolate-mocha-lover-lips\/"},"modified":"2026-04-13T11:35:47","modified_gmt":"2026-04-13T09:35:47","slug":"chocolate-mocha-lover-lips","status":"publish","type":"product","link":"https:\/\/dutchhealthstore.com\/fr\/product\/chocolate-mocha-lover-lips\/","title":{"rendered":"Chocolate Mocha Lover Lips"},"content":{"rendered":"<h3><img decoding=\"async\" class=\"alignright size-full wp-image-37041\" src=\"https:\/\/dutchhealthstore.com\/wp-content\/uploads\/2018\/04\/Living_Libations-1.png\" alt=\"Organic &amp; Natural Beautyproducts - Living Libations\" width=\"175\" height=\"82\">Utiliser<\/h3>\n<p>Appliquez sur les l\u00e8vres et gardez-les embrassables toute la journ\u00e9e. Il peut \u00e9galement \u00eatre utilis\u00e9 comme baume sur la peau d\u00e9licate du dessous des yeux et du dessus des pommettes. Parfait aussi sous les l\u00e8vres de Shimmer Lover.<\/p>\n<p><strong>Taille : 5 ml<\/strong><\/p>\n<h3 class=\"yikes-custom-woo-tab-title yikes-custom-woo-tab-title-natural-organic-ingredients\">Natural\/Organic Ingredients<\/h3>\n<p><strong>Jojoba <\/strong><em>(Simmondsia chinensis<\/em>) &#8211; Le jojoba dor\u00e9 et glorieux nourrit et soigne la peau assoiff\u00e9e. Jojoba a une capacit\u00e9 in\u00e9gal\u00e9e d&rsquo;hydrater la peau, d&rsquo;\u00e9quilibrer la production d&rsquo;huile, de nettoyer en profondeur les pores et de cr\u00e9er des effets de conditionnement de longue dur\u00e9e qui adoucissent la peau. Il est bourr\u00e9 de peptides et de lipides et contient les plus hauts niveaux de compos\u00e9s ph\u00e9noliques trouv\u00e9s dans la nature ainsi que des vitamines et toutes les formes solubles de vitamine E!<\/p>\n<p><strong>Cire d&rsquo;abeille <\/strong>(<em>Cera alba<\/em>) \u2013 La cire d&rsquo;abeille est appr\u00e9ci\u00e9e pour son pouvoir de prot\u00e9ger les tissus d\u00e9licats des l\u00e8vres dans une couche poreuse qui emprisonne l&rsquo;humidit\u00e9 et maintient les toxines \u00e0 l&rsquo;ext\u00e9rieur.<\/p>\n<p><strong>Chocolat <\/strong><em>(Theobroma cacao<\/em><em>)<\/em> &#8211; Le chocolat, \u00e9galement connu comme la nourriture des dieux, impr\u00e8gne ce baume \u00e0 l\u00e8vres d&rsquo;un ar\u00f4me c\u00e9leste et lisse sereinement la peau. Les f\u00e8ves de cacao et le beurre s&rsquo;unissent pour cr\u00e9er un baume \u00e0 l\u00e8vres cr\u00e9meux qui glisse magnifiquement sur la peau et qui \u00e9loigne toute apocalypse de l\u00e8vres s\u00e8ches.<\/p>\n<p><strong><span class=\"ll-product-ingredient-first\">Cr\u00e8me de coco <\/span><\/strong><em><span class=\"ll-product-ingredient-first\">(<\/span><span class=\"ll-product-ingredient-second\">Cocos nucifera) \u2014 <\/span><\/em> <span class=\"ll-product-ingredient-second\">La d\u00e9licieuse cr\u00e8me de coco p\u00e9n\u00e8tre dans la peau \u00e0 seulement 24 degr\u00e9s, permettant \u00e0 tous ses merveilleux nutriments d&rsquo;\u00eatre compl\u00e8tement absorb\u00e9s par le corps. La cr\u00e8me de noix de coco rend la peau belle et souple, invitant aux \u00e9treintes du d\u00e9sir.<\/span><\/p>\n<p><strong>Vanille <\/strong><em>(Vanilla planifolia<\/em>) &#8211; La vanille v\u00e9ritable sort de l&rsquo;ordinaire dans une distillation 200 fois plus puissante que l&rsquo;extrait de vanille. En apportant une douceur luxuriante, cet ingr\u00e9dient inf\u00e2me ravit les sens avec des notes de miel all\u00e9chantes.<\/p>\n<p><strong>Caf\u00e9 <\/strong><em>(Coffea arabica) <\/em><em>&#8211; <\/em>Notre essence sp\u00e9ciale de grains de caf\u00e9 super-extraits, est une tasse de caf\u00e9 concentr\u00e9e sans caf\u00e9ine. Le fruit du caf\u00e9ier peut \u00e9gayer votre humeur, rendre votre excitation plus vive et adoucir votre teint.<\/p>\n<p><strong>Citron<\/strong> <em>(Citrus limon)<\/em> <em>&#8211;<\/em> Le citron luxuriant clarifie, dynamise et purifie la peau de la t\u00eate aux pieds. Il est excellent dans les nettoyants pour l&rsquo;acn\u00e9 et les bosses. Le citron tonifie, raffermit et donne de l&rsquo;\u00e9lasticit\u00e9 \u00e0 la peau.<\/p>\n<p><img fetchpriority=\"high\" decoding=\"async\" class=\"aligncenter size-full wp-image-31577\" src=\"https:\/\/dutchhealthstore.com\/wp-content\/uploads\/2018\/03\/organic_big.png\" alt=\"Organic and Natural - Living Libations\" width=\"623\" height=\"103\" srcset=\"https:\/\/dutchhealthstore.com\/wp-content\/uploads\/2018\/03\/organic_big.png 623w, https:\/\/dutchhealthstore.com\/wp-content\/uploads\/2018\/03\/organic_big-510x84.png 510w, https:\/\/dutchhealthstore.com\/wp-content\/uploads\/2018\/03\/organic_big-600x99.png 600w, https:\/\/dutchhealthstore.com\/wp-content\/uploads\/2018\/03\/organic_big-350x58.png 350w\" sizes=\"(max-width: 623px) 100vw, 623px\" \/><\/p>\n","protected":false},"excerpt":{"rendered":"<p>Ador\u00e9 par beaucoup, le <strong>Chocolate <\/strong><strong>Mocha <\/strong><strong>Lover <\/strong><strong>Lips<\/strong> est un d\u00e9lice sensoriel &#8211; et sensuel. Le chocolat cr\u00e9meux est m\u00e9lang\u00e9 \u00e0 du caf\u00e9, du citron et de la vanille, avec un soup\u00e7on de cire d&rsquo;abeille pour cr\u00e9er un baume \u00e0 l\u00e8vres hydratant qui laissera vos l\u00e8vres et vos amours pleinement rassasi\u00e9s. Lisse, apaisant et de longue dur\u00e9e, ce baume Chocolate Mocha vous couvre toute la journ\u00e9e.<\/p>\n","protected":false},"featured_media":50822,"comment_status":"open","ping_status":"closed","template":"","meta":[],"product_brand":[],"product_cat":[5979,1211,1036,1209,1030,1010,14733,4046,5902,2985],"product_tag":[21695,21803,9769,21694],"class_list":{"0":"post-107365","1":"product","2":"type-product","3":"status-publish","4":"has-post-thumbnail","6":"product_cat-lips-fr-3","7":"product_cat-living-libations-france","8":"product_cat-maquillage","9":"product_cat-par-marques","10":"product_cat-par-produits","11":"product_cat-notre-boutique","12":"product_cat-soins-de-la-peau","13":"product_cat-soins-des-levres","14":"product_cat-eye-lip-care-fr-2","15":"product_cat-visage-fr","16":"product_tag-baume-a-levres","17":"product_tag-brillant-a-levres","18":"product_tag-moisturizer-fr","19":"product_tag-soin-des-levres","20":"pa_bestsellers-goed-fr","21":"pa_brand-livinglibations-fr","22":"pa_make-up-productype-lips-fr","23":"pa_size-5-ml-fr","24":"pa_skincare-type-lips-eye-care-fr","26":"first","27":"instock","28":"taxable","29":"shipping-taxable","30":"purchasable","31":"product-type-simple"},"bundled_by":[],"bundle_stock_status":"instock","bundle_stock_quantity":9,"bundle_virtual":false,"bundle_layout":"","bundle_add_to_cart_form_location":"","bundle_editable_in_cart":false,"bundle_sold_individually_context":"","bundle_item_grouping":"","bundle_min_size":"","bundle_max_size":"","bundle_price":[],"bundled_items":[],"bundle_sell_ids":[107356],"atum_controlled":true,"out_stock_date":null,"out_stock_threshold":null,"inheritable":false,"stock_on_hold":1,"sold_today":0,"sales_last_days":1,"out_stock_days":0,"lost_sales":0,"update_date":"2026-04-17T01:50:23","atum_locations":[],"atum_stock_status":"instock","restock_status":false,"low_stock_amount":0,"sales_update_date":"2026-04-17T01:50:23","calc_backorders":null,"group_of_quantity":0,"min_quantity":0,"max_quantity":"","exclude_order_quantity_value_rules":"no","exclude_category_quantity_rules":"no","combine_variations":"no","yoast_head":"<!-- This site is optimized with the Yoast SEO Premium plugin v26.5 (Yoast SEO v26.5) - https:\/\/yoast.com\/wordpress\/plugins\/seo\/ -->\n<title>Chocolate Mocha Lover Lips | Living Libations<\/title>\n<meta name=\"description\" content=\"Ador\u00e9 par beaucoup, le Chocolate Mocha Lover Lips est un d\u00e9lice sensoriel - et sensuel.\" \/>\n<meta name=\"robots\" content=\"index, follow, max-snippet:-1, max-image-preview:large, max-video-preview:-1\" \/>\n<link rel=\"canonical\" href=\"https:\/\/dutchhealthstore.com\/fr\/product\/chocolate-mocha-lover-lips\/\" \/>\n<meta property=\"og:locale\" content=\"fr_FR\" \/>\n<meta property=\"og:type\" content=\"article\" \/>\n<meta property=\"og:title\" content=\"Chocolate Mocha Lover Lips - Dutch Health Store\" \/>\n<meta property=\"og:description\" content=\"Ador\u00e9 par beaucoup, le Chocolate Mocha Lover Lips est un d\u00e9lice sensoriel - et sensuel.\" \/>\n<meta property=\"og:url\" content=\"https:\/\/dutchhealthstore.com\/fr\/product\/chocolate-mocha-lover-lips\/\" \/>\n<meta property=\"og:site_name\" content=\"Dutch Health Store\" \/>\n<meta property=\"article:publisher\" content=\"https:\/\/www.instagram.com\/dutchhealthstore\/\" \/>\n<meta property=\"article:modified_time\" content=\"2026-04-13T09:35:47+00:00\" \/>\n<meta property=\"og:image\" content=\"https:\/\/dutchhealthstore.com\/wp-content\/uploads\/2018\/02\/Living-Libations-Chocolate-Mocha-Lover-Lips.jpeg\" \/>\n\t<meta property=\"og:image:width\" content=\"614\" \/>\n\t<meta property=\"og:image:height\" content=\"614\" \/>\n\t<meta property=\"og:image:type\" content=\"image\/jpeg\" \/>\n<meta name=\"twitter:card\" content=\"summary_large_image\" \/>\n<meta name=\"twitter:label1\" content=\"Prix\" \/>\n\t<meta name=\"twitter:data1\" content=\"&euro;15,00\" \/>\n\t<meta name=\"twitter:label2\" content=\"Disponibilit\u00e9\" \/>\n\t<meta name=\"twitter:data2\" content=\"En stock\" \/>\n<script type=\"application\/ld+json\" class=\"yoast-schema-graph\">{\"@context\":\"https:\/\/schema.org\",\"@graph\":[{\"@type\":\"WebPage\",\"@id\":\"https:\/\/dutchhealthstore.com\/fr\/product\/chocolate-mocha-lover-lips\/\",\"url\":\"https:\/\/dutchhealthstore.com\/fr\/product\/chocolate-mocha-lover-lips\/\",\"name\":\"Chocolate Mocha Lover Lips | Living Libations\",\"isPartOf\":{\"@id\":\"https:\/\/dutchhealthstore.com\/fr\/#website\"},\"primaryImageOfPage\":{\"@id\":\"https:\/\/dutchhealthstore.com\/fr\/product\/chocolate-mocha-lover-lips\/#primaryimage\"},\"image\":{\"@id\":\"https:\/\/dutchhealthstore.com\/fr\/product\/chocolate-mocha-lover-lips\/#primaryimage\"},\"thumbnailUrl\":\"https:\/\/dutchhealthstore.com\/wp-content\/uploads\/2018\/02\/Living-Libations-Chocolate-Mocha-Lover-Lips.jpeg\",\"datePublished\":\"2018-02-10T08:35:40+00:00\",\"dateModified\":\"2026-04-13T09:35:47+00:00\",\"description\":\"Ador\u00e9 par beaucoup, le Chocolate Mocha Lover Lips est un d\u00e9lice sensoriel - et sensuel.\",\"breadcrumb\":{\"@id\":\"https:\/\/dutchhealthstore.com\/fr\/product\/chocolate-mocha-lover-lips\/#breadcrumb\"},\"inLanguage\":\"fr-FR\",\"potentialAction\":[{\"@type\":\"ReadAction\",\"target\":[\"https:\/\/dutchhealthstore.com\/fr\/product\/chocolate-mocha-lover-lips\/\"]}]},{\"@type\":\"ImageObject\",\"inLanguage\":\"fr-FR\",\"@id\":\"https:\/\/dutchhealthstore.com\/fr\/product\/chocolate-mocha-lover-lips\/#primaryimage\",\"url\":\"https:\/\/dutchhealthstore.com\/wp-content\/uploads\/2018\/02\/Living-Libations-Chocolate-Mocha-Lover-Lips.jpeg\",\"contentUrl\":\"https:\/\/dutchhealthstore.com\/wp-content\/uploads\/2018\/02\/Living-Libations-Chocolate-Mocha-Lover-Lips.jpeg\",\"width\":614,\"height\":614,\"caption\":\"Living Libations - Chocolate-Mocha Lover Lips\"},{\"@type\":\"BreadcrumbList\",\"@id\":\"https:\/\/dutchhealthstore.com\/fr\/product\/chocolate-mocha-lover-lips\/#breadcrumb\",\"itemListElement\":[{\"@type\":\"ListItem\",\"position\":1,\"name\":\"Home\",\"item\":\"https:\/\/dutchhealthstore.com\/fr\/\"},{\"@type\":\"ListItem\",\"position\":2,\"name\":\"Shop\",\"item\":\"https:\/\/dutchhealthstore.com\/fr\/shop\/\"},{\"@type\":\"ListItem\",\"position\":3,\"name\":\"Chocolate Mocha Lover Lips\"}]},{\"@type\":\"WebSite\",\"@id\":\"https:\/\/dutchhealthstore.com\/fr\/#website\",\"url\":\"https:\/\/dutchhealthstore.com\/fr\/\",\"name\":\"Dutch Health Store\",\"description\":\"Enhance Your Beauty with Organic &amp; Natural Skincare\",\"publisher\":{\"@id\":\"https:\/\/dutchhealthstore.com\/fr\/#organization\"},\"potentialAction\":[{\"@type\":\"SearchAction\",\"target\":{\"@type\":\"EntryPoint\",\"urlTemplate\":\"https:\/\/dutchhealthstore.com\/fr\/?s={search_term_string}\"},\"query-input\":{\"@type\":\"PropertyValueSpecification\",\"valueRequired\":true,\"valueName\":\"search_term_string\"}}],\"inLanguage\":\"fr-FR\"},{\"@type\":\"Organization\",\"@id\":\"https:\/\/dutchhealthstore.com\/fr\/#organization\",\"name\":\"Dutch Health Store\",\"url\":\"https:\/\/dutchhealthstore.com\/fr\/\",\"logo\":{\"@type\":\"ImageObject\",\"inLanguage\":\"fr-FR\",\"@id\":\"https:\/\/dutchhealthstore.com\/fr\/#\/schema\/logo\/image\/\",\"url\":\"https:\/\/dutchhealthstore.com\/wp-content\/uploads\/2020\/08\/logo-dutchhealthstore-jpg-e1599484957574.jpg\",\"contentUrl\":\"https:\/\/dutchhealthstore.com\/wp-content\/uploads\/2020\/08\/logo-dutchhealthstore-jpg-e1599484957574.jpg\",\"width\":400,\"height\":62,\"caption\":\"Dutch Health Store\"},\"image\":{\"@id\":\"https:\/\/dutchhealthstore.com\/fr\/#\/schema\/logo\/image\/\"},\"sameAs\":[\"https:\/\/www.instagram.com\/dutchhealthstore\/\",\"https:\/\/www.facebook.com\/dutchhealthstore\"]}]}<\/script>\n<meta property=\"product:brand\" content=\"Living Libations\" \/>\n<meta property=\"product:price:amount\" content=\"15.00\" \/>\n<meta property=\"product:price:currency\" content=\"EUR\" \/>\n<meta property=\"og:availability\" content=\"instock\" \/>\n<meta property=\"product:availability\" content=\"instock\" \/>\n<meta property=\"product:condition\" content=\"new\" \/>\n<!-- \/ Yoast SEO Premium plugin. -->","yoast_head_json":{"title":"Chocolate Mocha Lover Lips | Living Libations","description":"Ador\u00e9 par beaucoup, le Chocolate Mocha Lover Lips est un d\u00e9lice sensoriel - et sensuel.","robots":{"index":"index","follow":"follow","max-snippet":"max-snippet:-1","max-image-preview":"max-image-preview:large","max-video-preview":"max-video-preview:-1"},"canonical":"https:\/\/dutchhealthstore.com\/fr\/product\/chocolate-mocha-lover-lips\/","og_locale":"fr_FR","og_type":"article","og_title":"Chocolate Mocha Lover Lips - Dutch Health Store","og_description":"Ador\u00e9 par beaucoup, le Chocolate Mocha Lover Lips est un d\u00e9lice sensoriel - et sensuel.","og_url":"https:\/\/dutchhealthstore.com\/fr\/product\/chocolate-mocha-lover-lips\/","og_site_name":"Dutch Health Store","article_publisher":"https:\/\/www.instagram.com\/dutchhealthstore\/","article_modified_time":"2026-04-13T09:35:47+00:00","og_image":[{"width":614,"height":614,"url":"https:\/\/dutchhealthstore.com\/wp-content\/uploads\/2018\/02\/Living-Libations-Chocolate-Mocha-Lover-Lips.jpeg","type":"image\/jpeg"}],"twitter_card":"summary_large_image","twitter_misc":{"Prix":"&euro;15,00","Disponibilit\u00e9":"En stock"},"schema":{"@context":"https:\/\/schema.org","@graph":[{"@type":"WebPage","@id":"https:\/\/dutchhealthstore.com\/fr\/product\/chocolate-mocha-lover-lips\/","url":"https:\/\/dutchhealthstore.com\/fr\/product\/chocolate-mocha-lover-lips\/","name":"Chocolate Mocha Lover Lips | Living Libations","isPartOf":{"@id":"https:\/\/dutchhealthstore.com\/fr\/#website"},"primaryImageOfPage":{"@id":"https:\/\/dutchhealthstore.com\/fr\/product\/chocolate-mocha-lover-lips\/#primaryimage"},"image":{"@id":"https:\/\/dutchhealthstore.com\/fr\/product\/chocolate-mocha-lover-lips\/#primaryimage"},"thumbnailUrl":"https:\/\/dutchhealthstore.com\/wp-content\/uploads\/2018\/02\/Living-Libations-Chocolate-Mocha-Lover-Lips.jpeg","datePublished":"2018-02-10T08:35:40+00:00","dateModified":"2026-04-13T09:35:47+00:00","description":"Ador\u00e9 par beaucoup, le Chocolate Mocha Lover Lips est un d\u00e9lice sensoriel - et sensuel.","breadcrumb":{"@id":"https:\/\/dutchhealthstore.com\/fr\/product\/chocolate-mocha-lover-lips\/#breadcrumb"},"inLanguage":"fr-FR","potentialAction":[{"@type":"ReadAction","target":["https:\/\/dutchhealthstore.com\/fr\/product\/chocolate-mocha-lover-lips\/"]}]},{"@type":"ImageObject","inLanguage":"fr-FR","@id":"https:\/\/dutchhealthstore.com\/fr\/product\/chocolate-mocha-lover-lips\/#primaryimage","url":"https:\/\/dutchhealthstore.com\/wp-content\/uploads\/2018\/02\/Living-Libations-Chocolate-Mocha-Lover-Lips.jpeg","contentUrl":"https:\/\/dutchhealthstore.com\/wp-content\/uploads\/2018\/02\/Living-Libations-Chocolate-Mocha-Lover-Lips.jpeg","width":614,"height":614,"caption":"Living Libations - Chocolate-Mocha Lover Lips"},{"@type":"BreadcrumbList","@id":"https:\/\/dutchhealthstore.com\/fr\/product\/chocolate-mocha-lover-lips\/#breadcrumb","itemListElement":[{"@type":"ListItem","position":1,"name":"Home","item":"https:\/\/dutchhealthstore.com\/fr\/"},{"@type":"ListItem","position":2,"name":"Shop","item":"https:\/\/dutchhealthstore.com\/fr\/shop\/"},{"@type":"ListItem","position":3,"name":"Chocolate Mocha Lover Lips"}]},{"@type":"WebSite","@id":"https:\/\/dutchhealthstore.com\/fr\/#website","url":"https:\/\/dutchhealthstore.com\/fr\/","name":"Dutch Health Store","description":"Enhance Your Beauty with Organic &amp; Natural Skincare","publisher":{"@id":"https:\/\/dutchhealthstore.com\/fr\/#organization"},"potentialAction":[{"@type":"SearchAction","target":{"@type":"EntryPoint","urlTemplate":"https:\/\/dutchhealthstore.com\/fr\/?s={search_term_string}"},"query-input":{"@type":"PropertyValueSpecification","valueRequired":true,"valueName":"search_term_string"}}],"inLanguage":"fr-FR"},{"@type":"Organization","@id":"https:\/\/dutchhealthstore.com\/fr\/#organization","name":"Dutch Health Store","url":"https:\/\/dutchhealthstore.com\/fr\/","logo":{"@type":"ImageObject","inLanguage":"fr-FR","@id":"https:\/\/dutchhealthstore.com\/fr\/#\/schema\/logo\/image\/","url":"https:\/\/dutchhealthstore.com\/wp-content\/uploads\/2020\/08\/logo-dutchhealthstore-jpg-e1599484957574.jpg","contentUrl":"https:\/\/dutchhealthstore.com\/wp-content\/uploads\/2020\/08\/logo-dutchhealthstore-jpg-e1599484957574.jpg","width":400,"height":62,"caption":"Dutch Health Store"},"image":{"@id":"https:\/\/dutchhealthstore.com\/fr\/#\/schema\/logo\/image\/"},"sameAs":["https:\/\/www.instagram.com\/dutchhealthstore\/","https:\/\/www.facebook.com\/dutchhealthstore"]}]},"product_brand":"Living Libations","product_price_amount":"15.00","product_price_currency":"EUR","og_availability":"instock","product_availability":"instock","product_condition":"new"},"_links":{"self":[{"href":"https:\/\/dutchhealthstore.com\/fr\/wp-json\/wp\/v2\/product\/107365","targetHints":{"allow":["GET"]}}],"collection":[{"href":"https:\/\/dutchhealthstore.com\/fr\/wp-json\/wp\/v2\/product"}],"about":[{"href":"https:\/\/dutchhealthstore.com\/fr\/wp-json\/wp\/v2\/types\/product"}],"replies":[{"embeddable":true,"href":"https:\/\/dutchhealthstore.com\/fr\/wp-json\/wp\/v2\/comments?post=107365"}],"wp:featuredmedia":[{"embeddable":true,"href":"https:\/\/dutchhealthstore.com\/fr\/wp-json\/wp\/v2\/media\/50822"}],"wp:attachment":[{"href":"https:\/\/dutchhealthstore.com\/fr\/wp-json\/wp\/v2\/media?parent=107365"}],"wp:term":[{"taxonomy":"product_brand","embeddable":true,"href":"https:\/\/dutchhealthstore.com\/fr\/wp-json\/wp\/v2\/product_brand?post=107365"},{"taxonomy":"product_cat","embeddable":true,"href":"https:\/\/dutchhealthstore.com\/fr\/wp-json\/wp\/v2\/product_cat?post=107365"},{"taxonomy":"product_tag","embeddable":true,"href":"https:\/\/dutchhealthstore.com\/fr\/wp-json\/wp\/v2\/product_tag?post=107365"}],"curies":[{"name":"wp","href":"https:\/\/api.w.org\/{rel}","templated":true}]}}