{"id":107321,"date":"2020-06-15T12:45:57","date_gmt":"2020-06-15T10:45:57","guid":{"rendered":"https:\/\/dutchhealthstore.com\/product\/bedew-dab\/"},"modified":"2024-05-23T14:53:55","modified_gmt":"2024-05-23T12:53:55","slug":"bedew-dab","status":"publish","type":"product","link":"https:\/\/dutchhealthstore.com\/fr\/product\/bedew-dab\/","title":{"rendered":"BeDew Dab"},"content":{"rendered":"<h3><img decoding=\"async\" class=\"size-full wp-image-69549 alignright\" src=\"https:\/\/dutchhealthstore.com\/wp-content\/uploads\/2019\/08\/NEW-Living-Libations-Logo.jpg\" alt=\"NEW - Living Libations - Logo\" width=\"175\" height=\"82\">Comment utiliser<\/h3>\n<p>D\u00e9posez une seule goutte puissante directement sur la zone affect\u00e9e, ou combinez BeDew Dab avec Frankincense Best Skin Ever, Open Sky Eye Serum ou de l&rsquo;huile de jojoba pure pour un m\u00e9lange apaisant, rafra\u00eechissant et r\u00e9parateur.<\/p>\n<p><strong>Taille: 5 ml et 15 ml<\/strong><\/p>\n<h3 class=\"yikes-custom-woo-tab-title yikes-custom-woo-tab-title-natural-organic-ingredients\">Ingr\u00e9dients Naturels\/Biologiques<\/h3>\n<p><strong>Encens <\/strong><em>(Boswellia carterii)<\/em> &#8211; L&rsquo;encens sacr\u00e9 est de nature magnifiquement balsamique, ce qui lui conf\u00e8re le pouvoir in\u00e9gal\u00e9 d&rsquo;estomper l&rsquo;apparence des cicatrices, des ridules et des poches. Cette huile est un formidable tonique utilis\u00e9 depuis des milliers d&rsquo;ann\u00e9es pour nourrir et pr\u00e9server la peau.<\/p>\n<p><strong>Tanaisie bleue<\/strong> <em>(Tanacetum annuum)<\/em> &#8211; La belle tanaisie bleue est incroyablement apaisante et calmante pour la peau et l&rsquo;esprit. La teneur \u00e9lev\u00e9e en azul\u00e8ne de cette huile s&rsquo;ajoute \u00e0 la longue liste d&rsquo;ingr\u00e9dients de ce produit qui font de cette huile un produit unique. La tanaisie bleue a un ar\u00f4me herbac\u00e9 d\u00e9licieusement doux et favorise la relaxation tout en apaisant les peaux s\u00e8ches, rouges ou expos\u00e9es aux \u00e9l\u00e9ments environnementaux. Il apporte \u00e9galement des sentiments de paix \u00e0 votre routine de beaut\u00e9. La tanaisie bleue est connue pour son ar\u00f4me fruit\u00e9.<\/p>\n<p><strong>Bois de santal <\/strong><em>(Santalum album)<\/em> &#8211; Le bois de santal succulent est l&rsquo;antidote parfait pour les peaux gorg\u00e9es de soleil, chaudes et d\u00e9shydrat\u00e9es. Il aide la peau \u00e0 mieux retenir l&rsquo;humidit\u00e9, r\u00e9duit l&rsquo;apparence des cicatrices et des taches de vieillesse, et purifie les pores. Le bois de santal est une huile ancienne pour le corps et le visage, appr\u00e9ci\u00e9e comme un tonique calmant et apaisant. L&rsquo;essence parfum\u00e9e au miel et au sirop rassasie les peaux s\u00e8ches et sensibles.<\/p>\n<p><strong>Menthe poivr\u00e9e<\/strong><em> (Mentha piperita<\/em> ) &#8211; Avec sa fra\u00eecheur menthol\u00e9e et ses puissantes propri\u00e9t\u00e9s v\u00e9g\u00e9tales, les qualit\u00e9s rafra\u00eechissantes de la menthe poivr\u00e9e sont la cl\u00e9 du calme. La menthe poivr\u00e9e est rafra\u00eechissante et agr\u00e9able comme de la glace. Elle fait donc partie de ces huiles essentielles qui ont leur place dans chaque trousse de voyage. Le pouvoir v\u00e9g\u00e9tal de la menthe poivr\u00e9e, associ\u00e9 \u00e0 ses bienfaits toniques, revitalise les peaux ternes et apporte un \u00e9quilibre aux peaux grasses.<\/p>\n<p><strong>Cypr\u00e8s <\/strong><em>(Cypress sempervirens)<\/em> &#8211; L&rsquo;huile de cypr\u00e8s fortifiante est un tonique calmant et fortifiant. Le cypr\u00e8s est excellent pour purifier les pores. Distill\u00e9 \u00e0 partir des aiguilles puissantes du majestueux arbre \u00e0 feuilles persistantes, qui s&rsquo;\u00e9tend fi\u00e8rement vers les cieux en veillant sur des si\u00e8cles d&rsquo;existence. Cette essence vivifiante purifie les pores, \u00e9quilibre l&rsquo;exc\u00e8s de s\u00e9bum, remonte le moral et tonifie la peau.<\/p>\n<p><img fetchpriority=\"high\" decoding=\"async\" class=\"size-medium wp-image-68103 aligncenter\" src=\"https:\/\/dutchhealthstore.com\/wp-content\/uploads\/2018\/02\/Living-Libations-Organic-Logo-800x89.png\" alt=\"Living Libations - Organic Logo\" width=\"800\" height=\"89\" srcset=\"https:\/\/dutchhealthstore.com\/wp-content\/uploads\/2018\/02\/Living-Libations-Organic-Logo-800x89.png 800w, https:\/\/dutchhealthstore.com\/wp-content\/uploads\/2018\/02\/Living-Libations-Organic-Logo-510x57.png 510w, https:\/\/dutchhealthstore.com\/wp-content\/uploads\/2018\/02\/Living-Libations-Organic-Logo-768x85.png 768w, https:\/\/dutchhealthstore.com\/wp-content\/uploads\/2018\/02\/Living-Libations-Organic-Logo.png 1400w\" sizes=\"(max-width: 800px) 100vw, 800px\" \/><\/p>\n","protected":false},"excerpt":{"rendered":"<p>Lorsque le monde vous a \u00e9reint\u00e9 et que votre peau a l&rsquo;air fatigu\u00e9e, une petite touche de BeDew suffit!<\/p>\n<p><strong>Living Libations BeDew Dab<\/strong> est fabriqu\u00e9 avec les huiles les plus rafra\u00eechissantes et apaisantes de notre collection. Ce s\u00e9rum ponctuel est notre \u00e9lixir de pr\u00e9dilection pour les peaux qui ont besoin d&rsquo;\u00eatre sutur\u00e9es par une caresse bleu froid. BeDew Dab est une r\u00e9ponse rafra\u00eechissante et rassurante pour att\u00e9nuer l&rsquo;apparence des rougeurs et stopper les gonflements avec juste une petite touche de BeDew.<\/p>\n","protected":false},"featured_media":107144,"comment_status":"open","ping_status":"closed","template":"","meta":[],"product_brand":[],"product_cat":[14733,1211,1209,1030,5107,5121,5709,1229,5712,5716,4240,5713,1010,4040],"product_tag":[6441,4495],"class_list":{"0":"post-107321","1":"product","2":"type-product","3":"status-publish","4":"has-post-thumbnail","6":"product_cat-soins-de-la-peau","7":"product_cat-living-libations-france","8":"product_cat-par-marques","9":"product_cat-par-produits","10":"product_cat-by-skin-type-fr-4","11":"product_cat-dry-mature-ageing-skin-fr-2","12":"product_cat-dry-mature-ageing-skin-fr-4","13":"product_cat-sensitive-skin-redness-fr","14":"product_cat-sensitive-skin-redness-fr-3","15":"product_cat-serums-fr-5","16":"product_cat-serums-fr-2","17":"product_cat-serums-fr","18":"product_cat-notre-boutique","19":"product_cat-traitements-de-taches","20":"product_tag-blends-fr","21":"product_tag-essential-oil-fr","22":"pa_bestsellers-goed-fr","23":"pa_brand-livinglibations-fr","24":"pa_size-5-ml-fr","25":"pa_size-15-ml-fr","26":"pa_skincare-type-face-oil-and-serums-fr","27":"pa_skintype-dry-mature-ageing-skin-fr","28":"pa_skintype-sensitive-skin-redness-fr","30":"first","31":"instock","32":"taxable","33":"shipping-taxable","34":"purchasable","35":"product-type-variable"},"bundled_by":[],"bundle_stock_status":"instock","bundle_stock_quantity":null,"bundle_virtual":false,"bundle_layout":"","bundle_add_to_cart_form_location":"","bundle_editable_in_cart":false,"bundle_sold_individually_context":"","bundle_item_grouping":"","bundle_min_size":"","bundle_max_size":"","bundle_price":[],"bundled_items":[],"bundle_sell_ids":[230767],"atum_controlled":true,"out_stock_date":null,"out_stock_threshold":null,"inheritable":true,"stock_on_hold":0,"sold_today":0,"sales_last_days":0,"out_stock_days":0,"lost_sales":0,"update_date":"2026-04-10T00:00:41","atum_locations":[],"atum_stock_status":"instock","restock_status":false,"low_stock_amount":"","sales_update_date":"2026-04-10T00:00:41","calc_backorders":null,"group_of_quantity":0,"min_quantity":0,"max_quantity":"","exclude_order_quantity_value_rules":"no","exclude_category_quantity_rules":"no","combine_variations":"no","yoast_head":"<!-- This site is optimized with the Yoast SEO Premium plugin v26.5 (Yoast SEO v26.5) - https:\/\/yoast.com\/wordpress\/plugins\/seo\/ -->\n<title>Bedew Dab | Living Libations<\/title>\n<meta name=\"description\" content=\"Living Libations BeDew Dab est fabriqu\u00e9 avec les huiles les plus rafra\u00eechissantes et apaisantes de notre collection. Ce s\u00e9rum ponctuel est notre \u00e9lixir de pr\u00e9dilection pour les peaux qui ont besoin d&#039;\u00eatre sutur\u00e9es par une caresse bleu froid.\" \/>\n<meta name=\"robots\" content=\"index, follow, max-snippet:-1, max-image-preview:large, max-video-preview:-1\" \/>\n<link rel=\"canonical\" href=\"https:\/\/dutchhealthstore.com\/fr\/product\/bedew-dab\/\" \/>\n<meta property=\"og:locale\" content=\"fr_FR\" \/>\n<meta property=\"og:type\" content=\"article\" \/>\n<meta property=\"og:title\" content=\"BeDew Dab - Dutch Health Store\" \/>\n<meta property=\"og:description\" content=\"Living Libations BeDew Dab est fabriqu\u00e9 avec les huiles les plus rafra\u00eechissantes et apaisantes de notre collection. Ce s\u00e9rum ponctuel est notre \u00e9lixir de pr\u00e9dilection pour les peaux qui ont besoin d&#039;\u00eatre sutur\u00e9es par une caresse bleu froid.\" \/>\n<meta property=\"og:url\" content=\"https:\/\/dutchhealthstore.com\/fr\/product\/bedew-dab\/\" \/>\n<meta property=\"og:site_name\" content=\"Dutch Health Store\" \/>\n<meta property=\"article:publisher\" content=\"https:\/\/www.instagram.com\/dutchhealthstore\/\" \/>\n<meta property=\"article:modified_time\" content=\"2024-05-23T12:53:55+00:00\" \/>\n<meta property=\"og:image\" content=\"https:\/\/dutchhealthstore.com\/wp-content\/uploads\/2020\/06\/living-libations-bedew-dab-1-e1592224962412.jpg\" \/>\n\t<meta property=\"og:image:width\" content=\"500\" \/>\n\t<meta property=\"og:image:height\" content=\"500\" \/>\n\t<meta property=\"og:image:type\" content=\"image\/jpeg\" \/>\n<meta name=\"twitter:card\" content=\"summary_large_image\" \/>\n<meta name=\"twitter:label1\" content=\"Disponibilit\u00e9\" \/>\n\t<meta name=\"twitter:data1\" content=\"En stock\" \/>\n<script type=\"application\/ld+json\" class=\"yoast-schema-graph\">{\"@context\":\"https:\/\/schema.org\",\"@graph\":[{\"@type\":\"WebPage\",\"@id\":\"https:\/\/dutchhealthstore.com\/fr\/product\/bedew-dab\/\",\"url\":\"https:\/\/dutchhealthstore.com\/fr\/product\/bedew-dab\/\",\"name\":\"Bedew Dab | Living Libations\",\"isPartOf\":{\"@id\":\"https:\/\/dutchhealthstore.com\/fr\/#website\"},\"primaryImageOfPage\":{\"@id\":\"https:\/\/dutchhealthstore.com\/fr\/product\/bedew-dab\/#primaryimage\"},\"image\":{\"@id\":\"https:\/\/dutchhealthstore.com\/fr\/product\/bedew-dab\/#primaryimage\"},\"thumbnailUrl\":\"https:\/\/dutchhealthstore.com\/wp-content\/uploads\/2020\/06\/living-libations-bedew-dab-1-e1592224962412.jpg\",\"datePublished\":\"2020-06-15T10:45:57+00:00\",\"dateModified\":\"2024-05-23T12:53:55+00:00\",\"description\":\"Living Libations BeDew Dab est fabriqu\u00e9 avec les huiles les plus rafra\u00eechissantes et apaisantes de notre collection. Ce s\u00e9rum ponctuel est notre \u00e9lixir de pr\u00e9dilection pour les peaux qui ont besoin d'\u00eatre sutur\u00e9es par une caresse bleu froid.\",\"breadcrumb\":{\"@id\":\"https:\/\/dutchhealthstore.com\/fr\/product\/bedew-dab\/#breadcrumb\"},\"inLanguage\":\"fr-FR\",\"potentialAction\":[{\"@type\":\"ReadAction\",\"target\":[\"https:\/\/dutchhealthstore.com\/fr\/product\/bedew-dab\/\"]}]},{\"@type\":\"ImageObject\",\"inLanguage\":\"fr-FR\",\"@id\":\"https:\/\/dutchhealthstore.com\/fr\/product\/bedew-dab\/#primaryimage\",\"url\":\"https:\/\/dutchhealthstore.com\/wp-content\/uploads\/2020\/06\/living-libations-bedew-dab-1-e1592224962412.jpg\",\"contentUrl\":\"https:\/\/dutchhealthstore.com\/wp-content\/uploads\/2020\/06\/living-libations-bedew-dab-1-e1592224962412.jpg\",\"width\":500,\"height\":500},{\"@type\":\"BreadcrumbList\",\"@id\":\"https:\/\/dutchhealthstore.com\/fr\/product\/bedew-dab\/#breadcrumb\",\"itemListElement\":[{\"@type\":\"ListItem\",\"position\":1,\"name\":\"Home\",\"item\":\"https:\/\/dutchhealthstore.com\/fr\/\"},{\"@type\":\"ListItem\",\"position\":2,\"name\":\"Shop\",\"item\":\"https:\/\/dutchhealthstore.com\/fr\/shop\/\"},{\"@type\":\"ListItem\",\"position\":3,\"name\":\"BeDew Dab\"}]},{\"@type\":\"WebSite\",\"@id\":\"https:\/\/dutchhealthstore.com\/fr\/#website\",\"url\":\"https:\/\/dutchhealthstore.com\/fr\/\",\"name\":\"Dutch Health Store\",\"description\":\"Enhance Your Beauty with Organic &amp; Natural Skincare\",\"publisher\":{\"@id\":\"https:\/\/dutchhealthstore.com\/fr\/#organization\"},\"potentialAction\":[{\"@type\":\"SearchAction\",\"target\":{\"@type\":\"EntryPoint\",\"urlTemplate\":\"https:\/\/dutchhealthstore.com\/fr\/?s={search_term_string}\"},\"query-input\":{\"@type\":\"PropertyValueSpecification\",\"valueRequired\":true,\"valueName\":\"search_term_string\"}}],\"inLanguage\":\"fr-FR\"},{\"@type\":\"Organization\",\"@id\":\"https:\/\/dutchhealthstore.com\/fr\/#organization\",\"name\":\"Dutch Health Store\",\"url\":\"https:\/\/dutchhealthstore.com\/fr\/\",\"logo\":{\"@type\":\"ImageObject\",\"inLanguage\":\"fr-FR\",\"@id\":\"https:\/\/dutchhealthstore.com\/fr\/#\/schema\/logo\/image\/\",\"url\":\"https:\/\/dutchhealthstore.com\/wp-content\/uploads\/2020\/08\/logo-dutchhealthstore-jpg-e1599484957574.jpg\",\"contentUrl\":\"https:\/\/dutchhealthstore.com\/wp-content\/uploads\/2020\/08\/logo-dutchhealthstore-jpg-e1599484957574.jpg\",\"width\":400,\"height\":62,\"caption\":\"Dutch Health Store\"},\"image\":{\"@id\":\"https:\/\/dutchhealthstore.com\/fr\/#\/schema\/logo\/image\/\"},\"sameAs\":[\"https:\/\/www.instagram.com\/dutchhealthstore\/\",\"https:\/\/www.facebook.com\/dutchhealthstore\"]}]}<\/script>\n<meta property=\"product:brand\" content=\"Living Libations\" \/>\n<meta property=\"og:availability\" content=\"instock\" \/>\n<meta property=\"product:availability\" content=\"instock\" \/>\n<meta property=\"product:condition\" content=\"new\" \/>\n<!-- \/ Yoast SEO Premium plugin. -->","yoast_head_json":{"title":"Bedew Dab | Living Libations","description":"Living Libations BeDew Dab est fabriqu\u00e9 avec les huiles les plus rafra\u00eechissantes et apaisantes de notre collection. Ce s\u00e9rum ponctuel est notre \u00e9lixir de pr\u00e9dilection pour les peaux qui ont besoin d'\u00eatre sutur\u00e9es par une caresse bleu froid.","robots":{"index":"index","follow":"follow","max-snippet":"max-snippet:-1","max-image-preview":"max-image-preview:large","max-video-preview":"max-video-preview:-1"},"canonical":"https:\/\/dutchhealthstore.com\/fr\/product\/bedew-dab\/","og_locale":"fr_FR","og_type":"article","og_title":"BeDew Dab - Dutch Health Store","og_description":"Living Libations BeDew Dab est fabriqu\u00e9 avec les huiles les plus rafra\u00eechissantes et apaisantes de notre collection. Ce s\u00e9rum ponctuel est notre \u00e9lixir de pr\u00e9dilection pour les peaux qui ont besoin d'\u00eatre sutur\u00e9es par une caresse bleu froid.","og_url":"https:\/\/dutchhealthstore.com\/fr\/product\/bedew-dab\/","og_site_name":"Dutch Health Store","article_publisher":"https:\/\/www.instagram.com\/dutchhealthstore\/","article_modified_time":"2024-05-23T12:53:55+00:00","og_image":[{"width":500,"height":500,"url":"https:\/\/dutchhealthstore.com\/wp-content\/uploads\/2020\/06\/living-libations-bedew-dab-1-e1592224962412.jpg","type":"image\/jpeg"}],"twitter_card":"summary_large_image","twitter_misc":{"Disponibilit\u00e9":"En stock"},"schema":{"@context":"https:\/\/schema.org","@graph":[{"@type":"WebPage","@id":"https:\/\/dutchhealthstore.com\/fr\/product\/bedew-dab\/","url":"https:\/\/dutchhealthstore.com\/fr\/product\/bedew-dab\/","name":"Bedew Dab | Living Libations","isPartOf":{"@id":"https:\/\/dutchhealthstore.com\/fr\/#website"},"primaryImageOfPage":{"@id":"https:\/\/dutchhealthstore.com\/fr\/product\/bedew-dab\/#primaryimage"},"image":{"@id":"https:\/\/dutchhealthstore.com\/fr\/product\/bedew-dab\/#primaryimage"},"thumbnailUrl":"https:\/\/dutchhealthstore.com\/wp-content\/uploads\/2020\/06\/living-libations-bedew-dab-1-e1592224962412.jpg","datePublished":"2020-06-15T10:45:57+00:00","dateModified":"2024-05-23T12:53:55+00:00","description":"Living Libations BeDew Dab est fabriqu\u00e9 avec les huiles les plus rafra\u00eechissantes et apaisantes de notre collection. Ce s\u00e9rum ponctuel est notre \u00e9lixir de pr\u00e9dilection pour les peaux qui ont besoin d'\u00eatre sutur\u00e9es par une caresse bleu froid.","breadcrumb":{"@id":"https:\/\/dutchhealthstore.com\/fr\/product\/bedew-dab\/#breadcrumb"},"inLanguage":"fr-FR","potentialAction":[{"@type":"ReadAction","target":["https:\/\/dutchhealthstore.com\/fr\/product\/bedew-dab\/"]}]},{"@type":"ImageObject","inLanguage":"fr-FR","@id":"https:\/\/dutchhealthstore.com\/fr\/product\/bedew-dab\/#primaryimage","url":"https:\/\/dutchhealthstore.com\/wp-content\/uploads\/2020\/06\/living-libations-bedew-dab-1-e1592224962412.jpg","contentUrl":"https:\/\/dutchhealthstore.com\/wp-content\/uploads\/2020\/06\/living-libations-bedew-dab-1-e1592224962412.jpg","width":500,"height":500},{"@type":"BreadcrumbList","@id":"https:\/\/dutchhealthstore.com\/fr\/product\/bedew-dab\/#breadcrumb","itemListElement":[{"@type":"ListItem","position":1,"name":"Home","item":"https:\/\/dutchhealthstore.com\/fr\/"},{"@type":"ListItem","position":2,"name":"Shop","item":"https:\/\/dutchhealthstore.com\/fr\/shop\/"},{"@type":"ListItem","position":3,"name":"BeDew Dab"}]},{"@type":"WebSite","@id":"https:\/\/dutchhealthstore.com\/fr\/#website","url":"https:\/\/dutchhealthstore.com\/fr\/","name":"Dutch Health Store","description":"Enhance Your Beauty with Organic &amp; Natural Skincare","publisher":{"@id":"https:\/\/dutchhealthstore.com\/fr\/#organization"},"potentialAction":[{"@type":"SearchAction","target":{"@type":"EntryPoint","urlTemplate":"https:\/\/dutchhealthstore.com\/fr\/?s={search_term_string}"},"query-input":{"@type":"PropertyValueSpecification","valueRequired":true,"valueName":"search_term_string"}}],"inLanguage":"fr-FR"},{"@type":"Organization","@id":"https:\/\/dutchhealthstore.com\/fr\/#organization","name":"Dutch Health Store","url":"https:\/\/dutchhealthstore.com\/fr\/","logo":{"@type":"ImageObject","inLanguage":"fr-FR","@id":"https:\/\/dutchhealthstore.com\/fr\/#\/schema\/logo\/image\/","url":"https:\/\/dutchhealthstore.com\/wp-content\/uploads\/2020\/08\/logo-dutchhealthstore-jpg-e1599484957574.jpg","contentUrl":"https:\/\/dutchhealthstore.com\/wp-content\/uploads\/2020\/08\/logo-dutchhealthstore-jpg-e1599484957574.jpg","width":400,"height":62,"caption":"Dutch Health Store"},"image":{"@id":"https:\/\/dutchhealthstore.com\/fr\/#\/schema\/logo\/image\/"},"sameAs":["https:\/\/www.instagram.com\/dutchhealthstore\/","https:\/\/www.facebook.com\/dutchhealthstore"]}]},"product_brand":"Living Libations","og_availability":"instock","product_availability":"instock","product_condition":"new"},"_links":{"self":[{"href":"https:\/\/dutchhealthstore.com\/fr\/wp-json\/wp\/v2\/product\/107321","targetHints":{"allow":["GET"]}}],"collection":[{"href":"https:\/\/dutchhealthstore.com\/fr\/wp-json\/wp\/v2\/product"}],"about":[{"href":"https:\/\/dutchhealthstore.com\/fr\/wp-json\/wp\/v2\/types\/product"}],"replies":[{"embeddable":true,"href":"https:\/\/dutchhealthstore.com\/fr\/wp-json\/wp\/v2\/comments?post=107321"}],"wp:featuredmedia":[{"embeddable":true,"href":"https:\/\/dutchhealthstore.com\/fr\/wp-json\/wp\/v2\/media\/107144"}],"wp:attachment":[{"href":"https:\/\/dutchhealthstore.com\/fr\/wp-json\/wp\/v2\/media?parent=107321"}],"wp:term":[{"taxonomy":"product_brand","embeddable":true,"href":"https:\/\/dutchhealthstore.com\/fr\/wp-json\/wp\/v2\/product_brand?post=107321"},{"taxonomy":"product_cat","embeddable":true,"href":"https:\/\/dutchhealthstore.com\/fr\/wp-json\/wp\/v2\/product_cat?post=107321"},{"taxonomy":"product_tag","embeddable":true,"href":"https:\/\/dutchhealthstore.com\/fr\/wp-json\/wp\/v2\/product_tag?post=107321"}],"curies":[{"name":"wp","href":"https:\/\/api.w.org\/{rel}","templated":true}]}}