{"id":107083,"date":"2018-02-10T19:23:21","date_gmt":"2018-02-10T18:23:21","guid":{"rendered":"https:\/\/dutchhealthstore.com\/product\/dewdab\/"},"modified":"2026-02-19T14:35:31","modified_gmt":"2026-02-19T13:35:31","slug":"dewdab","status":"publish","type":"product","link":"https:\/\/dutchhealthstore.com\/fr\/product\/dewdab\/","title":{"rendered":"DewDab"},"content":{"rendered":"<p><img decoding=\"async\" class=\"size-full wp-image-37041 alignright\" src=\"https:\/\/dutchhealthstore.com\/wp-content\/uploads\/2018\/04\/Living_Libations-1.png\" alt=\"Organic &amp; Natural Beautyproducts - Living Libations\" width=\"175\" height=\"82\">Pour un teint le plus uniforme et le plus lisse possible, DewDab est le Dab \u00e0 privil\u00e9gier. Elle att\u00e9nue la peau des probl\u00e8mes qui apparaissent en quelque sorte du jour au lendemain. Tamponnez, habillez et caressez votre peau apr\u00e8s l&rsquo;avoir nettoy\u00e9e avec le Best Skin Ever, matin et soir, pour des r\u00e9sultats \u00e9clatants!<\/p>\n<h3>Comment utiliser<\/h3>\n<p>Il suffit d&rsquo;incliner le flacon pour lib\u00e9rer une goutte sur le bout de votre doigt et l&rsquo;appliquer directement sur la zone concern\u00e9e. Une petite touche suffira! Tamponnez directement, non dilu\u00e9 ou comme bel additif \u00e0 notre S\u00e9rum Supr\u00eame au Bois de Santal, S\u00e9rum Best Skin Ever au Bois de Santal, S\u00e9rum Soothsayer, Rose Renewal, ou All Seeing Eye Cr\u00e8me.<\/p>\n<h3 class=\"yikes-custom-woo-tab-title yikes-custom-woo-tab-title-natural-organic-ingredients\">Ingr\u00e9dients naturels\/biologiques<\/h3>\n<p><strong>Cape Chamomile<\/strong> Essential huile <em>(Eriocephalus punctulatus) &#8211; <\/em>Captivating cape chamomile&rsquo;s exsude une belle, fine fruit\u00e9-floral parfum qui est l&rsquo;un de mes ar\u00f4mes pr\u00e9f\u00e9r\u00e9s. La camomille du Cap a une teneur \u00e9lev\u00e9e en compos\u00e9s rares et nourrissants d&rsquo;ester et d&rsquo;azul\u00e8ne qui lui conf\u00e8rent une teinte bleu sarcelle pour apaiser toutes sortes de d\u00e9s\u00e9quilibres cutan\u00e9s. Cette essence rajeunissante r\u00e9gule le s\u00e9bum et adoucit l&rsquo;apparence des cicatrices et des taches.<\/p>\n<p><strong>Rose Otto<\/strong> Essential huile <em>(Rosa damascena)<\/em> &#8211; Regal rose otto est une divination distill\u00e9e \u00e0 la vapeur de la Vall\u00e9e des Roses en Bulgarie et a \u00e9t\u00e9 un ingr\u00e9dient int\u00e9gral dans les pr\u00e9parations de soins de la peau depuis des si\u00e8cles. Po\u00e8tes, \u00e9crivains et mystiques ont vant\u00e9 les effets r\u00e9confortants de l&rsquo;otto rose, qui ouvre le c\u0153ur \u00e0 l&rsquo;amour. Au-del\u00e0 de son ar\u00f4me ang\u00e9lique et de ses vibrations curatives, la rose otto est l&rsquo;huile la plus pr\u00e9cieuse, la plus recherch\u00e9e et la plus majestueuse sur le plan m\u00e9dicinal de toutes les vari\u00e9t\u00e9s de roses. Gr\u00e2ce divine pour la beaut\u00e9 et le visage, la rose radieuse ravive chaque filament de notre \u00eatre par son essence \u00e9l\u00e9gante. Il faut soixante roses pour obtenir une goutte d&rsquo;huile essentielle de rose otto! Le \u00ab\u00a0otto\u00a0\u00bb dans rose otto, fait r\u00e9f\u00e9rence \u00e0 son processus de distillation \u00e0 la vapeur. C&rsquo;est le seul type d&rsquo;essence de rose que l&rsquo;on souhaite utiliser dans les soins de la peau. Apaisant pour le c\u0153ur et adoucissant pour la peau, le rose otto est un alli\u00e9 cl\u00e9 du rajeunissement dermique, invitant \u00e0 l&rsquo;\u00e9quilibre et \u00e0 la beaut\u00e9.<\/p>\n<p><strong>Cypr\u00e8s<\/strong> huile Essentielle <em>(Cypress sempervirens)<\/em> &#8211; L&rsquo;huile de cypr\u00e8s fortifiante est un tonique calmant et fortifiant. Le cypr\u00e8s est excellent pour les peaux l\u00e9thargiques.<\/p>\n<p>huile essentielle huile <strong>encens<\/strong> <em>(Boswellia carterii)<\/em> &#8211; Il s&rsquo;agit d&rsquo;une essence sainte, quintessentielle pour cultiver la v\u00e9n\u00e9ration de la peau. Perles liquides de l&rsquo;arbre de vie, l&rsquo;encens est distill\u00e9 \u00e0 partir de la s\u00e8ve r\u00e9sineuse de l&rsquo;arbre. Ointe et inhal\u00e9e lors de c\u00e9r\u00e9monies spirituelles depuis des milliers d&rsquo;ann\u00e9es, cette huile fine et parfum\u00e9e augmente la r\u00e9silience de la peau. D\u00e9tenteur de la sagesse des \u00e2ges, l&rsquo;encens est formidable pour apaiser l&rsquo;apparence des cicatrices, lisser les irr\u00e9gularit\u00e9s de la peau et minimiser l&rsquo;apparence du m\u00e9lasma. Cette huile est un formidable tonique qui est utilis\u00e9 depuis des milliers d&rsquo;ann\u00e9es pour fortifier la peau.<\/p>\n<p><strong>Immortelle<\/strong> huile Essentielle <em>(Helichrysum italicum) &#8211; <\/em>L&rsquo;immortelle \u00e9ternelle est stellaire et brille divinement pour toutes sortes de soins de la peau. Cette huile florale parfum\u00e9e est fabriqu\u00e9e de mani\u00e8re sauvage sur l&rsquo;\u00eele de Corse, o\u00f9 les fleurs prosp\u00e8rent gr\u00e2ce aux brises de l&rsquo;oc\u00e9an et au soleil. Les fleurs poussent \u00e0 une altitude de 4 000 feet sur les falaises rocheuses de la campagne. L&rsquo;immortelle aide \u00e0 att\u00e9nuer l&rsquo;apparence des cicatrices, des taches, du m\u00e9lasme, des rougeurs et des ridules. Ce bijou d&rsquo;huile aux multiples facettes est \u00e9galement stimulant sur le plan \u00e9motionnel.<\/p>\n<p>huile essentielle huile <strong>lavande<\/strong> <em>(Lavendula angustifolia)<\/em> &#8211; La lavande langoureuse est r\u00e9put\u00e9e pour sa capacit\u00e9 \u00e0 apaiser le corps et l&rsquo;esprit. Ce tonique pour la peau, \u00e0 la fois doux et puissant, est parfait pour att\u00e9nuer l&rsquo;apparence des cicatrices, des taches, du m\u00e9lasme et des in\u00e9galit\u00e9s du teint. L&rsquo;agr\u00e9able parfum de la lavande caresse les sens, lib\u00e9rant les tensions nerveuses et att\u00e9nuant l&rsquo;agitation mentale. La lavande est une berceuse pour l&rsquo;esprit et la peau.<\/p>\n<p>&nbsp;<\/p>\n<p><img fetchpriority=\"high\" decoding=\"async\" class=\"aligncenter size-full wp-image-31577\" src=\"https:\/\/dutchhealthstore.com\/wp-content\/uploads\/2018\/03\/organic_big.png\" alt=\"Organic and Natural - Living Libations\" width=\"623\" height=\"103\" srcset=\"https:\/\/dutchhealthstore.com\/wp-content\/uploads\/2018\/03\/organic_big.png 623w, https:\/\/dutchhealthstore.com\/wp-content\/uploads\/2018\/03\/organic_big-510x84.png 510w, https:\/\/dutchhealthstore.com\/wp-content\/uploads\/2018\/03\/organic_big-600x99.png 600w, https:\/\/dutchhealthstore.com\/wp-content\/uploads\/2018\/03\/organic_big-350x58.png 350w\" sizes=\"(max-width: 623px) 100vw, 623px\" \/><\/p>\n","protected":false},"excerpt":{"rendered":"<p>Car c&rsquo;est dans la ros\u00e9e des petites choses que la peau est rafra\u00eechie et r\u00e9g\u00e9n\u00e9r\u00e9e. <strong>D<\/strong><strong>e<\/strong><strong>w<\/strong><strong>Dab<\/strong> est notre s\u00e9rum apaisant con\u00e7u pour att\u00e9nuer l&rsquo;apparence des ridules, des cicatrices, des bosses, de la couperose et du m\u00e9lasma sur votre peau. Tamponnez directement sur les zones qui ont besoin d&rsquo;\u00eatre soign\u00e9es ou m\u00e9langez avec le s\u00e9rum pour le visage Best Skin Ever ou Libations.<\/p>\n","protected":false},"featured_media":113121,"comment_status":"open","ping_status":"closed","template":"","meta":[],"product_brand":[],"product_cat":[6734,1211,3756,6746,1209,1030,5107,5673,5711,4240,5715,1010,14733,4040,6733],"product_tag":[4495],"class_list":{"0":"post-107083","1":"product","2":"type-product","3":"status-publish","4":"has-post-thumbnail","6":"product_cat-essential-oils","7":"product_cat-living-libations-france","8":"product_cat-melanges","9":"product_cat-essential-oil-blends-fr-2","10":"product_cat-par-marques","11":"product_cat-par-produits","12":"product_cat-by-skin-type-fr-4","13":"product_cat-oily-skin-clogged-pores-fr","14":"product_cat-oily-skin-clogged-pores-fr-5","15":"product_cat-serums-fr-2","16":"product_cat-serums-fr-4","17":"product_cat-notre-boutique","18":"product_cat-soins-de-la-peau","19":"product_cat-traitements-de-taches","20":"product_cat-wellness-fr-2","21":"product_tag-essential-oil-fr","22":"pa_bestsellers-goed-fr","23":"pa_bestsellers-uitstekend-fr","24":"pa_brand-livinglibations-fr","25":"pa_essential-oils-product-type-essential-oil-blends-fr","26":"pa_gtin-7439657334313-fr","27":"pa_size-15-ml-fr","28":"pa_size-30-ml-fr","29":"pa_size-5-ml-fr","30":"pa_skincare-type-face-oil-and-serums-fr","31":"pa_skintype-oily-skin-fr","33":"first","34":"instock","35":"taxable","36":"shipping-taxable","37":"purchasable","38":"product-type-variable"},"bundled_by":[],"bundle_stock_status":"instock","bundle_stock_quantity":null,"bundle_virtual":false,"bundle_layout":"","bundle_add_to_cart_form_location":"","bundle_editable_in_cart":false,"bundle_sold_individually_context":"","bundle_item_grouping":"","bundle_min_size":"","bundle_max_size":"","bundle_price":[],"bundled_items":[],"bundle_sell_ids":[230770],"atum_controlled":true,"out_stock_date":null,"out_stock_threshold":null,"inheritable":true,"stock_on_hold":0,"sold_today":0,"sales_last_days":0,"out_stock_days":0,"lost_sales":0,"update_date":"2026-04-16T06:41:21","atum_locations":[],"atum_stock_status":"instock","restock_status":false,"low_stock_amount":"","sales_update_date":"2026-04-16T06:41:21","calc_backorders":null,"group_of_quantity":0,"min_quantity":0,"max_quantity":"","exclude_order_quantity_value_rules":"no","exclude_category_quantity_rules":"no","combine_variations":"no","yoast_head":"<!-- This site is optimized with the Yoast SEO Premium plugin v26.5 (Yoast SEO v26.5) - https:\/\/yoast.com\/wordpress\/plugins\/seo\/ -->\n<title>DewDab | Living Libations<\/title>\n<meta name=\"description\" content=\"DewDab est notre s\u00e9rum apaisant pour les taches, con\u00e7u pour att\u00e9nuer l&#039;apparence des ridules, des cicatrices, des bosses, de la couperose et du m\u00e9lasma sur votre peau.\" \/>\n<meta name=\"robots\" content=\"index, follow, max-snippet:-1, max-image-preview:large, max-video-preview:-1\" \/>\n<link rel=\"canonical\" href=\"https:\/\/dutchhealthstore.com\/fr\/product\/dewdab\/\" \/>\n<meta property=\"og:locale\" content=\"fr_FR\" \/>\n<meta property=\"og:type\" content=\"article\" \/>\n<meta property=\"og:title\" content=\"DewDab - Dutch Health Store\" \/>\n<meta property=\"og:description\" content=\"DewDab est notre s\u00e9rum apaisant pour les taches, con\u00e7u pour att\u00e9nuer l&#039;apparence des ridules, des cicatrices, des bosses, de la couperose et du m\u00e9lasma sur votre peau.\" \/>\n<meta property=\"og:url\" content=\"https:\/\/dutchhealthstore.com\/fr\/product\/dewdab\/\" \/>\n<meta property=\"og:site_name\" content=\"Dutch Health Store\" \/>\n<meta property=\"article:publisher\" content=\"https:\/\/www.instagram.com\/dutchhealthstore\/\" \/>\n<meta property=\"article:modified_time\" content=\"2026-02-19T13:35:31+00:00\" \/>\n<meta property=\"og:image\" content=\"https:\/\/dutchhealthstore.com\/wp-content\/uploads\/2018\/02\/Living-Libations-DewDab-e1594631253131.jpg\" \/>\n\t<meta property=\"og:image:width\" content=\"500\" \/>\n\t<meta property=\"og:image:height\" content=\"500\" \/>\n\t<meta property=\"og:image:type\" content=\"image\/jpeg\" \/>\n<meta name=\"twitter:card\" content=\"summary_large_image\" \/>\n<meta name=\"twitter:label1\" content=\"Disponibilit\u00e9\" \/>\n\t<meta name=\"twitter:data1\" content=\"En stock\" \/>\n<script type=\"application\/ld+json\" class=\"yoast-schema-graph\">{\"@context\":\"https:\/\/schema.org\",\"@graph\":[{\"@type\":\"WebPage\",\"@id\":\"https:\/\/dutchhealthstore.com\/fr\/product\/dewdab\/\",\"url\":\"https:\/\/dutchhealthstore.com\/fr\/product\/dewdab\/\",\"name\":\"DewDab | Living Libations\",\"isPartOf\":{\"@id\":\"https:\/\/dutchhealthstore.com\/fr\/#website\"},\"primaryImageOfPage\":{\"@id\":\"https:\/\/dutchhealthstore.com\/fr\/product\/dewdab\/#primaryimage\"},\"image\":{\"@id\":\"https:\/\/dutchhealthstore.com\/fr\/product\/dewdab\/#primaryimage\"},\"thumbnailUrl\":\"https:\/\/dutchhealthstore.com\/wp-content\/uploads\/2018\/02\/Living-Libations-DewDab-e1594631253131.jpg\",\"datePublished\":\"2018-02-10T18:23:21+00:00\",\"dateModified\":\"2026-02-19T13:35:31+00:00\",\"description\":\"DewDab est notre s\u00e9rum apaisant pour les taches, con\u00e7u pour att\u00e9nuer l'apparence des ridules, des cicatrices, des bosses, de la couperose et du m\u00e9lasma sur votre peau.\",\"breadcrumb\":{\"@id\":\"https:\/\/dutchhealthstore.com\/fr\/product\/dewdab\/#breadcrumb\"},\"inLanguage\":\"fr-FR\",\"potentialAction\":[{\"@type\":\"ReadAction\",\"target\":[\"https:\/\/dutchhealthstore.com\/fr\/product\/dewdab\/\"]}]},{\"@type\":\"ImageObject\",\"inLanguage\":\"fr-FR\",\"@id\":\"https:\/\/dutchhealthstore.com\/fr\/product\/dewdab\/#primaryimage\",\"url\":\"https:\/\/dutchhealthstore.com\/wp-content\/uploads\/2018\/02\/Living-Libations-DewDab-e1594631253131.jpg\",\"contentUrl\":\"https:\/\/dutchhealthstore.com\/wp-content\/uploads\/2018\/02\/Living-Libations-DewDab-e1594631253131.jpg\",\"width\":500,\"height\":500,\"caption\":\"Living Libations DewDab\"},{\"@type\":\"BreadcrumbList\",\"@id\":\"https:\/\/dutchhealthstore.com\/fr\/product\/dewdab\/#breadcrumb\",\"itemListElement\":[{\"@type\":\"ListItem\",\"position\":1,\"name\":\"Home\",\"item\":\"https:\/\/dutchhealthstore.com\/fr\/\"},{\"@type\":\"ListItem\",\"position\":2,\"name\":\"Shop\",\"item\":\"https:\/\/dutchhealthstore.com\/fr\/shop\/\"},{\"@type\":\"ListItem\",\"position\":3,\"name\":\"DewDab\"}]},{\"@type\":\"WebSite\",\"@id\":\"https:\/\/dutchhealthstore.com\/fr\/#website\",\"url\":\"https:\/\/dutchhealthstore.com\/fr\/\",\"name\":\"Dutch Health Store\",\"description\":\"Enhance Your Beauty with Organic &amp; Natural Skincare\",\"publisher\":{\"@id\":\"https:\/\/dutchhealthstore.com\/fr\/#organization\"},\"potentialAction\":[{\"@type\":\"SearchAction\",\"target\":{\"@type\":\"EntryPoint\",\"urlTemplate\":\"https:\/\/dutchhealthstore.com\/fr\/?s={search_term_string}\"},\"query-input\":{\"@type\":\"PropertyValueSpecification\",\"valueRequired\":true,\"valueName\":\"search_term_string\"}}],\"inLanguage\":\"fr-FR\"},{\"@type\":\"Organization\",\"@id\":\"https:\/\/dutchhealthstore.com\/fr\/#organization\",\"name\":\"Dutch Health Store\",\"url\":\"https:\/\/dutchhealthstore.com\/fr\/\",\"logo\":{\"@type\":\"ImageObject\",\"inLanguage\":\"fr-FR\",\"@id\":\"https:\/\/dutchhealthstore.com\/fr\/#\/schema\/logo\/image\/\",\"url\":\"https:\/\/dutchhealthstore.com\/wp-content\/uploads\/2020\/08\/logo-dutchhealthstore-jpg-e1599484957574.jpg\",\"contentUrl\":\"https:\/\/dutchhealthstore.com\/wp-content\/uploads\/2020\/08\/logo-dutchhealthstore-jpg-e1599484957574.jpg\",\"width\":400,\"height\":62,\"caption\":\"Dutch Health Store\"},\"image\":{\"@id\":\"https:\/\/dutchhealthstore.com\/fr\/#\/schema\/logo\/image\/\"},\"sameAs\":[\"https:\/\/www.instagram.com\/dutchhealthstore\/\",\"https:\/\/www.facebook.com\/dutchhealthstore\"]}]}<\/script>\n<meta property=\"product:brand\" content=\"Living Libations\" \/>\n<meta property=\"og:availability\" content=\"instock\" \/>\n<meta property=\"product:availability\" content=\"instock\" \/>\n<meta property=\"product:condition\" content=\"new\" \/>\n<!-- \/ Yoast SEO Premium plugin. -->","yoast_head_json":{"title":"DewDab | Living Libations","description":"DewDab est notre s\u00e9rum apaisant pour les taches, con\u00e7u pour att\u00e9nuer l'apparence des ridules, des cicatrices, des bosses, de la couperose et du m\u00e9lasma sur votre peau.","robots":{"index":"index","follow":"follow","max-snippet":"max-snippet:-1","max-image-preview":"max-image-preview:large","max-video-preview":"max-video-preview:-1"},"canonical":"https:\/\/dutchhealthstore.com\/fr\/product\/dewdab\/","og_locale":"fr_FR","og_type":"article","og_title":"DewDab - Dutch Health Store","og_description":"DewDab est notre s\u00e9rum apaisant pour les taches, con\u00e7u pour att\u00e9nuer l'apparence des ridules, des cicatrices, des bosses, de la couperose et du m\u00e9lasma sur votre peau.","og_url":"https:\/\/dutchhealthstore.com\/fr\/product\/dewdab\/","og_site_name":"Dutch Health Store","article_publisher":"https:\/\/www.instagram.com\/dutchhealthstore\/","article_modified_time":"2026-02-19T13:35:31+00:00","og_image":[{"width":500,"height":500,"url":"https:\/\/dutchhealthstore.com\/wp-content\/uploads\/2018\/02\/Living-Libations-DewDab-e1594631253131.jpg","type":"image\/jpeg"}],"twitter_card":"summary_large_image","twitter_misc":{"Disponibilit\u00e9":"En stock"},"schema":{"@context":"https:\/\/schema.org","@graph":[{"@type":"WebPage","@id":"https:\/\/dutchhealthstore.com\/fr\/product\/dewdab\/","url":"https:\/\/dutchhealthstore.com\/fr\/product\/dewdab\/","name":"DewDab | Living Libations","isPartOf":{"@id":"https:\/\/dutchhealthstore.com\/fr\/#website"},"primaryImageOfPage":{"@id":"https:\/\/dutchhealthstore.com\/fr\/product\/dewdab\/#primaryimage"},"image":{"@id":"https:\/\/dutchhealthstore.com\/fr\/product\/dewdab\/#primaryimage"},"thumbnailUrl":"https:\/\/dutchhealthstore.com\/wp-content\/uploads\/2018\/02\/Living-Libations-DewDab-e1594631253131.jpg","datePublished":"2018-02-10T18:23:21+00:00","dateModified":"2026-02-19T13:35:31+00:00","description":"DewDab est notre s\u00e9rum apaisant pour les taches, con\u00e7u pour att\u00e9nuer l'apparence des ridules, des cicatrices, des bosses, de la couperose et du m\u00e9lasma sur votre peau.","breadcrumb":{"@id":"https:\/\/dutchhealthstore.com\/fr\/product\/dewdab\/#breadcrumb"},"inLanguage":"fr-FR","potentialAction":[{"@type":"ReadAction","target":["https:\/\/dutchhealthstore.com\/fr\/product\/dewdab\/"]}]},{"@type":"ImageObject","inLanguage":"fr-FR","@id":"https:\/\/dutchhealthstore.com\/fr\/product\/dewdab\/#primaryimage","url":"https:\/\/dutchhealthstore.com\/wp-content\/uploads\/2018\/02\/Living-Libations-DewDab-e1594631253131.jpg","contentUrl":"https:\/\/dutchhealthstore.com\/wp-content\/uploads\/2018\/02\/Living-Libations-DewDab-e1594631253131.jpg","width":500,"height":500,"caption":"Living Libations DewDab"},{"@type":"BreadcrumbList","@id":"https:\/\/dutchhealthstore.com\/fr\/product\/dewdab\/#breadcrumb","itemListElement":[{"@type":"ListItem","position":1,"name":"Home","item":"https:\/\/dutchhealthstore.com\/fr\/"},{"@type":"ListItem","position":2,"name":"Shop","item":"https:\/\/dutchhealthstore.com\/fr\/shop\/"},{"@type":"ListItem","position":3,"name":"DewDab"}]},{"@type":"WebSite","@id":"https:\/\/dutchhealthstore.com\/fr\/#website","url":"https:\/\/dutchhealthstore.com\/fr\/","name":"Dutch Health Store","description":"Enhance Your Beauty with Organic &amp; Natural Skincare","publisher":{"@id":"https:\/\/dutchhealthstore.com\/fr\/#organization"},"potentialAction":[{"@type":"SearchAction","target":{"@type":"EntryPoint","urlTemplate":"https:\/\/dutchhealthstore.com\/fr\/?s={search_term_string}"},"query-input":{"@type":"PropertyValueSpecification","valueRequired":true,"valueName":"search_term_string"}}],"inLanguage":"fr-FR"},{"@type":"Organization","@id":"https:\/\/dutchhealthstore.com\/fr\/#organization","name":"Dutch Health Store","url":"https:\/\/dutchhealthstore.com\/fr\/","logo":{"@type":"ImageObject","inLanguage":"fr-FR","@id":"https:\/\/dutchhealthstore.com\/fr\/#\/schema\/logo\/image\/","url":"https:\/\/dutchhealthstore.com\/wp-content\/uploads\/2020\/08\/logo-dutchhealthstore-jpg-e1599484957574.jpg","contentUrl":"https:\/\/dutchhealthstore.com\/wp-content\/uploads\/2020\/08\/logo-dutchhealthstore-jpg-e1599484957574.jpg","width":400,"height":62,"caption":"Dutch Health Store"},"image":{"@id":"https:\/\/dutchhealthstore.com\/fr\/#\/schema\/logo\/image\/"},"sameAs":["https:\/\/www.instagram.com\/dutchhealthstore\/","https:\/\/www.facebook.com\/dutchhealthstore"]}]},"product_brand":"Living Libations","og_availability":"instock","product_availability":"instock","product_condition":"new"},"_links":{"self":[{"href":"https:\/\/dutchhealthstore.com\/fr\/wp-json\/wp\/v2\/product\/107083","targetHints":{"allow":["GET"]}}],"collection":[{"href":"https:\/\/dutchhealthstore.com\/fr\/wp-json\/wp\/v2\/product"}],"about":[{"href":"https:\/\/dutchhealthstore.com\/fr\/wp-json\/wp\/v2\/types\/product"}],"replies":[{"embeddable":true,"href":"https:\/\/dutchhealthstore.com\/fr\/wp-json\/wp\/v2\/comments?post=107083"}],"wp:featuredmedia":[{"embeddable":true,"href":"https:\/\/dutchhealthstore.com\/fr\/wp-json\/wp\/v2\/media\/113121"}],"wp:attachment":[{"href":"https:\/\/dutchhealthstore.com\/fr\/wp-json\/wp\/v2\/media?parent=107083"}],"wp:term":[{"taxonomy":"product_brand","embeddable":true,"href":"https:\/\/dutchhealthstore.com\/fr\/wp-json\/wp\/v2\/product_brand?post=107083"},{"taxonomy":"product_cat","embeddable":true,"href":"https:\/\/dutchhealthstore.com\/fr\/wp-json\/wp\/v2\/product_cat?post=107083"},{"taxonomy":"product_tag","embeddable":true,"href":"https:\/\/dutchhealthstore.com\/fr\/wp-json\/wp\/v2\/product_tag?post=107083"}],"curies":[{"name":"wp","href":"https:\/\/api.w.org\/{rel}","templated":true}]}}