{"id":106896,"date":"2020-01-20T11:59:50","date_gmt":"2020-01-20T11:59:50","guid":{"rendered":"https:\/\/dutchhealthstore.com\/product\/zippity-dewdab-ozonated-beauty-balm\/"},"modified":"2026-04-27T00:18:19","modified_gmt":"2026-04-26T22:18:19","slug":"zippity-dewdab-ozonated-beauty-balm","status":"publish","type":"product","link":"https:\/\/dutchhealthstore.com\/fr\/product\/zippity-dewdab-ozonated-beauty-balm\/","title":{"rendered":"Zippity DewDab &#8211; Ozonated Beauty Balm"},"content":{"rendered":"<p><b><strong><img decoding=\"async\" class=\"alignright size-full wp-image-69549\" src=\"https:\/\/dutchhealthstore.com\/wp-content\/uploads\/2019\/08\/NEW-Living-Libations-Logo.jpg\" alt=\"NEW - Living Libations - Logo\" width=\"175\" height=\"82\">Z<\/strong><\/b><b><strong>i<\/strong><\/b><b><strong>ppity <\/strong><\/b><b><strong>Dew<\/strong><\/b><b><strong>Dab Ozonated Beauty Balm<\/strong><\/b>est un baume de beaut\u00e9 audacieusement \u00e9nergique pour nettoyer l&rsquo;acn\u00e9 et calmer l&rsquo;apparence des peaux rouges, rugueuses et au grain irr\u00e9gulier. Ce baume velout\u00e9 se transforme en un gel doux et soyeux \u00e0 temp\u00e9rature ambiante.<\/p>\n<p>La cire de laurier qui prot\u00e8ge la peau et le jojoba sain se m\u00e9langent et soudent les huiles essentielles de niaouli tonifiant, de carotte clarifiant, d&rsquo;immortelle stimulante, de romarin purifiant les pores, de tanaisie bleue rafra\u00eechissante et de thym doux stabilisant le s\u00e9bum. L&rsquo;ozone \u00e9quilibre et d\u00e9livre la force vitale de l&rsquo;oxyg\u00e8ne pour redonner \u00e0 la peau sa douceur et sa vitalit\u00e9.<\/p>\n<p>Pour les peaux qui ont besoin d&rsquo;un tonique agile et efficace, appliquez matin et soir une seule noisette de ros\u00e9e verdoyante sur la peau concern\u00e9e.<\/p>\n<h3 style=\"font-weight: 400;\"><strong>Comprendre l&rsquo;ar\u00f4me de l&rsquo;ozone<\/strong><\/h3>\n<p style=\"font-weight: 400;\">Si vous ne connaissez pas l&rsquo;huile ozon\u00e9e, l&rsquo;odeur peut \u00eatre surprenante car elle rappelle l&rsquo;ar\u00f4me de l&rsquo;air charg\u00e9 pendant un orage. La plupart des gens aiment l&rsquo;ar\u00f4me frais et charg\u00e9, tandis que d&rsquo;autres, au premier nez, le trouvent fort et inhabituel. Ces personnes trouvent cela plus agr\u00e9able apr\u00e8s avoir utilis\u00e9 l&rsquo;ozone pendant quelques jours. Chaque formule est agr\u00e9ment\u00e9e de la danse d\u00e9lectable des huiles essentielles aromatiques infus\u00e9es pour activer davantage l&rsquo;exp\u00e9rience olfactive et cutan\u00e9e.<\/p>\n<h3>Comment utiliser<\/h3>\n<p>Apr\u00e8s le nettoyage, appliquez une petite quantit\u00e9 de ros\u00e9e sur la peau concern\u00e9e. Fonctionne bien sous le maquillage des yeux et comme brillant \u00e0 l\u00e8vres aussi!<\/p>\n<p><strong>Taille : 6,5 ml<\/strong><\/p>\n<h3 class=\"yikes-custom-woo-tab-title yikes-custom-woo-tab-title-natural-organic-ingredients\">Natural\/Organic Ingredients<\/h3>\n<p><strong>Jojoba ozon\u00e9<\/strong> <em>(Simmondsia chinensis O3)<\/em> &#8211; Le jojoba est enrichi d&rsquo;ozone pour recharger la peau! Lorsque l&rsquo;ozone est ajout\u00e9 au jojoba sain, un tout nouveau niveau d&rsquo;abondance est atteint. L&rsquo;oxyg\u00e8ne activ\u00e9, l&rsquo;ozone, est fabriqu\u00e9 en chargeant de l&rsquo;oxyg\u00e8ne pur (deux atomes d&rsquo;oxyg\u00e8ne &#8211; O2) pour devenir de l&rsquo;ozone pur (avec trois atomes d&rsquo;oxyg\u00e8ne &#8211; O3). Cet oxyg\u00e8ne fra\u00eechement activ\u00e9 est ensuite lentement infus\u00e9 dans le Jojoba. Les bulles d&rsquo;ozone qui traversent le jojoba renforcent encore l&rsquo;huile en lui donnant une bouff\u00e9e d&rsquo;air frais qui insuffle la force vitale directement dans la peau. Le jojoba est la r\u00e9ponse du d\u00e9sert \u00e0 la s\u00e9cheresse. Vivant parmi les temp\u00eates de sable et les cactus, le jojoba \u00e9merge comme une oasis exub\u00e9rante et \u00e9molliente. Lorsque cet arbuste robuste cuit sous le soleil du d\u00e9sert, des perles d&rsquo;or liquide germent \u00e0 l&rsquo;int\u00e9rieur des graines de jojoba. Ces graines font jaillir une huile dor\u00e9e qui est extraite par pression \u00e0 froid pour donner un lipide super similaire au s\u00e9bum naturel de notre peau. En p\u00e9n\u00e9trant sans effort dans la peau, il transf\u00e8re des phytonutriments qui aident la peau \u00e0 conserver son hydratation et \u00e0 retrouver son \u00e9lasticit\u00e9. Brillamment b\u00e9n\u00e9fique pour la peau gr\u00e2ce \u00e0 son abondance de nutriments et de vitamine E tocoph\u00e9rols, le jojoba lubrifie comme une huile, mais il s&rsquo;agit en fait d&rsquo;une cire v\u00e9g\u00e9tale liquide, ce qui en fait un produit parfaitement adapt\u00e9 pour \u00e9quilibrer les peaux grasses car il r\u00e9gule le s\u00e9bum et purifie les pores. Riche et soyeux, le jojoba procure une hydratation longue dur\u00e9e.<\/p>\n<p><strong>Niaouli<\/strong><em> (Melaleuca quinquenervia)<\/em> &#8211; L&rsquo;huile essentielle de niaouli est le cousin vif et lumineux du tea tree. Si vous trouvez l&rsquo;arbre \u00e0 th\u00e9 un peu piquant, cette essence revitalisante offre un pouvoir tonifiant suppl\u00e9mentaire envelopp\u00e9 dans un parfum plus chaud, plus doux et plus camphr\u00e9. D\u00e9bordant d&rsquo;intelligence v\u00e9g\u00e9tale efficace, le niaouli resserre les tissus et est tr\u00e8s utile pour att\u00e9nuer l&rsquo;apparence des probl\u00e8mes de peau. Tout comme l&rsquo;huile d&rsquo;arbre \u00e0 th\u00e9 est connue pour nettoyer l&rsquo;acn\u00e9, le niaouli offre des avantages similaires pour les peaux sensibles.<\/p>\n<p><strong>Graine de carotte<\/strong> <em>(Daucus carota)<\/em> &#8211; Carotte sauvage, \u00e9galement appel\u00e9e reine Anne.<\/p>\n<p><strong>Immortelle<\/strong> <em>(Helichrysum italicum)<\/em> &#8211; L&rsquo;Immortelle \u00e9ternelle est stellaire et rayonne de fa\u00e7on divine pour tous les types de soins de la peau. Cette huile florale parfum\u00e9e est fabriqu\u00e9e de mani\u00e8re sauvage sur l&rsquo;\u00eele de Corse, o\u00f9 les fleurs prosp\u00e8rent gr\u00e2ce aux brises de l&rsquo;oc\u00e9an et au soleil. Les fleurs poussent \u00e0 une altitude de 4 000 feet sur les falaises rocheuses de la campagne. L&rsquo;immortelle aide \u00e0 att\u00e9nuer l&rsquo;apparence des cicatrices, des taches, du m\u00e9lasme, des rougeurs et des ridules. Ce bijou d&rsquo;huile aux multiples facettes est \u00e9galement stimulant sur le plan \u00e9motionnel.<\/p>\n<p><strong>Romarin<\/strong> <em>(Rosmarinus verbenone)<\/em> &#8211; L&rsquo;huile essentielle de romarin vivifiant est un tonique herbac\u00e9 vivifiant et vivifiant \u00e0 l&rsquo;ar\u00f4me rafra\u00eechissant et p\u00e9n\u00e9trant. Consid\u00e9rez le romarin comme l&rsquo;ami courageux qui stimule la l\u00e9thargie et aide le cuir chevelu et la peau \u00e0 se d\u00e9velopper avec une fra\u00eecheur renouvel\u00e9e.<\/p>\n<p><strong>Tanaisie bleue<\/strong> <em>(Tanacetum annuum)<\/em> &#8211; La belle tanaisie bleue est incroyablement apaisante et calmante pour la peau et l&rsquo;esprit. La teneur \u00e9lev\u00e9e en azul\u00e8ne de cette huile ajoute des antioxydants \u00e0 la longue liste d&rsquo;ingr\u00e9dients de ce produit qui fait chanter cette huile. La tanaisie bleue a un ar\u00f4me herbac\u00e9 d\u00e9licieusement doux et favorise la relaxation tout en apaisant les peaux s\u00e8ches, rouges ou expos\u00e9es aux \u00e9l\u00e9ments environnementaux. Il apporte \u00e9galement des sentiments de paix \u00e0 votre routine de beaut\u00e9. La tanaisie bleue est connue pour son ar\u00f4me fruit\u00e9.<\/p>\n<p><strong>Thym doux<\/strong><em> (Thyme vulgaris linalool)<\/em> &#8211; Le thym linalool est aussi fort que doux! Elle contient tout le pouvoir fortifiant et tonifiant des autres types d&rsquo;huiles de thym, sans provoquer d&rsquo;irritation, tout en purifiant les pores. Il est connu pour stimuler et dynamiser le corps et l&rsquo;esprit tout en \u00e9tant suffisamment doux pour \u00eatre utilis\u00e9 sur les jeunes enfants et les personnes \u00e2g\u00e9es. Le thym Linalool est un ingr\u00e9dient pr\u00e9cieux de nos s\u00e9rums doux pour la peau. \u00ab\u00a0Dans cette huile, la douceur du linalol et de l&rsquo;ac\u00e9tate de linalyle est associ\u00e9e \u00e0 l&rsquo;action tonique du thym. Elle est excellente pour les impuret\u00e9s de la peau. Sa douceur en a fait du jour au lendemain un classique de l&rsquo;aromath\u00e9rapie. C&rsquo;est un tonique agr\u00e9able&#8230; et il est irrempla\u00e7able dans les soins de la peau\u00a0\u00bb (Schnaubelt,1999).<\/p>\n<p><strong>Cire de laurier<\/strong> <em>(Myrica pubescens)<\/em> &#8211; La cire de laurier est po\u00e9tique sur vos joues et forme une couche respirante et aimante sur votre peau. Cette fine cire de fruit est une b\u00e9n\u00e9diction provenant de la baie d&rsquo;un arbuste \u00e0 feuilles persistantes qui pousse \u00e0 haute altitude dans les Andes.<\/p>\n<p><img fetchpriority=\"high\" decoding=\"async\" class=\"size-medium wp-image-68099 aligncenter\" src=\"https:\/\/dutchhealthstore.com\/wp-content\/uploads\/2018\/02\/Logo-Living-Libations-New-2019-800x88.png\" alt=\"Logo Living Libations New 2019\" width=\"800\" height=\"88\" srcset=\"https:\/\/dutchhealthstore.com\/wp-content\/uploads\/2018\/02\/Logo-Living-Libations-New-2019-800x88.png 800w, https:\/\/dutchhealthstore.com\/wp-content\/uploads\/2018\/02\/Logo-Living-Libations-New-2019-510x56.png 510w, https:\/\/dutchhealthstore.com\/wp-content\/uploads\/2018\/02\/Logo-Living-Libations-New-2019-768x85.png 768w, https:\/\/dutchhealthstore.com\/wp-content\/uploads\/2018\/02\/Logo-Living-Libations-New-2019.png 905w\" sizes=\"(max-width: 800px) 100vw, 800px\" \/><\/p>\n","protected":false},"excerpt":{"rendered":"<p>\u00c9liminez les boutons et les imperfections avec cette ros\u00e9e activ\u00e9e et ozon\u00e9e.<\/p>\n<p>Living Libations <b><strong>Z<\/strong><\/b><b><strong>i<\/strong><\/b><b><strong>ppity <\/strong><\/b><b><strong>Dew<\/strong><\/b><b><strong>Dab Ozonated Beauty Balm<\/strong><\/b>est un baume de beaut\u00e9 dynamique qui nettoie les peaux sujettes aux imperfections, purifie les pores et efface l&rsquo;apparence des cicatrices et des taches tout en restaurant votre \u00e9clat magnifique. Il est infus\u00e9 d&rsquo;ozone frais pour surcharger l&rsquo;agilit\u00e9 effervescente d&rsquo;essences puissantes qui ravivent l&rsquo;harmonie et lissent la peau.<\/p>\n","protected":false},"featured_media":360089,"comment_status":"open","ping_status":"closed","template":"","meta":[],"product_brand":[],"product_cat":[5722,5654,1211,3756,1209,1030,5107,5721,5673,1010,14733,2985,4040],"product_tag":[6235,21673,21531,4864,21358],"class_list":{"0":"post-106896","1":"product","2":"type-product","3":"status-publish","4":"has-post-thumbnail","6":"product_cat-moisturizers-fr-fr-4","7":"product_cat-moisturizers-fr-fr","8":"product_cat-living-libations-france","9":"product_cat-melanges","10":"product_cat-par-marques","11":"product_cat-par-produits","12":"product_cat-by-skin-type-fr-4","13":"product_cat-oily-skin-clogged-pores","14":"product_cat-oily-skin-clogged-pores-fr","15":"product_cat-notre-boutique","16":"product_cat-soins-de-la-peau","17":"product_cat-visage-fr","18":"product_cat-traitements-de-taches","19":"product_tag-balm-fr","20":"product_tag-purifiant","21":"product_tag-reparation","22":"product_tag-skin-fr","23":"product_tag-soins-du-visage","24":"pa_bestsellers-goed-fr","25":"pa_brand-livinglibations-fr","26":"pa_gtin-7439657274206-fr-2","27":"pa_size-6-5-ml-fr","28":"pa_skincare-type-moisturizers-fr","29":"pa_skintype-oily-skin-fr","31":"first","32":"instock","33":"taxable","34":"shipping-taxable","35":"purchasable","36":"product-type-simple"},"bundled_by":[],"bundle_stock_status":"instock","bundle_stock_quantity":8,"bundle_virtual":false,"bundle_layout":"","bundle_add_to_cart_form_location":"","bundle_editable_in_cart":false,"bundle_sold_individually_context":"","bundle_item_grouping":"","bundle_min_size":"","bundle_max_size":"","bundle_price":[],"bundled_items":[],"bundle_sell_ids":[107695],"atum_controlled":true,"out_stock_date":null,"out_stock_threshold":null,"inheritable":false,"stock_on_hold":3,"sold_today":0,"sales_last_days":2,"out_stock_days":0,"lost_sales":0,"update_date":"2026-05-01T06:58:31","atum_locations":[],"atum_stock_status":"instock","restock_status":false,"low_stock_amount":"","sales_update_date":"2026-05-01T06:58:31","calc_backorders":null,"group_of_quantity":0,"min_quantity":0,"max_quantity":"","exclude_order_quantity_value_rules":"no","exclude_category_quantity_rules":"no","combine_variations":"no","yoast_head":"<!-- This site is optimized with the Yoast SEO Premium plugin v26.5 (Yoast SEO v26.5) - https:\/\/yoast.com\/wordpress\/plugins\/seo\/ -->\n<title>Zippity DewDab - Ozonated Beauty Balm | Living Libations<\/title>\n<meta name=\"description\" content=\"Zippity DewDab Ozonated Beauty Balm est un baume de beaut\u00e9 qui nettoie les peaux sujettes aux imperfections, purifie les pores et efface l&#039;apparence des cicatrices et des taches.\" \/>\n<meta name=\"robots\" content=\"index, follow, max-snippet:-1, max-image-preview:large, max-video-preview:-1\" \/>\n<link rel=\"canonical\" href=\"https:\/\/dutchhealthstore.com\/fr\/product\/zippity-dewdab-ozonated-beauty-balm\/\" \/>\n<meta property=\"og:locale\" content=\"fr_FR\" \/>\n<meta property=\"og:type\" content=\"article\" \/>\n<meta property=\"og:title\" content=\"Zippity DewDab - Ozonated Beauty Balm - Dutch Health Store\" \/>\n<meta property=\"og:description\" content=\"Zippity DewDab Ozonated Beauty Balm est un baume de beaut\u00e9 qui nettoie les peaux sujettes aux imperfections, purifie les pores et efface l&#039;apparence des cicatrices et des taches.\" \/>\n<meta property=\"og:url\" content=\"https:\/\/dutchhealthstore.com\/fr\/product\/zippity-dewdab-ozonated-beauty-balm\/\" \/>\n<meta property=\"og:site_name\" content=\"Dutch Health Store\" \/>\n<meta property=\"article:publisher\" content=\"https:\/\/www.instagram.com\/dutchhealthstore\/\" \/>\n<meta property=\"article:modified_time\" content=\"2026-04-26T22:18:19+00:00\" \/>\n<meta property=\"og:image\" content=\"https:\/\/dutchhealthstore.com\/wp-content\/uploads\/2020\/01\/Untitled-design-84.jpg\" \/>\n\t<meta property=\"og:image:width\" content=\"530\" \/>\n\t<meta property=\"og:image:height\" content=\"530\" \/>\n\t<meta property=\"og:image:type\" content=\"image\/jpeg\" \/>\n<meta name=\"twitter:card\" content=\"summary_large_image\" \/>\n<meta name=\"twitter:label1\" content=\"Prix\" \/>\n\t<meta name=\"twitter:data1\" content=\"&euro;42,00\" \/>\n\t<meta name=\"twitter:label2\" content=\"Disponibilit\u00e9\" \/>\n\t<meta name=\"twitter:data2\" content=\"En stock\" \/>\n<script type=\"application\/ld+json\" class=\"yoast-schema-graph\">{\"@context\":\"https:\/\/schema.org\",\"@graph\":[{\"@type\":\"WebPage\",\"@id\":\"https:\/\/dutchhealthstore.com\/fr\/product\/zippity-dewdab-ozonated-beauty-balm\/\",\"url\":\"https:\/\/dutchhealthstore.com\/fr\/product\/zippity-dewdab-ozonated-beauty-balm\/\",\"name\":\"Zippity DewDab - Ozonated Beauty Balm | Living Libations\",\"isPartOf\":{\"@id\":\"https:\/\/dutchhealthstore.com\/fr\/#website\"},\"primaryImageOfPage\":{\"@id\":\"https:\/\/dutchhealthstore.com\/fr\/product\/zippity-dewdab-ozonated-beauty-balm\/#primaryimage\"},\"image\":{\"@id\":\"https:\/\/dutchhealthstore.com\/fr\/product\/zippity-dewdab-ozonated-beauty-balm\/#primaryimage\"},\"thumbnailUrl\":\"https:\/\/dutchhealthstore.com\/wp-content\/uploads\/2020\/01\/Untitled-design-84.jpg\",\"datePublished\":\"2020-01-20T11:59:50+00:00\",\"dateModified\":\"2026-04-26T22:18:19+00:00\",\"description\":\"Zippity DewDab Ozonated Beauty Balm est un baume de beaut\u00e9 qui nettoie les peaux sujettes aux imperfections, purifie les pores et efface l'apparence des cicatrices et des taches.\",\"breadcrumb\":{\"@id\":\"https:\/\/dutchhealthstore.com\/fr\/product\/zippity-dewdab-ozonated-beauty-balm\/#breadcrumb\"},\"inLanguage\":\"fr-FR\",\"potentialAction\":[{\"@type\":\"ReadAction\",\"target\":[\"https:\/\/dutchhealthstore.com\/fr\/product\/zippity-dewdab-ozonated-beauty-balm\/\"]}]},{\"@type\":\"ImageObject\",\"inLanguage\":\"fr-FR\",\"@id\":\"https:\/\/dutchhealthstore.com\/fr\/product\/zippity-dewdab-ozonated-beauty-balm\/#primaryimage\",\"url\":\"https:\/\/dutchhealthstore.com\/wp-content\/uploads\/2020\/01\/Untitled-design-84.jpg\",\"contentUrl\":\"https:\/\/dutchhealthstore.com\/wp-content\/uploads\/2020\/01\/Untitled-design-84.jpg\",\"width\":530,\"height\":530,\"caption\":\"ll-zippity-dewdab-ozonated-new\"},{\"@type\":\"BreadcrumbList\",\"@id\":\"https:\/\/dutchhealthstore.com\/fr\/product\/zippity-dewdab-ozonated-beauty-balm\/#breadcrumb\",\"itemListElement\":[{\"@type\":\"ListItem\",\"position\":1,\"name\":\"Home\",\"item\":\"https:\/\/dutchhealthstore.com\/fr\/\"},{\"@type\":\"ListItem\",\"position\":2,\"name\":\"Shop\",\"item\":\"https:\/\/dutchhealthstore.com\/fr\/shop\/\"},{\"@type\":\"ListItem\",\"position\":3,\"name\":\"Zippity DewDab &#8211; Ozonated Beauty Balm\"}]},{\"@type\":\"WebSite\",\"@id\":\"https:\/\/dutchhealthstore.com\/fr\/#website\",\"url\":\"https:\/\/dutchhealthstore.com\/fr\/\",\"name\":\"Dutch Health Store\",\"description\":\"Enhance Your Beauty with Organic &amp; Natural Skincare\",\"publisher\":{\"@id\":\"https:\/\/dutchhealthstore.com\/fr\/#organization\"},\"potentialAction\":[{\"@type\":\"SearchAction\",\"target\":{\"@type\":\"EntryPoint\",\"urlTemplate\":\"https:\/\/dutchhealthstore.com\/fr\/?s={search_term_string}\"},\"query-input\":{\"@type\":\"PropertyValueSpecification\",\"valueRequired\":true,\"valueName\":\"search_term_string\"}}],\"inLanguage\":\"fr-FR\"},{\"@type\":\"Organization\",\"@id\":\"https:\/\/dutchhealthstore.com\/fr\/#organization\",\"name\":\"Dutch Health Store\",\"url\":\"https:\/\/dutchhealthstore.com\/fr\/\",\"logo\":{\"@type\":\"ImageObject\",\"inLanguage\":\"fr-FR\",\"@id\":\"https:\/\/dutchhealthstore.com\/fr\/#\/schema\/logo\/image\/\",\"url\":\"https:\/\/dutchhealthstore.com\/wp-content\/uploads\/2020\/08\/logo-dutchhealthstore-jpg-e1599484957574.jpg\",\"contentUrl\":\"https:\/\/dutchhealthstore.com\/wp-content\/uploads\/2020\/08\/logo-dutchhealthstore-jpg-e1599484957574.jpg\",\"width\":400,\"height\":62,\"caption\":\"Dutch Health Store\"},\"image\":{\"@id\":\"https:\/\/dutchhealthstore.com\/fr\/#\/schema\/logo\/image\/\"},\"sameAs\":[\"https:\/\/www.instagram.com\/dutchhealthstore\/\",\"https:\/\/www.facebook.com\/dutchhealthstore\"]}]}<\/script>\n<meta property=\"product:brand\" content=\"Living Libations\" \/>\n<meta property=\"product:price:amount\" content=\"42.00\" \/>\n<meta property=\"product:price:currency\" content=\"EUR\" \/>\n<meta property=\"og:availability\" content=\"instock\" \/>\n<meta property=\"product:availability\" content=\"instock\" \/>\n<meta property=\"product:condition\" content=\"new\" \/>\n<!-- \/ Yoast SEO Premium plugin. -->","yoast_head_json":{"title":"Zippity DewDab - Ozonated Beauty Balm | Living Libations","description":"Zippity DewDab Ozonated Beauty Balm est un baume de beaut\u00e9 qui nettoie les peaux sujettes aux imperfections, purifie les pores et efface l'apparence des cicatrices et des taches.","robots":{"index":"index","follow":"follow","max-snippet":"max-snippet:-1","max-image-preview":"max-image-preview:large","max-video-preview":"max-video-preview:-1"},"canonical":"https:\/\/dutchhealthstore.com\/fr\/product\/zippity-dewdab-ozonated-beauty-balm\/","og_locale":"fr_FR","og_type":"article","og_title":"Zippity DewDab - Ozonated Beauty Balm - Dutch Health Store","og_description":"Zippity DewDab Ozonated Beauty Balm est un baume de beaut\u00e9 qui nettoie les peaux sujettes aux imperfections, purifie les pores et efface l'apparence des cicatrices et des taches.","og_url":"https:\/\/dutchhealthstore.com\/fr\/product\/zippity-dewdab-ozonated-beauty-balm\/","og_site_name":"Dutch Health Store","article_publisher":"https:\/\/www.instagram.com\/dutchhealthstore\/","article_modified_time":"2026-04-26T22:18:19+00:00","og_image":[{"width":530,"height":530,"url":"https:\/\/dutchhealthstore.com\/wp-content\/uploads\/2020\/01\/Untitled-design-84.jpg","type":"image\/jpeg"}],"twitter_card":"summary_large_image","twitter_misc":{"Prix":"&euro;42,00","Disponibilit\u00e9":"En stock"},"schema":{"@context":"https:\/\/schema.org","@graph":[{"@type":"WebPage","@id":"https:\/\/dutchhealthstore.com\/fr\/product\/zippity-dewdab-ozonated-beauty-balm\/","url":"https:\/\/dutchhealthstore.com\/fr\/product\/zippity-dewdab-ozonated-beauty-balm\/","name":"Zippity DewDab - Ozonated Beauty Balm | Living Libations","isPartOf":{"@id":"https:\/\/dutchhealthstore.com\/fr\/#website"},"primaryImageOfPage":{"@id":"https:\/\/dutchhealthstore.com\/fr\/product\/zippity-dewdab-ozonated-beauty-balm\/#primaryimage"},"image":{"@id":"https:\/\/dutchhealthstore.com\/fr\/product\/zippity-dewdab-ozonated-beauty-balm\/#primaryimage"},"thumbnailUrl":"https:\/\/dutchhealthstore.com\/wp-content\/uploads\/2020\/01\/Untitled-design-84.jpg","datePublished":"2020-01-20T11:59:50+00:00","dateModified":"2026-04-26T22:18:19+00:00","description":"Zippity DewDab Ozonated Beauty Balm est un baume de beaut\u00e9 qui nettoie les peaux sujettes aux imperfections, purifie les pores et efface l'apparence des cicatrices et des taches.","breadcrumb":{"@id":"https:\/\/dutchhealthstore.com\/fr\/product\/zippity-dewdab-ozonated-beauty-balm\/#breadcrumb"},"inLanguage":"fr-FR","potentialAction":[{"@type":"ReadAction","target":["https:\/\/dutchhealthstore.com\/fr\/product\/zippity-dewdab-ozonated-beauty-balm\/"]}]},{"@type":"ImageObject","inLanguage":"fr-FR","@id":"https:\/\/dutchhealthstore.com\/fr\/product\/zippity-dewdab-ozonated-beauty-balm\/#primaryimage","url":"https:\/\/dutchhealthstore.com\/wp-content\/uploads\/2020\/01\/Untitled-design-84.jpg","contentUrl":"https:\/\/dutchhealthstore.com\/wp-content\/uploads\/2020\/01\/Untitled-design-84.jpg","width":530,"height":530,"caption":"ll-zippity-dewdab-ozonated-new"},{"@type":"BreadcrumbList","@id":"https:\/\/dutchhealthstore.com\/fr\/product\/zippity-dewdab-ozonated-beauty-balm\/#breadcrumb","itemListElement":[{"@type":"ListItem","position":1,"name":"Home","item":"https:\/\/dutchhealthstore.com\/fr\/"},{"@type":"ListItem","position":2,"name":"Shop","item":"https:\/\/dutchhealthstore.com\/fr\/shop\/"},{"@type":"ListItem","position":3,"name":"Zippity DewDab &#8211; Ozonated Beauty Balm"}]},{"@type":"WebSite","@id":"https:\/\/dutchhealthstore.com\/fr\/#website","url":"https:\/\/dutchhealthstore.com\/fr\/","name":"Dutch Health Store","description":"Enhance Your Beauty with Organic &amp; Natural Skincare","publisher":{"@id":"https:\/\/dutchhealthstore.com\/fr\/#organization"},"potentialAction":[{"@type":"SearchAction","target":{"@type":"EntryPoint","urlTemplate":"https:\/\/dutchhealthstore.com\/fr\/?s={search_term_string}"},"query-input":{"@type":"PropertyValueSpecification","valueRequired":true,"valueName":"search_term_string"}}],"inLanguage":"fr-FR"},{"@type":"Organization","@id":"https:\/\/dutchhealthstore.com\/fr\/#organization","name":"Dutch Health Store","url":"https:\/\/dutchhealthstore.com\/fr\/","logo":{"@type":"ImageObject","inLanguage":"fr-FR","@id":"https:\/\/dutchhealthstore.com\/fr\/#\/schema\/logo\/image\/","url":"https:\/\/dutchhealthstore.com\/wp-content\/uploads\/2020\/08\/logo-dutchhealthstore-jpg-e1599484957574.jpg","contentUrl":"https:\/\/dutchhealthstore.com\/wp-content\/uploads\/2020\/08\/logo-dutchhealthstore-jpg-e1599484957574.jpg","width":400,"height":62,"caption":"Dutch Health Store"},"image":{"@id":"https:\/\/dutchhealthstore.com\/fr\/#\/schema\/logo\/image\/"},"sameAs":["https:\/\/www.instagram.com\/dutchhealthstore\/","https:\/\/www.facebook.com\/dutchhealthstore"]}]},"product_brand":"Living Libations","product_price_amount":"42.00","product_price_currency":"EUR","og_availability":"instock","product_availability":"instock","product_condition":"new"},"_links":{"self":[{"href":"https:\/\/dutchhealthstore.com\/fr\/wp-json\/wp\/v2\/product\/106896","targetHints":{"allow":["GET"]}}],"collection":[{"href":"https:\/\/dutchhealthstore.com\/fr\/wp-json\/wp\/v2\/product"}],"about":[{"href":"https:\/\/dutchhealthstore.com\/fr\/wp-json\/wp\/v2\/types\/product"}],"replies":[{"embeddable":true,"href":"https:\/\/dutchhealthstore.com\/fr\/wp-json\/wp\/v2\/comments?post=106896"}],"wp:featuredmedia":[{"embeddable":true,"href":"https:\/\/dutchhealthstore.com\/fr\/wp-json\/wp\/v2\/media\/360089"}],"wp:attachment":[{"href":"https:\/\/dutchhealthstore.com\/fr\/wp-json\/wp\/v2\/media?parent=106896"}],"wp:term":[{"taxonomy":"product_brand","embeddable":true,"href":"https:\/\/dutchhealthstore.com\/fr\/wp-json\/wp\/v2\/product_brand?post=106896"},{"taxonomy":"product_cat","embeddable":true,"href":"https:\/\/dutchhealthstore.com\/fr\/wp-json\/wp\/v2\/product_cat?post=106896"},{"taxonomy":"product_tag","embeddable":true,"href":"https:\/\/dutchhealthstore.com\/fr\/wp-json\/wp\/v2\/product_tag?post=106896"}],"curies":[{"name":"wp","href":"https:\/\/api.w.org\/{rel}","templated":true}]}}