{"id":106509,"date":"2020-06-11T08:08:57","date_gmt":"2020-06-11T08:08:57","guid":{"rendered":"https:\/\/dutchhealthstore.com\/product\/neem-enamelizer-toothpaste-2\/"},"modified":"2025-12-23T11:56:22","modified_gmt":"2025-12-23T10:56:22","slug":"neem-enamelizer-toothpaste-2","status":"publish","type":"product","link":"https:\/\/dutchhealthstore.com\/fr\/product\/neem-enamelizer-toothpaste-2\/","title":{"rendered":"Neem Enamelizer Toothpaste"},"content":{"rendered":"<p><img decoding=\"async\" class=\"size-full wp-image-69549 alignright\" src=\"https:\/\/dutchhealthstore.com\/wp-content\/uploads\/2019\/08\/NEW-Living-Libations-Logo.jpg\" alt=\"NEW - Living Libations - Logo\" width=\"175\" height=\"82\">Living Libations Neem Enamelizer Toothpaste a la capacit\u00e9 d&rsquo;alcaliniser et d&rsquo;\u00e9liminer les bact\u00e9ries qui donnent une haleine fra\u00eeche, tout en laissant vos dents douces comme de la soie. Seule une petite quantit\u00e9 est n\u00e9cessaire, et il est sp\u00e9cialement formul\u00e9 pour remplacer le dentifrice ordinaire. Il est essentiel de maintenir la salive alcaline pour obtenir un sourire \u00e9clatant et blanc. Neem Enamelizer laissera vos dents lisses et les polira jusqu&rsquo;\u00e0 la perfection.<\/p>\n<h3>Utilisations<\/h3>\n<p>Utilisez comme vous le feriez avec du dentifrice. Appliquez une petite perle sur une brosse \u00e0 dents s\u00e8che et brossez. Combinez avec Happy Gum Drops, Yogi Tooth Serum, ou Mint + Myrrh Serum pour un coup de pouce. Suivez les 8 \u00e9tapes d&rsquo;une hygi\u00e8ne bucco-dentaire r\u00e9ussie.<\/p>\n<h3>Note<\/h3>\n<p>\u00c9vitez le neem pendant la grossesse.<\/p>\n<h3 class=\"yikes-custom-woo-tab-title yikes-custom-woo-tab-title-natural-organic-ingredients\">Ingr\u00e9dients Naturels\/Biologiques<\/h3>\n<p><strong> huile vierge huile coco<\/strong> <em>(Cocos nucifera<\/em> ) &#8211; Ce lipide diversifi\u00e9 est une huile de support et un coconspirateur biotique botanique qui \u00e9quilibre l&rsquo;\u00e9cologie orale. Cette huile optimale apaise les tissus buccaux et \u00e9limine en douceur les bact\u00e9ries \u00e0 l&rsquo;origine de la mauvaise haleine.<\/p>\n<p><strong> huile margousier<\/strong> <em>(Asadirachta indica)<\/em> &#8211; En sanskrit, le mot margousier est \u00ab\u00a0arista\u00a0\u00bb, ce qui signifie \u00ab\u00a0parfait, complet et imp\u00e9rissable\u00a0\u00bb. Utilis\u00e9 depuis des milliers d&rsquo;ann\u00e9es dans les pratiques ayurv\u00e9diques, le margousier et votre brosse \u00e0 dents ont des pouvoirs jumeaux merveilleux pour votre bouche. Cette merveille \u00e0 base de plantes et de cire \u00e9limine la plaque et le tartre, polit les dents et laisse votre sourire brillant, propre et blanc.<\/p>\n<p><strong> huile cannelle<\/strong> <em>(Cinnamomum ceylanicum)<\/em> &#8211; Notre v\u00e9ritable huile d&rsquo;\u00e9corce de cannelle de Madagascar est un puissant nettoyant de plaque et un rafra\u00eechisseur d&rsquo;haleine. Il s&rsquo;agit d&rsquo;une \u00e9pice classique, et son go\u00fbt est \u00e9galement agr\u00e9able!<\/p>\n<p><strong> huile olive saponifi\u00e9e<\/strong> <em>(Olea europaea)<\/em> &#8211; Notre huile d&rsquo;olive biologique saponifi\u00e9e capture toutes les propri\u00e9t\u00e9s nourrissantes et hydratantes de l&rsquo;huile d&rsquo;olive tout en am\u00e9liorant la capacit\u00e9 de l&rsquo;huile \u00e0 aider \u00e0 \u00e9liminer la plaque dentaire. La saponification est une r\u00e9action chimique qui se produit lorsque l&rsquo;huile est trait\u00e9e avec une solution fortement alcaline.<\/p>\n<p><strong>Bicarbonate de sodium<\/strong> <em>(bicarbonate de soude)<\/em> &#8211; Les dents se d\u00e9veloppent lorsqu&rsquo;elles baignent dans une mer de salive douce, et le bicarbonate de soude tamponne et neutralise les acides alimentaires. En plus d&rsquo;\u00eatre un produit de nettoyage efficace, le bicarbonate de soude est doux. Il est nettement moins abrasif que les agents nettoyants \u00e0 base de craie et de silice utilis\u00e9s dans les dentifricecommerciaux, et l&rsquo;alcalinit\u00e9 naturel du bicarbonate de soude neutralise l&rsquo;acidit\u00e9 des bact\u00e9ries.<\/p>\n<p><strong>Argile de Kaolin<\/strong> <em>(Kaolinite)<\/em> &#8211; Qualit\u00e9 L&rsquo;argile de Kaolin est un rem\u00e8de riche en silice. Nos anc\u00eatres estimaient que cette salet\u00e9 \u00e9tait tr\u00e8s efficace pour les soins bucco-dentaires. L&rsquo;argile fonctionne essentiellement comme un aimant; lorsque l&rsquo;argile est m\u00e9lang\u00e9e \u00e0 la salive, les mol\u00e9cules sont activ\u00e9es \u00e9lectriquement et arrachent les microparticules de toxines et d&rsquo;impuret\u00e9s. Il exfolie en douceur et efficacement sans agresser l&rsquo;\u00e9mail.<\/p>\n<p>&nbsp;<\/p>\n<p><img fetchpriority=\"high\" decoding=\"async\" class=\"size-medium wp-image-68103 aligncenter\" src=\"https:\/\/dutchhealthstore.com\/wp-content\/uploads\/2018\/02\/Living-Libations-Organic-Logo-800x89.png\" alt=\"Living Libations - Organic Logo\" width=\"800\" height=\"89\" srcset=\"https:\/\/dutchhealthstore.com\/wp-content\/uploads\/2018\/02\/Living-Libations-Organic-Logo-800x89.png 800w, https:\/\/dutchhealthstore.com\/wp-content\/uploads\/2018\/02\/Living-Libations-Organic-Logo-510x57.png 510w, https:\/\/dutchhealthstore.com\/wp-content\/uploads\/2018\/02\/Living-Libations-Organic-Logo-768x85.png 768w, https:\/\/dutchhealthstore.com\/wp-content\/uploads\/2018\/02\/Living-Libations-Organic-Logo.png 1400w\" sizes=\"(max-width: 800px) 100vw, 800px\" \/><\/p>\n","protected":false},"excerpt":{"rendered":"<p>Living Libations <strong>Neem Enamelizer Toothpaste<\/strong> a la capacit\u00e9 d&rsquo;alcaliniser et d&rsquo;\u00e9liminer les bact\u00e9ries qui donnent une haleine fra\u00eeche, tout en laissant vos dents douces comme de la soie.<br \/>\nSeule une petite quantit\u00e9 est n\u00e9cessaire, et elle est sp\u00e9cialement formul\u00e9e pour remplacer le dentifrice ordinaire. Il est essentiel de maintenir la salive alcaline pour obtenir un sourire \u00e9clatant et blanc. L&rsquo;\u00e9mailleur Neem laissera vos dents lisses et les polira jusqu&rsquo;\u00e0 la perfection.<\/p>\n","protected":false},"featured_media":200464,"comment_status":"open","ping_status":"closed","template":"","meta":[],"product_brand":[],"product_cat":[2186,2185,1037,1211,1209,1030,1010],"product_tag":[4456,21642],"class_list":{"0":"post-106509","1":"product","2":"type-product","3":"status-publish","4":"has-post-thumbnail","6":"product_cat-dentifrices","7":"product_cat-hygiene-dentaire-fr","8":"product_cat-hygiene-dentaire","9":"product_cat-living-libations-france","10":"product_cat-par-marques","11":"product_cat-par-produits","12":"product_cat-notre-boutique","13":"product_tag-dental-care-fr","14":"product_tag-toothpaste-fr","15":"pa_brand-livinglibations-fr","16":"pa_dental-care-product-type-toothpaste-fr","17":"pa_gtin-7439657378362-fr","18":"pa_size-15-ml-fr","19":"pa_size-25-ml-fr","20":"pa_size-30-ml-fr","22":"first","23":"instock","24":"taxable","25":"shipping-taxable","26":"purchasable","27":"product-type-variable"},"bundled_by":[],"bundle_stock_status":"instock","bundle_stock_quantity":null,"bundle_virtual":false,"bundle_layout":"","bundle_add_to_cart_form_location":"","bundle_editable_in_cart":false,"bundle_sold_individually_context":"","bundle_item_grouping":"","bundle_min_size":"","bundle_max_size":"","bundle_price":[],"bundled_items":[],"bundle_sell_ids":[],"atum_controlled":true,"out_stock_date":null,"out_stock_threshold":null,"inheritable":true,"stock_on_hold":9,"sold_today":0,"sales_last_days":0,"out_stock_days":0,"lost_sales":0,"update_date":"2026-04-07T07:01:34","atum_locations":[],"atum_stock_status":"instock","restock_status":false,"low_stock_amount":"","sales_update_date":"2026-04-01T12:52:59","calc_backorders":null,"group_of_quantity":0,"min_quantity":0,"max_quantity":"","exclude_order_quantity_value_rules":"no","exclude_category_quantity_rules":"no","combine_variations":"no","yoast_head":"<!-- This site is optimized with the Yoast SEO Premium plugin v26.5 (Yoast SEO v26.5) - https:\/\/yoast.com\/wordpress\/plugins\/seo\/ -->\n<title>Neem Enamelizer Toothpaste | Living Libations<\/title>\n<meta name=\"description\" content=\"Seule une petite quantit\u00e9 est n\u00e9cessaire, et il est sp\u00e9cialement formul\u00e9 pour remplacer le dentifrice ordinaire. Il est essentiel de maintenir la salive alcaline pour obtenir un sourire \u00e9clatant et blanc.\" \/>\n<meta name=\"robots\" content=\"index, follow, max-snippet:-1, max-image-preview:large, max-video-preview:-1\" \/>\n<link rel=\"canonical\" href=\"https:\/\/dutchhealthstore.com\/fr\/product\/neem-enamelizer-toothpaste-2\/\" \/>\n<meta property=\"og:locale\" content=\"fr_FR\" \/>\n<meta property=\"og:type\" content=\"article\" \/>\n<meta property=\"og:title\" content=\"Neem Enamelizer Toothpaste - Dutch Health Store\" \/>\n<meta property=\"og:description\" content=\"Seule une petite quantit\u00e9 est n\u00e9cessaire, et il est sp\u00e9cialement formul\u00e9 pour remplacer le dentifrice ordinaire. Il est essentiel de maintenir la salive alcaline pour obtenir un sourire \u00e9clatant et blanc.\" \/>\n<meta property=\"og:url\" content=\"https:\/\/dutchhealthstore.com\/fr\/product\/neem-enamelizer-toothpaste-2\/\" \/>\n<meta property=\"og:site_name\" content=\"Dutch Health Store\" \/>\n<meta property=\"article:publisher\" content=\"https:\/\/www.instagram.com\/dutchhealthstore\/\" \/>\n<meta property=\"article:modified_time\" content=\"2025-12-23T10:56:22+00:00\" \/>\n<meta property=\"og:image\" content=\"https:\/\/dutchhealthstore.com\/wp-content\/uploads\/2022\/02\/neem-enamilizer-tooth-30.jpg\" \/>\n\t<meta property=\"og:image:width\" content=\"500\" \/>\n\t<meta property=\"og:image:height\" content=\"500\" \/>\n\t<meta property=\"og:image:type\" content=\"image\/jpeg\" \/>\n<meta name=\"twitter:card\" content=\"summary_large_image\" \/>\n<meta name=\"twitter:label1\" content=\"Disponibilit\u00e9\" \/>\n\t<meta name=\"twitter:data1\" content=\"En stock\" \/>\n<script type=\"application\/ld+json\" class=\"yoast-schema-graph\">{\"@context\":\"https:\/\/schema.org\",\"@graph\":[{\"@type\":\"WebPage\",\"@id\":\"https:\/\/dutchhealthstore.com\/fr\/product\/neem-enamelizer-toothpaste-2\/\",\"url\":\"https:\/\/dutchhealthstore.com\/fr\/product\/neem-enamelizer-toothpaste-2\/\",\"name\":\"Neem Enamelizer Toothpaste | Living Libations\",\"isPartOf\":{\"@id\":\"https:\/\/dutchhealthstore.com\/fr\/#website\"},\"primaryImageOfPage\":{\"@id\":\"https:\/\/dutchhealthstore.com\/fr\/product\/neem-enamelizer-toothpaste-2\/#primaryimage\"},\"image\":{\"@id\":\"https:\/\/dutchhealthstore.com\/fr\/product\/neem-enamelizer-toothpaste-2\/#primaryimage\"},\"thumbnailUrl\":\"https:\/\/dutchhealthstore.com\/wp-content\/uploads\/2022\/02\/neem-enamilizer-tooth-30.jpg\",\"datePublished\":\"2020-06-11T08:08:57+00:00\",\"dateModified\":\"2025-12-23T10:56:22+00:00\",\"description\":\"Seule une petite quantit\u00e9 est n\u00e9cessaire, et il est sp\u00e9cialement formul\u00e9 pour remplacer le dentifrice ordinaire. Il est essentiel de maintenir la salive alcaline pour obtenir un sourire \u00e9clatant et blanc.\",\"breadcrumb\":{\"@id\":\"https:\/\/dutchhealthstore.com\/fr\/product\/neem-enamelizer-toothpaste-2\/#breadcrumb\"},\"inLanguage\":\"fr-FR\",\"potentialAction\":[{\"@type\":\"ReadAction\",\"target\":[\"https:\/\/dutchhealthstore.com\/fr\/product\/neem-enamelizer-toothpaste-2\/\"]}]},{\"@type\":\"ImageObject\",\"inLanguage\":\"fr-FR\",\"@id\":\"https:\/\/dutchhealthstore.com\/fr\/product\/neem-enamelizer-toothpaste-2\/#primaryimage\",\"url\":\"https:\/\/dutchhealthstore.com\/wp-content\/uploads\/2022\/02\/neem-enamilizer-tooth-30.jpg\",\"contentUrl\":\"https:\/\/dutchhealthstore.com\/wp-content\/uploads\/2022\/02\/neem-enamilizer-tooth-30.jpg\",\"width\":500,\"height\":500,\"caption\":\"neem enamilizer tooth 30\"},{\"@type\":\"BreadcrumbList\",\"@id\":\"https:\/\/dutchhealthstore.com\/fr\/product\/neem-enamelizer-toothpaste-2\/#breadcrumb\",\"itemListElement\":[{\"@type\":\"ListItem\",\"position\":1,\"name\":\"Home\",\"item\":\"https:\/\/dutchhealthstore.com\/fr\/\"},{\"@type\":\"ListItem\",\"position\":2,\"name\":\"Shop\",\"item\":\"https:\/\/dutchhealthstore.com\/fr\/shop\/\"},{\"@type\":\"ListItem\",\"position\":3,\"name\":\"Neem Enamelizer Toothpaste\"}]},{\"@type\":\"WebSite\",\"@id\":\"https:\/\/dutchhealthstore.com\/fr\/#website\",\"url\":\"https:\/\/dutchhealthstore.com\/fr\/\",\"name\":\"Dutch Health Store\",\"description\":\"Enhance Your Beauty with Organic &amp; Natural Skincare\",\"publisher\":{\"@id\":\"https:\/\/dutchhealthstore.com\/fr\/#organization\"},\"potentialAction\":[{\"@type\":\"SearchAction\",\"target\":{\"@type\":\"EntryPoint\",\"urlTemplate\":\"https:\/\/dutchhealthstore.com\/fr\/?s={search_term_string}\"},\"query-input\":{\"@type\":\"PropertyValueSpecification\",\"valueRequired\":true,\"valueName\":\"search_term_string\"}}],\"inLanguage\":\"fr-FR\"},{\"@type\":\"Organization\",\"@id\":\"https:\/\/dutchhealthstore.com\/fr\/#organization\",\"name\":\"Dutch Health Store\",\"url\":\"https:\/\/dutchhealthstore.com\/fr\/\",\"logo\":{\"@type\":\"ImageObject\",\"inLanguage\":\"fr-FR\",\"@id\":\"https:\/\/dutchhealthstore.com\/fr\/#\/schema\/logo\/image\/\",\"url\":\"https:\/\/dutchhealthstore.com\/wp-content\/uploads\/2020\/08\/logo-dutchhealthstore-jpg-e1599484957574.jpg\",\"contentUrl\":\"https:\/\/dutchhealthstore.com\/wp-content\/uploads\/2020\/08\/logo-dutchhealthstore-jpg-e1599484957574.jpg\",\"width\":400,\"height\":62,\"caption\":\"Dutch Health Store\"},\"image\":{\"@id\":\"https:\/\/dutchhealthstore.com\/fr\/#\/schema\/logo\/image\/\"},\"sameAs\":[\"https:\/\/www.instagram.com\/dutchhealthstore\/\",\"https:\/\/www.facebook.com\/dutchhealthstore\"]}]}<\/script>\n<meta property=\"product:brand\" content=\"Living Libations\" \/>\n<meta property=\"og:availability\" content=\"instock\" \/>\n<meta property=\"product:availability\" content=\"instock\" \/>\n<meta property=\"product:condition\" content=\"new\" \/>\n<!-- \/ Yoast SEO Premium plugin. -->","yoast_head_json":{"title":"Neem Enamelizer Toothpaste | Living Libations","description":"Seule une petite quantit\u00e9 est n\u00e9cessaire, et il est sp\u00e9cialement formul\u00e9 pour remplacer le dentifrice ordinaire. Il est essentiel de maintenir la salive alcaline pour obtenir un sourire \u00e9clatant et blanc.","robots":{"index":"index","follow":"follow","max-snippet":"max-snippet:-1","max-image-preview":"max-image-preview:large","max-video-preview":"max-video-preview:-1"},"canonical":"https:\/\/dutchhealthstore.com\/fr\/product\/neem-enamelizer-toothpaste-2\/","og_locale":"fr_FR","og_type":"article","og_title":"Neem Enamelizer Toothpaste - Dutch Health Store","og_description":"Seule une petite quantit\u00e9 est n\u00e9cessaire, et il est sp\u00e9cialement formul\u00e9 pour remplacer le dentifrice ordinaire. Il est essentiel de maintenir la salive alcaline pour obtenir un sourire \u00e9clatant et blanc.","og_url":"https:\/\/dutchhealthstore.com\/fr\/product\/neem-enamelizer-toothpaste-2\/","og_site_name":"Dutch Health Store","article_publisher":"https:\/\/www.instagram.com\/dutchhealthstore\/","article_modified_time":"2025-12-23T10:56:22+00:00","og_image":[{"width":500,"height":500,"url":"https:\/\/dutchhealthstore.com\/wp-content\/uploads\/2022\/02\/neem-enamilizer-tooth-30.jpg","type":"image\/jpeg"}],"twitter_card":"summary_large_image","twitter_misc":{"Disponibilit\u00e9":"En stock"},"schema":{"@context":"https:\/\/schema.org","@graph":[{"@type":"WebPage","@id":"https:\/\/dutchhealthstore.com\/fr\/product\/neem-enamelizer-toothpaste-2\/","url":"https:\/\/dutchhealthstore.com\/fr\/product\/neem-enamelizer-toothpaste-2\/","name":"Neem Enamelizer Toothpaste | Living Libations","isPartOf":{"@id":"https:\/\/dutchhealthstore.com\/fr\/#website"},"primaryImageOfPage":{"@id":"https:\/\/dutchhealthstore.com\/fr\/product\/neem-enamelizer-toothpaste-2\/#primaryimage"},"image":{"@id":"https:\/\/dutchhealthstore.com\/fr\/product\/neem-enamelizer-toothpaste-2\/#primaryimage"},"thumbnailUrl":"https:\/\/dutchhealthstore.com\/wp-content\/uploads\/2022\/02\/neem-enamilizer-tooth-30.jpg","datePublished":"2020-06-11T08:08:57+00:00","dateModified":"2025-12-23T10:56:22+00:00","description":"Seule une petite quantit\u00e9 est n\u00e9cessaire, et il est sp\u00e9cialement formul\u00e9 pour remplacer le dentifrice ordinaire. Il est essentiel de maintenir la salive alcaline pour obtenir un sourire \u00e9clatant et blanc.","breadcrumb":{"@id":"https:\/\/dutchhealthstore.com\/fr\/product\/neem-enamelizer-toothpaste-2\/#breadcrumb"},"inLanguage":"fr-FR","potentialAction":[{"@type":"ReadAction","target":["https:\/\/dutchhealthstore.com\/fr\/product\/neem-enamelizer-toothpaste-2\/"]}]},{"@type":"ImageObject","inLanguage":"fr-FR","@id":"https:\/\/dutchhealthstore.com\/fr\/product\/neem-enamelizer-toothpaste-2\/#primaryimage","url":"https:\/\/dutchhealthstore.com\/wp-content\/uploads\/2022\/02\/neem-enamilizer-tooth-30.jpg","contentUrl":"https:\/\/dutchhealthstore.com\/wp-content\/uploads\/2022\/02\/neem-enamilizer-tooth-30.jpg","width":500,"height":500,"caption":"neem enamilizer tooth 30"},{"@type":"BreadcrumbList","@id":"https:\/\/dutchhealthstore.com\/fr\/product\/neem-enamelizer-toothpaste-2\/#breadcrumb","itemListElement":[{"@type":"ListItem","position":1,"name":"Home","item":"https:\/\/dutchhealthstore.com\/fr\/"},{"@type":"ListItem","position":2,"name":"Shop","item":"https:\/\/dutchhealthstore.com\/fr\/shop\/"},{"@type":"ListItem","position":3,"name":"Neem Enamelizer Toothpaste"}]},{"@type":"WebSite","@id":"https:\/\/dutchhealthstore.com\/fr\/#website","url":"https:\/\/dutchhealthstore.com\/fr\/","name":"Dutch Health Store","description":"Enhance Your Beauty with Organic &amp; Natural Skincare","publisher":{"@id":"https:\/\/dutchhealthstore.com\/fr\/#organization"},"potentialAction":[{"@type":"SearchAction","target":{"@type":"EntryPoint","urlTemplate":"https:\/\/dutchhealthstore.com\/fr\/?s={search_term_string}"},"query-input":{"@type":"PropertyValueSpecification","valueRequired":true,"valueName":"search_term_string"}}],"inLanguage":"fr-FR"},{"@type":"Organization","@id":"https:\/\/dutchhealthstore.com\/fr\/#organization","name":"Dutch Health Store","url":"https:\/\/dutchhealthstore.com\/fr\/","logo":{"@type":"ImageObject","inLanguage":"fr-FR","@id":"https:\/\/dutchhealthstore.com\/fr\/#\/schema\/logo\/image\/","url":"https:\/\/dutchhealthstore.com\/wp-content\/uploads\/2020\/08\/logo-dutchhealthstore-jpg-e1599484957574.jpg","contentUrl":"https:\/\/dutchhealthstore.com\/wp-content\/uploads\/2020\/08\/logo-dutchhealthstore-jpg-e1599484957574.jpg","width":400,"height":62,"caption":"Dutch Health Store"},"image":{"@id":"https:\/\/dutchhealthstore.com\/fr\/#\/schema\/logo\/image\/"},"sameAs":["https:\/\/www.instagram.com\/dutchhealthstore\/","https:\/\/www.facebook.com\/dutchhealthstore"]}]},"product_brand":"Living Libations","og_availability":"instock","product_availability":"instock","product_condition":"new"},"_links":{"self":[{"href":"https:\/\/dutchhealthstore.com\/fr\/wp-json\/wp\/v2\/product\/106509","targetHints":{"allow":["GET"]}}],"collection":[{"href":"https:\/\/dutchhealthstore.com\/fr\/wp-json\/wp\/v2\/product"}],"about":[{"href":"https:\/\/dutchhealthstore.com\/fr\/wp-json\/wp\/v2\/types\/product"}],"replies":[{"embeddable":true,"href":"https:\/\/dutchhealthstore.com\/fr\/wp-json\/wp\/v2\/comments?post=106509"}],"wp:featuredmedia":[{"embeddable":true,"href":"https:\/\/dutchhealthstore.com\/fr\/wp-json\/wp\/v2\/media\/200464"}],"wp:attachment":[{"href":"https:\/\/dutchhealthstore.com\/fr\/wp-json\/wp\/v2\/media?parent=106509"}],"wp:term":[{"taxonomy":"product_brand","embeddable":true,"href":"https:\/\/dutchhealthstore.com\/fr\/wp-json\/wp\/v2\/product_brand?post=106509"},{"taxonomy":"product_cat","embeddable":true,"href":"https:\/\/dutchhealthstore.com\/fr\/wp-json\/wp\/v2\/product_cat?post=106509"},{"taxonomy":"product_tag","embeddable":true,"href":"https:\/\/dutchhealthstore.com\/fr\/wp-json\/wp\/v2\/product_tag?post=106509"}],"curies":[{"name":"wp","href":"https:\/\/api.w.org\/{rel}","templated":true}]}}