{"id":106487,"date":"2020-06-11T08:53:02","date_gmt":"2020-06-11T08:53:02","guid":{"rendered":"https:\/\/dutchhealthstore.com\/product\/soothsayer-serum\/"},"modified":"2025-11-28T18:33:51","modified_gmt":"2025-11-28T17:33:51","slug":"soothsayer-serum","status":"publish","type":"product","link":"https:\/\/dutchhealthstore.com\/fr\/product\/soothsayer-serum\/","title":{"rendered":"Soothsayer Serum"},"content":{"rendered":"<p><img decoding=\"async\" class=\"size-full wp-image-69549 alignright\" src=\"https:\/\/dutchhealthstore.com\/wp-content\/uploads\/2019\/08\/NEW-Living-Libations-Logo.jpg\" alt=\"NEW - Living Libations - Logo\" width=\"175\" height=\"82\">Arr\u00eatons-nous un instant sur le bois de santal: un compos\u00e9 naturel pr\u00e9sent dans le bois de santal harmonise la peau avec le soleil et la prot\u00e8ge des dommages caus\u00e9s par les expositions environnementales. Gr\u00e2ce \u00e0 ces attributs du bois de santal, il est une b\u00e9n\u00e9diction botanique pour les corps qui ont pass\u00e9 de longues et tranquilles journ\u00e9es au soleil. Soothsayer Serum est un \u00e9lixir \u00e9l\u00e9gant pour am\u00e9liorer l&rsquo;apparence des cicatrices, des taches de vieillesse ou de soleil et du vieillissement pr\u00e9matur\u00e9.<\/p>\n<p>Soothsayer dit la v\u00e9rit\u00e9 \u00e0 votre peau et lui pr\u00e9dit un avenir lisse et radieux!<\/p>\n<h3>Comment utiliser<\/h3>\n<p>Apr\u00e8s avoir nettoy\u00e9 le visage avec un Best Skin Ever (nous vous sugg\u00e9rons le Best Skin Ever au bois de santal ou \u00e0 la rose), appliquez une goutte de cet adorable s\u00e9rum l\u00e9ger dans votre paume. Du bout des doigts, appliquez d\u00e9licatement le s\u00e9rum sur les zones du visage et de la peau qui en ont besoin.<\/p>\n<h3 class=\"yikes-custom-woo-tab-title yikes-custom-woo-tab-title-natural-organic-ingredients\">Natural\/Organic Ingredients<\/h3>\n<p><strong>Jojoba<\/strong> <em>(simmondsia chinensis)<\/em> &#8211; Le jojoba dor\u00e9 et glorieux nourrit et soigne les peaux assoiff\u00e9es. Jojoba a une capacit\u00e9 in\u00e9gal\u00e9e d&rsquo;hydrater la peau, d&rsquo;\u00e9quilibrer la production d&rsquo;huile, de nettoyer en profondeur les pores et de cr\u00e9er des effets de conditionnement de longue dur\u00e9e qui adoucissent la peau. Elle regorge de peptides et de lipides et contient les plus hauts niveaux de compos\u00e9s ph\u00e9noliques trouv\u00e9s dans la nature, ainsi que des nutriments et toutes les formes solubles de vitamine E.<\/p>\n<p><strong>Bois de santal<\/strong> <em>(Santalum album)<\/em> &#8211; Le bois de santal succulent est l&rsquo;antidote parfait pour les peaux gorg\u00e9es de soleil, chaudes et d\u00e9shydrat\u00e9es. Il aide la peau \u00e0 mieux s&rsquo;hydrater, r\u00e9duit l&rsquo;apparence des cicatrices et des taches de vieillesse, et d\u00e9gage les pores. Le bois de santal est une huile ancienne pour le corps et le visage, appr\u00e9ci\u00e9e comme un tonique calmant et apaisant. L&rsquo;essence parfum\u00e9e au miel et au sirop rassasie les peaux s\u00e8ches et sensibles.<\/p>\n<p><strong>Encens<\/strong> <em>(Boswellia carterii)<\/em> &#8211; Sacr\u00e9 L&rsquo;encens est la pi\u00e8ce de r\u00e9sistance des soins de la peau! Il d\u00e9tend les rougeurs, raffermit la peau, att\u00e9nue le m\u00e9lasme et hydrate abondamment la peau. Il est \u00e9galement merveilleux pour r\u00e9duire l&rsquo;apparence des cicatrices et des taches de vieillesse.<\/p>\n<p><strong>Rose Otto<\/strong> <em>(Rosa damascena)<\/em> &#8211; L&rsquo;essence pure distill\u00e9e de la rose hydrate et hydrate tout en am\u00e9liorant la texture de la peau, les cicatrices et l&rsquo;aspect g\u00e9n\u00e9ral. Il apporte \u00e9galement un \u00e9quilibre aux peaux trop grasses ou chroniquement s\u00e8ches.<\/p>\n<p><strong>G\u00e9ranium<\/strong> <em>(Pelargonium graveolens)<\/em> &#8211; Le g\u00e9ranium est merveilleux pour r\u00e9duire l&rsquo;apparence des cicatrices et tonifier la peau. Il stimule la paresse, apporte une hydratation intense aux peaux assoiff\u00e9es et apporte un \u00e9quilibre aux peaux grasses.<\/p>\n<p><strong>Curcuma<\/strong><em> (Curmula longa)<\/em> &#8211; Le curcuma est un tonique dor\u00e9 pour la peau. Gr\u00e2ce \u00e0 l&rsquo;extraction supercritique, tous les compos\u00e9s lipophiles (qui aiment l&rsquo;huile) du curcuma sont captur\u00e9s \u00e0 partir des racines de la plante. Ce processus d&rsquo;extraction sp\u00e9cial permet de capturer beaucoup plus d&rsquo;huiles volatiles aromatiques, de lipides et de pigments qu&rsquo;une herbe en poudre typique.<\/p>\n<p><strong>Thym doux<\/strong><em> (Thymus linalool)<\/em> &#8211; Le thym doux est aussi fort que doux! Elle contient tout le pouvoir fortifiant et tonifiant des autres types d&rsquo;huiles de thym, sans provoquer d&rsquo;irritation, tout en purifiant les pores. Il est connu pour stimuler et dynamiser le corps et l&rsquo;esprit tout en \u00e9tant suffisamment doux pour \u00eatre utilis\u00e9 sur les jeunes enfants et les personnes \u00e2g\u00e9es. Le thym doux, qui regorge de linalol, est un ingr\u00e9dient pr\u00e9cieux de nos s\u00e9rums doux pour la peau.<\/p>\n<p><strong>Graines de carotte<\/strong> <em>(Daucus carota)<\/em> &#8211; La dentelle de la reine Anne oint votre visage d&rsquo;une gr\u00e2ce royale. L&rsquo;huile de carotte stimule la production d&rsquo;huile dans des proportions parfaites, quel que soit l&rsquo;\u00e9tat actuel de votre peau. Les peaux huile, s\u00e8ches et mixtes peuvent toutes b\u00e9n\u00e9ficier du pouvoir stimulant et hydratant des graines de carotte.<\/p>\n<p><strong> huile argousier<\/strong><em> (Hippophae rhamnoides)<\/em> &#8211; L&rsquo;argousier envoie ses lipides en profondeur dans la peau, att\u00e9nuant les d\u00e9s\u00e9quilibres de l&rsquo;int\u00e9rieur. Cet extrait supercritique contient des acides gras omega 3, 6, 7, et 9, des antioxydants, des vitamines, des acides palmitol\u00e9iques, des carot\u00e9no\u00efdes, et des phytost\u00e9rols. Une seule goutte d&rsquo;huile d&rsquo;argousier contient 190 compos\u00e9s bioactifs diff\u00e9rents. Cette essence orange vif est incroyablement r\u00e9g\u00e9n\u00e9ratrice et \u00e9claircit le teint &#8211; elle att\u00e9nue les rougeurs et r\u00e9duit les poches. L&rsquo;argousier est un excellent ajout aux nettoyants pour l&rsquo;acn\u00e9. Il aide \u00e0 harmoniser la peau avec le soleil.<\/p>\n<p><strong><span class=\"ll-product-ingredient-first\">Immortelle <\/span>&#8211; <\/strong><em><br \/>\n  <span class=\"ll-product-ingredient-second\">Helichrysum italicum &#8211; <\/span><br \/>\n<\/em> <span class=\"ll-product-ingredient-second\">Immortelle \u00e9terelle est stellaire et brille de fa\u00e7on divine pour tous les types de soins de la peau. Cette huile florale parfum\u00e9e est fabriqu\u00e9e de mani\u00e8re sauvage sur l&rsquo;\u00eele de Corse, o\u00f9 les fleurs prosp\u00e8rent gr\u00e2ce aux brises de l&rsquo;oc\u00e9an et au soleil. Les fleurs poussent \u00e0 une altitude de 4 000 feet sur les falaises rocheuses de la campagne. L&rsquo;immortelle aide \u00e0 att\u00e9nuer l&rsquo;apparence des cicatrices, des taches, du m\u00e9lasme, des rougeurs et des ridules. Ce bijou d&rsquo;huile aux multiples facettes est \u00e9galement stimulant sur le plan \u00e9motionnel.<\/span><\/p>\n<p><strong><span class=\"ll-product-ingredient-first\">Palmarosa <\/span>&#8211; <\/strong><em><br \/>\n  <span class=\"ll-product-ingredient-second\">Cymbopogon martini &#8211; <\/span><br \/>\n<\/em> <span class=\"ll-product-ingredient-second\">Palmarosa agr\u00e9able est distill\u00e9 \u00e0 partir d&rsquo;une herbe tropicale et parfum\u00e9e, ce qui donne une huile aromatique qui sent la rose citronn\u00e9e et le g\u00e9ranium et qui est tout simplement splendide pour le nez! Ce formidable rajeunisseur de peau, riche en puissants monoterp\u00e9nols, en esters \u00e9mollients, en linalol affectueux et en g\u00e9raniols g\u00e9n\u00e9reux, \u00e9quilibre les huiles de la peau et purifie les pores.<\/span><\/p>\n<p><iframe title=\"More fun in the sun | Living Libations\" width=\"1020\" height=\"574\" src=\"https:\/\/www.youtube.com\/embed\/U1f2u0JJbKM?feature=oembed\" frameborder=\"0\" allow=\"accelerometer; autoplay; encrypted-media; gyroscope; picture-in-picture\" allowfullscreen><\/iframe><\/p>\n<p><img fetchpriority=\"high\" decoding=\"async\" class=\"size-medium wp-image-68103 aligncenter\" src=\"https:\/\/dutchhealthstore.com\/wp-content\/uploads\/2018\/02\/Living-Libations-Organic-Logo-800x89.png\" alt=\"Living Libations - Organic Logo\" width=\"800\" height=\"89\" srcset=\"https:\/\/dutchhealthstore.com\/wp-content\/uploads\/2018\/02\/Living-Libations-Organic-Logo-800x89.png 800w, https:\/\/dutchhealthstore.com\/wp-content\/uploads\/2018\/02\/Living-Libations-Organic-Logo-510x57.png 510w, https:\/\/dutchhealthstore.com\/wp-content\/uploads\/2018\/02\/Living-Libations-Organic-Logo-768x85.png 768w, https:\/\/dutchhealthstore.com\/wp-content\/uploads\/2018\/02\/Living-Libations-Organic-Logo.png 1400w\" sizes=\"(max-width: 800px) 100vw, 800px\" \/><\/p>\n","protected":false},"excerpt":{"rendered":"<p>Vous et votre visage avez \u00e9t\u00e9 ensemble par tous les temps. Living Libations Soothsayer Serum vous permet de profiter du temps et de sauver la face, aussi.<\/p>\n<p>La gr\u00e2ce du s\u00e9rum Soothsayer r\u00e9duit les effets nocifs des \u00e9l\u00e9ments environnementaux sur la peau et divise avec la peau pour une fortification et une r\u00e9g\u00e9n\u00e9ration suppl\u00e9mentaires. Une sage collection d&rsquo;huiles botaniques pour la peau de sagesse, ce s\u00e9rum sp\u00e9cial adoucit l&rsquo;apparence des cicatrices, des taches et lisse la texture de la peau en un chant \u00e9l\u00e9gant.<\/p>\n","protected":false},"featured_media":261419,"comment_status":"open","ping_status":"closed","template":"","meta":[],"product_brand":[],"product_cat":[14733,1211,1209,1030,5107,5710,5627,5709,5121,5712,1229,5714,5716,4240,5713,4049,1010,2985],"product_tag":[21359,21531,6032,4864,21358],"class_list":{"0":"post-106487","1":"product","2":"type-product","3":"status-publish","4":"has-post-thumbnail","6":"product_cat-soins-de-la-peau","7":"product_cat-living-libations-france","8":"product_cat-par-marques","9":"product_cat-par-produits","10":"product_cat-by-skin-type-fr-4","11":"product_cat-normal-or-combination-skin-fr-4","12":"product_cat-normal-or-combination-skin-fr-2","13":"product_cat-dry-mature-ageing-skin-fr-4","14":"product_cat-dry-mature-ageing-skin-fr-2","15":"product_cat-sensitive-skin-redness-fr-3","16":"product_cat-sensitive-skin-redness-fr","17":"product_cat-serums-fr-3","18":"product_cat-serums-fr-5","19":"product_cat-serums-fr-2","20":"product_cat-serums-fr","21":"product_cat-serums-et-hydratant","22":"product_cat-notre-boutique","23":"product_cat-visage-fr","24":"product_tag-anti-age","25":"product_tag-reparation","26":"product_tag-serum-fr","27":"product_tag-skin-fr","28":"product_tag-soins-du-visage","29":"pa_bestsellers-goed-fr","30":"pa_brand-livinglibations-fr","31":"pa_gtin-7439657378379-fr","32":"pa_size-30-ml-fr","33":"pa_size-60-ml-refill-fr","34":"pa_size-100-ml-fr","35":"pa_skincare-type-face-oil-and-serums-fr","36":"pa_skintype-normal-combination-skin-fr","37":"pa_skintype-dry-mature-ageing-skin-fr","38":"pa_skintype-sensitive-skin-redness-fr","40":"first","41":"instock","42":"taxable","43":"shipping-taxable","44":"purchasable","45":"product-type-variable"},"bundled_by":[],"bundle_stock_status":"instock","bundle_stock_quantity":null,"bundle_virtual":false,"bundle_layout":"","bundle_add_to_cart_form_location":"","bundle_editable_in_cart":false,"bundle_sold_individually_context":"","bundle_item_grouping":"","bundle_min_size":"","bundle_max_size":"","bundle_price":[],"bundled_items":[],"bundle_sell_ids":[230770],"atum_controlled":true,"out_stock_date":null,"out_stock_threshold":null,"inheritable":true,"stock_on_hold":1,"sold_today":0,"sales_last_days":2,"out_stock_days":0,"lost_sales":0,"update_date":"2026-04-03T10:15:58","atum_locations":[],"atum_stock_status":"instock","restock_status":false,"low_stock_amount":"","sales_update_date":"2026-04-03T10:15:58","calc_backorders":null,"group_of_quantity":0,"min_quantity":0,"max_quantity":"","exclude_order_quantity_value_rules":"no","exclude_category_quantity_rules":"no","combine_variations":"no","yoast_head":"<!-- This site is optimized with the Yoast SEO Premium plugin v26.5 (Yoast SEO v26.5) - https:\/\/yoast.com\/wordpress\/plugins\/seo\/ -->\n<title>Serum Soothsayer | Living Libations<\/title>\n<meta name=\"description\" content=\"Vous et votre visage avez \u00e9t\u00e9 ensemble par tous les temps. Living Libations Soothsayer Serum vous permet de profiter du temps et de sauver la face, aussi.\" \/>\n<meta name=\"robots\" content=\"index, follow, max-snippet:-1, max-image-preview:large, max-video-preview:-1\" \/>\n<link rel=\"canonical\" href=\"https:\/\/dutchhealthstore.com\/fr\/product\/soothsayer-serum\/\" \/>\n<meta property=\"og:locale\" content=\"fr_FR\" \/>\n<meta property=\"og:type\" content=\"article\" \/>\n<meta property=\"og:title\" content=\"Soothsayer Serum - Dutch Health Store\" \/>\n<meta property=\"og:description\" content=\"Vous et votre visage avez \u00e9t\u00e9 ensemble par tous les temps. Living Libations Soothsayer Serum vous permet de profiter du temps et de sauver la face, aussi.\" \/>\n<meta property=\"og:url\" content=\"https:\/\/dutchhealthstore.com\/fr\/product\/soothsayer-serum\/\" \/>\n<meta property=\"og:site_name\" content=\"Dutch Health Store\" \/>\n<meta property=\"article:publisher\" content=\"https:\/\/www.instagram.com\/dutchhealthstore\/\" \/>\n<meta property=\"article:modified_time\" content=\"2025-11-28T17:33:51+00:00\" \/>\n<meta property=\"og:image\" content=\"https:\/\/dutchhealthstore.com\/wp-content\/uploads\/2020\/06\/LLsoothsayerserum100ml.jpg\" \/>\n\t<meta property=\"og:image:width\" content=\"510\" \/>\n\t<meta property=\"og:image:height\" content=\"510\" \/>\n\t<meta property=\"og:image:type\" content=\"image\/jpeg\" \/>\n<meta name=\"twitter:card\" content=\"summary_large_image\" \/>\n<meta name=\"twitter:label1\" content=\"Disponibilit\u00e9\" \/>\n\t<meta name=\"twitter:data1\" content=\"En stock\" \/>\n<script type=\"application\/ld+json\" class=\"yoast-schema-graph\">{\"@context\":\"https:\/\/schema.org\",\"@graph\":[{\"@type\":\"WebPage\",\"@id\":\"https:\/\/dutchhealthstore.com\/fr\/product\/soothsayer-serum\/\",\"url\":\"https:\/\/dutchhealthstore.com\/fr\/product\/soothsayer-serum\/\",\"name\":\"Serum Soothsayer | Living Libations\",\"isPartOf\":{\"@id\":\"https:\/\/dutchhealthstore.com\/fr\/#website\"},\"primaryImageOfPage\":{\"@id\":\"https:\/\/dutchhealthstore.com\/fr\/product\/soothsayer-serum\/#primaryimage\"},\"image\":{\"@id\":\"https:\/\/dutchhealthstore.com\/fr\/product\/soothsayer-serum\/#primaryimage\"},\"thumbnailUrl\":\"https:\/\/dutchhealthstore.com\/wp-content\/uploads\/2020\/06\/LLsoothsayerserum100ml.jpg\",\"datePublished\":\"2020-06-11T08:53:02+00:00\",\"dateModified\":\"2025-11-28T17:33:51+00:00\",\"description\":\"Vous et votre visage avez \u00e9t\u00e9 ensemble par tous les temps. Living Libations Soothsayer Serum vous permet de profiter du temps et de sauver la face, aussi.\",\"breadcrumb\":{\"@id\":\"https:\/\/dutchhealthstore.com\/fr\/product\/soothsayer-serum\/#breadcrumb\"},\"inLanguage\":\"fr-FR\",\"potentialAction\":[{\"@type\":\"ReadAction\",\"target\":[\"https:\/\/dutchhealthstore.com\/fr\/product\/soothsayer-serum\/\"]}]},{\"@type\":\"ImageObject\",\"inLanguage\":\"fr-FR\",\"@id\":\"https:\/\/dutchhealthstore.com\/fr\/product\/soothsayer-serum\/#primaryimage\",\"url\":\"https:\/\/dutchhealthstore.com\/wp-content\/uploads\/2020\/06\/LLsoothsayerserum100ml.jpg\",\"contentUrl\":\"https:\/\/dutchhealthstore.com\/wp-content\/uploads\/2020\/06\/LLsoothsayerserum100ml.jpg\",\"width\":510,\"height\":510,\"caption\":\"LLsoothsayerserum100ml\"},{\"@type\":\"BreadcrumbList\",\"@id\":\"https:\/\/dutchhealthstore.com\/fr\/product\/soothsayer-serum\/#breadcrumb\",\"itemListElement\":[{\"@type\":\"ListItem\",\"position\":1,\"name\":\"Home\",\"item\":\"https:\/\/dutchhealthstore.com\/fr\/\"},{\"@type\":\"ListItem\",\"position\":2,\"name\":\"Shop\",\"item\":\"https:\/\/dutchhealthstore.com\/fr\/shop\/\"},{\"@type\":\"ListItem\",\"position\":3,\"name\":\"Soothsayer Serum\"}]},{\"@type\":\"WebSite\",\"@id\":\"https:\/\/dutchhealthstore.com\/fr\/#website\",\"url\":\"https:\/\/dutchhealthstore.com\/fr\/\",\"name\":\"Dutch Health Store\",\"description\":\"Enhance Your Beauty with Organic &amp; Natural Skincare\",\"publisher\":{\"@id\":\"https:\/\/dutchhealthstore.com\/fr\/#organization\"},\"potentialAction\":[{\"@type\":\"SearchAction\",\"target\":{\"@type\":\"EntryPoint\",\"urlTemplate\":\"https:\/\/dutchhealthstore.com\/fr\/?s={search_term_string}\"},\"query-input\":{\"@type\":\"PropertyValueSpecification\",\"valueRequired\":true,\"valueName\":\"search_term_string\"}}],\"inLanguage\":\"fr-FR\"},{\"@type\":\"Organization\",\"@id\":\"https:\/\/dutchhealthstore.com\/fr\/#organization\",\"name\":\"Dutch Health Store\",\"url\":\"https:\/\/dutchhealthstore.com\/fr\/\",\"logo\":{\"@type\":\"ImageObject\",\"inLanguage\":\"fr-FR\",\"@id\":\"https:\/\/dutchhealthstore.com\/fr\/#\/schema\/logo\/image\/\",\"url\":\"https:\/\/dutchhealthstore.com\/wp-content\/uploads\/2020\/08\/logo-dutchhealthstore-jpg-e1599484957574.jpg\",\"contentUrl\":\"https:\/\/dutchhealthstore.com\/wp-content\/uploads\/2020\/08\/logo-dutchhealthstore-jpg-e1599484957574.jpg\",\"width\":400,\"height\":62,\"caption\":\"Dutch Health Store\"},\"image\":{\"@id\":\"https:\/\/dutchhealthstore.com\/fr\/#\/schema\/logo\/image\/\"},\"sameAs\":[\"https:\/\/www.instagram.com\/dutchhealthstore\/\",\"https:\/\/www.facebook.com\/dutchhealthstore\"]}]}<\/script>\n<meta property=\"product:brand\" content=\"Living Libations\" \/>\n<meta property=\"og:availability\" content=\"instock\" \/>\n<meta property=\"product:availability\" content=\"instock\" \/>\n<meta property=\"product:condition\" content=\"new\" \/>\n<!-- \/ Yoast SEO Premium plugin. -->","yoast_head_json":{"title":"Serum Soothsayer | Living Libations","description":"Vous et votre visage avez \u00e9t\u00e9 ensemble par tous les temps. Living Libations Soothsayer Serum vous permet de profiter du temps et de sauver la face, aussi.","robots":{"index":"index","follow":"follow","max-snippet":"max-snippet:-1","max-image-preview":"max-image-preview:large","max-video-preview":"max-video-preview:-1"},"canonical":"https:\/\/dutchhealthstore.com\/fr\/product\/soothsayer-serum\/","og_locale":"fr_FR","og_type":"article","og_title":"Soothsayer Serum - Dutch Health Store","og_description":"Vous et votre visage avez \u00e9t\u00e9 ensemble par tous les temps. Living Libations Soothsayer Serum vous permet de profiter du temps et de sauver la face, aussi.","og_url":"https:\/\/dutchhealthstore.com\/fr\/product\/soothsayer-serum\/","og_site_name":"Dutch Health Store","article_publisher":"https:\/\/www.instagram.com\/dutchhealthstore\/","article_modified_time":"2025-11-28T17:33:51+00:00","og_image":[{"width":510,"height":510,"url":"https:\/\/dutchhealthstore.com\/wp-content\/uploads\/2020\/06\/LLsoothsayerserum100ml.jpg","type":"image\/jpeg"}],"twitter_card":"summary_large_image","twitter_misc":{"Disponibilit\u00e9":"En stock"},"schema":{"@context":"https:\/\/schema.org","@graph":[{"@type":"WebPage","@id":"https:\/\/dutchhealthstore.com\/fr\/product\/soothsayer-serum\/","url":"https:\/\/dutchhealthstore.com\/fr\/product\/soothsayer-serum\/","name":"Serum Soothsayer | Living Libations","isPartOf":{"@id":"https:\/\/dutchhealthstore.com\/fr\/#website"},"primaryImageOfPage":{"@id":"https:\/\/dutchhealthstore.com\/fr\/product\/soothsayer-serum\/#primaryimage"},"image":{"@id":"https:\/\/dutchhealthstore.com\/fr\/product\/soothsayer-serum\/#primaryimage"},"thumbnailUrl":"https:\/\/dutchhealthstore.com\/wp-content\/uploads\/2020\/06\/LLsoothsayerserum100ml.jpg","datePublished":"2020-06-11T08:53:02+00:00","dateModified":"2025-11-28T17:33:51+00:00","description":"Vous et votre visage avez \u00e9t\u00e9 ensemble par tous les temps. Living Libations Soothsayer Serum vous permet de profiter du temps et de sauver la face, aussi.","breadcrumb":{"@id":"https:\/\/dutchhealthstore.com\/fr\/product\/soothsayer-serum\/#breadcrumb"},"inLanguage":"fr-FR","potentialAction":[{"@type":"ReadAction","target":["https:\/\/dutchhealthstore.com\/fr\/product\/soothsayer-serum\/"]}]},{"@type":"ImageObject","inLanguage":"fr-FR","@id":"https:\/\/dutchhealthstore.com\/fr\/product\/soothsayer-serum\/#primaryimage","url":"https:\/\/dutchhealthstore.com\/wp-content\/uploads\/2020\/06\/LLsoothsayerserum100ml.jpg","contentUrl":"https:\/\/dutchhealthstore.com\/wp-content\/uploads\/2020\/06\/LLsoothsayerserum100ml.jpg","width":510,"height":510,"caption":"LLsoothsayerserum100ml"},{"@type":"BreadcrumbList","@id":"https:\/\/dutchhealthstore.com\/fr\/product\/soothsayer-serum\/#breadcrumb","itemListElement":[{"@type":"ListItem","position":1,"name":"Home","item":"https:\/\/dutchhealthstore.com\/fr\/"},{"@type":"ListItem","position":2,"name":"Shop","item":"https:\/\/dutchhealthstore.com\/fr\/shop\/"},{"@type":"ListItem","position":3,"name":"Soothsayer Serum"}]},{"@type":"WebSite","@id":"https:\/\/dutchhealthstore.com\/fr\/#website","url":"https:\/\/dutchhealthstore.com\/fr\/","name":"Dutch Health Store","description":"Enhance Your Beauty with Organic &amp; Natural Skincare","publisher":{"@id":"https:\/\/dutchhealthstore.com\/fr\/#organization"},"potentialAction":[{"@type":"SearchAction","target":{"@type":"EntryPoint","urlTemplate":"https:\/\/dutchhealthstore.com\/fr\/?s={search_term_string}"},"query-input":{"@type":"PropertyValueSpecification","valueRequired":true,"valueName":"search_term_string"}}],"inLanguage":"fr-FR"},{"@type":"Organization","@id":"https:\/\/dutchhealthstore.com\/fr\/#organization","name":"Dutch Health Store","url":"https:\/\/dutchhealthstore.com\/fr\/","logo":{"@type":"ImageObject","inLanguage":"fr-FR","@id":"https:\/\/dutchhealthstore.com\/fr\/#\/schema\/logo\/image\/","url":"https:\/\/dutchhealthstore.com\/wp-content\/uploads\/2020\/08\/logo-dutchhealthstore-jpg-e1599484957574.jpg","contentUrl":"https:\/\/dutchhealthstore.com\/wp-content\/uploads\/2020\/08\/logo-dutchhealthstore-jpg-e1599484957574.jpg","width":400,"height":62,"caption":"Dutch Health Store"},"image":{"@id":"https:\/\/dutchhealthstore.com\/fr\/#\/schema\/logo\/image\/"},"sameAs":["https:\/\/www.instagram.com\/dutchhealthstore\/","https:\/\/www.facebook.com\/dutchhealthstore"]}]},"product_brand":"Living Libations","og_availability":"instock","product_availability":"instock","product_condition":"new"},"_links":{"self":[{"href":"https:\/\/dutchhealthstore.com\/fr\/wp-json\/wp\/v2\/product\/106487","targetHints":{"allow":["GET"]}}],"collection":[{"href":"https:\/\/dutchhealthstore.com\/fr\/wp-json\/wp\/v2\/product"}],"about":[{"href":"https:\/\/dutchhealthstore.com\/fr\/wp-json\/wp\/v2\/types\/product"}],"replies":[{"embeddable":true,"href":"https:\/\/dutchhealthstore.com\/fr\/wp-json\/wp\/v2\/comments?post=106487"}],"wp:featuredmedia":[{"embeddable":true,"href":"https:\/\/dutchhealthstore.com\/fr\/wp-json\/wp\/v2\/media\/261419"}],"wp:attachment":[{"href":"https:\/\/dutchhealthstore.com\/fr\/wp-json\/wp\/v2\/media?parent=106487"}],"wp:term":[{"taxonomy":"product_brand","embeddable":true,"href":"https:\/\/dutchhealthstore.com\/fr\/wp-json\/wp\/v2\/product_brand?post=106487"},{"taxonomy":"product_cat","embeddable":true,"href":"https:\/\/dutchhealthstore.com\/fr\/wp-json\/wp\/v2\/product_cat?post=106487"},{"taxonomy":"product_tag","embeddable":true,"href":"https:\/\/dutchhealthstore.com\/fr\/wp-json\/wp\/v2\/product_tag?post=106487"}],"curies":[{"name":"wp","href":"https:\/\/api.w.org\/{rel}","templated":true}]}}