{"id":106312,"date":"2020-01-11T07:31:11","date_gmt":"2020-01-11T07:31:11","guid":{"rendered":"https:\/\/dutchhealthstore.com\/product\/rose-renewal-frankincense-firming-fluid\/"},"modified":"2026-03-24T14:17:04","modified_gmt":"2026-03-24T13:17:04","slug":"rose-renewal-frankincense-firming-fluid","status":"publish","type":"product","link":"https:\/\/dutchhealthstore.com\/fr\/product\/rose-renewal-frankincense-firming-fluid\/","title":{"rendered":"Rose Renewal + Frankincense Firming Fluid"},"content":{"rendered":"<p><img decoding=\"async\" class=\"alignright wp-image-56014\" src=\"https:\/\/dutchhealthstore.com\/wp-content\/uploads\/2019\/04\/logo.png\" alt=\"Living libations logo\" width=\"200\" height=\"59\">Living Libations Rose Renewal + Frankincense Firming Fluid est un hydratant parfait pour les peaux d&rsquo;\u00e9t\u00e9, les climats humides et les peaux de sagesse. Cet \u00e9mollient l\u00e9ger est dot\u00e9 d&rsquo;essences suppl\u00e9mentaires qui raffermissent la peau rel\u00e2ch\u00e9e et att\u00e9nuent les rides et les ridules.<\/p>\n<p>Ce liquide l\u00e9ger et adorable, \u00e0 l&rsquo;\u00e9clat magnifique, ravive le teint de la peau. C&rsquo;est un fabuleux fluide de fortification qui gardera votre peau sublime en nourrissant et en hydratant le visage tout en minimisant l&rsquo;apparence du tissu cicatriciel, des ridules et en prot\u00e9geant la peau expos\u00e9e aux \u00e9l\u00e9ments environnementaux.<\/p>\n<h3>Comment utiliser<\/h3>\n<p>Mettez-en un peu dans votre paume et tapotez doucement sur la peau. Il sent comme les matins de printemps frais et ros\u00e9s. Une cr\u00e8me hydratante l\u00e9g\u00e8re pour l&rsquo;\u00e9t\u00e9, l&rsquo;humidit\u00e9, les peaux grasses ou \u00e0 tendance acn\u00e9ique. Profond\u00e9ment nourrissant seul et \u00e9galement parfaitement associ\u00e9 \u00e0 la gr\u00e2ce du S\u00e9rum \u00c9clat Rose, du S\u00e9rum Rose Royale et\/ou de la Cr\u00e8me \u00c9clat Rose.<br \/>\nAppliquez matin ou soir apr\u00e8s avoir nettoy\u00e9 le visage avec Rose ou Seabuckthorn Best Skin Ever.<\/p>\n<h3 class=\"yikes-custom-woo-tab-title yikes-custom-woo-tab-title-natural-organic-ingredients\">Natural\/Organic Ingredients<\/h3>\n<p><strong>Aloe Vera<\/strong><em> (Aloe barbadensis)<\/em> &#8211; L&rsquo;Aloe Vera est une plante succulente et apaisante qui pousse dans les climats plus chauds. Il poss\u00e8de une feuille robuste qui offre une pulpe claire et g\u00e9latineuse. Cette pulpe cr\u00e9e un baume incroyablement apaisant pour les peaux d\u00e9licates. Offrant des niveaux d&rsquo;hydratation parfaits, l&rsquo;alo\u00e8s poss\u00e8de de magnifiques propri\u00e9t\u00e9s qui p\u00e9n\u00e8trent dans la peau pour att\u00e9nuer les rougeurs et les gonflements. Notre aloe vera offre une double dose de protection hydratante pour la peau. En tant qu&rsquo;hydratant naturel, il p\u00e9n\u00e8tre dans la peau et en retient l&rsquo;humidit\u00e9. Dans le m\u00eame temps, l&rsquo;aloe vera forme une couche poreuse et respirante sur la peau pour maintenir l&rsquo;humidit\u00e9 \u00e0 l&rsquo;int\u00e9rieur et emp\u00eacher le reste de sortir.<\/p>\n<p><strong>Cynorrhodons<\/strong><em> (Rosa rubignosa)<\/em> \u2013 Rem\u00e8de cutan\u00e9 s\u00e9culaire en Am\u00e9rique du Sud, les cynorrhodons infusent ce s\u00e9rum de vitamines A et C, qui sont particuli\u00e8rement b\u00e9n\u00e9fiques pour les peaux matures. Le cynorrhodon contient \u00e9galement du fer et des acides gras qui augmentent la fermet\u00e9 et l&rsquo;\u00e9lasticit\u00e9 de la peau.<\/p>\n<p><strong>Jojoba<\/strong> <em>(Simmondsia chinensis)<\/em> &#8211; Le jojoba dor\u00e9 et glorieux nourrit et soigne les peaux assoiff\u00e9es. Jojoba a une capacit\u00e9 in\u00e9gal\u00e9e d&rsquo;hydrater la peau, d&rsquo;\u00e9quilibrer la production d&rsquo;huile, de nettoyer en profondeur les pores et de cr\u00e9er des effets de conditionnement de longue dur\u00e9e qui adoucissent la peau. Il est bourr\u00e9 de peptides et de lipides et contient les plus hauts niveaux de compos\u00e9s ph\u00e9noliques trouv\u00e9s dans la nature ainsi que des vitamines et toutes les formes solubles de vitamine E!<\/p>\n<p><strong>Infusion de calendula<\/strong><em> (Calendula officinalis)<\/em> &#8211; Le calendula est le super h\u00e9ros des peaux ensoleill\u00e9es. Cet extrait audacieux exploite les puissantes propri\u00e9t\u00e9s anti-\u00e2ge des p\u00e9tales de souci qui envoient les rougeurs et la chaleur. Selon les usages traditionnels, les cicatrices et les gonflements sont \u00e9galement apais\u00e9s par le calendula.<\/p>\n<p><strong>Infusion de consoude<\/strong> (Comfrey symphytim) &#8211; La consoude prot\u00e8ge et dynamise la peau. Il am\u00e9liore l&rsquo;apparence des cicatrices et des taches.<\/p>\n<p><strong>Infusion de p\u00e9tales de rose<\/strong> (Rosa centifolia) &#8211; De ravissants p\u00e9tales de rose sont r\u00e9colt\u00e9s dans la Vall\u00e9e des Roses en Bulgarie et infus\u00e9s dans du jojoba. Cette poudre fantastiquement parfum\u00e9e et astringente donne le pouvoir des vitamines nourrissantes et des antioxydants abondants \u00e0 nos s\u00e9rums.<\/p>\n<p><strong>Infusion de pr\u00eale<\/strong> (Equisetum arvense) &#8211; Riche en silice, la pr\u00eale renforce la r\u00e9sistance de la peau.<\/p>\n<p><strong>Infusion de cynorhodon<\/strong> (Rosa canina) &#8211; Les cynorhodons de la rose rajeunissent la peau de la t\u00eate aux pieds! Les cynorhodons contiennent des taux \u00e9lev\u00e9s de lipides, de vitamines et d&rsquo;acides gras essentiels, ainsi que de la vitamine C et du lycop\u00e8ne. Cet ingr\u00e9dient a une affinit\u00e9 avec la peau et favorise son \u00e9lasticit\u00e9 pour am\u00e9liorer l&rsquo;apparence des cicatrices, de la s\u00e9cheresse et des rides.<\/p>\n<p><strong>Encens<\/strong> (Boswellia carterii) &#8211; Sacr\u00e9 L&rsquo;encens est la pi\u00e8ce de r\u00e9sistance des soins de la peau! Il d\u00e9tend les rougeurs, raffermit la peau, att\u00e9nue le m\u00e9lasme et hydrate abondamment la peau. Il est \u00e9galement merveilleux pour r\u00e9duire l&rsquo;apparence des cicatrices et des taches de vieillesse.<\/p>\n<p><strong>Immortelle<\/strong> (Helichrysum italicum) &#8211; L&rsquo;Immortelle \u00e9ternelle est stellaire et rayonne de fa\u00e7on divine pour tous les types de soins de la peau. Cette huile florale parfum\u00e9e est fabriqu\u00e9e de mani\u00e8re sauvage sur l&rsquo;\u00eele de Corse, o\u00f9 les fleurs prosp\u00e8rent gr\u00e2ce aux brises de l&rsquo;oc\u00e9an et au soleil. Les fleurs poussent \u00e0 une altitude de 4 000 feet sur les falaises rocheuses de la campagne. L&rsquo;immortelle aide \u00e0 att\u00e9nuer l&rsquo;apparence des cicatrices, des taches, du m\u00e9lasme, des rougeurs et des ridules. Ce bijou d&rsquo;huile aux multiples facettes est \u00e9galement stimulant sur le plan \u00e9motionnel.<\/p>\n<p><strong>Rose Otto<\/strong> (Rosa damascena) &#8211; La rose Otto offre bien plus qu&rsquo;un ar\u00f4me ambrosien. C&rsquo;est aussi la plus tonifiante de toutes les huiles de rose. C&rsquo;est une essence incroyablement \u00e9l\u00e9gante et pr\u00e9cieuse. Il faut soixante roses pour obtenir une seule goutte d&rsquo;huile essentielle de rose otto! Cette plante royale ajoute de la r\u00e9silience, de l&rsquo;\u00e9lasticit\u00e9 et de l&rsquo;humidit\u00e9 \u00e0 la peau pour minimiser les signes de vieillissement et donner \u00e0 la peau un \u00e9clat ros\u00e9. Il r\u00e9duit l&rsquo;apparence des taches de vieillesse,<\/p>\n<p><strong>Schizandra<\/strong> (Schisandra chinensis) &#8211; Utilis\u00e9e depuis plus de 3 000 ans comme l&rsquo;une des herbes les plus importantes de la m\u00e9decine chinoise, la baie de Schizandra ralentit les signes de vieillissement de la peau. \u00c9l\u00e9ment de base de la m\u00e9decine traditionnelle chinoise, ces baies rouges sont utilis\u00e9es depuis des milliers d&rsquo;ann\u00e9es pour stimuler le chi du corps. Cette merveilleuse baie inspire la positivit\u00e9 et dynamise l&rsquo;esprit.<\/p>\n<p><strong>G\u00e9ranium<\/strong> (Pelargonium graveolens) &#8211; Ce g\u00e9ant doux du soin de la peau raffermit la peau rel\u00e2ch\u00e9e, r\u00e9duit l&rsquo;apparence des cicatrices et des vergetures, et est un excellent tonique pour les peaux \u00e0 tendance acn\u00e9ique.<\/p>\n<p><strong>N\u00e9roli<\/strong> \u2013 Citrus aurantium<br \/>\nLe n\u00e9roli est r\u00e9put\u00e9 pour lisser et am\u00e9liorer les cicatrices, les taches et les vergetures. Cette huile stimulante et purifiante exfolie et rajeunit en douceur pour vous offrir une peau lisse et fra\u00eeche. Il est souvent utilis\u00e9 pour estomper les rides, r\u00e9duire l&rsquo;apparence des taches de m\u00e9lasme et des boutons d&rsquo;acn\u00e9.<\/p>\n<p><strong>Graines de carotte<\/strong> (Daucus carota) &#8211; La dentelle de la reine Anne oint votre visage d&rsquo;une gr\u00e2ce royale. L&rsquo;huile de carotte stimule la production d&rsquo;huile dans des proportions parfaites, quel que soit l&rsquo;\u00e9tat actuel de votre peau. Les peaux huile, s\u00e8ches et mixtes peuvent toutes b\u00e9n\u00e9ficier du pouvoir stimulant et hydratant des graines de carotte.<\/p>\n<p><strong>Extraits de sauge et de romarin<\/strong> (Salvia officinalis et Rosmarinus officinalis) &#8211; Ce conservateur naturel prolonge la dur\u00e9e de vie de ce s\u00e9rum en ralentissant le processus d&rsquo;oxydation. Il regorge d&rsquo;antioxydants b\u00e9n\u00e9fiques qui ravivent la peau.<\/p>\n<p><strong><span class=\"ll-product-ingredient-first\">Racine de pierre<\/span> &#8211; <\/strong><em><br \/>\n  <span class=\"ll-product-ingredient-second\">collinsonia canadensis l.- <\/span><br \/>\n<\/em> <span class=\"ll-product-ingredient-second\">Cette herbe exploite les pouvoirs infranchissables des racines rouges et juteuses qui poussent sous les fleurs de la terre. La racine de pierre calme et clarifie l&rsquo;aspect de la peau gr\u00e2ce \u00e0 son action tonifiante.<\/span><\/p>\n<p><img fetchpriority=\"high\" decoding=\"async\" class=\"aligncenter wp-image-68106\" src=\"https:\/\/dutchhealthstore.com\/wp-content\/uploads\/2018\/02\/Living-Libations-Organic-Logo.png\" alt=\"Living Libations - Organic Logo\" width=\"800\" height=\"89\" srcset=\"https:\/\/dutchhealthstore.com\/wp-content\/uploads\/2018\/02\/Living-Libations-Organic-Logo.png 1400w, https:\/\/dutchhealthstore.com\/wp-content\/uploads\/2018\/02\/Living-Libations-Organic-Logo-510x57.png 510w, https:\/\/dutchhealthstore.com\/wp-content\/uploads\/2018\/02\/Living-Libations-Organic-Logo-800x89.png 800w, https:\/\/dutchhealthstore.com\/wp-content\/uploads\/2018\/02\/Living-Libations-Organic-Logo-768x85.png 768w\" sizes=\"(max-width: 800px) 100vw, 800px\" \/><\/p>\n","protected":false},"excerpt":{"rendered":"<p><strong>Living Libations Rose Renewal + Frankincense Firming Fluid<\/strong> est un hydratant parfait pour les peaux d&rsquo;\u00e9t\u00e9, les climats humides et les peaux de sagesse. Cet \u00e9mollient l\u00e9ger est dot\u00e9 d&rsquo;essences suppl\u00e9mentaires qui raffermissent la peau rel\u00e2ch\u00e9e et att\u00e9nuent les rides et les ridules.<\/p>\n<p>Ce liquide l\u00e9ger et adorable, \u00e0 l&rsquo;\u00e9clat magnifique, ravive le teint de la peau. C&rsquo;est un fabuleux fluide de fortification qui gardera votre peau sublime en nourrissant et en hydratant le visage tout en minimisant l&rsquo;apparence du tissu cicatriciel, des ridules et en prot\u00e9geant la peau expos\u00e9e aux \u00e9l\u00e9ments environnementaux.<\/p>\n","protected":false},"featured_media":89157,"comment_status":"open","ping_status":"closed","template":"","meta":[],"product_brand":[],"product_cat":[14733,5658,5722,5654,5659,5660,1211,1209,1030,5107,5673,5721,5627,5656,5121,5655,5657,1229,4049,1010,2985],"product_tag":[9603,6032,4864,21358],"class_list":{"0":"post-106312","1":"product","2":"type-product","3":"status-publish","4":"has-post-thumbnail","6":"product_cat-soins-de-la-peau","7":"product_cat-moisturizers-fr-fr-2","8":"product_cat-moisturizers-fr-fr-4","9":"product_cat-moisturizers-fr-fr","10":"product_cat-moisturizers-fr-fr-3","11":"product_cat-moisturizers-fr-fr-5","12":"product_cat-living-libations-france","13":"product_cat-par-marques","14":"product_cat-par-produits","15":"product_cat-by-skin-type-fr-4","16":"product_cat-oily-skin-clogged-pores-fr","17":"product_cat-oily-skin-clogged-pores","18":"product_cat-normal-or-combination-skin-fr-2","19":"product_cat-normal-or-combination-skin-fr","20":"product_cat-dry-mature-ageing-skin-fr-2","21":"product_cat-dry-mature-ageing-skin-fr","22":"product_cat-sensitive-skin-redness","23":"product_cat-sensitive-skin-redness-fr","24":"product_cat-serums-et-hydratant","25":"product_cat-notre-boutique","26":"product_cat-visage-fr","27":"product_tag-hydrating-fr","28":"product_tag-serum-fr","29":"product_tag-skin-fr","30":"product_tag-soins-du-visage","31":"pa_brand-livinglibations-fr","32":"pa_gtin-7439657335303-fr","33":"pa_size-30-ml-fr","34":"pa_size-50-ml-fr","35":"pa_size-100-ml-fr","36":"pa_skincare-type-moisturizers-fr","37":"pa_skintype-oily-skin-fr","38":"pa_skintype-normal-combination-skin-fr","39":"pa_skintype-dry-mature-ageing-skin-fr","40":"pa_skintype-sensitive-skin-redness-fr","42":"first","43":"instock","44":"taxable","45":"shipping-taxable","46":"purchasable","47":"product-type-variable"},"bundled_by":[],"bundle_stock_status":"instock","bundle_stock_quantity":null,"bundle_virtual":false,"bundle_layout":"","bundle_add_to_cart_form_location":"","bundle_editable_in_cart":false,"bundle_sold_individually_context":"","bundle_item_grouping":"","bundle_min_size":"","bundle_max_size":"","bundle_price":[],"bundled_items":[],"bundle_sell_ids":[241210],"atum_controlled":true,"out_stock_date":null,"out_stock_threshold":null,"inheritable":true,"stock_on_hold":1,"sold_today":1,"sales_last_days":1,"out_stock_days":0,"lost_sales":0,"update_date":"2026-04-11T11:01:46","atum_locations":[],"atum_stock_status":"instock","restock_status":false,"low_stock_amount":"","sales_update_date":"2026-04-08T01:47:48","calc_backorders":null,"group_of_quantity":0,"min_quantity":0,"max_quantity":"","exclude_order_quantity_value_rules":"no","exclude_category_quantity_rules":"no","combine_variations":"no","yoast_head":"<!-- This site is optimized with the Yoast SEO Premium plugin v26.5 (Yoast SEO v26.5) - https:\/\/yoast.com\/wordpress\/plugins\/seo\/ -->\n<title>Rose Renewal + Frankincense Firming Fluid | Living Libations<\/title>\n<meta name=\"description\" content=\"Living Libations Rose Renewal + Frankincense Firming Fluid est un hydratant parfait pour les peaux d&#039;\u00e9t\u00e9, les climats humides et les peaux de sagesse.\" \/>\n<meta name=\"robots\" content=\"index, follow, max-snippet:-1, max-image-preview:large, max-video-preview:-1\" \/>\n<link rel=\"canonical\" href=\"https:\/\/dutchhealthstore.com\/fr\/product\/rose-renewal-frankincense-firming-fluid\/\" \/>\n<meta property=\"og:locale\" content=\"fr_FR\" \/>\n<meta property=\"og:type\" content=\"article\" \/>\n<meta property=\"og:title\" content=\"Rose Renewal + Frankincense Firming Fluid - Dutch Health Store\" \/>\n<meta property=\"og:description\" content=\"Living Libations Rose Renewal + Frankincense Firming Fluid est un hydratant parfait pour les peaux d&#039;\u00e9t\u00e9, les climats humides et les peaux de sagesse.\" \/>\n<meta property=\"og:url\" content=\"https:\/\/dutchhealthstore.com\/fr\/product\/rose-renewal-frankincense-firming-fluid\/\" \/>\n<meta property=\"og:site_name\" content=\"Dutch Health Store\" \/>\n<meta property=\"article:publisher\" content=\"https:\/\/www.instagram.com\/dutchhealthstore\/\" \/>\n<meta property=\"article:modified_time\" content=\"2026-03-24T13:17:04+00:00\" \/>\n<meta property=\"og:image\" content=\"https:\/\/dutchhealthstore.com\/wp-content\/uploads\/2020\/01\/Rose-Renewal-and-Frankincense-Firming-Fluid-Living-Libations.jpg\" \/>\n\t<meta property=\"og:image:width\" content=\"1200\" \/>\n\t<meta property=\"og:image:height\" content=\"1200\" \/>\n\t<meta property=\"og:image:type\" content=\"image\/jpeg\" \/>\n<meta name=\"twitter:card\" content=\"summary_large_image\" \/>\n<meta name=\"twitter:label1\" content=\"Disponibilit\u00e9\" \/>\n\t<meta name=\"twitter:data1\" content=\"En stock\" \/>\n<script type=\"application\/ld+json\" class=\"yoast-schema-graph\">{\"@context\":\"https:\/\/schema.org\",\"@graph\":[{\"@type\":\"WebPage\",\"@id\":\"https:\/\/dutchhealthstore.com\/fr\/product\/rose-renewal-frankincense-firming-fluid\/\",\"url\":\"https:\/\/dutchhealthstore.com\/fr\/product\/rose-renewal-frankincense-firming-fluid\/\",\"name\":\"Rose Renewal + Frankincense Firming Fluid | Living Libations\",\"isPartOf\":{\"@id\":\"https:\/\/dutchhealthstore.com\/fr\/#website\"},\"primaryImageOfPage\":{\"@id\":\"https:\/\/dutchhealthstore.com\/fr\/product\/rose-renewal-frankincense-firming-fluid\/#primaryimage\"},\"image\":{\"@id\":\"https:\/\/dutchhealthstore.com\/fr\/product\/rose-renewal-frankincense-firming-fluid\/#primaryimage\"},\"thumbnailUrl\":\"https:\/\/dutchhealthstore.com\/wp-content\/uploads\/2020\/01\/Rose-Renewal-and-Frankincense-Firming-Fluid-Living-Libations.jpg\",\"datePublished\":\"2020-01-11T07:31:11+00:00\",\"dateModified\":\"2026-03-24T13:17:04+00:00\",\"description\":\"Living Libations Rose Renewal + Frankincense Firming Fluid est un hydratant parfait pour les peaux d'\u00e9t\u00e9, les climats humides et les peaux de sagesse.\",\"breadcrumb\":{\"@id\":\"https:\/\/dutchhealthstore.com\/fr\/product\/rose-renewal-frankincense-firming-fluid\/#breadcrumb\"},\"inLanguage\":\"fr-FR\",\"potentialAction\":[{\"@type\":\"ReadAction\",\"target\":[\"https:\/\/dutchhealthstore.com\/fr\/product\/rose-renewal-frankincense-firming-fluid\/\"]}]},{\"@type\":\"ImageObject\",\"inLanguage\":\"fr-FR\",\"@id\":\"https:\/\/dutchhealthstore.com\/fr\/product\/rose-renewal-frankincense-firming-fluid\/#primaryimage\",\"url\":\"https:\/\/dutchhealthstore.com\/wp-content\/uploads\/2020\/01\/Rose-Renewal-and-Frankincense-Firming-Fluid-Living-Libations.jpg\",\"contentUrl\":\"https:\/\/dutchhealthstore.com\/wp-content\/uploads\/2020\/01\/Rose-Renewal-and-Frankincense-Firming-Fluid-Living-Libations.jpg\",\"width\":1200,\"height\":1200,\"caption\":\"Rose Renewal + Frankincense Firming Fluid - Living Libations\"},{\"@type\":\"BreadcrumbList\",\"@id\":\"https:\/\/dutchhealthstore.com\/fr\/product\/rose-renewal-frankincense-firming-fluid\/#breadcrumb\",\"itemListElement\":[{\"@type\":\"ListItem\",\"position\":1,\"name\":\"Home\",\"item\":\"https:\/\/dutchhealthstore.com\/fr\/\"},{\"@type\":\"ListItem\",\"position\":2,\"name\":\"Shop\",\"item\":\"https:\/\/dutchhealthstore.com\/fr\/shop\/\"},{\"@type\":\"ListItem\",\"position\":3,\"name\":\"Rose Renewal + Frankincense Firming Fluid\"}]},{\"@type\":\"WebSite\",\"@id\":\"https:\/\/dutchhealthstore.com\/fr\/#website\",\"url\":\"https:\/\/dutchhealthstore.com\/fr\/\",\"name\":\"Dutch Health Store\",\"description\":\"Enhance Your Beauty with Organic &amp; Natural Skincare\",\"publisher\":{\"@id\":\"https:\/\/dutchhealthstore.com\/fr\/#organization\"},\"potentialAction\":[{\"@type\":\"SearchAction\",\"target\":{\"@type\":\"EntryPoint\",\"urlTemplate\":\"https:\/\/dutchhealthstore.com\/fr\/?s={search_term_string}\"},\"query-input\":{\"@type\":\"PropertyValueSpecification\",\"valueRequired\":true,\"valueName\":\"search_term_string\"}}],\"inLanguage\":\"fr-FR\"},{\"@type\":\"Organization\",\"@id\":\"https:\/\/dutchhealthstore.com\/fr\/#organization\",\"name\":\"Dutch Health Store\",\"url\":\"https:\/\/dutchhealthstore.com\/fr\/\",\"logo\":{\"@type\":\"ImageObject\",\"inLanguage\":\"fr-FR\",\"@id\":\"https:\/\/dutchhealthstore.com\/fr\/#\/schema\/logo\/image\/\",\"url\":\"https:\/\/dutchhealthstore.com\/wp-content\/uploads\/2020\/08\/logo-dutchhealthstore-jpg-e1599484957574.jpg\",\"contentUrl\":\"https:\/\/dutchhealthstore.com\/wp-content\/uploads\/2020\/08\/logo-dutchhealthstore-jpg-e1599484957574.jpg\",\"width\":400,\"height\":62,\"caption\":\"Dutch Health Store\"},\"image\":{\"@id\":\"https:\/\/dutchhealthstore.com\/fr\/#\/schema\/logo\/image\/\"},\"sameAs\":[\"https:\/\/www.instagram.com\/dutchhealthstore\/\",\"https:\/\/www.facebook.com\/dutchhealthstore\"]}]}<\/script>\n<meta property=\"product:brand\" content=\"Living Libations\" \/>\n<meta property=\"og:availability\" content=\"instock\" \/>\n<meta property=\"product:availability\" content=\"instock\" \/>\n<meta property=\"product:condition\" content=\"new\" \/>\n<!-- \/ Yoast SEO Premium plugin. -->","yoast_head_json":{"title":"Rose Renewal + Frankincense Firming Fluid | Living Libations","description":"Living Libations Rose Renewal + Frankincense Firming Fluid est un hydratant parfait pour les peaux d'\u00e9t\u00e9, les climats humides et les peaux de sagesse.","robots":{"index":"index","follow":"follow","max-snippet":"max-snippet:-1","max-image-preview":"max-image-preview:large","max-video-preview":"max-video-preview:-1"},"canonical":"https:\/\/dutchhealthstore.com\/fr\/product\/rose-renewal-frankincense-firming-fluid\/","og_locale":"fr_FR","og_type":"article","og_title":"Rose Renewal + Frankincense Firming Fluid - Dutch Health Store","og_description":"Living Libations Rose Renewal + Frankincense Firming Fluid est un hydratant parfait pour les peaux d'\u00e9t\u00e9, les climats humides et les peaux de sagesse.","og_url":"https:\/\/dutchhealthstore.com\/fr\/product\/rose-renewal-frankincense-firming-fluid\/","og_site_name":"Dutch Health Store","article_publisher":"https:\/\/www.instagram.com\/dutchhealthstore\/","article_modified_time":"2026-03-24T13:17:04+00:00","og_image":[{"width":1200,"height":1200,"url":"https:\/\/dutchhealthstore.com\/wp-content\/uploads\/2020\/01\/Rose-Renewal-and-Frankincense-Firming-Fluid-Living-Libations.jpg","type":"image\/jpeg"}],"twitter_card":"summary_large_image","twitter_misc":{"Disponibilit\u00e9":"En stock"},"schema":{"@context":"https:\/\/schema.org","@graph":[{"@type":"WebPage","@id":"https:\/\/dutchhealthstore.com\/fr\/product\/rose-renewal-frankincense-firming-fluid\/","url":"https:\/\/dutchhealthstore.com\/fr\/product\/rose-renewal-frankincense-firming-fluid\/","name":"Rose Renewal + Frankincense Firming Fluid | Living Libations","isPartOf":{"@id":"https:\/\/dutchhealthstore.com\/fr\/#website"},"primaryImageOfPage":{"@id":"https:\/\/dutchhealthstore.com\/fr\/product\/rose-renewal-frankincense-firming-fluid\/#primaryimage"},"image":{"@id":"https:\/\/dutchhealthstore.com\/fr\/product\/rose-renewal-frankincense-firming-fluid\/#primaryimage"},"thumbnailUrl":"https:\/\/dutchhealthstore.com\/wp-content\/uploads\/2020\/01\/Rose-Renewal-and-Frankincense-Firming-Fluid-Living-Libations.jpg","datePublished":"2020-01-11T07:31:11+00:00","dateModified":"2026-03-24T13:17:04+00:00","description":"Living Libations Rose Renewal + Frankincense Firming Fluid est un hydratant parfait pour les peaux d'\u00e9t\u00e9, les climats humides et les peaux de sagesse.","breadcrumb":{"@id":"https:\/\/dutchhealthstore.com\/fr\/product\/rose-renewal-frankincense-firming-fluid\/#breadcrumb"},"inLanguage":"fr-FR","potentialAction":[{"@type":"ReadAction","target":["https:\/\/dutchhealthstore.com\/fr\/product\/rose-renewal-frankincense-firming-fluid\/"]}]},{"@type":"ImageObject","inLanguage":"fr-FR","@id":"https:\/\/dutchhealthstore.com\/fr\/product\/rose-renewal-frankincense-firming-fluid\/#primaryimage","url":"https:\/\/dutchhealthstore.com\/wp-content\/uploads\/2020\/01\/Rose-Renewal-and-Frankincense-Firming-Fluid-Living-Libations.jpg","contentUrl":"https:\/\/dutchhealthstore.com\/wp-content\/uploads\/2020\/01\/Rose-Renewal-and-Frankincense-Firming-Fluid-Living-Libations.jpg","width":1200,"height":1200,"caption":"Rose Renewal + Frankincense Firming Fluid - Living Libations"},{"@type":"BreadcrumbList","@id":"https:\/\/dutchhealthstore.com\/fr\/product\/rose-renewal-frankincense-firming-fluid\/#breadcrumb","itemListElement":[{"@type":"ListItem","position":1,"name":"Home","item":"https:\/\/dutchhealthstore.com\/fr\/"},{"@type":"ListItem","position":2,"name":"Shop","item":"https:\/\/dutchhealthstore.com\/fr\/shop\/"},{"@type":"ListItem","position":3,"name":"Rose Renewal + Frankincense Firming Fluid"}]},{"@type":"WebSite","@id":"https:\/\/dutchhealthstore.com\/fr\/#website","url":"https:\/\/dutchhealthstore.com\/fr\/","name":"Dutch Health Store","description":"Enhance Your Beauty with Organic &amp; Natural Skincare","publisher":{"@id":"https:\/\/dutchhealthstore.com\/fr\/#organization"},"potentialAction":[{"@type":"SearchAction","target":{"@type":"EntryPoint","urlTemplate":"https:\/\/dutchhealthstore.com\/fr\/?s={search_term_string}"},"query-input":{"@type":"PropertyValueSpecification","valueRequired":true,"valueName":"search_term_string"}}],"inLanguage":"fr-FR"},{"@type":"Organization","@id":"https:\/\/dutchhealthstore.com\/fr\/#organization","name":"Dutch Health Store","url":"https:\/\/dutchhealthstore.com\/fr\/","logo":{"@type":"ImageObject","inLanguage":"fr-FR","@id":"https:\/\/dutchhealthstore.com\/fr\/#\/schema\/logo\/image\/","url":"https:\/\/dutchhealthstore.com\/wp-content\/uploads\/2020\/08\/logo-dutchhealthstore-jpg-e1599484957574.jpg","contentUrl":"https:\/\/dutchhealthstore.com\/wp-content\/uploads\/2020\/08\/logo-dutchhealthstore-jpg-e1599484957574.jpg","width":400,"height":62,"caption":"Dutch Health Store"},"image":{"@id":"https:\/\/dutchhealthstore.com\/fr\/#\/schema\/logo\/image\/"},"sameAs":["https:\/\/www.instagram.com\/dutchhealthstore\/","https:\/\/www.facebook.com\/dutchhealthstore"]}]},"product_brand":"Living Libations","og_availability":"instock","product_availability":"instock","product_condition":"new"},"_links":{"self":[{"href":"https:\/\/dutchhealthstore.com\/fr\/wp-json\/wp\/v2\/product\/106312","targetHints":{"allow":["GET"]}}],"collection":[{"href":"https:\/\/dutchhealthstore.com\/fr\/wp-json\/wp\/v2\/product"}],"about":[{"href":"https:\/\/dutchhealthstore.com\/fr\/wp-json\/wp\/v2\/types\/product"}],"replies":[{"embeddable":true,"href":"https:\/\/dutchhealthstore.com\/fr\/wp-json\/wp\/v2\/comments?post=106312"}],"wp:featuredmedia":[{"embeddable":true,"href":"https:\/\/dutchhealthstore.com\/fr\/wp-json\/wp\/v2\/media\/89157"}],"wp:attachment":[{"href":"https:\/\/dutchhealthstore.com\/fr\/wp-json\/wp\/v2\/media?parent=106312"}],"wp:term":[{"taxonomy":"product_brand","embeddable":true,"href":"https:\/\/dutchhealthstore.com\/fr\/wp-json\/wp\/v2\/product_brand?post=106312"},{"taxonomy":"product_cat","embeddable":true,"href":"https:\/\/dutchhealthstore.com\/fr\/wp-json\/wp\/v2\/product_cat?post=106312"},{"taxonomy":"product_tag","embeddable":true,"href":"https:\/\/dutchhealthstore.com\/fr\/wp-json\/wp\/v2\/product_tag?post=106312"}],"curies":[{"name":"wp","href":"https:\/\/api.w.org\/{rel}","templated":true}]}}