{"id":106046,"date":"2018-02-10T19:57:13","date_gmt":"2018-02-10T19:57:13","guid":{"rendered":"https:\/\/dutchhealthstore.com\/product\/royal-rose-coq10-serum\/"},"modified":"2026-04-03T07:48:44","modified_gmt":"2026-04-03T05:48:44","slug":"royal-rose-coq10-serum","status":"publish","type":"product","link":"https:\/\/dutchhealthstore.com\/fr\/product\/royal-rose-coq10-serum\/","title":{"rendered":"Royal Rose CoQ10 Serum"},"content":{"rendered":"<p><img decoding=\"async\" class=\"size-full wp-image-37041 alignright\" src=\"https:\/\/dutchhealthstore.com\/wp-content\/uploads\/2018\/04\/Living_Libations-1.png\" alt=\"Organic &amp; Natural Beautyproducts - Living Libations\" width=\"175\" height=\"82\">Saluez votre magnifique peau!<\/p>\n<p>Le s\u00e9rum Royal Rose CoQ10 de Living Libations est un cadeau aux proportions royales avec de ravissantes huiles de graines de rose otto et de rose musqu\u00e9e pour r\u00e9duire l&rsquo;apparence des rides, du CoQ10 pour calibrer le tonus de la peau, de la myrrhe pour att\u00e9nuer les ridules, de l&rsquo;immortelle pour \u00e9quilibrer et un bouquet de nos plus glorieuses huiles essentielles pour c\u00e9l\u00e9brer votre peau royale.<br \/>\nC&rsquo;est un \u00e9lixir majestueux qui restaure, rajeunit et reconstitue la peau dont le ton et la texture ont besoin d&rsquo;\u00eatre raviv\u00e9s.<br \/>\nDigne d&rsquo;une reine (ou d&rsquo;un roi!), le s\u00e9rum Royal Rose CoQ10 repose sur l&rsquo;huile de graines de rose musqu\u00e9e, un tonique pour la peau auquel les anciens \u00c9gyptiens, les Mayas et les Chiliens d&rsquo;aujourd&rsquo;hui faisaient confiance. L&rsquo;histoire de cette huile b\u00e9n\u00e9fique pour la peau s&rsquo;\u00e9tend de Cl\u00e9op\u00e2tre \u00e0 nos jours. Une \u00e9tude men\u00e9e dans les ann\u00e9es 1980 aupr\u00e8s de femmes chiliennes a r\u00e9v\u00e9l\u00e9 que l&rsquo;huile de graines de rose musqu\u00e9e \u00e9tait efficace pour att\u00e9nuer les rides, am\u00e9liorer l&rsquo;apparence des cicatrices et raffermir la peau rel\u00e2ch\u00e9e.<\/p>\n<p>\u00c0 l&rsquo;huile de graines d&rsquo;\u00e9glantier press\u00e9e \u00e0 froid, nous avons ajout\u00e9 une grande quantit\u00e9 de CoQ10, une enzyme essentielle bioactive qui existe natureldans notre corps. Les niveaux de CoQ10 diminuent avec l&rsquo;\u00e2ge, et au fil du temps, notre peau est rendue vuln\u00e9rable par son absence. En infusant la peau du visage avec du CoQ10 r\u00e9parateur, la peau est renforc\u00e9e contre l&rsquo;exposition aux \u00e9l\u00e9ments environnementaux et pour d\u00e9velopper l&rsquo;\u00e9lasticit\u00e9 et la tonicit\u00e9 de la peau.<\/p>\n<p>La vraie royaut\u00e9 exige une abondance absolue, une corne d&rsquo;abondance de plantes b\u00e9n\u00e9fiques pour la peau et des l\u00e9gions de pr\u00e9pos\u00e9s aux tissus! Nous avons donc ajout\u00e9 \u00e0 ce s\u00e9rum royal une huile de jojoba glorieuse pour saturer la peau, une huile de racine de pierre pour apaiser, du thym doux pour adoucir les ridules, de l&rsquo;ylang pour \u00e9quilibrer, du g\u00e9ranium pour raffermir, de l&rsquo;immortelle pour renforcer, de la myrrhe pour hydrater et du citron pour dynamiser.<\/p>\n<p>Royal Rose CoQ10 Serum place votre peau sur le tr\u00f4ne et salue sa gloire lisse et ferme.<\/p>\n<h3>Utiliser<\/h3>\n<p>Ornez votre peau le soir ou le matin en appliquant une goutte de ce charmant s\u00e9rum nourrissant dans votre paume. Du bout des doigts, faites p\u00e9n\u00e9trer d\u00e9licatement le s\u00e9rum dans votre peau ou dans les zones qui ont besoin d&rsquo;une assistance royale suppl\u00e9mentaire.<\/p>\n<h3 class=\"yikes-custom-woo-tab-title yikes-custom-woo-tab-title-natural-organic-ingredients\">Ingr\u00e9dients Naturels\/Biologiques<\/h3>\n<p><strong>(*=Certifi\u00e9 biologique) Ingr\u00e9dients:<\/strong><\/p>\n<p><strong>Rose Musqu\u00e9e<\/strong> <strong>huile <\/strong><em>(Rosa canina<\/em>) &#8211; L&rsquo;huile de rose musqu\u00e9e est un rem\u00e8de ancien pour la peau, rendu c\u00e9l\u00e8bre r\u00e9cemment par les Chiliens qui l&rsquo;utilisent pour am\u00e9liorer l&rsquo;apparence des cicatrices, r\u00e9duire les rides et pr\u00e9venir les signes de vieillissement. Les cynorhodons de la rose rajeunissent la peau de la t\u00eate aux pieds! Les cynorhodons contiennent des niveaux \u00e9lev\u00e9s de nutriments, de vitamines et d&rsquo;acides gras essentiels, ainsi que de la vitamine C et du lycop\u00e8ne. Cet ingr\u00e9dient a une affinit\u00e9 avec la peau et soutient l&rsquo;\u00e9lasticit\u00e9 et am\u00e9liore sa texture et sa fermet\u00e9.<\/p>\n<p><strong>Jojoba<\/strong> <strong>huile <\/strong><em>(Simmondsia chinensis<\/em>) &#8211; Le jojoba dor\u00e9 et glorieux nourrit et conditionne les peaux assoiff\u00e9es. Jojoba a une capacit\u00e9 in\u00e9gal\u00e9e d&rsquo;hydrater la peau, d&rsquo;\u00e9quilibrer la production d&rsquo;huile, de nettoyer en profondeur les pores et de cr\u00e9er des effets de conditionnement de longue dur\u00e9e qui adoucissent la peau. Il regorge de peptides et de lipides et contient les plus hauts niveaux de compos\u00e9s ph\u00e9noliques trouv\u00e9s dans la nature, ainsi que des nutriments et toutes les formes solubles de vitamine E.<\/p>\n<p><strong>CoQ10 <\/strong><em>(Coenzyme Q10<\/em>) &#8211; Le CoQ10 est une enzyme naturelpr\u00e9sente dans l&rsquo;organisme. Il est utilis\u00e9 pour produire l&rsquo;\u00e9nergie n\u00e9cessaire au rajeunissement quotidien. Pendant l&rsquo;enfance et l&rsquo;adolescence, notre corps produit beaucoup de CoQ10, ce qui nous permet de nous \u00e9panouir de mani\u00e8re optimale. Avec l&rsquo;\u00e2ge ou le stress, nos niveaux de CoQ10 diminuent et la peau peut perdre sa fermet\u00e9 et sa souplesse.<\/p>\n<p><strong>Rose Otto Essential<\/strong> <em>(Rosa damascena)<\/em> &#8211; La rose otto est une divination distill\u00e9e \u00e0 la vapeur provenant de la Vall\u00e9e des Roses en Bulgarie et a \u00e9t\u00e9 un ingr\u00e9dient int\u00e9gral dans les pr\u00e9parations de soins de la peau pendant des si\u00e8cles. Po\u00e8tes, \u00e9crivains et mystiques ont vant\u00e9 les effets r\u00e9confortants de l&rsquo;otto rose, qui ouvre le c\u0153ur \u00e0 l&rsquo;amour. Au-del\u00e0 de son ar\u00f4me ang\u00e9lique et de ses vibrations curatives, la rose otto est l&rsquo;huile la plus pr\u00e9cieuse, la plus recherch\u00e9e et la plus majestueuse sur le plan m\u00e9dicinal de toutes les vari\u00e9t\u00e9s de roses. Gr\u00e2ce divine pour la beaut\u00e9 et le visage, la rose radieuse ravive chaque filament de notre \u00eatre par son essence \u00e9l\u00e9gante. Il faut soixante roses pour obtenir une goutte d&rsquo;huile essentielle de rose otto! Le \u00ab\u00a0otto\u00a0\u00bb dans rose otto, fait r\u00e9f\u00e9rence \u00e0 son processus de distillation \u00e0 la vapeur. C&rsquo;est le seul type d&rsquo;essence de rose que l&rsquo;on souhaite utiliser dans les soins de la peau. Apaisant pour le c\u0153ur et adoucissant pour la peau, le rose otto est un alli\u00e9 cl\u00e9 du rajeunissement dermique, invitant \u00e0 l&rsquo;\u00e9quilibre et \u00e0 la beaut\u00e9.<\/p>\n<p><strong>Immortelle <\/strong><em>(Helichrysum italicum<\/em>) &#8211; L&rsquo;immortelle \u00e9ternelle est stellaire et rayonne de fa\u00e7on divine pour tous les types de soins de la peau. Cette huile florale parfum\u00e9e est fabriqu\u00e9e de mani\u00e8re sauvage sur l&rsquo;\u00eele de Corse, o\u00f9 les fleurs prosp\u00e8rent gr\u00e2ce aux brises de l&rsquo;oc\u00e9an et au soleil. Les fleurs poussent \u00e0 une altitude de 4 000 feet sur les falaises rocheuses de la campagne. L&rsquo;immortelle aide \u00e0 att\u00e9nuer l&rsquo;apparence des cicatrices, des taches, du m\u00e9lasme, des rougeurs et des ridules. Ce bijou d&rsquo;huile aux multiples facettes est \u00e9galement stimulant sur le plan \u00e9motionnel.<\/p>\n<p><strong>Thym doux<\/strong> <strong> huile Essentielle<\/strong> <em>(Thym vulgaris linalool) &#8211; <\/em>Le thym doux souple est aussi fort qu&rsquo;il est doux! Elle contient tout le pouvoir fortifiant et tonifiant des autres types d&rsquo;huiles de thym, sans provoquer d&rsquo;irritation, tout en purifiant les pores. Le thym doux, riche en linalol, est un ingr\u00e9dient pr\u00e9cieux de nos sublimes s\u00e9rums de soin. Il est parfait pour une clarification en douceur et pour stimuler les ovations de la peau.<\/p>\n<p><strong>Ylang <\/strong><em>(Cananga odorata<\/em>) &#8211; Ylang signifie \u00ab\u00a0fleur des fleurs\u00a0\u00bb, et ce parfum joyeux et floral embrasse les joues et invite la peau radieuse \u00e0 sortir et \u00e0 jouer. Il harmonise la peau en l&rsquo;hydratant parfaitement. Des fleurs d&rsquo;ylang bienheureuses sont resplendissantes et relaxantes et impr\u00e8gnent ce s\u00e9rum de leur doux parfum.<\/p>\n<p><strong> huile essentielle huile g\u00e9ranium <\/strong><em>(Pelargonium graveolens<\/em>) &#8211; Ce g\u00e9ant de la douceur raffermit les peaux rel\u00e2ch\u00e9es, r\u00e9duit l&rsquo;apparence des cicatrices et des vergetures et clarifie la peau.<\/p>\n<p><strong> huile essentielle huile<\/strong> <strong>myrrhe <\/strong><em>(Commiphora myrrha<\/em>) &#8211; La myrrhe majestueuse orne votre visage d&rsquo;une r\u00e9v\u00e9rence sacr\u00e9e. Cette huile nourrissante est utilis\u00e9e depuis des milliers d&rsquo;ann\u00e9es pour purifier et sanctifier. Il est particuli\u00e8rement adapt\u00e9 aux peaux rouges, s\u00e8ches et sensibles.<\/p>\n<p><strong>Stone Root Essential huile <\/strong><em>(Collinsonia canadensis L.<\/em>) &#8211; Cette herbe exploite les pouvoirs impassibles des racines juteuses cultiv\u00e9es sous les fleurs de la terre. La racine de pierre soulage les l\u00e8vres des rougeurs et des gonflements, tout en apaisant, calmant et clarifiant la peau gr\u00e2ce \u00e0 son action tonifiante.<\/p>\n<p><strong> huile essentielle huile citron <\/strong><em>(Citrus limon<\/em>) &#8211; Le citron luxuriant clarifie, dynamise et purifie la peau de la t\u00eate aux pieds. Il est excellent dans les nettoyants pour l&rsquo;acn\u00e9 et les bosses. Le citron tonifie, raffermit et donne de l&rsquo;\u00e9lasticit\u00e9 \u00e0 la peau.<\/p>\n<p><img fetchpriority=\"high\" decoding=\"async\" class=\"size-full wp-image-31577 aligncenter\" src=\"https:\/\/dutchhealthstore.com\/wp-content\/uploads\/2018\/03\/organic_big.png\" alt=\"Organic and Natural - Living Libations\" width=\"623\" height=\"103\" srcset=\"https:\/\/dutchhealthstore.com\/wp-content\/uploads\/2018\/03\/organic_big.png 623w, https:\/\/dutchhealthstore.com\/wp-content\/uploads\/2018\/03\/organic_big-510x84.png 510w, https:\/\/dutchhealthstore.com\/wp-content\/uploads\/2018\/03\/organic_big-600x99.png 600w, https:\/\/dutchhealthstore.com\/wp-content\/uploads\/2018\/03\/organic_big-350x58.png 350w\" sizes=\"(max-width: 623px) 100vw, 623px\" \/><\/p>\n","protected":false},"excerpt":{"rendered":"<p>Saluez votre magnifique peau!<\/p>\n<p>Le s\u00e9rum Royal Rose CoQ10 de Living Libations est un cadeau aux proportions royales avec de ravissantes huiles de graines de rose otto et de rose musqu\u00e9e pour r\u00e9duire l&rsquo;apparence des rides, du CoQ10 pour calibrer le tonus de la peau, de la myrrhe pour att\u00e9nuer les ridules, de l&rsquo;immortelle pour \u00e9quilibrer et un bouquet de nos plus glorieuses huiles essentielles pour c\u00e9l\u00e9brer votre peau royale.<br \/>\nC&rsquo;est un \u00e9lixir majestueux qui restaure, rajeunit et reconstitue la peau dont le ton et la texture ont besoin d&rsquo;\u00eatre raviv\u00e9s.<\/p>\n","protected":false},"featured_media":120683,"comment_status":"open","ping_status":"closed","template":"","meta":[],"product_brand":[],"product_cat":[14733,1211,1209,1030,5107,5627,5710,5121,5709,5712,1229,5713,5714,5716,4240,4049,1010,2985],"product_tag":[6032],"class_list":{"0":"post-106046","1":"product","2":"type-product","3":"status-publish","4":"has-post-thumbnail","6":"product_cat-soins-de-la-peau","7":"product_cat-living-libations-france","8":"product_cat-par-marques","9":"product_cat-par-produits","10":"product_cat-by-skin-type-fr-4","11":"product_cat-normal-or-combination-skin-fr-2","12":"product_cat-normal-or-combination-skin-fr-4","13":"product_cat-dry-mature-ageing-skin-fr-2","14":"product_cat-dry-mature-ageing-skin-fr-4","15":"product_cat-sensitive-skin-redness-fr-3","16":"product_cat-sensitive-skin-redness-fr","17":"product_cat-serums-fr","18":"product_cat-serums-fr-3","19":"product_cat-serums-fr-5","20":"product_cat-serums-fr-2","21":"product_cat-serums-et-hydratant","22":"product_cat-notre-boutique","23":"product_cat-visage-fr","24":"product_tag-serum-fr","25":"pa_brand-livinglibations-fr","26":"pa_size-3-ml-trial-size-fr","27":"pa_size-15-ml-fr","28":"pa_size-30-ml-fr","29":"pa_skincare-type-face-oil-and-serums-fr","30":"pa_skintype-normal-combination-skin-fr","31":"pa_skintype-dry-mature-ageing-skin-fr","32":"pa_skintype-sensitive-skin-redness-fr","34":"first","35":"outofstock","36":"taxable","37":"shipping-taxable","38":"purchasable","39":"product-type-variable"},"bundled_by":[],"bundle_stock_status":"outofstock","bundle_stock_quantity":null,"bundle_virtual":false,"bundle_layout":"","bundle_add_to_cart_form_location":"","bundle_editable_in_cart":false,"bundle_sold_individually_context":"","bundle_item_grouping":"","bundle_min_size":"","bundle_max_size":"","bundle_price":[],"bundled_items":[],"bundle_sell_ids":[236692],"atum_controlled":true,"out_stock_date":null,"out_stock_threshold":null,"inheritable":true,"stock_on_hold":2,"sold_today":0,"sales_last_days":2,"out_stock_days":0,"lost_sales":0,"update_date":"2026-04-09T11:43:43","atum_locations":[],"atum_stock_status":"outofstock","restock_status":false,"low_stock_amount":"","sales_update_date":"2026-04-09T11:43:43","calc_backorders":null,"group_of_quantity":0,"min_quantity":0,"max_quantity":"","exclude_order_quantity_value_rules":"no","exclude_category_quantity_rules":"no","combine_variations":"no","yoast_head":"<!-- This site is optimized with the Yoast SEO Premium plugin v26.5 (Yoast SEO v26.5) - https:\/\/yoast.com\/wordpress\/plugins\/seo\/ -->\n<title>Royal Rose CoQ10 Serum | Living Libations<\/title>\n<meta name=\"description\" content=\"Royal Rose CoQ10 Serum place votre peau sur le tr\u00f4ne et salue sa gloire lisse et ferme.\" \/>\n<meta name=\"robots\" content=\"index, follow, max-snippet:-1, max-image-preview:large, max-video-preview:-1\" \/>\n<link rel=\"canonical\" href=\"https:\/\/dutchhealthstore.com\/fr\/product\/royal-rose-coq10-serum\/\" \/>\n<meta property=\"og:locale\" content=\"fr_FR\" \/>\n<meta property=\"og:type\" content=\"article\" \/>\n<meta property=\"og:title\" content=\"Royal Rose CoQ10 Serum - Dutch Health Store\" \/>\n<meta property=\"og:description\" content=\"Royal Rose CoQ10 Serum place votre peau sur le tr\u00f4ne et salue sa gloire lisse et ferme.\" \/>\n<meta property=\"og:url\" content=\"https:\/\/dutchhealthstore.com\/fr\/product\/royal-rose-coq10-serum\/\" \/>\n<meta property=\"og:site_name\" content=\"Dutch Health Store\" \/>\n<meta property=\"article:publisher\" content=\"https:\/\/www.instagram.com\/dutchhealthstore\/\" \/>\n<meta property=\"article:modified_time\" content=\"2026-04-03T05:48:44+00:00\" \/>\n<meta property=\"og:image\" content=\"https:\/\/dutchhealthstore.com\/wp-content\/uploads\/2018\/02\/Royal-Rose-CoQ10-Serum-Living-Libations-15-ml-e1598016829722.jpg\" \/>\n\t<meta property=\"og:image:width\" content=\"500\" \/>\n\t<meta property=\"og:image:height\" content=\"500\" \/>\n\t<meta property=\"og:image:type\" content=\"image\/jpeg\" \/>\n<meta name=\"twitter:card\" content=\"summary_large_image\" \/>\n<meta name=\"twitter:label1\" content=\"Disponibilit\u00e9\" \/>\n\t<meta name=\"twitter:data1\" content=\"Rupture de stock\" \/>\n<script type=\"application\/ld+json\" class=\"yoast-schema-graph\">{\"@context\":\"https:\/\/schema.org\",\"@graph\":[{\"@type\":\"WebPage\",\"@id\":\"https:\/\/dutchhealthstore.com\/fr\/product\/royal-rose-coq10-serum\/\",\"url\":\"https:\/\/dutchhealthstore.com\/fr\/product\/royal-rose-coq10-serum\/\",\"name\":\"Royal Rose CoQ10 Serum | Living Libations\",\"isPartOf\":{\"@id\":\"https:\/\/dutchhealthstore.com\/fr\/#website\"},\"primaryImageOfPage\":{\"@id\":\"https:\/\/dutchhealthstore.com\/fr\/product\/royal-rose-coq10-serum\/#primaryimage\"},\"image\":{\"@id\":\"https:\/\/dutchhealthstore.com\/fr\/product\/royal-rose-coq10-serum\/#primaryimage\"},\"thumbnailUrl\":\"https:\/\/dutchhealthstore.com\/wp-content\/uploads\/2018\/02\/Royal-Rose-CoQ10-Serum-Living-Libations-15-ml-e1598016829722.jpg\",\"datePublished\":\"2018-02-10T19:57:13+00:00\",\"dateModified\":\"2026-04-03T05:48:44+00:00\",\"description\":\"Royal Rose CoQ10 Serum place votre peau sur le tr\u00f4ne et salue sa gloire lisse et ferme.\",\"breadcrumb\":{\"@id\":\"https:\/\/dutchhealthstore.com\/fr\/product\/royal-rose-coq10-serum\/#breadcrumb\"},\"inLanguage\":\"fr-FR\",\"potentialAction\":[{\"@type\":\"ReadAction\",\"target\":[\"https:\/\/dutchhealthstore.com\/fr\/product\/royal-rose-coq10-serum\/\"]}]},{\"@type\":\"ImageObject\",\"inLanguage\":\"fr-FR\",\"@id\":\"https:\/\/dutchhealthstore.com\/fr\/product\/royal-rose-coq10-serum\/#primaryimage\",\"url\":\"https:\/\/dutchhealthstore.com\/wp-content\/uploads\/2018\/02\/Royal-Rose-CoQ10-Serum-Living-Libations-15-ml-e1598016829722.jpg\",\"contentUrl\":\"https:\/\/dutchhealthstore.com\/wp-content\/uploads\/2018\/02\/Royal-Rose-CoQ10-Serum-Living-Libations-15-ml-e1598016829722.jpg\",\"width\":500,\"height\":500,\"caption\":\"Royal Rose CoQ10 Serum Living Libations\"},{\"@type\":\"BreadcrumbList\",\"@id\":\"https:\/\/dutchhealthstore.com\/fr\/product\/royal-rose-coq10-serum\/#breadcrumb\",\"itemListElement\":[{\"@type\":\"ListItem\",\"position\":1,\"name\":\"Home\",\"item\":\"https:\/\/dutchhealthstore.com\/fr\/\"},{\"@type\":\"ListItem\",\"position\":2,\"name\":\"Shop\",\"item\":\"https:\/\/dutchhealthstore.com\/fr\/shop\/\"},{\"@type\":\"ListItem\",\"position\":3,\"name\":\"Royal Rose CoQ10 Serum\"}]},{\"@type\":\"WebSite\",\"@id\":\"https:\/\/dutchhealthstore.com\/fr\/#website\",\"url\":\"https:\/\/dutchhealthstore.com\/fr\/\",\"name\":\"Dutch Health Store\",\"description\":\"Enhance Your Beauty with Organic &amp; Natural Skincare\",\"publisher\":{\"@id\":\"https:\/\/dutchhealthstore.com\/fr\/#organization\"},\"potentialAction\":[{\"@type\":\"SearchAction\",\"target\":{\"@type\":\"EntryPoint\",\"urlTemplate\":\"https:\/\/dutchhealthstore.com\/fr\/?s={search_term_string}\"},\"query-input\":{\"@type\":\"PropertyValueSpecification\",\"valueRequired\":true,\"valueName\":\"search_term_string\"}}],\"inLanguage\":\"fr-FR\"},{\"@type\":\"Organization\",\"@id\":\"https:\/\/dutchhealthstore.com\/fr\/#organization\",\"name\":\"Dutch Health Store\",\"url\":\"https:\/\/dutchhealthstore.com\/fr\/\",\"logo\":{\"@type\":\"ImageObject\",\"inLanguage\":\"fr-FR\",\"@id\":\"https:\/\/dutchhealthstore.com\/fr\/#\/schema\/logo\/image\/\",\"url\":\"https:\/\/dutchhealthstore.com\/wp-content\/uploads\/2020\/08\/logo-dutchhealthstore-jpg-e1599484957574.jpg\",\"contentUrl\":\"https:\/\/dutchhealthstore.com\/wp-content\/uploads\/2020\/08\/logo-dutchhealthstore-jpg-e1599484957574.jpg\",\"width\":400,\"height\":62,\"caption\":\"Dutch Health Store\"},\"image\":{\"@id\":\"https:\/\/dutchhealthstore.com\/fr\/#\/schema\/logo\/image\/\"},\"sameAs\":[\"https:\/\/www.instagram.com\/dutchhealthstore\/\",\"https:\/\/www.facebook.com\/dutchhealthstore\"]}]}<\/script>\n<meta property=\"product:brand\" content=\"Living Libations\" \/>\n<meta property=\"og:availability\" content=\"out of stock\" \/>\n<meta property=\"product:availability\" content=\"out of stock\" \/>\n<meta property=\"product:condition\" content=\"new\" \/>\n<!-- \/ Yoast SEO Premium plugin. -->","yoast_head_json":{"title":"Royal Rose CoQ10 Serum | Living Libations","description":"Royal Rose CoQ10 Serum place votre peau sur le tr\u00f4ne et salue sa gloire lisse et ferme.","robots":{"index":"index","follow":"follow","max-snippet":"max-snippet:-1","max-image-preview":"max-image-preview:large","max-video-preview":"max-video-preview:-1"},"canonical":"https:\/\/dutchhealthstore.com\/fr\/product\/royal-rose-coq10-serum\/","og_locale":"fr_FR","og_type":"article","og_title":"Royal Rose CoQ10 Serum - Dutch Health Store","og_description":"Royal Rose CoQ10 Serum place votre peau sur le tr\u00f4ne et salue sa gloire lisse et ferme.","og_url":"https:\/\/dutchhealthstore.com\/fr\/product\/royal-rose-coq10-serum\/","og_site_name":"Dutch Health Store","article_publisher":"https:\/\/www.instagram.com\/dutchhealthstore\/","article_modified_time":"2026-04-03T05:48:44+00:00","og_image":[{"width":500,"height":500,"url":"https:\/\/dutchhealthstore.com\/wp-content\/uploads\/2018\/02\/Royal-Rose-CoQ10-Serum-Living-Libations-15-ml-e1598016829722.jpg","type":"image\/jpeg"}],"twitter_card":"summary_large_image","twitter_misc":{"Disponibilit\u00e9":"Rupture de stock"},"schema":{"@context":"https:\/\/schema.org","@graph":[{"@type":"WebPage","@id":"https:\/\/dutchhealthstore.com\/fr\/product\/royal-rose-coq10-serum\/","url":"https:\/\/dutchhealthstore.com\/fr\/product\/royal-rose-coq10-serum\/","name":"Royal Rose CoQ10 Serum | Living Libations","isPartOf":{"@id":"https:\/\/dutchhealthstore.com\/fr\/#website"},"primaryImageOfPage":{"@id":"https:\/\/dutchhealthstore.com\/fr\/product\/royal-rose-coq10-serum\/#primaryimage"},"image":{"@id":"https:\/\/dutchhealthstore.com\/fr\/product\/royal-rose-coq10-serum\/#primaryimage"},"thumbnailUrl":"https:\/\/dutchhealthstore.com\/wp-content\/uploads\/2018\/02\/Royal-Rose-CoQ10-Serum-Living-Libations-15-ml-e1598016829722.jpg","datePublished":"2018-02-10T19:57:13+00:00","dateModified":"2026-04-03T05:48:44+00:00","description":"Royal Rose CoQ10 Serum place votre peau sur le tr\u00f4ne et salue sa gloire lisse et ferme.","breadcrumb":{"@id":"https:\/\/dutchhealthstore.com\/fr\/product\/royal-rose-coq10-serum\/#breadcrumb"},"inLanguage":"fr-FR","potentialAction":[{"@type":"ReadAction","target":["https:\/\/dutchhealthstore.com\/fr\/product\/royal-rose-coq10-serum\/"]}]},{"@type":"ImageObject","inLanguage":"fr-FR","@id":"https:\/\/dutchhealthstore.com\/fr\/product\/royal-rose-coq10-serum\/#primaryimage","url":"https:\/\/dutchhealthstore.com\/wp-content\/uploads\/2018\/02\/Royal-Rose-CoQ10-Serum-Living-Libations-15-ml-e1598016829722.jpg","contentUrl":"https:\/\/dutchhealthstore.com\/wp-content\/uploads\/2018\/02\/Royal-Rose-CoQ10-Serum-Living-Libations-15-ml-e1598016829722.jpg","width":500,"height":500,"caption":"Royal Rose CoQ10 Serum Living Libations"},{"@type":"BreadcrumbList","@id":"https:\/\/dutchhealthstore.com\/fr\/product\/royal-rose-coq10-serum\/#breadcrumb","itemListElement":[{"@type":"ListItem","position":1,"name":"Home","item":"https:\/\/dutchhealthstore.com\/fr\/"},{"@type":"ListItem","position":2,"name":"Shop","item":"https:\/\/dutchhealthstore.com\/fr\/shop\/"},{"@type":"ListItem","position":3,"name":"Royal Rose CoQ10 Serum"}]},{"@type":"WebSite","@id":"https:\/\/dutchhealthstore.com\/fr\/#website","url":"https:\/\/dutchhealthstore.com\/fr\/","name":"Dutch Health Store","description":"Enhance Your Beauty with Organic &amp; Natural Skincare","publisher":{"@id":"https:\/\/dutchhealthstore.com\/fr\/#organization"},"potentialAction":[{"@type":"SearchAction","target":{"@type":"EntryPoint","urlTemplate":"https:\/\/dutchhealthstore.com\/fr\/?s={search_term_string}"},"query-input":{"@type":"PropertyValueSpecification","valueRequired":true,"valueName":"search_term_string"}}],"inLanguage":"fr-FR"},{"@type":"Organization","@id":"https:\/\/dutchhealthstore.com\/fr\/#organization","name":"Dutch Health Store","url":"https:\/\/dutchhealthstore.com\/fr\/","logo":{"@type":"ImageObject","inLanguage":"fr-FR","@id":"https:\/\/dutchhealthstore.com\/fr\/#\/schema\/logo\/image\/","url":"https:\/\/dutchhealthstore.com\/wp-content\/uploads\/2020\/08\/logo-dutchhealthstore-jpg-e1599484957574.jpg","contentUrl":"https:\/\/dutchhealthstore.com\/wp-content\/uploads\/2020\/08\/logo-dutchhealthstore-jpg-e1599484957574.jpg","width":400,"height":62,"caption":"Dutch Health Store"},"image":{"@id":"https:\/\/dutchhealthstore.com\/fr\/#\/schema\/logo\/image\/"},"sameAs":["https:\/\/www.instagram.com\/dutchhealthstore\/","https:\/\/www.facebook.com\/dutchhealthstore"]}]},"product_brand":"Living Libations","og_availability":"out of stock","product_availability":"out of stock","product_condition":"new"},"_links":{"self":[{"href":"https:\/\/dutchhealthstore.com\/fr\/wp-json\/wp\/v2\/product\/106046","targetHints":{"allow":["GET"]}}],"collection":[{"href":"https:\/\/dutchhealthstore.com\/fr\/wp-json\/wp\/v2\/product"}],"about":[{"href":"https:\/\/dutchhealthstore.com\/fr\/wp-json\/wp\/v2\/types\/product"}],"replies":[{"embeddable":true,"href":"https:\/\/dutchhealthstore.com\/fr\/wp-json\/wp\/v2\/comments?post=106046"}],"wp:featuredmedia":[{"embeddable":true,"href":"https:\/\/dutchhealthstore.com\/fr\/wp-json\/wp\/v2\/media\/120683"}],"wp:attachment":[{"href":"https:\/\/dutchhealthstore.com\/fr\/wp-json\/wp\/v2\/media?parent=106046"}],"wp:term":[{"taxonomy":"product_brand","embeddable":true,"href":"https:\/\/dutchhealthstore.com\/fr\/wp-json\/wp\/v2\/product_brand?post=106046"},{"taxonomy":"product_cat","embeddable":true,"href":"https:\/\/dutchhealthstore.com\/fr\/wp-json\/wp\/v2\/product_cat?post=106046"},{"taxonomy":"product_tag","embeddable":true,"href":"https:\/\/dutchhealthstore.com\/fr\/wp-json\/wp\/v2\/product_tag?post=106046"}],"curies":[{"name":"wp","href":"https:\/\/api.w.org\/{rel}","templated":true}]}}