{"id":105982,"date":"2020-02-10T10:51:21","date_gmt":"2020-02-10T10:51:21","guid":{"rendered":"https:\/\/dutchhealthstore.com\/product\/seabuckthorn-all-over-lotion\/"},"modified":"2025-04-18T16:08:00","modified_gmt":"2025-04-18T14:08:00","slug":"seabuckthorn-all-over-lotion","status":"publish","type":"product","link":"https:\/\/dutchhealthstore.com\/fr\/product\/seabuckthorn-all-over-lotion\/","title":{"rendered":"Seabuckthorn All Over Lotion"},"content":{"rendered":"<p><img decoding=\"async\" class=\"alignright size-full wp-image-37041\" src=\"https:\/\/dutchhealthstore.com\/wp-content\/uploads\/2018\/04\/Living_Libations-1.png\" alt=\"Organic &amp; Natural Beautyproducts - Living Libations\" width=\"175\" height=\"82\">Une seule application de Living Libations Seabuckthorn All Over Lotion vous fera sentir compl\u00e8tement immerg\u00e9 dans une peau apais\u00e9e et liss\u00e9e. Cette lotion reconstituante est suffisamment hydratante pour le corps mais suffisamment \u00e9quilibrante pour la peau sensible du visage. Chaque ingr\u00e9dient opulent est s\u00e9lectionn\u00e9 pour sa forte affinit\u00e9 avec la peau, combinant les \u00e9l\u00e9ments les plus efficaces de la botanique. Ajoutez \u00e0 cela des acides gras om\u00e9ga et des centaines de compos\u00e9s bioactifs et vous tenez une merveille d&rsquo;hydratation dans la paume de votre main.<\/p>\n<p>Cette adorable lotion commence par une eau de source cristalline \u00e0 laquelle nous ajoutons du jojoba sain pour l&rsquo;hydratation, du tamanu intemporel pour l&rsquo;amour des lipides, de l&rsquo;argousier rassasiant, des algues pour renforcer l&rsquo;\u00e9lasticit\u00e9, de l&rsquo;aloe vera pour hydrater et de l&rsquo;acacia ancien pour apaiser et fusionner. Nous invitons ensuite cinq infusions aux histoires in\u00e9dites. Alors que la racine de guimauve humidifie, l&rsquo;orme glauque rend la peau soyeuse et la camomille calme et \u00e9quilibre. La joyeuse infusion de mouron des oiseaux apaise les peaux plus s\u00e8ches que le d\u00e9sert, tandis que le cynorrhodon hydrate, harmonise et bien plus encore. Les essences essentielles de lavande, de v\u00e9tiver, de pamplemousse et de palmarosa favorisent l&rsquo;\u00e9lasticit\u00e9 pour faire appara\u00eetre une peau lisse et hydrat\u00e9e, tandis que les extraits supercritiques de romarin et de sauge renforcent la stabilit\u00e9 et les compos\u00e9s bioactifs.<\/p>\n<p><strong>Taille :<\/strong> 200 ml &#8211; 500 ml &#8211; 1000 ml.<\/p>\n<h3>Comment utiliser<\/h3>\n<p>Appliquer comme un \u00e9mollient pour hydrater la peau s\u00e8che de la t\u00eate aux pieds. D\u00e8s que votre peau a soif, appliquez cette lotion sur toutes les zones qui ont besoin d&rsquo;\u00eatre rassasi\u00e9es: coudes, genoux, mains, pieds, etc. Ajoutez-le \u00e9galement \u00e0 votre r\u00e9gime d&rsquo;hydratation du visage pour un visage radieux et souple. Pour les r\u00e9gions s\u00e8ches du d\u00e9sert, ou si la s\u00e9cheresse hivernale vous a dess\u00e9ch\u00e9, combinez avec une gicl\u00e9e de notre cr\u00e8me pour les mains Seabuckthorn Best Skin Ever ou Hooray pour hydrater davantage les talons, les coudes et les zones dess\u00e9ch\u00e9es.<\/p>\n<h3 class=\"yikes-custom-woo-tab-title yikes-custom-woo-tab-title-natural-organic-ingredients\">Ingr\u00e9dients Naturels\/Biologiques<\/h3>\n<p><strong>Jojoba<\/strong><em>(Simmondsia chinensis) &#8211;<\/em> Le jojoba dor\u00e9 et glorieux nourrit et soigne les peaux assoiff\u00e9es. Jojoba a une capacit\u00e9 in\u00e9gal\u00e9e d&rsquo;hydrater la peau, d&rsquo;\u00e9quilibrer la production d&rsquo;huile, de nettoyer en profondeur les pores et de cr\u00e9er des effets de conditionnement de longue dur\u00e9e qui adoucissent la peau. Il regorge de peptides et de lipides et contient les plus hauts niveaux de compos\u00e9s ph\u00e9noliques trouv\u00e9s dans la nature, ainsi que des antioxydants et toutes les formes solubles de vitamine E.<\/p>\n<p><strong>Tamanu <\/strong><em>(Calophyllum inophyllum) &#8211;<\/em> Le Tamanu est une huile de baies r\u00e9g\u00e9n\u00e9ratrice qui p\u00e9n\u00e8tre facilement dans la peau pour maintenir l&rsquo;hydratation et prot\u00e9ger la peau du dess\u00e8chement. On dit que Tamanu prend m\u00eame soin du teint et r\u00e9duit l&rsquo;apparence des cicatrices. M\u00eame pour une huile grasse, il a une teneur en lipides \u00e9lev\u00e9e (92%!). C&rsquo;est \u00e9galement un ingr\u00e9dient merveilleux dans les cr\u00e8mes hydratantes pour les peaux \u00e0 tendance acn\u00e9ique.<\/p>\n<p><strong>L&rsquo;argousier<\/strong> <em>(Hippophae rhamnoides) &#8211; <\/em>L&rsquo;argousier envoie ses lipides en profondeur dans la peau, att\u00e9nuant les d\u00e9s\u00e9quilibres de l&rsquo;int\u00e9rieur. Cet extrait supercritique contient des acides gras omega 3, 6, 7, et 9, des antioxydants, des vitamines, des acides palmitol\u00e9iques, des carot\u00e9no\u00efdes, et des phytost\u00e9rols. Une seule goutte d&rsquo;huile d&rsquo;argousier contient 190 compos\u00e9s bioactifs diff\u00e9rents. Cette essence orange vif est un ravissant reconstituant et nettoyeur de teint.<\/p>\n<p><strong>Aloe Vera<\/strong> <em>(Aloe barbadensis) &#8211;<\/em> L&rsquo;Aloe vera est une plante magique et succulente qui pousse dans les climats chauds. Il poss\u00e8de une feuille robuste qui offre une pulpe claire et g\u00e9latineuse. Cette pulpe cr\u00e9e un baume incroyablement apaisant pour les peaux d\u00e9licates. Offrant des niveaux d&rsquo;hydratation parfaits, l&rsquo;aloe poss\u00e8de de magnifiques propri\u00e9t\u00e9s qui s&rsquo;infiltrent dans la peau pour d\u00e9tendre l&rsquo;apparence des rougeurs et des poches. Notre aloe vera offre une double dose d&rsquo;hydratation pour la peau. En tant qu&rsquo;hydratant naturel, il p\u00e9n\u00e8tre dans la peau et en retient l&rsquo;humidit\u00e9. Dans le m\u00eame temps, l&rsquo;aloe vera forme une couche parfaitement poreuse sur la peau pour maintenir l&rsquo;humidit\u00e9 \u00e0 l&rsquo;int\u00e9rieur et emp\u00eacher le reste de sortir.<\/p>\n<p><strong>Acacia<\/strong><em> (Acacia senegal) &#8211; <\/em>La s\u00e8ve sacr\u00e9e de l&rsquo;acacia est utilis\u00e9e pour des pr\u00e9parations dans toute l&rsquo;Afrique et le Moyen-Orient depuis des milliers d&rsquo;ann\u00e9es. Aujourd&rsquo;hui, cette substance r\u00e9sineuse conna\u00eet une renaissance gr\u00e2ce \u00e0 son affinit\u00e9 efficace avec la peau. Cet ingr\u00e9dient b\u00e9n\u00e9fique et ancien contribue \u00e9galement \u00e0 unir l&rsquo;eau de source aux lipides dans cette belle lotion.<\/p>\n<p><strong>Fucusv\u00e9siculeux<\/strong><em> (Fucus vesiculosus) &#8211;<\/em> Les algues sont riches en min\u00e9raux essentiels, en phytonutriments, en vitamines, en acides amin\u00e9s et en acides gras om\u00e9ga-3. Ce nectar numineux fait des algues un tonique populaire pour am\u00e9liorer l&rsquo;apparence des poches, des taches et des d\u00e9colorations.<\/p>\n<p><strong>Cire d&rsquo;orange <\/strong><em>(Citrus aurantium dulcis) &#8211; <\/em>Cette cire s\u00e9duisante est extraite de l&rsquo;\u00e9corce press\u00e9e des oranges et contient de fabuleux phytost\u00e9rols. Elle cr\u00e9e un \u00e9mulsifiant naturel qui am\u00e9liore la stabilit\u00e9 de la cr\u00e8me.<\/p>\n<p><strong>Racine de guimauve <\/strong><em>(Althaea officinalis) &#8211; <\/em>Les offres gluantes de cette racine nous donnent un \u00e9mollient inattendu qui est adoucissant et \u00e9quilibrant. La guimauve est utilis\u00e9e pour humidifier la peau s\u00e8che et rugueuse, r\u00e9duire les rougeurs et r\u00e9\u00e9quilibrer les peaux trop s\u00e8ches ou trop grasses.<\/p>\n<p><strong>Orme glissant<\/strong><em> (Ulmus rubra) &#8211; <\/em>L&rsquo;orme glissant est une \u00e9corce mucilagineuse aux vertus glissantes et apaisantes qui aident \u00e0 adoucir la peau. Il fait p\u00e9n\u00e9trer l&rsquo;humidit\u00e9 dans la peau pour att\u00e9nuer la s\u00e9cheresse et les rougeurs.<\/p>\n<p><strong>Camomille <\/strong><em>(Anthemis nobilis) &#8211;<\/em> La camomille r\u00e9confortante est infus\u00e9e \u00e0 partir des d\u00e9licats p\u00e9tales diminutifs des fleurs de camomille aromatique. Il d\u00e9tend les tissus, r\u00e9duit les rougeurs et att\u00e9nue les poches.<\/p>\n<p><strong>Mouron des oiseaux<\/strong><em> (Stellaria media) &#8211;<\/em> Cette plante ludique regorge de propri\u00e9t\u00e9s parfaitement adapt\u00e9es aux soins de la peau. Le mouron des oiseaux est apaisant et convient parfaitement aux peaux sensibles.<\/p>\n<p><strong>Cynorhodons <\/strong><em>(Rosa canina) &#8211;<\/em> Les cynorhodons rajeunissent la peau de la t\u00eate aux pieds! Les cynorhodons contiennent des niveaux \u00e9lev\u00e9s de vitamines et d&rsquo;acides gras essentiels, ainsi que de la vitamine C et du lycop\u00e8ne. Cet ingr\u00e9dient a une affinit\u00e9 avec la peau et favorise son \u00e9lasticit\u00e9 pour am\u00e9liorer l&rsquo;apparence des cicatrices, de la s\u00e9cheresse et des rides.<\/p>\n<p><strong> huile essentielle huile lavande<\/strong> <em>(Lavandula angustifolia) &#8211; <\/em>Lovely La lavande est un tonique doux mais puissant pour la peau, qui est r\u00e9parateur et calmant. Il d\u00e9tend les rougeurs et refroidit chauff\u00e9. La lavande peut \u00eatre utilis\u00e9e pour am\u00e9liorer l&rsquo;apparence des cicatrices, \u00e9galiser le teint, apaiser l&rsquo;acn\u00e9 et \u00e9quilibrer les niveaux de s\u00e9bum de la peau.<\/p>\n<p><strong> huile essentielle huile v\u00e9tiver<\/strong><em> (Vetiveria zizanioides) &#8211;<\/em> L&rsquo;huile de v\u00e9tiver, riche et terreuse, est fondatrice et apaisante pour la peau. Elle oint les racines de chaque couche de la peau comme la pluie oint l&rsquo;herbe. La verve du v\u00e9tiver maintient l&rsquo;hydratation de la peau avec une agr\u00e9able rondeur tout en apaisant les tissus fatigu\u00e9s et en \u00e9quilibrant la production de s\u00e9bum.<\/p>\n<p><strong> huile essentielle de pamplemousse<\/strong><em> (Citrus paradisi) &#8211; <\/em>Tonifiant, tenseur Le pamplemousse rafra\u00eechit la peau tout en relevant les tissus rel\u00e2ch\u00e9s et en lissant le grain de peau.<\/p>\n<p><strong> huile essentielle huile Palmarosa <\/strong><em>(Cymbopogon martini) &#8211; <\/em>Pleasant Palmarosa est distill\u00e9 \u00e0 partir d&rsquo;une herbe tropicale et parfum\u00e9e, ce qui donne une huile aromatique qui sent comme une rose citronn\u00e9e-g\u00e9ranium et est tout simplement splendide pour le nez! Ce formidable rajeunissement de la peau est riche en monoterp\u00e9nols puissants, en esters \u00e9mollients, en linalol aimant, et g\u00e9raniols g\u00e9n\u00e9reux. Il est emball\u00e9 avec des compos\u00e9s botaniques b\u00e9n\u00e9fiques. Cette huile puissante tonifie et rajeunit la peau. Il est utilis\u00e9 pour soutenir la peau radieuse et pour atteindre l&rsquo;\u00e9quilibre entre le gras et la s\u00e9cheresse.<\/p>\n<p><strong>Sauge <\/strong><em>(Salvia officinalis)<\/em> et <strong> huile romarin<\/strong> <em>(Rosmarinus officinalis)<\/em> &#8211; Ces nectars puissants et purs contiennent des centaines de bio-actifs v\u00e9g\u00e9taux et d&rsquo;antioxydants qui prolongent la dur\u00e9e de vie de cette cr\u00e8me en ralentissant le processus d&rsquo;oxydation. Il regorge de compos\u00e9s puissants qui redonnent vie \u00e0 la peau.<\/p>\n<p><img fetchpriority=\"high\" decoding=\"async\" class=\"size-medium wp-image-68103 aligncenter\" src=\"https:\/\/dutchhealthstore.com\/wp-content\/uploads\/2018\/02\/Living-Libations-Organic-Logo-800x89.png\" alt=\"Living Libations - Organic Logo\" width=\"800\" height=\"89\" srcset=\"https:\/\/dutchhealthstore.com\/wp-content\/uploads\/2018\/02\/Living-Libations-Organic-Logo-800x89.png 800w, https:\/\/dutchhealthstore.com\/wp-content\/uploads\/2018\/02\/Living-Libations-Organic-Logo-510x57.png 510w, https:\/\/dutchhealthstore.com\/wp-content\/uploads\/2018\/02\/Living-Libations-Organic-Logo-768x85.png 768w, https:\/\/dutchhealthstore.com\/wp-content\/uploads\/2018\/02\/Living-Libations-Organic-Logo.png 1400w\" sizes=\"(max-width: 800px) 100vw, 800px\" \/><\/p>\n","protected":false},"excerpt":{"rendered":"<p>Living Libations<strong> Seabuckthorn All Over Lotion<\/strong> va \u00e9tancher les soifs de votre derme en infusant votre peau de la t\u00eate aux pieds avec une lotion qui pose un soin v\u00e9g\u00e9tal sur la peau dess\u00e9ch\u00e9e.<br \/>\nGlissez le corps et le visage avec la gr\u00e2ce des extraits botaniques, des infusions de plantes et de nos \u00e9lixirs d&rsquo;huiles essentielles les plus hydratants.<br \/>\nParfait comme hydratant fin pour le visage et comme lotion pour tout le corps, ce m\u00e9lange \u00e9quilibrant poss\u00e8de des superpouvoirs en mati\u00e8re de soins de la peau lorsque cette lotion l\u00e9g\u00e8re et agr\u00e9able p\u00e9n\u00e8tre dans la peau.<\/p>\n","protected":false},"featured_media":93149,"comment_status":"open","ping_status":"closed","template":"","meta":[],"product_brand":[],"product_cat":[2987,5658,5654,5659,5660,1211,1088,1209,1030,5107,5627,5656,5655,5121,1229,5657,4049,1010,14733,1033,1501,2985],"product_tag":[21392,9603,21811,4864],"class_list":{"0":"post-105982","1":"product","2":"type-product","3":"status-publish","4":"has-post-thumbnail","6":"product_cat-huiles-lotions","7":"product_cat-moisturizers-fr-fr-2","8":"product_cat-moisturizers-fr-fr","9":"product_cat-moisturizers-fr-fr-3","10":"product_cat-moisturizers-fr-fr-5","11":"product_cat-living-libations-france","12":"product_cat-lotions-cremes-hydratantes","13":"product_cat-par-marques","14":"product_cat-par-produits","15":"product_cat-by-skin-type-fr-4","16":"product_cat-normal-or-combination-skin-fr-2","17":"product_cat-normal-or-combination-skin-fr","18":"product_cat-dry-mature-ageing-skin-fr","19":"product_cat-dry-mature-ageing-skin-fr-2","20":"product_cat-sensitive-skin-redness-fr","21":"product_cat-sensitive-skin-redness","22":"product_cat-serums-et-hydratant","23":"product_cat-notre-boutique","24":"product_cat-soins-de-la-peau","25":"product_cat-body-care-fr","26":"product_cat-corps-living-libations","27":"product_cat-visage-fr","28":"product_tag-corps","29":"product_tag-hydrating-fr","30":"product_tag-natural-fr","31":"product_tag-skin-fr","32":"pa_bestsellers-goed-fr","33":"pa_brand-livinglibations-fr","34":"pa_gtin-7439657275234-fr-2","35":"pa_size-1000-ml-fr","36":"pa_size-200-ml-fr","37":"pa_size-500-ml-fr","38":"pa_skincare-type-moisturizers-fr","39":"pa_skintype-normal-combination-skin-fr","40":"pa_skintype-dry-mature-ageing-skin-fr","41":"pa_skintype-sensitive-skin-redness-fr","43":"first","44":"outofstock","45":"taxable","46":"shipping-taxable","47":"purchasable","48":"product-type-variable"},"bundled_by":[],"bundle_stock_status":"outofstock","bundle_stock_quantity":null,"bundle_virtual":false,"bundle_layout":"","bundle_add_to_cart_form_location":"","bundle_editable_in_cart":false,"bundle_sold_individually_context":"","bundle_item_grouping":"","bundle_min_size":"","bundle_max_size":"","bundle_price":[],"bundled_items":[],"bundle_sell_ids":[],"atum_controlled":true,"out_stock_date":null,"out_stock_threshold":null,"inheritable":true,"stock_on_hold":1,"sold_today":0,"sales_last_days":0,"out_stock_days":0,"lost_sales":0,"update_date":"2026-04-18T00:06:01","atum_locations":[],"atum_stock_status":"outofstock","restock_status":false,"low_stock_amount":"","sales_update_date":"2026-04-18T00:06:01","calc_backorders":null,"group_of_quantity":0,"min_quantity":0,"max_quantity":"","exclude_order_quantity_value_rules":"no","exclude_category_quantity_rules":"no","combine_variations":"no","yoast_head":"<!-- This site is optimized with the Yoast SEO Premium plugin v26.5 (Yoast SEO v26.5) - https:\/\/yoast.com\/wordpress\/plugins\/seo\/ -->\n<title>Seabuckthorn All Over Lotion | Living Libations<\/title>\n<meta name=\"description\" content=\"Glissez le corps et le visage avec la gr\u00e2ce des extraits botaniques, des infusions de plantes et de nos \u00e9lixirs d&#039;huiles essentielles les plus hydratants.\" \/>\n<meta name=\"robots\" content=\"index, follow, max-snippet:-1, max-image-preview:large, max-video-preview:-1\" \/>\n<link rel=\"canonical\" href=\"https:\/\/dutchhealthstore.com\/fr\/product\/seabuckthorn-all-over-lotion\/\" \/>\n<meta property=\"og:locale\" content=\"fr_FR\" \/>\n<meta property=\"og:type\" content=\"article\" \/>\n<meta property=\"og:title\" content=\"Seabuckthorn All Over Lotion - Dutch Health Store\" \/>\n<meta property=\"og:description\" content=\"Glissez le corps et le visage avec la gr\u00e2ce des extraits botaniques, des infusions de plantes et de nos \u00e9lixirs d&#039;huiles essentielles les plus hydratants.\" \/>\n<meta property=\"og:url\" content=\"https:\/\/dutchhealthstore.com\/fr\/product\/seabuckthorn-all-over-lotion\/\" \/>\n<meta property=\"og:site_name\" content=\"Dutch Health Store\" \/>\n<meta property=\"article:publisher\" content=\"https:\/\/www.instagram.com\/dutchhealthstore\/\" \/>\n<meta property=\"article:modified_time\" content=\"2025-04-18T14:08:00+00:00\" \/>\n<meta property=\"og:image\" content=\"https:\/\/dutchhealthstore.com\/wp-content\/uploads\/2020\/02\/Living-Libations-Seabuckthorn-All-Over-Lotion-200-1-e1598250512426.jpg\" \/>\n\t<meta property=\"og:image:width\" content=\"500\" \/>\n\t<meta property=\"og:image:height\" content=\"500\" \/>\n\t<meta property=\"og:image:type\" content=\"image\/jpeg\" \/>\n<meta name=\"twitter:card\" content=\"summary_large_image\" \/>\n<meta name=\"twitter:label1\" content=\"Disponibilit\u00e9\" \/>\n\t<meta name=\"twitter:data1\" content=\"Rupture de stock\" \/>\n<script type=\"application\/ld+json\" class=\"yoast-schema-graph\">{\"@context\":\"https:\/\/schema.org\",\"@graph\":[{\"@type\":\"WebPage\",\"@id\":\"https:\/\/dutchhealthstore.com\/fr\/product\/seabuckthorn-all-over-lotion\/\",\"url\":\"https:\/\/dutchhealthstore.com\/fr\/product\/seabuckthorn-all-over-lotion\/\",\"name\":\"Seabuckthorn All Over Lotion | Living Libations\",\"isPartOf\":{\"@id\":\"https:\/\/dutchhealthstore.com\/fr\/#website\"},\"primaryImageOfPage\":{\"@id\":\"https:\/\/dutchhealthstore.com\/fr\/product\/seabuckthorn-all-over-lotion\/#primaryimage\"},\"image\":{\"@id\":\"https:\/\/dutchhealthstore.com\/fr\/product\/seabuckthorn-all-over-lotion\/#primaryimage\"},\"thumbnailUrl\":\"https:\/\/dutchhealthstore.com\/wp-content\/uploads\/2020\/02\/Living-Libations-Seabuckthorn-All-Over-Lotion-200-1-e1598250512426.jpg\",\"datePublished\":\"2020-02-10T10:51:21+00:00\",\"dateModified\":\"2025-04-18T14:08:00+00:00\",\"description\":\"Glissez le corps et le visage avec la gr\u00e2ce des extraits botaniques, des infusions de plantes et de nos \u00e9lixirs d'huiles essentielles les plus hydratants.\",\"breadcrumb\":{\"@id\":\"https:\/\/dutchhealthstore.com\/fr\/product\/seabuckthorn-all-over-lotion\/#breadcrumb\"},\"inLanguage\":\"fr-FR\",\"potentialAction\":[{\"@type\":\"ReadAction\",\"target\":[\"https:\/\/dutchhealthstore.com\/fr\/product\/seabuckthorn-all-over-lotion\/\"]}]},{\"@type\":\"ImageObject\",\"inLanguage\":\"fr-FR\",\"@id\":\"https:\/\/dutchhealthstore.com\/fr\/product\/seabuckthorn-all-over-lotion\/#primaryimage\",\"url\":\"https:\/\/dutchhealthstore.com\/wp-content\/uploads\/2020\/02\/Living-Libations-Seabuckthorn-All-Over-Lotion-200-1-e1598250512426.jpg\",\"contentUrl\":\"https:\/\/dutchhealthstore.com\/wp-content\/uploads\/2020\/02\/Living-Libations-Seabuckthorn-All-Over-Lotion-200-1-e1598250512426.jpg\",\"width\":500,\"height\":500,\"caption\":\"Living Libations - Seabuckthorn All Over Lotion 200\"},{\"@type\":\"BreadcrumbList\",\"@id\":\"https:\/\/dutchhealthstore.com\/fr\/product\/seabuckthorn-all-over-lotion\/#breadcrumb\",\"itemListElement\":[{\"@type\":\"ListItem\",\"position\":1,\"name\":\"Home\",\"item\":\"https:\/\/dutchhealthstore.com\/fr\/\"},{\"@type\":\"ListItem\",\"position\":2,\"name\":\"Shop\",\"item\":\"https:\/\/dutchhealthstore.com\/fr\/shop\/\"},{\"@type\":\"ListItem\",\"position\":3,\"name\":\"Seabuckthorn All Over Lotion\"}]},{\"@type\":\"WebSite\",\"@id\":\"https:\/\/dutchhealthstore.com\/fr\/#website\",\"url\":\"https:\/\/dutchhealthstore.com\/fr\/\",\"name\":\"Dutch Health Store\",\"description\":\"Enhance Your Beauty with Organic &amp; Natural Skincare\",\"publisher\":{\"@id\":\"https:\/\/dutchhealthstore.com\/fr\/#organization\"},\"potentialAction\":[{\"@type\":\"SearchAction\",\"target\":{\"@type\":\"EntryPoint\",\"urlTemplate\":\"https:\/\/dutchhealthstore.com\/fr\/?s={search_term_string}\"},\"query-input\":{\"@type\":\"PropertyValueSpecification\",\"valueRequired\":true,\"valueName\":\"search_term_string\"}}],\"inLanguage\":\"fr-FR\"},{\"@type\":\"Organization\",\"@id\":\"https:\/\/dutchhealthstore.com\/fr\/#organization\",\"name\":\"Dutch Health Store\",\"url\":\"https:\/\/dutchhealthstore.com\/fr\/\",\"logo\":{\"@type\":\"ImageObject\",\"inLanguage\":\"fr-FR\",\"@id\":\"https:\/\/dutchhealthstore.com\/fr\/#\/schema\/logo\/image\/\",\"url\":\"https:\/\/dutchhealthstore.com\/wp-content\/uploads\/2020\/08\/logo-dutchhealthstore-jpg-e1599484957574.jpg\",\"contentUrl\":\"https:\/\/dutchhealthstore.com\/wp-content\/uploads\/2020\/08\/logo-dutchhealthstore-jpg-e1599484957574.jpg\",\"width\":400,\"height\":62,\"caption\":\"Dutch Health Store\"},\"image\":{\"@id\":\"https:\/\/dutchhealthstore.com\/fr\/#\/schema\/logo\/image\/\"},\"sameAs\":[\"https:\/\/www.instagram.com\/dutchhealthstore\/\",\"https:\/\/www.facebook.com\/dutchhealthstore\"]}]}<\/script>\n<meta property=\"product:brand\" content=\"Living Libations\" \/>\n<meta property=\"og:availability\" content=\"out of stock\" \/>\n<meta property=\"product:availability\" content=\"out of stock\" \/>\n<meta property=\"product:condition\" content=\"new\" \/>\n<!-- \/ Yoast SEO Premium plugin. -->","yoast_head_json":{"title":"Seabuckthorn All Over Lotion | Living Libations","description":"Glissez le corps et le visage avec la gr\u00e2ce des extraits botaniques, des infusions de plantes et de nos \u00e9lixirs d'huiles essentielles les plus hydratants.","robots":{"index":"index","follow":"follow","max-snippet":"max-snippet:-1","max-image-preview":"max-image-preview:large","max-video-preview":"max-video-preview:-1"},"canonical":"https:\/\/dutchhealthstore.com\/fr\/product\/seabuckthorn-all-over-lotion\/","og_locale":"fr_FR","og_type":"article","og_title":"Seabuckthorn All Over Lotion - Dutch Health Store","og_description":"Glissez le corps et le visage avec la gr\u00e2ce des extraits botaniques, des infusions de plantes et de nos \u00e9lixirs d'huiles essentielles les plus hydratants.","og_url":"https:\/\/dutchhealthstore.com\/fr\/product\/seabuckthorn-all-over-lotion\/","og_site_name":"Dutch Health Store","article_publisher":"https:\/\/www.instagram.com\/dutchhealthstore\/","article_modified_time":"2025-04-18T14:08:00+00:00","og_image":[{"width":500,"height":500,"url":"https:\/\/dutchhealthstore.com\/wp-content\/uploads\/2020\/02\/Living-Libations-Seabuckthorn-All-Over-Lotion-200-1-e1598250512426.jpg","type":"image\/jpeg"}],"twitter_card":"summary_large_image","twitter_misc":{"Disponibilit\u00e9":"Rupture de stock"},"schema":{"@context":"https:\/\/schema.org","@graph":[{"@type":"WebPage","@id":"https:\/\/dutchhealthstore.com\/fr\/product\/seabuckthorn-all-over-lotion\/","url":"https:\/\/dutchhealthstore.com\/fr\/product\/seabuckthorn-all-over-lotion\/","name":"Seabuckthorn All Over Lotion | Living Libations","isPartOf":{"@id":"https:\/\/dutchhealthstore.com\/fr\/#website"},"primaryImageOfPage":{"@id":"https:\/\/dutchhealthstore.com\/fr\/product\/seabuckthorn-all-over-lotion\/#primaryimage"},"image":{"@id":"https:\/\/dutchhealthstore.com\/fr\/product\/seabuckthorn-all-over-lotion\/#primaryimage"},"thumbnailUrl":"https:\/\/dutchhealthstore.com\/wp-content\/uploads\/2020\/02\/Living-Libations-Seabuckthorn-All-Over-Lotion-200-1-e1598250512426.jpg","datePublished":"2020-02-10T10:51:21+00:00","dateModified":"2025-04-18T14:08:00+00:00","description":"Glissez le corps et le visage avec la gr\u00e2ce des extraits botaniques, des infusions de plantes et de nos \u00e9lixirs d'huiles essentielles les plus hydratants.","breadcrumb":{"@id":"https:\/\/dutchhealthstore.com\/fr\/product\/seabuckthorn-all-over-lotion\/#breadcrumb"},"inLanguage":"fr-FR","potentialAction":[{"@type":"ReadAction","target":["https:\/\/dutchhealthstore.com\/fr\/product\/seabuckthorn-all-over-lotion\/"]}]},{"@type":"ImageObject","inLanguage":"fr-FR","@id":"https:\/\/dutchhealthstore.com\/fr\/product\/seabuckthorn-all-over-lotion\/#primaryimage","url":"https:\/\/dutchhealthstore.com\/wp-content\/uploads\/2020\/02\/Living-Libations-Seabuckthorn-All-Over-Lotion-200-1-e1598250512426.jpg","contentUrl":"https:\/\/dutchhealthstore.com\/wp-content\/uploads\/2020\/02\/Living-Libations-Seabuckthorn-All-Over-Lotion-200-1-e1598250512426.jpg","width":500,"height":500,"caption":"Living Libations - Seabuckthorn All Over Lotion 200"},{"@type":"BreadcrumbList","@id":"https:\/\/dutchhealthstore.com\/fr\/product\/seabuckthorn-all-over-lotion\/#breadcrumb","itemListElement":[{"@type":"ListItem","position":1,"name":"Home","item":"https:\/\/dutchhealthstore.com\/fr\/"},{"@type":"ListItem","position":2,"name":"Shop","item":"https:\/\/dutchhealthstore.com\/fr\/shop\/"},{"@type":"ListItem","position":3,"name":"Seabuckthorn All Over Lotion"}]},{"@type":"WebSite","@id":"https:\/\/dutchhealthstore.com\/fr\/#website","url":"https:\/\/dutchhealthstore.com\/fr\/","name":"Dutch Health Store","description":"Enhance Your Beauty with Organic &amp; Natural Skincare","publisher":{"@id":"https:\/\/dutchhealthstore.com\/fr\/#organization"},"potentialAction":[{"@type":"SearchAction","target":{"@type":"EntryPoint","urlTemplate":"https:\/\/dutchhealthstore.com\/fr\/?s={search_term_string}"},"query-input":{"@type":"PropertyValueSpecification","valueRequired":true,"valueName":"search_term_string"}}],"inLanguage":"fr-FR"},{"@type":"Organization","@id":"https:\/\/dutchhealthstore.com\/fr\/#organization","name":"Dutch Health Store","url":"https:\/\/dutchhealthstore.com\/fr\/","logo":{"@type":"ImageObject","inLanguage":"fr-FR","@id":"https:\/\/dutchhealthstore.com\/fr\/#\/schema\/logo\/image\/","url":"https:\/\/dutchhealthstore.com\/wp-content\/uploads\/2020\/08\/logo-dutchhealthstore-jpg-e1599484957574.jpg","contentUrl":"https:\/\/dutchhealthstore.com\/wp-content\/uploads\/2020\/08\/logo-dutchhealthstore-jpg-e1599484957574.jpg","width":400,"height":62,"caption":"Dutch Health Store"},"image":{"@id":"https:\/\/dutchhealthstore.com\/fr\/#\/schema\/logo\/image\/"},"sameAs":["https:\/\/www.instagram.com\/dutchhealthstore\/","https:\/\/www.facebook.com\/dutchhealthstore"]}]},"product_brand":"Living Libations","og_availability":"out of stock","product_availability":"out of stock","product_condition":"new"},"_links":{"self":[{"href":"https:\/\/dutchhealthstore.com\/fr\/wp-json\/wp\/v2\/product\/105982","targetHints":{"allow":["GET"]}}],"collection":[{"href":"https:\/\/dutchhealthstore.com\/fr\/wp-json\/wp\/v2\/product"}],"about":[{"href":"https:\/\/dutchhealthstore.com\/fr\/wp-json\/wp\/v2\/types\/product"}],"replies":[{"embeddable":true,"href":"https:\/\/dutchhealthstore.com\/fr\/wp-json\/wp\/v2\/comments?post=105982"}],"wp:featuredmedia":[{"embeddable":true,"href":"https:\/\/dutchhealthstore.com\/fr\/wp-json\/wp\/v2\/media\/93149"}],"wp:attachment":[{"href":"https:\/\/dutchhealthstore.com\/fr\/wp-json\/wp\/v2\/media?parent=105982"}],"wp:term":[{"taxonomy":"product_brand","embeddable":true,"href":"https:\/\/dutchhealthstore.com\/fr\/wp-json\/wp\/v2\/product_brand?post=105982"},{"taxonomy":"product_cat","embeddable":true,"href":"https:\/\/dutchhealthstore.com\/fr\/wp-json\/wp\/v2\/product_cat?post=105982"},{"taxonomy":"product_tag","embeddable":true,"href":"https:\/\/dutchhealthstore.com\/fr\/wp-json\/wp\/v2\/product_tag?post=105982"}],"curies":[{"name":"wp","href":"https:\/\/api.w.org\/{rel}","templated":true}]}}