{"id":105642,"date":"2020-01-14T04:07:03","date_gmt":"2020-01-14T04:07:03","guid":{"rendered":"https:\/\/dutchhealthstore.com\/product\/bedew-dab-ozonated-beauty-balm\/"},"modified":"2025-04-07T10:38:21","modified_gmt":"2025-04-07T08:38:21","slug":"bedew-dab-ozonated-beauty-balm","status":"publish","type":"product","link":"https:\/\/dutchhealthstore.com\/fr\/product\/bedew-dab-ozonated-beauty-balm\/","title":{"rendered":"BeDew Dab Ozonated Beauty Balm"},"content":{"rendered":"<p><img decoding=\"async\" class=\"alignright wp-image-56011\" src=\"https:\/\/dutchhealthstore.com\/wp-content\/uploads\/2019\/04\/logo.png\" alt=\"Living libations logo\" width=\"200\" height=\"59\">BeDew Dab Ozonated Beauty Balm m\u00e9lange des huiles botaniques bleu azur avec des essences de plantes rafra\u00eechissantes et de l&rsquo;ozone frais pour un baume de beaut\u00e9 ultra-frais.<\/p>\n<p>La tanaisie bleue, une huile naturelde couleur cobalt, et la menthe poivr\u00e9e, qui donne des frissons, calment les peaux intenses et att\u00e9nuent l&rsquo;apparence des rougeurs et des rugosit\u00e9s. Ce baume dor\u00e9 et velout\u00e9 se transforme en un gel doux et soyeux \u00e0 temp\u00e9rature ambiante. La cire de jojoba r\u00e9g\u00e9n\u00e9rante et la cire de laurier protectrice se fondent dans un baume soyeux et apaisant qui regorge d&rsquo;encens sacr\u00e9, de bois de santal apaisant et de cypr\u00e8s fortifiant. L&rsquo;ozone apporte la force vitale de l&rsquo;oxyg\u00e8ne \u00e0 la peau pour un \u00e9clat resplendissant et ros\u00e9.<\/p>\n<p>Gardez votre sang-froid en appliquant une noisette de ros\u00e9e calmante sur n&rsquo;importe quelle zone en cas de besoin, ou lors du nettoyage de la peau matin et soir.<\/p>\n<h3>Comprendre l&rsquo;ar\u00f4me de l&rsquo;ozone<\/h3>\n<p>Si vous ne connaissez pas l&rsquo;huile ozon\u00e9e, l&rsquo;odeur peut \u00eatre surprenante car elle rappelle l&rsquo;ar\u00f4me de l&rsquo;air charg\u00e9 pendant un orage. La plupart des gens aiment l&rsquo;ar\u00f4me frais charg\u00e9, tandis que d&rsquo;autres, au premier nez, le trouvent fort et inhabituel. Ces personnes trouvent cela plus agr\u00e9able apr\u00e8s avoir utilis\u00e9 l&rsquo;ozone pendant quelques jours. Chaque formule est agr\u00e9ment\u00e9e de la danse d\u00e9lectable des huiles essentielles aromatiques infus\u00e9es pour activer davantage l&rsquo;exp\u00e9rience olfactive et cutan\u00e9e.<\/p>\n<h3>Comment utiliser<\/h3>\n<p>D\u00e9posez une seule goutte puissante directement sur la zone affect\u00e9e. Fonctionne bien sous le maquillage des yeux, sur les sourcils et comme brillant \u00e0 l\u00e8vres aussi!<\/p>\n<p><strong>Taille : 6 ml<\/strong><\/p>\n<h3 class=\"yikes-custom-woo-tab-title yikes-custom-woo-tab-title-natural-organic-ingredients\">Ingr\u00e9dients Naturels\/Biologiques<\/h3>\n<p><strong>Jojoba ozon\u00e9<\/strong> <em>(Simmondsia chinensis O3)<\/em> &#8211; Le jojoba est enrichi d&rsquo;ozone pour recharger la peau! Lorsque l&rsquo;ozone est ajout\u00e9 au jojoba sain, un tout nouveau niveau d&rsquo;abondance est atteint. L&rsquo;oxyg\u00e8ne activ\u00e9, l&rsquo;ozone, est fabriqu\u00e9 en chargeant de l&rsquo;oxyg\u00e8ne pur (deux atomes d&rsquo;oxyg\u00e8ne &#8211; O2) pour devenir de l&rsquo;ozone pur (avec trois atomes d&rsquo;oxyg\u00e8ne &#8211; O3). Cet oxyg\u00e8ne fra\u00eechement activ\u00e9 est ensuite lentement infus\u00e9 dans le Jojoba. Les bulles d&rsquo;ozone qui traversent le jojoba renforcent encore l&rsquo;huile en lui donnant une bouff\u00e9e d&rsquo;air frais qui insuffle la force vitale directement dans la peau. Le jojoba est la r\u00e9ponse du d\u00e9sert \u00e0 la s\u00e9cheresse. Vivant parmi les temp\u00eates de sable et les cactus, le jojoba \u00e9merge comme une oasis exub\u00e9rante et \u00e9molliente. Lorsque cet arbuste robuste cuit sous le soleil du d\u00e9sert, des perles d&rsquo;or liquide germent \u00e0 l&rsquo;int\u00e9rieur des graines de jojoba. Ces graines font jaillir une huile dor\u00e9e qui est extraite par pression \u00e0 froid pour donner un lipide super similaire au s\u00e9bum naturel de notre peau. En p\u00e9n\u00e9trant sans effort dans la peau, il transf\u00e8re des phytonutriments qui aident la peau \u00e0 conserver son hydratation et \u00e0 retrouver son \u00e9lasticit\u00e9. Brillamment b\u00e9n\u00e9fique pour la peau gr\u00e2ce \u00e0 son abondance de nutriments et de vitamine E tocoph\u00e9rols, le jojoba lubrifie comme une huile, alors qu&rsquo;il s&rsquo;agit en fait d&rsquo;une cire v\u00e9g\u00e9tale liquide. Il est donc parfaitement adapt\u00e9 pour \u00e9quilibrer les peaux grasses car il r\u00e9gule le s\u00e9bum et purifie les pores. Riche et soyeux, le jojoba offre une hydratation longue dur\u00e9e.<\/p>\n<p><strong>Cire de laurier<\/strong> <em>(Myrica pubescens)<\/em> &#8211; La cire de laurier est po\u00e9tique sur vos joues et forme une couche respirante et aimante sur votre peau. Cette fine cire de fruit est une b\u00e9n\u00e9diction provenant de la baie d&rsquo;un arbuste \u00e0 feuilles persistantes qui pousse \u00e0 haute altitude dans les Andes.<\/p>\n<p><strong>Encens<\/strong> <em>(Boswellia sacra)<\/em> &#8211; L&rsquo;encens est de nature magnifiquement balsamique, ce qui lui conf\u00e8re le pouvoir in\u00e9gal\u00e9 d&rsquo;estomper l&rsquo;apparence des cicatrices, des ridules et des poches. Cette huile est un formidable tonique utilis\u00e9 depuis des milliers d&rsquo;ann\u00e9es pour nourrir et pr\u00e9server la peau.<\/p>\n<p><strong>Tanaisie bleue<\/strong> <em>(Tanacetum annuum)<\/em> &#8211; La magnifique tanaisie bleue est un super h\u00e9ros apaisant qui calme la peau et l&rsquo;esprit. Cette huile bleu encre riche en compos\u00e9 botanique azul\u00e8ne est un r\u00eave pour att\u00e9nuer l&rsquo;apparence des cicatrices, de la s\u00e9cheresse, des rougeurs et des taches.<\/p>\n<p><strong>Bois de santal<\/strong> <em>(Santalum album)<\/em> &#8211; Le bois de santal apaisant, sacr\u00e9 depuis des milliers d&rsquo;ann\u00e9es, acc\u00e9l\u00e8re le lissage de la peau et r\u00e9duit l&rsquo;apparence des cicatrices. Il apporte \u00e0 la peau une hydratation magnifique et un pouvoir purifiant.<\/p>\n<p><strong>Menthe poivr\u00e9e<\/strong> <em>(Mentha piperita)<\/em> &#8211; Avec sa fra\u00eecheur menthol\u00e9e et ses puissantes propri\u00e9t\u00e9s v\u00e9g\u00e9tales, la menthe poivr\u00e9e est la cl\u00e9 du calme. La menthe poivr\u00e9e est rafra\u00eechissante et agr\u00e9able comme de la glace. Elle fait donc partie de ces huiles essentielles qui ont leur place dans chaque trousse de voyage. Le pouvoir v\u00e9g\u00e9tal de la menthe poivr\u00e9e, associ\u00e9 \u00e0 ses bienfaits toniques, revitalise les peaux ternes et apporte un \u00e9quilibre aux peaux grasses.<\/p>\n<p><strong>Cypr\u00e8s<\/strong><em> (Cupressus sempervirens)<\/em> &#8211; Fortifiant L&rsquo;huile de cypr\u00e8s est un tonique calmant et fortifiant. Le cypr\u00e8s est excellent pour purifier les pores. Distill\u00e9 \u00e0 partir des aiguilles puissantes du majestueux arbre \u00e0 feuilles persistantes, qui s&rsquo;\u00e9tend fi\u00e8rement vers les cieux en veillant sur des si\u00e8cles d&rsquo;existence. Cette essence vivifiante purifie les pores, \u00e9quilibre l&rsquo;exc\u00e8s de s\u00e9bum, remonte le moral et tonifie la peau.<\/p>\n<p><img fetchpriority=\"high\" decoding=\"async\" class=\"aligncenter wp-image-68099\" src=\"https:\/\/dutchhealthstore.com\/wp-content\/uploads\/2018\/02\/Logo-Living-Libations-New-2019.png\" alt=\"Logo Living Libations New 2019\" width=\"800\" height=\"88\" srcset=\"https:\/\/dutchhealthstore.com\/wp-content\/uploads\/2018\/02\/Logo-Living-Libations-New-2019.png 905w, https:\/\/dutchhealthstore.com\/wp-content\/uploads\/2018\/02\/Logo-Living-Libations-New-2019-510x56.png 510w, https:\/\/dutchhealthstore.com\/wp-content\/uploads\/2018\/02\/Logo-Living-Libations-New-2019-800x88.png 800w, https:\/\/dutchhealthstore.com\/wp-content\/uploads\/2018\/02\/Logo-Living-Libations-New-2019-768x85.png 768w\" sizes=\"(max-width: 800px) 100vw, 800px\" \/><\/p>\n","protected":false},"excerpt":{"rendered":"<p>R\u00e9confortez votre teint avec <strong>BeDew Dab Ozonated Beauty Balm<\/strong> activ\u00e9 par O3 Living Libations qui est aussi rafra\u00eechissant que la ros\u00e9e du matin. Laissez ce baume \u00e9th\u00e9r\u00e9 de couleur bleue rafra\u00eechir et suturer l&rsquo;apparence de la peau s\u00e8che, rugueuse et rouge. Matin ou soir, tamponnez ce d\u00e9lice de ros\u00e9e sur la peau qui a besoin d&rsquo;une v\u00e9ritable tendresse bleue.<\/p>\n","protected":false},"featured_media":89659,"comment_status":"open","ping_status":"closed","template":"","meta":[],"product_brand":[],"product_cat":[1211,3756,1047,1209,1229,4049,1010,2985,4040],"product_tag":[4864],"class_list":{"0":"post-105642","1":"product","2":"type-product","3":"status-publish","4":"has-post-thumbnail","6":"product_cat-living-libations-france","7":"product_cat-melanges","8":"product_cat-nos-collections","9":"product_cat-par-marques","10":"product_cat-sensitive-skin-redness-fr","11":"product_cat-serums-et-hydratant","12":"product_cat-notre-boutique","13":"product_cat-visage-fr","14":"product_cat-traitements-de-taches","15":"product_tag-skin-fr","16":"pa_brand-livinglibations-fr","17":"pa_gtin-7439657273254-fr-2","18":"pa_size-6-ml-fr","19":"pa_skintype-sensitive-skin-redness-fr","21":"first","22":"instock","23":"taxable","24":"shipping-taxable","25":"purchasable","26":"product-type-simple"},"bundled_by":[],"bundle_stock_status":"instock","bundle_stock_quantity":3,"bundle_virtual":false,"bundle_layout":"","bundle_add_to_cart_form_location":"","bundle_editable_in_cart":false,"bundle_sold_individually_context":"","bundle_item_grouping":"","bundle_min_size":"","bundle_max_size":"","bundle_price":[],"bundled_items":[],"bundle_sell_ids":[230767],"atum_controlled":true,"out_stock_date":null,"out_stock_threshold":null,"inheritable":false,"stock_on_hold":1,"sold_today":0,"sales_last_days":2,"out_stock_days":0,"lost_sales":0,"update_date":"2026-04-13T07:43:36","atum_locations":[],"atum_stock_status":"instock","restock_status":false,"low_stock_amount":"","sales_update_date":"2026-04-13T07:43:36","calc_backorders":null,"group_of_quantity":0,"min_quantity":0,"max_quantity":"","exclude_order_quantity_value_rules":"no","exclude_category_quantity_rules":"no","combine_variations":"no","yoast_head":"<!-- This site is optimized with the Yoast SEO Premium plugin v26.5 (Yoast SEO v26.5) - https:\/\/yoast.com\/wordpress\/plugins\/seo\/ -->\n<title>BeDew Dab Ozonated Beauty Balm - Organic &amp; Natural | Living Libations<\/title>\n<meta name=\"description\" content=\"R\u00e9confortez votre teint avec BeDew Dab Ozonated Beauty Balmactiv\u00e9 par O3 Living Libations qui est aussi rafra\u00eechissant que la ros\u00e9e du matin.\" \/>\n<meta name=\"robots\" content=\"index, follow, max-snippet:-1, max-image-preview:large, max-video-preview:-1\" \/>\n<link rel=\"canonical\" href=\"https:\/\/dutchhealthstore.com\/fr\/product\/bedew-dab-ozonated-beauty-balm\/\" \/>\n<meta property=\"og:locale\" content=\"fr_FR\" \/>\n<meta property=\"og:type\" content=\"article\" \/>\n<meta property=\"og:title\" content=\"BeDew Dab Ozonated Beauty Balm - Dutch Health Store\" \/>\n<meta property=\"og:description\" content=\"R\u00e9confortez votre teint avec BeDew Dab Ozonated Beauty Balmactiv\u00e9 par O3 Living Libations qui est aussi rafra\u00eechissant que la ros\u00e9e du matin.\" \/>\n<meta property=\"og:url\" content=\"https:\/\/dutchhealthstore.com\/fr\/product\/bedew-dab-ozonated-beauty-balm\/\" \/>\n<meta property=\"og:site_name\" content=\"Dutch Health Store\" \/>\n<meta property=\"article:publisher\" content=\"https:\/\/www.instagram.com\/dutchhealthstore\/\" \/>\n<meta property=\"article:modified_time\" content=\"2025-04-07T08:38:21+00:00\" \/>\n<meta property=\"og:image\" content=\"https:\/\/dutchhealthstore.com\/wp-content\/uploads\/2020\/01\/BeDew-Dab-Ozonated-Beauty-Balm-Living-Libations.jpg\" \/>\n\t<meta property=\"og:image:width\" content=\"898\" \/>\n\t<meta property=\"og:image:height\" content=\"898\" \/>\n\t<meta property=\"og:image:type\" content=\"image\/jpeg\" \/>\n<meta name=\"twitter:card\" content=\"summary_large_image\" \/>\n<meta name=\"twitter:label1\" content=\"Prix\" \/>\n\t<meta name=\"twitter:data1\" content=\"&euro;42,00\" \/>\n\t<meta name=\"twitter:label2\" content=\"Disponibilit\u00e9\" \/>\n\t<meta name=\"twitter:data2\" content=\"En stock\" \/>\n<script type=\"application\/ld+json\" class=\"yoast-schema-graph\">{\"@context\":\"https:\/\/schema.org\",\"@graph\":[{\"@type\":\"WebPage\",\"@id\":\"https:\/\/dutchhealthstore.com\/fr\/product\/bedew-dab-ozonated-beauty-balm\/\",\"url\":\"https:\/\/dutchhealthstore.com\/fr\/product\/bedew-dab-ozonated-beauty-balm\/\",\"name\":\"BeDew Dab Ozonated Beauty Balm - Organic & Natural | Living Libations\",\"isPartOf\":{\"@id\":\"https:\/\/dutchhealthstore.com\/fr\/#website\"},\"primaryImageOfPage\":{\"@id\":\"https:\/\/dutchhealthstore.com\/fr\/product\/bedew-dab-ozonated-beauty-balm\/#primaryimage\"},\"image\":{\"@id\":\"https:\/\/dutchhealthstore.com\/fr\/product\/bedew-dab-ozonated-beauty-balm\/#primaryimage\"},\"thumbnailUrl\":\"https:\/\/dutchhealthstore.com\/wp-content\/uploads\/2020\/01\/BeDew-Dab-Ozonated-Beauty-Balm-Living-Libations.jpg\",\"datePublished\":\"2020-01-14T04:07:03+00:00\",\"dateModified\":\"2025-04-07T08:38:21+00:00\",\"description\":\"R\u00e9confortez votre teint avec BeDew Dab Ozonated Beauty Balmactiv\u00e9 par O3 Living Libations qui est aussi rafra\u00eechissant que la ros\u00e9e du matin.\",\"breadcrumb\":{\"@id\":\"https:\/\/dutchhealthstore.com\/fr\/product\/bedew-dab-ozonated-beauty-balm\/#breadcrumb\"},\"inLanguage\":\"fr-FR\",\"potentialAction\":[{\"@type\":\"ReadAction\",\"target\":[\"https:\/\/dutchhealthstore.com\/fr\/product\/bedew-dab-ozonated-beauty-balm\/\"]}]},{\"@type\":\"ImageObject\",\"inLanguage\":\"fr-FR\",\"@id\":\"https:\/\/dutchhealthstore.com\/fr\/product\/bedew-dab-ozonated-beauty-balm\/#primaryimage\",\"url\":\"https:\/\/dutchhealthstore.com\/wp-content\/uploads\/2020\/01\/BeDew-Dab-Ozonated-Beauty-Balm-Living-Libations.jpg\",\"contentUrl\":\"https:\/\/dutchhealthstore.com\/wp-content\/uploads\/2020\/01\/BeDew-Dab-Ozonated-Beauty-Balm-Living-Libations.jpg\",\"width\":898,\"height\":898,\"caption\":\"BeDew Dab Ozonated Beauty Balm - Living Libations\"},{\"@type\":\"BreadcrumbList\",\"@id\":\"https:\/\/dutchhealthstore.com\/fr\/product\/bedew-dab-ozonated-beauty-balm\/#breadcrumb\",\"itemListElement\":[{\"@type\":\"ListItem\",\"position\":1,\"name\":\"Home\",\"item\":\"https:\/\/dutchhealthstore.com\/fr\/\"},{\"@type\":\"ListItem\",\"position\":2,\"name\":\"Shop\",\"item\":\"https:\/\/dutchhealthstore.com\/fr\/shop\/\"},{\"@type\":\"ListItem\",\"position\":3,\"name\":\"BeDew Dab Ozonated Beauty Balm\"}]},{\"@type\":\"WebSite\",\"@id\":\"https:\/\/dutchhealthstore.com\/fr\/#website\",\"url\":\"https:\/\/dutchhealthstore.com\/fr\/\",\"name\":\"Dutch Health Store\",\"description\":\"Enhance Your Beauty with Organic &amp; Natural Skincare\",\"publisher\":{\"@id\":\"https:\/\/dutchhealthstore.com\/fr\/#organization\"},\"potentialAction\":[{\"@type\":\"SearchAction\",\"target\":{\"@type\":\"EntryPoint\",\"urlTemplate\":\"https:\/\/dutchhealthstore.com\/fr\/?s={search_term_string}\"},\"query-input\":{\"@type\":\"PropertyValueSpecification\",\"valueRequired\":true,\"valueName\":\"search_term_string\"}}],\"inLanguage\":\"fr-FR\"},{\"@type\":\"Organization\",\"@id\":\"https:\/\/dutchhealthstore.com\/fr\/#organization\",\"name\":\"Dutch Health Store\",\"url\":\"https:\/\/dutchhealthstore.com\/fr\/\",\"logo\":{\"@type\":\"ImageObject\",\"inLanguage\":\"fr-FR\",\"@id\":\"https:\/\/dutchhealthstore.com\/fr\/#\/schema\/logo\/image\/\",\"url\":\"https:\/\/dutchhealthstore.com\/wp-content\/uploads\/2020\/08\/logo-dutchhealthstore-jpg-e1599484957574.jpg\",\"contentUrl\":\"https:\/\/dutchhealthstore.com\/wp-content\/uploads\/2020\/08\/logo-dutchhealthstore-jpg-e1599484957574.jpg\",\"width\":400,\"height\":62,\"caption\":\"Dutch Health Store\"},\"image\":{\"@id\":\"https:\/\/dutchhealthstore.com\/fr\/#\/schema\/logo\/image\/\"},\"sameAs\":[\"https:\/\/www.instagram.com\/dutchhealthstore\/\",\"https:\/\/www.facebook.com\/dutchhealthstore\"]}]}<\/script>\n<meta property=\"product:brand\" content=\"Living Libations\" \/>\n<meta property=\"product:price:amount\" content=\"42.00\" \/>\n<meta property=\"product:price:currency\" content=\"EUR\" \/>\n<meta property=\"og:availability\" content=\"instock\" \/>\n<meta property=\"product:availability\" content=\"instock\" \/>\n<meta property=\"product:condition\" content=\"new\" \/>\n<!-- \/ Yoast SEO Premium plugin. -->","yoast_head_json":{"title":"BeDew Dab Ozonated Beauty Balm - Organic & Natural | Living Libations","description":"R\u00e9confortez votre teint avec BeDew Dab Ozonated Beauty Balmactiv\u00e9 par O3 Living Libations qui est aussi rafra\u00eechissant que la ros\u00e9e du matin.","robots":{"index":"index","follow":"follow","max-snippet":"max-snippet:-1","max-image-preview":"max-image-preview:large","max-video-preview":"max-video-preview:-1"},"canonical":"https:\/\/dutchhealthstore.com\/fr\/product\/bedew-dab-ozonated-beauty-balm\/","og_locale":"fr_FR","og_type":"article","og_title":"BeDew Dab Ozonated Beauty Balm - Dutch Health Store","og_description":"R\u00e9confortez votre teint avec BeDew Dab Ozonated Beauty Balmactiv\u00e9 par O3 Living Libations qui est aussi rafra\u00eechissant que la ros\u00e9e du matin.","og_url":"https:\/\/dutchhealthstore.com\/fr\/product\/bedew-dab-ozonated-beauty-balm\/","og_site_name":"Dutch Health Store","article_publisher":"https:\/\/www.instagram.com\/dutchhealthstore\/","article_modified_time":"2025-04-07T08:38:21+00:00","og_image":[{"width":898,"height":898,"url":"https:\/\/dutchhealthstore.com\/wp-content\/uploads\/2020\/01\/BeDew-Dab-Ozonated-Beauty-Balm-Living-Libations.jpg","type":"image\/jpeg"}],"twitter_card":"summary_large_image","twitter_misc":{"Prix":"&euro;42,00","Disponibilit\u00e9":"En stock"},"schema":{"@context":"https:\/\/schema.org","@graph":[{"@type":"WebPage","@id":"https:\/\/dutchhealthstore.com\/fr\/product\/bedew-dab-ozonated-beauty-balm\/","url":"https:\/\/dutchhealthstore.com\/fr\/product\/bedew-dab-ozonated-beauty-balm\/","name":"BeDew Dab Ozonated Beauty Balm - Organic & Natural | Living Libations","isPartOf":{"@id":"https:\/\/dutchhealthstore.com\/fr\/#website"},"primaryImageOfPage":{"@id":"https:\/\/dutchhealthstore.com\/fr\/product\/bedew-dab-ozonated-beauty-balm\/#primaryimage"},"image":{"@id":"https:\/\/dutchhealthstore.com\/fr\/product\/bedew-dab-ozonated-beauty-balm\/#primaryimage"},"thumbnailUrl":"https:\/\/dutchhealthstore.com\/wp-content\/uploads\/2020\/01\/BeDew-Dab-Ozonated-Beauty-Balm-Living-Libations.jpg","datePublished":"2020-01-14T04:07:03+00:00","dateModified":"2025-04-07T08:38:21+00:00","description":"R\u00e9confortez votre teint avec BeDew Dab Ozonated Beauty Balmactiv\u00e9 par O3 Living Libations qui est aussi rafra\u00eechissant que la ros\u00e9e du matin.","breadcrumb":{"@id":"https:\/\/dutchhealthstore.com\/fr\/product\/bedew-dab-ozonated-beauty-balm\/#breadcrumb"},"inLanguage":"fr-FR","potentialAction":[{"@type":"ReadAction","target":["https:\/\/dutchhealthstore.com\/fr\/product\/bedew-dab-ozonated-beauty-balm\/"]}]},{"@type":"ImageObject","inLanguage":"fr-FR","@id":"https:\/\/dutchhealthstore.com\/fr\/product\/bedew-dab-ozonated-beauty-balm\/#primaryimage","url":"https:\/\/dutchhealthstore.com\/wp-content\/uploads\/2020\/01\/BeDew-Dab-Ozonated-Beauty-Balm-Living-Libations.jpg","contentUrl":"https:\/\/dutchhealthstore.com\/wp-content\/uploads\/2020\/01\/BeDew-Dab-Ozonated-Beauty-Balm-Living-Libations.jpg","width":898,"height":898,"caption":"BeDew Dab Ozonated Beauty Balm - Living Libations"},{"@type":"BreadcrumbList","@id":"https:\/\/dutchhealthstore.com\/fr\/product\/bedew-dab-ozonated-beauty-balm\/#breadcrumb","itemListElement":[{"@type":"ListItem","position":1,"name":"Home","item":"https:\/\/dutchhealthstore.com\/fr\/"},{"@type":"ListItem","position":2,"name":"Shop","item":"https:\/\/dutchhealthstore.com\/fr\/shop\/"},{"@type":"ListItem","position":3,"name":"BeDew Dab Ozonated Beauty Balm"}]},{"@type":"WebSite","@id":"https:\/\/dutchhealthstore.com\/fr\/#website","url":"https:\/\/dutchhealthstore.com\/fr\/","name":"Dutch Health Store","description":"Enhance Your Beauty with Organic &amp; Natural Skincare","publisher":{"@id":"https:\/\/dutchhealthstore.com\/fr\/#organization"},"potentialAction":[{"@type":"SearchAction","target":{"@type":"EntryPoint","urlTemplate":"https:\/\/dutchhealthstore.com\/fr\/?s={search_term_string}"},"query-input":{"@type":"PropertyValueSpecification","valueRequired":true,"valueName":"search_term_string"}}],"inLanguage":"fr-FR"},{"@type":"Organization","@id":"https:\/\/dutchhealthstore.com\/fr\/#organization","name":"Dutch Health Store","url":"https:\/\/dutchhealthstore.com\/fr\/","logo":{"@type":"ImageObject","inLanguage":"fr-FR","@id":"https:\/\/dutchhealthstore.com\/fr\/#\/schema\/logo\/image\/","url":"https:\/\/dutchhealthstore.com\/wp-content\/uploads\/2020\/08\/logo-dutchhealthstore-jpg-e1599484957574.jpg","contentUrl":"https:\/\/dutchhealthstore.com\/wp-content\/uploads\/2020\/08\/logo-dutchhealthstore-jpg-e1599484957574.jpg","width":400,"height":62,"caption":"Dutch Health Store"},"image":{"@id":"https:\/\/dutchhealthstore.com\/fr\/#\/schema\/logo\/image\/"},"sameAs":["https:\/\/www.instagram.com\/dutchhealthstore\/","https:\/\/www.facebook.com\/dutchhealthstore"]}]},"product_brand":"Living Libations","product_price_amount":"42.00","product_price_currency":"EUR","og_availability":"instock","product_availability":"instock","product_condition":"new"},"_links":{"self":[{"href":"https:\/\/dutchhealthstore.com\/fr\/wp-json\/wp\/v2\/product\/105642","targetHints":{"allow":["GET"]}}],"collection":[{"href":"https:\/\/dutchhealthstore.com\/fr\/wp-json\/wp\/v2\/product"}],"about":[{"href":"https:\/\/dutchhealthstore.com\/fr\/wp-json\/wp\/v2\/types\/product"}],"replies":[{"embeddable":true,"href":"https:\/\/dutchhealthstore.com\/fr\/wp-json\/wp\/v2\/comments?post=105642"}],"wp:featuredmedia":[{"embeddable":true,"href":"https:\/\/dutchhealthstore.com\/fr\/wp-json\/wp\/v2\/media\/89659"}],"wp:attachment":[{"href":"https:\/\/dutchhealthstore.com\/fr\/wp-json\/wp\/v2\/media?parent=105642"}],"wp:term":[{"taxonomy":"product_brand","embeddable":true,"href":"https:\/\/dutchhealthstore.com\/fr\/wp-json\/wp\/v2\/product_brand?post=105642"},{"taxonomy":"product_cat","embeddable":true,"href":"https:\/\/dutchhealthstore.com\/fr\/wp-json\/wp\/v2\/product_cat?post=105642"},{"taxonomy":"product_tag","embeddable":true,"href":"https:\/\/dutchhealthstore.com\/fr\/wp-json\/wp\/v2\/product_tag?post=105642"}],"curies":[{"name":"wp","href":"https:\/\/api.w.org\/{rel}","templated":true}]}}