{"id":105631,"date":"2018-02-10T19:05:22","date_gmt":"2018-02-10T19:05:22","guid":{"rendered":"https:\/\/dutchhealthstore.com\/product\/beach-beauty-lip-shimmer\/"},"modified":"2024-09-23T13:21:41","modified_gmt":"2024-09-23T11:21:41","slug":"beach-beauty-lip-shimmer","status":"publish","type":"product","link":"https:\/\/dutchhealthstore.com\/fr\/product\/beach-beauty-lip-shimmer\/","title":{"rendered":"Beach Beauty Shimmer"},"content":{"rendered":"<p><img decoding=\"async\" class=\"size-full wp-image-69549 alignright\" src=\"https:\/\/dutchhealthstore.com\/wp-content\/uploads\/2019\/08\/NEW-Living-Libations-Logo.jpg\" alt=\"NEW - Living Libations - Logo\" width=\"175\" height=\"82\"><\/p>\n<p>La base de Beach Beauty Shimmer est notre cire d&rsquo;abeille heureuse, fabriqu\u00e9e avec amour et d\u00e9vouement par des abeilles saines et bourdonnantes. La cire d&rsquo;abeille prot\u00e8ge la peau en formant une couche poreuse et respirante sur les l\u00e8vres. \u00c0 la cire d&rsquo;abeille, nous ajoutons du jojoba pour l&rsquo;hydratation, des graines de carotte pour l&rsquo;\u00e9quilibre, du palmarosa pour renforcer la peau, du pamplemousse pour repulper et dynamiser, du thym doux pour tonifier, de la camomille et du v\u00e9tiver pour calmer les rougeurs, et du caf\u00e9 pour son ar\u00f4me et son action. Des min\u00e9raux de mica \u00e9tincelants sont incorpor\u00e9s dans ce rouge \u00e0 l\u00e8vres pour donner \u00e0 vos l\u00e8vres le baiser chatoyant de l&rsquo;\u00e9t\u00e9 \u00e0 la plage.<\/p>\n<h3>Utiliser<\/h3>\n<p>Appliquez sur les l\u00e8vres, les joues et les arcades sourcili\u00e8res pour obtenir une couleur et une hydratation m\u00eal\u00e9es \u00e0 des min\u00e9raux mica \u00e9tincelants pour ajouter une touche chatoyante. M\u00e9langez-les avec d&rsquo;autres brillants \u00e0 l\u00e8vres pour cr\u00e9er vos propres teintes chatoyantes.<\/p>\n<p><strong>Taille : 6 ml<\/strong><\/p>\n<h3 class=\"yikes-custom-woo-tab-title yikes-custom-woo-tab-title-natural-organic-ingredients\">Ingr\u00e9dients Naturels\/Biologiques<\/h3>\n<p><strong>Jojoba <\/strong><em>(Simmondsia chinensis<\/em>) &#8211; Sortez de l&rsquo;obscurit\u00e9 s\u00e8che et craquel\u00e9e pour entrer dans la lumi\u00e8re luxuriante gr\u00e2ce \u00e0 l&rsquo;\u00e9mollient le plus stimulant de la nature. Le jojoba pur impr\u00e8gne votre moue de toutes les formes solubles de vitamine E. Ce compos\u00e9 naturel est une flamme jumelle all\u00e9chante, si semblable au s\u00e9bum de la peau qu&rsquo;il ne peut s&#8217;emp\u00eacher de se fondre dans des l\u00e8vres assoiff\u00e9es.<\/p>\n<p><strong>Cire d&rsquo;abeille <\/strong><em>(Cera alba<\/em>) &#8211; L&rsquo;abeille se pla\u00eet \u00e0 prot\u00e9ger la reine des abeilles, tout comme notre cire Happy Beeswax se pla\u00eet \u00e0 prot\u00e9ger votre moue. Cet ingr\u00e9dient naturel, sans p\u00e9trole, forme une couche poreuse sur les l\u00e8vres, scellant ainsi l&rsquo;hydratation. Laissez vos l\u00e8vres respirer en faisant face au monde: une reine des abeilles prot\u00e9g\u00e9e par le merveilleux bouclier de cire de la nature.<\/p>\n<p><strong>Graines de carotte <\/strong><em>(Daucus carota<\/em>) &#8211; La carotte captivante apporte un \u00e9quilibre \u00e0 la peau, en nourrissant intuitivement les tissus devenus trop secs ou trop gras. Les l\u00e8vres br\u00fbl\u00e9es par le soleil et les ger\u00e7ures appr\u00e9cieront l&rsquo;essence de l&rsquo;huile de carotte biologique pure, distill\u00e9e \u00e0 la vapeur.<\/p>\n<p><strong>Palmarosa <\/strong><em>(Cymbopogon martini<\/em>) &#8211; Le citron et la rose font l&rsquo;amour au nez! L&rsquo;huile de palmarosa, fra\u00eeche et citronn\u00e9e, est utilis\u00e9e pour r\u00e9g\u00e9n\u00e9rer les cellules de la peau, avec les avantages suppl\u00e9mentaires de la r\u00e9duction du stress et de la lutte contre l&rsquo;anxi\u00e9t\u00e9. Votre moue fra\u00eeche et parfum\u00e9e sera pr\u00eate \u00e0 r\u00e9colter toutes les merveilles du littoral.<\/p>\n<p><strong>Pamplemousse <\/strong><em>(Citrus paradise<\/em>) &#8211; Le pamplemousse cr\u00e9e une moue fruit\u00e9e et juteuse qui brille par son \u00e9nergie vibrante. Cette merveille d&rsquo;agrumes fait briller les l\u00e8vres gr\u00e2ce \u00e0 son pouvoir de positivit\u00e9. On dit \u00e9galement qu&rsquo;il permet de concentrer l&rsquo;esprit et de clarifier la peau autour des l\u00e8vres.<\/p>\n<p><strong>Chamomille <\/strong><em>(Anthemis nobilis<\/em>) &#8211; Apaisante et calmante, la camomille est une substance sereine dont on dit qu&rsquo;elle apporte une caresse apaisante \u00e0 la peau. La camomille r\u00e9confortante est distill\u00e9e \u00e0 la vapeur \u00e0 partir des d\u00e9licats p\u00e9tales diminutifs des fleurs de camomille fran\u00e7aise. Il d\u00e9tend et r\u00e9duit les rougeurs et la chaleur. Elle est r\u00e9g\u00e9n\u00e9ratrice, tonifiante et \u00e9claircissante.<\/p>\n<p><strong>Vetiver<\/strong> (<em>Vetiveria zizanioides<\/em>) &#8211; L&rsquo;huile de v\u00e9tiver est une essence terreuse et fondatrice distill\u00e9e \u00e0 partir d&rsquo;une herbe tropicale. Calmant et hydratant pour la peau, le v\u00e9tiver est utilis\u00e9 pour donner \u00e0 la peau un aspect agr\u00e9ablement rebondi tout en offrant un ar\u00f4me riche et racinaire.<\/p>\n<p><strong>Caf\u00e9 <\/strong><em>(Coffea arabica L.<\/em>) &#8211; Captivant L&rsquo;ar\u00f4me bienveillant de moka du grain de caf\u00e9 est un d\u00e9lice \u00e0 inhaler tandis qu&rsquo;il fait profiter les l\u00e8vres de sa magnificence tonifiante.<\/p>\n<p><strong>Mica <\/strong><em>(min\u00e9raux phyllosilicat\u00e9s<\/em>) &#8211; Le mica est un min\u00e9ral silicat\u00e9 d&rsquo;naturelqui donne \u00e0 nos libations scintillantes un \u00e9clat d&rsquo;\u00e9t\u00e9 authentique! Le mica scintille et brille, refl\u00e9tant naturella lumi\u00e8re de votre peau radieuse. Le mica est fabriqu\u00e9 \u00e0 partir de couches de pierres pr\u00e9cieuses broy\u00e9es, riches en couleurs iridescentes. Tel un diamant pur et \u00e9tincelant, le mica s&rsquo;illumine lorsqu&rsquo;il scintille \u00e0 la lumi\u00e8re: au clair d&rsquo;\u00e9toiles, au clair de lune ou aux torches Tiki illuminant le feu de camp. *Le mica n&rsquo;est pas d\u00e9riv\u00e9 de la mati\u00e8re vivante et est donc un compos\u00e9 inorganique, qui n&rsquo;entre pas dans le champ d&rsquo;application de la certification biologique.<\/p>\n<p><strong>Thym doux<\/strong> (Thymus linalool) &#8211; Le thym doux souple est aussi fort que doux! Elle contient tout le pouvoir fortifiant et tonifiant des autres types d&rsquo;huiles de thym sans causer d&rsquo;irritation, tout en purifiant les pores. Le thym doux, riche en linalol, est un ingr\u00e9dient pr\u00e9cieux de nos sublimes s\u00e9rums de soin. Il est parfait pour une clarification en douceur et pour stimuler les ovations de la peau.<\/p>\n<p><img fetchpriority=\"high\" decoding=\"async\" class=\"aligncenter size-full wp-image-11209\" src=\"https:\/\/dutchhealthstore.com\/wp-content\/uploads\/2015\/12\/organic-1.jpg\" alt=\"organic\" width=\"608\" height=\"85\"><\/p>\n","protected":false},"excerpt":{"rendered":"<p>D\u00e9voilez vos l\u00e8vres au monde entier avec ce rouge \u00e0 l\u00e8vres parfaitement p\u00e2le de caf\u00e9 au lait cr\u00e9meux, une teinte chatoyante de sable scintillant avec des nuances de rose coquillage. Ce scintillement transparent de couleur taupe donne un \u00e9clat de plage.<\/p>\n<p>Des min\u00e9raux de mica scintillants sont incorpor\u00e9s dans ce<strong> Beach Beauty Shimmer<\/strong> pour donner \u00e0 vos l\u00e8vres le baiser scintillant de l&rsquo;\u00e9t\u00e9 sans aucun ingr\u00e9dient synth\u00e9tique. Le mica est compos\u00e9 de pierres pr\u00e9cieuses broy\u00e9es appel\u00e9es min\u00e9raux phyllosilicates. Ces minuscules lumi\u00e8res scintillantes refl\u00e8tent naturelles beaux rayons du soleil, le clair de lune ou la luminosit\u00e9 de la lumi\u00e8re ambiante. Laissez vos l\u00e8vres luxuriantes s&rsquo;impr\u00e9gner de ce baume botanique!<\/p>\n","protected":false},"featured_media":368032,"comment_status":"open","ping_status":"closed","template":"","meta":[],"product_brand":[],"product_cat":[6142,5979,1211,1036,1209,1030,1010,14733,4046,5902,2985],"product_tag":[21695,21803,6247,9769,4864,21694],"class_list":{"0":"post-105631","1":"product","2":"type-product","3":"status-publish","4":"has-post-thumbnail","6":"product_cat-cheeks-fr-2","7":"product_cat-lips-fr-3","8":"product_cat-living-libations-france","9":"product_cat-maquillage","10":"product_cat-par-marques","11":"product_cat-par-produits","12":"product_cat-notre-boutique","13":"product_cat-soins-de-la-peau","14":"product_cat-soins-des-levres","15":"product_cat-eye-lip-care-fr-2","16":"product_cat-visage-fr","17":"product_tag-baume-a-levres","18":"product_tag-brillant-a-levres","19":"product_tag-make-up-fr","20":"product_tag-moisturizer-fr","21":"product_tag-skin-fr","22":"product_tag-soin-des-levres","23":"pa_brand-livinglibations-fr","24":"pa_gtin-7439657378324-fr","25":"pa_make-up-productype-cheeks-fr","26":"pa_make-up-productype-lips-fr","27":"pa_size-6-ml-fr","28":"pa_skincare-type-lips-eye-care-fr","30":"first","31":"instock","32":"taxable","33":"shipping-taxable","34":"purchasable","35":"product-type-simple"},"bundled_by":[],"bundle_stock_status":"instock","bundle_stock_quantity":7,"bundle_virtual":false,"bundle_layout":"","bundle_add_to_cart_form_location":"","bundle_editable_in_cart":false,"bundle_sold_individually_context":"","bundle_item_grouping":"","bundle_min_size":"","bundle_max_size":"","bundle_price":[],"bundled_items":[],"bundle_sell_ids":[130150],"atum_controlled":true,"out_stock_date":null,"out_stock_threshold":null,"inheritable":false,"stock_on_hold":0,"sold_today":0,"sales_last_days":0,"out_stock_days":0,"lost_sales":0,"update_date":"2026-04-16T00:05:54","atum_locations":[],"atum_stock_status":"instock","restock_status":false,"low_stock_amount":"","sales_update_date":"2026-04-16T00:05:54","calc_backorders":null,"group_of_quantity":0,"min_quantity":0,"max_quantity":"","exclude_order_quantity_value_rules":"no","exclude_category_quantity_rules":"no","combine_variations":"no","yoast_head":"<!-- This site is optimized with the Yoast SEO Premium plugin v26.5 (Yoast SEO v26.5) - https:\/\/yoast.com\/wordpress\/plugins\/seo\/ -->\n<title>Beach Beauty Lip Simmer | Living Libations<\/title>\n<meta name=\"description\" content=\"Des min\u00e9raux de mica \u00e9tincelants sont incorpor\u00e9s \u00e0 ce rouge \u00e0 l\u00e8vres pour donner \u00e0 vos l\u00e8vres le baiser chatoyant de l&#039;\u00e9t\u00e9 sans aucun ingr\u00e9dient synth\u00e9tique.\" \/>\n<meta name=\"robots\" content=\"index, follow, max-snippet:-1, max-image-preview:large, max-video-preview:-1\" \/>\n<link rel=\"canonical\" href=\"https:\/\/dutchhealthstore.com\/fr\/product\/beach-beauty-lip-shimmer\/\" \/>\n<meta property=\"og:locale\" content=\"fr_FR\" \/>\n<meta property=\"og:type\" content=\"article\" \/>\n<meta property=\"og:title\" content=\"Beach Beauty Shimmer - Dutch Health Store\" \/>\n<meta property=\"og:description\" content=\"Des min\u00e9raux de mica \u00e9tincelants sont incorpor\u00e9s \u00e0 ce rouge \u00e0 l\u00e8vres pour donner \u00e0 vos l\u00e8vres le baiser chatoyant de l&#039;\u00e9t\u00e9 sans aucun ingr\u00e9dient synth\u00e9tique.\" \/>\n<meta property=\"og:url\" content=\"https:\/\/dutchhealthstore.com\/fr\/product\/beach-beauty-lip-shimmer\/\" \/>\n<meta property=\"og:site_name\" content=\"Dutch Health Store\" \/>\n<meta property=\"article:publisher\" content=\"https:\/\/www.instagram.com\/dutchhealthstore\/\" \/>\n<meta property=\"article:modified_time\" content=\"2024-09-23T11:21:41+00:00\" \/>\n<meta property=\"og:image\" content=\"https:\/\/dutchhealthstore.com\/wp-content\/uploads\/2018\/02\/Living-Libations-beach-beauty-lip-shimmer-e1591704792285.jpg\" \/>\n\t<meta property=\"og:image:width\" content=\"500\" \/>\n\t<meta property=\"og:image:height\" content=\"500\" \/>\n\t<meta property=\"og:image:type\" content=\"image\/jpeg\" \/>\n<meta name=\"twitter:card\" content=\"summary_large_image\" \/>\n<meta name=\"twitter:label1\" content=\"Prix\" \/>\n\t<meta name=\"twitter:data1\" content=\"&euro;33,00\" \/>\n\t<meta name=\"twitter:label2\" content=\"Disponibilit\u00e9\" \/>\n\t<meta name=\"twitter:data2\" content=\"En stock\" \/>\n<script type=\"application\/ld+json\" class=\"yoast-schema-graph\">{\"@context\":\"https:\/\/schema.org\",\"@graph\":[{\"@type\":\"WebPage\",\"@id\":\"https:\/\/dutchhealthstore.com\/fr\/product\/beach-beauty-lip-shimmer\/\",\"url\":\"https:\/\/dutchhealthstore.com\/fr\/product\/beach-beauty-lip-shimmer\/\",\"name\":\"Beach Beauty Lip Simmer | Living Libations\",\"isPartOf\":{\"@id\":\"https:\/\/dutchhealthstore.com\/fr\/#website\"},\"primaryImageOfPage\":{\"@id\":\"https:\/\/dutchhealthstore.com\/fr\/product\/beach-beauty-lip-shimmer\/#primaryimage\"},\"image\":{\"@id\":\"https:\/\/dutchhealthstore.com\/fr\/product\/beach-beauty-lip-shimmer\/#primaryimage\"},\"thumbnailUrl\":\"https:\/\/dutchhealthstore.com\/wp-content\/uploads\/2018\/02\/Beach-Beauty-Shimmer.jpg\",\"datePublished\":\"2018-02-10T19:05:22+00:00\",\"dateModified\":\"2024-09-23T11:21:41+00:00\",\"description\":\"Des min\u00e9raux de mica \u00e9tincelants sont incorpor\u00e9s \u00e0 ce rouge \u00e0 l\u00e8vres pour donner \u00e0 vos l\u00e8vres le baiser chatoyant de l'\u00e9t\u00e9 sans aucun ingr\u00e9dient synth\u00e9tique.\",\"breadcrumb\":{\"@id\":\"https:\/\/dutchhealthstore.com\/fr\/product\/beach-beauty-lip-shimmer\/#breadcrumb\"},\"inLanguage\":\"fr-FR\",\"potentialAction\":[{\"@type\":\"ReadAction\",\"target\":[\"https:\/\/dutchhealthstore.com\/fr\/product\/beach-beauty-lip-shimmer\/\"]}]},{\"@type\":\"ImageObject\",\"inLanguage\":\"fr-FR\",\"@id\":\"https:\/\/dutchhealthstore.com\/fr\/product\/beach-beauty-lip-shimmer\/#primaryimage\",\"url\":\"https:\/\/dutchhealthstore.com\/wp-content\/uploads\/2018\/02\/Beach-Beauty-Shimmer.jpg\",\"contentUrl\":\"https:\/\/dutchhealthstore.com\/wp-content\/uploads\/2018\/02\/Beach-Beauty-Shimmer.jpg\",\"width\":530,\"height\":530,\"caption\":\"beach-beauty-shimmer\"},{\"@type\":\"BreadcrumbList\",\"@id\":\"https:\/\/dutchhealthstore.com\/fr\/product\/beach-beauty-lip-shimmer\/#breadcrumb\",\"itemListElement\":[{\"@type\":\"ListItem\",\"position\":1,\"name\":\"Home\",\"item\":\"https:\/\/dutchhealthstore.com\/fr\/\"},{\"@type\":\"ListItem\",\"position\":2,\"name\":\"Shop\",\"item\":\"https:\/\/dutchhealthstore.com\/fr\/shop\/\"},{\"@type\":\"ListItem\",\"position\":3,\"name\":\"Beach Beauty Shimmer\"}]},{\"@type\":\"WebSite\",\"@id\":\"https:\/\/dutchhealthstore.com\/fr\/#website\",\"url\":\"https:\/\/dutchhealthstore.com\/fr\/\",\"name\":\"Dutch Health Store\",\"description\":\"Enhance Your Beauty with Organic &amp; Natural Skincare\",\"publisher\":{\"@id\":\"https:\/\/dutchhealthstore.com\/fr\/#organization\"},\"potentialAction\":[{\"@type\":\"SearchAction\",\"target\":{\"@type\":\"EntryPoint\",\"urlTemplate\":\"https:\/\/dutchhealthstore.com\/fr\/?s={search_term_string}\"},\"query-input\":{\"@type\":\"PropertyValueSpecification\",\"valueRequired\":true,\"valueName\":\"search_term_string\"}}],\"inLanguage\":\"fr-FR\"},{\"@type\":\"Organization\",\"@id\":\"https:\/\/dutchhealthstore.com\/fr\/#organization\",\"name\":\"Dutch Health Store\",\"url\":\"https:\/\/dutchhealthstore.com\/fr\/\",\"logo\":{\"@type\":\"ImageObject\",\"inLanguage\":\"fr-FR\",\"@id\":\"https:\/\/dutchhealthstore.com\/fr\/#\/schema\/logo\/image\/\",\"url\":\"https:\/\/dutchhealthstore.com\/wp-content\/uploads\/2020\/08\/logo-dutchhealthstore-jpg-e1599484957574.jpg\",\"contentUrl\":\"https:\/\/dutchhealthstore.com\/wp-content\/uploads\/2020\/08\/logo-dutchhealthstore-jpg-e1599484957574.jpg\",\"width\":400,\"height\":62,\"caption\":\"Dutch Health Store\"},\"image\":{\"@id\":\"https:\/\/dutchhealthstore.com\/fr\/#\/schema\/logo\/image\/\"},\"sameAs\":[\"https:\/\/www.instagram.com\/dutchhealthstore\/\",\"https:\/\/www.facebook.com\/dutchhealthstore\"]}]}<\/script>\n<meta property=\"product:brand\" content=\"Living Libations\" \/>\n<meta property=\"product:price:amount\" content=\"33.00\" \/>\n<meta property=\"product:price:currency\" content=\"EUR\" \/>\n<meta property=\"og:availability\" content=\"instock\" \/>\n<meta property=\"product:availability\" content=\"instock\" \/>\n<meta property=\"product:condition\" content=\"new\" \/>\n<!-- \/ Yoast SEO Premium plugin. -->","yoast_head_json":{"title":"Beach Beauty Lip Simmer | Living Libations","description":"Des min\u00e9raux de mica \u00e9tincelants sont incorpor\u00e9s \u00e0 ce rouge \u00e0 l\u00e8vres pour donner \u00e0 vos l\u00e8vres le baiser chatoyant de l'\u00e9t\u00e9 sans aucun ingr\u00e9dient synth\u00e9tique.","robots":{"index":"index","follow":"follow","max-snippet":"max-snippet:-1","max-image-preview":"max-image-preview:large","max-video-preview":"max-video-preview:-1"},"canonical":"https:\/\/dutchhealthstore.com\/fr\/product\/beach-beauty-lip-shimmer\/","og_locale":"fr_FR","og_type":"article","og_title":"Beach Beauty Shimmer - Dutch Health Store","og_description":"Des min\u00e9raux de mica \u00e9tincelants sont incorpor\u00e9s \u00e0 ce rouge \u00e0 l\u00e8vres pour donner \u00e0 vos l\u00e8vres le baiser chatoyant de l'\u00e9t\u00e9 sans aucun ingr\u00e9dient synth\u00e9tique.","og_url":"https:\/\/dutchhealthstore.com\/fr\/product\/beach-beauty-lip-shimmer\/","og_site_name":"Dutch Health Store","article_publisher":"https:\/\/www.instagram.com\/dutchhealthstore\/","article_modified_time":"2024-09-23T11:21:41+00:00","og_image":[{"width":500,"height":500,"url":"https:\/\/dutchhealthstore.com\/wp-content\/uploads\/2018\/02\/Living-Libations-beach-beauty-lip-shimmer-e1591704792285.jpg","type":"image\/jpeg"}],"twitter_card":"summary_large_image","twitter_misc":{"Prix":"&euro;33,00","Disponibilit\u00e9":"En stock"},"schema":{"@context":"https:\/\/schema.org","@graph":[{"@type":"WebPage","@id":"https:\/\/dutchhealthstore.com\/fr\/product\/beach-beauty-lip-shimmer\/","url":"https:\/\/dutchhealthstore.com\/fr\/product\/beach-beauty-lip-shimmer\/","name":"Beach Beauty Lip Simmer | Living Libations","isPartOf":{"@id":"https:\/\/dutchhealthstore.com\/fr\/#website"},"primaryImageOfPage":{"@id":"https:\/\/dutchhealthstore.com\/fr\/product\/beach-beauty-lip-shimmer\/#primaryimage"},"image":{"@id":"https:\/\/dutchhealthstore.com\/fr\/product\/beach-beauty-lip-shimmer\/#primaryimage"},"thumbnailUrl":"https:\/\/dutchhealthstore.com\/wp-content\/uploads\/2018\/02\/Beach-Beauty-Shimmer.jpg","datePublished":"2018-02-10T19:05:22+00:00","dateModified":"2024-09-23T11:21:41+00:00","description":"Des min\u00e9raux de mica \u00e9tincelants sont incorpor\u00e9s \u00e0 ce rouge \u00e0 l\u00e8vres pour donner \u00e0 vos l\u00e8vres le baiser chatoyant de l'\u00e9t\u00e9 sans aucun ingr\u00e9dient synth\u00e9tique.","breadcrumb":{"@id":"https:\/\/dutchhealthstore.com\/fr\/product\/beach-beauty-lip-shimmer\/#breadcrumb"},"inLanguage":"fr-FR","potentialAction":[{"@type":"ReadAction","target":["https:\/\/dutchhealthstore.com\/fr\/product\/beach-beauty-lip-shimmer\/"]}]},{"@type":"ImageObject","inLanguage":"fr-FR","@id":"https:\/\/dutchhealthstore.com\/fr\/product\/beach-beauty-lip-shimmer\/#primaryimage","url":"https:\/\/dutchhealthstore.com\/wp-content\/uploads\/2018\/02\/Beach-Beauty-Shimmer.jpg","contentUrl":"https:\/\/dutchhealthstore.com\/wp-content\/uploads\/2018\/02\/Beach-Beauty-Shimmer.jpg","width":530,"height":530,"caption":"beach-beauty-shimmer"},{"@type":"BreadcrumbList","@id":"https:\/\/dutchhealthstore.com\/fr\/product\/beach-beauty-lip-shimmer\/#breadcrumb","itemListElement":[{"@type":"ListItem","position":1,"name":"Home","item":"https:\/\/dutchhealthstore.com\/fr\/"},{"@type":"ListItem","position":2,"name":"Shop","item":"https:\/\/dutchhealthstore.com\/fr\/shop\/"},{"@type":"ListItem","position":3,"name":"Beach Beauty Shimmer"}]},{"@type":"WebSite","@id":"https:\/\/dutchhealthstore.com\/fr\/#website","url":"https:\/\/dutchhealthstore.com\/fr\/","name":"Dutch Health Store","description":"Enhance Your Beauty with Organic &amp; Natural Skincare","publisher":{"@id":"https:\/\/dutchhealthstore.com\/fr\/#organization"},"potentialAction":[{"@type":"SearchAction","target":{"@type":"EntryPoint","urlTemplate":"https:\/\/dutchhealthstore.com\/fr\/?s={search_term_string}"},"query-input":{"@type":"PropertyValueSpecification","valueRequired":true,"valueName":"search_term_string"}}],"inLanguage":"fr-FR"},{"@type":"Organization","@id":"https:\/\/dutchhealthstore.com\/fr\/#organization","name":"Dutch Health Store","url":"https:\/\/dutchhealthstore.com\/fr\/","logo":{"@type":"ImageObject","inLanguage":"fr-FR","@id":"https:\/\/dutchhealthstore.com\/fr\/#\/schema\/logo\/image\/","url":"https:\/\/dutchhealthstore.com\/wp-content\/uploads\/2020\/08\/logo-dutchhealthstore-jpg-e1599484957574.jpg","contentUrl":"https:\/\/dutchhealthstore.com\/wp-content\/uploads\/2020\/08\/logo-dutchhealthstore-jpg-e1599484957574.jpg","width":400,"height":62,"caption":"Dutch Health Store"},"image":{"@id":"https:\/\/dutchhealthstore.com\/fr\/#\/schema\/logo\/image\/"},"sameAs":["https:\/\/www.instagram.com\/dutchhealthstore\/","https:\/\/www.facebook.com\/dutchhealthstore"]}]},"product_brand":"Living Libations","product_price_amount":"33.00","product_price_currency":"EUR","og_availability":"instock","product_availability":"instock","product_condition":"new"},"_links":{"self":[{"href":"https:\/\/dutchhealthstore.com\/fr\/wp-json\/wp\/v2\/product\/105631","targetHints":{"allow":["GET"]}}],"collection":[{"href":"https:\/\/dutchhealthstore.com\/fr\/wp-json\/wp\/v2\/product"}],"about":[{"href":"https:\/\/dutchhealthstore.com\/fr\/wp-json\/wp\/v2\/types\/product"}],"replies":[{"embeddable":true,"href":"https:\/\/dutchhealthstore.com\/fr\/wp-json\/wp\/v2\/comments?post=105631"}],"wp:featuredmedia":[{"embeddable":true,"href":"https:\/\/dutchhealthstore.com\/fr\/wp-json\/wp\/v2\/media\/368032"}],"wp:attachment":[{"href":"https:\/\/dutchhealthstore.com\/fr\/wp-json\/wp\/v2\/media?parent=105631"}],"wp:term":[{"taxonomy":"product_brand","embeddable":true,"href":"https:\/\/dutchhealthstore.com\/fr\/wp-json\/wp\/v2\/product_brand?post=105631"},{"taxonomy":"product_cat","embeddable":true,"href":"https:\/\/dutchhealthstore.com\/fr\/wp-json\/wp\/v2\/product_cat?post=105631"},{"taxonomy":"product_tag","embeddable":true,"href":"https:\/\/dutchhealthstore.com\/fr\/wp-json\/wp\/v2\/product_tag?post=105631"}],"curies":[{"name":"wp","href":"https:\/\/api.w.org\/{rel}","templated":true}]}}