{"id":105624,"date":"2020-01-30T16:54:15","date_gmt":"2020-01-30T15:54:15","guid":{"rendered":"https:\/\/dutchhealthstore.com\/product\/ballet-slipper-shimmer\/"},"modified":"2026-03-07T14:10:45","modified_gmt":"2026-03-07T13:10:45","slug":"ballet-slipper-shimmer","status":"publish","type":"product","link":"https:\/\/dutchhealthstore.com\/fr\/product\/ballet-slipper-shimmer\/","title":{"rendered":"Ballet Slipper Shimmer"},"content":{"rendered":"<p><img decoding=\"async\" class=\"alignright size-full wp-image-37041\" src=\"https:\/\/dutchhealthstore.com\/wp-content\/uploads\/2018\/04\/Living_Libations-1.png\" alt=\"Organic &amp; Natural Beautyproducts - Living Libations\" width=\"175\" height=\"82\">Living Libations <strong>Ballet Slipper Shimmer <\/strong>embrasse des l\u00e8vres lustr\u00e9es avec l&rsquo;essence hydratante du satin chatoyant et l&rsquo;\u00e9clat subtil des chaussons roses d&rsquo;une ballerine.<\/p>\n<p>Enveloppez vos l\u00e8vres d&rsquo;un \u00e9clat chatoyant, d&rsquo;un rose pastel, pour une moue parfaitement primaire<strong style=\"font-size: 14.4px;\">!<\/strong><br \/>\n<strong>Ballet Slipper Shimmer<\/strong> se faufile sur des l\u00e8vres brillantes et met la peau en valeur gr\u00e2ce \u00e0 de magnifiques infusions d&rsquo;huile de jojoba riche en humidit\u00e9, de cire d&rsquo;abeille g\u00e9n\u00e9reuse et d&rsquo;un fascinant m\u00e9lange floral qui fait pirouetter des p\u00e9tales de tub\u00e9reuse, de jasmin, d&rsquo;ylang et d&rsquo;\u0153illet. Ce brillant \u00e0 l\u00e8vres soyeux et lisse est carr\u00e9ment d\u00e9bordant de fontaines de fleurs &#8211; vous pouvez donc \u00eatre transport\u00e9e dans un paradis rose pastel chaque fois que vous l&rsquo;appliquez!<\/p>\n<p>La science derri\u00e8re le scintillement: plus qu&rsquo;un simple baume \u00e0 l\u00e8vres, <strong>Ballet<\/strong> <strong>Slipper<\/strong> <strong>Lip<\/strong> <strong>Shimmer<\/strong> est cr\u00e9\u00e9 \u00e0 partir de mica cristallis\u00e9, les pierres pr\u00e9cieuses naturel qui r\u00e9fl\u00e9chissent la lumi\u00e8re. Ce baume chatoyant s&rsquo;accroche pour faire chanter la peau, en refl\u00e9tant la lumi\u00e8re ambiante tout autour.<\/p>\n<h3>Comment utiliser<\/h3>\n<p>Faites la moue et appliquez g\u00e9n\u00e9reusement pour chouchouter votre jolie moue. Appliquez sur les joues et les arcades sourcili\u00e8res comme un surligneur \u00e9galement. Parfait sur Lovers Lips et Balms.<\/p>\n<p><strong>Taille : 6 ml<\/strong><\/p>\n<h3 class=\"yikes-custom-woo-tab-title yikes-custom-woo-tab-title-natural-organic-ingredients\">Ingr\u00e9dients Naturels\/Biologiques<\/h3>\n<p><strong> huile jojoba<\/strong> <i><em>(Simmondsia Chinensis)<\/em><\/i> &#8211; L&rsquo;huile de jojoba recouvre les l\u00e8vres et les joues de toutes les formes solubles de nutriments et de vitamine E. Cet hydratant naturels&rsquo;harmonise avec votre peau car c&rsquo;est ce que la nature offre de plus proche du s\u00e9bum de notre teint.<\/p>\n<p><strong>Cire d&rsquo;abeille<\/strong> <i><em>(Cera Alba)<\/em><\/i><i><em> &#8211; <\/em><\/i>Les abeilles bourdonnent avec une cire protectrice et poreuse qui retient l&rsquo;humidit\u00e9 et emp\u00eache les toxines d&rsquo;entrer. La cire d&rsquo;abeille forme un rev\u00eatement lisse et invisible sur vos l\u00e8vres, constituant une barri\u00e8re nourrissante contre les \u00e9l\u00e9ments agressifs.<\/p>\n<p><strong>Bois de santal royal hawa\u00efen<\/strong> (<i><em>Santalum Freycinetianum<\/em><\/i>) &#8211; C&rsquo;est notre bois de santal le plus r\u00eaveur et le plus cr\u00e9meux! R\u00e9colt\u00e9e de mani\u00e8re extr\u00eamement \u00e9thique dans le cadre d&rsquo;un projet de reforestation durable \u00e0 Hawa\u00ef, cette essence exquise est disponible pour la premi\u00e8re fois depuis plus de 200 ans. Cette distillation est une huile \u00e9th\u00e9r\u00e9e et cors\u00e9e qui chuchote la sagesse de son h\u00f4te majestueux, le bois de c\u0153ur ancien. Cet ar\u00f4me onctueux du bois de santal est la substance la plus v\u00e9n\u00e9r\u00e9e pour la m\u00e9diation depuis l&rsquo;antiquit\u00e9 &#8211; une seule bouff\u00e9e de cette exhalaison exalt\u00e9e de l&rsquo;arbre de santal \u00e9l\u00e8vera votre esprit \u00e0 la noblesse.<\/p>\n<p><strong>P\u00e9tales de Tub\u00e9reuse<\/strong> <i><em>(<\/em><\/i><i><em>Polianthes Tuberosa)<\/em><\/i><i><em> &#8211; <\/em><\/i>Tantalizing Tuberose est l&rsquo;une des essences les plus rares et les plus recherch\u00e9es au monde pour son ar\u00f4me capiteux de miel et de fleur qui d\u00e9gage \u00e9galement un souffle frais de chypre balsamique. Nomm\u00e9e d&rsquo;apr\u00e8s la forme tubulaire des racines de la tub\u00e9reuse, l&rsquo;absolue de tub\u00e9reuse est connue dans la l\u00e9gende des Indes orientales comme la \u00ab\u00a0ma\u00eetresse de la nuit\u00a0\u00bb en raison de ses puissantes propri\u00e9t\u00e9s de philtre d&rsquo;amour. Cette huile produit un parfum floral sulfureux et euphorique qui est utilis\u00e9 dans certains des parfums les plus exquis du monde. Les Hawa\u00efens continuent d&rsquo;utiliser la tub\u00e9reuse pour ajouter des fleurs odorantes aux leis hawa\u00efens traditionnels.<\/p>\n<p><strong>Jasmin<\/strong> (<i><em>Jasminum Sambac<\/em><\/i>) &#8211; Juicy Jasmine est fabriqu\u00e9 \u00e0 l&rsquo;\u00e9tat sauvage en Inde, puis\u00e9 dans les profondeurs odorantes des fleurs de jasmin sambac \u00e0 floraison nocturne. Contrairement au jasmin grandiflorum, qui ouvre ses p\u00e9tales \u00e0 l&rsquo;aube, le jasmin Sambac communie avec le myst\u00e8re de la lune et des \u00e9toiles, capturant l&rsquo;essence parfum\u00e9e des nuits chaudes sans fin.<\/p>\n<p><strong>\u0152illet<\/strong> <i><em>(<\/em><\/i><i><em>Dianthus Caryophyllus<\/em><\/i><i><em>) <\/em><\/i><i><em>&#8211; <\/em><\/i>Miel, \u00e9pices, et tout ce qui est agr\u00e9able! Captivating Carnation exhale des notes de miel, d&rsquo;\u00e9pices florales-framboises, et un souffle de lilas-languette, le tout envelopp\u00e9 d&rsquo;une po\u00e9sie rose p\u00e2le. Les effets euphoriques de l&rsquo;Absolu d&rsquo;\u0153illet transformeront une journ\u00e9e ennuyeuse en un jeu agr\u00e9able.<\/p>\n<p><strong>Ylang Ylang<\/strong> <i><em>(<\/em><\/i><i><em>Cananga Odorata<\/em><\/i><i><em>) &#8211; <\/em><\/i>Les fleurs d&rsquo;ylang ylang ouvrent leurs p\u00e9tales sur le ciel nocturne \u00e9tincelant, s&rsquo;abreuvant de la lumi\u00e8re des \u00e9toiles comme du lait de coco sucr\u00e9. L&rsquo;essence r\u00eaveuse de l&rsquo;ylang ylang prot\u00e8ge les l\u00e8vres contre les paroles n\u00e9gatives, la col\u00e8re ou la peur.<\/p>\n<p><strong>Champa dor\u00e9<\/strong> <i><em>(Magnolia Champaca) &#8211; <\/em><\/i>L&rsquo;essence de cette magnifique fleur lib\u00e8re des guirlandes d&rsquo;une beaut\u00e9 inspir\u00e9e. Avec des notes r\u00e9confortantes de bois de santal et de magnolia, le champa dor\u00e9 suscite des sentiments de d\u00e9votion joyeuse.<\/p>\n<p><strong>Racine de pierre<\/strong> <i><em>(Collinsonia Canadensis L.)<\/em><\/i> &#8211; Cette herbe exploite les pouvoirs imp\u00e9n\u00e9trables des racines juteuses cultiv\u00e9es sous les fleurs de la terre. La racine de pierre soulage les l\u00e8vres des rougeurs et des gonflements, tout en apaisant, calmant et clarifiant la peau gr\u00e2ce \u00e0 son action tonifiante.<\/p>\n<p><strong>Mica<\/strong> <i><em>(<\/em><\/i><i><em>phyllosilicate Min\u00e9raux)<\/em><\/i> &#8211; Brillez comme l&rsquo;\u00e9toile que vous \u00eates! Le mica est compos\u00e9 de pierres pr\u00e9cieuses concass\u00e9es qui refl\u00e8tent la lumi\u00e8re de la sc\u00e8ne, la lumi\u00e8re naturel et les ampoules clignotantes des paparazzi. Pointez vos orteils et souriez aux cam\u00e9ras alors que des min\u00e9raux de mica cristallis\u00e9s exhalent votre luminescence int\u00e9rieure &#8211; et ext\u00e9rieure.<\/p>\n<p><img fetchpriority=\"high\" decoding=\"async\" class=\"size-medium wp-image-68103 aligncenter\" src=\"https:\/\/dutchhealthstore.com\/wp-content\/uploads\/2018\/02\/Living-Libations-Organic-Logo-800x89.png\" alt=\"Living Libations - Organic Logo\" width=\"800\" height=\"89\" srcset=\"https:\/\/dutchhealthstore.com\/wp-content\/uploads\/2018\/02\/Living-Libations-Organic-Logo-800x89.png 800w, https:\/\/dutchhealthstore.com\/wp-content\/uploads\/2018\/02\/Living-Libations-Organic-Logo-510x57.png 510w, https:\/\/dutchhealthstore.com\/wp-content\/uploads\/2018\/02\/Living-Libations-Organic-Logo-768x85.png 768w, https:\/\/dutchhealthstore.com\/wp-content\/uploads\/2018\/02\/Living-Libations-Organic-Logo.png 1400w\" sizes=\"(max-width: 800px) 100vw, 800px\" \/><\/p>\n","protected":false},"excerpt":{"rendered":"<p>Living Libations Ballet Slipper Shimmer embrasse des l\u00e8vres lustr\u00e9es avec l&rsquo;essence hydratante du satin chatoyant et l&rsquo;\u00e9clat subtil des chaussons roses d&rsquo;une ballerine.<\/p>\n<p>Enveloppez vos l\u00e8vres d&rsquo;un \u00e9clat chatoyant, d&rsquo;un rose pastel, pour une moue parfaitement primaire!<\/p>\n<p><strong>Ballet Slipper Shimmer<\/strong> se faufile sur des l\u00e8vres brillantes et met la peau en valeur gr\u00e2ce \u00e0 de magnifiques infusions d&rsquo;huile de jojoba riche en humidit\u00e9, de cire d&rsquo;abeille g\u00e9n\u00e9reuse et d&rsquo;un fascinant m\u00e9lange floral qui fait pirouetter des p\u00e9tales de tub\u00e9reuse, de jasmin, d&rsquo;ylang et d&rsquo;\u0153illet. Ce brillant \u00e0 l\u00e8vres soyeux et lisse est carr\u00e9ment d\u00e9bordant de fontaines de fleurs &#8211; vous pouvez donc \u00eatre transport\u00e9e dans un paradis rose pastel chaque fois que vous l&rsquo;appliquez!<\/p>\n","protected":false},"featured_media":118969,"comment_status":"open","ping_status":"closed","template":"","meta":[],"product_brand":[],"product_cat":[14733,6142,5979,1211,1036,4047,1209,1030,1010,4046,5902,2985,1156],"product_tag":[21695,21803,6247,9769,4864,21694],"class_list":{"0":"post-105624","1":"product","2":"type-product","3":"status-publish","4":"has-post-thumbnail","6":"product_cat-soins-de-la-peau","7":"product_cat-cheeks-fr-2","8":"product_cat-lips-fr-3","9":"product_cat-living-libations-france","10":"product_cat-maquillage","11":"product_cat-maquillage-fr-2","12":"product_cat-par-marques","13":"product_cat-par-produits","14":"product_cat-notre-boutique","15":"product_cat-soins-des-levres","16":"product_cat-eye-lip-care-fr-2","17":"product_cat-visage-fr","18":"product_cat-eyes-fr-2","19":"product_tag-baume-a-levres","20":"product_tag-brillant-a-levres","21":"product_tag-make-up-fr","22":"product_tag-moisturizer-fr","23":"product_tag-skin-fr","24":"product_tag-soin-des-levres","25":"pa_brand-livinglibations-fr","26":"pa_gtin-7439657274268-fr-2","27":"pa_make-up-productype-cheeks-fr","28":"pa_make-up-productype-lips-fr","29":"pa_make-up-productype-eyes-fr","30":"pa_size-6-ml-fr","31":"pa_skincare-type-lips-eye-care-fr","33":"first","34":"instock","35":"taxable","36":"shipping-taxable","37":"purchasable","38":"product-type-simple"},"bundled_by":[],"bundle_stock_status":"instock","bundle_stock_quantity":7,"bundle_virtual":false,"bundle_layout":"","bundle_add_to_cart_form_location":"","bundle_editable_in_cart":false,"bundle_sold_individually_context":"","bundle_item_grouping":"","bundle_min_size":"","bundle_max_size":"","bundle_price":[],"bundled_items":[],"bundle_sell_ids":[142500],"atum_controlled":true,"out_stock_date":null,"out_stock_threshold":null,"inheritable":false,"stock_on_hold":2,"sold_today":0,"sales_last_days":0,"out_stock_days":0,"lost_sales":0,"update_date":"2026-04-13T10:08:46","atum_locations":[],"atum_stock_status":"instock","restock_status":false,"low_stock_amount":"","sales_update_date":"2026-04-13T10:08:46","calc_backorders":null,"group_of_quantity":0,"min_quantity":0,"max_quantity":"","exclude_order_quantity_value_rules":"no","exclude_category_quantity_rules":"no","combine_variations":"no","yoast_head":"<!-- This site is optimized with the Yoast SEO Premium plugin v26.5 (Yoast SEO v26.5) - https:\/\/yoast.com\/wordpress\/plugins\/seo\/ -->\n<title>Ballet Slipper Shimmer | Living Libations<\/title>\n<meta name=\"description\" content=\"Living Libations Ballet Slipper Lip Shimmer embrasse des l\u00e8vres lustr\u00e9es avec l&#039;essence hydratante du satin chatoyant et l&#039;\u00e9clat subtil des chaussons roses d&#039;une ballerine.\" \/>\n<meta name=\"robots\" content=\"index, follow, max-snippet:-1, max-image-preview:large, max-video-preview:-1\" \/>\n<link rel=\"canonical\" href=\"https:\/\/dutchhealthstore.com\/fr\/product\/ballet-slipper-shimmer\/\" \/>\n<meta property=\"og:locale\" content=\"fr_FR\" \/>\n<meta property=\"og:type\" content=\"article\" \/>\n<meta property=\"og:title\" content=\"Ballet Slipper Shimmer - Dutch Health Store\" \/>\n<meta property=\"og:description\" content=\"Living Libations Ballet Slipper Lip Shimmer embrasse des l\u00e8vres lustr\u00e9es avec l&#039;essence hydratante du satin chatoyant et l&#039;\u00e9clat subtil des chaussons roses d&#039;une ballerine.\" \/>\n<meta property=\"og:url\" content=\"https:\/\/dutchhealthstore.com\/fr\/product\/ballet-slipper-shimmer\/\" \/>\n<meta property=\"og:site_name\" content=\"Dutch Health Store\" \/>\n<meta property=\"article:publisher\" content=\"https:\/\/www.instagram.com\/dutchhealthstore\/\" \/>\n<meta property=\"article:modified_time\" content=\"2026-03-07T13:10:45+00:00\" \/>\n<meta property=\"og:image\" content=\"https:\/\/dutchhealthstore.com\/wp-content\/uploads\/2020\/01\/Ballet-Slipper-Shimmer-Living-Libations-e1597139201963.jpg\" \/>\n\t<meta property=\"og:image:width\" content=\"500\" \/>\n\t<meta property=\"og:image:height\" content=\"500\" \/>\n\t<meta property=\"og:image:type\" content=\"image\/jpeg\" \/>\n<meta name=\"twitter:card\" content=\"summary_large_image\" \/>\n<meta name=\"twitter:label1\" content=\"Prix\" \/>\n\t<meta name=\"twitter:data1\" content=\"&euro;33,00\" \/>\n\t<meta name=\"twitter:label2\" content=\"Disponibilit\u00e9\" \/>\n\t<meta name=\"twitter:data2\" content=\"En stock\" \/>\n<script type=\"application\/ld+json\" class=\"yoast-schema-graph\">{\"@context\":\"https:\/\/schema.org\",\"@graph\":[{\"@type\":\"WebPage\",\"@id\":\"https:\/\/dutchhealthstore.com\/fr\/product\/ballet-slipper-shimmer\/\",\"url\":\"https:\/\/dutchhealthstore.com\/fr\/product\/ballet-slipper-shimmer\/\",\"name\":\"Ballet Slipper Shimmer | Living Libations\",\"isPartOf\":{\"@id\":\"https:\/\/dutchhealthstore.com\/fr\/#website\"},\"primaryImageOfPage\":{\"@id\":\"https:\/\/dutchhealthstore.com\/fr\/product\/ballet-slipper-shimmer\/#primaryimage\"},\"image\":{\"@id\":\"https:\/\/dutchhealthstore.com\/fr\/product\/ballet-slipper-shimmer\/#primaryimage\"},\"thumbnailUrl\":\"https:\/\/dutchhealthstore.com\/wp-content\/uploads\/2020\/01\/Ballet-Slipper-Shimmer-Living-Libations-e1597139201963.jpg\",\"datePublished\":\"2020-01-30T15:54:15+00:00\",\"dateModified\":\"2026-03-07T13:10:45+00:00\",\"description\":\"Living Libations Ballet Slipper Lip Shimmer embrasse des l\u00e8vres lustr\u00e9es avec l'essence hydratante du satin chatoyant et l'\u00e9clat subtil des chaussons roses d'une ballerine.\",\"breadcrumb\":{\"@id\":\"https:\/\/dutchhealthstore.com\/fr\/product\/ballet-slipper-shimmer\/#breadcrumb\"},\"inLanguage\":\"fr-FR\",\"potentialAction\":[{\"@type\":\"ReadAction\",\"target\":[\"https:\/\/dutchhealthstore.com\/fr\/product\/ballet-slipper-shimmer\/\"]}]},{\"@type\":\"ImageObject\",\"inLanguage\":\"fr-FR\",\"@id\":\"https:\/\/dutchhealthstore.com\/fr\/product\/ballet-slipper-shimmer\/#primaryimage\",\"url\":\"https:\/\/dutchhealthstore.com\/wp-content\/uploads\/2020\/01\/Ballet-Slipper-Shimmer-Living-Libations-e1597139201963.jpg\",\"contentUrl\":\"https:\/\/dutchhealthstore.com\/wp-content\/uploads\/2020\/01\/Ballet-Slipper-Shimmer-Living-Libations-e1597139201963.jpg\",\"width\":500,\"height\":500,\"caption\":\"Ballet Slipper Shimmer Living Libations\"},{\"@type\":\"BreadcrumbList\",\"@id\":\"https:\/\/dutchhealthstore.com\/fr\/product\/ballet-slipper-shimmer\/#breadcrumb\",\"itemListElement\":[{\"@type\":\"ListItem\",\"position\":1,\"name\":\"Home\",\"item\":\"https:\/\/dutchhealthstore.com\/fr\/\"},{\"@type\":\"ListItem\",\"position\":2,\"name\":\"Shop\",\"item\":\"https:\/\/dutchhealthstore.com\/fr\/shop\/\"},{\"@type\":\"ListItem\",\"position\":3,\"name\":\"Ballet Slipper Shimmer\"}]},{\"@type\":\"WebSite\",\"@id\":\"https:\/\/dutchhealthstore.com\/fr\/#website\",\"url\":\"https:\/\/dutchhealthstore.com\/fr\/\",\"name\":\"Dutch Health Store\",\"description\":\"Enhance Your Beauty with Organic &amp; Natural Skincare\",\"publisher\":{\"@id\":\"https:\/\/dutchhealthstore.com\/fr\/#organization\"},\"potentialAction\":[{\"@type\":\"SearchAction\",\"target\":{\"@type\":\"EntryPoint\",\"urlTemplate\":\"https:\/\/dutchhealthstore.com\/fr\/?s={search_term_string}\"},\"query-input\":{\"@type\":\"PropertyValueSpecification\",\"valueRequired\":true,\"valueName\":\"search_term_string\"}}],\"inLanguage\":\"fr-FR\"},{\"@type\":\"Organization\",\"@id\":\"https:\/\/dutchhealthstore.com\/fr\/#organization\",\"name\":\"Dutch Health Store\",\"url\":\"https:\/\/dutchhealthstore.com\/fr\/\",\"logo\":{\"@type\":\"ImageObject\",\"inLanguage\":\"fr-FR\",\"@id\":\"https:\/\/dutchhealthstore.com\/fr\/#\/schema\/logo\/image\/\",\"url\":\"https:\/\/dutchhealthstore.com\/wp-content\/uploads\/2020\/08\/logo-dutchhealthstore-jpg-e1599484957574.jpg\",\"contentUrl\":\"https:\/\/dutchhealthstore.com\/wp-content\/uploads\/2020\/08\/logo-dutchhealthstore-jpg-e1599484957574.jpg\",\"width\":400,\"height\":62,\"caption\":\"Dutch Health Store\"},\"image\":{\"@id\":\"https:\/\/dutchhealthstore.com\/fr\/#\/schema\/logo\/image\/\"},\"sameAs\":[\"https:\/\/www.instagram.com\/dutchhealthstore\/\",\"https:\/\/www.facebook.com\/dutchhealthstore\"]}]}<\/script>\n<meta property=\"product:brand\" content=\"Living Libations\" \/>\n<meta property=\"product:price:amount\" content=\"33.00\" \/>\n<meta property=\"product:price:currency\" content=\"EUR\" \/>\n<meta property=\"og:availability\" content=\"instock\" \/>\n<meta property=\"product:availability\" content=\"instock\" \/>\n<meta property=\"product:condition\" content=\"new\" \/>\n<!-- \/ Yoast SEO Premium plugin. -->","yoast_head_json":{"title":"Ballet Slipper Shimmer | Living Libations","description":"Living Libations Ballet Slipper Lip Shimmer embrasse des l\u00e8vres lustr\u00e9es avec l'essence hydratante du satin chatoyant et l'\u00e9clat subtil des chaussons roses d'une ballerine.","robots":{"index":"index","follow":"follow","max-snippet":"max-snippet:-1","max-image-preview":"max-image-preview:large","max-video-preview":"max-video-preview:-1"},"canonical":"https:\/\/dutchhealthstore.com\/fr\/product\/ballet-slipper-shimmer\/","og_locale":"fr_FR","og_type":"article","og_title":"Ballet Slipper Shimmer - Dutch Health Store","og_description":"Living Libations Ballet Slipper Lip Shimmer embrasse des l\u00e8vres lustr\u00e9es avec l'essence hydratante du satin chatoyant et l'\u00e9clat subtil des chaussons roses d'une ballerine.","og_url":"https:\/\/dutchhealthstore.com\/fr\/product\/ballet-slipper-shimmer\/","og_site_name":"Dutch Health Store","article_publisher":"https:\/\/www.instagram.com\/dutchhealthstore\/","article_modified_time":"2026-03-07T13:10:45+00:00","og_image":[{"width":500,"height":500,"url":"https:\/\/dutchhealthstore.com\/wp-content\/uploads\/2020\/01\/Ballet-Slipper-Shimmer-Living-Libations-e1597139201963.jpg","type":"image\/jpeg"}],"twitter_card":"summary_large_image","twitter_misc":{"Prix":"&euro;33,00","Disponibilit\u00e9":"En stock"},"schema":{"@context":"https:\/\/schema.org","@graph":[{"@type":"WebPage","@id":"https:\/\/dutchhealthstore.com\/fr\/product\/ballet-slipper-shimmer\/","url":"https:\/\/dutchhealthstore.com\/fr\/product\/ballet-slipper-shimmer\/","name":"Ballet Slipper Shimmer | Living Libations","isPartOf":{"@id":"https:\/\/dutchhealthstore.com\/fr\/#website"},"primaryImageOfPage":{"@id":"https:\/\/dutchhealthstore.com\/fr\/product\/ballet-slipper-shimmer\/#primaryimage"},"image":{"@id":"https:\/\/dutchhealthstore.com\/fr\/product\/ballet-slipper-shimmer\/#primaryimage"},"thumbnailUrl":"https:\/\/dutchhealthstore.com\/wp-content\/uploads\/2020\/01\/Ballet-Slipper-Shimmer-Living-Libations-e1597139201963.jpg","datePublished":"2020-01-30T15:54:15+00:00","dateModified":"2026-03-07T13:10:45+00:00","description":"Living Libations Ballet Slipper Lip Shimmer embrasse des l\u00e8vres lustr\u00e9es avec l'essence hydratante du satin chatoyant et l'\u00e9clat subtil des chaussons roses d'une ballerine.","breadcrumb":{"@id":"https:\/\/dutchhealthstore.com\/fr\/product\/ballet-slipper-shimmer\/#breadcrumb"},"inLanguage":"fr-FR","potentialAction":[{"@type":"ReadAction","target":["https:\/\/dutchhealthstore.com\/fr\/product\/ballet-slipper-shimmer\/"]}]},{"@type":"ImageObject","inLanguage":"fr-FR","@id":"https:\/\/dutchhealthstore.com\/fr\/product\/ballet-slipper-shimmer\/#primaryimage","url":"https:\/\/dutchhealthstore.com\/wp-content\/uploads\/2020\/01\/Ballet-Slipper-Shimmer-Living-Libations-e1597139201963.jpg","contentUrl":"https:\/\/dutchhealthstore.com\/wp-content\/uploads\/2020\/01\/Ballet-Slipper-Shimmer-Living-Libations-e1597139201963.jpg","width":500,"height":500,"caption":"Ballet Slipper Shimmer Living Libations"},{"@type":"BreadcrumbList","@id":"https:\/\/dutchhealthstore.com\/fr\/product\/ballet-slipper-shimmer\/#breadcrumb","itemListElement":[{"@type":"ListItem","position":1,"name":"Home","item":"https:\/\/dutchhealthstore.com\/fr\/"},{"@type":"ListItem","position":2,"name":"Shop","item":"https:\/\/dutchhealthstore.com\/fr\/shop\/"},{"@type":"ListItem","position":3,"name":"Ballet Slipper Shimmer"}]},{"@type":"WebSite","@id":"https:\/\/dutchhealthstore.com\/fr\/#website","url":"https:\/\/dutchhealthstore.com\/fr\/","name":"Dutch Health Store","description":"Enhance Your Beauty with Organic &amp; Natural Skincare","publisher":{"@id":"https:\/\/dutchhealthstore.com\/fr\/#organization"},"potentialAction":[{"@type":"SearchAction","target":{"@type":"EntryPoint","urlTemplate":"https:\/\/dutchhealthstore.com\/fr\/?s={search_term_string}"},"query-input":{"@type":"PropertyValueSpecification","valueRequired":true,"valueName":"search_term_string"}}],"inLanguage":"fr-FR"},{"@type":"Organization","@id":"https:\/\/dutchhealthstore.com\/fr\/#organization","name":"Dutch Health Store","url":"https:\/\/dutchhealthstore.com\/fr\/","logo":{"@type":"ImageObject","inLanguage":"fr-FR","@id":"https:\/\/dutchhealthstore.com\/fr\/#\/schema\/logo\/image\/","url":"https:\/\/dutchhealthstore.com\/wp-content\/uploads\/2020\/08\/logo-dutchhealthstore-jpg-e1599484957574.jpg","contentUrl":"https:\/\/dutchhealthstore.com\/wp-content\/uploads\/2020\/08\/logo-dutchhealthstore-jpg-e1599484957574.jpg","width":400,"height":62,"caption":"Dutch Health Store"},"image":{"@id":"https:\/\/dutchhealthstore.com\/fr\/#\/schema\/logo\/image\/"},"sameAs":["https:\/\/www.instagram.com\/dutchhealthstore\/","https:\/\/www.facebook.com\/dutchhealthstore"]}]},"product_brand":"Living Libations","product_price_amount":"33.00","product_price_currency":"EUR","og_availability":"instock","product_availability":"instock","product_condition":"new"},"_links":{"self":[{"href":"https:\/\/dutchhealthstore.com\/fr\/wp-json\/wp\/v2\/product\/105624","targetHints":{"allow":["GET"]}}],"collection":[{"href":"https:\/\/dutchhealthstore.com\/fr\/wp-json\/wp\/v2\/product"}],"about":[{"href":"https:\/\/dutchhealthstore.com\/fr\/wp-json\/wp\/v2\/types\/product"}],"replies":[{"embeddable":true,"href":"https:\/\/dutchhealthstore.com\/fr\/wp-json\/wp\/v2\/comments?post=105624"}],"wp:featuredmedia":[{"embeddable":true,"href":"https:\/\/dutchhealthstore.com\/fr\/wp-json\/wp\/v2\/media\/118969"}],"wp:attachment":[{"href":"https:\/\/dutchhealthstore.com\/fr\/wp-json\/wp\/v2\/media?parent=105624"}],"wp:term":[{"taxonomy":"product_brand","embeddable":true,"href":"https:\/\/dutchhealthstore.com\/fr\/wp-json\/wp\/v2\/product_brand?post=105624"},{"taxonomy":"product_cat","embeddable":true,"href":"https:\/\/dutchhealthstore.com\/fr\/wp-json\/wp\/v2\/product_cat?post=105624"},{"taxonomy":"product_tag","embeddable":true,"href":"https:\/\/dutchhealthstore.com\/fr\/wp-json\/wp\/v2\/product_tag?post=105624"}],"curies":[{"name":"wp","href":"https:\/\/api.w.org\/{rel}","templated":true}]}}