{"id":105537,"date":"2018-02-10T10:35:15","date_gmt":"2018-02-10T10:35:15","guid":{"rendered":"https:\/\/dutchhealthstore.com\/product\/all-season-serum\/"},"modified":"2026-01-05T16:23:37","modified_gmt":"2026-01-05T15:23:37","slug":"all-season-serum","status":"publish","type":"product","link":"https:\/\/dutchhealthstore.com\/fr\/product\/all-season-serum\/","title":{"rendered":"All Season Serum"},"content":{"rendered":"<p style=\"font-weight: 400;\"><img decoding=\"async\" class=\"size-full wp-image-37041 alignright\" src=\"https:\/\/dutchhealthstore.com\/wp-content\/uploads\/2018\/04\/Living_Libations-1.png\" alt=\"Organic &amp; Natural Beautyproducts - Living Libations\" width=\"175\" height=\"82\"><\/p>\n<p>Ce s\u00e9rum lissant pour toutes les saisons est une boisson profonde de lipides succulents: Le cam\u00e9lia, le jojoba, le bois de santal, la myrrhe, l&rsquo;encens, l&rsquo;immortelle, l&rsquo;ylang, le ciste, la verveine, le fragon et le citron unissent leurs forces pour faire reculer l&rsquo;horloge, soulager les peaux s\u00e8ches, harmoniser l&rsquo;humidit\u00e9, \u00e9quilibrer la production de s\u00e9bum et remonter le moral.<\/p>\n<p>Que vous souhaitiez offrir \u00e0 votre visage un soin tendre, une hydratation r\u00e9paratrice, une protection contre les agressions du dess\u00e8chement ou un pouvoir anti-\u00e2ge, notre All Season Serum est la cl\u00e9 de l&rsquo;harmonie de la peau.<\/p>\n<h3>Comment utiliser<\/h3>\n<p>Appliquez quelques gouttes jour et nuit apr\u00e8s avoir nettoy\u00e9 la peau avec un Best Skin Ever. \u00c9quilibrant pour tous les types de peau.<\/p>\n<p><strong>Taille : 15 ml<\/strong><\/p>\n<h3 class=\"yikes-custom-woo-tab-title yikes-custom-woo-tab-title-natural-organic-ingredients\">Natural\/Organic Ingredients<\/h3>\n<p><b><strong>Cam\u00e9lia <\/strong><\/b><i><em>(<\/em><\/i><i><em>Camellia oleifera)<\/em><\/i> &#8211; L&rsquo;huile de cam\u00e9lia soignante est rapidement absorb\u00e9e par les peaux assoiff\u00e9es et les visages confront\u00e9s aux \u00e9l\u00e9ments et aux forces du temps. Cet \u00e9lixir exclusif regorge d&rsquo;acides gras, dont plus de 80% d&rsquo;acide ol\u00e9ique, dont la composition est similaire \u00e0 celle de l&rsquo;huile d&rsquo;olive, et d&rsquo;antioxydants. Cet \u00e9mollient naturel est r\u00e9put\u00e9 prot\u00e9ger la peau d\u00e9licate du visage face aux \u00e9l\u00e9ments expos\u00e9s.<\/p>\n<p><b><strong>Jojoba <\/strong><\/b><i><em>(<\/em><\/i><i><em>Simmondsia chinensis) <\/em><\/i>&#8211; Le jojoba dor\u00e9 et glorieux nourrit et soigne les peaux assoiff\u00e9es. Jojoba a une capacit\u00e9 in\u00e9gal\u00e9e d&rsquo;hydrater la peau, d&rsquo;\u00e9quilibrer la production d&rsquo;huile, de nettoyer en profondeur les pores et de cr\u00e9er des effets de conditionnement de longue dur\u00e9e qui adoucissent la peau. Il est bourr\u00e9 de peptides et de lipides et contient les plus hauts niveaux de compos\u00e9s ph\u00e9noliques trouv\u00e9s dans la nature, ainsi que des antioxydants et toutes les formes solubles de vitamine E!<\/p>\n<p><b><strong>Bois de santal <\/strong><\/b><i><em>(Santalum album)<\/em><\/i> &#8211; Le bois de santal succulent est utilis\u00e9 depuis des milliers d&rsquo;ann\u00e9es pour clarifier les peaux d\u00e9licates, \u00e9radiquer les infections et rassasier les peaux assoiff\u00e9es et d\u00e9shydrat\u00e9es. Le bois de santal est particuli\u00e8rement adapt\u00e9 \u00e0 la peau du visage, et sert \u00e0 la fois de tonique et d&rsquo;astringent.<\/p>\n<p><b><strong>Myrrhe <\/strong><\/b><i><em>(Commiphora myrrha) &#8211;<\/em><\/i><b><strong> <\/strong><\/b>L&rsquo;huile de myrrhe est utilis\u00e9e comme traitement anti-\u00e2ge pour le visage depuis l&rsquo;\u00e9poque biblique, o\u00f9 elle \u00e9tait appliqu\u00e9e pour traiter les rides et le rel\u00e2chement de la peau. La s\u00e8ve sacr\u00e9e de la myrrhe \u00e9tait \u00e9galement utilis\u00e9e pour traiter l&rsquo;ecz\u00e9ma, la peau s\u00e8che, les inflammations et les ger\u00e7ures.<\/p>\n<p><b><strong>Encens <\/strong><\/b><i><em>(Boswellia carterii)<\/em><\/i> &#8211; L&rsquo;huile d&rsquo;encens \u00e9tait utilis\u00e9e dans l&rsquo;\u00c9gypte ancienne comme masque facial r\u00e9g\u00e9n\u00e9rateur et tonique pour la peau. Aujourd&rsquo;hui, les cicatrices, les ulc\u00e8res cutan\u00e9s, le vieillissement de la peau, la peau s\u00e8che et la peau enflamm\u00e9e sont tous couramment trait\u00e9s avec l&rsquo;encens sacr\u00e9, qui contient des propri\u00e9t\u00e9s antiseptiques et astringentes. En plus de ses pouvoirs de renforcement de la peau, notre huile encens hydrodistill\u00e9e peut \u00eatre utilis\u00e9e pour oindre le visage et les glandes pin\u00e9ales pendant la m\u00e9ditation ou les c\u00e9r\u00e9monies sacr\u00e9es.<\/p>\n<p><b><strong>Immortelle <\/strong><\/b><i><em>(Helichrysum italicum) &#8211;<\/em><\/i><b><strong> <\/strong><\/b>Notre huile essentielle huile immortelle est l&rsquo;un des ingr\u00e9dients de soins de la peau les plus pr\u00e9cieux et les plus efficaces au monde. L&rsquo;immortelle est r\u00e9put\u00e9e r\u00e9g\u00e9n\u00e9rer et reconstituer une peau saine tout en purifiant les pores et en att\u00e9nuant l&rsquo;apparence des cicatrices, des taches, des imperfections et des in\u00e9galit\u00e9s du teint. Il pr\u00e9sente \u00e9galement des avantages \u00e9motionnels \u00e9poustouflants. Une bouff\u00e9e d&rsquo;Immortelle peut \u00e9lever l&rsquo;esprit et rendre possible une compr\u00e9hension transcendante.<\/p>\n<p><b><strong>Ylang <\/strong><\/b><i><em>(Cananga adorata) <\/em><\/i>&#8211; L&rsquo;hydratant le plus adaptog\u00e8ne de la nature, l&rsquo;huile essentielle huile ylang apporte un \u00e9quilibre aux peaux grasses et s\u00e8ches. Il nettoie les pores, r\u00e9gule la production de s\u00e9bum, d\u00e9tend les muscles du visage et att\u00e9nue l&rsquo;apparence des cicatrices. Son parfum joyeux et floral embrasse les joues et invite la peau radieuse \u00e0 sortir et \u00e0 jouer.<\/p>\n<p><b><strong>Verveine citronn\u00e9e <\/strong><\/b><i><em>(<\/em><\/i><i><em>Aloysia citrodora) &#8211; <\/em><\/i>La verveine citronn\u00e9e est un r\u00eave de fra\u00eecheur d&rsquo;agrumes qui donne du peps \u00e0 la plante. En plus de son parfum ensoleill\u00e9 et stimulant qui am\u00e9liore l&rsquo;humeur, la verveine citronn\u00e9e am\u00e9liore l&rsquo;apparence de la peau vieillie pr\u00e9matur\u00e9ment. Il est particuli\u00e8rement adapt\u00e9 pour att\u00e9nuer les rougeurs, les poches et les d\u00e9s\u00e9quilibres.<\/p>\n<p><b><strong>Fragonia <\/strong><\/b><i><em>(<\/em><\/i><i><em>Agonis fragrans) &#8211;<\/em><\/i><b><strong> <\/strong><\/b>Le parfum Fragonia r\u00e9tablit l&rsquo;\u00e9quilibre de la peau d\u00e9licate et des esprits d\u00e9licats. Nourrissante et \u00e9quilibrante, cette huile herbac\u00e9e et parfum\u00e9e aux agrumes favorise l&rsquo;harmonie.<\/p>\n<p><b><strong>Ciste ladanif\u00e8re <\/strong><\/b><i><em>(Cistus ladanifer) <\/em><\/i>&#8211; Le ciste est un puissant astringent naturel couramment utilis\u00e9 pour r\u00e9g\u00e9n\u00e9rer les cellules de la peau, traiter les blessures et apaiser les peaux enflamm\u00e9es. Le ciste donne \u00e0 notre s\u00e9rum All Season son air enjou\u00e9, offrant une \u00e9nergie rafra\u00eechissante et revitalisante qui \u00e9veille les sens.<\/p>\n<p><strong><span class=\"ll-product-ingredient-first\">Citron <\/span><\/strong><span class=\"ll-product-ingredient-first\">(<\/span><em><span class=\"ll-product-ingredient-second\">Citrus limon)<i> <\/i>\u2013 <\/span><\/em> <span class=\"ll-product-ingredient-second\">Le citron \u00e9clatant clarifie, dynamise et purifie la peau de la t\u00eate aux pieds. Il est excellent dans les nettoyants pour l&rsquo;acn\u00e9 et les bosses. Le citron tonifie, raffermit et donne de l&rsquo;\u00e9lasticit\u00e9 \u00e0 la peau.<\/span><\/p>\n<p><img fetchpriority=\"high\" decoding=\"async\" class=\"size-full wp-image-31577 aligncenter\" src=\"https:\/\/dutchhealthstore.com\/wp-content\/uploads\/2018\/03\/organic_big.png\" alt=\"Organic and Natural - Living Libations\" width=\"623\" height=\"103\" srcset=\"https:\/\/dutchhealthstore.com\/wp-content\/uploads\/2018\/03\/organic_big.png 623w, https:\/\/dutchhealthstore.com\/wp-content\/uploads\/2018\/03\/organic_big-510x84.png 510w, https:\/\/dutchhealthstore.com\/wp-content\/uploads\/2018\/03\/organic_big-600x99.png 600w, https:\/\/dutchhealthstore.com\/wp-content\/uploads\/2018\/03\/organic_big-350x58.png 350w\" sizes=\"(max-width: 623px) 100vw, 623px\" \/><\/p>\n","protected":false},"excerpt":{"rendered":"<p style=\"font-weight: 400;\">Oignez votre visage avec la gr\u00e2ce clarifiante! Le <strong>All Season Serum<\/strong> Living Libations est un \u00e9lixir \u00e9l\u00e9gant pour toutes les peaux au fil des saisons. Cette bouteille \u00e9quilibrante et nourrissante de magie de l&rsquo;hydratation regorge de magnifiques plantes sp\u00e9cialement choisies pour leurs propri\u00e9t\u00e9s sur la peau. Que l&rsquo;hiver ait cisel\u00e9 la s\u00e9cheresse sur vos joues ou que l&rsquo;\u00e9t\u00e9 ait humidifi\u00e9 le semblant de votre peau, ce s\u00e9rum s&rsquo;infiltre pour raviver votre peau.<\/p>\n","protected":false},"featured_media":118939,"comment_status":"open","ping_status":"closed","template":"","meta":[],"product_brand":[],"product_cat":[1211,1209,1030,5107,5711,5673,5710,5627,5709,5121,1229,5712,5714,5715,5716,4240,5713,4049,1010,14733,2985],"product_tag":[9769,6032,4864],"class_list":{"0":"post-105537","1":"product","2":"type-product","3":"status-publish","4":"has-post-thumbnail","6":"product_cat-living-libations-france","7":"product_cat-par-marques","8":"product_cat-par-produits","9":"product_cat-by-skin-type-fr-4","10":"product_cat-oily-skin-clogged-pores-fr-5","11":"product_cat-oily-skin-clogged-pores-fr","12":"product_cat-normal-or-combination-skin-fr-4","13":"product_cat-normal-or-combination-skin-fr-2","14":"product_cat-dry-mature-ageing-skin-fr-4","15":"product_cat-dry-mature-ageing-skin-fr-2","16":"product_cat-sensitive-skin-redness-fr","17":"product_cat-sensitive-skin-redness-fr-3","18":"product_cat-serums-fr-3","19":"product_cat-serums-fr-4","20":"product_cat-serums-fr-5","21":"product_cat-serums-fr-2","22":"product_cat-serums-fr","23":"product_cat-serums-et-hydratant","24":"product_cat-notre-boutique","25":"product_cat-soins-de-la-peau","26":"product_cat-visage-fr","27":"product_tag-moisturizer-fr","28":"product_tag-serum-fr","29":"product_tag-skin-fr","30":"pa_brand-livinglibations-fr","31":"pa_size-15-ml-fr","32":"pa_skincare-type-face-oil-and-serums-fr","33":"pa_skintype-oily-skin-fr","34":"pa_skintype-normal-combination-skin-fr","35":"pa_skintype-dry-mature-ageing-skin-fr","36":"pa_skintype-sensitive-skin-redness-fr","38":"first","39":"instock","40":"taxable","41":"shipping-taxable","42":"purchasable","43":"product-type-simple"},"bundled_by":[],"bundle_stock_status":"instock","bundle_stock_quantity":5,"bundle_virtual":false,"bundle_layout":"","bundle_add_to_cart_form_location":"","bundle_editable_in_cart":false,"bundle_sold_individually_context":"","bundle_item_grouping":"","bundle_min_size":"","bundle_max_size":"","bundle_price":[],"bundled_items":[],"bundle_sell_ids":[107695],"atum_controlled":true,"out_stock_date":null,"out_stock_threshold":null,"inheritable":false,"stock_on_hold":0,"sold_today":0,"sales_last_days":0,"out_stock_days":0,"lost_sales":0,"update_date":"2026-05-01T08:05:13","atum_locations":[],"atum_stock_status":"instock","restock_status":false,"low_stock_amount":"","sales_update_date":"2026-05-01T08:05:13","calc_backorders":null,"group_of_quantity":0,"min_quantity":0,"max_quantity":"","exclude_order_quantity_value_rules":"no","exclude_category_quantity_rules":"no","combine_variations":"no","yoast_head":"<!-- This site is optimized with the Yoast SEO Premium plugin v26.5 (Yoast SEO v26.5) - https:\/\/yoast.com\/wordpress\/plugins\/seo\/ -->\n<title>All Season Serum | Living Libations<\/title>\n<meta name=\"description\" content=\"Oignez votre visage avec la gr\u00e2ce clarifiante! Le s\u00e9rum toutes saisons Living Libations est un \u00e9lixir \u00e9l\u00e9gant pour toutes les peaux au fil des saisons.\" \/>\n<meta name=\"robots\" content=\"index, follow, max-snippet:-1, max-image-preview:large, max-video-preview:-1\" \/>\n<link rel=\"canonical\" href=\"https:\/\/dutchhealthstore.com\/fr\/product\/all-season-serum\/\" \/>\n<meta property=\"og:locale\" content=\"fr_FR\" \/>\n<meta property=\"og:type\" content=\"article\" \/>\n<meta property=\"og:title\" content=\"All Season Serum - Dutch Health Store\" \/>\n<meta property=\"og:description\" content=\"Oignez votre visage avec la gr\u00e2ce clarifiante! Le s\u00e9rum toutes saisons Living Libations est un \u00e9lixir \u00e9l\u00e9gant pour toutes les peaux au fil des saisons.\" \/>\n<meta property=\"og:url\" content=\"https:\/\/dutchhealthstore.com\/fr\/product\/all-season-serum\/\" \/>\n<meta property=\"og:site_name\" content=\"Dutch Health Store\" \/>\n<meta property=\"article:publisher\" content=\"https:\/\/www.instagram.com\/dutchhealthstore\/\" \/>\n<meta property=\"article:modified_time\" content=\"2026-01-05T15:23:37+00:00\" \/>\n<meta property=\"og:image\" content=\"https:\/\/dutchhealthstore.com\/wp-content\/uploads\/2018\/02\/All-Season-Serum-Living-Libations-1-e1597136428103.jpg\" \/>\n\t<meta property=\"og:image:width\" content=\"500\" \/>\n\t<meta property=\"og:image:height\" content=\"500\" \/>\n\t<meta property=\"og:image:type\" content=\"image\/jpeg\" \/>\n<meta name=\"twitter:card\" content=\"summary_large_image\" \/>\n<meta name=\"twitter:label1\" content=\"Prix\" \/>\n\t<meta name=\"twitter:data1\" content=\"&euro;56,00\" \/>\n\t<meta name=\"twitter:label2\" content=\"Disponibilit\u00e9\" \/>\n\t<meta name=\"twitter:data2\" content=\"En stock\" \/>\n<script type=\"application\/ld+json\" class=\"yoast-schema-graph\">{\"@context\":\"https:\/\/schema.org\",\"@graph\":[{\"@type\":\"WebPage\",\"@id\":\"https:\/\/dutchhealthstore.com\/fr\/product\/all-season-serum\/\",\"url\":\"https:\/\/dutchhealthstore.com\/fr\/product\/all-season-serum\/\",\"name\":\"All Season Serum | Living Libations\",\"isPartOf\":{\"@id\":\"https:\/\/dutchhealthstore.com\/fr\/#website\"},\"primaryImageOfPage\":{\"@id\":\"https:\/\/dutchhealthstore.com\/fr\/product\/all-season-serum\/#primaryimage\"},\"image\":{\"@id\":\"https:\/\/dutchhealthstore.com\/fr\/product\/all-season-serum\/#primaryimage\"},\"thumbnailUrl\":\"https:\/\/dutchhealthstore.com\/wp-content\/uploads\/2018\/02\/All-Season-Serum-Living-Libations-1-e1597136428103.jpg\",\"datePublished\":\"2018-02-10T10:35:15+00:00\",\"dateModified\":\"2026-01-05T15:23:37+00:00\",\"description\":\"Oignez votre visage avec la gr\u00e2ce clarifiante! Le s\u00e9rum toutes saisons Living Libations est un \u00e9lixir \u00e9l\u00e9gant pour toutes les peaux au fil des saisons.\",\"breadcrumb\":{\"@id\":\"https:\/\/dutchhealthstore.com\/fr\/product\/all-season-serum\/#breadcrumb\"},\"inLanguage\":\"fr-FR\",\"potentialAction\":[{\"@type\":\"ReadAction\",\"target\":[\"https:\/\/dutchhealthstore.com\/fr\/product\/all-season-serum\/\"]}]},{\"@type\":\"ImageObject\",\"inLanguage\":\"fr-FR\",\"@id\":\"https:\/\/dutchhealthstore.com\/fr\/product\/all-season-serum\/#primaryimage\",\"url\":\"https:\/\/dutchhealthstore.com\/wp-content\/uploads\/2018\/02\/All-Season-Serum-Living-Libations-1-e1597136428103.jpg\",\"contentUrl\":\"https:\/\/dutchhealthstore.com\/wp-content\/uploads\/2018\/02\/All-Season-Serum-Living-Libations-1-e1597136428103.jpg\",\"width\":500,\"height\":500,\"caption\":\"All Season Serum Living Libations\"},{\"@type\":\"BreadcrumbList\",\"@id\":\"https:\/\/dutchhealthstore.com\/fr\/product\/all-season-serum\/#breadcrumb\",\"itemListElement\":[{\"@type\":\"ListItem\",\"position\":1,\"name\":\"Home\",\"item\":\"https:\/\/dutchhealthstore.com\/fr\/\"},{\"@type\":\"ListItem\",\"position\":2,\"name\":\"Shop\",\"item\":\"https:\/\/dutchhealthstore.com\/fr\/shop\/\"},{\"@type\":\"ListItem\",\"position\":3,\"name\":\"All Season Serum\"}]},{\"@type\":\"WebSite\",\"@id\":\"https:\/\/dutchhealthstore.com\/fr\/#website\",\"url\":\"https:\/\/dutchhealthstore.com\/fr\/\",\"name\":\"Dutch Health Store\",\"description\":\"Enhance Your Beauty with Organic &amp; Natural Skincare\",\"publisher\":{\"@id\":\"https:\/\/dutchhealthstore.com\/fr\/#organization\"},\"potentialAction\":[{\"@type\":\"SearchAction\",\"target\":{\"@type\":\"EntryPoint\",\"urlTemplate\":\"https:\/\/dutchhealthstore.com\/fr\/?s={search_term_string}\"},\"query-input\":{\"@type\":\"PropertyValueSpecification\",\"valueRequired\":true,\"valueName\":\"search_term_string\"}}],\"inLanguage\":\"fr-FR\"},{\"@type\":\"Organization\",\"@id\":\"https:\/\/dutchhealthstore.com\/fr\/#organization\",\"name\":\"Dutch Health Store\",\"url\":\"https:\/\/dutchhealthstore.com\/fr\/\",\"logo\":{\"@type\":\"ImageObject\",\"inLanguage\":\"fr-FR\",\"@id\":\"https:\/\/dutchhealthstore.com\/fr\/#\/schema\/logo\/image\/\",\"url\":\"https:\/\/dutchhealthstore.com\/wp-content\/uploads\/2020\/08\/logo-dutchhealthstore-jpg-e1599484957574.jpg\",\"contentUrl\":\"https:\/\/dutchhealthstore.com\/wp-content\/uploads\/2020\/08\/logo-dutchhealthstore-jpg-e1599484957574.jpg\",\"width\":400,\"height\":62,\"caption\":\"Dutch Health Store\"},\"image\":{\"@id\":\"https:\/\/dutchhealthstore.com\/fr\/#\/schema\/logo\/image\/\"},\"sameAs\":[\"https:\/\/www.instagram.com\/dutchhealthstore\/\",\"https:\/\/www.facebook.com\/dutchhealthstore\"]}]}<\/script>\n<meta property=\"product:brand\" content=\"Living Libations\" \/>\n<meta property=\"product:price:amount\" content=\"56.00\" \/>\n<meta property=\"product:price:currency\" content=\"EUR\" \/>\n<meta property=\"og:availability\" content=\"instock\" \/>\n<meta property=\"product:availability\" content=\"instock\" \/>\n<meta property=\"product:condition\" content=\"new\" \/>\n<!-- \/ Yoast SEO Premium plugin. -->","yoast_head_json":{"title":"All Season Serum | Living Libations","description":"Oignez votre visage avec la gr\u00e2ce clarifiante! Le s\u00e9rum toutes saisons Living Libations est un \u00e9lixir \u00e9l\u00e9gant pour toutes les peaux au fil des saisons.","robots":{"index":"index","follow":"follow","max-snippet":"max-snippet:-1","max-image-preview":"max-image-preview:large","max-video-preview":"max-video-preview:-1"},"canonical":"https:\/\/dutchhealthstore.com\/fr\/product\/all-season-serum\/","og_locale":"fr_FR","og_type":"article","og_title":"All Season Serum - Dutch Health Store","og_description":"Oignez votre visage avec la gr\u00e2ce clarifiante! Le s\u00e9rum toutes saisons Living Libations est un \u00e9lixir \u00e9l\u00e9gant pour toutes les peaux au fil des saisons.","og_url":"https:\/\/dutchhealthstore.com\/fr\/product\/all-season-serum\/","og_site_name":"Dutch Health Store","article_publisher":"https:\/\/www.instagram.com\/dutchhealthstore\/","article_modified_time":"2026-01-05T15:23:37+00:00","og_image":[{"width":500,"height":500,"url":"https:\/\/dutchhealthstore.com\/wp-content\/uploads\/2018\/02\/All-Season-Serum-Living-Libations-1-e1597136428103.jpg","type":"image\/jpeg"}],"twitter_card":"summary_large_image","twitter_misc":{"Prix":"&euro;56,00","Disponibilit\u00e9":"En stock"},"schema":{"@context":"https:\/\/schema.org","@graph":[{"@type":"WebPage","@id":"https:\/\/dutchhealthstore.com\/fr\/product\/all-season-serum\/","url":"https:\/\/dutchhealthstore.com\/fr\/product\/all-season-serum\/","name":"All Season Serum | Living Libations","isPartOf":{"@id":"https:\/\/dutchhealthstore.com\/fr\/#website"},"primaryImageOfPage":{"@id":"https:\/\/dutchhealthstore.com\/fr\/product\/all-season-serum\/#primaryimage"},"image":{"@id":"https:\/\/dutchhealthstore.com\/fr\/product\/all-season-serum\/#primaryimage"},"thumbnailUrl":"https:\/\/dutchhealthstore.com\/wp-content\/uploads\/2018\/02\/All-Season-Serum-Living-Libations-1-e1597136428103.jpg","datePublished":"2018-02-10T10:35:15+00:00","dateModified":"2026-01-05T15:23:37+00:00","description":"Oignez votre visage avec la gr\u00e2ce clarifiante! Le s\u00e9rum toutes saisons Living Libations est un \u00e9lixir \u00e9l\u00e9gant pour toutes les peaux au fil des saisons.","breadcrumb":{"@id":"https:\/\/dutchhealthstore.com\/fr\/product\/all-season-serum\/#breadcrumb"},"inLanguage":"fr-FR","potentialAction":[{"@type":"ReadAction","target":["https:\/\/dutchhealthstore.com\/fr\/product\/all-season-serum\/"]}]},{"@type":"ImageObject","inLanguage":"fr-FR","@id":"https:\/\/dutchhealthstore.com\/fr\/product\/all-season-serum\/#primaryimage","url":"https:\/\/dutchhealthstore.com\/wp-content\/uploads\/2018\/02\/All-Season-Serum-Living-Libations-1-e1597136428103.jpg","contentUrl":"https:\/\/dutchhealthstore.com\/wp-content\/uploads\/2018\/02\/All-Season-Serum-Living-Libations-1-e1597136428103.jpg","width":500,"height":500,"caption":"All Season Serum Living Libations"},{"@type":"BreadcrumbList","@id":"https:\/\/dutchhealthstore.com\/fr\/product\/all-season-serum\/#breadcrumb","itemListElement":[{"@type":"ListItem","position":1,"name":"Home","item":"https:\/\/dutchhealthstore.com\/fr\/"},{"@type":"ListItem","position":2,"name":"Shop","item":"https:\/\/dutchhealthstore.com\/fr\/shop\/"},{"@type":"ListItem","position":3,"name":"All Season Serum"}]},{"@type":"WebSite","@id":"https:\/\/dutchhealthstore.com\/fr\/#website","url":"https:\/\/dutchhealthstore.com\/fr\/","name":"Dutch Health Store","description":"Enhance Your Beauty with Organic &amp; Natural Skincare","publisher":{"@id":"https:\/\/dutchhealthstore.com\/fr\/#organization"},"potentialAction":[{"@type":"SearchAction","target":{"@type":"EntryPoint","urlTemplate":"https:\/\/dutchhealthstore.com\/fr\/?s={search_term_string}"},"query-input":{"@type":"PropertyValueSpecification","valueRequired":true,"valueName":"search_term_string"}}],"inLanguage":"fr-FR"},{"@type":"Organization","@id":"https:\/\/dutchhealthstore.com\/fr\/#organization","name":"Dutch Health Store","url":"https:\/\/dutchhealthstore.com\/fr\/","logo":{"@type":"ImageObject","inLanguage":"fr-FR","@id":"https:\/\/dutchhealthstore.com\/fr\/#\/schema\/logo\/image\/","url":"https:\/\/dutchhealthstore.com\/wp-content\/uploads\/2020\/08\/logo-dutchhealthstore-jpg-e1599484957574.jpg","contentUrl":"https:\/\/dutchhealthstore.com\/wp-content\/uploads\/2020\/08\/logo-dutchhealthstore-jpg-e1599484957574.jpg","width":400,"height":62,"caption":"Dutch Health Store"},"image":{"@id":"https:\/\/dutchhealthstore.com\/fr\/#\/schema\/logo\/image\/"},"sameAs":["https:\/\/www.instagram.com\/dutchhealthstore\/","https:\/\/www.facebook.com\/dutchhealthstore"]}]},"product_brand":"Living Libations","product_price_amount":"56.00","product_price_currency":"EUR","og_availability":"instock","product_availability":"instock","product_condition":"new"},"_links":{"self":[{"href":"https:\/\/dutchhealthstore.com\/fr\/wp-json\/wp\/v2\/product\/105537","targetHints":{"allow":["GET"]}}],"collection":[{"href":"https:\/\/dutchhealthstore.com\/fr\/wp-json\/wp\/v2\/product"}],"about":[{"href":"https:\/\/dutchhealthstore.com\/fr\/wp-json\/wp\/v2\/types\/product"}],"replies":[{"embeddable":true,"href":"https:\/\/dutchhealthstore.com\/fr\/wp-json\/wp\/v2\/comments?post=105537"}],"wp:featuredmedia":[{"embeddable":true,"href":"https:\/\/dutchhealthstore.com\/fr\/wp-json\/wp\/v2\/media\/118939"}],"wp:attachment":[{"href":"https:\/\/dutchhealthstore.com\/fr\/wp-json\/wp\/v2\/media?parent=105537"}],"wp:term":[{"taxonomy":"product_brand","embeddable":true,"href":"https:\/\/dutchhealthstore.com\/fr\/wp-json\/wp\/v2\/product_brand?post=105537"},{"taxonomy":"product_cat","embeddable":true,"href":"https:\/\/dutchhealthstore.com\/fr\/wp-json\/wp\/v2\/product_cat?post=105537"},{"taxonomy":"product_tag","embeddable":true,"href":"https:\/\/dutchhealthstore.com\/fr\/wp-json\/wp\/v2\/product_tag?post=105537"}],"curies":[{"name":"wp","href":"https:\/\/api.w.org\/{rel}","templated":true}]}}