{"id":104663,"date":"2018-02-10T09:44:47","date_gmt":"2018-02-10T09:44:47","guid":{"rendered":"https:\/\/dutchhealthstore.com\/product\/petal-passion-yoni-serum\/"},"modified":"2026-03-04T22:07:45","modified_gmt":"2026-03-04T21:07:45","slug":"petal-passion-yoni-serum","status":"publish","type":"product","link":"https:\/\/dutchhealthstore.com\/fr\/product\/petal-passion-yoni-serum\/","title":{"rendered":"Petal Passion Yoni Serum"},"content":{"rendered":"<h3><img decoding=\"async\" class=\"size-full wp-image-69549 alignright\" src=\"https:\/\/dutchhealthstore.com\/wp-content\/uploads\/2019\/08\/NEW-Living-Libations-Logo.jpg\" alt=\"NEW - Living Libations - Logo\" width=\"175\" height=\"82\">Comment utiliser<\/h3>\n<p>Faites un test \u00e9picutan\u00e9 \u00e0 l&rsquo;int\u00e9rieur du coude avant d&rsquo;appliquer sur une peau plus sensible. Il suffit de l&rsquo;appliquer quotidiennement sur la zone de la vulve apr\u00e8s la douche ou le bain pour oindre votre fleur de la f\u00e9minit\u00e9.<\/p>\n<h3>Massage du Yoni<\/h3>\n<p>Le massage du yoni peut \u00eatre pratiqu\u00e9 individuellement ou avec un partenaire. Commencez par avoir les mains propres. Vous allez masser l&rsquo;int\u00e9rieur et l&rsquo;ext\u00e9rieur de votre yoni, vous pouvez donc couper et lisser vos ongles. Appliquez une quantit\u00e9 g\u00e9n\u00e9reuse de s\u00e9rum sur vos doigts et lubrifiez doucement autour de la vulve. <\/p>\n<p><strong>Taille : 30 ml<\/strong><\/p>\n<p><em><strong>Remarque : La forme des flacons de ce produit peut varier, mais le contenu des flacons est toujours de 30 ml.<\/strong><\/em><\/p>\n<h3 class=\"yikes-custom-woo-tab-title yikes-custom-woo-tab-title-natural-organic-ingredients\">Natural\/Organic Ingredients<\/h3>\n<p><b><strong>Jojoba <\/strong><\/b><i><em>(Simmondsia chinensis)<\/em><\/i> &#8211; Le jojoba soyeux purifie vos p\u00e9tales avec des compos\u00e9s adoucissants et des antioxydants nourrissants. Le jojoba conditionne la peau gr\u00e2ce aux vitamines du complexe B et \u00e0 toutes les formes absorbables de vitamine E. Cette huile est remarquablement similaire aux huiles naturel du corps, ce qui en fait le parfait hydratant pour le yoni.<\/p>\n<p><b><strong>Rose Otto <\/strong><\/b><i><em>(Rosa damascene) <\/em><\/i>&#8211; Une rose, quel que soit son nom, est toujours aussi douce! Il en va de m\u00eame pour votre yoni lorsqu&rsquo;elle est entour\u00e9e de la douceur de la pure rose otto, parfaitement accord\u00e9e \u00e0 la fr\u00e9quence de l&rsquo;amour.<\/p>\n<p><b><strong>Ylang <\/strong><\/b><i><em>(Cananga odorata) <\/em><\/i>&#8211; Allumez la passion amoureuse avec l&rsquo;ylang, un aphrodisiaque naturel qui apporte un \u00e9quilibre aux tissus d\u00e9licats. L&rsquo;ylang apporte de l&rsquo;humidit\u00e9 l\u00e0 o\u00f9 elle est le plus n\u00e9cessaire, tout en inspirant la passion et en att\u00e9nuant l&rsquo;anxi\u00e9t\u00e9.<\/p>\n<p><b><strong>Encens <\/strong><\/b><i><em>(Boswellia carteri) &#8211; <\/em><\/i>Le tonique cutan\u00e9 le plus sacr\u00e9 de la nature oint votre jardin de dame avec une r\u00e9v\u00e9rence sacr\u00e9e. Des perles pures et douces d&rsquo;huile d&rsquo;encens embrassent chaque p\u00e9tale avec une sagesse ancienne et une puissance f\u00e9minine sacr\u00e9e.<\/p>\n<p><b><strong>Sauge sclar\u00e9e <\/strong><\/b>(<i><em>Salvia sclarea) &#8211;<\/em><\/i><b><strong> <\/strong><\/b>Cette huile est distill\u00e9e \u00e0 la vapeur \u00e0 partir de l&rsquo;herbe fleurie, ce qui en fait le parfait gardien de votre propre fleur. Ignorant les sentiments d&rsquo;optimisme chaleureux, la sauge sclar\u00e9e tonifie \u00e9galement les tissus.<\/p>\n<p><b><strong>Racine de pierre <\/strong><\/b><i><em>(Lithospermum erythrorhizon) &#8211; <\/em><\/i>Cette herbe aromatique est connue pour \u00eatre incroyablement apaisante pour les tissus d\u00e9licats.<\/p>\n<p><b><strong>Cynorrhodons sauvages<\/strong><\/b> <i><em> (Rosa canina)<\/em><\/i> \u2013 Riches en vitamines A et C, et en acides gras, les cynorrhodons prennent soin de votre yoni avec une r\u00e9v\u00e9rence ros\u00e9e. Les cynorrhodons apaisent les tissus d\u00e9licats de votre jardin en am\u00e9liorant le tonus et l&rsquo;\u00e9lasticit\u00e9. <\/p>\n<p><b><strong>Santal royal d&rsquo;Hawa\u00ef <\/strong><\/b>(<i><em>Santalum paniculatum<\/em><\/i>)<b><strong> <\/strong><\/b>&#8211; Soin de beaut\u00e9 par excellence et symbole de l&rsquo;\u00e9nergie f\u00e9minine, le bois de santal a \u00e9t\u00e9 utilis\u00e9 tout au long de l&rsquo;histoire pour sanctifier le corps et l&rsquo;esprit des femmes. Cette huile riche, au parfum de miel, hydrate vos tissus tout en apaisant les poches et en vous donnant confiance.<\/p>\n<p><b><strong>Camomille <\/strong><\/b>(<i><em>Anthemis nobilis) <\/em><\/i>&#8211;<b><strong> <\/strong><\/b>La camomille apaisante caresse les p\u00e9tales bouffis. Cette huile r\u00e9confortante chante des chansons douces et agr\u00e9ables aux plis d\u00e9licats de votre fleur.<\/p>\n<p><b><strong>Myrte \u00e0 miel <\/strong><\/b><i><em>(Melaleuca uncinata)<\/em><\/i><i><em> <\/em><\/i>&#8211; Qu&rsquo;est-ce qui pourrait \u00eatre plus merveilleux, plus myst\u00e9rieux, que d&rsquo;\u00eatre une femme? Le myrte est la plante ador\u00e9e d&rsquo;Aphrodite, alors c\u00e9l\u00e9brez le caract\u00e8re sacr\u00e9 de votre f\u00e9minit\u00e9 avec l&rsquo;huile de myrte au miel. Cet \u00e9lixir de vie se diffuse dans le jardin de votre \u00eatre. <\/p>\n<p><strong>Millepertuis<\/strong> <em>(Hypericum perforatum)<\/em> &#8211; Au z\u00e9nith de la saison estivale, les fleurs de millepertuis sont ramass\u00e9es \u00e0 juste titre pour presser les p\u00e9tales et les infuser pour leur \u00e9lixir rouge rubis qui est contenu dans de minuscules glandes \u00e0 l&rsquo;int\u00e9rieur de chaque pr\u00e9cieux p\u00e9tale. Cette fleur du solstice ensoleill\u00e9 incarne la d\u00e9tente, la joie et tout ce qui est cher. Les p\u00e9tales de cette fleur jaune vif, en forme d&rsquo;\u00e9toile, sont parsem\u00e9s de glandes r\u00e9sinif\u00e8res qui impr\u00e8gnent un pr\u00e9cieux liquide rouge contenant un \u00e9lixir de long\u00e9vit\u00e9 pour les pr\u00e9parations topiques. Les p\u00e9tales sont cueillis au plus fort de l&rsquo;\u00e9t\u00e9, press\u00e9s et infus\u00e9s dans notre huile de jojoba biologique. Invitez les rayons du soleil \u00e0 entrer dans votre maison, et scellez vos nerfs et votre peau avec cette aide pr\u00e9cieuse \u00e0 base de plantes.<\/p>\n<p><img fetchpriority=\"high\" decoding=\"async\" class=\"aligncenter size-full wp-image-31577\" src=\"https:\/\/dutchhealthstore.com\/wp-content\/uploads\/2018\/03\/organic_big.png\" alt=\"Organic and Natural - Living Libations\" width=\"623\" height=\"103\" srcset=\"https:\/\/dutchhealthstore.com\/wp-content\/uploads\/2018\/03\/organic_big.png 623w, https:\/\/dutchhealthstore.com\/wp-content\/uploads\/2018\/03\/organic_big-510x84.png 510w, https:\/\/dutchhealthstore.com\/wp-content\/uploads\/2018\/03\/organic_big-600x99.png 600w, https:\/\/dutchhealthstore.com\/wp-content\/uploads\/2018\/03\/organic_big-350x58.png 350w\" sizes=\"(max-width: 623px) 100vw, 623px\" \/><\/p>\n","protected":false},"excerpt":{"rendered":"<p>Living libations <strong>Petal Passion Yoni Serum<\/strong> rassasie la peau et \u00e9quilibre la beaut\u00e9 de votre yoni. Prenez soin des tissus d\u00e9licats de votre Lady Garden avec les huiles pures, nourrissantes et biologiques contenues dans ce s\u00e9rum quotidien harmonisant et tonifiant. Le s\u00e9rum Petal Passion Yoni est parfaitement accord\u00e9 \u00e0 la fr\u00e9quence de l&rsquo;amour!<\/p>\n","protected":false},"featured_media":41221,"comment_status":"open","ping_status":"closed","template":"","meta":[],"product_brand":[],"product_cat":[6752,6642,1211,3741,1209,1010,1499,1501,1033],"product_tag":[9603,21826,6032,9716],"class_list":{"0":"post-104663","1":"product","2":"type-product","3":"status-publish","4":"has-post-thumbnail","6":"product_cat-babies-pregnancy-fr-2","7":"product_cat-family-fr","8":"product_cat-living-libations-france","9":"product_cat-loving-lubricants-fr","10":"product_cat-par-marques","11":"product_cat-notre-boutique","12":"product_cat-soins-pour-bebe-living-libations","13":"product_cat-corps-living-libations","14":"product_cat-body-care-fr","15":"product_tag-hydrating-fr","16":"product_tag-intime","17":"product_tag-serum-fr","18":"product_tag-soothing-fr","19":"pa_brand-livinglibations-fr","20":"pa_gtin-7439657336300-fr","21":"pa_size-30-ml-fr","23":"first","24":"instock","25":"taxable","26":"shipping-taxable","27":"purchasable","28":"product-type-simple"},"bundled_by":[],"bundle_stock_status":"instock","bundle_stock_quantity":1,"bundle_virtual":false,"bundle_layout":"","bundle_add_to_cart_form_location":"","bundle_editable_in_cart":false,"bundle_sold_individually_context":"","bundle_item_grouping":"","bundle_min_size":"","bundle_max_size":"","bundle_price":[],"bundled_items":[],"bundle_sell_ids":[230713],"atum_controlled":true,"out_stock_date":null,"out_stock_threshold":null,"inheritable":false,"stock_on_hold":0,"sold_today":0,"sales_last_days":0,"out_stock_days":0,"lost_sales":0,"update_date":"2026-04-05T01:45:36","atum_locations":[],"atum_stock_status":"instock","restock_status":false,"low_stock_amount":"","sales_update_date":"2026-04-05T01:45:36","calc_backorders":null,"group_of_quantity":0,"min_quantity":0,"max_quantity":"","exclude_order_quantity_value_rules":"no","exclude_category_quantity_rules":"no","combine_variations":"no","yoast_head":"<!-- This site is optimized with the Yoast SEO Premium plugin v26.5 (Yoast SEO v26.5) - https:\/\/yoast.com\/wordpress\/plugins\/seo\/ -->\n<title>Petal Passion Yoni Serum - Living Libations<\/title>\n<meta name=\"description\" content=\"Living libations Petal Passion Yoni Serum rassasie la peau et \u00e9quilibre la beaut\u00e9 de votre yoni.\" \/>\n<meta name=\"robots\" content=\"index, follow, max-snippet:-1, max-image-preview:large, max-video-preview:-1\" \/>\n<link rel=\"canonical\" href=\"https:\/\/dutchhealthstore.com\/fr\/product\/petal-passion-yoni-serum\/\" \/>\n<meta property=\"og:locale\" content=\"fr_FR\" \/>\n<meta property=\"og:type\" content=\"article\" \/>\n<meta property=\"og:title\" content=\"Petal Passion Yoni Serum - Dutch Health Store\" \/>\n<meta property=\"og:description\" content=\"Living libations Petal Passion Yoni Serum rassasie la peau et \u00e9quilibre la beaut\u00e9 de votre yoni.\" \/>\n<meta property=\"og:url\" content=\"https:\/\/dutchhealthstore.com\/fr\/product\/petal-passion-yoni-serum\/\" \/>\n<meta property=\"og:site_name\" content=\"Dutch Health Store\" \/>\n<meta property=\"article:publisher\" content=\"https:\/\/www.instagram.com\/dutchhealthstore\/\" \/>\n<meta property=\"article:modified_time\" content=\"2026-03-04T21:07:45+00:00\" \/>\n<meta property=\"og:image\" content=\"https:\/\/dutchhealthstore.com\/wp-content\/uploads\/2018\/02\/Petal-Passion-Yoni-Serum-Living-Libations.jpg\" \/>\n\t<meta property=\"og:image:width\" content=\"510\" \/>\n\t<meta property=\"og:image:height\" content=\"600\" \/>\n\t<meta property=\"og:image:type\" content=\"image\/jpeg\" \/>\n<meta name=\"twitter:card\" content=\"summary_large_image\" \/>\n<meta name=\"twitter:label1\" content=\"Prix\" \/>\n\t<meta name=\"twitter:data1\" content=\"&euro;53,00\" \/>\n\t<meta name=\"twitter:label2\" content=\"Disponibilit\u00e9\" \/>\n\t<meta name=\"twitter:data2\" content=\"En stock\" \/>\n<script type=\"application\/ld+json\" class=\"yoast-schema-graph\">{\"@context\":\"https:\/\/schema.org\",\"@graph\":[{\"@type\":\"WebPage\",\"@id\":\"https:\/\/dutchhealthstore.com\/fr\/product\/petal-passion-yoni-serum\/\",\"url\":\"https:\/\/dutchhealthstore.com\/fr\/product\/petal-passion-yoni-serum\/\",\"name\":\"Petal Passion Yoni Serum - Living Libations\",\"isPartOf\":{\"@id\":\"https:\/\/dutchhealthstore.com\/fr\/#website\"},\"primaryImageOfPage\":{\"@id\":\"https:\/\/dutchhealthstore.com\/fr\/product\/petal-passion-yoni-serum\/#primaryimage\"},\"image\":{\"@id\":\"https:\/\/dutchhealthstore.com\/fr\/product\/petal-passion-yoni-serum\/#primaryimage\"},\"thumbnailUrl\":\"https:\/\/dutchhealthstore.com\/wp-content\/uploads\/2018\/02\/Petal-Passion-Yoni-Serum-Living-Libations.jpg\",\"datePublished\":\"2018-02-10T09:44:47+00:00\",\"dateModified\":\"2026-03-04T21:07:45+00:00\",\"description\":\"Living libations Petal Passion Yoni Serum rassasie la peau et \u00e9quilibre la beaut\u00e9 de votre yoni.\",\"breadcrumb\":{\"@id\":\"https:\/\/dutchhealthstore.com\/fr\/product\/petal-passion-yoni-serum\/#breadcrumb\"},\"inLanguage\":\"fr-FR\",\"potentialAction\":[{\"@type\":\"ReadAction\",\"target\":[\"https:\/\/dutchhealthstore.com\/fr\/product\/petal-passion-yoni-serum\/\"]}]},{\"@type\":\"ImageObject\",\"inLanguage\":\"fr-FR\",\"@id\":\"https:\/\/dutchhealthstore.com\/fr\/product\/petal-passion-yoni-serum\/#primaryimage\",\"url\":\"https:\/\/dutchhealthstore.com\/wp-content\/uploads\/2018\/02\/Petal-Passion-Yoni-Serum-Living-Libations.jpg\",\"contentUrl\":\"https:\/\/dutchhealthstore.com\/wp-content\/uploads\/2018\/02\/Petal-Passion-Yoni-Serum-Living-Libations.jpg\",\"width\":510,\"height\":600,\"caption\":\"Petal Passion Yoni Serum - Living Libations\"},{\"@type\":\"BreadcrumbList\",\"@id\":\"https:\/\/dutchhealthstore.com\/fr\/product\/petal-passion-yoni-serum\/#breadcrumb\",\"itemListElement\":[{\"@type\":\"ListItem\",\"position\":1,\"name\":\"Home\",\"item\":\"https:\/\/dutchhealthstore.com\/fr\/\"},{\"@type\":\"ListItem\",\"position\":2,\"name\":\"Shop\",\"item\":\"https:\/\/dutchhealthstore.com\/fr\/shop\/\"},{\"@type\":\"ListItem\",\"position\":3,\"name\":\"Petal Passion Yoni Serum\"}]},{\"@type\":\"WebSite\",\"@id\":\"https:\/\/dutchhealthstore.com\/fr\/#website\",\"url\":\"https:\/\/dutchhealthstore.com\/fr\/\",\"name\":\"Dutch Health Store\",\"description\":\"Enhance Your Beauty with Organic &amp; Natural Skincare\",\"publisher\":{\"@id\":\"https:\/\/dutchhealthstore.com\/fr\/#organization\"},\"potentialAction\":[{\"@type\":\"SearchAction\",\"target\":{\"@type\":\"EntryPoint\",\"urlTemplate\":\"https:\/\/dutchhealthstore.com\/fr\/?s={search_term_string}\"},\"query-input\":{\"@type\":\"PropertyValueSpecification\",\"valueRequired\":true,\"valueName\":\"search_term_string\"}}],\"inLanguage\":\"fr-FR\"},{\"@type\":\"Organization\",\"@id\":\"https:\/\/dutchhealthstore.com\/fr\/#organization\",\"name\":\"Dutch Health Store\",\"url\":\"https:\/\/dutchhealthstore.com\/fr\/\",\"logo\":{\"@type\":\"ImageObject\",\"inLanguage\":\"fr-FR\",\"@id\":\"https:\/\/dutchhealthstore.com\/fr\/#\/schema\/logo\/image\/\",\"url\":\"https:\/\/dutchhealthstore.com\/wp-content\/uploads\/2020\/08\/logo-dutchhealthstore-jpg-e1599484957574.jpg\",\"contentUrl\":\"https:\/\/dutchhealthstore.com\/wp-content\/uploads\/2020\/08\/logo-dutchhealthstore-jpg-e1599484957574.jpg\",\"width\":400,\"height\":62,\"caption\":\"Dutch Health Store\"},\"image\":{\"@id\":\"https:\/\/dutchhealthstore.com\/fr\/#\/schema\/logo\/image\/\"},\"sameAs\":[\"https:\/\/www.instagram.com\/dutchhealthstore\/\",\"https:\/\/www.facebook.com\/dutchhealthstore\"]}]}<\/script>\n<meta property=\"product:brand\" content=\"Living Libations\" \/>\n<meta property=\"product:price:amount\" content=\"53.00\" \/>\n<meta property=\"product:price:currency\" content=\"EUR\" \/>\n<meta property=\"og:availability\" content=\"instock\" \/>\n<meta property=\"product:availability\" content=\"instock\" \/>\n<meta property=\"product:condition\" content=\"new\" \/>\n<!-- \/ Yoast SEO Premium plugin. -->","yoast_head_json":{"title":"Petal Passion Yoni Serum - Living Libations","description":"Living libations Petal Passion Yoni Serum rassasie la peau et \u00e9quilibre la beaut\u00e9 de votre yoni.","robots":{"index":"index","follow":"follow","max-snippet":"max-snippet:-1","max-image-preview":"max-image-preview:large","max-video-preview":"max-video-preview:-1"},"canonical":"https:\/\/dutchhealthstore.com\/fr\/product\/petal-passion-yoni-serum\/","og_locale":"fr_FR","og_type":"article","og_title":"Petal Passion Yoni Serum - Dutch Health Store","og_description":"Living libations Petal Passion Yoni Serum rassasie la peau et \u00e9quilibre la beaut\u00e9 de votre yoni.","og_url":"https:\/\/dutchhealthstore.com\/fr\/product\/petal-passion-yoni-serum\/","og_site_name":"Dutch Health Store","article_publisher":"https:\/\/www.instagram.com\/dutchhealthstore\/","article_modified_time":"2026-03-04T21:07:45+00:00","og_image":[{"width":510,"height":600,"url":"https:\/\/dutchhealthstore.com\/wp-content\/uploads\/2018\/02\/Petal-Passion-Yoni-Serum-Living-Libations.jpg","type":"image\/jpeg"}],"twitter_card":"summary_large_image","twitter_misc":{"Prix":"&euro;53,00","Disponibilit\u00e9":"En stock"},"schema":{"@context":"https:\/\/schema.org","@graph":[{"@type":"WebPage","@id":"https:\/\/dutchhealthstore.com\/fr\/product\/petal-passion-yoni-serum\/","url":"https:\/\/dutchhealthstore.com\/fr\/product\/petal-passion-yoni-serum\/","name":"Petal Passion Yoni Serum - Living Libations","isPartOf":{"@id":"https:\/\/dutchhealthstore.com\/fr\/#website"},"primaryImageOfPage":{"@id":"https:\/\/dutchhealthstore.com\/fr\/product\/petal-passion-yoni-serum\/#primaryimage"},"image":{"@id":"https:\/\/dutchhealthstore.com\/fr\/product\/petal-passion-yoni-serum\/#primaryimage"},"thumbnailUrl":"https:\/\/dutchhealthstore.com\/wp-content\/uploads\/2018\/02\/Petal-Passion-Yoni-Serum-Living-Libations.jpg","datePublished":"2018-02-10T09:44:47+00:00","dateModified":"2026-03-04T21:07:45+00:00","description":"Living libations Petal Passion Yoni Serum rassasie la peau et \u00e9quilibre la beaut\u00e9 de votre yoni.","breadcrumb":{"@id":"https:\/\/dutchhealthstore.com\/fr\/product\/petal-passion-yoni-serum\/#breadcrumb"},"inLanguage":"fr-FR","potentialAction":[{"@type":"ReadAction","target":["https:\/\/dutchhealthstore.com\/fr\/product\/petal-passion-yoni-serum\/"]}]},{"@type":"ImageObject","inLanguage":"fr-FR","@id":"https:\/\/dutchhealthstore.com\/fr\/product\/petal-passion-yoni-serum\/#primaryimage","url":"https:\/\/dutchhealthstore.com\/wp-content\/uploads\/2018\/02\/Petal-Passion-Yoni-Serum-Living-Libations.jpg","contentUrl":"https:\/\/dutchhealthstore.com\/wp-content\/uploads\/2018\/02\/Petal-Passion-Yoni-Serum-Living-Libations.jpg","width":510,"height":600,"caption":"Petal Passion Yoni Serum - Living Libations"},{"@type":"BreadcrumbList","@id":"https:\/\/dutchhealthstore.com\/fr\/product\/petal-passion-yoni-serum\/#breadcrumb","itemListElement":[{"@type":"ListItem","position":1,"name":"Home","item":"https:\/\/dutchhealthstore.com\/fr\/"},{"@type":"ListItem","position":2,"name":"Shop","item":"https:\/\/dutchhealthstore.com\/fr\/shop\/"},{"@type":"ListItem","position":3,"name":"Petal Passion Yoni Serum"}]},{"@type":"WebSite","@id":"https:\/\/dutchhealthstore.com\/fr\/#website","url":"https:\/\/dutchhealthstore.com\/fr\/","name":"Dutch Health Store","description":"Enhance Your Beauty with Organic &amp; Natural Skincare","publisher":{"@id":"https:\/\/dutchhealthstore.com\/fr\/#organization"},"potentialAction":[{"@type":"SearchAction","target":{"@type":"EntryPoint","urlTemplate":"https:\/\/dutchhealthstore.com\/fr\/?s={search_term_string}"},"query-input":{"@type":"PropertyValueSpecification","valueRequired":true,"valueName":"search_term_string"}}],"inLanguage":"fr-FR"},{"@type":"Organization","@id":"https:\/\/dutchhealthstore.com\/fr\/#organization","name":"Dutch Health Store","url":"https:\/\/dutchhealthstore.com\/fr\/","logo":{"@type":"ImageObject","inLanguage":"fr-FR","@id":"https:\/\/dutchhealthstore.com\/fr\/#\/schema\/logo\/image\/","url":"https:\/\/dutchhealthstore.com\/wp-content\/uploads\/2020\/08\/logo-dutchhealthstore-jpg-e1599484957574.jpg","contentUrl":"https:\/\/dutchhealthstore.com\/wp-content\/uploads\/2020\/08\/logo-dutchhealthstore-jpg-e1599484957574.jpg","width":400,"height":62,"caption":"Dutch Health Store"},"image":{"@id":"https:\/\/dutchhealthstore.com\/fr\/#\/schema\/logo\/image\/"},"sameAs":["https:\/\/www.instagram.com\/dutchhealthstore\/","https:\/\/www.facebook.com\/dutchhealthstore"]}]},"product_brand":"Living Libations","product_price_amount":"53.00","product_price_currency":"EUR","og_availability":"instock","product_availability":"instock","product_condition":"new"},"_links":{"self":[{"href":"https:\/\/dutchhealthstore.com\/fr\/wp-json\/wp\/v2\/product\/104663","targetHints":{"allow":["GET"]}}],"collection":[{"href":"https:\/\/dutchhealthstore.com\/fr\/wp-json\/wp\/v2\/product"}],"about":[{"href":"https:\/\/dutchhealthstore.com\/fr\/wp-json\/wp\/v2\/types\/product"}],"replies":[{"embeddable":true,"href":"https:\/\/dutchhealthstore.com\/fr\/wp-json\/wp\/v2\/comments?post=104663"}],"wp:featuredmedia":[{"embeddable":true,"href":"https:\/\/dutchhealthstore.com\/fr\/wp-json\/wp\/v2\/media\/41221"}],"wp:attachment":[{"href":"https:\/\/dutchhealthstore.com\/fr\/wp-json\/wp\/v2\/media?parent=104663"}],"wp:term":[{"taxonomy":"product_brand","embeddable":true,"href":"https:\/\/dutchhealthstore.com\/fr\/wp-json\/wp\/v2\/product_brand?post=104663"},{"taxonomy":"product_cat","embeddable":true,"href":"https:\/\/dutchhealthstore.com\/fr\/wp-json\/wp\/v2\/product_cat?post=104663"},{"taxonomy":"product_tag","embeddable":true,"href":"https:\/\/dutchhealthstore.com\/fr\/wp-json\/wp\/v2\/product_tag?post=104663"}],"curies":[{"name":"wp","href":"https:\/\/api.w.org\/{rel}","templated":true}]}}