{"id":104637,"date":"2020-06-02T12:04:39","date_gmt":"2020-06-02T10:04:39","guid":{"rendered":"https:\/\/dutchhealthstore.com\/product\/bee-balm-essential-oil\/"},"modified":"2024-03-11T07:59:18","modified_gmt":"2024-03-11T07:59:18","slug":"bee-balm-essential-oil","status":"publish","type":"product","link":"https:\/\/dutchhealthstore.com\/fr\/product\/bee-balm-essential-oil\/","title":{"rendered":"Bee Balm Essential Oil"},"content":{"rendered":"<p><img decoding=\"async\" class=\"size-full wp-image-69549 alignright\" src=\"https:\/\/dutchhealthstore.com\/wp-content\/uploads\/2019\/08\/NEW-Living-Libations-Logo.jpg\" alt=\"NEW - Living Libations - Logo\" width=\"175\" height=\"82\"><strong>Nom botanique :<\/strong> Monarda fistulosa<br \/>\n<strong>Famille botanique :<\/strong> Lamiaceae<br \/>\n<strong>M\u00e9thode d&rsquo;extraction :<\/strong> Distillation \u00e0 la vapeur<br \/>\n<strong>Partie de la plante distill\u00e9e :<\/strong> Fleurs<br \/>\n<strong>Pays d&rsquo;origine :<\/strong> Canada<br \/>\n<strong>M\u00e9thode de culture :<\/strong> Organique<br \/>\n<strong>Description du parfum :<\/strong> Doux, miel-herbac\u00e9 avec un soup\u00e7on de menthe foresti\u00e8re-florale.<br \/>\n<strong>Consistance :<\/strong> Viscosit\u00e9 fine<\/p>\n<h3>Se marie bien avec<\/h3>\n<p>Thym, thym doux, lavande, marjolaine, bois de santal, ylang, hysope, achill\u00e9e, \u00e9pinette noire, douglas, encens, brosse \u00e0 lapins, bergamote, citron, n\u00e9roli, graine de carotte, camomille, rose otto, palmarosa et g\u00e9ranium.<\/p>\n<h3>Utilisations<\/h3>\n<p>Magnifique comme huile de vapeur pour le visage et comme ajout \u00e0 la vapeur pour stimuler la facilit\u00e9 respiratoire. Associ\u00e9e au Tamanu comme huile de support, elle est efficace pour traiter l&rsquo;acn\u00e9, les pellicules, les plaies, les l\u00e9sions, etc. En tisane dilu\u00e9e avec du miel, c&rsquo;est un excellent tonique pour la gorge et pour les poumons. Ajoutez \u00e0 notre pipe \u00e0 sel pour inhaler ses bienfaits dans la poitrine et les poumons. M\u00e9langez avec de la marjolaine pour les muscles et les m\u00e9langes relaxants.<\/p>\n<p><strong>Bee Balm<\/strong> est une essence \u00e0 large spectre qui constitue une alternative tendre \u00e0 l&rsquo;origan et au thym. Il rappelle l&rsquo;efficacit\u00e9 douce du thym doux utilis\u00e9 dans les soins de la peau, les soins pulmonaires et les rem\u00e8des pour enfants. Les constituants de l&rsquo;huile essentielle sont un m\u00e9lange \u00e9quilibr\u00e9 d&rsquo;alcools monoterp\u00e9niques, dont le <em>g\u00e9raniol (plus de 90%<\/em>), le <em>linalol, le thymol<\/em> et les <em>sesquiterp\u00e8nes<\/em>.<\/p>\n<p>Dans <em>The Healing Intelligence of Essential Oils<\/em>Kurt Schnaubelt recommande la Monarda comme huile essentielle pour le bain et la douche, car elle est \u00ab\u00a0rafra\u00eechissante et douce pour une utilisation facile directement sur la peau&#8230; un tonique radieux et un puissant stimulant \u00e9motionnel ; elle est accompagn\u00e9e d&rsquo;un certain picotement, qui peut \u00eatre trop fort pour certains types de peau, elle peut donc \u00eatre dilu\u00e9e\u00a0\u00bb avec d&rsquo;autres huiles essentielles comme la Lavande ou l&rsquo;Encens. Il \u00e9crit \u00e9galement : \u00ab\u00a0\u00c0 l&rsquo;autre extr\u00e9mit\u00e9 du spectre [from Tea Tree], on trouve la <em>Monarda fistulosa<\/em> du Qu\u00e9bec, une sp\u00e9cialit\u00e9 d&rsquo;aromath\u00e9rapie. Elle a un parfum brillant et, pour la plupart des individus, laisse un picotement l\u00e9g\u00e8rement vif mais agr\u00e9able sur la peau lorsqu&rsquo;elle est utilis\u00e9e sous la douche. C&rsquo;est l&rsquo;une des huiles essentielles antivirales les plus efficaces et elle est efficace pour les infections respiratoires sup\u00e9rieures et urog\u00e9nitales.\u00a0\u00bb<\/p>\n<p><strong>Taille : 5 ml<\/strong><\/p>\n<h3>Ingr\u00e9dients biologiques<\/h3>\n<p>100% huile essentielle de m\u00e9lisse (Monarda fistulosa).<\/p>\n<p>&nbsp;<\/p>\n<p><img fetchpriority=\"high\" decoding=\"async\" class=\"size-medium wp-image-68103 aligncenter\" src=\"https:\/\/dutchhealthstore.com\/wp-content\/uploads\/2018\/02\/Living-Libations-Organic-Logo-800x89.png\" alt=\"Living Libations - Organic Logo\" width=\"800\" height=\"89\" srcset=\"https:\/\/dutchhealthstore.com\/wp-content\/uploads\/2018\/02\/Living-Libations-Organic-Logo-800x89.png 800w, https:\/\/dutchhealthstore.com\/wp-content\/uploads\/2018\/02\/Living-Libations-Organic-Logo-510x57.png 510w, https:\/\/dutchhealthstore.com\/wp-content\/uploads\/2018\/02\/Living-Libations-Organic-Logo-768x85.png 768w, https:\/\/dutchhealthstore.com\/wp-content\/uploads\/2018\/02\/Living-Libations-Organic-Logo.png 1400w\" sizes=\"(max-width: 800px) 100vw, 800px\" \/><\/p>\n","protected":false},"excerpt":{"rendered":"<p>Bee Balm est une essence \u00e0 large spectre qui constitue une alternative tendre \u00e0 l&rsquo;origan et au thym. Il rappelle l&rsquo;efficacit\u00e9 douce du thym doux utilis\u00e9 dans les soins de la peau, les soins pulmonaires et les rem\u00e8des pour enfants.<\/p>\n<p>Les constituants de l&rsquo;huile essentielle sont un m\u00e9lange \u00e9quilibr\u00e9 d&rsquo;alcools monoterp\u00e9niques, dont le<em> g\u00e9raniol (plus de 90%), le linalol, le thymol et les sesquiterp\u00e8nes.<\/em><\/p>\n","protected":false},"featured_media":104553,"comment_status":"open","ping_status":"closed","template":"","meta":[],"product_brand":[],"product_cat":[1507,6734,1211,1209,3757,6733],"product_tag":[4495],"class_list":{"0":"post-104637","1":"product","2":"type-product","3":"status-publish","4":"has-post-thumbnail","6":"product_cat-plantes-huiles-essentielles-living-libations","7":"product_cat-essential-oils","8":"product_cat-living-libations-france","9":"product_cat-par-marques","10":"product_cat-plantes-huiles-essentielles","11":"product_cat-wellness-fr-2","12":"product_tag-essential-oil-fr","13":"pa_brand-livinglibations-fr","14":"pa_essential-oils-product-type-essential-oils-fr","15":"pa_size-5-ml-fr","17":"first","18":"instock","19":"taxable","20":"shipping-taxable","21":"purchasable","22":"product-type-simple"},"bundled_by":[],"bundle_stock_status":"instock","bundle_stock_quantity":3,"bundle_virtual":false,"bundle_layout":"","bundle_add_to_cart_form_location":"","bundle_editable_in_cart":false,"bundle_sold_individually_context":"","bundle_item_grouping":"","bundle_min_size":"","bundle_max_size":"","bundle_price":[],"bundled_items":[],"bundle_sell_ids":[],"atum_controlled":true,"out_stock_date":null,"out_stock_threshold":null,"inheritable":false,"stock_on_hold":0,"sold_today":0,"sales_last_days":0,"out_stock_days":0,"lost_sales":0,"update_date":"2026-04-13T13:42:21","atum_locations":[],"atum_stock_status":"instock","restock_status":false,"low_stock_amount":"","sales_update_date":"2026-04-13T13:42:21","calc_backorders":null,"group_of_quantity":0,"min_quantity":0,"max_quantity":"","exclude_order_quantity_value_rules":"no","exclude_category_quantity_rules":"no","combine_variations":"no","yoast_head":"<!-- This site is optimized with the Yoast SEO Premium plugin v26.5 (Yoast SEO v26.5) - https:\/\/yoast.com\/wordpress\/plugins\/seo\/ -->\n<title>Bee Balm Essential Oil | Living Libations<\/title>\n<meta name=\"description\" content=\"Bee Balm essential oil est une essence douce et herbac\u00e9e distill\u00e9e \u00e0 partir des fleurs violettes de Monarda fistulosa. Trouv\u00e9 et fourrag\u00e9 dans les r\u00e9gions sauvages du Canada.\" \/>\n<meta name=\"robots\" content=\"index, follow, max-snippet:-1, max-image-preview:large, max-video-preview:-1\" \/>\n<link rel=\"canonical\" href=\"https:\/\/dutchhealthstore.com\/fr\/product\/bee-balm-essential-oil\/\" \/>\n<meta property=\"og:locale\" content=\"fr_FR\" \/>\n<meta property=\"og:type\" content=\"article\" \/>\n<meta property=\"og:title\" content=\"Bee Balm Essential Oil - Dutch Health Store\" \/>\n<meta property=\"og:description\" content=\"Bee Balm essential oil est une essence douce et herbac\u00e9e distill\u00e9e \u00e0 partir des fleurs violettes de Monarda fistulosa. Trouv\u00e9 et fourrag\u00e9 dans les r\u00e9gions sauvages du Canada.\" \/>\n<meta property=\"og:url\" content=\"https:\/\/dutchhealthstore.com\/fr\/product\/bee-balm-essential-oil\/\" \/>\n<meta property=\"og:site_name\" content=\"Dutch Health Store\" \/>\n<meta property=\"article:publisher\" content=\"https:\/\/www.instagram.com\/dutchhealthstore\/\" \/>\n<meta property=\"article:modified_time\" content=\"2024-03-11T07:59:18+00:00\" \/>\n<meta property=\"og:image\" content=\"https:\/\/dutchhealthstore.com\/wp-content\/uploads\/2020\/06\/Living-Libations-Bee-Balm-1.png\" \/>\n\t<meta property=\"og:image:width\" content=\"500\" \/>\n\t<meta property=\"og:image:height\" content=\"500\" \/>\n\t<meta property=\"og:image:type\" content=\"image\/jpeg\" \/>\n<meta name=\"twitter:card\" content=\"summary_large_image\" \/>\n<meta name=\"twitter:label1\" content=\"Prix\" \/>\n\t<meta name=\"twitter:data1\" content=\"&euro;21,00\" \/>\n\t<meta name=\"twitter:label2\" content=\"Disponibilit\u00e9\" \/>\n\t<meta name=\"twitter:data2\" content=\"En stock\" \/>\n<script type=\"application\/ld+json\" class=\"yoast-schema-graph\">{\"@context\":\"https:\/\/schema.org\",\"@graph\":[{\"@type\":\"WebPage\",\"@id\":\"https:\/\/dutchhealthstore.com\/fr\/product\/bee-balm-essential-oil\/\",\"url\":\"https:\/\/dutchhealthstore.com\/fr\/product\/bee-balm-essential-oil\/\",\"name\":\"Bee Balm Essential Oil | Living Libations\",\"isPartOf\":{\"@id\":\"https:\/\/dutchhealthstore.com\/fr\/#website\"},\"primaryImageOfPage\":{\"@id\":\"https:\/\/dutchhealthstore.com\/fr\/product\/bee-balm-essential-oil\/#primaryimage\"},\"image\":{\"@id\":\"https:\/\/dutchhealthstore.com\/fr\/product\/bee-balm-essential-oil\/#primaryimage\"},\"thumbnailUrl\":\"https:\/\/dutchhealthstore.com\/wp-content\/uploads\/2020\/06\/Living-Libations-Bee-Balm-1.png\",\"datePublished\":\"2020-06-02T10:04:39+00:00\",\"dateModified\":\"2024-03-11T07:59:18+00:00\",\"description\":\"Bee Balm essential oil est une essence douce et herbac\u00e9e distill\u00e9e \u00e0 partir des fleurs violettes de Monarda fistulosa. Trouv\u00e9 et fourrag\u00e9 dans les r\u00e9gions sauvages du Canada.\",\"breadcrumb\":{\"@id\":\"https:\/\/dutchhealthstore.com\/fr\/product\/bee-balm-essential-oil\/#breadcrumb\"},\"inLanguage\":\"fr-FR\",\"potentialAction\":[{\"@type\":\"ReadAction\",\"target\":[\"https:\/\/dutchhealthstore.com\/fr\/product\/bee-balm-essential-oil\/\"]}]},{\"@type\":\"ImageObject\",\"inLanguage\":\"fr-FR\",\"@id\":\"https:\/\/dutchhealthstore.com\/fr\/product\/bee-balm-essential-oil\/#primaryimage\",\"url\":\"https:\/\/dutchhealthstore.com\/wp-content\/uploads\/2020\/06\/Living-Libations-Bee-Balm-1.png\",\"contentUrl\":\"https:\/\/dutchhealthstore.com\/wp-content\/uploads\/2020\/06\/Living-Libations-Bee-Balm-1.png\",\"width\":500,\"height\":500},{\"@type\":\"BreadcrumbList\",\"@id\":\"https:\/\/dutchhealthstore.com\/fr\/product\/bee-balm-essential-oil\/#breadcrumb\",\"itemListElement\":[{\"@type\":\"ListItem\",\"position\":1,\"name\":\"Home\",\"item\":\"https:\/\/dutchhealthstore.com\/fr\/\"},{\"@type\":\"ListItem\",\"position\":2,\"name\":\"Shop\",\"item\":\"https:\/\/dutchhealthstore.com\/fr\/shop\/\"},{\"@type\":\"ListItem\",\"position\":3,\"name\":\"Bee Balm Essential Oil\"}]},{\"@type\":\"WebSite\",\"@id\":\"https:\/\/dutchhealthstore.com\/fr\/#website\",\"url\":\"https:\/\/dutchhealthstore.com\/fr\/\",\"name\":\"Dutch Health Store\",\"description\":\"Enhance Your Beauty with Organic &amp; Natural Skincare\",\"publisher\":{\"@id\":\"https:\/\/dutchhealthstore.com\/fr\/#organization\"},\"potentialAction\":[{\"@type\":\"SearchAction\",\"target\":{\"@type\":\"EntryPoint\",\"urlTemplate\":\"https:\/\/dutchhealthstore.com\/fr\/?s={search_term_string}\"},\"query-input\":{\"@type\":\"PropertyValueSpecification\",\"valueRequired\":true,\"valueName\":\"search_term_string\"}}],\"inLanguage\":\"fr-FR\"},{\"@type\":\"Organization\",\"@id\":\"https:\/\/dutchhealthstore.com\/fr\/#organization\",\"name\":\"Dutch Health Store\",\"url\":\"https:\/\/dutchhealthstore.com\/fr\/\",\"logo\":{\"@type\":\"ImageObject\",\"inLanguage\":\"fr-FR\",\"@id\":\"https:\/\/dutchhealthstore.com\/fr\/#\/schema\/logo\/image\/\",\"url\":\"https:\/\/dutchhealthstore.com\/wp-content\/uploads\/2020\/08\/logo-dutchhealthstore-jpg-e1599484957574.jpg\",\"contentUrl\":\"https:\/\/dutchhealthstore.com\/wp-content\/uploads\/2020\/08\/logo-dutchhealthstore-jpg-e1599484957574.jpg\",\"width\":400,\"height\":62,\"caption\":\"Dutch Health Store\"},\"image\":{\"@id\":\"https:\/\/dutchhealthstore.com\/fr\/#\/schema\/logo\/image\/\"},\"sameAs\":[\"https:\/\/www.instagram.com\/dutchhealthstore\/\",\"https:\/\/www.facebook.com\/dutchhealthstore\"]}]}<\/script>\n<meta property=\"product:brand\" content=\"Living Libations\" \/>\n<meta property=\"product:price:amount\" content=\"21.00\" \/>\n<meta property=\"product:price:currency\" content=\"EUR\" \/>\n<meta property=\"og:availability\" content=\"instock\" \/>\n<meta property=\"product:availability\" content=\"instock\" \/>\n<meta property=\"product:condition\" content=\"new\" \/>\n<!-- \/ Yoast SEO Premium plugin. -->","yoast_head_json":{"title":"Bee Balm Essential Oil | Living Libations","description":"Bee Balm essential oil est une essence douce et herbac\u00e9e distill\u00e9e \u00e0 partir des fleurs violettes de Monarda fistulosa. Trouv\u00e9 et fourrag\u00e9 dans les r\u00e9gions sauvages du Canada.","robots":{"index":"index","follow":"follow","max-snippet":"max-snippet:-1","max-image-preview":"max-image-preview:large","max-video-preview":"max-video-preview:-1"},"canonical":"https:\/\/dutchhealthstore.com\/fr\/product\/bee-balm-essential-oil\/","og_locale":"fr_FR","og_type":"article","og_title":"Bee Balm Essential Oil - Dutch Health Store","og_description":"Bee Balm essential oil est une essence douce et herbac\u00e9e distill\u00e9e \u00e0 partir des fleurs violettes de Monarda fistulosa. Trouv\u00e9 et fourrag\u00e9 dans les r\u00e9gions sauvages du Canada.","og_url":"https:\/\/dutchhealthstore.com\/fr\/product\/bee-balm-essential-oil\/","og_site_name":"Dutch Health Store","article_publisher":"https:\/\/www.instagram.com\/dutchhealthstore\/","article_modified_time":"2024-03-11T07:59:18+00:00","og_image":[{"width":500,"height":500,"url":"https:\/\/dutchhealthstore.com\/wp-content\/uploads\/2020\/06\/Living-Libations-Bee-Balm-1.png","type":"image\/jpeg"}],"twitter_card":"summary_large_image","twitter_misc":{"Prix":"&euro;21,00","Disponibilit\u00e9":"En stock"},"schema":{"@context":"https:\/\/schema.org","@graph":[{"@type":"WebPage","@id":"https:\/\/dutchhealthstore.com\/fr\/product\/bee-balm-essential-oil\/","url":"https:\/\/dutchhealthstore.com\/fr\/product\/bee-balm-essential-oil\/","name":"Bee Balm Essential Oil | Living Libations","isPartOf":{"@id":"https:\/\/dutchhealthstore.com\/fr\/#website"},"primaryImageOfPage":{"@id":"https:\/\/dutchhealthstore.com\/fr\/product\/bee-balm-essential-oil\/#primaryimage"},"image":{"@id":"https:\/\/dutchhealthstore.com\/fr\/product\/bee-balm-essential-oil\/#primaryimage"},"thumbnailUrl":"https:\/\/dutchhealthstore.com\/wp-content\/uploads\/2020\/06\/Living-Libations-Bee-Balm-1.png","datePublished":"2020-06-02T10:04:39+00:00","dateModified":"2024-03-11T07:59:18+00:00","description":"Bee Balm essential oil est une essence douce et herbac\u00e9e distill\u00e9e \u00e0 partir des fleurs violettes de Monarda fistulosa. Trouv\u00e9 et fourrag\u00e9 dans les r\u00e9gions sauvages du Canada.","breadcrumb":{"@id":"https:\/\/dutchhealthstore.com\/fr\/product\/bee-balm-essential-oil\/#breadcrumb"},"inLanguage":"fr-FR","potentialAction":[{"@type":"ReadAction","target":["https:\/\/dutchhealthstore.com\/fr\/product\/bee-balm-essential-oil\/"]}]},{"@type":"ImageObject","inLanguage":"fr-FR","@id":"https:\/\/dutchhealthstore.com\/fr\/product\/bee-balm-essential-oil\/#primaryimage","url":"https:\/\/dutchhealthstore.com\/wp-content\/uploads\/2020\/06\/Living-Libations-Bee-Balm-1.png","contentUrl":"https:\/\/dutchhealthstore.com\/wp-content\/uploads\/2020\/06\/Living-Libations-Bee-Balm-1.png","width":500,"height":500},{"@type":"BreadcrumbList","@id":"https:\/\/dutchhealthstore.com\/fr\/product\/bee-balm-essential-oil\/#breadcrumb","itemListElement":[{"@type":"ListItem","position":1,"name":"Home","item":"https:\/\/dutchhealthstore.com\/fr\/"},{"@type":"ListItem","position":2,"name":"Shop","item":"https:\/\/dutchhealthstore.com\/fr\/shop\/"},{"@type":"ListItem","position":3,"name":"Bee Balm Essential Oil"}]},{"@type":"WebSite","@id":"https:\/\/dutchhealthstore.com\/fr\/#website","url":"https:\/\/dutchhealthstore.com\/fr\/","name":"Dutch Health Store","description":"Enhance Your Beauty with Organic &amp; Natural Skincare","publisher":{"@id":"https:\/\/dutchhealthstore.com\/fr\/#organization"},"potentialAction":[{"@type":"SearchAction","target":{"@type":"EntryPoint","urlTemplate":"https:\/\/dutchhealthstore.com\/fr\/?s={search_term_string}"},"query-input":{"@type":"PropertyValueSpecification","valueRequired":true,"valueName":"search_term_string"}}],"inLanguage":"fr-FR"},{"@type":"Organization","@id":"https:\/\/dutchhealthstore.com\/fr\/#organization","name":"Dutch Health Store","url":"https:\/\/dutchhealthstore.com\/fr\/","logo":{"@type":"ImageObject","inLanguage":"fr-FR","@id":"https:\/\/dutchhealthstore.com\/fr\/#\/schema\/logo\/image\/","url":"https:\/\/dutchhealthstore.com\/wp-content\/uploads\/2020\/08\/logo-dutchhealthstore-jpg-e1599484957574.jpg","contentUrl":"https:\/\/dutchhealthstore.com\/wp-content\/uploads\/2020\/08\/logo-dutchhealthstore-jpg-e1599484957574.jpg","width":400,"height":62,"caption":"Dutch Health Store"},"image":{"@id":"https:\/\/dutchhealthstore.com\/fr\/#\/schema\/logo\/image\/"},"sameAs":["https:\/\/www.instagram.com\/dutchhealthstore\/","https:\/\/www.facebook.com\/dutchhealthstore"]}]},"product_brand":"Living Libations","product_price_amount":"21.00","product_price_currency":"EUR","og_availability":"instock","product_availability":"instock","product_condition":"new"},"_links":{"self":[{"href":"https:\/\/dutchhealthstore.com\/fr\/wp-json\/wp\/v2\/product\/104637","targetHints":{"allow":["GET"]}}],"collection":[{"href":"https:\/\/dutchhealthstore.com\/fr\/wp-json\/wp\/v2\/product"}],"about":[{"href":"https:\/\/dutchhealthstore.com\/fr\/wp-json\/wp\/v2\/types\/product"}],"replies":[{"embeddable":true,"href":"https:\/\/dutchhealthstore.com\/fr\/wp-json\/wp\/v2\/comments?post=104637"}],"wp:featuredmedia":[{"embeddable":true,"href":"https:\/\/dutchhealthstore.com\/fr\/wp-json\/wp\/v2\/media\/104553"}],"wp:attachment":[{"href":"https:\/\/dutchhealthstore.com\/fr\/wp-json\/wp\/v2\/media?parent=104637"}],"wp:term":[{"taxonomy":"product_brand","embeddable":true,"href":"https:\/\/dutchhealthstore.com\/fr\/wp-json\/wp\/v2\/product_brand?post=104637"},{"taxonomy":"product_cat","embeddable":true,"href":"https:\/\/dutchhealthstore.com\/fr\/wp-json\/wp\/v2\/product_cat?post=104637"},{"taxonomy":"product_tag","embeddable":true,"href":"https:\/\/dutchhealthstore.com\/fr\/wp-json\/wp\/v2\/product_tag?post=104637"}],"curies":[{"name":"wp","href":"https:\/\/api.w.org\/{rel}","templated":true}]}}