{"id":104560,"date":"2020-01-30T11:03:46","date_gmt":"2020-01-30T10:03:46","guid":{"rendered":"https:\/\/dutchhealthstore.com\/product\/mint-condition-mineral-tooth-powder-brightening-whitening\/"},"modified":"2026-03-24T09:34:31","modified_gmt":"2026-03-24T08:34:31","slug":"mint-condition-mineral-tooth-powder-brightening-whitening","status":"publish","type":"product","link":"https:\/\/dutchhealthstore.com\/fr\/product\/mint-condition-mineral-tooth-powder-brightening-whitening\/","title":{"rendered":"Mint Condition Mineral Tooth Powder"},"content":{"rendered":"<p>Nourrissez le design divin de vos dents avec une poudre dentaire qui les fait briller et les rend plus blanches.<br \/>\nCette poudre dentaire min\u00e9ralisante fait briller vos dents jusqu&rsquo;\u00e0 l&rsquo;\u00e9tat neuf. Alcalinisez et faites briller vos blancs nacr\u00e9s avec un polissage dentaire issu de la nature.<br \/>\nLiving Libations<strong> Mint Condition Mineral Tooth Powder<\/strong> est un \u00e9lixir exfoliant doux qui polit les dents et harmonise l&rsquo;\u00e9cologie buccale optimale. Certains produits de blanchiment utilisent des agents de blanchiment agressifs, alors que cet agent de blanchiment v\u00e9g\u00e9tal doux nourrit les dents avec des min\u00e9raux biodisponibles.<\/p>\n<p><strong>Mint Condition Mineral Tooth Powder <\/strong>vous permet de briller dans la lumi\u00e8re de votre sourire le plus blanc.<\/p>\n<h3>Utiliser<\/h3>\n<p>Placez une pinc\u00e9e sur une brosse \u00e0 dents s\u00e8che ou renforcez votre protocole en ajoutant une goutte d&rsquo;un s\u00e9rum dentaire Living Libations. Ajoutez une pinc\u00e9e \u00e0 une once d&rsquo;eau et frottez, frottez, frottez pour neutraliser l&rsquo;acide entre les brossages.<\/p>\n<h3 class=\"yikes-custom-woo-tab-title yikes-custom-woo-tab-title-natural-organic-ingredients\">Ingr\u00e9dients Naturels\/Biologiques<\/h3>\n<p><strong>Argile kaolinique<\/strong><em>(Kaolinite<\/em>) &#8211; L&rsquo;argile kaolinique de qualit\u00e9 est un rem\u00e8de riche en silice. Nos anc\u00eatres ont estim\u00e9 que cette terre \u00e9tait tr\u00e8s efficace pour les soins dentaires. L&rsquo;argile fonctionne essentiellement comme un aimant; lorsque l&rsquo;argile est m\u00e9lang\u00e9e \u00e0 la salive, les mol\u00e9cules sont activ\u00e9es \u00e9lectriquement et arrachent les microparticules de toxines et d&rsquo;impuret\u00e9s. Il exfolie en douceur et efficacement sans agresser l&rsquo;\u00e9mail.<\/p>\n<p><strong>Poudre MCT de noix de coco<\/strong> (<i><em>Cocos nucifera<\/em><\/i>) &#8211; Ce lipide en poudre sert de lubrifiant dans ce cirage pour dents sensibles, et il apporte \u00e9galement des nutriments. La poudre MCT est une forme s\u00e9ch\u00e9e et en poudre de triglyc\u00e9rides \u00e0 cha\u00eene moyenne. La noix de coco biologique et non raffin\u00e9e contient natureldes triglyc\u00e9rides \u00e0 cha\u00eene moyenne (TCM) et des triglyc\u00e9rides \u00e0 cha\u00eene longue (TCL). Les TCM, dont les acides capro\u00efque, caprylique et caprique, sont extraits pour cr\u00e9er une huile concentr\u00e9e contenant tous les compos\u00e9s b\u00e9n\u00e9fiques de l&rsquo;huile de coco. Il faut environ 20 cuill\u00e8res \u00e0 soupe d&rsquo;huile de noix de coco ordinaire pour fabriquer une cuill\u00e8re \u00e0 soupe d&rsquo;huile MCT \u00e0 base d&rsquo;huile de noix de coco. L&rsquo;huile MCT regorge de nutriments b\u00e9n\u00e9fiques.<\/p>\n<p><strong>Bicarbonatede sou de <\/strong><em>(bicarbonate de sodium)<\/em> &#8211; Les dents se d\u00e9veloppent lorsqu&rsquo;elles baignent dans une mer de salive douce, et le bicarbonate de soude tamponne et neutralise les acides alimentaires. En plus d&rsquo;\u00eatre un produit de nettoyage efficace, le bicarbonate de soude est doux. Il est nettement moins abrasif que les agents nettoyants \u00e0 base de craie et de silice utilis\u00e9s dans les dentifricecommerciaux, et l&rsquo;alcalinit\u00e9 naturel du bicarbonate de soude neutralise l&rsquo;acidit\u00e9 des bact\u00e9ries.<\/p>\n<p><strong>Calcium de Lithothamnium calcareum <\/strong><i><em>&#8211; <\/em><\/i>Le calcium de qualit\u00e9 contenu dans notre cirage en poudre est 100% certifi\u00e9 biologique et provient d&rsquo;une plante marine, l&rsquo;algue rouge, qui pousse sur la c\u00f4te nord-ouest de l&rsquo;Islande. Cette plante marine sp\u00e9ciale passe ses cinq ann\u00e9es de vie \u00e0 absorber les min\u00e9raux des eaux de l&rsquo;Atlantique et contient 34% de calcium \u00e9l\u00e9mentaire et 72 autres oligo-\u00e9l\u00e9ments. Les plantes matures se d\u00e9posent naturel sur les fonds marins o\u00f9 elles sont r\u00e9colt\u00e9es de mani\u00e8re durable et ramen\u00e9es \u00e0 terre pour \u00eatre rinc\u00e9es, s\u00e9ch\u00e9es et r\u00e9duites en poudre. Rien d&rsquo;autre n&rsquo;est ajout\u00e9. Il s&rsquo;agit d&rsquo;un calcium v\u00e9g\u00e9talien exempt de contaminants et de sources propres qui ne provient pas de calcaire, de craie, d&rsquo;os d&rsquo;animaux, de coraux, de coquillages ou de produits laitiers. Il est r\u00e9colt\u00e9 en Islande sous une stricte certification ISO 9001-2000. Il est biologique, casher, certifi\u00e9 halal et GRAS.<\/p>\n<p><strong>Magn\u00e9sium <\/strong><em>(hydroxyde de magn\u00e9sium<\/em>) &#8211; Mighty Magnesium est naturel d&rsquo;origine marine et provient de l&rsquo;eau de mer propre et riche en min\u00e9raux de la c\u00f4te atlantique irlandaise. Il est cr\u00e9\u00e9 lorsque l&rsquo;oxyde de calcium r\u00e9agit au magn\u00e9sium pr\u00e9sent dans l&rsquo;eau de mer, puis est \u00e9miett\u00e9 en une fine poudre d&rsquo;hydroxyde de magn\u00e9sium de qualit\u00e9 sup\u00e9rieure. Cette forme de magn\u00e9sium est hautement soluble et maximise une matrice multi-min\u00e9rale de 74 min\u00e9raux purs de source v\u00e9g\u00e9tale et d&rsquo;oligo-\u00e9l\u00e9ments qui travaillent en synergie pour stimuler la biodisponibilit\u00e9.<\/p>\n<p><strong>Sel de mer <\/strong><em>(chlorure de sodium<\/em>) &#8211; Le sel oc\u00e9anique est un alli\u00e9 alcalin pour notre \u00e9cologie buccale car il contient la m\u00eame concentration de min\u00e9raux que l&rsquo;eau de mer. Il est riche en min\u00e9raux essentiels \u00e0 la communication intracellulaire: magn\u00e9sium, calcium, sodium, potassium et oligo-\u00e9l\u00e9ments.<\/p>\n<p><strong>Probiotiques<\/strong> <em>(L. plantarum, B. bifidum et B. longum)<\/em> &#8211; Boostez le compte bancaire des bact\u00e9ries b\u00e9n\u00e9fiques de l&rsquo;organisme en le polissant avec des probiotiques. Ces souches probiotiques ont une dur\u00e9e de conservation \u00e9tablie de deux ans sans r\u00e9frig\u00e9ration, et elles sont v\u00e9g\u00e9taliennes, sans gluten et sans produits laitiers.<\/p>\n<p><strong>Vitamine D3 <\/strong><em>(chol\u00e9calcif\u00e9rol<\/em>) &#8211; La vitamine D3 vitale est un nutriment liposoluble connu pour \u00eatre le meilleur ami du calcium. Ensemble, ils travaillent en partenariat pour \u00e9quilibrer le bien-\u00eatre.<\/p>\n<p><strong>Menthe poivr\u00e9e ( <\/strong><i><em>Mentha piperita<\/em><\/i>) &#8211; Le go\u00fbt frais et l\u00e9ger de la menthe poivr\u00e9e vous donne une haleine fra\u00eeche et durable. Notre menthe poivr\u00e9e est une v\u00e9ritable distillation des feuilles fra\u00eeches et provient d&rsquo;une famille de distillateurs de quatri\u00e8me g\u00e9n\u00e9ration en France. La menthe poivr\u00e9e que l&rsquo;on trouve dans les dentifrice commerciaux est un menthol artificiel et n&rsquo;offre qu&rsquo;une saveur. La vraie menthe poivr\u00e9e est un ami puissant et agr\u00e9able pour les soins bucco-dentaires. Il inhibe \u00e9galement les bact\u00e9ries qui causent la mauvaise haleine.<\/p>\n<p><strong>Menthe verte<\/strong> <i><em>(Mentha spicata)<\/em><\/i> &#8211; La menthe verte est la cousine plus douce et plus discr\u00e8te de la menthe poivr\u00e9e. La menthe verte fra\u00eeche et parfum\u00e9e apaise les sens avec des murmures de magnificence menthol\u00e9e! Il a \u00e9t\u00e9 propos\u00e9 tout au long de l&rsquo;histoire pour traiter toutes sortes de maux, notamment les indigestions, les maux de t\u00eate et les infections respiratoires. Les Grecs anciens utilisaient la menthe verte pour traiter les infections et parfumer l&rsquo;eau de leur bain, tandis que les m\u00e9decins m\u00e9di\u00e9vaux prescrivaient cette plante pour rafra\u00eechir l&rsquo;haleine, blanchir les dents et soulager les gencives douloureuses et enfl\u00e9es. Les Am\u00e9rindiens utilisaient la menthe verte pour augmenter l&rsquo;app\u00e9tit et renforcer les soins bucco-dentaires. La menthe verte est un puissant agent antibact\u00e9rien; dans une \u00e9tude men\u00e9e en 2001 par H. Imai, la menthe verte a efficacement inhib\u00e9 la croissance de diff\u00e9rentes bact\u00e9ries, y compris le SARM et l&rsquo;E. coli. <i><em>E. coli.<\/em><\/i><\/p>\n<p><img fetchpriority=\"high\" decoding=\"async\" class=\"size-medium wp-image-68103 aligncenter\" src=\"https:\/\/dutchhealthstore.com\/wp-content\/uploads\/2018\/02\/Living-Libations-Organic-Logo-800x89.png\" alt=\"Living Libations - Organic Logo\" width=\"800\" height=\"89\" srcset=\"https:\/\/dutchhealthstore.com\/wp-content\/uploads\/2018\/02\/Living-Libations-Organic-Logo-800x89.png 800w, https:\/\/dutchhealthstore.com\/wp-content\/uploads\/2018\/02\/Living-Libations-Organic-Logo-510x57.png 510w, https:\/\/dutchhealthstore.com\/wp-content\/uploads\/2018\/02\/Living-Libations-Organic-Logo-768x85.png 768w, https:\/\/dutchhealthstore.com\/wp-content\/uploads\/2018\/02\/Living-Libations-Organic-Logo.png 1400w\" sizes=\"(max-width: 800px) 100vw, 800px\" \/><\/p>\n<p>&nbsp;<\/p>\n","protected":false},"excerpt":{"rendered":"<p>Nourrissez le design divin de vos dents avec une poudre dentaire qui les fait briller et les rend plus blanches.<br \/>\nCette poudre dentaire min\u00e9ralisante fait briller vos dents jusqu&rsquo;\u00e0 l&rsquo;\u00e9tat neuf. Alcalinisez et faites briller vos blancs nacr\u00e9s avec un polissage dentaire issu de la nature.<\/p>\n<p>Living Libations <strong>Mint Condition Mineral Tooth Powder <\/strong>est un \u00e9lixir exfoliant doux qui polit les dents et harmonise l&rsquo;\u00e9cologie buccale optimale. Certains produits de blanchiment utilisent des agents de blanchiment agressifs, alors que cet agent de blanchiment v\u00e9g\u00e9tal doux nourrit les dents avec des min\u00e9raux biodisponibles.<\/p>\n<p><strong>Mint Condition Mineral Tooth Powder <\/strong>vous permet de briller dans la lumi\u00e8re de votre sourire le plus blanc.<\/p>\n","protected":false},"featured_media":91624,"comment_status":"open","ping_status":"closed","template":"","meta":[],"product_brand":[],"product_cat":[2186,1037,2185,1211,1209,1030,1010],"product_tag":[4456,21811,21812,21642],"class_list":{"0":"post-104560","1":"product","2":"type-product","3":"status-publish","4":"has-post-thumbnail","6":"product_cat-dentifrices","7":"product_cat-hygiene-dentaire","8":"product_cat-hygiene-dentaire-fr","9":"product_cat-living-libations-france","10":"product_cat-par-marques","11":"product_cat-par-produits","12":"product_cat-notre-boutique","13":"product_tag-dental-care-fr","14":"product_tag-natural-fr","15":"product_tag-rafraichissant","16":"product_tag-toothpaste-fr","17":"pa_brand-livinglibations-fr","18":"pa_dental-care-product-type-toothpaste-fr","19":"pa_gtin-7439657274251-fr-2","20":"pa_size-30-ml-fr","21":"pa_size-50-ml-fr","23":"first","24":"instock","25":"taxable","26":"shipping-taxable","27":"purchasable","28":"product-type-variable"},"bundled_by":[],"bundle_stock_status":"instock","bundle_stock_quantity":null,"bundle_virtual":false,"bundle_layout":"","bundle_add_to_cart_form_location":"","bundle_editable_in_cart":false,"bundle_sold_individually_context":"","bundle_item_grouping":"","bundle_min_size":"","bundle_max_size":"","bundle_price":[],"bundled_items":[],"bundle_sell_ids":[103713],"atum_controlled":true,"out_stock_date":null,"out_stock_threshold":null,"inheritable":true,"stock_on_hold":1,"sold_today":0,"sales_last_days":0,"out_stock_days":0,"lost_sales":0,"update_date":"2026-04-19T00:05:40","atum_locations":[],"atum_stock_status":"instock","restock_status":false,"low_stock_amount":"","sales_update_date":"2026-04-19T00:05:40","calc_backorders":null,"group_of_quantity":0,"min_quantity":0,"max_quantity":"","exclude_order_quantity_value_rules":"no","exclude_category_quantity_rules":"no","combine_variations":"no","yoast_head":"<!-- This site is optimized with the Yoast SEO Premium plugin v26.5 (Yoast SEO v26.5) - https:\/\/yoast.com\/wordpress\/plugins\/seo\/ -->\n<title>Mint Condition Mineral Tooth Powder Brightening + Whitening | Living Libations<\/title>\n<meta name=\"description\" content=\"Living Libations Mint Condition Mineral Tooth Powder est un \u00e9lixir exfoliant doux qui polit les dents et harmonise l&#039;\u00e9cologie buccale optimale.\" \/>\n<meta name=\"robots\" content=\"index, follow, max-snippet:-1, max-image-preview:large, max-video-preview:-1\" \/>\n<link rel=\"canonical\" href=\"https:\/\/dutchhealthstore.com\/fr\/product\/mint-condition-mineral-tooth-powder-brightening-whitening\/\" \/>\n<meta property=\"og:locale\" content=\"fr_FR\" \/>\n<meta property=\"og:type\" content=\"article\" \/>\n<meta property=\"og:title\" content=\"Mint Condition Mineral Tooth Powder - Dutch Health Store\" \/>\n<meta property=\"og:description\" content=\"Living Libations Mint Condition Mineral Tooth Powder est un \u00e9lixir exfoliant doux qui polit les dents et harmonise l&#039;\u00e9cologie buccale optimale.\" \/>\n<meta property=\"og:url\" content=\"https:\/\/dutchhealthstore.com\/fr\/product\/mint-condition-mineral-tooth-powder-brightening-whitening\/\" \/>\n<meta property=\"og:site_name\" content=\"Dutch Health Store\" \/>\n<meta property=\"article:publisher\" content=\"https:\/\/www.instagram.com\/dutchhealthstore\/\" \/>\n<meta property=\"article:modified_time\" content=\"2026-03-24T08:34:31+00:00\" \/>\n<meta property=\"og:image\" content=\"https:\/\/dutchhealthstore.com\/wp-content\/uploads\/2020\/01\/Living-Libations-Mint-Condition-Mineral-Tooth-Powder-Brightening-Whitening-3-e1597921728816.jpg\" \/>\n\t<meta property=\"og:image:width\" content=\"500\" \/>\n\t<meta property=\"og:image:height\" content=\"500\" \/>\n\t<meta property=\"og:image:type\" content=\"image\/jpeg\" \/>\n<meta name=\"twitter:card\" content=\"summary_large_image\" \/>\n<meta name=\"twitter:label1\" content=\"Disponibilit\u00e9\" \/>\n\t<meta name=\"twitter:data1\" content=\"En stock\" \/>\n<script type=\"application\/ld+json\" class=\"yoast-schema-graph\">{\"@context\":\"https:\/\/schema.org\",\"@graph\":[{\"@type\":\"WebPage\",\"@id\":\"https:\/\/dutchhealthstore.com\/fr\/product\/mint-condition-mineral-tooth-powder-brightening-whitening\/\",\"url\":\"https:\/\/dutchhealthstore.com\/fr\/product\/mint-condition-mineral-tooth-powder-brightening-whitening\/\",\"name\":\"Mint Condition Mineral Tooth Powder Brightening + Whitening | Living Libations\",\"isPartOf\":{\"@id\":\"https:\/\/dutchhealthstore.com\/fr\/#website\"},\"primaryImageOfPage\":{\"@id\":\"https:\/\/dutchhealthstore.com\/fr\/product\/mint-condition-mineral-tooth-powder-brightening-whitening\/#primaryimage\"},\"image\":{\"@id\":\"https:\/\/dutchhealthstore.com\/fr\/product\/mint-condition-mineral-tooth-powder-brightening-whitening\/#primaryimage\"},\"thumbnailUrl\":\"https:\/\/dutchhealthstore.com\/wp-content\/uploads\/2020\/01\/Living-Libations-Mint-Condition-Mineral-Tooth-Powder-Brightening-Whitening1.jpg\",\"datePublished\":\"2020-01-30T10:03:46+00:00\",\"dateModified\":\"2026-03-24T08:34:31+00:00\",\"description\":\"Living Libations Mint Condition Mineral Tooth Powder est un \u00e9lixir exfoliant doux qui polit les dents et harmonise l'\u00e9cologie buccale optimale.\",\"breadcrumb\":{\"@id\":\"https:\/\/dutchhealthstore.com\/fr\/product\/mint-condition-mineral-tooth-powder-brightening-whitening\/#breadcrumb\"},\"inLanguage\":\"fr-FR\",\"potentialAction\":[{\"@type\":\"ReadAction\",\"target\":[\"https:\/\/dutchhealthstore.com\/fr\/product\/mint-condition-mineral-tooth-powder-brightening-whitening\/\"]}]},{\"@type\":\"ImageObject\",\"inLanguage\":\"fr-FR\",\"@id\":\"https:\/\/dutchhealthstore.com\/fr\/product\/mint-condition-mineral-tooth-powder-brightening-whitening\/#primaryimage\",\"url\":\"https:\/\/dutchhealthstore.com\/wp-content\/uploads\/2020\/01\/Living-Libations-Mint-Condition-Mineral-Tooth-Powder-Brightening-Whitening1.jpg\",\"contentUrl\":\"https:\/\/dutchhealthstore.com\/wp-content\/uploads\/2020\/01\/Living-Libations-Mint-Condition-Mineral-Tooth-Powder-Brightening-Whitening1.jpg\",\"width\":1200,\"height\":1200,\"caption\":\"Living Libations - Mint Condition Mineral Tooth Powder Brightening + Whitening1\"},{\"@type\":\"BreadcrumbList\",\"@id\":\"https:\/\/dutchhealthstore.com\/fr\/product\/mint-condition-mineral-tooth-powder-brightening-whitening\/#breadcrumb\",\"itemListElement\":[{\"@type\":\"ListItem\",\"position\":1,\"name\":\"Home\",\"item\":\"https:\/\/dutchhealthstore.com\/fr\/\"},{\"@type\":\"ListItem\",\"position\":2,\"name\":\"Shop\",\"item\":\"https:\/\/dutchhealthstore.com\/fr\/shop\/\"},{\"@type\":\"ListItem\",\"position\":3,\"name\":\"Mint Condition Mineral Tooth Powder\"}]},{\"@type\":\"WebSite\",\"@id\":\"https:\/\/dutchhealthstore.com\/fr\/#website\",\"url\":\"https:\/\/dutchhealthstore.com\/fr\/\",\"name\":\"Dutch Health Store\",\"description\":\"Enhance Your Beauty with Organic &amp; Natural Skincare\",\"publisher\":{\"@id\":\"https:\/\/dutchhealthstore.com\/fr\/#organization\"},\"potentialAction\":[{\"@type\":\"SearchAction\",\"target\":{\"@type\":\"EntryPoint\",\"urlTemplate\":\"https:\/\/dutchhealthstore.com\/fr\/?s={search_term_string}\"},\"query-input\":{\"@type\":\"PropertyValueSpecification\",\"valueRequired\":true,\"valueName\":\"search_term_string\"}}],\"inLanguage\":\"fr-FR\"},{\"@type\":\"Organization\",\"@id\":\"https:\/\/dutchhealthstore.com\/fr\/#organization\",\"name\":\"Dutch Health Store\",\"url\":\"https:\/\/dutchhealthstore.com\/fr\/\",\"logo\":{\"@type\":\"ImageObject\",\"inLanguage\":\"fr-FR\",\"@id\":\"https:\/\/dutchhealthstore.com\/fr\/#\/schema\/logo\/image\/\",\"url\":\"https:\/\/dutchhealthstore.com\/wp-content\/uploads\/2020\/08\/logo-dutchhealthstore-jpg-e1599484957574.jpg\",\"contentUrl\":\"https:\/\/dutchhealthstore.com\/wp-content\/uploads\/2020\/08\/logo-dutchhealthstore-jpg-e1599484957574.jpg\",\"width\":400,\"height\":62,\"caption\":\"Dutch Health Store\"},\"image\":{\"@id\":\"https:\/\/dutchhealthstore.com\/fr\/#\/schema\/logo\/image\/\"},\"sameAs\":[\"https:\/\/www.instagram.com\/dutchhealthstore\/\",\"https:\/\/www.facebook.com\/dutchhealthstore\"]}]}<\/script>\n<meta property=\"product:brand\" content=\"Living Libations\" \/>\n<meta property=\"og:availability\" content=\"instock\" \/>\n<meta property=\"product:availability\" content=\"instock\" \/>\n<meta property=\"product:condition\" content=\"new\" \/>\n<!-- \/ Yoast SEO Premium plugin. -->","yoast_head_json":{"title":"Mint Condition Mineral Tooth Powder Brightening + Whitening | Living Libations","description":"Living Libations Mint Condition Mineral Tooth Powder est un \u00e9lixir exfoliant doux qui polit les dents et harmonise l'\u00e9cologie buccale optimale.","robots":{"index":"index","follow":"follow","max-snippet":"max-snippet:-1","max-image-preview":"max-image-preview:large","max-video-preview":"max-video-preview:-1"},"canonical":"https:\/\/dutchhealthstore.com\/fr\/product\/mint-condition-mineral-tooth-powder-brightening-whitening\/","og_locale":"fr_FR","og_type":"article","og_title":"Mint Condition Mineral Tooth Powder - Dutch Health Store","og_description":"Living Libations Mint Condition Mineral Tooth Powder est un \u00e9lixir exfoliant doux qui polit les dents et harmonise l'\u00e9cologie buccale optimale.","og_url":"https:\/\/dutchhealthstore.com\/fr\/product\/mint-condition-mineral-tooth-powder-brightening-whitening\/","og_site_name":"Dutch Health Store","article_publisher":"https:\/\/www.instagram.com\/dutchhealthstore\/","article_modified_time":"2026-03-24T08:34:31+00:00","og_image":[{"width":500,"height":500,"url":"https:\/\/dutchhealthstore.com\/wp-content\/uploads\/2020\/01\/Living-Libations-Mint-Condition-Mineral-Tooth-Powder-Brightening-Whitening-3-e1597921728816.jpg","type":"image\/jpeg"}],"twitter_card":"summary_large_image","twitter_misc":{"Disponibilit\u00e9":"En stock"},"schema":{"@context":"https:\/\/schema.org","@graph":[{"@type":"WebPage","@id":"https:\/\/dutchhealthstore.com\/fr\/product\/mint-condition-mineral-tooth-powder-brightening-whitening\/","url":"https:\/\/dutchhealthstore.com\/fr\/product\/mint-condition-mineral-tooth-powder-brightening-whitening\/","name":"Mint Condition Mineral Tooth Powder Brightening + Whitening | Living Libations","isPartOf":{"@id":"https:\/\/dutchhealthstore.com\/fr\/#website"},"primaryImageOfPage":{"@id":"https:\/\/dutchhealthstore.com\/fr\/product\/mint-condition-mineral-tooth-powder-brightening-whitening\/#primaryimage"},"image":{"@id":"https:\/\/dutchhealthstore.com\/fr\/product\/mint-condition-mineral-tooth-powder-brightening-whitening\/#primaryimage"},"thumbnailUrl":"https:\/\/dutchhealthstore.com\/wp-content\/uploads\/2020\/01\/Living-Libations-Mint-Condition-Mineral-Tooth-Powder-Brightening-Whitening1.jpg","datePublished":"2020-01-30T10:03:46+00:00","dateModified":"2026-03-24T08:34:31+00:00","description":"Living Libations Mint Condition Mineral Tooth Powder est un \u00e9lixir exfoliant doux qui polit les dents et harmonise l'\u00e9cologie buccale optimale.","breadcrumb":{"@id":"https:\/\/dutchhealthstore.com\/fr\/product\/mint-condition-mineral-tooth-powder-brightening-whitening\/#breadcrumb"},"inLanguage":"fr-FR","potentialAction":[{"@type":"ReadAction","target":["https:\/\/dutchhealthstore.com\/fr\/product\/mint-condition-mineral-tooth-powder-brightening-whitening\/"]}]},{"@type":"ImageObject","inLanguage":"fr-FR","@id":"https:\/\/dutchhealthstore.com\/fr\/product\/mint-condition-mineral-tooth-powder-brightening-whitening\/#primaryimage","url":"https:\/\/dutchhealthstore.com\/wp-content\/uploads\/2020\/01\/Living-Libations-Mint-Condition-Mineral-Tooth-Powder-Brightening-Whitening1.jpg","contentUrl":"https:\/\/dutchhealthstore.com\/wp-content\/uploads\/2020\/01\/Living-Libations-Mint-Condition-Mineral-Tooth-Powder-Brightening-Whitening1.jpg","width":1200,"height":1200,"caption":"Living Libations - Mint Condition Mineral Tooth Powder Brightening + Whitening1"},{"@type":"BreadcrumbList","@id":"https:\/\/dutchhealthstore.com\/fr\/product\/mint-condition-mineral-tooth-powder-brightening-whitening\/#breadcrumb","itemListElement":[{"@type":"ListItem","position":1,"name":"Home","item":"https:\/\/dutchhealthstore.com\/fr\/"},{"@type":"ListItem","position":2,"name":"Shop","item":"https:\/\/dutchhealthstore.com\/fr\/shop\/"},{"@type":"ListItem","position":3,"name":"Mint Condition Mineral Tooth Powder"}]},{"@type":"WebSite","@id":"https:\/\/dutchhealthstore.com\/fr\/#website","url":"https:\/\/dutchhealthstore.com\/fr\/","name":"Dutch Health Store","description":"Enhance Your Beauty with Organic &amp; Natural Skincare","publisher":{"@id":"https:\/\/dutchhealthstore.com\/fr\/#organization"},"potentialAction":[{"@type":"SearchAction","target":{"@type":"EntryPoint","urlTemplate":"https:\/\/dutchhealthstore.com\/fr\/?s={search_term_string}"},"query-input":{"@type":"PropertyValueSpecification","valueRequired":true,"valueName":"search_term_string"}}],"inLanguage":"fr-FR"},{"@type":"Organization","@id":"https:\/\/dutchhealthstore.com\/fr\/#organization","name":"Dutch Health Store","url":"https:\/\/dutchhealthstore.com\/fr\/","logo":{"@type":"ImageObject","inLanguage":"fr-FR","@id":"https:\/\/dutchhealthstore.com\/fr\/#\/schema\/logo\/image\/","url":"https:\/\/dutchhealthstore.com\/wp-content\/uploads\/2020\/08\/logo-dutchhealthstore-jpg-e1599484957574.jpg","contentUrl":"https:\/\/dutchhealthstore.com\/wp-content\/uploads\/2020\/08\/logo-dutchhealthstore-jpg-e1599484957574.jpg","width":400,"height":62,"caption":"Dutch Health Store"},"image":{"@id":"https:\/\/dutchhealthstore.com\/fr\/#\/schema\/logo\/image\/"},"sameAs":["https:\/\/www.instagram.com\/dutchhealthstore\/","https:\/\/www.facebook.com\/dutchhealthstore"]}]},"product_brand":"Living Libations","og_availability":"instock","product_availability":"instock","product_condition":"new"},"_links":{"self":[{"href":"https:\/\/dutchhealthstore.com\/fr\/wp-json\/wp\/v2\/product\/104560","targetHints":{"allow":["GET"]}}],"collection":[{"href":"https:\/\/dutchhealthstore.com\/fr\/wp-json\/wp\/v2\/product"}],"about":[{"href":"https:\/\/dutchhealthstore.com\/fr\/wp-json\/wp\/v2\/types\/product"}],"replies":[{"embeddable":true,"href":"https:\/\/dutchhealthstore.com\/fr\/wp-json\/wp\/v2\/comments?post=104560"}],"wp:featuredmedia":[{"embeddable":true,"href":"https:\/\/dutchhealthstore.com\/fr\/wp-json\/wp\/v2\/media\/91624"}],"wp:attachment":[{"href":"https:\/\/dutchhealthstore.com\/fr\/wp-json\/wp\/v2\/media?parent=104560"}],"wp:term":[{"taxonomy":"product_brand","embeddable":true,"href":"https:\/\/dutchhealthstore.com\/fr\/wp-json\/wp\/v2\/product_brand?post=104560"},{"taxonomy":"product_cat","embeddable":true,"href":"https:\/\/dutchhealthstore.com\/fr\/wp-json\/wp\/v2\/product_cat?post=104560"},{"taxonomy":"product_tag","embeddable":true,"href":"https:\/\/dutchhealthstore.com\/fr\/wp-json\/wp\/v2\/product_tag?post=104560"}],"curies":[{"name":"wp","href":"https:\/\/api.w.org\/{rel}","templated":true}]}}