{"id":104297,"date":"2018-02-10T16:04:00","date_gmt":"2018-02-10T15:04:00","guid":{"rendered":"https:\/\/dutchhealthstore.com\/product\/holistic-dental-care\/"},"modified":"2025-10-28T10:53:03","modified_gmt":"2025-10-28T09:53:03","slug":"holistic-dental-care","status":"publish","type":"product","link":"https:\/\/dutchhealthstore.com\/fr\/product\/holistic-dental-care\/","title":{"rendered":"Holistic Dental Care, The Complete Guide To Healthy Teeth And Gums"},"content":{"rendered":"<p><img decoding=\"async\" class=\"alignright wp-image-56011\" src=\"https:\/\/dutchhealthstore.com\/wp-content\/uploads\/2019\/04\/logo.png\" alt=\"Living libations logo\" width=\"200\" height=\"59\"><\/p>\n<p>En emmenant les lecteurs \u00e0 la d\u00e9couverte de l&rsquo;\u00e9cologie de la bouche, l&rsquo;experte en sant\u00e9 dentaire et auteur Nadine Artemis d\u00e9crit la physiologie des dents et les sources de bact\u00e9ries et de caries. R\u00e9v\u00e9lant la v\u00e9rit\u00e9 sur les produits chimiques artificiels contenus dans de nombreux dentifriceet bains de bouche, Artemis aborde \u00e9galement les effets nocifs des obturations au mercure et les options d&rsquo;obturation en c\u00e9ramique, beaucoup plus s\u00fbres, qui sont disponibles. Abordant des sujets tels qu&rsquo;une alimentation saine, les soins bucco-dentaires pour les enfants et les avantages des substances botaniques et des extraits de plantes pour le maintien de la sant\u00e9 bucco-dentaire, Artemis pr\u00e9sente un protocole complet d&rsquo;auto-dentisterie en huit \u00e9tapes qui offre un moyen efficace de pr\u00e9venir les caries, les maladies, la salive acide, l&rsquo;accumulation de plaque, le saignement des gencives, l&rsquo;inflammation et bien plus encore.<\/p>\n<p><strong>\u00c9loge des Holistic Dental Care<\/strong><\/p>\n<p style=\"text-align: center;\"><em>\u00ab\u00a0Le livre bien \u00e9quilibr\u00e9 et bien document\u00e9 de Nadine Artemis encourage de mani\u00e8re cr\u00e9dible les lecteurs \u00e0 prendre en main leur propre sant\u00e9 dentaire. Beaucoup d&rsquo;informations \u00e0 assimiler dans ce recueil dentaire stimulant\u00a0\u00bb.<\/em><br \/>\n~ Kirkus Reviews<\/p>\n<p style=\"text-align: center;\"><em>\u00ab\u00a0Atteindre une sant\u00e9 bucco-dentaire optimale ne peut se faire exclusivement au cabinet dentaire; l&rsquo;hygi\u00e8ne bucco-dentaire et la nutrition sont des \u00e9l\u00e9ments cl\u00e9s pour pr\u00e9venir les gros travaux dentaires et les cons\u00e9quences qu&rsquo;ils peuvent avoir sur le corps. J&rsquo;ai aid\u00e9 des personnes \u00e0 un niveau professionnel pendant trente ans et il est clair que nous devons donner aux gens des outils pour s&rsquo;aider eux-m\u00eames \u00e0 la maison, pour leurs soins quotidiens. Ce livre aide la profession dentaire et rend les soins dentaires plus accessibles.\u00a0\u00bb<\/em><br \/>\n~ Lina Garcia, <strong>DDS, DMD<\/strong><\/p>\n<p style=\"text-align: center;\"><em>\u00ab\u00a0Nadine Artemis apporte une grande clart\u00e9 et une grande perspicacit\u00e9 au lien entre la bouche et le corps. Les soins dentaires holistiques sont remplis de perles de sagesse qui font la diff\u00e9rence.\u00a0\u00bb<\/em><br \/>\n~ Stuart M. Nunnally, <strong>DDS<\/strong><\/p>\n<p>De temps en temps, il arrive un livre agr\u00e9able \u00e0 lire et qui peut faire la diff\u00e9rence. C&rsquo;est un tel livre.<br \/>\nEn tant que dentiste holistique exer\u00e7ant depuis plus de 25 ans, je pensais avoir lu ou vu \u00e0 peu pr\u00e8s tout ce qui avait \u00e9t\u00e9 \u00e9crit sur la dentisterie. J&rsquo;ai \u00e9t\u00e9 tr\u00e8s heureux lorsque Nadine m&rsquo;a demand\u00e9 d&rsquo;\u00e9crire une pr\u00e9face pour son livre. Connaissant ses produits, j&rsquo;ai pens\u00e9 que cela pouvait \u00eatre une bonne chose. Comme je suis un peu fatigu\u00e9 de lire des livres sur les dents, j&rsquo;ai repouss\u00e9 ce projet de quelques semaines. Finalement, un jour de pluie, je l&rsquo;ai ramass\u00e9.<\/p>\n<p>Quelle surprise !!!<br \/>\nJe me suis retrouv\u00e9 transport\u00e9 dans un tour de la bouche comme cela n&rsquo;\u00e9tait pas arriv\u00e9 depuis longtemps&#8230; c&rsquo;\u00e9tait g\u00e9nial! J&rsquo;avais l&rsquo;impression d&rsquo;\u00eatre sur un petit bateau naviguant dans la cavit\u00e9 buccale pour le tour de ma vie. L&rsquo;\u00e9criture et la pr\u00e9cision de son travail vous feront appr\u00e9cier d&rsquo;autant plus votre bouche.<\/p>\n<p style=\"text-align: center;\"><em>La discussion des m\u00e9ridiens impliquant les dents est un fait important que la plupart des livres ne mentionnent pas, pourtant c&rsquo;est tr\u00e8s important car le fait de le savoir peut vous aider \u00e0 r\u00e9soudre de nombreux probl\u00e8mes dans le reste de votre syst\u00e8me. Par exemple, vous allez chez le dentiste avec une douleur \u00e0 la premi\u00e8re molaire inf\u00e9rieure; apr\u00e8s un examen, votre dentiste pourrait vous dire que la dent n&rsquo;a rien d&rsquo;anormal. Vous saurez qu&rsquo;il s&rsquo;agit d&rsquo;un probl\u00e8me digestif et qu&rsquo;une fois celui-ci corrig\u00e9, la douleur dentaire dispara\u00eetra. Vous apprendrez que la bouche est un \u00e9cosyst\u00e8me qui fait partie du syst\u00e8me plus vaste du corps. Ses connaissances en mati\u00e8re de m\u00e9thodes de gu\u00e9rison sont vraiment inspirantes. Il existe de nombreux moyens naturel de garder votre bouche en bonne sant\u00e9, ce qui se r\u00e9percute \u00e9galement sur votre sant\u00e9 g\u00e9n\u00e9rale. Les techniques et les mat\u00e9riaux dont Nadine parle sont les meilleurs pour assurer la sant\u00e9 de votre bouche. Ses commentaires sur la r\u00e9g\u00e9n\u00e9ration sont parmi les meilleurs que j&rsquo;ai vus.<\/em><br \/>\n<em>Il y a un probl\u00e8me avec le livre. En suivant le conseil de Nadine, je n&rsquo;aurai pas l&rsquo;occasion de faire beaucoup de th\u00e9rapie r\u00e9paratrice pour votre bouche puisque vous n&rsquo;en aurez pas besoin.<\/em><br \/>\n<em>Votre sant\u00e9<\/em><br \/>\n&#8211;<em>Victor<\/em>Zeines <strong>DDS, MS, FAGD<\/strong><\/p>\n<p><strong>Livre de poche:<\/strong> 152 pages<br \/>\n<strong>\u00c9diteur:<\/strong> North Atlantic Books; 1 \u00e9dition (8 octobre 2013).<br \/>\n<strong>Langue:<\/strong> Anglais<br \/>\n<strong>ISBN-10:<\/strong> 1583947205<br \/>\n<strong>ISBN-13:<\/strong> 978-1583947203<br \/>\n<strong>Dimensions du produit:<\/strong> 6 x 0.4 x 9 pouces<br \/>\n<strong>Poids d&rsquo;exp\u00e9dition:<\/strong> 10,4 onces<\/p>\n<p>&nbsp;<\/p>\n<p><img fetchpriority=\"high\" decoding=\"async\" class=\"size-full wp-image-68099 aligncenter\" src=\"https:\/\/dutchhealthstore.com\/wp-content\/uploads\/2018\/02\/Logo-Living-Libations-New-2019.png\" alt=\"Logo Living Libations New 2019\" width=\"905\" height=\"100\" srcset=\"https:\/\/dutchhealthstore.com\/wp-content\/uploads\/2018\/02\/Logo-Living-Libations-New-2019.png 905w, https:\/\/dutchhealthstore.com\/wp-content\/uploads\/2018\/02\/Logo-Living-Libations-New-2019-510x56.png 510w, https:\/\/dutchhealthstore.com\/wp-content\/uploads\/2018\/02\/Logo-Living-Libations-New-2019-800x88.png 800w, https:\/\/dutchhealthstore.com\/wp-content\/uploads\/2018\/02\/Logo-Living-Libations-New-2019-768x85.png 768w\" sizes=\"(max-width: 905px) 100vw, 905px\" \/><\/p>\n","protected":false},"excerpt":{"rendered":"<p>Guide complet des soins bucco-dentaires naturel \u00e0 faire soi-m\u00eame, <strong>Holistic Dental Care<\/strong> pr\u00e9sente des mesures dentaires simples, \u00e0 faire chez soi, que chacun peut prendre. Agr\u00e9ment\u00e9 de cinquante-trois photos et illustrations en couleurs, ce livre propose des strat\u00e9gies et des pratiques d&rsquo;autosoins dentaires qui vont au c\u0153ur des probl\u00e8mes de notre bouche &#8211; en emp\u00eachant les probl\u00e8mes de s&rsquo;enraciner et en r\u00e9tablissant la sant\u00e9 dentaire en douceur. Fond\u00e9s sur une \u00ab\u00a0approche globale\u00a0\u00bb des soins bucco-dentaires, les soins dentaires holistiques s&rsquo;attaquent aux limites de l&rsquo;approche traditionnelle qui ne traite que les sympt\u00f4mes et non la source des d\u00e9s\u00e9quilibres corporels.<\/p>\n","protected":false},"featured_media":72277,"comment_status":"open","ping_status":"closed","template":"","meta":[],"product_brand":[],"product_cat":[3784,1134,2185,1037,1211,1209,1030,1010,1033],"product_tag":[4456],"class_list":{"0":"post-104297","1":"product","2":"type-product","3":"status-publish","4":"has-post-thumbnail","6":"product_cat-accessoires-fr","7":"product_cat-accessoires-visage","8":"product_cat-hygiene-dentaire-fr","9":"product_cat-hygiene-dentaire","10":"product_cat-living-libations-france","11":"product_cat-par-marques","12":"product_cat-par-produits","13":"product_cat-notre-boutique","14":"product_cat-body-care-fr","15":"product_tag-dental-care-fr","16":"pa_brand-livinglibations-fr","17":"pa_dental-care-product-type-other-tools-fr","18":"pa_gtin-7439657343353-fr","19":"pa_health-productype-optimum-health-fr","21":"first","22":"instock","23":"taxable","24":"shipping-taxable","25":"purchasable","26":"product-type-simple"},"bundled_by":[],"bundle_stock_status":"instock","bundle_stock_quantity":2,"bundle_virtual":false,"bundle_layout":"","bundle_add_to_cart_form_location":"","bundle_editable_in_cart":false,"bundle_sold_individually_context":"","bundle_item_grouping":"","bundle_min_size":"","bundle_max_size":"","bundle_price":[],"bundled_items":[],"bundle_sell_ids":[],"atum_controlled":true,"out_stock_date":null,"out_stock_threshold":null,"inheritable":false,"stock_on_hold":0,"sold_today":0,"sales_last_days":0,"out_stock_days":0,"lost_sales":0,"update_date":"2026-04-09T11:43:13","atum_locations":[],"atum_stock_status":"instock","restock_status":false,"low_stock_amount":0,"sales_update_date":"2026-04-09T11:43:13","calc_backorders":null,"group_of_quantity":0,"min_quantity":0,"max_quantity":"","exclude_order_quantity_value_rules":"no","exclude_category_quantity_rules":"no","combine_variations":"no","yoast_head":"<!-- This site is optimized with the Yoast SEO Premium plugin v26.5 (Yoast SEO v26.5) - https:\/\/yoast.com\/wordpress\/plugins\/seo\/ -->\n<title>Holistic Dental Care, The Complete Guide To Healthy Teeth And Gums<\/title>\n<meta name=\"description\" content=\"Guide complet des soins bucco-dentaires naturel \u00e0 faire soi-m\u00eame, Holistic Dental Care pr\u00e9sente des mesures dentaires simples, \u00e0 faire chez soi, que chacun peut prendre.\" \/>\n<meta name=\"robots\" content=\"index, follow, max-snippet:-1, max-image-preview:large, max-video-preview:-1\" \/>\n<link rel=\"canonical\" href=\"https:\/\/dutchhealthstore.com\/fr\/product\/holistic-dental-care\/\" \/>\n<meta property=\"og:locale\" content=\"fr_FR\" \/>\n<meta property=\"og:type\" content=\"article\" \/>\n<meta property=\"og:title\" content=\"Holistic Dental Care, The Complete Guide To Healthy Teeth And Gums - Dutch Health Store\" \/>\n<meta property=\"og:description\" content=\"Guide complet des soins bucco-dentaires naturel \u00e0 faire soi-m\u00eame, Holistic Dental Care pr\u00e9sente des mesures dentaires simples, \u00e0 faire chez soi, que chacun peut prendre.\" \/>\n<meta property=\"og:url\" content=\"https:\/\/dutchhealthstore.com\/fr\/product\/holistic-dental-care\/\" \/>\n<meta property=\"og:site_name\" content=\"Dutch Health Store\" \/>\n<meta property=\"article:publisher\" content=\"https:\/\/www.instagram.com\/dutchhealthstore\/\" \/>\n<meta property=\"article:modified_time\" content=\"2025-10-28T09:53:03+00:00\" \/>\n<meta property=\"og:image\" content=\"https:\/\/dutchhealthstore.com\/wp-content\/uploads\/2018\/02\/Holistic-Dental-Care-The-Complete-Guide-To-Healthy-Teeth-And-Gums-Nadine-Artemis.jpg\" \/>\n\t<meta property=\"og:image:width\" content=\"1200\" \/>\n\t<meta property=\"og:image:height\" content=\"1200\" \/>\n\t<meta property=\"og:image:type\" content=\"image\/jpeg\" \/>\n<meta name=\"twitter:card\" content=\"summary_large_image\" \/>\n<meta name=\"twitter:label1\" content=\"Prix\" \/>\n\t<meta name=\"twitter:data1\" content=\"&euro;20,00\" \/>\n\t<meta name=\"twitter:label2\" content=\"Disponibilit\u00e9\" \/>\n\t<meta name=\"twitter:data2\" content=\"En stock\" \/>\n<script type=\"application\/ld+json\" class=\"yoast-schema-graph\">{\"@context\":\"https:\/\/schema.org\",\"@graph\":[{\"@type\":\"WebPage\",\"@id\":\"https:\/\/dutchhealthstore.com\/fr\/product\/holistic-dental-care\/\",\"url\":\"https:\/\/dutchhealthstore.com\/fr\/product\/holistic-dental-care\/\",\"name\":\"Holistic Dental Care, The Complete Guide To Healthy Teeth And Gums\",\"isPartOf\":{\"@id\":\"https:\/\/dutchhealthstore.com\/fr\/#website\"},\"primaryImageOfPage\":{\"@id\":\"https:\/\/dutchhealthstore.com\/fr\/product\/holistic-dental-care\/#primaryimage\"},\"image\":{\"@id\":\"https:\/\/dutchhealthstore.com\/fr\/product\/holistic-dental-care\/#primaryimage\"},\"thumbnailUrl\":\"https:\/\/dutchhealthstore.com\/wp-content\/uploads\/2018\/02\/Holistic-Dental-Care-The-Complete-Guide-To-Healthy-Teeth-And-Gums-Nadine-Artemis.jpg\",\"datePublished\":\"2018-02-10T15:04:00+00:00\",\"dateModified\":\"2025-10-28T09:53:03+00:00\",\"description\":\"Guide complet des soins bucco-dentaires naturel \u00e0 faire soi-m\u00eame, Holistic Dental Care pr\u00e9sente des mesures dentaires simples, \u00e0 faire chez soi, que chacun peut prendre.\",\"breadcrumb\":{\"@id\":\"https:\/\/dutchhealthstore.com\/fr\/product\/holistic-dental-care\/#breadcrumb\"},\"inLanguage\":\"fr-FR\",\"potentialAction\":[{\"@type\":\"ReadAction\",\"target\":[\"https:\/\/dutchhealthstore.com\/fr\/product\/holistic-dental-care\/\"]}]},{\"@type\":\"ImageObject\",\"inLanguage\":\"fr-FR\",\"@id\":\"https:\/\/dutchhealthstore.com\/fr\/product\/holistic-dental-care\/#primaryimage\",\"url\":\"https:\/\/dutchhealthstore.com\/wp-content\/uploads\/2018\/02\/Holistic-Dental-Care-The-Complete-Guide-To-Healthy-Teeth-And-Gums-Nadine-Artemis.jpg\",\"contentUrl\":\"https:\/\/dutchhealthstore.com\/wp-content\/uploads\/2018\/02\/Holistic-Dental-Care-The-Complete-Guide-To-Healthy-Teeth-And-Gums-Nadine-Artemis.jpg\",\"width\":1200,\"height\":1200,\"caption\":\"Holistic Dental Care, The Complete Guide To Healthy Teeth And Gums - Nadine Artemis\"},{\"@type\":\"BreadcrumbList\",\"@id\":\"https:\/\/dutchhealthstore.com\/fr\/product\/holistic-dental-care\/#breadcrumb\",\"itemListElement\":[{\"@type\":\"ListItem\",\"position\":1,\"name\":\"Home\",\"item\":\"https:\/\/dutchhealthstore.com\/fr\/\"},{\"@type\":\"ListItem\",\"position\":2,\"name\":\"Shop\",\"item\":\"https:\/\/dutchhealthstore.com\/fr\/shop\/\"},{\"@type\":\"ListItem\",\"position\":3,\"name\":\"Holistic Dental Care, The Complete Guide To Healthy Teeth And Gums\"}]},{\"@type\":\"WebSite\",\"@id\":\"https:\/\/dutchhealthstore.com\/fr\/#website\",\"url\":\"https:\/\/dutchhealthstore.com\/fr\/\",\"name\":\"Dutch Health Store\",\"description\":\"Enhance Your Beauty with Organic &amp; Natural Skincare\",\"publisher\":{\"@id\":\"https:\/\/dutchhealthstore.com\/fr\/#organization\"},\"potentialAction\":[{\"@type\":\"SearchAction\",\"target\":{\"@type\":\"EntryPoint\",\"urlTemplate\":\"https:\/\/dutchhealthstore.com\/fr\/?s={search_term_string}\"},\"query-input\":{\"@type\":\"PropertyValueSpecification\",\"valueRequired\":true,\"valueName\":\"search_term_string\"}}],\"inLanguage\":\"fr-FR\"},{\"@type\":\"Organization\",\"@id\":\"https:\/\/dutchhealthstore.com\/fr\/#organization\",\"name\":\"Dutch Health Store\",\"url\":\"https:\/\/dutchhealthstore.com\/fr\/\",\"logo\":{\"@type\":\"ImageObject\",\"inLanguage\":\"fr-FR\",\"@id\":\"https:\/\/dutchhealthstore.com\/fr\/#\/schema\/logo\/image\/\",\"url\":\"https:\/\/dutchhealthstore.com\/wp-content\/uploads\/2020\/08\/logo-dutchhealthstore-jpg-e1599484957574.jpg\",\"contentUrl\":\"https:\/\/dutchhealthstore.com\/wp-content\/uploads\/2020\/08\/logo-dutchhealthstore-jpg-e1599484957574.jpg\",\"width\":400,\"height\":62,\"caption\":\"Dutch Health Store\"},\"image\":{\"@id\":\"https:\/\/dutchhealthstore.com\/fr\/#\/schema\/logo\/image\/\"},\"sameAs\":[\"https:\/\/www.instagram.com\/dutchhealthstore\/\",\"https:\/\/www.facebook.com\/dutchhealthstore\"]}]}<\/script>\n<meta property=\"product:brand\" content=\"Living Libations\" \/>\n<meta property=\"product:price:amount\" content=\"20.00\" \/>\n<meta property=\"product:price:currency\" content=\"EUR\" \/>\n<meta property=\"og:availability\" content=\"instock\" \/>\n<meta property=\"product:availability\" content=\"instock\" \/>\n<meta property=\"product:condition\" content=\"new\" \/>\n<!-- \/ Yoast SEO Premium plugin. -->","yoast_head_json":{"title":"Holistic Dental Care, The Complete Guide To Healthy Teeth And Gums","description":"Guide complet des soins bucco-dentaires naturel \u00e0 faire soi-m\u00eame, Holistic Dental Care pr\u00e9sente des mesures dentaires simples, \u00e0 faire chez soi, que chacun peut prendre.","robots":{"index":"index","follow":"follow","max-snippet":"max-snippet:-1","max-image-preview":"max-image-preview:large","max-video-preview":"max-video-preview:-1"},"canonical":"https:\/\/dutchhealthstore.com\/fr\/product\/holistic-dental-care\/","og_locale":"fr_FR","og_type":"article","og_title":"Holistic Dental Care, The Complete Guide To Healthy Teeth And Gums - Dutch Health Store","og_description":"Guide complet des soins bucco-dentaires naturel \u00e0 faire soi-m\u00eame, Holistic Dental Care pr\u00e9sente des mesures dentaires simples, \u00e0 faire chez soi, que chacun peut prendre.","og_url":"https:\/\/dutchhealthstore.com\/fr\/product\/holistic-dental-care\/","og_site_name":"Dutch Health Store","article_publisher":"https:\/\/www.instagram.com\/dutchhealthstore\/","article_modified_time":"2025-10-28T09:53:03+00:00","og_image":[{"width":1200,"height":1200,"url":"https:\/\/dutchhealthstore.com\/wp-content\/uploads\/2018\/02\/Holistic-Dental-Care-The-Complete-Guide-To-Healthy-Teeth-And-Gums-Nadine-Artemis.jpg","type":"image\/jpeg"}],"twitter_card":"summary_large_image","twitter_misc":{"Prix":"&euro;20,00","Disponibilit\u00e9":"En stock"},"schema":{"@context":"https:\/\/schema.org","@graph":[{"@type":"WebPage","@id":"https:\/\/dutchhealthstore.com\/fr\/product\/holistic-dental-care\/","url":"https:\/\/dutchhealthstore.com\/fr\/product\/holistic-dental-care\/","name":"Holistic Dental Care, The Complete Guide To Healthy Teeth And Gums","isPartOf":{"@id":"https:\/\/dutchhealthstore.com\/fr\/#website"},"primaryImageOfPage":{"@id":"https:\/\/dutchhealthstore.com\/fr\/product\/holistic-dental-care\/#primaryimage"},"image":{"@id":"https:\/\/dutchhealthstore.com\/fr\/product\/holistic-dental-care\/#primaryimage"},"thumbnailUrl":"https:\/\/dutchhealthstore.com\/wp-content\/uploads\/2018\/02\/Holistic-Dental-Care-The-Complete-Guide-To-Healthy-Teeth-And-Gums-Nadine-Artemis.jpg","datePublished":"2018-02-10T15:04:00+00:00","dateModified":"2025-10-28T09:53:03+00:00","description":"Guide complet des soins bucco-dentaires naturel \u00e0 faire soi-m\u00eame, Holistic Dental Care pr\u00e9sente des mesures dentaires simples, \u00e0 faire chez soi, que chacun peut prendre.","breadcrumb":{"@id":"https:\/\/dutchhealthstore.com\/fr\/product\/holistic-dental-care\/#breadcrumb"},"inLanguage":"fr-FR","potentialAction":[{"@type":"ReadAction","target":["https:\/\/dutchhealthstore.com\/fr\/product\/holistic-dental-care\/"]}]},{"@type":"ImageObject","inLanguage":"fr-FR","@id":"https:\/\/dutchhealthstore.com\/fr\/product\/holistic-dental-care\/#primaryimage","url":"https:\/\/dutchhealthstore.com\/wp-content\/uploads\/2018\/02\/Holistic-Dental-Care-The-Complete-Guide-To-Healthy-Teeth-And-Gums-Nadine-Artemis.jpg","contentUrl":"https:\/\/dutchhealthstore.com\/wp-content\/uploads\/2018\/02\/Holistic-Dental-Care-The-Complete-Guide-To-Healthy-Teeth-And-Gums-Nadine-Artemis.jpg","width":1200,"height":1200,"caption":"Holistic Dental Care, The Complete Guide To Healthy Teeth And Gums - Nadine Artemis"},{"@type":"BreadcrumbList","@id":"https:\/\/dutchhealthstore.com\/fr\/product\/holistic-dental-care\/#breadcrumb","itemListElement":[{"@type":"ListItem","position":1,"name":"Home","item":"https:\/\/dutchhealthstore.com\/fr\/"},{"@type":"ListItem","position":2,"name":"Shop","item":"https:\/\/dutchhealthstore.com\/fr\/shop\/"},{"@type":"ListItem","position":3,"name":"Holistic Dental Care, The Complete Guide To Healthy Teeth And Gums"}]},{"@type":"WebSite","@id":"https:\/\/dutchhealthstore.com\/fr\/#website","url":"https:\/\/dutchhealthstore.com\/fr\/","name":"Dutch Health Store","description":"Enhance Your Beauty with Organic &amp; Natural Skincare","publisher":{"@id":"https:\/\/dutchhealthstore.com\/fr\/#organization"},"potentialAction":[{"@type":"SearchAction","target":{"@type":"EntryPoint","urlTemplate":"https:\/\/dutchhealthstore.com\/fr\/?s={search_term_string}"},"query-input":{"@type":"PropertyValueSpecification","valueRequired":true,"valueName":"search_term_string"}}],"inLanguage":"fr-FR"},{"@type":"Organization","@id":"https:\/\/dutchhealthstore.com\/fr\/#organization","name":"Dutch Health Store","url":"https:\/\/dutchhealthstore.com\/fr\/","logo":{"@type":"ImageObject","inLanguage":"fr-FR","@id":"https:\/\/dutchhealthstore.com\/fr\/#\/schema\/logo\/image\/","url":"https:\/\/dutchhealthstore.com\/wp-content\/uploads\/2020\/08\/logo-dutchhealthstore-jpg-e1599484957574.jpg","contentUrl":"https:\/\/dutchhealthstore.com\/wp-content\/uploads\/2020\/08\/logo-dutchhealthstore-jpg-e1599484957574.jpg","width":400,"height":62,"caption":"Dutch Health Store"},"image":{"@id":"https:\/\/dutchhealthstore.com\/fr\/#\/schema\/logo\/image\/"},"sameAs":["https:\/\/www.instagram.com\/dutchhealthstore\/","https:\/\/www.facebook.com\/dutchhealthstore"]}]},"product_brand":"Living Libations","product_price_amount":"20.00","product_price_currency":"EUR","og_availability":"instock","product_availability":"instock","product_condition":"new"},"_links":{"self":[{"href":"https:\/\/dutchhealthstore.com\/fr\/wp-json\/wp\/v2\/product\/104297","targetHints":{"allow":["GET"]}}],"collection":[{"href":"https:\/\/dutchhealthstore.com\/fr\/wp-json\/wp\/v2\/product"}],"about":[{"href":"https:\/\/dutchhealthstore.com\/fr\/wp-json\/wp\/v2\/types\/product"}],"replies":[{"embeddable":true,"href":"https:\/\/dutchhealthstore.com\/fr\/wp-json\/wp\/v2\/comments?post=104297"}],"wp:featuredmedia":[{"embeddable":true,"href":"https:\/\/dutchhealthstore.com\/fr\/wp-json\/wp\/v2\/media\/72277"}],"wp:attachment":[{"href":"https:\/\/dutchhealthstore.com\/fr\/wp-json\/wp\/v2\/media?parent=104297"}],"wp:term":[{"taxonomy":"product_brand","embeddable":true,"href":"https:\/\/dutchhealthstore.com\/fr\/wp-json\/wp\/v2\/product_brand?post=104297"},{"taxonomy":"product_cat","embeddable":true,"href":"https:\/\/dutchhealthstore.com\/fr\/wp-json\/wp\/v2\/product_cat?post=104297"},{"taxonomy":"product_tag","embeddable":true,"href":"https:\/\/dutchhealthstore.com\/fr\/wp-json\/wp\/v2\/product_tag?post=104297"}],"curies":[{"name":"wp","href":"https:\/\/api.w.org\/{rel}","templated":true}]}}